{"id":41329,"date":"2025-07-06T12:45:41","date_gmt":"2025-07-06T10:45:41","guid":{"rendered":"https:\/\/spawlab.pl\/produkt\/optrel-swiss-air-mask-storage-box-4556-150\/"},"modified":"2025-07-06T12:45:41","modified_gmt":"2025-07-06T10:45:41","slug":"optrel-swiss-air-mask-storage-box-4556-150","status":"publish","type":"product","link":"https:\/\/spawlab.pl\/en\/produkt\/optrel-swiss-air-mask-storage-box-4556-150\/","title":{"rendered":"Optrel Swiss air mask storage box &#8211; 4556.150"},"content":{"rendered":"<div>\n<div style=\"background-color: #F2F8FC;border-left: 5px solid #39A9E0;padding: 20px;margin-bottom: 25px;border-radius: 4px\">\n<h3 style=\"margin: 0 0 10px 0;font-size: 18px;font-weight: 600;color: #333333\">Why choose Spawlab.pl?<\/h3>\n<p style=\"margin: 0 0 15px 0;font-size: 16px;line-height: 1.6;color: #333333\">As an authorized distributor and sales leader of Optrel in Poland, we provide more than just equipment. When you invest with us, you get assurance and full support at every stage. <\/p>\n<ul style=\"margin: 0;padding: 0\">\n<li style=\"font-size: 16px;line-height: 1.6;margin-bottom: 8px;display: flex;align-items: flex-start;color: #333333\"><span style=\"margin-right: 10px;color: #39A9E0;font-size: 20px;line-height: 1.6\">\u2714<\/span> <span><b>100% Originality Guarantee:<\/b> You get brand new equipment from official Polish distribution.<\/span><\/li>\n<li style=\"font-size: 16px;line-height: 1.6;margin-bottom: 8px;display: flex;align-items: flex-start;color: #333333\"><span style=\"margin-right: 10px;color: #39A9E0;font-size: 20px;line-height: 1.6\">\u2714<\/span> <span><b>Express Shipping:<\/b> we ship the products directly from our warehouse, no unnecessary waiting.<\/span><\/li>\n<li style=\"font-size: 16px;line-height: 1.6;margin-bottom: 8px;display: flex;align-items: flex-start;color: #333333\"><span style=\"margin-right: 10px;color: #39A9E0;font-size: 20px;line-height: 1.6\">\u2714<\/span> <span>Professional<b>Advice and Full Service:<\/b> we provide professional technical support and access to all spare parts.<\/span><\/li>\n<li style=\"font-size: 16px;line-height: 1.6;margin-bottom: 8px;display: flex;align-items: flex-start;color: #333333\"><span style=\"margin-right: 10px;color: #39A9E0;font-size: 20px;line-height: 1.6\">\u2714<\/span> <span><b>Trusted by Professionals:<\/b> Join the thousands of welders in Poland who have relied on our expertise and reliability.<\/span><\/li>\n<\/ul>\n<\/div>\n<div style=\"background-color: #fafafa;border-left: 5px solid #b8ff00;padding: 20px;margin-bottom: 25px;border-radius: 4px\">\n<h2 style=\"font-size: 24px;color: #333333;margin: 0 0 10px 0;font-weight: 600\">Optrel Storage Box &#8211; Container for swiss air respirator.<\/h2>\n<p style=\"margin: 0;font-size: 16px;line-height: 1.6;color: #333333\">The original Optrel transport and storage container, designed specifically to protect a key component of the swiss air system &#8211; the ventilated respirator. Every professional knows that the life expectancy and effectiveness of advanced personal protective equipment depends on its proper storage. This sturdy container ensures that your respirator is always protected from mechanical damage, crushing, dust and workshop debris, guaranteeing that it is fully operational and maintains the highest standards of hygiene.  <\/p>\n<\/div>\n<h3 style=\"font-size: 20px;color: #333333;border-bottom: 3px solid #b8ff00;padding-bottom: 8px;margin: 30px 0 20px 0\">Key features<\/h3>\n<div style=\"font-size: 0;text-align: center;margin: 0 -7.5px\">\n<div style=\"display: inline-block;vertical-align: top;width: 33.33%;min-width: 250px;padding: 0 7.5px;margin-bottom: 15px\">\n<div style=\"border: 1px solid #e0e0e0;border-radius: 8px;padding: 15px;background-color: #f9f9f9;text-align: center;height: 100%\">\n<div style=\"color: #b8ff00;margin: 0 auto 10px auto;font-size: 28px;line-height: 1\">?\ufe0f<\/div>\n<div style=\"font-size: 14px;font-weight: bold;color: #333333;min-height: 2.5em;display: flex;align-items: center;justify-content: center\">Protection from damage<\/div>\n<div style=\"font-size: 13px;color: #555\">Rugged construction<\/div>\n<\/div>\n<\/div>\n<div style=\"display: inline-block;vertical-align: top;width: 33.33%;min-width: 250px;padding: 0 7.5px;margin-bottom: 15px\">\n<div style=\"border: 1px solid #e0e0e0;border-radius: 8px;padding: 15px;background-color: #f9f9f9;text-align: center;height: 100%\">\n<div style=\"color: #b8ff00;margin: 0 auto 10px auto;font-size: 28px;line-height: 1\">??<\/div>\n<div style=\"font-size: 14px;font-weight: bold;color: #333333;min-height: 2.5em;display: flex;align-items: center;justify-content: center\">Perfect fit<\/div>\n<div style=\"font-size: 13px;color: #555\">Dedicated for swiss air half mask<\/div>\n<\/div>\n<\/div>\n<div style=\"display: inline-block;vertical-align: top;width: 33.33%;min-width: 250px;padding: 0 7.5px;margin-bottom: 15px\">\n<div style=\"border: 1px solid #e0e0e0;border-radius: 8px;padding: 15px;background-color: #f9f9f9;text-align: center;height: 100%\">\n<div style=\"color: #b8ff00;margin: 0 auto 10px auto;font-size: 28px;line-height: 1\">?\ufe0f<\/div>\n<div style=\"font-size: 14px;font-weight: bold;color: #333333;min-height: 2.5em;display: flex;align-items: center;justify-content: center\">Hygiene maintenance<\/div>\n<div style=\"font-size: 13px;color: #555\">Protection against contamination<\/div>\n<\/div>\n<\/div>\n<\/div>\n<h3 style=\"font-size: 20px;color: #333333;border-bottom: 3px solid #b8ff00;padding-bottom: 8px;margin: 30px 0 20px 0\">Technology Details<\/h3>\n<details style=\"background-color: #ffffff;border: 1px solid #e0e0e0;border-radius: 4px;margin-bottom: 10px;overflow: hidden\" open=\"\">\n<summary style=\"display: block;padding: 15px 20px;font-weight: bold;font-size: 16px;color: #333333;background-color: #f9f9f9;cursor: pointer;position: relative\"><span style=\"color: #b8ff00;margin-right: 10px;font-size: 20px\">?\ufe0f<\/span>Dedicated Half Mask Mechanical Protection<\/summary>\n<div style=\"padding: 20px;line-height: 1.7;font-size: 15px;background-color: #ffffff;border-top: 1px solid #e0e0e0\">\n<p style=\"margin:0;color: #333333\">The swiss air system respirator, made of advanced, flame-retardant materials, is the key interface that delivers clean air to the breathing zone. Its design, while durable, is susceptible to mechanical damage, such as being crushed in a tool bag or accidentally stepped on. A dedicated container with a rigid design has been precisely shaped to perfectly accommodate the respirator, protecting its form, seals and delicate components from deformation. This is an essential protection that extends the life of the most important component of your respiratory protection system.   <\/p>\n<\/div>\n<\/details>\n<details style=\"background-color: #ffffff;border: 1px solid #e0e0e0;border-radius: 4px;margin-bottom: 10px;overflow: hidden\">\n<summary style=\"display: block;padding: 15px 20px;font-weight: bold;font-size: 16px;color: #333333;background-color: #f9f9f9;cursor: pointer;position: relative\"><span style=\"color: #b8ff00;margin-right: 10px;font-size: 20px\">\u2699\ufe0f<\/span>? Pollution Isolation and Hygiene Maintenance<\/summary>\n<div style=\"padding: 20px;line-height: 1.7;font-size: 15px;background-color: #ffffff;border-top: 1px solid #e0e0e0\">\n<p style=\"margin:0;color: #333333\">Storing a respirator in bulk at a workstation or in a toolbox exposes it to direct contact with dust, metal filings, grease and other contaminants. These particles can settle on the inside of the respirator and then enter the respiratory tract the next time it is used, nullifying the purpose of using the PAPR system. The airtight container creates a barrier that effectively isolates the mask from the external environment, keeping it hygienically clean between uses. An investment in a container is an investment in the confidence that you are putting on clean and safe equipment every time.   <\/p>\n<\/div>\n<\/details>\n<details style=\"background-color: #ffffff;border: 1px solid #e0e0e0;border-radius: 4px;margin-bottom: 10px;overflow: hidden\">\n<summary style=\"display: block;padding: 15px 20px;font-weight: bold;font-size: 16px;color: #333333;background-color: #f9f9f9;cursor: pointer;position: relative\"><span style=\"color: #b8ff00;margin-right: 10px;font-size: 20px\">?<\/span>Work Organization and Professional Image<\/summary>\n<div style=\"padding: 20px;line-height: 1.7;font-size: 15px;background-color: #ffffff;border-top: 1px solid #e0e0e0\">\n<p style=\"margin:0;color: #333333\">The swiss air system is high-tech, and the care of the equipment shows the professionalism of the user. Having a dedicated container makes it easy to organize, transport and store the entire kit, preventing individual items from getting lost. It allows you to create a complete, organized system that is always ready to go, both in the workshop and during field work. It&#8217;s a small, but important element that increases the comfort of use and builds the image of a specialist who takes care of his work tools.   <\/p>\n<\/div>\n<\/details>\n<h3 style=\"font-size: 20px;color: #333333;border-bottom: 3px solid #b8ff00;padding-bottom: 8px;margin: 30px 0 20px 0\">What Do You Receive in the Kit?<\/h3>\n<div style=\"padding-left:0\">\n<p style=\"margin: 8px 0;font-size: 16px;display: flex;align-items: flex-start;color: #333333\"><span style=\"color: #b8ff00;margin-right: 12px;font-weight: bold;font-size: 20px;line-height: 1.5\">\u2192<\/span><span>Transport and storage container for swiss air respirator (1 pc.)<\/span><\/p>\n<\/div>\n<h3 style=\"font-size: 20px;color: #333333;border-bottom: 3px solid #b8ff00;padding-bottom: 8px;margin: 30px 0 20px 0\">Main Applications<\/h3>\n<div style=\"padding-left:0\">\n<p style=\"margin: 8px 0;font-size: 16px;display: flex;align-items: flex-start;color: #333333\"><span style=\"color: #b8ff00;margin-right: 12px;font-weight: bold;font-size: 20px;line-height: 1.5\">\u2192<\/span><span>Safe storage of the swiss air system respirator<\/span><\/p>\n<p style=\"margin: 8px 0;font-size: 16px;display: flex;align-items: flex-start;color: #333333\"><span style=\"color: #b8ff00;margin-right: 12px;font-weight: bold;font-size: 20px;line-height: 1.5\">\u2192<\/span><span>Protection of equipment during transport between workstations<\/span><\/p>\n<p style=\"margin: 8px 0;font-size: 16px;display: flex;align-items: flex-start;color: #333333\"><span style=\"color: #b8ff00;margin-right: 12px;font-weight: bold;font-size: 20px;line-height: 1.5\">\u2192<\/span><span>Maintaining hygiene and order in the workshop and in the field<\/span><\/p>\n<p style=\"margin: 8px 0;font-size: 16px;display: flex;align-items: flex-start;color: #333333\"><span style=\"color: #b8ff00;margin-right: 12px;font-weight: bold;font-size: 20px;line-height: 1.5\">\u2192<\/span><span>Protection against crushing, dust and dirt<\/span><\/p>\n<\/div>\n<div style=\"background-color: #fafafa;border-left: 5px solid #b8ff00;padding: 20px;margin-bottom: 25px;border-radius: 4px\">\n<h3 style=\"font-size: 20px;color: #333333;margin: 0 0 10px 0;font-weight: 600\">About the Optrel brand<\/h3>\n<p style=\"margin: 0;font-size: 16px;line-height: 1.6;color: #333333\">Optrel is the Swiss leader of innovation in welding protection. For decades, the brand has been synonymous with uncompromising quality, revolutionary technologies and the highest levels of safety, enjoying the trust of professionals around the world. When you choose genuine Optrel accessories, you are investing in a cohesive system where each component is designed for maximum performance and reliability, guaranteeing long-lasting, trouble-free operation.  <\/p>\n<\/div>\n<\/div>\n","protected":false},"excerpt":{"rendered":"<p>Optrel&#8217;s original heavy-duty box (4556.150) for safe storage and transportation of the swiss air respiratory protection system respirator.<\/p>\n","protected":false},"featured_media":40584,"template":"","meta":{"inline_featured_image":false},"product_brand":[1593],"product_cat":[475,474,520,522,521],"product_tag":[11653,11650,11652,11651,11656,1460,11654,10851,11655],"class_list":{"0":"post-41329","1":"product","2":"type-product","3":"status-publish","4":"has-post-thumbnail","6":"product_brand-optrel","7":"product_cat-accessories-parts","8":"product_cat-new","9":"product_cat-optrel-en","10":"product_cat-parts","11":"product_cat-welding-visors-en","12":"product_tag-4556-150-en","13":"product_tag-box","14":"product_tag-case-en","15":"product_tag-container","16":"product_tag-mask-protection","17":"product_tag-optrel-en","18":"product_tag-storage","19":"product_tag-swiss-air-en","20":"product_tag-swiss-air-accessories","22":"first","23":"onbackorder","24":"taxable","25":"shipping-taxable","26":"purchasable","27":"product-type-simple"},"yoast_head":"<!-- This site is optimized with the Yoast SEO Premium plugin v27.5 (Yoast SEO v27.6) - https:\/\/yoast.com\/product\/yoast-seo-premium-wordpress\/ -->\n<title>Optrel Swiss air mask storage box - 4556.150<\/title>\n<meta name=\"description\" content=\"Optrel&#039;s original heavy-duty box (4556.150) for safe storage and transportation of the swiss air respiratory protection system respirator.\" \/>\n<meta name=\"robots\" content=\"index, follow, max-snippet:-1, max-image-preview:large, max-video-preview:-1\" \/>\n<link rel=\"canonical\" href=\"https:\/\/spawlab.pl\/en\/produkt\/optrel-swiss-air-mask-storage-box-4556-150\/\" \/>\n<meta property=\"og:locale\" content=\"en_US\" \/>\n<meta property=\"og:type\" content=\"article\" \/>\n<meta property=\"og:title\" content=\"Optrel Swiss air mask storage box - 4556.150\" \/>\n<meta property=\"og:description\" content=\"Lider sprzeda\u017cy, Oficjalny Dystrybutor Premium i Serwis na Polsk\u0119 Migatronic, Gys, Voestalpine Bohler Welding. Nowe i u\u017cywane Spawarki, Przecinarki Plazmowe, Kompresory. Mgr in\u017c. Jaros\u0142aw Ko\u0142aski, IWE\" \/>\n<meta property=\"og:url\" content=\"https:\/\/spawlab.pl\/en\/produkt\/optrel-swiss-air-mask-storage-box-4556-150\/\" \/>\n<meta property=\"og:site_name\" content=\"SpawLab - Welding equipment and plasma cutters - store and service\" \/>\n<meta property=\"article:publisher\" content=\"https:\/\/www.facebook.com\/Spawlab\/\" \/>\n<meta property=\"og:image\" content=\"https:\/\/spawlab.pl\/wp-content\/uploads\/2025\/07\/futeral-optrel-polmaski-oddechowej-swiss-air-4556.150.jpg\" \/>\n\t<meta property=\"og:image:width\" content=\"585\" \/>\n\t<meta property=\"og:image:height\" content=\"585\" \/>\n\t<meta property=\"og:image:type\" content=\"image\/jpeg\" \/>\n<meta name=\"twitter:label1\" content=\"Price\" \/>\n\t<meta name=\"twitter:data1\" content=\"101,01&nbsp;&#122;&#322; (82,12&nbsp;&#122;&#322; netto)\" \/>\n\t<meta name=\"twitter:label2\" content=\"Availability\" \/>\n\t<meta name=\"twitter:data2\" content=\"On backorder\" \/>\n<script type=\"application\/ld+json\" class=\"yoast-schema-graph\">{\"@context\":\"https:\\\/\\\/schema.org\",\"@graph\":[{\"@type\":[\"WebPage\",\"ItemPage\"],\"@id\":\"https:\\\/\\\/spawlab.pl\\\/en\\\/produkt\\\/optrel-swiss-air-mask-storage-box-4556-150\\\/\",\"url\":\"https:\\\/\\\/spawlab.pl\\\/en\\\/produkt\\\/optrel-swiss-air-mask-storage-box-4556-150\\\/\",\"name\":\"Optrel Swiss air mask storage box - 4556.150\",\"isPartOf\":{\"@id\":\"https:\\\/\\\/spawlab.pl\\\/en\\\/#website\"},\"primaryImageOfPage\":{\"@id\":\"https:\\\/\\\/spawlab.pl\\\/en\\\/produkt\\\/optrel-swiss-air-mask-storage-box-4556-150\\\/#primaryimage\"},\"image\":{\"@id\":\"https:\\\/\\\/spawlab.pl\\\/en\\\/produkt\\\/optrel-swiss-air-mask-storage-box-4556-150\\\/#primaryimage\"},\"thumbnailUrl\":\"https:\\\/\\\/spawlab.pl\\\/wp-content\\\/uploads\\\/2025\\\/07\\\/futeral-optrel-polmaski-oddechowej-swiss-air-4556.150.jpg\",\"datePublished\":\"2025-07-06T10:45:41+00:00\",\"description\":\"Optrel's original heavy-duty box (4556.150) for safe storage and transportation of the swiss air respiratory protection system respirator.\",\"breadcrumb\":{\"@id\":\"https:\\\/\\\/spawlab.pl\\\/en\\\/produkt\\\/optrel-swiss-air-mask-storage-box-4556-150\\\/#breadcrumb\"},\"inLanguage\":\"en-US\",\"potentialAction\":[{\"@type\":\"ReadAction\",\"target\":[\"https:\\\/\\\/spawlab.pl\\\/en\\\/produkt\\\/optrel-swiss-air-mask-storage-box-4556-150\\\/\"]}]},{\"@type\":\"ImageObject\",\"inLanguage\":\"en-US\",\"@id\":\"https:\\\/\\\/spawlab.pl\\\/en\\\/produkt\\\/optrel-swiss-air-mask-storage-box-4556-150\\\/#primaryimage\",\"url\":\"https:\\\/\\\/spawlab.pl\\\/wp-content\\\/uploads\\\/2025\\\/07\\\/futeral-optrel-polmaski-oddechowej-swiss-air-4556.150.jpg\",\"contentUrl\":\"https:\\\/\\\/spawlab.pl\\\/wp-content\\\/uploads\\\/2025\\\/07\\\/futeral-optrel-polmaski-oddechowej-swiss-air-4556.150.jpg\",\"width\":585,\"height\":585},{\"@type\":\"BreadcrumbList\",\"@id\":\"https:\\\/\\\/spawlab.pl\\\/en\\\/produkt\\\/optrel-swiss-air-mask-storage-box-4556-150\\\/#breadcrumb\",\"itemListElement\":[{\"@type\":\"ListItem\",\"position\":1,\"name\":\"Strona g\u0142\u00f3wna\",\"item\":\"https:\\\/\\\/spawlab.pl\\\/en\\\/\"},{\"@type\":\"ListItem\",\"position\":2,\"name\":\"Store\",\"item\":\"https:\\\/\\\/spawlab.pl\\\/en\\\/shop\\\/\"},{\"@type\":\"ListItem\",\"position\":3,\"name\":\"Optrel Swiss air mask storage box &#8211; 4556.150\"}]},{\"@type\":\"WebSite\",\"@id\":\"https:\\\/\\\/spawlab.pl\\\/en\\\/#website\",\"url\":\"https:\\\/\\\/spawlab.pl\\\/en\\\/\",\"name\":\"Spawlab.pl Lider - Spawarki, Przecinarki Plazmowe, Kompresory\",\"description\":\"Urz\u0105dzenia spawalnicze i Przecinarki plazmowe\\\/ nowe i u\u017cywane \\\/ Profesjonalny serwis\",\"publisher\":{\"@id\":\"https:\\\/\\\/spawlab.pl\\\/en\\\/#organization\"},\"alternateName\":\"Spawlab.pl - Dystrybutor Premium i Serwis na Polske Migatronic, Gys, Voestalpine Bohler Welding\",\"potentialAction\":[{\"@type\":\"SearchAction\",\"target\":{\"@type\":\"EntryPoint\",\"urlTemplate\":\"https:\\\/\\\/spawlab.pl\\\/en\\\/?s={search_term_string}\"},\"query-input\":{\"@type\":\"PropertyValueSpecification\",\"valueRequired\":true,\"valueName\":\"search_term_string\"}}],\"inLanguage\":\"en-US\"},{\"@type\":[\"Organization\",\"Place\"],\"@id\":\"https:\\\/\\\/spawlab.pl\\\/en\\\/#organization\",\"name\":\"Spawlab.pl\",\"url\":\"https:\\\/\\\/spawlab.pl\\\/en\\\/\",\"logo\":{\"@id\":\"https:\\\/\\\/spawlab.pl\\\/en\\\/produkt\\\/optrel-swiss-air-mask-storage-box-4556-150\\\/#local-main-organization-logo\"},\"image\":{\"@id\":\"https:\\\/\\\/spawlab.pl\\\/en\\\/produkt\\\/optrel-swiss-air-mask-storage-box-4556-150\\\/#local-main-organization-logo\"},\"sameAs\":[\"https:\\\/\\\/www.facebook.com\\\/Spawlab\\\/\",\"https:\\\/\\\/www.linkedin.com\\\/company\\\/spawlab\",\"https:\\\/\\\/www.instagram.com\\\/spawlab.pl\",\"https:\\\/\\\/www.tiktok.com\\\/@spawlab\"],\"description\":\"Lider sprzeda\u017cy, Oficjalny Dystrybutor Premium i Serwis na Polsk\u0119 Migatronic, Gys, Voestalpine Bohler Welding. Nowe i u\u017cywane Spawarki, Przecinarki Plazmowe, Kompresory. Mgr in\u017c. Jaros\u0142aw Ko\u0142aski, IWE\",\"hasMerchantReturnPolicy\":{\"@type\":\"MerchantReturnPolicy\",\"merchantReturnLink\":\"https:\\\/\\\/spawlab.pl\\\/polityka-prywatnosci-2\\\/\"},\"telephone\":[],\"openingHoursSpecification\":[{\"@type\":\"OpeningHoursSpecification\",\"dayOfWeek\":[\"Monday\",\"Tuesday\",\"Wednesday\",\"Thursday\",\"Friday\",\"Saturday\",\"Sunday\"],\"opens\":\"09:00\",\"closes\":\"17:00\"}]},{\"@type\":\"ImageObject\",\"inLanguage\":\"en-US\",\"@id\":\"https:\\\/\\\/spawlab.pl\\\/en\\\/produkt\\\/optrel-swiss-air-mask-storage-box-4556-150\\\/#local-main-organization-logo\",\"url\":\"https:\\\/\\\/spawlab.pl\\\/wp-content\\\/uploads\\\/2022\\\/01\\\/olx.jpg\",\"contentUrl\":\"https:\\\/\\\/spawlab.pl\\\/wp-content\\\/uploads\\\/2022\\\/01\\\/olx.jpg\",\"width\":200,\"height\":200,\"caption\":\"Spawlab.pl\"}]}<\/script>\n<meta property=\"product:brand\" content=\"Optrel\" \/>\n<meta property=\"product:price:amount\" content=\"101.01\" \/>\n<meta property=\"product:price:currency\" content=\"PLN\" \/>\n<meta property=\"og:availability\" content=\"backorder\" \/>\n<meta property=\"product:availability\" content=\"available for order\" \/>\n<meta property=\"product:retailer_item_id\" content=\"4556.150\" \/>\n<meta property=\"product:condition\" content=\"new\" \/>\n<!-- \/ Yoast SEO Premium plugin. -->","yoast_head_json":{"title":"Optrel Swiss air mask storage box - 4556.150","description":"Optrel's original heavy-duty box (4556.150) for safe storage and transportation of the swiss air respiratory protection system respirator.","robots":{"index":"index","follow":"follow","max-snippet":"max-snippet:-1","max-image-preview":"max-image-preview:large","max-video-preview":"max-video-preview:-1"},"canonical":"https:\/\/spawlab.pl\/en\/produkt\/optrel-swiss-air-mask-storage-box-4556-150\/","og_locale":"en_US","og_type":"article","og_title":"Optrel Swiss air mask storage box - 4556.150","og_description":"Lider sprzeda\u017cy, Oficjalny Dystrybutor Premium i Serwis na Polsk\u0119 Migatronic, Gys, Voestalpine Bohler Welding. Nowe i u\u017cywane Spawarki, Przecinarki Plazmowe, Kompresory. Mgr in\u017c. Jaros\u0142aw Ko\u0142aski, IWE","og_url":"https:\/\/spawlab.pl\/en\/produkt\/optrel-swiss-air-mask-storage-box-4556-150\/","og_site_name":"SpawLab - Welding equipment and plasma cutters - store and service","article_publisher":"https:\/\/www.facebook.com\/Spawlab\/","og_image":[{"width":585,"height":585,"url":"https:\/\/spawlab.pl\/wp-content\/uploads\/2025\/07\/futeral-optrel-polmaski-oddechowej-swiss-air-4556.150.jpg","type":"image\/jpeg"}],"twitter_misc":{"Price":"101,01&nbsp;&#122;&#322; (82,12&nbsp;&#122;&#322; netto)","Availability":"On backorder"},"schema":{"@context":"https:\/\/schema.org","@graph":[{"@type":["WebPage","ItemPage"],"@id":"https:\/\/spawlab.pl\/en\/produkt\/optrel-swiss-air-mask-storage-box-4556-150\/","url":"https:\/\/spawlab.pl\/en\/produkt\/optrel-swiss-air-mask-storage-box-4556-150\/","name":"Optrel Swiss air mask storage box - 4556.150","isPartOf":{"@id":"https:\/\/spawlab.pl\/en\/#website"},"primaryImageOfPage":{"@id":"https:\/\/spawlab.pl\/en\/produkt\/optrel-swiss-air-mask-storage-box-4556-150\/#primaryimage"},"image":{"@id":"https:\/\/spawlab.pl\/en\/produkt\/optrel-swiss-air-mask-storage-box-4556-150\/#primaryimage"},"thumbnailUrl":"https:\/\/spawlab.pl\/wp-content\/uploads\/2025\/07\/futeral-optrel-polmaski-oddechowej-swiss-air-4556.150.jpg","datePublished":"2025-07-06T10:45:41+00:00","description":"Optrel's original heavy-duty box (4556.150) for safe storage and transportation of the swiss air respiratory protection system respirator.","breadcrumb":{"@id":"https:\/\/spawlab.pl\/en\/produkt\/optrel-swiss-air-mask-storage-box-4556-150\/#breadcrumb"},"inLanguage":"en-US","potentialAction":[{"@type":"ReadAction","target":["https:\/\/spawlab.pl\/en\/produkt\/optrel-swiss-air-mask-storage-box-4556-150\/"]}]},{"@type":"ImageObject","inLanguage":"en-US","@id":"https:\/\/spawlab.pl\/en\/produkt\/optrel-swiss-air-mask-storage-box-4556-150\/#primaryimage","url":"https:\/\/spawlab.pl\/wp-content\/uploads\/2025\/07\/futeral-optrel-polmaski-oddechowej-swiss-air-4556.150.jpg","contentUrl":"https:\/\/spawlab.pl\/wp-content\/uploads\/2025\/07\/futeral-optrel-polmaski-oddechowej-swiss-air-4556.150.jpg","width":585,"height":585},{"@type":"BreadcrumbList","@id":"https:\/\/spawlab.pl\/en\/produkt\/optrel-swiss-air-mask-storage-box-4556-150\/#breadcrumb","itemListElement":[{"@type":"ListItem","position":1,"name":"Strona g\u0142\u00f3wna","item":"https:\/\/spawlab.pl\/en\/"},{"@type":"ListItem","position":2,"name":"Store","item":"https:\/\/spawlab.pl\/en\/shop\/"},{"@type":"ListItem","position":3,"name":"Optrel Swiss air mask storage box &#8211; 4556.150"}]},{"@type":"WebSite","@id":"https:\/\/spawlab.pl\/en\/#website","url":"https:\/\/spawlab.pl\/en\/","name":"Spawlab.pl Lider - Spawarki, Przecinarki Plazmowe, Kompresory","description":"Urz\u0105dzenia spawalnicze i Przecinarki plazmowe\/ nowe i u\u017cywane \/ Profesjonalny serwis","publisher":{"@id":"https:\/\/spawlab.pl\/en\/#organization"},"alternateName":"Spawlab.pl - Dystrybutor Premium i Serwis na Polske Migatronic, Gys, Voestalpine Bohler Welding","potentialAction":[{"@type":"SearchAction","target":{"@type":"EntryPoint","urlTemplate":"https:\/\/spawlab.pl\/en\/?s={search_term_string}"},"query-input":{"@type":"PropertyValueSpecification","valueRequired":true,"valueName":"search_term_string"}}],"inLanguage":"en-US"},{"@type":["Organization","Place"],"@id":"https:\/\/spawlab.pl\/en\/#organization","name":"Spawlab.pl","url":"https:\/\/spawlab.pl\/en\/","logo":{"@id":"https:\/\/spawlab.pl\/en\/produkt\/optrel-swiss-air-mask-storage-box-4556-150\/#local-main-organization-logo"},"image":{"@id":"https:\/\/spawlab.pl\/en\/produkt\/optrel-swiss-air-mask-storage-box-4556-150\/#local-main-organization-logo"},"sameAs":["https:\/\/www.facebook.com\/Spawlab\/","https:\/\/www.linkedin.com\/company\/spawlab","https:\/\/www.instagram.com\/spawlab.pl","https:\/\/www.tiktok.com\/@spawlab"],"description":"Lider sprzeda\u017cy, Oficjalny Dystrybutor Premium i Serwis na Polsk\u0119 Migatronic, Gys, Voestalpine Bohler Welding. Nowe i u\u017cywane Spawarki, Przecinarki Plazmowe, Kompresory. Mgr in\u017c. Jaros\u0142aw Ko\u0142aski, IWE","hasMerchantReturnPolicy":{"@type":"MerchantReturnPolicy","merchantReturnLink":"https:\/\/spawlab.pl\/polityka-prywatnosci-2\/"},"telephone":[],"openingHoursSpecification":[{"@type":"OpeningHoursSpecification","dayOfWeek":["Monday","Tuesday","Wednesday","Thursday","Friday","Saturday","Sunday"],"opens":"09:00","closes":"17:00"}]},{"@type":"ImageObject","inLanguage":"en-US","@id":"https:\/\/spawlab.pl\/en\/produkt\/optrel-swiss-air-mask-storage-box-4556-150\/#local-main-organization-logo","url":"https:\/\/spawlab.pl\/wp-content\/uploads\/2022\/01\/olx.jpg","contentUrl":"https:\/\/spawlab.pl\/wp-content\/uploads\/2022\/01\/olx.jpg","width":200,"height":200,"caption":"Spawlab.pl"}]},"product_brand":"Optrel","product_price_amount":"101.01","product_price_currency":"PLN","og_availability":"backorder","product_availability":"available for order","product_retailer_item_id":"4556.150","product_condition":"new"},"_links":{"self":[{"href":"https:\/\/spawlab.pl\/en\/wp-json\/wp\/v2\/product\/41329","targetHints":{"allow":["GET"]}}],"collection":[{"href":"https:\/\/spawlab.pl\/en\/wp-json\/wp\/v2\/product"}],"about":[{"href":"https:\/\/spawlab.pl\/en\/wp-json\/wp\/v2\/types\/product"}],"wp:featuredmedia":[{"embeddable":true,"href":"https:\/\/spawlab.pl\/en\/wp-json\/wp\/v2\/media\/40584"}],"wp:attachment":[{"href":"https:\/\/spawlab.pl\/en\/wp-json\/wp\/v2\/media?parent=41329"}],"wp:term":[{"taxonomy":"product_brand","embeddable":true,"href":"https:\/\/spawlab.pl\/en\/wp-json\/wp\/v2\/product_brand?post=41329"},{"taxonomy":"product_cat","embeddable":true,"href":"https:\/\/spawlab.pl\/en\/wp-json\/wp\/v2\/product_cat?post=41329"},{"taxonomy":"product_tag","embeddable":true,"href":"https:\/\/spawlab.pl\/en\/wp-json\/wp\/v2\/product_tag?post=41329"}],"curies":[{"name":"wp","href":"https:\/\/api.w.org\/{rel}","templated":true}]}}