{"id":41339,"date":"2025-07-06T12:45:38","date_gmt":"2025-07-06T10:45:38","guid":{"rendered":"https:\/\/spawlab.pl\/produkt\/optrel-swiss-air-control-panel-cable-4556-060\/"},"modified":"2025-07-06T12:45:38","modified_gmt":"2025-07-06T10:45:38","slug":"optrel-swiss-air-control-panel-cable-4556-060","status":"publish","type":"product","link":"https:\/\/spawlab.pl\/en\/produkt\/optrel-swiss-air-control-panel-cable-4556-060\/","title":{"rendered":"Optrel Swiss Air Control Panel Cable &#8211; 4556.060"},"content":{"rendered":"<div>\n<div style=\"background-color: #F2F8FC;border-left: 5px solid #39A9E0;padding: 20px;margin-bottom: 25px;border-radius: 4px\">\n<h3 style=\"margin: 0 0 10px 0;font-size: 18px;font-weight: 600;color: #333333\">Why choose Spawlab.pl?<\/h3>\n<p style=\"margin: 0 0 15px 0;font-size: 16px;line-height: 1.6;color: #333333\">As an authorized distributor and sales leader of Optrel in Poland, we provide more than just equipment. When you invest with us, you get assurance and full support at every stage. <\/p>\n<ul style=\"margin: 0;padding: 0\">\n<li style=\"font-size: 16px;line-height: 1.6;margin-bottom: 8px;display: flex;align-items: flex-start;color: #333333\"><span style=\"margin-right: 10px;color: #39A9E0;font-size: 20px;line-height: 1.6\">\u2714<\/span> <span><b>100% Originality Guarantee:<\/b> You get brand new equipment from official Polish distribution.<\/span><\/li>\n<li style=\"font-size: 16px;line-height: 1.6;margin-bottom: 8px;display: flex;align-items: flex-start;color: #333333\"><span style=\"margin-right: 10px;color: #39A9E0;font-size: 20px;line-height: 1.6\">\u2714<\/span> <span><b>Express Shipping:<\/b> we ship the products directly from our warehouse, no unnecessary waiting.<\/span><\/li>\n<li style=\"font-size: 16px;line-height: 1.6;margin-bottom: 8px;display: flex;align-items: flex-start;color: #333333\"><span style=\"margin-right: 10px;color: #39A9E0;font-size: 20px;line-height: 1.6\">\u2714<\/span> <span>Professional<b>Advice and Full Service:<\/b> we provide professional technical support and access to all spare parts.<\/span><\/li>\n<li style=\"font-size: 16px;line-height: 1.6;margin-bottom: 8px;display: flex;align-items: flex-start;color: #333333\"><span style=\"margin-right: 10px;color: #39A9E0;font-size: 20px;line-height: 1.6\">\u2714<\/span> <span><b>Trusted by Professionals:<\/b> Join the thousands of welders in Poland who have relied on our expertise and reliability.<\/span><\/li>\n<\/ul>\n<\/div>\n<div style=\"background-color: #fafafa;border-left: 5px solid #b8ff00;padding: 20px;margin-bottom: 25px;border-radius: 4px\">\n<h2 style=\"font-size: 24px;color: #333333;margin: 0 0 10px 0;font-weight: 600\">Optrel cable for swiss air control panel (4556.060)<\/h2>\n<p style=\"margin: 0;font-size: 16px;line-height: 1.6;color: #333333\">The original connection cable dedicated to the Optrel swiss air respiratory protection system. It is a key factory replacement component designed to ensure flawless communication between the control panel and the filter\/blower unit. Using the original cable guarantees full compatibility, reliability and maintains the integrity of the entire system, which is fundamental to maintaining the highest standards of safety and functionality in a demanding working environment.  <\/p>\n<\/div>\n<h3 style=\"font-size: 20px;color: #333333;border-bottom: 3px solid #b8ff00;padding-bottom: 8px;margin: 30px 0 20px 0\">Key features<\/h3>\n<div style=\"font-size: 0;text-align: center;margin: 0 -7.5px\">\n<div style=\"display: inline-block;vertical-align: top;width: 33.33%;min-width: 250px;padding: 0 7.5px;margin-bottom: 15px\">\n<div style=\"border: 1px solid #e0e0e0;border-radius: 8px;padding: 15px;background-color: #f9f9f9;text-align: center;height: 100%\">\n<div style=\"color: #b8ff00;margin: 0 auto 10px auto;font-size: 28px;line-height: 1\">?<\/div>\n<div style=\"font-size: 14px;font-weight: bold;color: #333333;min-height: 2.5em;display: flex;align-items: center;justify-content: center\">Original Spare Part<\/div>\n<div style=\"font-size: 13px;color: #555\">100% Compatible<\/div>\n<\/div>\n<\/div>\n<div style=\"display: inline-block;vertical-align: top;width: 33.33%;min-width: 250px;padding: 0 7.5px;margin-bottom: 15px\">\n<div style=\"border: 1px solid #e0e0e0;border-radius: 8px;padding: 15px;background-color: #f9f9f9;text-align: center;height: 100%\">\n<div style=\"color: #b8ff00;margin: 0 auto 10px auto;font-size: 28px;line-height: 1\">?\ufe0f<\/div>\n<div style=\"font-size: 14px;font-weight: bold;color: #333333;min-height: 2.5em;display: flex;align-items: center;justify-content: center\">Reinforced Construction<\/div>\n<div style=\"font-size: 13px;color: #555\">Resistance to Industrial Conditions<\/div>\n<\/div>\n<\/div>\n<div style=\"display: inline-block;vertical-align: top;width: 33.33%;min-width: 250px;padding: 0 7.5px;margin-bottom: 15px\">\n<div style=\"border: 1px solid #e0e0e0;border-radius: 8px;padding: 15px;background-color: #f9f9f9;text-align: center;height: 100%\">\n<div style=\"color: #b8ff00;margin: 0 auto 10px auto;font-size: 28px;line-height: 1\">?<\/div>\n<div style=\"font-size: 14px;font-weight: bold;color: #333333;min-height: 2.5em;display: flex;align-items: center;justify-content: center\">Key Element of the System<\/div>\n<div style=\"font-size: 13px;color: #555\">Maintaining Full Functionality<\/div>\n<\/div>\n<\/div>\n<\/div>\n<h3 style=\"font-size: 20px;color: #333333;border-bottom: 3px solid #b8ff00;padding-bottom: 8px;margin: 30px 0 20px 0\">Technology Details<\/h3>\n<details style=\"background-color: #ffffff;border: 1px solid #e0e0e0;border-radius: 4px;margin-bottom: 10px;overflow: hidden\" open=\"\">\n<summary style=\"display: block;padding: 15px 20px;font-weight: bold;font-size: 16px;color: #333333;background-color: #f9f9f9;cursor: pointer;position: relative\"><span style=\"color: #b8ff00;margin-right: 10px;font-size: 20px\">?<\/span>Reliable Communication Between the Panel and the Head Unit.<\/summary>\n<div style=\"padding: 20px;line-height: 1.7;font-size: 15px;background-color: #ffffff;border-top: 1px solid #e0e0e0\">\n<p style=\"margin:0;color: #333333\">The interconnection cable is the digital and energy bloodstream of the swiss air system, connecting the control panel located on the brace to the main filtration and blowing unit. It is responsible for the flawless transmission of user commands, such as changing airflow levels, and for feedback of key diagnostic data. Information about the state of battery charge, the degree of filter wear or possible system alarms is transmitted in real time just through this cable. Its design has been optimized for use in harsh environments, providing resistance to bending, abrasion and accidental contact with sparks. An investment in a functioning, original cable is a guarantee that the respiratory protection system will operate flawlessly, providing uninterrupted safety and full control over its parameters.    <\/p>\n<\/div>\n<\/details>\n<h3 style=\"font-size: 20px;color: #333333;border-bottom: 3px solid #b8ff00;padding-bottom: 8px;margin: 30px 0 20px 0\">What Do You Receive in the Kit?<\/h3>\n<div style=\"padding-left:0\">\n<p style=\"margin: 8px 0;font-size: 16px;display: flex;align-items: flex-start;color: #333333\"><span style=\"color: #b8ff00;margin-right: 12px;font-weight: bold;font-size: 20px;line-height: 1.5\">\u2192<\/span><span>Cable for Optrel swiss air control panel (cat. no. 4556.060) &#8211; 1 pc.<\/span><\/p>\n<\/div>\n<h3 style=\"font-size: 20px;color: #333333;border-bottom: 3px solid #b8ff00;padding-bottom: 8px;margin: 30px 0 20px 0\">Main Applications<\/h3>\n<div style=\"padding-left:0\">\n<p style=\"margin: 8px 0;font-size: 16px;display: flex;align-items: flex-start;color: #333333\"><span style=\"color: #b8ff00;margin-right: 12px;font-weight: bold;font-size: 20px;line-height: 1.5\">\u2192<\/span><span>Service and maintenance of Optrel swiss air respiratory protection system.<\/span><\/p>\n<p style=\"margin: 8px 0;font-size: 16px;display: flex;align-items: flex-start;color: #333333\"><span style=\"color: #b8ff00;margin-right: 12px;font-weight: bold;font-size: 20px;line-height: 1.5\">\u2192<\/span><span>Replacement of damaged, abraded or worn out connecting cable.<\/span><\/p>\n<p style=\"margin: 8px 0;font-size: 16px;display: flex;align-items: flex-start;color: #333333\"><span style=\"color: #b8ff00;margin-right: 12px;font-weight: bold;font-size: 20px;line-height: 1.5\">\u2192<\/span><span>Ensure continuity of operation and reliability of communication between system modules.<\/span><\/p>\n<\/div>\n<div style=\"background-color: #fafafa;border-left: 5px solid #b8ff00;padding: 20px;margin-bottom: 25px;border-radius: 4px\">\n<h3 style=\"font-size: 20px;color: #333333;margin: 0 0 10px 0;font-weight: 600\">About the Optrel brand<\/h3>\n<p style=\"margin: 0;font-size: 16px;line-height: 1.6;color: #333333\">Optrel is the Swiss leader of innovation in welding protection. For decades, the brand has been synonymous with uncompromising quality, revolutionary technologies and the highest levels of safety, trusted by professionals around the world. When you choose genuine Optrel replacement parts, you&#8217;re investing in the confidence that your protective equipment performs to strict factory standards, keeping you safe at every stage of your work.  <\/p>\n<\/div>\n<\/div>\n","protected":false},"excerpt":{"rendered":"<p>Original replacement cable (4556.060) for the control panel of the Optrel Swiss Air respiratory protection system. Guarantees full functionality. <\/p>\n","protected":false},"featured_media":40590,"template":"","meta":{"inline_featured_image":false},"product_brand":[1593],"product_cat":[475,474,520,522,521],"product_tag":[11671,11669,11668,11670,1460,10935,10854,10851],"class_list":{"0":"post-41339","1":"product","2":"type-product","3":"status-publish","4":"has-post-thumbnail","6":"product_brand-optrel","7":"product_cat-accessories-parts","8":"product_cat-new","9":"product_cat-optrel-en","10":"product_cat-parts","11":"product_cat-welding-visors-en","12":"product_tag-4556-060-en","13":"product_tag-cable-en","14":"product_tag-cable","15":"product_tag-control-panel-en-2","16":"product_tag-optrel-en","17":"product_tag-papr-accessories","18":"product_tag-spare-part","19":"product_tag-swiss-air-en","21":"first","22":"onbackorder","23":"taxable","24":"shipping-taxable","25":"purchasable","26":"product-type-simple"},"yoast_head":"<!-- This site is optimized with the Yoast SEO Premium plugin v27.5 (Yoast SEO v27.6) - https:\/\/yoast.com\/product\/yoast-seo-premium-wordpress\/ -->\n<title>Optrel Swiss Air Control Panel Cable - 4556.060<\/title>\n<meta name=\"description\" content=\"Original replacement cable (4556.060) for the control panel of the Optrel Swiss Air respiratory protection system. Guarantees full functionality.\" \/>\n<meta name=\"robots\" content=\"index, follow, max-snippet:-1, max-image-preview:large, max-video-preview:-1\" \/>\n<link rel=\"canonical\" href=\"https:\/\/spawlab.pl\/en\/produkt\/optrel-swiss-air-control-panel-cable-4556-060\/\" \/>\n<meta property=\"og:locale\" content=\"en_US\" \/>\n<meta property=\"og:type\" content=\"article\" \/>\n<meta property=\"og:title\" content=\"Optrel Swiss Air Control Panel Cable - 4556.060\" \/>\n<meta property=\"og:description\" content=\"Lider sprzeda\u017cy, Oficjalny Dystrybutor Premium i Serwis na Polsk\u0119 Migatronic, Gys, Voestalpine Bohler Welding. Nowe i u\u017cywane Spawarki, Przecinarki Plazmowe, Kompresory. Mgr in\u017c. Jaros\u0142aw Ko\u0142aski, IWE\" \/>\n<meta property=\"og:url\" content=\"https:\/\/spawlab.pl\/en\/produkt\/optrel-swiss-air-control-panel-cable-4556-060\/\" \/>\n<meta property=\"og:site_name\" content=\"SpawLab - Welding equipment and plasma cutters - store and service\" \/>\n<meta property=\"article:publisher\" content=\"https:\/\/www.facebook.com\/Spawlab\/\" \/>\n<meta property=\"og:image\" content=\"https:\/\/spawlab.pl\/wp-content\/uploads\/2025\/07\/przewod-do-pod_aczenia-pilota-optrel-swiss-air-4556.060.jpg\" \/>\n\t<meta property=\"og:image:width\" content=\"700\" \/>\n\t<meta property=\"og:image:height\" content=\"700\" \/>\n\t<meta property=\"og:image:type\" content=\"image\/jpeg\" \/>\n<meta name=\"twitter:label1\" content=\"Price\" \/>\n\t<meta name=\"twitter:data1\" content=\"23,82&nbsp;&#122;&#322; (19,37&nbsp;&#122;&#322; netto)\" \/>\n\t<meta name=\"twitter:label2\" content=\"Availability\" \/>\n\t<meta name=\"twitter:data2\" content=\"On backorder\" \/>\n<script type=\"application\/ld+json\" class=\"yoast-schema-graph\">{\"@context\":\"https:\\\/\\\/schema.org\",\"@graph\":[{\"@type\":[\"WebPage\",\"ItemPage\"],\"@id\":\"https:\\\/\\\/spawlab.pl\\\/en\\\/produkt\\\/optrel-swiss-air-control-panel-cable-4556-060\\\/\",\"url\":\"https:\\\/\\\/spawlab.pl\\\/en\\\/produkt\\\/optrel-swiss-air-control-panel-cable-4556-060\\\/\",\"name\":\"Optrel Swiss Air Control Panel Cable - 4556.060\",\"isPartOf\":{\"@id\":\"https:\\\/\\\/spawlab.pl\\\/en\\\/#website\"},\"primaryImageOfPage\":{\"@id\":\"https:\\\/\\\/spawlab.pl\\\/en\\\/produkt\\\/optrel-swiss-air-control-panel-cable-4556-060\\\/#primaryimage\"},\"image\":{\"@id\":\"https:\\\/\\\/spawlab.pl\\\/en\\\/produkt\\\/optrel-swiss-air-control-panel-cable-4556-060\\\/#primaryimage\"},\"thumbnailUrl\":\"https:\\\/\\\/spawlab.pl\\\/wp-content\\\/uploads\\\/2025\\\/07\\\/przewod-do-pod_aczenia-pilota-optrel-swiss-air-4556.060.jpg\",\"datePublished\":\"2025-07-06T10:45:38+00:00\",\"description\":\"Original replacement cable (4556.060) for the control panel of the Optrel Swiss Air respiratory protection system. Guarantees full functionality.\",\"breadcrumb\":{\"@id\":\"https:\\\/\\\/spawlab.pl\\\/en\\\/produkt\\\/optrel-swiss-air-control-panel-cable-4556-060\\\/#breadcrumb\"},\"inLanguage\":\"en-US\",\"potentialAction\":[{\"@type\":\"ReadAction\",\"target\":[\"https:\\\/\\\/spawlab.pl\\\/en\\\/produkt\\\/optrel-swiss-air-control-panel-cable-4556-060\\\/\"]}]},{\"@type\":\"ImageObject\",\"inLanguage\":\"en-US\",\"@id\":\"https:\\\/\\\/spawlab.pl\\\/en\\\/produkt\\\/optrel-swiss-air-control-panel-cable-4556-060\\\/#primaryimage\",\"url\":\"https:\\\/\\\/spawlab.pl\\\/wp-content\\\/uploads\\\/2025\\\/07\\\/przewod-do-pod_aczenia-pilota-optrel-swiss-air-4556.060.jpg\",\"contentUrl\":\"https:\\\/\\\/spawlab.pl\\\/wp-content\\\/uploads\\\/2025\\\/07\\\/przewod-do-pod_aczenia-pilota-optrel-swiss-air-4556.060.jpg\",\"width\":700,\"height\":700},{\"@type\":\"BreadcrumbList\",\"@id\":\"https:\\\/\\\/spawlab.pl\\\/en\\\/produkt\\\/optrel-swiss-air-control-panel-cable-4556-060\\\/#breadcrumb\",\"itemListElement\":[{\"@type\":\"ListItem\",\"position\":1,\"name\":\"Strona g\u0142\u00f3wna\",\"item\":\"https:\\\/\\\/spawlab.pl\\\/en\\\/\"},{\"@type\":\"ListItem\",\"position\":2,\"name\":\"Store\",\"item\":\"https:\\\/\\\/spawlab.pl\\\/en\\\/shop\\\/\"},{\"@type\":\"ListItem\",\"position\":3,\"name\":\"Optrel Swiss Air Control Panel Cable &#8211; 4556.060\"}]},{\"@type\":\"WebSite\",\"@id\":\"https:\\\/\\\/spawlab.pl\\\/en\\\/#website\",\"url\":\"https:\\\/\\\/spawlab.pl\\\/en\\\/\",\"name\":\"Spawlab.pl Lider - Spawarki, Przecinarki Plazmowe, Kompresory\",\"description\":\"Urz\u0105dzenia spawalnicze i Przecinarki plazmowe\\\/ nowe i u\u017cywane \\\/ Profesjonalny serwis\",\"publisher\":{\"@id\":\"https:\\\/\\\/spawlab.pl\\\/en\\\/#organization\"},\"alternateName\":\"Spawlab.pl - Dystrybutor Premium i Serwis na Polske Migatronic, Gys, Voestalpine Bohler Welding\",\"potentialAction\":[{\"@type\":\"SearchAction\",\"target\":{\"@type\":\"EntryPoint\",\"urlTemplate\":\"https:\\\/\\\/spawlab.pl\\\/en\\\/?s={search_term_string}\"},\"query-input\":{\"@type\":\"PropertyValueSpecification\",\"valueRequired\":true,\"valueName\":\"search_term_string\"}}],\"inLanguage\":\"en-US\"},{\"@type\":[\"Organization\",\"Place\"],\"@id\":\"https:\\\/\\\/spawlab.pl\\\/en\\\/#organization\",\"name\":\"Spawlab.pl\",\"url\":\"https:\\\/\\\/spawlab.pl\\\/en\\\/\",\"logo\":{\"@id\":\"https:\\\/\\\/spawlab.pl\\\/en\\\/produkt\\\/optrel-swiss-air-control-panel-cable-4556-060\\\/#local-main-organization-logo\"},\"image\":{\"@id\":\"https:\\\/\\\/spawlab.pl\\\/en\\\/produkt\\\/optrel-swiss-air-control-panel-cable-4556-060\\\/#local-main-organization-logo\"},\"sameAs\":[\"https:\\\/\\\/www.facebook.com\\\/Spawlab\\\/\",\"https:\\\/\\\/www.linkedin.com\\\/company\\\/spawlab\",\"https:\\\/\\\/www.instagram.com\\\/spawlab.pl\",\"https:\\\/\\\/www.tiktok.com\\\/@spawlab\"],\"description\":\"Lider sprzeda\u017cy, Oficjalny Dystrybutor Premium i Serwis na Polsk\u0119 Migatronic, Gys, Voestalpine Bohler Welding. Nowe i u\u017cywane Spawarki, Przecinarki Plazmowe, Kompresory. Mgr in\u017c. Jaros\u0142aw Ko\u0142aski, IWE\",\"hasMerchantReturnPolicy\":{\"@type\":\"MerchantReturnPolicy\",\"merchantReturnLink\":\"https:\\\/\\\/spawlab.pl\\\/polityka-prywatnosci-2\\\/\"},\"telephone\":[],\"openingHoursSpecification\":[{\"@type\":\"OpeningHoursSpecification\",\"dayOfWeek\":[\"Monday\",\"Tuesday\",\"Wednesday\",\"Thursday\",\"Friday\",\"Saturday\",\"Sunday\"],\"opens\":\"09:00\",\"closes\":\"17:00\"}]},{\"@type\":\"ImageObject\",\"inLanguage\":\"en-US\",\"@id\":\"https:\\\/\\\/spawlab.pl\\\/en\\\/produkt\\\/optrel-swiss-air-control-panel-cable-4556-060\\\/#local-main-organization-logo\",\"url\":\"https:\\\/\\\/spawlab.pl\\\/wp-content\\\/uploads\\\/2022\\\/01\\\/olx.jpg\",\"contentUrl\":\"https:\\\/\\\/spawlab.pl\\\/wp-content\\\/uploads\\\/2022\\\/01\\\/olx.jpg\",\"width\":200,\"height\":200,\"caption\":\"Spawlab.pl\"}]}<\/script>\n<meta property=\"product:brand\" content=\"Optrel\" \/>\n<meta property=\"product:price:amount\" content=\"23.82\" \/>\n<meta property=\"product:price:currency\" content=\"PLN\" \/>\n<meta property=\"og:availability\" content=\"backorder\" \/>\n<meta property=\"product:availability\" content=\"available for order\" \/>\n<meta property=\"product:retailer_item_id\" content=\"4556.060\" \/>\n<meta property=\"product:condition\" content=\"new\" \/>\n<!-- \/ Yoast SEO Premium plugin. -->","yoast_head_json":{"title":"Optrel Swiss Air Control Panel Cable - 4556.060","description":"Original replacement cable (4556.060) for the control panel of the Optrel Swiss Air respiratory protection system. Guarantees full functionality.","robots":{"index":"index","follow":"follow","max-snippet":"max-snippet:-1","max-image-preview":"max-image-preview:large","max-video-preview":"max-video-preview:-1"},"canonical":"https:\/\/spawlab.pl\/en\/produkt\/optrel-swiss-air-control-panel-cable-4556-060\/","og_locale":"en_US","og_type":"article","og_title":"Optrel Swiss Air Control Panel Cable - 4556.060","og_description":"Lider sprzeda\u017cy, Oficjalny Dystrybutor Premium i Serwis na Polsk\u0119 Migatronic, Gys, Voestalpine Bohler Welding. Nowe i u\u017cywane Spawarki, Przecinarki Plazmowe, Kompresory. Mgr in\u017c. Jaros\u0142aw Ko\u0142aski, IWE","og_url":"https:\/\/spawlab.pl\/en\/produkt\/optrel-swiss-air-control-panel-cable-4556-060\/","og_site_name":"SpawLab - Welding equipment and plasma cutters - store and service","article_publisher":"https:\/\/www.facebook.com\/Spawlab\/","og_image":[{"width":700,"height":700,"url":"https:\/\/spawlab.pl\/wp-content\/uploads\/2025\/07\/przewod-do-pod_aczenia-pilota-optrel-swiss-air-4556.060.jpg","type":"image\/jpeg"}],"twitter_misc":{"Price":"23,82&nbsp;&#122;&#322; (19,37&nbsp;&#122;&#322; netto)","Availability":"On backorder"},"schema":{"@context":"https:\/\/schema.org","@graph":[{"@type":["WebPage","ItemPage"],"@id":"https:\/\/spawlab.pl\/en\/produkt\/optrel-swiss-air-control-panel-cable-4556-060\/","url":"https:\/\/spawlab.pl\/en\/produkt\/optrel-swiss-air-control-panel-cable-4556-060\/","name":"Optrel Swiss Air Control Panel Cable - 4556.060","isPartOf":{"@id":"https:\/\/spawlab.pl\/en\/#website"},"primaryImageOfPage":{"@id":"https:\/\/spawlab.pl\/en\/produkt\/optrel-swiss-air-control-panel-cable-4556-060\/#primaryimage"},"image":{"@id":"https:\/\/spawlab.pl\/en\/produkt\/optrel-swiss-air-control-panel-cable-4556-060\/#primaryimage"},"thumbnailUrl":"https:\/\/spawlab.pl\/wp-content\/uploads\/2025\/07\/przewod-do-pod_aczenia-pilota-optrel-swiss-air-4556.060.jpg","datePublished":"2025-07-06T10:45:38+00:00","description":"Original replacement cable (4556.060) for the control panel of the Optrel Swiss Air respiratory protection system. Guarantees full functionality.","breadcrumb":{"@id":"https:\/\/spawlab.pl\/en\/produkt\/optrel-swiss-air-control-panel-cable-4556-060\/#breadcrumb"},"inLanguage":"en-US","potentialAction":[{"@type":"ReadAction","target":["https:\/\/spawlab.pl\/en\/produkt\/optrel-swiss-air-control-panel-cable-4556-060\/"]}]},{"@type":"ImageObject","inLanguage":"en-US","@id":"https:\/\/spawlab.pl\/en\/produkt\/optrel-swiss-air-control-panel-cable-4556-060\/#primaryimage","url":"https:\/\/spawlab.pl\/wp-content\/uploads\/2025\/07\/przewod-do-pod_aczenia-pilota-optrel-swiss-air-4556.060.jpg","contentUrl":"https:\/\/spawlab.pl\/wp-content\/uploads\/2025\/07\/przewod-do-pod_aczenia-pilota-optrel-swiss-air-4556.060.jpg","width":700,"height":700},{"@type":"BreadcrumbList","@id":"https:\/\/spawlab.pl\/en\/produkt\/optrel-swiss-air-control-panel-cable-4556-060\/#breadcrumb","itemListElement":[{"@type":"ListItem","position":1,"name":"Strona g\u0142\u00f3wna","item":"https:\/\/spawlab.pl\/en\/"},{"@type":"ListItem","position":2,"name":"Store","item":"https:\/\/spawlab.pl\/en\/shop\/"},{"@type":"ListItem","position":3,"name":"Optrel Swiss Air Control Panel Cable &#8211; 4556.060"}]},{"@type":"WebSite","@id":"https:\/\/spawlab.pl\/en\/#website","url":"https:\/\/spawlab.pl\/en\/","name":"Spawlab.pl Lider - Spawarki, Przecinarki Plazmowe, Kompresory","description":"Urz\u0105dzenia spawalnicze i Przecinarki plazmowe\/ nowe i u\u017cywane \/ Profesjonalny serwis","publisher":{"@id":"https:\/\/spawlab.pl\/en\/#organization"},"alternateName":"Spawlab.pl - Dystrybutor Premium i Serwis na Polske Migatronic, Gys, Voestalpine Bohler Welding","potentialAction":[{"@type":"SearchAction","target":{"@type":"EntryPoint","urlTemplate":"https:\/\/spawlab.pl\/en\/?s={search_term_string}"},"query-input":{"@type":"PropertyValueSpecification","valueRequired":true,"valueName":"search_term_string"}}],"inLanguage":"en-US"},{"@type":["Organization","Place"],"@id":"https:\/\/spawlab.pl\/en\/#organization","name":"Spawlab.pl","url":"https:\/\/spawlab.pl\/en\/","logo":{"@id":"https:\/\/spawlab.pl\/en\/produkt\/optrel-swiss-air-control-panel-cable-4556-060\/#local-main-organization-logo"},"image":{"@id":"https:\/\/spawlab.pl\/en\/produkt\/optrel-swiss-air-control-panel-cable-4556-060\/#local-main-organization-logo"},"sameAs":["https:\/\/www.facebook.com\/Spawlab\/","https:\/\/www.linkedin.com\/company\/spawlab","https:\/\/www.instagram.com\/spawlab.pl","https:\/\/www.tiktok.com\/@spawlab"],"description":"Lider sprzeda\u017cy, Oficjalny Dystrybutor Premium i Serwis na Polsk\u0119 Migatronic, Gys, Voestalpine Bohler Welding. Nowe i u\u017cywane Spawarki, Przecinarki Plazmowe, Kompresory. Mgr in\u017c. Jaros\u0142aw Ko\u0142aski, IWE","hasMerchantReturnPolicy":{"@type":"MerchantReturnPolicy","merchantReturnLink":"https:\/\/spawlab.pl\/polityka-prywatnosci-2\/"},"telephone":[],"openingHoursSpecification":[{"@type":"OpeningHoursSpecification","dayOfWeek":["Monday","Tuesday","Wednesday","Thursday","Friday","Saturday","Sunday"],"opens":"09:00","closes":"17:00"}]},{"@type":"ImageObject","inLanguage":"en-US","@id":"https:\/\/spawlab.pl\/en\/produkt\/optrel-swiss-air-control-panel-cable-4556-060\/#local-main-organization-logo","url":"https:\/\/spawlab.pl\/wp-content\/uploads\/2022\/01\/olx.jpg","contentUrl":"https:\/\/spawlab.pl\/wp-content\/uploads\/2022\/01\/olx.jpg","width":200,"height":200,"caption":"Spawlab.pl"}]},"product_brand":"Optrel","product_price_amount":"23.82","product_price_currency":"PLN","og_availability":"backorder","product_availability":"available for order","product_retailer_item_id":"4556.060","product_condition":"new"},"_links":{"self":[{"href":"https:\/\/spawlab.pl\/en\/wp-json\/wp\/v2\/product\/41339","targetHints":{"allow":["GET"]}}],"collection":[{"href":"https:\/\/spawlab.pl\/en\/wp-json\/wp\/v2\/product"}],"about":[{"href":"https:\/\/spawlab.pl\/en\/wp-json\/wp\/v2\/types\/product"}],"wp:featuredmedia":[{"embeddable":true,"href":"https:\/\/spawlab.pl\/en\/wp-json\/wp\/v2\/media\/40590"}],"wp:attachment":[{"href":"https:\/\/spawlab.pl\/en\/wp-json\/wp\/v2\/media?parent=41339"}],"wp:term":[{"taxonomy":"product_brand","embeddable":true,"href":"https:\/\/spawlab.pl\/en\/wp-json\/wp\/v2\/product_brand?post=41339"},{"taxonomy":"product_cat","embeddable":true,"href":"https:\/\/spawlab.pl\/en\/wp-json\/wp\/v2\/product_cat?post=41339"},{"taxonomy":"product_tag","embeddable":true,"href":"https:\/\/spawlab.pl\/en\/wp-json\/wp\/v2\/product_tag?post=41339"}],"curies":[{"name":"wp","href":"https:\/\/api.w.org\/{rel}","templated":true}]}}