{"id":41380,"date":"2025-07-09T23:27:32","date_gmt":"2025-07-09T21:27:32","guid":{"rendered":"https:\/\/spawlab.pl\/produkt\/bohler-welding-insulated-guide-insert-red-1-0-1-2mm-3m-82-16-62200\/"},"modified":"2025-07-09T23:27:32","modified_gmt":"2025-07-09T21:27:32","slug":"bohler-welding-insulated-guide-insert-red-1-0-1-2mm-3m-82-16-62200","status":"publish","type":"product","link":"https:\/\/spawlab.pl\/en\/produkt\/bohler-welding-insulated-guide-insert-red-1-0-1-2mm-3m-82-16-62200\/","title":{"rendered":"B\u00f6hler Welding Insulated guide insert (red) 1.0-1.2mm 3m &#8211; 82.16.62200"},"content":{"rendered":"<p>&#8221;<\/p>\n<div class=\"custom-product-section distributor-info spawlab-info\">\n<p><strong>SpawLab &#8211; your Authorized Voestalpine B\u00f6hler Welding Partner in Poland!<\/strong><\/p>\n<p>We are <strong>an official distributor of<\/strong> Voestalpine B\u00f6hler Welding equipment and <strong>an Authorized Service Center in Poland<\/strong>. Our team has undergone <strong>rigorous technical training directly in Italy<\/strong> at the manufacturer&#8217;s centers. <\/p>\n<p>When you choose SpawLab, you are assured of original products, access to B\u00f6hler Welding solutions, professional advice and service support.<\/p>\n<\/div>\n<div class=\"custom-product-section product-intro\">\n<h2 class=\"product-section-title main-product-title\">B\u00f6hler Welding Insulated guide insert (red) 1.0-1.2mm 3m &#8211; 82.16.62200<\/h2>\n<div class=\"description-content product-marketing-description\">\n<p>The original B\u00f6hler Welding INSULATED LINER (RED) guide insert, part number 82.16.62200, is designed for welding wires with a diameter of 1.0-1.2 mm and a length of 3 meters. This precision-manufactured component is key to ensuring smooth and stable wire feeding in MIG\/MAG welding processes, which directly translates into higher weld quality and reduced operational problems. The insulated design of the cartridge increases its durability and protection of the welding fixture.  <\/p>\n<p>A product dedicated to professionals who value the reliability and precision of each component of the B\u00f6hler Welding system. The selection of original &#8216;Made in Europe&#8217; consumable parts guarantees optimal compatibility with the brand&#8217;s equipment and fixtures, maximizing the efficiency and life of the equipment. <\/p>\n<\/div>\n<\/div>\n<div class=\"custom-product-section product-specs\">\n<h3 class=\"custom-product-heading specs-heading\">Technical Specifications<\/h3>\n<table class=\"specs-table\">\n<thead>\n<tr>\n<th>Parameter<\/th>\n<th>Value<\/th>\n<\/tr>\n<\/thead>\n<tbody>\n<tr>\n<td>Catalog number<\/td>\n<td>82.16.62200<\/td>\n<\/tr>\n<tr>\n<td>Purpose<\/td>\n<td>Welding wires with a diameter of 1.0-1.2 mm<\/td>\n<\/tr>\n<tr>\n<td>Cartridge length<\/td>\n<td>3 m<\/td>\n<\/tr>\n<tr>\n<td>Type<\/td>\n<td>Insulated<\/td>\n<\/tr>\n<tr>\n<td>Identification color<\/td>\n<td>Red<\/td>\n<\/tr>\n<tr>\n<td>Brand<\/td>\n<td>B\u00f6hler Welding (Voestalpine B\u00f6hler Welding)<\/td>\n<\/tr>\n<\/tbody>\n<\/table>\n<\/div>\n<div class=\"custom-product-section product-set-contents\">\n<h3 class=\"custom-product-heading set-contents-heading\">Kit Contents \/ Packaging<\/h3>\n<p>? The product (INSULATED LINER (RED) 1.0-1.2mm 3m, cat. no. 82.16.62200) is supplied as a single piece, according to the manufacturer&#8217;s standard Voestalpine B\u00f6hler Welding. Additional accessories are usually available separately. The product is sold by the piece.   <\/p>\n<\/div>\n<div class=\"custom-product-section product-features\">\n<h3 class=\"custom-product-heading features-heading\">Key Features and Benefits<\/h3>\n<ul class=\"custom-product-list features-list\">\n<li>? <strong>Precision Wire Guidance:<\/strong> Smooth inner surface and precise dimensions minimize friction, ensuring stable and uninterrupted wire feeding, which is the foundation for the highest quality welds.<\/li>\n<li>?\ufe0f <strong>Insulated Design:<\/strong> Increases wear resistance and protects the welding fixture, contributing to longer life of the entire system and work safety.<\/li>\n<li>? <strong>Optimal Fit for 1.0-1.2mm Wire:<\/strong> Perfectly calibrated for the indicated wire diameters, which eliminates the risk of jamming, wire deformation and welding arc problems.<\/li>\n<li>?? <strong>B\u00f6hler Welding Quality Guarantee:<\/strong> As a genuine &#8216;Made in Europe&#8217; consumable part, the cartridge ensures full compatibility and reliability, supporting the performance of B\u00f6hler Welding&#8217;s advanced welding equipment.<\/li>\n<\/ul>\n<\/div>\n<div class=\"custom-product-section product-application\">\n<h3 class=\"custom-product-heading application-heading\">Product Application<\/h3>\n<ul class=\"custom-product-list application-list\">\n<li>?<\/li>\n<li>Professional MIG\/MAG welding chucks from B\u00f6hler Welding and other compatible models.<\/li>\n<li>Welding with steel wires and potentially other materials (depending on the specifics of the holder and wire) with a diameter of 1.0 mm to 1.2 mm.<\/li>\n<li>Manufacturing industry, locksmith and welding workshops, maintenance departments.<\/li>\n<li>Applications requiring high precision and stability of wire feeding for repeatable weld quality.<\/li>\n<li>Regular maintenance and replacement of consumable parts in professional welding systems.<\/li>\n<\/ul>\n<\/div>\n<div class=\"custom-product-section product-summary conclusion\">\n<h3 class=\"custom-product-heading summary-heading\">Summary: INSULATED LINER (RED) 1.0-1.2mm 3m &#8211; Your Investment in Quality B\u00f6hler Welding<\/h3>\n<div class=\"summary-content\">\n<p>? When you choose the original B\u00f6hler Welding INSULATED LINER (RED) 1.0-1.2mm 3m guide cartridge (82.16.62200), you are investing in the reliability and precision that are key to professional welding. Ensure smooth wire feeding and excellent weld quality with a component designed to the highest standards. To learn more about the full capabilities of the B\u00f6hler Welding INSULATED LINER (RED) 1.0-1.2mm 3m and get the best deal, contact the experts at SpawLab &#8211; the official distributor and authorized service provider of Voestalpine B\u00f6hler Welding in Poland. Our team, trained in Italy, is at your service.   <\/p>\n<\/div>\n<\/div>\n<div class=\"custom-product-section product-codes-info\">\n<p><strong>Part number (Art. No.):<\/strong> 82.16.62200<\/p>\n<\/div>\n<p>&#8220;<\/p>\n","protected":false},"excerpt":{"rendered":"<p>B\u00f6hler Welding INSULATED LINER (RED) 1,0-1,2mm 3m (82.16.62200) &#8211; precise wire guidance, welding stability. Professional welding solutions. <\/p>\n","protected":false},"featured_media":40150,"template":"","meta":{"inline_featured_image":false},"product_brand":[772],"product_cat":[11536,5686],"product_tag":[11744,11739,11741,3397,11745,11742,11743],"class_list":{"0":"post-41380","1":"product","2":"type-product","3":"status-publish","4":"has-post-thumbnail","6":"product_brand-bohler","7":"product_cat-bohler-en-2","8":"product_cat-brand-zone","9":"product_tag-bohler-welding-82-16-62200-en","10":"product_tag-bohler-welding-accessories-en","11":"product_tag-mig-chuck-parts","12":"product_tag-mig-mag-welding","13":"product_tag-red-insulated-insert","14":"product_tag-wire-guide-1-0-1-2mm","15":"product_tag-wire-guide-insert","17":"first","18":"onbackorder","19":"taxable","20":"shipping-taxable","21":"purchasable","22":"product-type-simple"},"yoast_head":"<!-- This site is optimized with the Yoast SEO Premium plugin v27.0 (Yoast SEO v27.3) - https:\/\/yoast.com\/product\/yoast-seo-premium-wordpress\/ -->\n<title>B\u00f6hler Welding Insulated Guide Insert 1.0-1.2mm 3m - 82.16.62200<\/title>\n<meta name=\"description\" content=\"B\u00f6hler Welding INSULATED LINER (RED) 1,0-1,2mm 3m (82.16.62200) - precise wire guidance, welding stability. Professional solutions. Check it out at SpawLab!\" \/>\n<meta name=\"robots\" content=\"index, follow, max-snippet:-1, max-image-preview:large, max-video-preview:-1\" \/>\n<link rel=\"canonical\" href=\"https:\/\/spawlab.pl\/en\/produkt\/bohler-welding-insulated-guide-insert-red-1-0-1-2mm-3m-82-16-62200\/\" \/>\n<meta property=\"og:locale\" content=\"en_US\" \/>\n<meta property=\"og:type\" content=\"article\" \/>\n<meta property=\"og:title\" content=\"B\u00f6hler Welding Insulated guide insert (red) 1.0-1.2mm 3m - 82.16.62200\" \/>\n<meta property=\"og:description\" content=\"Lider sprzeda\u017cy, Oficjalny Dystrybutor Premium i Serwis na Polsk\u0119 Migatronic, Gys, Voestalpine Bohler Welding. Nowe i u\u017cywane Spawarki, Przecinarki Plazmowe, Kompresory. Mgr in\u017c. Jaros\u0142aw Ko\u0142aski, IWE\" \/>\n<meta property=\"og:url\" content=\"https:\/\/spawlab.pl\/en\/produkt\/bohler-welding-insulated-guide-insert-red-1-0-1-2mm-3m-82-16-62200\/\" \/>\n<meta property=\"og:site_name\" content=\"SpawLab - Welding equipment and plasma cutters - store and service\" \/>\n<meta property=\"article:publisher\" content=\"https:\/\/www.facebook.com\/Spawlab\/\" \/>\n<meta property=\"og:image\" content=\"https:\/\/spawlab.pl\/wp-content\/uploads\/2025\/06\/BW-weldCare-Torch-MIG-SparePart-PTFE-liner-1.0or1.2mm-part-1200x1200px.515Wx515H.jpg\" \/>\n\t<meta property=\"og:image:width\" content=\"515\" \/>\n\t<meta property=\"og:image:height\" content=\"515\" \/>\n\t<meta property=\"og:image:type\" content=\"image\/jpeg\" \/>\n<meta name=\"twitter:label1\" content=\"Price\" \/>\n\t<meta name=\"twitter:data1\" content=\"95,20&nbsp;&#122;&#322; (77,40&nbsp;&#122;&#322; netto)\" \/>\n\t<meta name=\"twitter:label2\" content=\"Availability\" \/>\n\t<meta name=\"twitter:data2\" content=\"On backorder\" \/>\n<script type=\"application\/ld+json\" class=\"yoast-schema-graph\">{\"@context\":\"https:\\\/\\\/schema.org\",\"@graph\":[{\"@type\":[\"WebPage\",\"ItemPage\"],\"@id\":\"https:\\\/\\\/spawlab.pl\\\/en\\\/produkt\\\/bohler-welding-insulated-guide-insert-red-1-0-1-2mm-3m-82-16-62200\\\/\",\"url\":\"https:\\\/\\\/spawlab.pl\\\/en\\\/produkt\\\/bohler-welding-insulated-guide-insert-red-1-0-1-2mm-3m-82-16-62200\\\/\",\"name\":\"B\u00f6hler Welding Insulated Guide Insert 1.0-1.2mm 3m - 82.16.62200\",\"isPartOf\":{\"@id\":\"https:\\\/\\\/spawlab.pl\\\/en\\\/#website\"},\"primaryImageOfPage\":{\"@id\":\"https:\\\/\\\/spawlab.pl\\\/en\\\/produkt\\\/bohler-welding-insulated-guide-insert-red-1-0-1-2mm-3m-82-16-62200\\\/#primaryimage\"},\"image\":{\"@id\":\"https:\\\/\\\/spawlab.pl\\\/en\\\/produkt\\\/bohler-welding-insulated-guide-insert-red-1-0-1-2mm-3m-82-16-62200\\\/#primaryimage\"},\"thumbnailUrl\":\"https:\\\/\\\/spawlab.pl\\\/wp-content\\\/uploads\\\/2025\\\/06\\\/BW-weldCare-Torch-MIG-SparePart-PTFE-liner-1.0or1.2mm-part-1200x1200px.515Wx515H.jpg\",\"datePublished\":\"2025-07-09T21:27:32+00:00\",\"description\":\"B\u00f6hler Welding INSULATED LINER (RED) 1,0-1,2mm 3m (82.16.62200) - precise wire guidance, welding stability. Professional solutions. Check it out at SpawLab!\",\"breadcrumb\":{\"@id\":\"https:\\\/\\\/spawlab.pl\\\/en\\\/produkt\\\/bohler-welding-insulated-guide-insert-red-1-0-1-2mm-3m-82-16-62200\\\/#breadcrumb\"},\"inLanguage\":\"en-US\",\"potentialAction\":[{\"@type\":\"ReadAction\",\"target\":[\"https:\\\/\\\/spawlab.pl\\\/en\\\/produkt\\\/bohler-welding-insulated-guide-insert-red-1-0-1-2mm-3m-82-16-62200\\\/\"]}]},{\"@type\":\"ImageObject\",\"inLanguage\":\"en-US\",\"@id\":\"https:\\\/\\\/spawlab.pl\\\/en\\\/produkt\\\/bohler-welding-insulated-guide-insert-red-1-0-1-2mm-3m-82-16-62200\\\/#primaryimage\",\"url\":\"https:\\\/\\\/spawlab.pl\\\/wp-content\\\/uploads\\\/2025\\\/06\\\/BW-weldCare-Torch-MIG-SparePart-PTFE-liner-1.0or1.2mm-part-1200x1200px.515Wx515H.jpg\",\"contentUrl\":\"https:\\\/\\\/spawlab.pl\\\/wp-content\\\/uploads\\\/2025\\\/06\\\/BW-weldCare-Torch-MIG-SparePart-PTFE-liner-1.0or1.2mm-part-1200x1200px.515Wx515H.jpg\",\"width\":515,\"height\":515},{\"@type\":\"BreadcrumbList\",\"@id\":\"https:\\\/\\\/spawlab.pl\\\/en\\\/produkt\\\/bohler-welding-insulated-guide-insert-red-1-0-1-2mm-3m-82-16-62200\\\/#breadcrumb\",\"itemListElement\":[{\"@type\":\"ListItem\",\"position\":1,\"name\":\"Strona g\u0142\u00f3wna\",\"item\":\"https:\\\/\\\/spawlab.pl\\\/en\\\/\"},{\"@type\":\"ListItem\",\"position\":2,\"name\":\"Store\",\"item\":\"https:\\\/\\\/spawlab.pl\\\/en\\\/shop\\\/\"},{\"@type\":\"ListItem\",\"position\":3,\"name\":\"B\u00f6hler Welding Insulated guide insert (red) 1.0-1.2mm 3m &#8211; 82.16.62200\"}]},{\"@type\":\"WebSite\",\"@id\":\"https:\\\/\\\/spawlab.pl\\\/en\\\/#website\",\"url\":\"https:\\\/\\\/spawlab.pl\\\/en\\\/\",\"name\":\"Spawlab.pl Lider - Spawarki, Przecinarki Plazmowe, Kompresory\",\"description\":\"Urz\u0105dzenia spawalnicze i Przecinarki plazmowe\\\/ nowe i u\u017cywane \\\/ Profesjonalny serwis\",\"publisher\":{\"@id\":\"https:\\\/\\\/spawlab.pl\\\/en\\\/#organization\"},\"alternateName\":\"Spawlab.pl - Dystrybutor Premium i Serwis na Polske Migatronic, Gys, Voestalpine Bohler Welding\",\"potentialAction\":[{\"@type\":\"SearchAction\",\"target\":{\"@type\":\"EntryPoint\",\"urlTemplate\":\"https:\\\/\\\/spawlab.pl\\\/en\\\/?s={search_term_string}\"},\"query-input\":{\"@type\":\"PropertyValueSpecification\",\"valueRequired\":true,\"valueName\":\"search_term_string\"}}],\"inLanguage\":\"en-US\"},{\"@type\":[\"Organization\",\"Place\"],\"@id\":\"https:\\\/\\\/spawlab.pl\\\/en\\\/#organization\",\"name\":\"Spawlab.pl\",\"url\":\"https:\\\/\\\/spawlab.pl\\\/en\\\/\",\"logo\":{\"@id\":\"https:\\\/\\\/spawlab.pl\\\/en\\\/produkt\\\/bohler-welding-insulated-guide-insert-red-1-0-1-2mm-3m-82-16-62200\\\/#local-main-organization-logo\"},\"image\":{\"@id\":\"https:\\\/\\\/spawlab.pl\\\/en\\\/produkt\\\/bohler-welding-insulated-guide-insert-red-1-0-1-2mm-3m-82-16-62200\\\/#local-main-organization-logo\"},\"sameAs\":[\"https:\\\/\\\/www.facebook.com\\\/Spawlab\\\/\",\"https:\\\/\\\/www.linkedin.com\\\/company\\\/spawlab\",\"https:\\\/\\\/www.instagram.com\\\/spawlab.pl\",\"https:\\\/\\\/www.tiktok.com\\\/@spawlab\"],\"description\":\"Lider sprzeda\u017cy, Oficjalny Dystrybutor Premium i Serwis na Polsk\u0119 Migatronic, Gys, Voestalpine Bohler Welding. Nowe i u\u017cywane Spawarki, Przecinarki Plazmowe, Kompresory. Mgr in\u017c. Jaros\u0142aw Ko\u0142aski, IWE\",\"hasMerchantReturnPolicy\":{\"@type\":\"MerchantReturnPolicy\",\"merchantReturnLink\":\"https:\\\/\\\/spawlab.pl\\\/polityka-prywatnosci-2\\\/\"},\"telephone\":[],\"openingHoursSpecification\":[{\"@type\":\"OpeningHoursSpecification\",\"dayOfWeek\":[\"Monday\",\"Tuesday\",\"Wednesday\",\"Thursday\",\"Friday\",\"Saturday\",\"Sunday\"],\"opens\":\"09:00\",\"closes\":\"17:00\"}]},{\"@type\":\"ImageObject\",\"inLanguage\":\"en-US\",\"@id\":\"https:\\\/\\\/spawlab.pl\\\/en\\\/produkt\\\/bohler-welding-insulated-guide-insert-red-1-0-1-2mm-3m-82-16-62200\\\/#local-main-organization-logo\",\"url\":\"https:\\\/\\\/spawlab.pl\\\/wp-content\\\/uploads\\\/2022\\\/01\\\/olx.jpg\",\"contentUrl\":\"https:\\\/\\\/spawlab.pl\\\/wp-content\\\/uploads\\\/2022\\\/01\\\/olx.jpg\",\"width\":200,\"height\":200,\"caption\":\"Spawlab.pl\"}]}<\/script>\n<meta property=\"product:brand\" content=\"B\u00f6hler\" \/>\n<meta property=\"product:price:amount\" content=\"95.20\" \/>\n<meta property=\"product:price:currency\" content=\"PLN\" \/>\n<meta property=\"og:availability\" content=\"backorder\" \/>\n<meta property=\"product:availability\" content=\"available for order\" \/>\n<meta property=\"product:retailer_item_id\" content=\"82.16.62200\" \/>\n<meta property=\"product:condition\" content=\"new\" \/>\n<!-- \/ Yoast SEO Premium plugin. -->","yoast_head_json":{"title":"B\u00f6hler Welding Insulated Guide Insert 1.0-1.2mm 3m - 82.16.62200","description":"B\u00f6hler Welding INSULATED LINER (RED) 1,0-1,2mm 3m (82.16.62200) - precise wire guidance, welding stability. Professional solutions. Check it out at SpawLab!","robots":{"index":"index","follow":"follow","max-snippet":"max-snippet:-1","max-image-preview":"max-image-preview:large","max-video-preview":"max-video-preview:-1"},"canonical":"https:\/\/spawlab.pl\/en\/produkt\/bohler-welding-insulated-guide-insert-red-1-0-1-2mm-3m-82-16-62200\/","og_locale":"en_US","og_type":"article","og_title":"B\u00f6hler Welding Insulated guide insert (red) 1.0-1.2mm 3m - 82.16.62200","og_description":"Lider sprzeda\u017cy, Oficjalny Dystrybutor Premium i Serwis na Polsk\u0119 Migatronic, Gys, Voestalpine Bohler Welding. Nowe i u\u017cywane Spawarki, Przecinarki Plazmowe, Kompresory. Mgr in\u017c. Jaros\u0142aw Ko\u0142aski, IWE","og_url":"https:\/\/spawlab.pl\/en\/produkt\/bohler-welding-insulated-guide-insert-red-1-0-1-2mm-3m-82-16-62200\/","og_site_name":"SpawLab - Welding equipment and plasma cutters - store and service","article_publisher":"https:\/\/www.facebook.com\/Spawlab\/","og_image":[{"width":515,"height":515,"url":"https:\/\/spawlab.pl\/wp-content\/uploads\/2025\/06\/BW-weldCare-Torch-MIG-SparePart-PTFE-liner-1.0or1.2mm-part-1200x1200px.515Wx515H.jpg","type":"image\/jpeg"}],"twitter_misc":{"Price":"95,20&nbsp;&#122;&#322; (77,40&nbsp;&#122;&#322; netto)","Availability":"On backorder"},"schema":{"@context":"https:\/\/schema.org","@graph":[{"@type":["WebPage","ItemPage"],"@id":"https:\/\/spawlab.pl\/en\/produkt\/bohler-welding-insulated-guide-insert-red-1-0-1-2mm-3m-82-16-62200\/","url":"https:\/\/spawlab.pl\/en\/produkt\/bohler-welding-insulated-guide-insert-red-1-0-1-2mm-3m-82-16-62200\/","name":"B\u00f6hler Welding Insulated Guide Insert 1.0-1.2mm 3m - 82.16.62200","isPartOf":{"@id":"https:\/\/spawlab.pl\/en\/#website"},"primaryImageOfPage":{"@id":"https:\/\/spawlab.pl\/en\/produkt\/bohler-welding-insulated-guide-insert-red-1-0-1-2mm-3m-82-16-62200\/#primaryimage"},"image":{"@id":"https:\/\/spawlab.pl\/en\/produkt\/bohler-welding-insulated-guide-insert-red-1-0-1-2mm-3m-82-16-62200\/#primaryimage"},"thumbnailUrl":"https:\/\/spawlab.pl\/wp-content\/uploads\/2025\/06\/BW-weldCare-Torch-MIG-SparePart-PTFE-liner-1.0or1.2mm-part-1200x1200px.515Wx515H.jpg","datePublished":"2025-07-09T21:27:32+00:00","description":"B\u00f6hler Welding INSULATED LINER (RED) 1,0-1,2mm 3m (82.16.62200) - precise wire guidance, welding stability. Professional solutions. Check it out at SpawLab!","breadcrumb":{"@id":"https:\/\/spawlab.pl\/en\/produkt\/bohler-welding-insulated-guide-insert-red-1-0-1-2mm-3m-82-16-62200\/#breadcrumb"},"inLanguage":"en-US","potentialAction":[{"@type":"ReadAction","target":["https:\/\/spawlab.pl\/en\/produkt\/bohler-welding-insulated-guide-insert-red-1-0-1-2mm-3m-82-16-62200\/"]}]},{"@type":"ImageObject","inLanguage":"en-US","@id":"https:\/\/spawlab.pl\/en\/produkt\/bohler-welding-insulated-guide-insert-red-1-0-1-2mm-3m-82-16-62200\/#primaryimage","url":"https:\/\/spawlab.pl\/wp-content\/uploads\/2025\/06\/BW-weldCare-Torch-MIG-SparePart-PTFE-liner-1.0or1.2mm-part-1200x1200px.515Wx515H.jpg","contentUrl":"https:\/\/spawlab.pl\/wp-content\/uploads\/2025\/06\/BW-weldCare-Torch-MIG-SparePart-PTFE-liner-1.0or1.2mm-part-1200x1200px.515Wx515H.jpg","width":515,"height":515},{"@type":"BreadcrumbList","@id":"https:\/\/spawlab.pl\/en\/produkt\/bohler-welding-insulated-guide-insert-red-1-0-1-2mm-3m-82-16-62200\/#breadcrumb","itemListElement":[{"@type":"ListItem","position":1,"name":"Strona g\u0142\u00f3wna","item":"https:\/\/spawlab.pl\/en\/"},{"@type":"ListItem","position":2,"name":"Store","item":"https:\/\/spawlab.pl\/en\/shop\/"},{"@type":"ListItem","position":3,"name":"B\u00f6hler Welding Insulated guide insert (red) 1.0-1.2mm 3m &#8211; 82.16.62200"}]},{"@type":"WebSite","@id":"https:\/\/spawlab.pl\/en\/#website","url":"https:\/\/spawlab.pl\/en\/","name":"Spawlab.pl Lider - Spawarki, Przecinarki Plazmowe, Kompresory","description":"Urz\u0105dzenia spawalnicze i Przecinarki plazmowe\/ nowe i u\u017cywane \/ Profesjonalny serwis","publisher":{"@id":"https:\/\/spawlab.pl\/en\/#organization"},"alternateName":"Spawlab.pl - Dystrybutor Premium i Serwis na Polske Migatronic, Gys, Voestalpine Bohler Welding","potentialAction":[{"@type":"SearchAction","target":{"@type":"EntryPoint","urlTemplate":"https:\/\/spawlab.pl\/en\/?s={search_term_string}"},"query-input":{"@type":"PropertyValueSpecification","valueRequired":true,"valueName":"search_term_string"}}],"inLanguage":"en-US"},{"@type":["Organization","Place"],"@id":"https:\/\/spawlab.pl\/en\/#organization","name":"Spawlab.pl","url":"https:\/\/spawlab.pl\/en\/","logo":{"@id":"https:\/\/spawlab.pl\/en\/produkt\/bohler-welding-insulated-guide-insert-red-1-0-1-2mm-3m-82-16-62200\/#local-main-organization-logo"},"image":{"@id":"https:\/\/spawlab.pl\/en\/produkt\/bohler-welding-insulated-guide-insert-red-1-0-1-2mm-3m-82-16-62200\/#local-main-organization-logo"},"sameAs":["https:\/\/www.facebook.com\/Spawlab\/","https:\/\/www.linkedin.com\/company\/spawlab","https:\/\/www.instagram.com\/spawlab.pl","https:\/\/www.tiktok.com\/@spawlab"],"description":"Lider sprzeda\u017cy, Oficjalny Dystrybutor Premium i Serwis na Polsk\u0119 Migatronic, Gys, Voestalpine Bohler Welding. Nowe i u\u017cywane Spawarki, Przecinarki Plazmowe, Kompresory. Mgr in\u017c. Jaros\u0142aw Ko\u0142aski, IWE","hasMerchantReturnPolicy":{"@type":"MerchantReturnPolicy","merchantReturnLink":"https:\/\/spawlab.pl\/polityka-prywatnosci-2\/"},"telephone":[],"openingHoursSpecification":[{"@type":"OpeningHoursSpecification","dayOfWeek":["Monday","Tuesday","Wednesday","Thursday","Friday","Saturday","Sunday"],"opens":"09:00","closes":"17:00"}]},{"@type":"ImageObject","inLanguage":"en-US","@id":"https:\/\/spawlab.pl\/en\/produkt\/bohler-welding-insulated-guide-insert-red-1-0-1-2mm-3m-82-16-62200\/#local-main-organization-logo","url":"https:\/\/spawlab.pl\/wp-content\/uploads\/2022\/01\/olx.jpg","contentUrl":"https:\/\/spawlab.pl\/wp-content\/uploads\/2022\/01\/olx.jpg","width":200,"height":200,"caption":"Spawlab.pl"}]},"product_brand":"B\u00f6hler","product_price_amount":"95.20","product_price_currency":"PLN","og_availability":"backorder","product_availability":"available for order","product_retailer_item_id":"82.16.62200","product_condition":"new"},"_links":{"self":[{"href":"https:\/\/spawlab.pl\/en\/wp-json\/wp\/v2\/product\/41380","targetHints":{"allow":["GET"]}}],"collection":[{"href":"https:\/\/spawlab.pl\/en\/wp-json\/wp\/v2\/product"}],"about":[{"href":"https:\/\/spawlab.pl\/en\/wp-json\/wp\/v2\/types\/product"}],"wp:featuredmedia":[{"embeddable":true,"href":"https:\/\/spawlab.pl\/en\/wp-json\/wp\/v2\/media\/40150"}],"wp:attachment":[{"href":"https:\/\/spawlab.pl\/en\/wp-json\/wp\/v2\/media?parent=41380"}],"wp:term":[{"taxonomy":"product_brand","embeddable":true,"href":"https:\/\/spawlab.pl\/en\/wp-json\/wp\/v2\/product_brand?post=41380"},{"taxonomy":"product_cat","embeddable":true,"href":"https:\/\/spawlab.pl\/en\/wp-json\/wp\/v2\/product_cat?post=41380"},{"taxonomy":"product_tag","embeddable":true,"href":"https:\/\/spawlab.pl\/en\/wp-json\/wp\/v2\/product_tag?post=41380"}],"curies":[{"name":"wp","href":"https:\/\/api.w.org\/{rel}","templated":true}]}}