{"id":41403,"date":"2025-07-09T23:27:16","date_gmt":"2025-07-09T21:27:16","guid":{"rendered":"https:\/\/spawlab.pl\/produkt\/bohler-welding-mt-440-gas-nozzle-5-pcs-82-16-56753\/"},"modified":"2025-07-09T23:27:16","modified_gmt":"2025-07-09T21:27:16","slug":"bohler-welding-mt-440-gas-nozzle-5-pcs-82-16-56753","status":"publish","type":"product","link":"https:\/\/spawlab.pl\/en\/produkt\/bohler-welding-mt-440-gas-nozzle-5-pcs-82-16-56753\/","title":{"rendered":"B\u00f6hler Welding MT 440 gas nozzle (5 pcs.) &#8211; 82.16.56753"},"content":{"rendered":"<p>&#8221;<\/p>\n<div class=\"custom-product-section distributor-info spawlab-info\">\n<p><strong>SpawLab &#8211; your Authorized Voestalpine B\u00f6hler Welding Partner in Poland!<\/strong><\/p>\n<p>We are <strong>an official distributor of<\/strong> Voestalpine B\u00f6hler Welding equipment and <strong>an Authorized Service Center in Poland<\/strong>. Our team has undergone <strong>rigorous technical training directly in Italy<\/strong> at the manufacturer&#8217;s centers. <\/p>\n<p>When you choose SpawLab, you are assured of original products, access to B\u00f6hler Welding solutions, professional advice and service support.<\/p>\n<\/div>\n<div class=\"custom-product-section product-intro\">\n<h2 class=\"product-section-title main-product-title\">B\u00f6hler Welding MT 440 gas nozzle (5 pcs.) &#8211; 82.16.56753<\/h2>\n<div class=\"description-content product-marketing-description\">\n<p>The original B\u00f6hler Welding MT 440 gas nozzle, supplied in an economical package of 5 pieces (part number 82.16.56753), is a key component for optimal MIG\/MAG welding conditions. Designed with professionals in mind, it guarantees precise shielding gas routing, which directly translates into arc stability and superior weld quality. By choosing genuine B\u00f6hler Welding parts, you are investing in the reliability and longer life of your welding torch.  <\/p>\n<p>These nozzles are dedicated to working with MT 440 type welding guns, ensuring a perfect fit and maximum efficiency. Made of high-quality materials, they feature enhanced resistance to high temperatures and welding spatter, minimizing downtime and operating costs. <\/p>\n<\/div>\n<\/div>\n<h3 class=\"custom-product-heading advanced-features-heading\">Explore the Advanced Capabilities of the GAS NOZZLE MT 440 (5 Pieces)<\/h3>\n<div class=\"custom-accordion advanced-features-accordion\">\n<details class=\"custom-accordion-item\">\n<summary class=\"custom-subtitle accordion-title\">Important feature<\/summary>\n<div class=\"accordion-content\">\n<p>For consumable parts such as gas nozzles, it is the quality of materials, precision manufacturing and perfect fit with the welding system that are crucial, rather than the advanced, electronically controlled welding processes implemented in B\u00f6hler Welding&#8217;s power sources. The MT 440 gas nozzle is designed to support the highest efficiency of these processes by providing optimal gas shielding. <\/p>\n<\/div>\n<\/details>\n<\/div>\n<div class=\"custom-product-section product-specs\">\n<h3 class=\"custom-product-heading specs-heading\">Technical Specifications<\/h3>\n<table class=\"specs-table\">\n<thead>\n<tr>\n<th>Parameter<\/th>\n<th>Value<\/th>\n<\/tr>\n<\/thead>\n<tbody>\n<tr>\n<td>Product type<\/td>\n<td>MIG\/MAG gas nozzle<\/td>\n<\/tr>\n<tr>\n<td>Compatibility<\/td>\n<td>B\u00f6hler Welding brackets type MT 440<\/td>\n<\/tr>\n<tr>\n<td>Quantity per package<\/td>\n<td>5 pieces<\/td>\n<\/tr>\n<tr>\n<td>Catalog number<\/td>\n<td>82.16.56753<\/td>\n<\/tr>\n<tr>\n<td>Manufacturer<\/td>\n<td>B\u00f6hler Welding (Voestalpine B\u00f6hler Welding)<\/td>\n<\/tr>\n<\/tbody>\n<\/table>\n<\/div>\n<div class=\"custom-product-section product-set-contents\">\n<h3 class=\"custom-product-heading set-contents-heading\">Kit Contents \/ Packaging<\/h3>\n<ul class=\"custom-product-list set-contents-list\">\n<li>The product with part number 82.16.56753 is supplied as a package containing 5 pieces of B\u00f6hler Welding GAS NOZZLE MT 440 gas nozzles.<\/li>\n<li>Detailed configuration and exact contents may vary. We recommend verification with the vendor. <\/li>\n<\/ul>\n<\/div>\n<div class=\"custom-product-section product-features\">\n<h3 class=\"custom-product-heading features-heading\">Key Features and Benefits<\/h3>\n<ul class=\"custom-product-list features-list\">\n<li>?\ufe0f <strong>Original Quality B\u00f6hler Welding:<\/strong> Guaranteed perfect fit and workmanship &#8216;Made in Europe&#8217;. Ensures maximum performance and reliability of the MT 440 chuck. <\/li>\n<li>? <strong>Optimized Gas Flow:<\/strong> Precision nozzle design ensures stable and effective gas shielding of the weld pool. The result is higher quality welds that are free of porosity. <\/li>\n<li>? <strong>High Material Durability:<\/strong> Made of materials resistant to extreme temperatures and splatter adhesion. This means longer nozzle life and reduced replacement costs. <\/li>\n<li>? <strong>Economical 5-Piece Package:<\/strong> Keep a stock of key consumable parts always on hand. Reduces order frequency and optimizes operating costs. <\/li>\n<\/ul>\n<\/div>\n<div class=\"custom-product-section product-application\">\n<h3 class=\"custom-product-heading application-heading\">Product Application<\/h3>\n<ul class=\"custom-product-list application-list\">\n<li>The B\u00f6hler Welding MT 440 gas nozzle (82.16.56753) is essential for professionals in the following areas:<\/li>\n<li>? MIG\/MAG welding in light and heavy industry.<\/li>\n<li>?\ufe0f Workshop, production and repair work.<\/li>\n<li>? Ensuring precise and stable gas shielding of the welding arc.<\/li>\n<li>? Compatible with B\u00f6hler Welding&#8217;s MT 440 type welding fixtures.<\/li>\n<li>\u2699\ufe0f Welding of structural steel, stainless steel and aluminum (with proper gas and wire selection).<\/li>\n<\/ul>\n<\/div>\n<div class=\"custom-product-section product-summary conclusion\">\n<h3 class=\"custom-product-heading summary-heading\">Summary: GAS NOZZLE MT 440 (5 Pieces) &#8211; Your Investment in Quality B\u00f6hler Welding<\/h3>\n<div class=\"summary-content\">\n<p>? Choosing genuine B\u00f6hler Welding MT 440 gas nozzles (5-pack, cat. no. 82.16.56753) is an investment in reliability, precision and superior welding quality. Give your MT 440 chuck optimal working conditions and enjoy perfect welds and reduced operating costs. To explore the full capabilities of the B\u00f6hler Welding GAS NOZZLE MT 440 (5 Pieces) and get the best deal, contact the experts at SpawLab &#8211; the official distributor and authorized service provider of Voestalpine B\u00f6hler Welding in Poland. Our team, trained in Italy, is at your service.   <\/p>\n<\/div>\n<\/div>\n<div class=\"custom-product-section product-codes-info\">\n<p><strong>Part number (Art. No.):<\/strong> 82.16.56753<\/p>\n<p><strong>Note:<\/strong> The product is sold in a collective package of 5 pcs. The given price (EUR 9.80 net \/ PLN 51.83 gross) applies to 1 piece. <\/p>\n<\/div>\n<p>&#8220;<\/p>\n","protected":false},"excerpt":{"rendered":"<p>B\u00f6hler Welding MT 440 gas nozzle (5 pcs.) 82.16.56753 &#8211; original part, optimal gas shielding. Professional welding. <\/p>\n","protected":false},"featured_media":41052,"template":"","meta":{"inline_featured_image":false},"product_brand":[772],"product_cat":[11536,5686],"product_tag":[11830,4432,11774,11779,11556,11829,5290],"class_list":{"0":"post-41403","1":"product","2":"type-product","3":"status-publish","4":"has-post-thumbnail","6":"product_brand-bohler","7":"product_cat-bohler-en-2","8":"product_cat-brand-zone","9":"product_tag-82-16-56753-en","10":"product_tag-bohler-welding-en-2","11":"product_tag-gas-nozzle","12":"product_tag-gas-shielding","13":"product_tag-mig-mag-parts","14":"product_tag-mt-440-en","15":"product_tag-welding-accessories-en","17":"first","18":"onbackorder","19":"taxable","20":"shipping-taxable","21":"purchasable","22":"product-type-simple"},"yoast_head":"<!-- This site is optimized with the Yoast SEO Premium plugin v27.0 (Yoast SEO v27.3) - https:\/\/yoast.com\/product\/yoast-seo-premium-wordpress\/ -->\n<title>B\u00f6hler Welding MT 440 gas nozzle (5 pcs.) - 82.16.56753<\/title>\n<meta name=\"description\" content=\"B\u00f6hler Welding MT 440 gas nozzle (5 pcs.) 82.16.56753 - original part, optimal gas shielding. Check it out at SpawLab!\" \/>\n<meta name=\"robots\" content=\"index, follow, max-snippet:-1, max-image-preview:large, max-video-preview:-1\" \/>\n<link rel=\"canonical\" href=\"https:\/\/spawlab.pl\/en\/produkt\/bohler-welding-mt-440-gas-nozzle-5-pcs-82-16-56753\/\" \/>\n<meta property=\"og:locale\" content=\"en_US\" \/>\n<meta property=\"og:type\" content=\"article\" \/>\n<meta property=\"og:title\" content=\"B\u00f6hler Welding MT 440 gas nozzle (5 pcs.) - 82.16.56753\" \/>\n<meta property=\"og:description\" content=\"Lider sprzeda\u017cy, Oficjalny Dystrybutor Premium i Serwis na Polsk\u0119 Migatronic, Gys, Voestalpine Bohler Welding. Nowe i u\u017cywane Spawarki, Przecinarki Plazmowe, Kompresory. Mgr in\u017c. Jaros\u0142aw Ko\u0142aski, IWE\" \/>\n<meta property=\"og:url\" content=\"https:\/\/spawlab.pl\/en\/produkt\/bohler-welding-mt-440-gas-nozzle-5-pcs-82-16-56753\/\" \/>\n<meta property=\"og:site_name\" content=\"SpawLab - Welding equipment and plasma cutters - store and service\" \/>\n<meta property=\"article:publisher\" content=\"https:\/\/www.facebook.com\/Spawlab\/\" \/>\n<meta property=\"og:image\" content=\"https:\/\/spawlab.pl\/wp-content\/uploads\/2025\/07\/BW-weldCare-Torch-MIG-SparePart-Gas-nozzle-MT-440-part-1200x1200px.515Wx515H.jpg\" \/>\n\t<meta property=\"og:image:width\" content=\"515\" \/>\n\t<meta property=\"og:image:height\" content=\"515\" \/>\n\t<meta property=\"og:image:type\" content=\"image\/jpeg\" \/>\n<meta name=\"twitter:label1\" content=\"Price\" \/>\n\t<meta name=\"twitter:data1\" content=\"51,83&nbsp;&#122;&#322; (42,14&nbsp;&#122;&#322; netto)\" \/>\n\t<meta name=\"twitter:label2\" content=\"Availability\" \/>\n\t<meta name=\"twitter:data2\" content=\"On backorder\" \/>\n<script type=\"application\/ld+json\" class=\"yoast-schema-graph\">{\"@context\":\"https:\\\/\\\/schema.org\",\"@graph\":[{\"@type\":[\"WebPage\",\"ItemPage\"],\"@id\":\"https:\\\/\\\/spawlab.pl\\\/en\\\/produkt\\\/bohler-welding-mt-440-gas-nozzle-5-pcs-82-16-56753\\\/\",\"url\":\"https:\\\/\\\/spawlab.pl\\\/en\\\/produkt\\\/bohler-welding-mt-440-gas-nozzle-5-pcs-82-16-56753\\\/\",\"name\":\"B\u00f6hler Welding MT 440 gas nozzle (5 pcs.) - 82.16.56753\",\"isPartOf\":{\"@id\":\"https:\\\/\\\/spawlab.pl\\\/en\\\/#website\"},\"primaryImageOfPage\":{\"@id\":\"https:\\\/\\\/spawlab.pl\\\/en\\\/produkt\\\/bohler-welding-mt-440-gas-nozzle-5-pcs-82-16-56753\\\/#primaryimage\"},\"image\":{\"@id\":\"https:\\\/\\\/spawlab.pl\\\/en\\\/produkt\\\/bohler-welding-mt-440-gas-nozzle-5-pcs-82-16-56753\\\/#primaryimage\"},\"thumbnailUrl\":\"https:\\\/\\\/spawlab.pl\\\/wp-content\\\/uploads\\\/2025\\\/07\\\/BW-weldCare-Torch-MIG-SparePart-Gas-nozzle-MT-440-part-1200x1200px.515Wx515H.jpg\",\"datePublished\":\"2025-07-09T21:27:16+00:00\",\"description\":\"B\u00f6hler Welding MT 440 gas nozzle (5 pcs.) 82.16.56753 - original part, optimal gas shielding. Check it out at SpawLab!\",\"breadcrumb\":{\"@id\":\"https:\\\/\\\/spawlab.pl\\\/en\\\/produkt\\\/bohler-welding-mt-440-gas-nozzle-5-pcs-82-16-56753\\\/#breadcrumb\"},\"inLanguage\":\"en-US\",\"potentialAction\":[{\"@type\":\"ReadAction\",\"target\":[\"https:\\\/\\\/spawlab.pl\\\/en\\\/produkt\\\/bohler-welding-mt-440-gas-nozzle-5-pcs-82-16-56753\\\/\"]}]},{\"@type\":\"ImageObject\",\"inLanguage\":\"en-US\",\"@id\":\"https:\\\/\\\/spawlab.pl\\\/en\\\/produkt\\\/bohler-welding-mt-440-gas-nozzle-5-pcs-82-16-56753\\\/#primaryimage\",\"url\":\"https:\\\/\\\/spawlab.pl\\\/wp-content\\\/uploads\\\/2025\\\/07\\\/BW-weldCare-Torch-MIG-SparePart-Gas-nozzle-MT-440-part-1200x1200px.515Wx515H.jpg\",\"contentUrl\":\"https:\\\/\\\/spawlab.pl\\\/wp-content\\\/uploads\\\/2025\\\/07\\\/BW-weldCare-Torch-MIG-SparePart-Gas-nozzle-MT-440-part-1200x1200px.515Wx515H.jpg\",\"width\":515,\"height\":515},{\"@type\":\"BreadcrumbList\",\"@id\":\"https:\\\/\\\/spawlab.pl\\\/en\\\/produkt\\\/bohler-welding-mt-440-gas-nozzle-5-pcs-82-16-56753\\\/#breadcrumb\",\"itemListElement\":[{\"@type\":\"ListItem\",\"position\":1,\"name\":\"Strona g\u0142\u00f3wna\",\"item\":\"https:\\\/\\\/spawlab.pl\\\/en\\\/\"},{\"@type\":\"ListItem\",\"position\":2,\"name\":\"Store\",\"item\":\"https:\\\/\\\/spawlab.pl\\\/en\\\/shop\\\/\"},{\"@type\":\"ListItem\",\"position\":3,\"name\":\"B\u00f6hler Welding MT 440 gas nozzle (5 pcs.) &#8211; 82.16.56753\"}]},{\"@type\":\"WebSite\",\"@id\":\"https:\\\/\\\/spawlab.pl\\\/en\\\/#website\",\"url\":\"https:\\\/\\\/spawlab.pl\\\/en\\\/\",\"name\":\"Spawlab.pl Lider - Spawarki, Przecinarki Plazmowe, Kompresory\",\"description\":\"Urz\u0105dzenia spawalnicze i Przecinarki plazmowe\\\/ nowe i u\u017cywane \\\/ Profesjonalny serwis\",\"publisher\":{\"@id\":\"https:\\\/\\\/spawlab.pl\\\/en\\\/#organization\"},\"alternateName\":\"Spawlab.pl - Dystrybutor Premium i Serwis na Polske Migatronic, Gys, Voestalpine Bohler Welding\",\"potentialAction\":[{\"@type\":\"SearchAction\",\"target\":{\"@type\":\"EntryPoint\",\"urlTemplate\":\"https:\\\/\\\/spawlab.pl\\\/en\\\/?s={search_term_string}\"},\"query-input\":{\"@type\":\"PropertyValueSpecification\",\"valueRequired\":true,\"valueName\":\"search_term_string\"}}],\"inLanguage\":\"en-US\"},{\"@type\":[\"Organization\",\"Place\"],\"@id\":\"https:\\\/\\\/spawlab.pl\\\/en\\\/#organization\",\"name\":\"Spawlab.pl\",\"url\":\"https:\\\/\\\/spawlab.pl\\\/en\\\/\",\"logo\":{\"@id\":\"https:\\\/\\\/spawlab.pl\\\/en\\\/produkt\\\/bohler-welding-mt-440-gas-nozzle-5-pcs-82-16-56753\\\/#local-main-organization-logo\"},\"image\":{\"@id\":\"https:\\\/\\\/spawlab.pl\\\/en\\\/produkt\\\/bohler-welding-mt-440-gas-nozzle-5-pcs-82-16-56753\\\/#local-main-organization-logo\"},\"sameAs\":[\"https:\\\/\\\/www.facebook.com\\\/Spawlab\\\/\",\"https:\\\/\\\/www.linkedin.com\\\/company\\\/spawlab\",\"https:\\\/\\\/www.instagram.com\\\/spawlab.pl\",\"https:\\\/\\\/www.tiktok.com\\\/@spawlab\"],\"description\":\"Lider sprzeda\u017cy, Oficjalny Dystrybutor Premium i Serwis na Polsk\u0119 Migatronic, Gys, Voestalpine Bohler Welding. Nowe i u\u017cywane Spawarki, Przecinarki Plazmowe, Kompresory. Mgr in\u017c. Jaros\u0142aw Ko\u0142aski, IWE\",\"hasMerchantReturnPolicy\":{\"@type\":\"MerchantReturnPolicy\",\"merchantReturnLink\":\"https:\\\/\\\/spawlab.pl\\\/polityka-prywatnosci-2\\\/\"},\"telephone\":[],\"openingHoursSpecification\":[{\"@type\":\"OpeningHoursSpecification\",\"dayOfWeek\":[\"Monday\",\"Tuesday\",\"Wednesday\",\"Thursday\",\"Friday\",\"Saturday\",\"Sunday\"],\"opens\":\"09:00\",\"closes\":\"17:00\"}]},{\"@type\":\"ImageObject\",\"inLanguage\":\"en-US\",\"@id\":\"https:\\\/\\\/spawlab.pl\\\/en\\\/produkt\\\/bohler-welding-mt-440-gas-nozzle-5-pcs-82-16-56753\\\/#local-main-organization-logo\",\"url\":\"https:\\\/\\\/spawlab.pl\\\/wp-content\\\/uploads\\\/2022\\\/01\\\/olx.jpg\",\"contentUrl\":\"https:\\\/\\\/spawlab.pl\\\/wp-content\\\/uploads\\\/2022\\\/01\\\/olx.jpg\",\"width\":200,\"height\":200,\"caption\":\"Spawlab.pl\"}]}<\/script>\n<meta property=\"product:brand\" content=\"B\u00f6hler\" \/>\n<meta property=\"product:price:amount\" content=\"51.83\" \/>\n<meta property=\"product:price:currency\" content=\"PLN\" \/>\n<meta property=\"og:availability\" content=\"backorder\" \/>\n<meta property=\"product:availability\" content=\"available for order\" \/>\n<meta property=\"product:retailer_item_id\" content=\"82.16.56753\" \/>\n<meta property=\"product:condition\" content=\"new\" \/>\n<!-- \/ Yoast SEO Premium plugin. -->","yoast_head_json":{"title":"B\u00f6hler Welding MT 440 gas nozzle (5 pcs.) - 82.16.56753","description":"B\u00f6hler Welding MT 440 gas nozzle (5 pcs.) 82.16.56753 - original part, optimal gas shielding. Check it out at SpawLab!","robots":{"index":"index","follow":"follow","max-snippet":"max-snippet:-1","max-image-preview":"max-image-preview:large","max-video-preview":"max-video-preview:-1"},"canonical":"https:\/\/spawlab.pl\/en\/produkt\/bohler-welding-mt-440-gas-nozzle-5-pcs-82-16-56753\/","og_locale":"en_US","og_type":"article","og_title":"B\u00f6hler Welding MT 440 gas nozzle (5 pcs.) - 82.16.56753","og_description":"Lider sprzeda\u017cy, Oficjalny Dystrybutor Premium i Serwis na Polsk\u0119 Migatronic, Gys, Voestalpine Bohler Welding. Nowe i u\u017cywane Spawarki, Przecinarki Plazmowe, Kompresory. Mgr in\u017c. Jaros\u0142aw Ko\u0142aski, IWE","og_url":"https:\/\/spawlab.pl\/en\/produkt\/bohler-welding-mt-440-gas-nozzle-5-pcs-82-16-56753\/","og_site_name":"SpawLab - Welding equipment and plasma cutters - store and service","article_publisher":"https:\/\/www.facebook.com\/Spawlab\/","og_image":[{"width":515,"height":515,"url":"https:\/\/spawlab.pl\/wp-content\/uploads\/2025\/07\/BW-weldCare-Torch-MIG-SparePart-Gas-nozzle-MT-440-part-1200x1200px.515Wx515H.jpg","type":"image\/jpeg"}],"twitter_misc":{"Price":"51,83&nbsp;&#122;&#322; (42,14&nbsp;&#122;&#322; netto)","Availability":"On backorder"},"schema":{"@context":"https:\/\/schema.org","@graph":[{"@type":["WebPage","ItemPage"],"@id":"https:\/\/spawlab.pl\/en\/produkt\/bohler-welding-mt-440-gas-nozzle-5-pcs-82-16-56753\/","url":"https:\/\/spawlab.pl\/en\/produkt\/bohler-welding-mt-440-gas-nozzle-5-pcs-82-16-56753\/","name":"B\u00f6hler Welding MT 440 gas nozzle (5 pcs.) - 82.16.56753","isPartOf":{"@id":"https:\/\/spawlab.pl\/en\/#website"},"primaryImageOfPage":{"@id":"https:\/\/spawlab.pl\/en\/produkt\/bohler-welding-mt-440-gas-nozzle-5-pcs-82-16-56753\/#primaryimage"},"image":{"@id":"https:\/\/spawlab.pl\/en\/produkt\/bohler-welding-mt-440-gas-nozzle-5-pcs-82-16-56753\/#primaryimage"},"thumbnailUrl":"https:\/\/spawlab.pl\/wp-content\/uploads\/2025\/07\/BW-weldCare-Torch-MIG-SparePart-Gas-nozzle-MT-440-part-1200x1200px.515Wx515H.jpg","datePublished":"2025-07-09T21:27:16+00:00","description":"B\u00f6hler Welding MT 440 gas nozzle (5 pcs.) 82.16.56753 - original part, optimal gas shielding. Check it out at SpawLab!","breadcrumb":{"@id":"https:\/\/spawlab.pl\/en\/produkt\/bohler-welding-mt-440-gas-nozzle-5-pcs-82-16-56753\/#breadcrumb"},"inLanguage":"en-US","potentialAction":[{"@type":"ReadAction","target":["https:\/\/spawlab.pl\/en\/produkt\/bohler-welding-mt-440-gas-nozzle-5-pcs-82-16-56753\/"]}]},{"@type":"ImageObject","inLanguage":"en-US","@id":"https:\/\/spawlab.pl\/en\/produkt\/bohler-welding-mt-440-gas-nozzle-5-pcs-82-16-56753\/#primaryimage","url":"https:\/\/spawlab.pl\/wp-content\/uploads\/2025\/07\/BW-weldCare-Torch-MIG-SparePart-Gas-nozzle-MT-440-part-1200x1200px.515Wx515H.jpg","contentUrl":"https:\/\/spawlab.pl\/wp-content\/uploads\/2025\/07\/BW-weldCare-Torch-MIG-SparePart-Gas-nozzle-MT-440-part-1200x1200px.515Wx515H.jpg","width":515,"height":515},{"@type":"BreadcrumbList","@id":"https:\/\/spawlab.pl\/en\/produkt\/bohler-welding-mt-440-gas-nozzle-5-pcs-82-16-56753\/#breadcrumb","itemListElement":[{"@type":"ListItem","position":1,"name":"Strona g\u0142\u00f3wna","item":"https:\/\/spawlab.pl\/en\/"},{"@type":"ListItem","position":2,"name":"Store","item":"https:\/\/spawlab.pl\/en\/shop\/"},{"@type":"ListItem","position":3,"name":"B\u00f6hler Welding MT 440 gas nozzle (5 pcs.) &#8211; 82.16.56753"}]},{"@type":"WebSite","@id":"https:\/\/spawlab.pl\/en\/#website","url":"https:\/\/spawlab.pl\/en\/","name":"Spawlab.pl Lider - Spawarki, Przecinarki Plazmowe, Kompresory","description":"Urz\u0105dzenia spawalnicze i Przecinarki plazmowe\/ nowe i u\u017cywane \/ Profesjonalny serwis","publisher":{"@id":"https:\/\/spawlab.pl\/en\/#organization"},"alternateName":"Spawlab.pl - Dystrybutor Premium i Serwis na Polske Migatronic, Gys, Voestalpine Bohler Welding","potentialAction":[{"@type":"SearchAction","target":{"@type":"EntryPoint","urlTemplate":"https:\/\/spawlab.pl\/en\/?s={search_term_string}"},"query-input":{"@type":"PropertyValueSpecification","valueRequired":true,"valueName":"search_term_string"}}],"inLanguage":"en-US"},{"@type":["Organization","Place"],"@id":"https:\/\/spawlab.pl\/en\/#organization","name":"Spawlab.pl","url":"https:\/\/spawlab.pl\/en\/","logo":{"@id":"https:\/\/spawlab.pl\/en\/produkt\/bohler-welding-mt-440-gas-nozzle-5-pcs-82-16-56753\/#local-main-organization-logo"},"image":{"@id":"https:\/\/spawlab.pl\/en\/produkt\/bohler-welding-mt-440-gas-nozzle-5-pcs-82-16-56753\/#local-main-organization-logo"},"sameAs":["https:\/\/www.facebook.com\/Spawlab\/","https:\/\/www.linkedin.com\/company\/spawlab","https:\/\/www.instagram.com\/spawlab.pl","https:\/\/www.tiktok.com\/@spawlab"],"description":"Lider sprzeda\u017cy, Oficjalny Dystrybutor Premium i Serwis na Polsk\u0119 Migatronic, Gys, Voestalpine Bohler Welding. Nowe i u\u017cywane Spawarki, Przecinarki Plazmowe, Kompresory. Mgr in\u017c. Jaros\u0142aw Ko\u0142aski, IWE","hasMerchantReturnPolicy":{"@type":"MerchantReturnPolicy","merchantReturnLink":"https:\/\/spawlab.pl\/polityka-prywatnosci-2\/"},"telephone":[],"openingHoursSpecification":[{"@type":"OpeningHoursSpecification","dayOfWeek":["Monday","Tuesday","Wednesday","Thursday","Friday","Saturday","Sunday"],"opens":"09:00","closes":"17:00"}]},{"@type":"ImageObject","inLanguage":"en-US","@id":"https:\/\/spawlab.pl\/en\/produkt\/bohler-welding-mt-440-gas-nozzle-5-pcs-82-16-56753\/#local-main-organization-logo","url":"https:\/\/spawlab.pl\/wp-content\/uploads\/2022\/01\/olx.jpg","contentUrl":"https:\/\/spawlab.pl\/wp-content\/uploads\/2022\/01\/olx.jpg","width":200,"height":200,"caption":"Spawlab.pl"}]},"product_brand":"B\u00f6hler","product_price_amount":"51.83","product_price_currency":"PLN","og_availability":"backorder","product_availability":"available for order","product_retailer_item_id":"82.16.56753","product_condition":"new"},"_links":{"self":[{"href":"https:\/\/spawlab.pl\/en\/wp-json\/wp\/v2\/product\/41403","targetHints":{"allow":["GET"]}}],"collection":[{"href":"https:\/\/spawlab.pl\/en\/wp-json\/wp\/v2\/product"}],"about":[{"href":"https:\/\/spawlab.pl\/en\/wp-json\/wp\/v2\/types\/product"}],"wp:featuredmedia":[{"embeddable":true,"href":"https:\/\/spawlab.pl\/en\/wp-json\/wp\/v2\/media\/41052"}],"wp:attachment":[{"href":"https:\/\/spawlab.pl\/en\/wp-json\/wp\/v2\/media?parent=41403"}],"wp:term":[{"taxonomy":"product_brand","embeddable":true,"href":"https:\/\/spawlab.pl\/en\/wp-json\/wp\/v2\/product_brand?post=41403"},{"taxonomy":"product_cat","embeddable":true,"href":"https:\/\/spawlab.pl\/en\/wp-json\/wp\/v2\/product_cat?post=41403"},{"taxonomy":"product_tag","embeddable":true,"href":"https:\/\/spawlab.pl\/en\/wp-json\/wp\/v2\/product_tag?post=41403"}],"curies":[{"name":"wp","href":"https:\/\/api.w.org\/{rel}","templated":true}]}}