{"id":41430,"date":"2025-07-09T23:30:56","date_gmt":"2025-07-09T21:30:56","guid":{"rendered":"https:\/\/spawlab.pl\/produkt\/bohler-welding-mig-mag-welding-program-standard-fcw-crni-19-12-3-e316l-o1-2mm-82-ar-18co2-79-s1-089\/"},"modified":"2025-07-09T23:30:56","modified_gmt":"2025-07-09T21:30:56","slug":"bohler-welding-mig-mag-welding-program-standard-fcw-crni-19-12-3-e316l-o1-2mm-82-ar-18co2-79-s1-089","status":"publish","type":"product","link":"https:\/\/spawlab.pl\/en\/produkt\/bohler-welding-mig-mag-welding-program-standard-fcw-crni-19-12-3-e316l-o1-2mm-82-ar-18co2-79-s1-089\/","title":{"rendered":"B\u00f6hler Welding MIG\/MAG Welding Program Standard &#8211; FCW CrNi 19 12 3 (E316L) \u00d81.2mm 82% Ar-18%CO2 &#8211; 79.S1.089"},"content":{"rendered":"<p>&#8221;<\/p>\n<div class=\"custom-product-section distributor-info spawlab-info\">\n<p><strong>SpawLab &#8211; your Authorized Voestalpine B\u00f6hler Welding Partner in Poland!<\/strong><\/p>\n<p>We are <strong>an official distributor of<\/strong> Voestalpine B\u00f6hler Welding equipment and <strong>an Authorized Service Center in Poland<\/strong>. Our team has undergone <strong>rigorous technical training directly in Italy<\/strong> at the manufacturer&#8217;s centers. <\/p>\n<p>When you choose SpawLab, you are assured of original products, access to B\u00f6hler Welding solutions, professional advice and service support.<\/p>\n<\/div>\n<div class=\"custom-product-section product-intro\">\n<h2 class=\"product-section-title main-product-title\">B\u00f6hler Welding MIG\/MAG Welding Program Standard &#8211; FCW CrNi 19 12 3 (E316L) \u00d81.2mm 82% Ar-18%CO2 &#8211; 79.S1.089<\/h2>\n<div class=\"description-content product-marketing-description\">\n<p>B\u00f6hler Welding FCW CrNi 19 12 3 (E316L) Welding Program is a high quality 1.2 mm diameter cored (powder) wire specifically designed for MIG\/MAG welding of type 19%Cr-12%Ni-3%Mo austenitic stainless steels, such as 316L. It guarantees welds with excellent corrosion resistance, especially in chloride-containing environments. Optimized for use with Ar\/CO2 shielding gas (82%\/18%), this welding program is the ideal choice for professionals looking for reliable and repeatable results in demanding industrial applications, providing a stable arc and minimal spatter.  <\/p>\n<p>Thanks to its precisely controlled chemical composition and metallurgical properties, this wire is an integral part of B\u00f6hler Welding&#8217;s comprehensive welding solutions (&#8216;Full Welding Solutions&#8217;). It is a &#8216;Made in Europe&#8217; material, created for welders who value the highest quality, performance and compliance with stringent industry standards. <\/p>\n<\/div>\n<\/div>\n<h3 class=\"custom-product-heading advanced-features-heading\">Explore Advanced Possibilities Welding Program MIG\/MAG Standard &#8211; FCW CrNi 19 12 3 (E316L) \u00d81.2mm 82% Ar-18%CO2<\/h3>\n<div class=\"custom-accordion advanced-features-accordion\">\n<details class=\"custom-accordion-item\">\n<summary class=\"custom-subtitle accordion-title\">? B\u00f6hler Arc Synergy Programs<\/summary>\n<div class=\"accordion-content\">\n<p>This MIG\/MAG Standard FCW CrNi 19 12 3 (E316L) Welding Program is optimized for use with B\u00f6hler Welding equipment equipped with the <strong>B\u00f6hler Arc<\/strong> system. This system offers a wide range of <strong>synergy programs<\/strong> that automatically select the optimal welding parameters based on the selected material, wire diameter and shielding gas. As a result, professionals can <strong>significantly reduce preparation time<\/strong> while ensuring reproducible <strong>, high quality welds<\/strong> without time-consuming testing. The programs are the result of years of research and experience at B\u00f6hler Welding, and are part of &#8216;Full Welding Solutions&#8217; &#8211; a comprehensive approach to welding.   <\/p>\n<\/div>\n<\/details>\n<details class=\"custom-accordion-item\">\n<summary class=\"custom-subtitle accordion-title\">? Improved MIG\/MAG ArcDrive Process<\/summary>\n<div class=\"accordion-content\">\n<p>The FCW CrNi 19 12 3 (E316L) welding program works perfectly with the advanced <strong>ArcDrive<\/strong> process available from B\u00f6hler Welding. ArcDrive is an enhanced MIG\/MAG process characterized by <strong>an extremely stable and dynamically responsive welding arc<\/strong>. This feature is key when welding stainless steels, making the process easier to conduct, especially in difficult positions. The result is a <strong>significant reduction in spatter<\/strong>, minimizing the need for grinding work and lowering the cost of final machining. ArcDrive, in combination with this wire, provides <strong>excellent joint quality and high<\/strong> stainless steel welding <strong>productivity<\/strong>.    <\/p>\n<\/div>\n<\/details>\n<\/div>\n<div class=\"custom-product-section product-specs\">\n<h3 class=\"custom-product-heading specs-heading\">Technical Specifications<\/h3>\n<table class=\"specs-table\">\n<thead>\n<tr>\n<th>Parameter<\/th>\n<th>Value<\/th>\n<\/tr>\n<\/thead>\n<tbody>\n<tr>\n<td>Wire type<\/td>\n<td>FCW (cored, powdered)<\/td>\n<\/tr>\n<tr>\n<td>Alloy designation<\/td>\n<td>CrNi 19 12 3 (equivalent to E316L \/ 1.4430)<\/td>\n<\/tr>\n<tr>\n<td>Wire diameter<\/td>\n<td>1.2 mm<\/td>\n<\/tr>\n<tr>\n<td>Shielding gas<\/td>\n<td>Ar\/CO2 mixture (recommended composition 82% Ar \/ 18% CO2)<\/td>\n<\/tr>\n<tr>\n<td>Welding method<\/td>\n<td>MIG\/MAG<\/td>\n<\/tr>\n<tr>\n<td>Main application<\/td>\n<td>Welding of type 316, 316L and related stainless steels<\/td>\n<\/tr>\n<tr>\n<td>Catalog number<\/td>\n<td>79.S1.089<\/td>\n<\/tr>\n<\/tbody>\n<\/table>\n<\/div>\n<div class=\"custom-product-section product-set-contents\">\n<h3 class=\"custom-product-heading set-contents-heading\">Kit Contents \/ Packaging<\/h3>\n<p>The product (Welding Program MIG\/MAG Standard &#8211; FCW CrNi 19 12 3 (E316L) \u00d81.2mm 82% Ar-18%CO2, Cat. No. 79.S1.089) is supplied as a single unit (e.g., spool of wire) according to the manufacturer&#8217;s standard Voestalpine B\u00f6hler Welding. Additional accessories and other welding consumables are available separately. The product is sold by the piece.   <\/p>\n<\/div>\n<div class=\"custom-product-section product-features\">\n<h3 class=\"custom-product-heading features-heading\">Key Features and Benefits<\/h3>\n<ul class=\"custom-product-list features-list\">\n<li>?\ufe0f <strong>High Corrosion Resistance:<\/strong> The special alloy composition (CrNi 19 12 3) provides welds with excellent resistance to general and intergranular corrosion, extending the life of structures in aggressive environments.<\/li>\n<li>\u2699\ufe0f <strong>Optimized Core Composition:<\/strong> FCW&#8217;s advanced core formulation guarantees a stable arc, easy slag removal and minimal splatter, resulting in higher weld quality and reduced post-weld processing time.<\/li>\n<li>? <strong>Ideal for Ar\/CO2 Mix:<\/strong> Designed to work with 82% Ar &#8211; 18% CO2 shielding gas for optimal fusion, excellent weld face appearance and control of the weld pool in various positions.<\/li>\n<li>? <strong>B\u00f6hler Welding &#8216;Made in Europe&#8217; quality:<\/strong> Guaranteed repeatability of parameters and reliability of each product batch, which is crucial for certified manufacturing processes and demanding industrial applications.<\/li>\n<\/ul>\n<\/div>\n<div class=\"custom-product-section product-application\">\n<h3 class=\"custom-product-heading application-heading\">Product Application<\/h3>\n<ul class=\"custom-product-list application-list\">\n<li>B\u00f6hler Welding FCW CrNi 19 12 3 (E316L) \u00d81.2mm wire is recommended for welding:<\/li>\n<li>? Structures made of austenitic stainless steels of type 316, 316L, 316Ti and related types, in the chemical and petrochemical industries.<\/li>\n<li>? Components in shipbuilding and offshore industries exposed to seawater and corrosive environments.<\/li>\n<li>?\ufe0f Equipment and installations for the food and pharmaceutical industries, where high purity and corrosion resistance are required.<\/li>\n<li>?\ufe0f Pressure vessels, pipelines and heat exchangers operating at elevated temperatures and aggressive media.<\/li>\n<li>? Responsible connections, where reliability and durability of the weld is crucial, such as in the power industry and specialized construction.<\/li>\n<\/ul>\n<\/div>\n<div class=\"custom-product-section product-summary conclusion\">\n<h3 class=\"custom-product-heading summary-heading\">Summary: Welding Program MIG\/MAG Standard &#8211; FCW CrNi 19 12 3 (E316L) \u00d81.2mm 82% Ar-18%CO2 &#8211; Your Investment in Quality B\u00f6hler Welding<\/h3>\n<div class=\"summary-content\">\n<p>? When you choose the B\u00f6hler Welding FCW CrNi 19 12 3 (E316L) \u00d81.2mm Welding Program, you are investing in <strong>reliability and the highest quality welds<\/strong> on 316L stainless steel, confirmed by the &#8216;Made in Europe&#8217; brand. Optimized to work with the advanced processes and synergy programs of B\u00f6hler Welding equipment, this core wire guarantees <strong>increased productivity and reduced<\/strong> processing <strong>costs<\/strong>. To learn more about the full capabilities of the B\u00f6hler Welding MIG\/MAG Welding Program Standard &#8211; FCW CrNi 19 12 3 (E316L) \u00d81.2mm 82% Ar-18%CO2 and get the best deal, contact the experts at SpawLab &#8211; the official distributor and authorized service provider of Voestalpine B\u00f6hler Welding in Poland. Our team, trained in Italy, is at your service.   <\/p>\n<\/div>\n<\/div>\n<div class=\"custom-product-section product-codes-info\">\n<p><strong>Part number (Art. No.):<\/strong> 79.S1.089<\/p>\n<\/div>\n<p>&#8220;<\/p>\n","protected":false},"excerpt":{"rendered":"<p>B\u00f6hler Welding MIG\/MAG Welding Program Standard &#8211; FCW CrNi 19 12 3 (E316L) \u00d81.2mm (79.S1.089) &#8211; precision welding of 316L stainless steel.<\/p>\n","protected":false},"featured_media":38560,"template":"","meta":{"inline_featured_image":false},"product_brand":[772],"product_cat":[11536,5686],"product_tag":[11766,11906,11910,11908,4982,5341,3473],"class_list":{"0":"post-41430","1":"product","2":"type-product","3":"status-publish","4":"has-post-thumbnail","6":"product_brand-bohler","7":"product_cat-bohler-en-2","8":"product_cat-brand-zone","9":"product_tag-bohler-welding-materials","10":"product_tag-crni-19-12-3-en","11":"product_tag-e316l-en","12":"product_tag-fcw-wire","13":"product_tag-fine-wire","14":"product_tag-mig-mag-en","15":"product_tag-stainless-steel-welding","17":"first","18":"onbackorder","19":"taxable","20":"shipping-taxable","21":"purchasable","22":"product-type-simple"},"yoast_head":"<!-- This site is optimized with the Yoast SEO Premium plugin v27.0 (Yoast SEO v27.3) - https:\/\/yoast.com\/product\/yoast-seo-premium-wordpress\/ -->\n<title>B\u00f6hler Welding FCW CrNi 19123 \u00d81.2mm 79.S1.089 | Welding 316L<\/title>\n<meta name=\"description\" content=\"B\u00f6hler Welding MIG\/MAG Welding Program Standard - FCW CrNi 19 12 3 (E316L) \u00d81.2mm (79.S1.089) - precision welding of 316L stainless steel. Check it out at SpawLab!\" \/>\n<meta name=\"robots\" content=\"index, follow, max-snippet:-1, max-image-preview:large, max-video-preview:-1\" \/>\n<link rel=\"canonical\" href=\"https:\/\/spawlab.pl\/en\/produkt\/bohler-welding-mig-mag-welding-program-standard-fcw-crni-19-12-3-e316l-o1-2mm-82-ar-18co2-79-s1-089\/\" \/>\n<meta property=\"og:locale\" content=\"en_US\" \/>\n<meta property=\"og:type\" content=\"article\" \/>\n<meta property=\"og:title\" content=\"B\u00f6hler Welding MIG\/MAG Welding Program Standard - FCW CrNi 19 12 3 (E316L) \u00d81.2mm 82% Ar-18%CO2 - 79.S1.089\" \/>\n<meta property=\"og:description\" content=\"Lider sprzeda\u017cy, Oficjalny Dystrybutor Premium i Serwis na Polsk\u0119 Migatronic, Gys, Voestalpine Bohler Welding. Nowe i u\u017cywane Spawarki, Przecinarki Plazmowe, Kompresory. Mgr in\u017c. Jaros\u0142aw Ko\u0142aski, IWE\" \/>\n<meta property=\"og:url\" content=\"https:\/\/spawlab.pl\/en\/produkt\/bohler-welding-mig-mag-welding-program-standard-fcw-crni-19-12-3-e316l-o1-2mm-82-ar-18co2-79-s1-089\/\" \/>\n<meta property=\"og:site_name\" content=\"SpawLab - Welding equipment and plasma cutters - store and service\" \/>\n<meta property=\"article:publisher\" content=\"https:\/\/www.facebook.com\/Spawlab\/\" \/>\n<meta property=\"og:image\" content=\"https:\/\/spawlab.pl\/wp-content\/uploads\/2025\/06\/Frame-1-scaled.png\" \/>\n\t<meta property=\"og:image:width\" content=\"2560\" \/>\n\t<meta property=\"og:image:height\" content=\"2197\" \/>\n\t<meta property=\"og:image:type\" content=\"image\/png\" \/>\n<meta name=\"twitter:label1\" content=\"Price\" \/>\n\t<meta name=\"twitter:data1\" content=\"428,41&nbsp;&#122;&#322; (348,30&nbsp;&#122;&#322; netto)\" \/>\n\t<meta name=\"twitter:label2\" content=\"Availability\" \/>\n\t<meta name=\"twitter:data2\" content=\"On backorder\" \/>\n<script type=\"application\/ld+json\" class=\"yoast-schema-graph\">{\"@context\":\"https:\\\/\\\/schema.org\",\"@graph\":[{\"@type\":[\"WebPage\",\"ItemPage\"],\"@id\":\"https:\\\/\\\/spawlab.pl\\\/en\\\/produkt\\\/bohler-welding-mig-mag-welding-program-standard-fcw-crni-19-12-3-e316l-o1-2mm-82-ar-18co2-79-s1-089\\\/\",\"url\":\"https:\\\/\\\/spawlab.pl\\\/en\\\/produkt\\\/bohler-welding-mig-mag-welding-program-standard-fcw-crni-19-12-3-e316l-o1-2mm-82-ar-18co2-79-s1-089\\\/\",\"name\":\"B\u00f6hler Welding FCW CrNi 19123 \u00d81.2mm 79.S1.089 | Welding 316L\",\"isPartOf\":{\"@id\":\"https:\\\/\\\/spawlab.pl\\\/en\\\/#website\"},\"primaryImageOfPage\":{\"@id\":\"https:\\\/\\\/spawlab.pl\\\/en\\\/produkt\\\/bohler-welding-mig-mag-welding-program-standard-fcw-crni-19-12-3-e316l-o1-2mm-82-ar-18co2-79-s1-089\\\/#primaryimage\"},\"image\":{\"@id\":\"https:\\\/\\\/spawlab.pl\\\/en\\\/produkt\\\/bohler-welding-mig-mag-welding-program-standard-fcw-crni-19-12-3-e316l-o1-2mm-82-ar-18co2-79-s1-089\\\/#primaryimage\"},\"thumbnailUrl\":\"https:\\\/\\\/spawlab.pl\\\/wp-content\\\/uploads\\\/2025\\\/06\\\/Frame-1-scaled.png\",\"datePublished\":\"2025-07-09T21:30:56+00:00\",\"description\":\"B\u00f6hler Welding MIG\\\/MAG Welding Program Standard - FCW CrNi 19 12 3 (E316L) \u00d81.2mm (79.S1.089) - precision welding of 316L stainless steel. Check it out at SpawLab!\",\"breadcrumb\":{\"@id\":\"https:\\\/\\\/spawlab.pl\\\/en\\\/produkt\\\/bohler-welding-mig-mag-welding-program-standard-fcw-crni-19-12-3-e316l-o1-2mm-82-ar-18co2-79-s1-089\\\/#breadcrumb\"},\"inLanguage\":\"en-US\",\"potentialAction\":[{\"@type\":\"ReadAction\",\"target\":[\"https:\\\/\\\/spawlab.pl\\\/en\\\/produkt\\\/bohler-welding-mig-mag-welding-program-standard-fcw-crni-19-12-3-e316l-o1-2mm-82-ar-18co2-79-s1-089\\\/\"]}]},{\"@type\":\"ImageObject\",\"inLanguage\":\"en-US\",\"@id\":\"https:\\\/\\\/spawlab.pl\\\/en\\\/produkt\\\/bohler-welding-mig-mag-welding-program-standard-fcw-crni-19-12-3-e316l-o1-2mm-82-ar-18co2-79-s1-089\\\/#primaryimage\",\"url\":\"https:\\\/\\\/spawlab.pl\\\/wp-content\\\/uploads\\\/2025\\\/06\\\/Frame-1-scaled.png\",\"contentUrl\":\"https:\\\/\\\/spawlab.pl\\\/wp-content\\\/uploads\\\/2025\\\/06\\\/Frame-1-scaled.png\",\"width\":2560,\"height\":2197},{\"@type\":\"BreadcrumbList\",\"@id\":\"https:\\\/\\\/spawlab.pl\\\/en\\\/produkt\\\/bohler-welding-mig-mag-welding-program-standard-fcw-crni-19-12-3-e316l-o1-2mm-82-ar-18co2-79-s1-089\\\/#breadcrumb\",\"itemListElement\":[{\"@type\":\"ListItem\",\"position\":1,\"name\":\"Strona g\u0142\u00f3wna\",\"item\":\"https:\\\/\\\/spawlab.pl\\\/en\\\/\"},{\"@type\":\"ListItem\",\"position\":2,\"name\":\"Store\",\"item\":\"https:\\\/\\\/spawlab.pl\\\/en\\\/shop\\\/\"},{\"@type\":\"ListItem\",\"position\":3,\"name\":\"B\u00f6hler Welding MIG\\\/MAG Welding Program Standard &#8211; FCW CrNi 19 12 3 (E316L) \u00d81.2mm 82% Ar-18%CO2 &#8211; 79.S1.089\"}]},{\"@type\":\"WebSite\",\"@id\":\"https:\\\/\\\/spawlab.pl\\\/en\\\/#website\",\"url\":\"https:\\\/\\\/spawlab.pl\\\/en\\\/\",\"name\":\"Spawlab.pl Lider - Spawarki, Przecinarki Plazmowe, Kompresory\",\"description\":\"Urz\u0105dzenia spawalnicze i Przecinarki plazmowe\\\/ nowe i u\u017cywane \\\/ Profesjonalny serwis\",\"publisher\":{\"@id\":\"https:\\\/\\\/spawlab.pl\\\/en\\\/#organization\"},\"alternateName\":\"Spawlab.pl - Dystrybutor Premium i Serwis na Polske Migatronic, Gys, Voestalpine Bohler Welding\",\"potentialAction\":[{\"@type\":\"SearchAction\",\"target\":{\"@type\":\"EntryPoint\",\"urlTemplate\":\"https:\\\/\\\/spawlab.pl\\\/en\\\/?s={search_term_string}\"},\"query-input\":{\"@type\":\"PropertyValueSpecification\",\"valueRequired\":true,\"valueName\":\"search_term_string\"}}],\"inLanguage\":\"en-US\"},{\"@type\":[\"Organization\",\"Place\"],\"@id\":\"https:\\\/\\\/spawlab.pl\\\/en\\\/#organization\",\"name\":\"Spawlab.pl\",\"url\":\"https:\\\/\\\/spawlab.pl\\\/en\\\/\",\"logo\":{\"@id\":\"https:\\\/\\\/spawlab.pl\\\/en\\\/produkt\\\/bohler-welding-mig-mag-welding-program-standard-fcw-crni-19-12-3-e316l-o1-2mm-82-ar-18co2-79-s1-089\\\/#local-main-organization-logo\"},\"image\":{\"@id\":\"https:\\\/\\\/spawlab.pl\\\/en\\\/produkt\\\/bohler-welding-mig-mag-welding-program-standard-fcw-crni-19-12-3-e316l-o1-2mm-82-ar-18co2-79-s1-089\\\/#local-main-organization-logo\"},\"sameAs\":[\"https:\\\/\\\/www.facebook.com\\\/Spawlab\\\/\",\"https:\\\/\\\/www.linkedin.com\\\/company\\\/spawlab\",\"https:\\\/\\\/www.instagram.com\\\/spawlab.pl\",\"https:\\\/\\\/www.tiktok.com\\\/@spawlab\"],\"description\":\"Lider sprzeda\u017cy, Oficjalny Dystrybutor Premium i Serwis na Polsk\u0119 Migatronic, Gys, Voestalpine Bohler Welding. Nowe i u\u017cywane Spawarki, Przecinarki Plazmowe, Kompresory. Mgr in\u017c. Jaros\u0142aw Ko\u0142aski, IWE\",\"hasMerchantReturnPolicy\":{\"@type\":\"MerchantReturnPolicy\",\"merchantReturnLink\":\"https:\\\/\\\/spawlab.pl\\\/polityka-prywatnosci-2\\\/\"},\"telephone\":[],\"openingHoursSpecification\":[{\"@type\":\"OpeningHoursSpecification\",\"dayOfWeek\":[\"Monday\",\"Tuesday\",\"Wednesday\",\"Thursday\",\"Friday\",\"Saturday\",\"Sunday\"],\"opens\":\"09:00\",\"closes\":\"17:00\"}]},{\"@type\":\"ImageObject\",\"inLanguage\":\"en-US\",\"@id\":\"https:\\\/\\\/spawlab.pl\\\/en\\\/produkt\\\/bohler-welding-mig-mag-welding-program-standard-fcw-crni-19-12-3-e316l-o1-2mm-82-ar-18co2-79-s1-089\\\/#local-main-organization-logo\",\"url\":\"https:\\\/\\\/spawlab.pl\\\/wp-content\\\/uploads\\\/2022\\\/01\\\/olx.jpg\",\"contentUrl\":\"https:\\\/\\\/spawlab.pl\\\/wp-content\\\/uploads\\\/2022\\\/01\\\/olx.jpg\",\"width\":200,\"height\":200,\"caption\":\"Spawlab.pl\"}]}<\/script>\n<meta property=\"product:brand\" content=\"B\u00f6hler\" \/>\n<meta property=\"product:price:amount\" content=\"428.41\" \/>\n<meta property=\"product:price:currency\" content=\"PLN\" \/>\n<meta property=\"og:availability\" content=\"backorder\" \/>\n<meta property=\"product:availability\" content=\"available for order\" \/>\n<meta property=\"product:retailer_item_id\" content=\"79.S1.089\" \/>\n<meta property=\"product:condition\" content=\"new\" \/>\n<!-- \/ Yoast SEO Premium plugin. -->","yoast_head_json":{"title":"B\u00f6hler Welding FCW CrNi 19123 \u00d81.2mm 79.S1.089 | Welding 316L","description":"B\u00f6hler Welding MIG\/MAG Welding Program Standard - FCW CrNi 19 12 3 (E316L) \u00d81.2mm (79.S1.089) - precision welding of 316L stainless steel. Check it out at SpawLab!","robots":{"index":"index","follow":"follow","max-snippet":"max-snippet:-1","max-image-preview":"max-image-preview:large","max-video-preview":"max-video-preview:-1"},"canonical":"https:\/\/spawlab.pl\/en\/produkt\/bohler-welding-mig-mag-welding-program-standard-fcw-crni-19-12-3-e316l-o1-2mm-82-ar-18co2-79-s1-089\/","og_locale":"en_US","og_type":"article","og_title":"B\u00f6hler Welding MIG\/MAG Welding Program Standard - FCW CrNi 19 12 3 (E316L) \u00d81.2mm 82% Ar-18%CO2 - 79.S1.089","og_description":"Lider sprzeda\u017cy, Oficjalny Dystrybutor Premium i Serwis na Polsk\u0119 Migatronic, Gys, Voestalpine Bohler Welding. Nowe i u\u017cywane Spawarki, Przecinarki Plazmowe, Kompresory. Mgr in\u017c. Jaros\u0142aw Ko\u0142aski, IWE","og_url":"https:\/\/spawlab.pl\/en\/produkt\/bohler-welding-mig-mag-welding-program-standard-fcw-crni-19-12-3-e316l-o1-2mm-82-ar-18co2-79-s1-089\/","og_site_name":"SpawLab - Welding equipment and plasma cutters - store and service","article_publisher":"https:\/\/www.facebook.com\/Spawlab\/","og_image":[{"width":2560,"height":2197,"url":"https:\/\/spawlab.pl\/wp-content\/uploads\/2025\/06\/Frame-1-scaled.png","type":"image\/png"}],"twitter_misc":{"Price":"428,41&nbsp;&#122;&#322; (348,30&nbsp;&#122;&#322; netto)","Availability":"On backorder"},"schema":{"@context":"https:\/\/schema.org","@graph":[{"@type":["WebPage","ItemPage"],"@id":"https:\/\/spawlab.pl\/en\/produkt\/bohler-welding-mig-mag-welding-program-standard-fcw-crni-19-12-3-e316l-o1-2mm-82-ar-18co2-79-s1-089\/","url":"https:\/\/spawlab.pl\/en\/produkt\/bohler-welding-mig-mag-welding-program-standard-fcw-crni-19-12-3-e316l-o1-2mm-82-ar-18co2-79-s1-089\/","name":"B\u00f6hler Welding FCW CrNi 19123 \u00d81.2mm 79.S1.089 | Welding 316L","isPartOf":{"@id":"https:\/\/spawlab.pl\/en\/#website"},"primaryImageOfPage":{"@id":"https:\/\/spawlab.pl\/en\/produkt\/bohler-welding-mig-mag-welding-program-standard-fcw-crni-19-12-3-e316l-o1-2mm-82-ar-18co2-79-s1-089\/#primaryimage"},"image":{"@id":"https:\/\/spawlab.pl\/en\/produkt\/bohler-welding-mig-mag-welding-program-standard-fcw-crni-19-12-3-e316l-o1-2mm-82-ar-18co2-79-s1-089\/#primaryimage"},"thumbnailUrl":"https:\/\/spawlab.pl\/wp-content\/uploads\/2025\/06\/Frame-1-scaled.png","datePublished":"2025-07-09T21:30:56+00:00","description":"B\u00f6hler Welding MIG\/MAG Welding Program Standard - FCW CrNi 19 12 3 (E316L) \u00d81.2mm (79.S1.089) - precision welding of 316L stainless steel. Check it out at SpawLab!","breadcrumb":{"@id":"https:\/\/spawlab.pl\/en\/produkt\/bohler-welding-mig-mag-welding-program-standard-fcw-crni-19-12-3-e316l-o1-2mm-82-ar-18co2-79-s1-089\/#breadcrumb"},"inLanguage":"en-US","potentialAction":[{"@type":"ReadAction","target":["https:\/\/spawlab.pl\/en\/produkt\/bohler-welding-mig-mag-welding-program-standard-fcw-crni-19-12-3-e316l-o1-2mm-82-ar-18co2-79-s1-089\/"]}]},{"@type":"ImageObject","inLanguage":"en-US","@id":"https:\/\/spawlab.pl\/en\/produkt\/bohler-welding-mig-mag-welding-program-standard-fcw-crni-19-12-3-e316l-o1-2mm-82-ar-18co2-79-s1-089\/#primaryimage","url":"https:\/\/spawlab.pl\/wp-content\/uploads\/2025\/06\/Frame-1-scaled.png","contentUrl":"https:\/\/spawlab.pl\/wp-content\/uploads\/2025\/06\/Frame-1-scaled.png","width":2560,"height":2197},{"@type":"BreadcrumbList","@id":"https:\/\/spawlab.pl\/en\/produkt\/bohler-welding-mig-mag-welding-program-standard-fcw-crni-19-12-3-e316l-o1-2mm-82-ar-18co2-79-s1-089\/#breadcrumb","itemListElement":[{"@type":"ListItem","position":1,"name":"Strona g\u0142\u00f3wna","item":"https:\/\/spawlab.pl\/en\/"},{"@type":"ListItem","position":2,"name":"Store","item":"https:\/\/spawlab.pl\/en\/shop\/"},{"@type":"ListItem","position":3,"name":"B\u00f6hler Welding MIG\/MAG Welding Program Standard &#8211; FCW CrNi 19 12 3 (E316L) \u00d81.2mm 82% Ar-18%CO2 &#8211; 79.S1.089"}]},{"@type":"WebSite","@id":"https:\/\/spawlab.pl\/en\/#website","url":"https:\/\/spawlab.pl\/en\/","name":"Spawlab.pl Lider - Spawarki, Przecinarki Plazmowe, Kompresory","description":"Urz\u0105dzenia spawalnicze i Przecinarki plazmowe\/ nowe i u\u017cywane \/ Profesjonalny serwis","publisher":{"@id":"https:\/\/spawlab.pl\/en\/#organization"},"alternateName":"Spawlab.pl - Dystrybutor Premium i Serwis na Polske Migatronic, Gys, Voestalpine Bohler Welding","potentialAction":[{"@type":"SearchAction","target":{"@type":"EntryPoint","urlTemplate":"https:\/\/spawlab.pl\/en\/?s={search_term_string}"},"query-input":{"@type":"PropertyValueSpecification","valueRequired":true,"valueName":"search_term_string"}}],"inLanguage":"en-US"},{"@type":["Organization","Place"],"@id":"https:\/\/spawlab.pl\/en\/#organization","name":"Spawlab.pl","url":"https:\/\/spawlab.pl\/en\/","logo":{"@id":"https:\/\/spawlab.pl\/en\/produkt\/bohler-welding-mig-mag-welding-program-standard-fcw-crni-19-12-3-e316l-o1-2mm-82-ar-18co2-79-s1-089\/#local-main-organization-logo"},"image":{"@id":"https:\/\/spawlab.pl\/en\/produkt\/bohler-welding-mig-mag-welding-program-standard-fcw-crni-19-12-3-e316l-o1-2mm-82-ar-18co2-79-s1-089\/#local-main-organization-logo"},"sameAs":["https:\/\/www.facebook.com\/Spawlab\/","https:\/\/www.linkedin.com\/company\/spawlab","https:\/\/www.instagram.com\/spawlab.pl","https:\/\/www.tiktok.com\/@spawlab"],"description":"Lider sprzeda\u017cy, Oficjalny Dystrybutor Premium i Serwis na Polsk\u0119 Migatronic, Gys, Voestalpine Bohler Welding. Nowe i u\u017cywane Spawarki, Przecinarki Plazmowe, Kompresory. Mgr in\u017c. Jaros\u0142aw Ko\u0142aski, IWE","hasMerchantReturnPolicy":{"@type":"MerchantReturnPolicy","merchantReturnLink":"https:\/\/spawlab.pl\/polityka-prywatnosci-2\/"},"telephone":[],"openingHoursSpecification":[{"@type":"OpeningHoursSpecification","dayOfWeek":["Monday","Tuesday","Wednesday","Thursday","Friday","Saturday","Sunday"],"opens":"09:00","closes":"17:00"}]},{"@type":"ImageObject","inLanguage":"en-US","@id":"https:\/\/spawlab.pl\/en\/produkt\/bohler-welding-mig-mag-welding-program-standard-fcw-crni-19-12-3-e316l-o1-2mm-82-ar-18co2-79-s1-089\/#local-main-organization-logo","url":"https:\/\/spawlab.pl\/wp-content\/uploads\/2022\/01\/olx.jpg","contentUrl":"https:\/\/spawlab.pl\/wp-content\/uploads\/2022\/01\/olx.jpg","width":200,"height":200,"caption":"Spawlab.pl"}]},"product_brand":"B\u00f6hler","product_price_amount":"428.41","product_price_currency":"PLN","og_availability":"backorder","product_availability":"available for order","product_retailer_item_id":"79.S1.089","product_condition":"new"},"_links":{"self":[{"href":"https:\/\/spawlab.pl\/en\/wp-json\/wp\/v2\/product\/41430","targetHints":{"allow":["GET"]}}],"collection":[{"href":"https:\/\/spawlab.pl\/en\/wp-json\/wp\/v2\/product"}],"about":[{"href":"https:\/\/spawlab.pl\/en\/wp-json\/wp\/v2\/types\/product"}],"wp:featuredmedia":[{"embeddable":true,"href":"https:\/\/spawlab.pl\/en\/wp-json\/wp\/v2\/media\/38560"}],"wp:attachment":[{"href":"https:\/\/spawlab.pl\/en\/wp-json\/wp\/v2\/media?parent=41430"}],"wp:term":[{"taxonomy":"product_brand","embeddable":true,"href":"https:\/\/spawlab.pl\/en\/wp-json\/wp\/v2\/product_brand?post=41430"},{"taxonomy":"product_cat","embeddable":true,"href":"https:\/\/spawlab.pl\/en\/wp-json\/wp\/v2\/product_cat?post=41430"},{"taxonomy":"product_tag","embeddable":true,"href":"https:\/\/spawlab.pl\/en\/wp-json\/wp\/v2\/product_tag?post=41430"}],"curies":[{"name":"wp","href":"https:\/\/api.w.org\/{rel}","templated":true}]}}