{"id":41435,"date":"2025-07-09T23:30:54","date_gmt":"2025-07-09T21:30:54","guid":{"rendered":"https:\/\/spawlab.pl\/produkt\/bohler-welding-arcdrive-welding-program-thermanit-ge-316l-si-o1-2mm-98ar-2co2-79-s1-05699\/"},"modified":"2025-07-09T23:30:54","modified_gmt":"2025-07-09T21:30:54","slug":"bohler-welding-arcdrive-welding-program-thermanit-ge-316l-si-o1-2mm-98ar-2co2-79-s1-05699","status":"publish","type":"product","link":"https:\/\/spawlab.pl\/en\/produkt\/bohler-welding-arcdrive-welding-program-thermanit-ge-316l-si-o1-2mm-98ar-2co2-79-s1-05699\/","title":{"rendered":"B\u00f6hler Welding ArcDrive Welding Program &#8211; THERMANIT GE 316L Si \u00d81.2mm 98%Ar-2%CO2 &#8211; 79.S1.05699"},"content":{"rendered":"<p>&#8221;<\/p>\n<div class=\"custom-product-section distributor-info spawlab-info\">\n<p><strong>SpawLab &#8211; your Authorized Voestalpine B\u00f6hler Welding Partner in Poland!<\/strong><\/p>\n<p>We are <strong>an official distributor of<\/strong> Voestalpine B\u00f6hler Welding equipment and <strong>an Authorized Service Center in Poland<\/strong>. Our team has undergone <strong>rigorous technical training directly in Italy<\/strong> at the manufacturer&#8217;s centers. <\/p>\n<p>When you choose SpawLab, you are assured of original products, access to B\u00f6hler Welding solutions, professional advice and service support.<\/p>\n<\/div>\n<div class=\"custom-product-section product-intro\">\n<h2 class=\"product-section-title main-product-title\">B\u00f6hler Welding ArcDrive Welding Program &#8211; THERMANIT GE 316L Si \u00d81.2mm 98%Ar-2%CO2 &#8211; 79.S1.05699<\/h2>\n<div class=\"description-content product-marketing-description\">\n<p>This dedicated welding program from B\u00f6hler Welding ArcDrive (part number 79.S1.05699) is the key to achieving reproducible, top-quality MIG\/MAG welds on type 316L stainless steel using THERMANIT GE 316L Si wire 1.2 mm in diameter in gas shielding 98%Ar-2%CO2. Designed by the experts at B\u00f6hler Welding, the program provides a turnkey synergistic line that precisely optimizes the advanced ArcDrive process, eliminating the need for time-consuming trials and guaranteeing perfect results and minimal spatter from the first weld. <\/p>\n<p>It is an indispensable tool for professionals carrying out responsible welding projects in the chemical, food and pharmaceutical industries, as well as in the production of acid-resistant steel structures, where uncompromising quality, repeatability and efficiency of the MIG\/MAG welding process count.<\/p>\n<\/div>\n<\/div>\n<h3 class=\"custom-product-heading advanced-features-heading\">Explore the Advanced Capabilities of ArcDrive Welding Program &#8211; THERMANIT GE 316L Si \u00d81.2mm 98%Ar-2%CO2<\/h3>\n<div class=\"custom-accordion advanced-features-accordion\">\n<details class=\"custom-accordion-item\">\n<summary class=\"custom-subtitle accordion-title\">\u2699\ufe0f ArcDrive Advanced Welding Process<\/summary>\n<div class=\"accordion-content\">\n<p>ArcDrive is a fundamental, enhanced MIG\/MAG process developed by B\u00f6hler Welding that forms the basis for this dedicated welding program. It features <strong>an exceptionally stable and highly reactive welding arc<\/strong>. This dynamic control makes welding easier, especially in challenging forced positions, giving the welder more control over the process.  <\/p>\n<p>A key benefit of the ArcDrive process is <strong>a significant reduction in weld spatter<\/strong>. This translates directly into time and cost savings by minimizing the need for cleaning and post-treating the weld. The ArcDrive process is optimized for welding a wide range of materials, including carbon steel, stainless steel (such as 316L), aluminum and cored wires. This welding program (79.S1.05699) allows you to precisely utilize all the benefits of ArcDrive when welding with THERMANIT GE 316L Si \u00d81.2mm wire in Ar\/CO2 shielding.   <\/p>\n<\/div>\n<\/details>\n<\/div>\n<div class=\"custom-product-section product-specs\">\n<h3 class=\"custom-product-heading specs-heading\">Technical Specifications<\/h3>\n<table class=\"specs-table\">\n<thead>\n<tr>\n<th>Parameter<\/th>\n<th>Value<\/th>\n<\/tr>\n<\/thead>\n<tbody>\n<tr>\n<td>** Product type<\/td>\n<td>** Welding program (dedicated synergy line)<\/td>\n<\/tr>\n<tr>\n<td>**Compatibility<\/td>\n<td>** B\u00f6hler Welding MIG\/MAG welding equipment equipped with ArcDrive process and B\u00f6hler Arc system (e.g. URANOS NX series, TERRA NX series).<\/td>\n<\/tr>\n<tr>\n<td>**Optimization for wire<\/td>\n<td>** B\u00f6hler Welding THERMANIT GE 316L Si<\/td>\n<\/tr>\n<tr>\n<td>** Wire diameter<\/td>\n<td>** \u00d8 1.2 mm<\/td>\n<\/tr>\n<tr>\n<td>** Shielding gas<\/td>\n<td>** 98% Argon \/ 2% CO2<\/td>\n<\/tr>\n<tr>\n<td>** Welding process<\/td>\n<td>** MIG\/MAG (optimized ArcDrive).<\/td>\n<\/tr>\n<tr>\n<td>** Catalog number<\/td>\n<td>** 79.S1.05699<\/td>\n<\/tr>\n<tr>\n<td>** Quantity<\/td>\n<td>** 1 pc.<\/td>\n<\/tr>\n<\/tbody>\n<\/table>\n<\/div>\n<div class=\"custom-product-section product-set-contents\">\n<h3 class=\"custom-product-heading set-contents-heading\">Kit Contents \/ Packaging<\/h3>\n<p>? The product (ArcDrive Welding Program &#8211; THERMANIT GE 316L Si \u00d81.2mm 98%Ar-2%CO2, cat. no. 79.S1.05699) is supplied as a single piece (file or data carrier to be uploaded to the device), according to the manufacturer&#8217;s standard Voestalpine B\u00f6hler Welding. Additional accessories and compatible welding equipment are available separately. Product sold by the piece.  <\/p>\n<\/div>\n<div class=\"custom-product-section product-features\">\n<h3 class=\"custom-product-heading features-heading\">Key Features and Benefits<\/h3>\n<ul class=\"custom-product-list features-list\">\n<li>? <strong>Perfect Optimization for 316L Si:<\/strong> A program finely tuned to the specifics of THERMANIT GE 316L Si \u00d81.2mm wire and Ar\/CO2 gas, maximizing ArcDrive process performance. <strong>Benefit:<\/strong> Guarantees perfect fusion, minimal spatter, and excellent weld face appearance without the need for manual parameter adjustments.<\/li>\n<li>\u23f1\ufe0f <strong>Immediate Readiness and Time Savings:<\/strong> Ready-made, expert-verified parameters eliminate the need for lengthy trial-and-error setup. <strong>Benefit:<\/strong> Significantly reduce welding preparation time and increase productivity.<\/li>\n<li>? <strong>Reliable Weld Repeatability:<\/strong> Achieve identical, high-quality weld results for a given application every time. <strong>Benefit:<\/strong> A key feature for batch production, certified applications, and anywhere consistent, top-quality welds are required.<\/li>\n<li>? <strong>Taking Full Advantage of ArcDrive&#8217;s Potential:<\/strong> The program allows you to take full advantage of the capabilities of B\u00f6hler Welding&#8217;s ArcDrive advanced arc control process for your specific welding task. <strong>Benefit:<\/strong> It provides exceptional arc stability, improved weld pool control and excellent weld quality not possible with standard settings.<\/li>\n<\/ul>\n<\/div>\n<div class=\"custom-product-section product-application\">\n<h3 class=\"custom-product-heading application-heading\">Product Application<\/h3>\n<ul class=\"custom-product-list application-list\">\n<li>The B\u00f6hler Welding 79.S1.05699 welding program is dedicated to professional applications requiring the highest quality welding of Type 316L stainless steel:<\/li>\n<li>? Production and prefabrication of structures, tanks and pipelines made of acid-resistant steel.<\/li>\n<li>? Chemical, petrochemical and energy industries.<\/li>\n<li>?\ufe0f Food, pharmaceutical and medical industries (high hygienic and quality requirements).<\/li>\n<li>?\ufe0f Specialized workshops for machining and welding austenitic stainless steels.<\/li>\n<li>?\ufe0f Architectural and construction applications requiring aesthetically pleasing and durable welds on 316L steel.<\/li>\n<li>\u2699\ufe0f Welding of quality-controlled joints requiring guaranteed repeatability and corrosion resistance.<\/li>\n<\/ul>\n<\/div>\n<div class=\"custom-product-section product-summary conclusion\">\n<h3 class=\"custom-product-heading summary-heading\">Summary: ArcDrive Welding Program &#8211; THERMANIT GE 316L Si \u00d81.2mm 98%Ar-2%CO2 &#8211; Your Investment in Quality from B\u00f6hler Welding<\/h3>\n<div class=\"summary-content\">\n<p>? When you choose B\u00f6hler Welding&#8217;s dedicated ArcDrive 79.S1.05699 welding program, you are investing in a guarantee of reproducible, top-quality welding of THERMANIT GE 316L Si stainless steel. Achieve perfect results and optimize your MIG\/MAG process with the expertise of B\u00f6hler Welding encapsulated in this advanced synergy line. To discover the full capabilities of the B\u00f6hler Welding ArcDrive Welding Program &#8211; THERMANIT GE 316L Si \u00d81.2mm 98%Ar-2%CO2 and get the best deal, contact the experts at SpawLab &#8211; the official distributor and authorized service provider of Voestalpine B\u00f6hler Welding in Poland. Our team, trained in Italy, is at your service.   <\/p>\n<\/div>\n<\/div>\n<div class=\"custom-product-section product-codes-info\">\n<p><strong>Part number (Art. No.):<\/strong> 79.S1.05699<\/p>\n<\/div>\n<p>&#8220;<\/p>\n","protected":false},"excerpt":{"rendered":"<p>B\u00f6hler Welding ArcDrive Welding Program &#8211; THERMANIT GE 316L Si \u00d81.2mm 98%Ar-2%CO2 (79.S1.05699) &#8211; optimizing the welding of 316L stainless steel. Professional solutions. <\/p>\n","protected":false},"featured_media":38560,"template":"","meta":{"inline_featured_image":false},"product_brand":[772],"product_cat":[11536,5686],"product_tag":[11541,11927,11924,5341,3473,11925,11926],"class_list":{"0":"post-41435","1":"product","2":"type-product","3":"status-publish","4":"has-post-thumbnail","6":"product_brand-bohler","7":"product_cat-bohler-en-2","8":"product_cat-brand-zone","9":"product_tag-arcdrive-en","10":"product_tag-bohler-welding-79-s1-05699-en","11":"product_tag-bohler-welding-program","12":"product_tag-mig-mag-en","13":"product_tag-stainless-steel-welding","14":"product_tag-synergy-line","15":"product_tag-thermanit-ge-316l-si-en","17":"first","18":"onbackorder","19":"taxable","20":"shipping-taxable","21":"purchasable","22":"product-type-simple"},"yoast_head":"<!-- This site is optimized with the Yoast SEO Premium plugin v27.0 (Yoast SEO v27.3) - https:\/\/yoast.com\/product\/yoast-seo-premium-wordpress\/ -->\n<title>B\u00f6hler Welding ArcDrive Program THERMANIT GE 316L Si - 79.S1.05699 | Welding Optimization<\/title>\n<meta name=\"description\" content=\"B\u00f6hler Welding ArcDrive Welding Program - THERMANIT GE 316L Si \u00d81.2mm 98%Ar-2%CO2 (79.S1.05699) - optimizing the welding of 316L stainless steel. Professional solutions. Check it out at SpawLab!\" \/>\n<meta name=\"robots\" content=\"index, follow, max-snippet:-1, max-image-preview:large, max-video-preview:-1\" \/>\n<link rel=\"canonical\" href=\"https:\/\/spawlab.pl\/en\/produkt\/bohler-welding-arcdrive-welding-program-thermanit-ge-316l-si-o1-2mm-98ar-2co2-79-s1-05699\/\" \/>\n<meta property=\"og:locale\" content=\"en_US\" \/>\n<meta property=\"og:type\" content=\"article\" \/>\n<meta property=\"og:title\" content=\"B\u00f6hler Welding ArcDrive Welding Program - THERMANIT GE 316L Si \u00d81.2mm 98%Ar-2%CO2 - 79.S1.05699\" \/>\n<meta property=\"og:description\" content=\"Lider sprzeda\u017cy, Oficjalny Dystrybutor Premium i Serwis na Polsk\u0119 Migatronic, Gys, Voestalpine Bohler Welding. Nowe i u\u017cywane Spawarki, Przecinarki Plazmowe, Kompresory. Mgr in\u017c. Jaros\u0142aw Ko\u0142aski, IWE\" \/>\n<meta property=\"og:url\" content=\"https:\/\/spawlab.pl\/en\/produkt\/bohler-welding-arcdrive-welding-program-thermanit-ge-316l-si-o1-2mm-98ar-2co2-79-s1-05699\/\" \/>\n<meta property=\"og:site_name\" content=\"SpawLab - Welding equipment and plasma cutters - store and service\" \/>\n<meta property=\"article:publisher\" content=\"https:\/\/www.facebook.com\/Spawlab\/\" \/>\n<meta property=\"og:image\" content=\"https:\/\/spawlab.pl\/wp-content\/uploads\/2025\/06\/Frame-1-scaled.png\" \/>\n\t<meta property=\"og:image:width\" content=\"2560\" \/>\n\t<meta property=\"og:image:height\" content=\"2197\" \/>\n\t<meta property=\"og:image:type\" content=\"image\/png\" \/>\n<meta name=\"twitter:label1\" content=\"Price\" \/>\n\t<meta name=\"twitter:data1\" content=\"428,41&nbsp;&#122;&#322; (348,30&nbsp;&#122;&#322; netto)\" \/>\n\t<meta name=\"twitter:label2\" content=\"Availability\" \/>\n\t<meta name=\"twitter:data2\" content=\"On backorder\" \/>\n<script type=\"application\/ld+json\" class=\"yoast-schema-graph\">{\"@context\":\"https:\\\/\\\/schema.org\",\"@graph\":[{\"@type\":[\"WebPage\",\"ItemPage\"],\"@id\":\"https:\\\/\\\/spawlab.pl\\\/en\\\/produkt\\\/bohler-welding-arcdrive-welding-program-thermanit-ge-316l-si-o1-2mm-98ar-2co2-79-s1-05699\\\/\",\"url\":\"https:\\\/\\\/spawlab.pl\\\/en\\\/produkt\\\/bohler-welding-arcdrive-welding-program-thermanit-ge-316l-si-o1-2mm-98ar-2co2-79-s1-05699\\\/\",\"name\":\"B\u00f6hler Welding ArcDrive Program THERMANIT GE 316L Si - 79.S1.05699 | Welding Optimization\",\"isPartOf\":{\"@id\":\"https:\\\/\\\/spawlab.pl\\\/en\\\/#website\"},\"primaryImageOfPage\":{\"@id\":\"https:\\\/\\\/spawlab.pl\\\/en\\\/produkt\\\/bohler-welding-arcdrive-welding-program-thermanit-ge-316l-si-o1-2mm-98ar-2co2-79-s1-05699\\\/#primaryimage\"},\"image\":{\"@id\":\"https:\\\/\\\/spawlab.pl\\\/en\\\/produkt\\\/bohler-welding-arcdrive-welding-program-thermanit-ge-316l-si-o1-2mm-98ar-2co2-79-s1-05699\\\/#primaryimage\"},\"thumbnailUrl\":\"https:\\\/\\\/spawlab.pl\\\/wp-content\\\/uploads\\\/2025\\\/06\\\/Frame-1-scaled.png\",\"datePublished\":\"2025-07-09T21:30:54+00:00\",\"description\":\"B\u00f6hler Welding ArcDrive Welding Program - THERMANIT GE 316L Si \u00d81.2mm 98%Ar-2%CO2 (79.S1.05699) - optimizing the welding of 316L stainless steel. Professional solutions. Check it out at SpawLab!\",\"breadcrumb\":{\"@id\":\"https:\\\/\\\/spawlab.pl\\\/en\\\/produkt\\\/bohler-welding-arcdrive-welding-program-thermanit-ge-316l-si-o1-2mm-98ar-2co2-79-s1-05699\\\/#breadcrumb\"},\"inLanguage\":\"en-US\",\"potentialAction\":[{\"@type\":\"ReadAction\",\"target\":[\"https:\\\/\\\/spawlab.pl\\\/en\\\/produkt\\\/bohler-welding-arcdrive-welding-program-thermanit-ge-316l-si-o1-2mm-98ar-2co2-79-s1-05699\\\/\"]}]},{\"@type\":\"ImageObject\",\"inLanguage\":\"en-US\",\"@id\":\"https:\\\/\\\/spawlab.pl\\\/en\\\/produkt\\\/bohler-welding-arcdrive-welding-program-thermanit-ge-316l-si-o1-2mm-98ar-2co2-79-s1-05699\\\/#primaryimage\",\"url\":\"https:\\\/\\\/spawlab.pl\\\/wp-content\\\/uploads\\\/2025\\\/06\\\/Frame-1-scaled.png\",\"contentUrl\":\"https:\\\/\\\/spawlab.pl\\\/wp-content\\\/uploads\\\/2025\\\/06\\\/Frame-1-scaled.png\",\"width\":2560,\"height\":2197},{\"@type\":\"BreadcrumbList\",\"@id\":\"https:\\\/\\\/spawlab.pl\\\/en\\\/produkt\\\/bohler-welding-arcdrive-welding-program-thermanit-ge-316l-si-o1-2mm-98ar-2co2-79-s1-05699\\\/#breadcrumb\",\"itemListElement\":[{\"@type\":\"ListItem\",\"position\":1,\"name\":\"Strona g\u0142\u00f3wna\",\"item\":\"https:\\\/\\\/spawlab.pl\\\/en\\\/\"},{\"@type\":\"ListItem\",\"position\":2,\"name\":\"Store\",\"item\":\"https:\\\/\\\/spawlab.pl\\\/en\\\/shop\\\/\"},{\"@type\":\"ListItem\",\"position\":3,\"name\":\"B\u00f6hler Welding ArcDrive Welding Program &#8211; THERMANIT GE 316L Si \u00d81.2mm 98%Ar-2%CO2 &#8211; 79.S1.05699\"}]},{\"@type\":\"WebSite\",\"@id\":\"https:\\\/\\\/spawlab.pl\\\/en\\\/#website\",\"url\":\"https:\\\/\\\/spawlab.pl\\\/en\\\/\",\"name\":\"Spawlab.pl Lider - Spawarki, Przecinarki Plazmowe, Kompresory\",\"description\":\"Urz\u0105dzenia spawalnicze i Przecinarki plazmowe\\\/ nowe i u\u017cywane \\\/ Profesjonalny serwis\",\"publisher\":{\"@id\":\"https:\\\/\\\/spawlab.pl\\\/en\\\/#organization\"},\"alternateName\":\"Spawlab.pl - Dystrybutor Premium i Serwis na Polske Migatronic, Gys, Voestalpine Bohler Welding\",\"potentialAction\":[{\"@type\":\"SearchAction\",\"target\":{\"@type\":\"EntryPoint\",\"urlTemplate\":\"https:\\\/\\\/spawlab.pl\\\/en\\\/?s={search_term_string}\"},\"query-input\":{\"@type\":\"PropertyValueSpecification\",\"valueRequired\":true,\"valueName\":\"search_term_string\"}}],\"inLanguage\":\"en-US\"},{\"@type\":[\"Organization\",\"Place\"],\"@id\":\"https:\\\/\\\/spawlab.pl\\\/en\\\/#organization\",\"name\":\"Spawlab.pl\",\"url\":\"https:\\\/\\\/spawlab.pl\\\/en\\\/\",\"logo\":{\"@id\":\"https:\\\/\\\/spawlab.pl\\\/en\\\/produkt\\\/bohler-welding-arcdrive-welding-program-thermanit-ge-316l-si-o1-2mm-98ar-2co2-79-s1-05699\\\/#local-main-organization-logo\"},\"image\":{\"@id\":\"https:\\\/\\\/spawlab.pl\\\/en\\\/produkt\\\/bohler-welding-arcdrive-welding-program-thermanit-ge-316l-si-o1-2mm-98ar-2co2-79-s1-05699\\\/#local-main-organization-logo\"},\"sameAs\":[\"https:\\\/\\\/www.facebook.com\\\/Spawlab\\\/\",\"https:\\\/\\\/www.linkedin.com\\\/company\\\/spawlab\",\"https:\\\/\\\/www.instagram.com\\\/spawlab.pl\",\"https:\\\/\\\/www.tiktok.com\\\/@spawlab\"],\"description\":\"Lider sprzeda\u017cy, Oficjalny Dystrybutor Premium i Serwis na Polsk\u0119 Migatronic, Gys, Voestalpine Bohler Welding. Nowe i u\u017cywane Spawarki, Przecinarki Plazmowe, Kompresory. Mgr in\u017c. Jaros\u0142aw Ko\u0142aski, IWE\",\"hasMerchantReturnPolicy\":{\"@type\":\"MerchantReturnPolicy\",\"merchantReturnLink\":\"https:\\\/\\\/spawlab.pl\\\/polityka-prywatnosci-2\\\/\"},\"telephone\":[],\"openingHoursSpecification\":[{\"@type\":\"OpeningHoursSpecification\",\"dayOfWeek\":[\"Monday\",\"Tuesday\",\"Wednesday\",\"Thursday\",\"Friday\",\"Saturday\",\"Sunday\"],\"opens\":\"09:00\",\"closes\":\"17:00\"}]},{\"@type\":\"ImageObject\",\"inLanguage\":\"en-US\",\"@id\":\"https:\\\/\\\/spawlab.pl\\\/en\\\/produkt\\\/bohler-welding-arcdrive-welding-program-thermanit-ge-316l-si-o1-2mm-98ar-2co2-79-s1-05699\\\/#local-main-organization-logo\",\"url\":\"https:\\\/\\\/spawlab.pl\\\/wp-content\\\/uploads\\\/2022\\\/01\\\/olx.jpg\",\"contentUrl\":\"https:\\\/\\\/spawlab.pl\\\/wp-content\\\/uploads\\\/2022\\\/01\\\/olx.jpg\",\"width\":200,\"height\":200,\"caption\":\"Spawlab.pl\"}]}<\/script>\n<meta property=\"product:brand\" content=\"B\u00f6hler\" \/>\n<meta property=\"product:price:amount\" content=\"428.41\" \/>\n<meta property=\"product:price:currency\" content=\"PLN\" \/>\n<meta property=\"og:availability\" content=\"backorder\" \/>\n<meta property=\"product:availability\" content=\"available for order\" \/>\n<meta property=\"product:retailer_item_id\" content=\"79.S1.05699\" \/>\n<meta property=\"product:condition\" content=\"new\" \/>\n<!-- \/ Yoast SEO Premium plugin. -->","yoast_head_json":{"title":"B\u00f6hler Welding ArcDrive Program THERMANIT GE 316L Si - 79.S1.05699 | Welding Optimization","description":"B\u00f6hler Welding ArcDrive Welding Program - THERMANIT GE 316L Si \u00d81.2mm 98%Ar-2%CO2 (79.S1.05699) - optimizing the welding of 316L stainless steel. Professional solutions. Check it out at SpawLab!","robots":{"index":"index","follow":"follow","max-snippet":"max-snippet:-1","max-image-preview":"max-image-preview:large","max-video-preview":"max-video-preview:-1"},"canonical":"https:\/\/spawlab.pl\/en\/produkt\/bohler-welding-arcdrive-welding-program-thermanit-ge-316l-si-o1-2mm-98ar-2co2-79-s1-05699\/","og_locale":"en_US","og_type":"article","og_title":"B\u00f6hler Welding ArcDrive Welding Program - THERMANIT GE 316L Si \u00d81.2mm 98%Ar-2%CO2 - 79.S1.05699","og_description":"Lider sprzeda\u017cy, Oficjalny Dystrybutor Premium i Serwis na Polsk\u0119 Migatronic, Gys, Voestalpine Bohler Welding. Nowe i u\u017cywane Spawarki, Przecinarki Plazmowe, Kompresory. Mgr in\u017c. Jaros\u0142aw Ko\u0142aski, IWE","og_url":"https:\/\/spawlab.pl\/en\/produkt\/bohler-welding-arcdrive-welding-program-thermanit-ge-316l-si-o1-2mm-98ar-2co2-79-s1-05699\/","og_site_name":"SpawLab - Welding equipment and plasma cutters - store and service","article_publisher":"https:\/\/www.facebook.com\/Spawlab\/","og_image":[{"width":2560,"height":2197,"url":"https:\/\/spawlab.pl\/wp-content\/uploads\/2025\/06\/Frame-1-scaled.png","type":"image\/png"}],"twitter_misc":{"Price":"428,41&nbsp;&#122;&#322; (348,30&nbsp;&#122;&#322; netto)","Availability":"On backorder"},"schema":{"@context":"https:\/\/schema.org","@graph":[{"@type":["WebPage","ItemPage"],"@id":"https:\/\/spawlab.pl\/en\/produkt\/bohler-welding-arcdrive-welding-program-thermanit-ge-316l-si-o1-2mm-98ar-2co2-79-s1-05699\/","url":"https:\/\/spawlab.pl\/en\/produkt\/bohler-welding-arcdrive-welding-program-thermanit-ge-316l-si-o1-2mm-98ar-2co2-79-s1-05699\/","name":"B\u00f6hler Welding ArcDrive Program THERMANIT GE 316L Si - 79.S1.05699 | Welding Optimization","isPartOf":{"@id":"https:\/\/spawlab.pl\/en\/#website"},"primaryImageOfPage":{"@id":"https:\/\/spawlab.pl\/en\/produkt\/bohler-welding-arcdrive-welding-program-thermanit-ge-316l-si-o1-2mm-98ar-2co2-79-s1-05699\/#primaryimage"},"image":{"@id":"https:\/\/spawlab.pl\/en\/produkt\/bohler-welding-arcdrive-welding-program-thermanit-ge-316l-si-o1-2mm-98ar-2co2-79-s1-05699\/#primaryimage"},"thumbnailUrl":"https:\/\/spawlab.pl\/wp-content\/uploads\/2025\/06\/Frame-1-scaled.png","datePublished":"2025-07-09T21:30:54+00:00","description":"B\u00f6hler Welding ArcDrive Welding Program - THERMANIT GE 316L Si \u00d81.2mm 98%Ar-2%CO2 (79.S1.05699) - optimizing the welding of 316L stainless steel. Professional solutions. Check it out at SpawLab!","breadcrumb":{"@id":"https:\/\/spawlab.pl\/en\/produkt\/bohler-welding-arcdrive-welding-program-thermanit-ge-316l-si-o1-2mm-98ar-2co2-79-s1-05699\/#breadcrumb"},"inLanguage":"en-US","potentialAction":[{"@type":"ReadAction","target":["https:\/\/spawlab.pl\/en\/produkt\/bohler-welding-arcdrive-welding-program-thermanit-ge-316l-si-o1-2mm-98ar-2co2-79-s1-05699\/"]}]},{"@type":"ImageObject","inLanguage":"en-US","@id":"https:\/\/spawlab.pl\/en\/produkt\/bohler-welding-arcdrive-welding-program-thermanit-ge-316l-si-o1-2mm-98ar-2co2-79-s1-05699\/#primaryimage","url":"https:\/\/spawlab.pl\/wp-content\/uploads\/2025\/06\/Frame-1-scaled.png","contentUrl":"https:\/\/spawlab.pl\/wp-content\/uploads\/2025\/06\/Frame-1-scaled.png","width":2560,"height":2197},{"@type":"BreadcrumbList","@id":"https:\/\/spawlab.pl\/en\/produkt\/bohler-welding-arcdrive-welding-program-thermanit-ge-316l-si-o1-2mm-98ar-2co2-79-s1-05699\/#breadcrumb","itemListElement":[{"@type":"ListItem","position":1,"name":"Strona g\u0142\u00f3wna","item":"https:\/\/spawlab.pl\/en\/"},{"@type":"ListItem","position":2,"name":"Store","item":"https:\/\/spawlab.pl\/en\/shop\/"},{"@type":"ListItem","position":3,"name":"B\u00f6hler Welding ArcDrive Welding Program &#8211; THERMANIT GE 316L Si \u00d81.2mm 98%Ar-2%CO2 &#8211; 79.S1.05699"}]},{"@type":"WebSite","@id":"https:\/\/spawlab.pl\/en\/#website","url":"https:\/\/spawlab.pl\/en\/","name":"Spawlab.pl Lider - Spawarki, Przecinarki Plazmowe, Kompresory","description":"Urz\u0105dzenia spawalnicze i Przecinarki plazmowe\/ nowe i u\u017cywane \/ Profesjonalny serwis","publisher":{"@id":"https:\/\/spawlab.pl\/en\/#organization"},"alternateName":"Spawlab.pl - Dystrybutor Premium i Serwis na Polske Migatronic, Gys, Voestalpine Bohler Welding","potentialAction":[{"@type":"SearchAction","target":{"@type":"EntryPoint","urlTemplate":"https:\/\/spawlab.pl\/en\/?s={search_term_string}"},"query-input":{"@type":"PropertyValueSpecification","valueRequired":true,"valueName":"search_term_string"}}],"inLanguage":"en-US"},{"@type":["Organization","Place"],"@id":"https:\/\/spawlab.pl\/en\/#organization","name":"Spawlab.pl","url":"https:\/\/spawlab.pl\/en\/","logo":{"@id":"https:\/\/spawlab.pl\/en\/produkt\/bohler-welding-arcdrive-welding-program-thermanit-ge-316l-si-o1-2mm-98ar-2co2-79-s1-05699\/#local-main-organization-logo"},"image":{"@id":"https:\/\/spawlab.pl\/en\/produkt\/bohler-welding-arcdrive-welding-program-thermanit-ge-316l-si-o1-2mm-98ar-2co2-79-s1-05699\/#local-main-organization-logo"},"sameAs":["https:\/\/www.facebook.com\/Spawlab\/","https:\/\/www.linkedin.com\/company\/spawlab","https:\/\/www.instagram.com\/spawlab.pl","https:\/\/www.tiktok.com\/@spawlab"],"description":"Lider sprzeda\u017cy, Oficjalny Dystrybutor Premium i Serwis na Polsk\u0119 Migatronic, Gys, Voestalpine Bohler Welding. Nowe i u\u017cywane Spawarki, Przecinarki Plazmowe, Kompresory. Mgr in\u017c. Jaros\u0142aw Ko\u0142aski, IWE","hasMerchantReturnPolicy":{"@type":"MerchantReturnPolicy","merchantReturnLink":"https:\/\/spawlab.pl\/polityka-prywatnosci-2\/"},"telephone":[],"openingHoursSpecification":[{"@type":"OpeningHoursSpecification","dayOfWeek":["Monday","Tuesday","Wednesday","Thursday","Friday","Saturday","Sunday"],"opens":"09:00","closes":"17:00"}]},{"@type":"ImageObject","inLanguage":"en-US","@id":"https:\/\/spawlab.pl\/en\/produkt\/bohler-welding-arcdrive-welding-program-thermanit-ge-316l-si-o1-2mm-98ar-2co2-79-s1-05699\/#local-main-organization-logo","url":"https:\/\/spawlab.pl\/wp-content\/uploads\/2022\/01\/olx.jpg","contentUrl":"https:\/\/spawlab.pl\/wp-content\/uploads\/2022\/01\/olx.jpg","width":200,"height":200,"caption":"Spawlab.pl"}]},"product_brand":"B\u00f6hler","product_price_amount":"428.41","product_price_currency":"PLN","og_availability":"backorder","product_availability":"available for order","product_retailer_item_id":"79.S1.05699","product_condition":"new"},"_links":{"self":[{"href":"https:\/\/spawlab.pl\/en\/wp-json\/wp\/v2\/product\/41435","targetHints":{"allow":["GET"]}}],"collection":[{"href":"https:\/\/spawlab.pl\/en\/wp-json\/wp\/v2\/product"}],"about":[{"href":"https:\/\/spawlab.pl\/en\/wp-json\/wp\/v2\/types\/product"}],"wp:featuredmedia":[{"embeddable":true,"href":"https:\/\/spawlab.pl\/en\/wp-json\/wp\/v2\/media\/38560"}],"wp:attachment":[{"href":"https:\/\/spawlab.pl\/en\/wp-json\/wp\/v2\/media?parent=41435"}],"wp:term":[{"taxonomy":"product_brand","embeddable":true,"href":"https:\/\/spawlab.pl\/en\/wp-json\/wp\/v2\/product_brand?post=41435"},{"taxonomy":"product_cat","embeddable":true,"href":"https:\/\/spawlab.pl\/en\/wp-json\/wp\/v2\/product_cat?post=41435"},{"taxonomy":"product_tag","embeddable":true,"href":"https:\/\/spawlab.pl\/en\/wp-json\/wp\/v2\/product_tag?post=41435"}],"curies":[{"name":"wp","href":"https:\/\/api.w.org\/{rel}","templated":true}]}}