{"id":41487,"date":"2025-07-09T23:31:25","date_gmt":"2025-07-09T21:31:25","guid":{"rendered":"https:\/\/spawlab.pl\/produkt\/bohler-welding-welding-program-package-diamondspark-52-mc-m20-ar-8co2-arcdrive-79-i2-00070\/"},"modified":"2025-07-09T23:31:25","modified_gmt":"2025-07-09T21:31:25","slug":"bohler-welding-welding-program-package-diamondspark-52-mc-m20-ar-8co2-arcdrive-79-i2-00070","status":"publish","type":"product","link":"https:\/\/spawlab.pl\/en\/produkt\/bohler-welding-welding-program-package-diamondspark-52-mc-m20-ar-8co2-arcdrive-79-i2-00070\/","title":{"rendered":"B\u00f6hler Welding Welding Program Package diamondspark 52 MC M20 (Ar 8%CO2) &#8211; ArcDrive &#8211; 79.I2.00070"},"content":{"rendered":"<p>&#8221;<\/p>\n<div class=\"custom-product-section distributor-info spawlab-info\">\n<p><strong>SpawLab &#8211; your Authorized Voestalpine B\u00f6hler Welding Partner in Poland!<\/strong><\/p>\n<p>We are <strong>an official distributor of<\/strong> Voestalpine B\u00f6hler Welding equipment and <strong>an Authorized Service Center in Poland<\/strong>. Our team has undergone <strong>rigorous technical training directly in Italy<\/strong> at the manufacturer&#8217;s centers. <\/p>\n<p>When you choose SpawLab, you are assured of original products, access to B\u00f6hler Welding solutions, professional advice and service support.<\/p>\n<\/div>\n<div class=\"custom-product-section product-intro\">\n<h2 class=\"product-section-title main-product-title\">B\u00f6hler Welding Welding Program Package diamondspark 52 MC M20 (Ar 8%CO2) &#8211; ArcDrive &#8211; 79.I2.00070<\/h2>\n<div class=\"description-content product-marketing-description\">\n<p>Achieve masterful precision and productivity in MIG\/MAG welding with B\u00f6hler Welding&#8217;s dedicated Welding Program Package, optimized for <strong>diamondspark 52 MC<\/strong> cored wire in <strong>M20 (Ar 8%CO2)<\/strong> gas shielding. This specialized package uses advanced <strong>ArcDrive<\/strong> technology, guaranteeing professionals excellent arc control, minimized spatter and top-quality welds on carbon steel. <\/p>\n<p>The package is designed for welders and companies seeking to maximize efficiency and repeatable results with B\u00f6hler Welding machines, providing a perfect match of parameters to one of the leading core wires in the Voestalpine B\u00f6hler Welding portfolio.<\/p>\n<\/div>\n<\/div>\n<h3 class=\"custom-product-heading advanced-features-heading\">Explore Advanced Welding Programs Package &#8211; diamondspark 52 MC M20 (Ar 8%CO2) &#8211; ArcDrive<\/h3>\n<div class=\"custom-accordion advanced-features-accordion\">\n<details class=\"custom-accordion-item\">\n<summary class=\"custom-subtitle accordion-title\">\u2699\ufe0f ArcDrive Advanced Welding Process<\/summary>\n<div class=\"accordion-content\">\n<p><strong>ArcDrive<\/strong> is a fundamental, enhanced MIG\/MAG welding process developed by B\u00f6hler Welding, designed for professionals who value the highest quality and efficiency. It features <strong>an exceptionally stable and dynamically responsive welding arc<\/strong>, which greatly facilitates the welding process, especially in demanding forced positions. <\/p>\n<p>A key benefit of ArcDrive technology is the <strong>drastic reduction in metal spatter<\/strong>. This translates directly into time and cost savings, eliminating or significantly reducing the need for time-consuming weld finishing. The ArcDrive process is versatile and ideally suited for welding carbon steels (as with diamondspark 52 MC wire), stainless steels, aluminum and using core wires, providing excellent results and weld cleanliness.  <\/p>\n<\/div>\n<\/details>\n<\/div>\n<div class=\"custom-product-section product-specs\">\n<h3 class=\"custom-product-heading specs-heading\">Technical Specifications<\/h3>\n<table class=\"specs-table\">\n<thead>\n<tr>\n<th>Parameter<\/th>\n<th>Value<\/th>\n<\/tr>\n<\/thead>\n<tbody>\n<tr>\n<td>Product type<\/td>\n<td>Welding Program Package (software\/synergy curve)<\/td>\n<\/tr>\n<tr>\n<td>Catalog number<\/td>\n<td>79.I2.00070<\/td>\n<\/tr>\n<tr>\n<td>Purpose<\/td>\n<td>Optimization of the MIG\/MAG welding process<\/td>\n<\/tr>\n<tr>\n<td>Dedicated welding wire<\/td>\n<td>B\u00f6hler Welding diamondspark 52 MC (metallic core wire)<\/td>\n<\/tr>\n<tr>\n<td>Dedicated shielding gas<\/td>\n<td>M20 (Argon + 8% CO2)<\/td>\n<\/tr>\n<tr>\n<td>B\u00f6hler Welding technology implemented<\/td>\n<td>ArcDrive<\/td>\n<\/tr>\n<tr>\n<td>Compatibility<\/td>\n<td>Selected B\u00f6hler Welding equipment (e.g. URANOS NX series, TERRA NX series) with the ability to upload and personalize welding programs (B\u00f6hler Arc \/ myNX).<\/td>\n<\/tr>\n<\/tbody>\n<\/table>\n<\/div>\n<div class=\"custom-product-section product-set-contents\">\n<h3 class=\"custom-product-heading set-contents-heading\">Kit Contents \/ Packaging<\/h3>\n<p>The product (Welding Programs Package &#8211; diamondspark 52 MC M20 (Ar 8%CO2) &#8211; ArcDrive, Art. No.: 79.I2.00070) is supplied as a single piece (license\/welding program file), according to the manufacturer&#8217;s standard Voestalpine B\u00f6hler Welding. Additional accessories, such as software upload interfaces (if required), are usually available separately.<\/p>\n<\/div>\n<div class=\"custom-product-section product-features\">\n<h3 class=\"custom-product-heading features-heading\">Key Features and Benefits<\/h3>\n<ul class=\"custom-product-list features-list\">\n<li>? <strong>Precision Optimization for diamondspark 52 MC:<\/strong> Ensures that welding parameters are perfectly matched to the characteristics of diamondspark 52 MC wire and M20 gas, resulting in welds with excellent geometry and mechanical properties.<\/li>\n<li>\u2699\ufe0f <strong>Advanced Control with ArcDrive:<\/strong> The use of ArcDrive technology provides a stable, highly reactive arc, significantly reducing spatter and minimizing the need for post-weld machining, which reduces overall work time.<\/li>\n<li>? <strong>Higher Quality and Repeatability:<\/strong> Achieves welds of consistently high quality, even in difficult positions, thanks to precisely defined synergy curves.<\/li>\n<li>? <strong>Increased Production Efficiency:<\/strong> Optimized parameters and process stability allow faster welding and less consumption of auxiliary materials, directly reducing operating costs.<\/li>\n<\/ul>\n<\/div>\n<div class=\"custom-product-section product-application\">\n<h3 class=\"custom-product-heading application-heading\">Product Application<\/h3>\n<ul class=\"custom-product-list application-list\">\n<li>This Welding Program Package is dedicated to professionals using B\u00f6hler Welding equipment and diamondspark 52 MC wire in M20 shielding in the following areas:<\/li>\n<li>? Production of steel structures (unalloyed and low-alloy steels)<\/li>\n<li>?\ufe0f Construction of industrial machinery and equipment<\/li>\n<li>? Manufacturing of tanks, boilers and pipelines<\/li>\n<li>\u2699\ufe0f Locksmith workshops and production facilities with high quality requirements<\/li>\n<li>? Repair and reconditioning work requiring precise and clean welds<\/li>\n<\/ul>\n<\/div>\n<div class=\"custom-product-section product-summary conclusion\">\n<h3 class=\"custom-product-heading summary-heading\">Summary: Welding Programs Package &#8211; diamondspark 52 MC M20 (Ar 8%CO2) &#8211; ArcDrive &#8211; Your Investment in Quality B\u00f6hler Welding<\/h3>\n<div class=\"summary-content\">\n<p>? Choose B\u00f6hler Welding&#8217;s Welding Program Package for diamondspark 52 MC wire with ArcDrive technology to take MIG\/MAG welding quality and efficiency to a new level. Ensure <strong>unparalleled arc stability, minimal spatter<\/strong> and excellent results with every joint. It&#8217;s an investment in precision, time savings and the highest &#8216;Made in Europe&#8217; standards.  <\/p>\n<p>To discover the full capabilities of B\u00f6hler Welding Programs Package &#8211; diamondspark 52 MC M20 (Ar 8%CO2) &#8211; ArcDrive and get the best deal, contact the experts at SpawLab &#8211; the official distributor and authorized service provider of Voestalpine B\u00f6hler Welding in Poland. Our team, trained in Italy, is at your service. <\/p>\n<\/div>\n<\/div>\n<div class=\"custom-product-section product-codes-info\">\n<p><strong>Part number (Art. No.):<\/strong> 79.I2.00070<\/p>\n<\/div>\n<p>&#8220;<\/p>\n","protected":false},"excerpt":{"rendered":"<p>B\u00f6hler Welding Program Package diamondspark 52 MC M20 (Ar 8%CO2) &#8211; ArcDrive (79.I2.00070) &#8211; Welding optimization, stable arc. Professional solutions. <\/p>\n","protected":false},"featured_media":38560,"template":"","meta":{"inline_featured_image":false},"product_brand":[772],"product_cat":[11536,5686],"product_tag":[11541,4432,12059,12055,8875,12057,11542,11547],"class_list":{"0":"post-41487","1":"product","2":"type-product","3":"status-publish","4":"has-post-thumbnail","6":"product_brand-bohler","7":"product_cat-bohler-en-2","8":"product_cat-brand-zone","9":"product_tag-arcdrive-en","10":"product_tag-bohler-welding-en-2","11":"product_tag-diamondspark-52-mc-en","12":"product_tag-m20-en","13":"product_tag-mag-welding","14":"product_tag-metallic-core-wire","15":"product_tag-welding-software","16":"product_tag-welding-software-package","18":"first","19":"onbackorder","20":"taxable","21":"shipping-taxable","22":"purchasable","23":"product-type-simple"},"yoast_head":"<!-- This site is optimized with the Yoast SEO Premium plugin v27.5 (Yoast SEO v27.6) - https:\/\/yoast.com\/product\/yoast-seo-premium-wordpress\/ -->\n<title>B\u00f6hler Welding Program Package diamondspark 52 MC M20 ArcDrive - 79.I2.00070 | Welding Optimization.<\/title>\n<meta name=\"description\" content=\"B\u00f6hler Welding Program package diamondspark 52 MC M20 (Ar 8%CO2) - ArcDrive (79.I2.00070) - welding optimization, stable arc. Check it out at SpawLab!\" \/>\n<meta name=\"robots\" content=\"index, follow, max-snippet:-1, max-image-preview:large, max-video-preview:-1\" \/>\n<link rel=\"canonical\" href=\"https:\/\/spawlab.pl\/en\/produkt\/bohler-welding-welding-program-package-diamondspark-52-mc-m20-ar-8co2-arcdrive-79-i2-00070\/\" \/>\n<meta property=\"og:locale\" content=\"en_US\" \/>\n<meta property=\"og:type\" content=\"article\" \/>\n<meta property=\"og:title\" content=\"B\u00f6hler Welding Welding Program Package diamondspark 52 MC M20 (Ar 8%CO2) - ArcDrive - 79.I2.00070\" \/>\n<meta property=\"og:description\" content=\"Lider sprzeda\u017cy, Oficjalny Dystrybutor Premium i Serwis na Polsk\u0119 Migatronic, Gys, Voestalpine Bohler Welding. Nowe i u\u017cywane Spawarki, Przecinarki Plazmowe, Kompresory. Mgr in\u017c. Jaros\u0142aw Ko\u0142aski, IWE\" \/>\n<meta property=\"og:url\" content=\"https:\/\/spawlab.pl\/en\/produkt\/bohler-welding-welding-program-package-diamondspark-52-mc-m20-ar-8co2-arcdrive-79-i2-00070\/\" \/>\n<meta property=\"og:site_name\" content=\"SpawLab - Welding equipment and plasma cutters - store and service\" \/>\n<meta property=\"article:publisher\" content=\"https:\/\/www.facebook.com\/Spawlab\/\" \/>\n<meta property=\"og:image\" content=\"https:\/\/spawlab.pl\/wp-content\/uploads\/2025\/06\/Frame-1-scaled.png\" \/>\n\t<meta property=\"og:image:width\" content=\"2560\" \/>\n\t<meta property=\"og:image:height\" content=\"2197\" \/>\n\t<meta property=\"og:image:type\" content=\"image\/png\" \/>\n<meta name=\"twitter:label1\" content=\"Price\" \/>\n\t<meta name=\"twitter:data1\" content=\"602,95&nbsp;&#122;&#322; (490,20&nbsp;&#122;&#322; netto)\" \/>\n\t<meta name=\"twitter:label2\" content=\"Availability\" \/>\n\t<meta name=\"twitter:data2\" content=\"On backorder\" \/>\n<script type=\"application\/ld+json\" class=\"yoast-schema-graph\">{\"@context\":\"https:\\\/\\\/schema.org\",\"@graph\":[{\"@type\":[\"WebPage\",\"ItemPage\"],\"@id\":\"https:\\\/\\\/spawlab.pl\\\/en\\\/produkt\\\/bohler-welding-welding-program-package-diamondspark-52-mc-m20-ar-8co2-arcdrive-79-i2-00070\\\/\",\"url\":\"https:\\\/\\\/spawlab.pl\\\/en\\\/produkt\\\/bohler-welding-welding-program-package-diamondspark-52-mc-m20-ar-8co2-arcdrive-79-i2-00070\\\/\",\"name\":\"B\u00f6hler Welding Program Package diamondspark 52 MC M20 ArcDrive - 79.I2.00070 | Welding Optimization.\",\"isPartOf\":{\"@id\":\"https:\\\/\\\/spawlab.pl\\\/en\\\/#website\"},\"primaryImageOfPage\":{\"@id\":\"https:\\\/\\\/spawlab.pl\\\/en\\\/produkt\\\/bohler-welding-welding-program-package-diamondspark-52-mc-m20-ar-8co2-arcdrive-79-i2-00070\\\/#primaryimage\"},\"image\":{\"@id\":\"https:\\\/\\\/spawlab.pl\\\/en\\\/produkt\\\/bohler-welding-welding-program-package-diamondspark-52-mc-m20-ar-8co2-arcdrive-79-i2-00070\\\/#primaryimage\"},\"thumbnailUrl\":\"https:\\\/\\\/spawlab.pl\\\/wp-content\\\/uploads\\\/2025\\\/06\\\/Frame-1-scaled.png\",\"datePublished\":\"2025-07-09T21:31:25+00:00\",\"description\":\"B\u00f6hler Welding Program package diamondspark 52 MC M20 (Ar 8%CO2) - ArcDrive (79.I2.00070) - welding optimization, stable arc. Check it out at SpawLab!\",\"breadcrumb\":{\"@id\":\"https:\\\/\\\/spawlab.pl\\\/en\\\/produkt\\\/bohler-welding-welding-program-package-diamondspark-52-mc-m20-ar-8co2-arcdrive-79-i2-00070\\\/#breadcrumb\"},\"inLanguage\":\"en-US\",\"potentialAction\":[{\"@type\":\"ReadAction\",\"target\":[\"https:\\\/\\\/spawlab.pl\\\/en\\\/produkt\\\/bohler-welding-welding-program-package-diamondspark-52-mc-m20-ar-8co2-arcdrive-79-i2-00070\\\/\"]}]},{\"@type\":\"ImageObject\",\"inLanguage\":\"en-US\",\"@id\":\"https:\\\/\\\/spawlab.pl\\\/en\\\/produkt\\\/bohler-welding-welding-program-package-diamondspark-52-mc-m20-ar-8co2-arcdrive-79-i2-00070\\\/#primaryimage\",\"url\":\"https:\\\/\\\/spawlab.pl\\\/wp-content\\\/uploads\\\/2025\\\/06\\\/Frame-1-scaled.png\",\"contentUrl\":\"https:\\\/\\\/spawlab.pl\\\/wp-content\\\/uploads\\\/2025\\\/06\\\/Frame-1-scaled.png\",\"width\":2560,\"height\":2197},{\"@type\":\"BreadcrumbList\",\"@id\":\"https:\\\/\\\/spawlab.pl\\\/en\\\/produkt\\\/bohler-welding-welding-program-package-diamondspark-52-mc-m20-ar-8co2-arcdrive-79-i2-00070\\\/#breadcrumb\",\"itemListElement\":[{\"@type\":\"ListItem\",\"position\":1,\"name\":\"Strona g\u0142\u00f3wna\",\"item\":\"https:\\\/\\\/spawlab.pl\\\/en\\\/\"},{\"@type\":\"ListItem\",\"position\":2,\"name\":\"Store\",\"item\":\"https:\\\/\\\/spawlab.pl\\\/en\\\/shop\\\/\"},{\"@type\":\"ListItem\",\"position\":3,\"name\":\"B\u00f6hler Welding Welding Program Package diamondspark 52 MC M20 (Ar 8%CO2) &#8211; ArcDrive &#8211; 79.I2.00070\"}]},{\"@type\":\"WebSite\",\"@id\":\"https:\\\/\\\/spawlab.pl\\\/en\\\/#website\",\"url\":\"https:\\\/\\\/spawlab.pl\\\/en\\\/\",\"name\":\"Spawlab.pl Lider - Spawarki, Przecinarki Plazmowe, Kompresory\",\"description\":\"Urz\u0105dzenia spawalnicze i Przecinarki plazmowe\\\/ nowe i u\u017cywane \\\/ Profesjonalny serwis\",\"publisher\":{\"@id\":\"https:\\\/\\\/spawlab.pl\\\/en\\\/#organization\"},\"alternateName\":\"Spawlab.pl - Dystrybutor Premium i Serwis na Polske Migatronic, Gys, Voestalpine Bohler Welding\",\"potentialAction\":[{\"@type\":\"SearchAction\",\"target\":{\"@type\":\"EntryPoint\",\"urlTemplate\":\"https:\\\/\\\/spawlab.pl\\\/en\\\/?s={search_term_string}\"},\"query-input\":{\"@type\":\"PropertyValueSpecification\",\"valueRequired\":true,\"valueName\":\"search_term_string\"}}],\"inLanguage\":\"en-US\"},{\"@type\":[\"Organization\",\"Place\"],\"@id\":\"https:\\\/\\\/spawlab.pl\\\/en\\\/#organization\",\"name\":\"Spawlab.pl\",\"url\":\"https:\\\/\\\/spawlab.pl\\\/en\\\/\",\"logo\":{\"@id\":\"https:\\\/\\\/spawlab.pl\\\/en\\\/produkt\\\/bohler-welding-welding-program-package-diamondspark-52-mc-m20-ar-8co2-arcdrive-79-i2-00070\\\/#local-main-organization-logo\"},\"image\":{\"@id\":\"https:\\\/\\\/spawlab.pl\\\/en\\\/produkt\\\/bohler-welding-welding-program-package-diamondspark-52-mc-m20-ar-8co2-arcdrive-79-i2-00070\\\/#local-main-organization-logo\"},\"sameAs\":[\"https:\\\/\\\/www.facebook.com\\\/Spawlab\\\/\",\"https:\\\/\\\/www.linkedin.com\\\/company\\\/spawlab\",\"https:\\\/\\\/www.instagram.com\\\/spawlab.pl\",\"https:\\\/\\\/www.tiktok.com\\\/@spawlab\"],\"description\":\"Lider sprzeda\u017cy, Oficjalny Dystrybutor Premium i Serwis na Polsk\u0119 Migatronic, Gys, Voestalpine Bohler Welding. Nowe i u\u017cywane Spawarki, Przecinarki Plazmowe, Kompresory. Mgr in\u017c. Jaros\u0142aw Ko\u0142aski, IWE\",\"hasMerchantReturnPolicy\":{\"@type\":\"MerchantReturnPolicy\",\"merchantReturnLink\":\"https:\\\/\\\/spawlab.pl\\\/polityka-prywatnosci-2\\\/\"},\"telephone\":[],\"openingHoursSpecification\":[{\"@type\":\"OpeningHoursSpecification\",\"dayOfWeek\":[\"Monday\",\"Tuesday\",\"Wednesday\",\"Thursday\",\"Friday\",\"Saturday\",\"Sunday\"],\"opens\":\"09:00\",\"closes\":\"17:00\"}]},{\"@type\":\"ImageObject\",\"inLanguage\":\"en-US\",\"@id\":\"https:\\\/\\\/spawlab.pl\\\/en\\\/produkt\\\/bohler-welding-welding-program-package-diamondspark-52-mc-m20-ar-8co2-arcdrive-79-i2-00070\\\/#local-main-organization-logo\",\"url\":\"https:\\\/\\\/spawlab.pl\\\/wp-content\\\/uploads\\\/2022\\\/01\\\/olx.jpg\",\"contentUrl\":\"https:\\\/\\\/spawlab.pl\\\/wp-content\\\/uploads\\\/2022\\\/01\\\/olx.jpg\",\"width\":200,\"height\":200,\"caption\":\"Spawlab.pl\"}]}<\/script>\n<meta property=\"product:brand\" content=\"Optrel\" \/>\n<meta property=\"product:price:amount\" content=\"602.95\" \/>\n<meta property=\"product:price:currency\" content=\"PLN\" \/>\n<meta property=\"og:availability\" content=\"backorder\" \/>\n<meta property=\"product:availability\" content=\"available for order\" \/>\n<meta property=\"product:retailer_item_id\" content=\"79.I2.00070\" \/>\n<meta property=\"product:condition\" content=\"new\" \/>\n<!-- \/ Yoast SEO Premium plugin. -->","yoast_head_json":{"title":"B\u00f6hler Welding Program Package diamondspark 52 MC M20 ArcDrive - 79.I2.00070 | Welding Optimization.","description":"B\u00f6hler Welding Program package diamondspark 52 MC M20 (Ar 8%CO2) - ArcDrive (79.I2.00070) - welding optimization, stable arc. Check it out at SpawLab!","robots":{"index":"index","follow":"follow","max-snippet":"max-snippet:-1","max-image-preview":"max-image-preview:large","max-video-preview":"max-video-preview:-1"},"canonical":"https:\/\/spawlab.pl\/en\/produkt\/bohler-welding-welding-program-package-diamondspark-52-mc-m20-ar-8co2-arcdrive-79-i2-00070\/","og_locale":"en_US","og_type":"article","og_title":"B\u00f6hler Welding Welding Program Package diamondspark 52 MC M20 (Ar 8%CO2) - ArcDrive - 79.I2.00070","og_description":"Lider sprzeda\u017cy, Oficjalny Dystrybutor Premium i Serwis na Polsk\u0119 Migatronic, Gys, Voestalpine Bohler Welding. Nowe i u\u017cywane Spawarki, Przecinarki Plazmowe, Kompresory. Mgr in\u017c. Jaros\u0142aw Ko\u0142aski, IWE","og_url":"https:\/\/spawlab.pl\/en\/produkt\/bohler-welding-welding-program-package-diamondspark-52-mc-m20-ar-8co2-arcdrive-79-i2-00070\/","og_site_name":"SpawLab - Welding equipment and plasma cutters - store and service","article_publisher":"https:\/\/www.facebook.com\/Spawlab\/","og_image":[{"width":2560,"height":2197,"url":"https:\/\/spawlab.pl\/wp-content\/uploads\/2025\/06\/Frame-1-scaled.png","type":"image\/png"}],"twitter_misc":{"Price":"602,95&nbsp;&#122;&#322; (490,20&nbsp;&#122;&#322; netto)","Availability":"On backorder"},"schema":{"@context":"https:\/\/schema.org","@graph":[{"@type":["WebPage","ItemPage"],"@id":"https:\/\/spawlab.pl\/en\/produkt\/bohler-welding-welding-program-package-diamondspark-52-mc-m20-ar-8co2-arcdrive-79-i2-00070\/","url":"https:\/\/spawlab.pl\/en\/produkt\/bohler-welding-welding-program-package-diamondspark-52-mc-m20-ar-8co2-arcdrive-79-i2-00070\/","name":"B\u00f6hler Welding Program Package diamondspark 52 MC M20 ArcDrive - 79.I2.00070 | Welding Optimization.","isPartOf":{"@id":"https:\/\/spawlab.pl\/en\/#website"},"primaryImageOfPage":{"@id":"https:\/\/spawlab.pl\/en\/produkt\/bohler-welding-welding-program-package-diamondspark-52-mc-m20-ar-8co2-arcdrive-79-i2-00070\/#primaryimage"},"image":{"@id":"https:\/\/spawlab.pl\/en\/produkt\/bohler-welding-welding-program-package-diamondspark-52-mc-m20-ar-8co2-arcdrive-79-i2-00070\/#primaryimage"},"thumbnailUrl":"https:\/\/spawlab.pl\/wp-content\/uploads\/2025\/06\/Frame-1-scaled.png","datePublished":"2025-07-09T21:31:25+00:00","description":"B\u00f6hler Welding Program package diamondspark 52 MC M20 (Ar 8%CO2) - ArcDrive (79.I2.00070) - welding optimization, stable arc. Check it out at SpawLab!","breadcrumb":{"@id":"https:\/\/spawlab.pl\/en\/produkt\/bohler-welding-welding-program-package-diamondspark-52-mc-m20-ar-8co2-arcdrive-79-i2-00070\/#breadcrumb"},"inLanguage":"en-US","potentialAction":[{"@type":"ReadAction","target":["https:\/\/spawlab.pl\/en\/produkt\/bohler-welding-welding-program-package-diamondspark-52-mc-m20-ar-8co2-arcdrive-79-i2-00070\/"]}]},{"@type":"ImageObject","inLanguage":"en-US","@id":"https:\/\/spawlab.pl\/en\/produkt\/bohler-welding-welding-program-package-diamondspark-52-mc-m20-ar-8co2-arcdrive-79-i2-00070\/#primaryimage","url":"https:\/\/spawlab.pl\/wp-content\/uploads\/2025\/06\/Frame-1-scaled.png","contentUrl":"https:\/\/spawlab.pl\/wp-content\/uploads\/2025\/06\/Frame-1-scaled.png","width":2560,"height":2197},{"@type":"BreadcrumbList","@id":"https:\/\/spawlab.pl\/en\/produkt\/bohler-welding-welding-program-package-diamondspark-52-mc-m20-ar-8co2-arcdrive-79-i2-00070\/#breadcrumb","itemListElement":[{"@type":"ListItem","position":1,"name":"Strona g\u0142\u00f3wna","item":"https:\/\/spawlab.pl\/en\/"},{"@type":"ListItem","position":2,"name":"Store","item":"https:\/\/spawlab.pl\/en\/shop\/"},{"@type":"ListItem","position":3,"name":"B\u00f6hler Welding Welding Program Package diamondspark 52 MC M20 (Ar 8%CO2) &#8211; ArcDrive &#8211; 79.I2.00070"}]},{"@type":"WebSite","@id":"https:\/\/spawlab.pl\/en\/#website","url":"https:\/\/spawlab.pl\/en\/","name":"Spawlab.pl Lider - Spawarki, Przecinarki Plazmowe, Kompresory","description":"Urz\u0105dzenia spawalnicze i Przecinarki plazmowe\/ nowe i u\u017cywane \/ Profesjonalny serwis","publisher":{"@id":"https:\/\/spawlab.pl\/en\/#organization"},"alternateName":"Spawlab.pl - Dystrybutor Premium i Serwis na Polske Migatronic, Gys, Voestalpine Bohler Welding","potentialAction":[{"@type":"SearchAction","target":{"@type":"EntryPoint","urlTemplate":"https:\/\/spawlab.pl\/en\/?s={search_term_string}"},"query-input":{"@type":"PropertyValueSpecification","valueRequired":true,"valueName":"search_term_string"}}],"inLanguage":"en-US"},{"@type":["Organization","Place"],"@id":"https:\/\/spawlab.pl\/en\/#organization","name":"Spawlab.pl","url":"https:\/\/spawlab.pl\/en\/","logo":{"@id":"https:\/\/spawlab.pl\/en\/produkt\/bohler-welding-welding-program-package-diamondspark-52-mc-m20-ar-8co2-arcdrive-79-i2-00070\/#local-main-organization-logo"},"image":{"@id":"https:\/\/spawlab.pl\/en\/produkt\/bohler-welding-welding-program-package-diamondspark-52-mc-m20-ar-8co2-arcdrive-79-i2-00070\/#local-main-organization-logo"},"sameAs":["https:\/\/www.facebook.com\/Spawlab\/","https:\/\/www.linkedin.com\/company\/spawlab","https:\/\/www.instagram.com\/spawlab.pl","https:\/\/www.tiktok.com\/@spawlab"],"description":"Lider sprzeda\u017cy, Oficjalny Dystrybutor Premium i Serwis na Polsk\u0119 Migatronic, Gys, Voestalpine Bohler Welding. Nowe i u\u017cywane Spawarki, Przecinarki Plazmowe, Kompresory. Mgr in\u017c. Jaros\u0142aw Ko\u0142aski, IWE","hasMerchantReturnPolicy":{"@type":"MerchantReturnPolicy","merchantReturnLink":"https:\/\/spawlab.pl\/polityka-prywatnosci-2\/"},"telephone":[],"openingHoursSpecification":[{"@type":"OpeningHoursSpecification","dayOfWeek":["Monday","Tuesday","Wednesday","Thursday","Friday","Saturday","Sunday"],"opens":"09:00","closes":"17:00"}]},{"@type":"ImageObject","inLanguage":"en-US","@id":"https:\/\/spawlab.pl\/en\/produkt\/bohler-welding-welding-program-package-diamondspark-52-mc-m20-ar-8co2-arcdrive-79-i2-00070\/#local-main-organization-logo","url":"https:\/\/spawlab.pl\/wp-content\/uploads\/2022\/01\/olx.jpg","contentUrl":"https:\/\/spawlab.pl\/wp-content\/uploads\/2022\/01\/olx.jpg","width":200,"height":200,"caption":"Spawlab.pl"}]},"product_brand":"Optrel","product_price_amount":"602.95","product_price_currency":"PLN","og_availability":"backorder","product_availability":"available for order","product_retailer_item_id":"79.I2.00070","product_condition":"new"},"_links":{"self":[{"href":"https:\/\/spawlab.pl\/en\/wp-json\/wp\/v2\/product\/41487","targetHints":{"allow":["GET"]}}],"collection":[{"href":"https:\/\/spawlab.pl\/en\/wp-json\/wp\/v2\/product"}],"about":[{"href":"https:\/\/spawlab.pl\/en\/wp-json\/wp\/v2\/types\/product"}],"wp:featuredmedia":[{"embeddable":true,"href":"https:\/\/spawlab.pl\/en\/wp-json\/wp\/v2\/media\/38560"}],"wp:attachment":[{"href":"https:\/\/spawlab.pl\/en\/wp-json\/wp\/v2\/media?parent=41487"}],"wp:term":[{"taxonomy":"product_brand","embeddable":true,"href":"https:\/\/spawlab.pl\/en\/wp-json\/wp\/v2\/product_brand?post=41487"},{"taxonomy":"product_cat","embeddable":true,"href":"https:\/\/spawlab.pl\/en\/wp-json\/wp\/v2\/product_cat?post=41487"},{"taxonomy":"product_tag","embeddable":true,"href":"https:\/\/spawlab.pl\/en\/wp-json\/wp\/v2\/product_tag?post=41487"}],"curies":[{"name":"wp","href":"https:\/\/api.w.org\/{rel}","templated":true}]}}