{"id":41508,"date":"2025-07-09T23:31:38","date_gmt":"2025-07-09T21:31:38","guid":{"rendered":"https:\/\/spawlab.pl\/produkt\/bohler-welding-welding-program-package-union-x-77-ig-cl-m21-arcdrive-79-i2-00151\/"},"modified":"2025-07-09T23:31:38","modified_gmt":"2025-07-09T21:31:38","slug":"bohler-welding-welding-program-package-union-x-77-ig-cl-m21-arcdrive-79-i2-00151","status":"publish","type":"product","link":"https:\/\/spawlab.pl\/en\/produkt\/bohler-welding-welding-program-package-union-x-77-ig-cl-m21-arcdrive-79-i2-00151\/","title":{"rendered":"B\u00f6hler Welding Welding Program Package UNION X 77 IG CL M21 ArcDrive &#8211; 79.I2.00151"},"content":{"rendered":"<p>&#8221;<\/p>\n<div class=\"custom-product-section distributor-info spawlab-info\">\n<p><strong>SpawLab &#8211; your Authorized Voestalpine B\u00f6hler Welding Partner in Poland!<\/strong><\/p>\n<p>We are <strong>an official distributor of<\/strong> Voestalpine B\u00f6hler Welding equipment and <strong>an Authorized Service Center in Poland<\/strong>. Our team has undergone <strong>rigorous technical training directly in Italy<\/strong> at the manufacturer&#8217;s centers. <\/p>\n<p>When you choose SpawLab, you are assured of original products, access to B\u00f6hler Welding solutions, professional advice and service support.<\/p>\n<\/div>\n<div class=\"custom-product-section product-intro\">\n<h2 class=\"product-section-title main-product-title\">B\u00f6hler Welding Welding Program Package UNION X 77 IG CL M21 ArcDrive &#8211; 79.I2.00151<\/h2>\n<div class=\"description-content product-marketing-description\">\n<p>B\u00f6hler Welding&#8217;s welding program package for UNION X 77 IG CL wire and M21 shielding gas (Ar 15-25% CO2) is a specialized synergy software designed for professionals striving for perfection in MIG\/MAG welding. Thanks to its precisely optimized curves, using the advanced ArcDrive process, this package guarantees reproducible top-quality welds, significantly reducing the time required for parameter setup and minimizing the risk of errors. <\/p>\n<p>This solution is dedicated to welders and companies that expect maximum performance and reliability from their B\u00f6hler Welding equipment, working with the specific additive material UNION X 77 IG CL. By choosing this package, you are investing in predictable results and optimized welding processes. <\/p>\n<\/div>\n<\/div>\n<h3 class=\"custom-product-heading advanced-features-heading\">Explore Advanced Capabilities _x000D_Welding Programs Package &#8211; UNION X 77 IG CL M21 (Ar 15\u00f725%CO2) -_x000D_ArcDrive<\/h3>\n<div class=\"custom-accordion advanced-features-accordion\">\n<details class=\"custom-accordion-item\">\n<summary class=\"custom-subtitle accordion-title\">\u2699\ufe0f ArcDrive Advanced Welding Process<\/summary>\n<div class=\"accordion-content\">\n<p><strong>ArcDrive<\/strong> technology is a fundamental enhanced MIG\/MAG process developed by B\u00f6hler Welding, designed to provide superior welding arc stability and dynamics. It is characterized by <strong>a highly reactive arc<\/strong> that adapts instantly to changes in welding conditions, which greatly facilitates operation, especially in difficult welding positions and with variable free wire exit lengths. <\/p>\n<p>A key benefit of the ArcDrive process is <strong>a significant reduction in weld spatter<\/strong>. This translates directly into time and cost savings in weld finishing, as well as a cleaner work environment. With ArcDrive, professionals achieve <strong>excellent joint quality<\/strong> when welding a wide range of materials, including carbon steels (for which UNION X 77 IG CL wire is likely to be designed), stainless steels, aluminum and core wires, maximizing efficiency and precision.  <\/p>\n<\/div>\n<\/details>\n<\/div>\n<div class=\"custom-product-section product-specs\">\n<h3 class=\"custom-product-heading specs-heading\">Technical Specifications<\/h3>\n<table class=\"specs-table\">\n<thead>\n<tr>\n<th>Parameter<\/th>\n<th>Value<\/th>\n<\/tr>\n<\/thead>\n<tbody>\n<tr>\n<td>Product type<\/td>\n<td>Welding program package (synergy curves)<\/td>\n<\/tr>\n<tr>\n<td>Catalog number<\/td>\n<td>79.I2.00151<\/td>\n<\/tr>\n<tr>\n<td>Dedicated welding wire<\/td>\n<td>UNION X 77 IG CL<\/td>\n<\/tr>\n<tr>\n<td>Recommended shielding gas<\/td>\n<td>M21 (Argon 15-25% CO2)<\/td>\n<\/tr>\n<tr>\n<td>The key welding process<\/td>\n<td>MIG\/MAG with B\u00f6hler Welding ArcDrive technology<\/td>\n<\/tr>\n<tr>\n<td>Compatibility<\/td>\n<td>Selected B\u00f6hler Welding equipment equipped with the appropriate software (see distributor for details)<\/td>\n<\/tr>\n<\/tbody>\n<\/table>\n<\/div>\n<div class=\"custom-product-section product-set-contents\">\n<h3 class=\"custom-product-heading set-contents-heading\">Kit Contents \/ Packaging<\/h3>\n<p>The product (Welding Program Package &#8211; UNION X 77 IG CL M21 (Ar 15\u00f725%CO2) &#8211; ArcDrive) is supplied as a single item (license\/data file), according to the manufacturer&#8217;s standard Voestalpine B\u00f6hler Welding. Additional accessories are usually available separately. <\/p>\n<\/div>\n<div class=\"custom-product-section product-features\">\n<h3 class=\"custom-product-heading features-heading\">Key Features and Benefits<\/h3>\n<ul class=\"custom-product-list features-list\">\n<li>? <strong>Precision Synergy for UNION X 77 IG CL:<\/strong> Dedicated curves for UNION X 77 IG CL wire and M21 gas guarantee optimal welding performance without time-consuming testing, which reduces preparation time and minimizes the risk of errors.<\/li>\n<li>\u2728 <strong>Optimized ArcDrive Process:<\/strong> The use of ArcDrive technology provides a stable, highly reactive arc and a significant reduction in spatter, resulting in higher weld quality and less need for post-treatment.<\/li>\n<li>? <strong>Maximum Welding Efficiency:<\/strong> The ideal adjustment of program parameters allows UNION X 77 IG CL welding wire to realize its full potential, increasing productivity and efficiency of welding operations.<\/li>\n<li>? <strong>Repeatable Joint Quality:<\/strong> Ensures consistently high quality standards for every joint made, crucial in mass production and demanding projects.<\/li>\n<\/ul>\n<\/div>\n<div class=\"custom-product-section product-application\">\n<h3 class=\"custom-product-heading application-heading\">Product Application<\/h3>\n<ul class=\"custom-product-list application-list\">\n<li>The B\u00f6hler Welding UNION X 77 IG CL M21 ArcDrive welding program package is ideal for professionals in the following areas:<\/li>\n<li>? Manufacturing of steel structures where high quality and repeatable MIG\/MAG welds are required.<\/li>\n<li>?\ufe0f Mechanical and locksmith workshops carrying out orders with high standards of quality and aesthetics.<\/li>\n<li>\u2699\ufe0f Automated and robotic welding stations using UNION X 77 IG CL wire, aiming to maximize productivity.<\/li>\n<li>? Serial welding of carbon and low-alloy steel parts, where rapid implementation of optimal parameters and ArcDrive process stability are key.<\/li>\n<li>?\ufe0f Machinery and manufacturing industries where precision and minimization of rework are a priority.<\/li>\n<\/ul>\n<\/div>\n<div class=\"custom-product-section product-summary conclusion\">\n<h3 class=\"custom-product-heading summary-heading\">Summary: _x000D_Welding Programs Package &#8211; UNION X 77 IG CL M21 (Ar 15\u00f725%CO2) -_x000D_ArcDrive &#8211; Your Investment in Quality B\u00f6hler Welding.<\/h3>\n<div class=\"summary-content\">\n<p>? When you choose B\u00f6hler Welding&#8217;s Welding Program Package for UNION X 77 IG CL wire with ArcDrive process, you are investing in the precision and efficiency of your welding operations. Gain an edge with optimized parameters that guarantee superior weld quality and reduced processing costs. To learn more about the full capabilities of B\u00f6hler Welding&#8217;s UNION X 77 IG CL M21 ArcDrive Welding Program Package and get the best deal, contact the experts at SpawLab &#8211; the official distributor and authorized service provider of Voestalpine B\u00f6hler Welding in Poland. Our team, trained in Italy, is at your service.   <\/p>\n<\/div>\n<\/div>\n<div class=\"custom-product-section product-codes-info\">\n<p><strong>Part number (Art. No.):<\/strong> 79.I2.00151<\/p>\n<\/div>\n<p>&#8220;<\/p>\n","protected":false},"excerpt":{"rendered":"<p>B\u00f6hler Welding Program package UNION X 77 IG CL M21 ArcDrive (79.I2.00151) &#8211; optimizing MIG\/MAG welding. Professional welding solutions. <\/p>\n","protected":false},"featured_media":38560,"template":"","meta":{"inline_featured_image":false},"product_brand":[772],"product_cat":[11536,5686],"product_tag":[12044,12110,11553,3397,12114,11547,8809],"class_list":{"0":"post-41508","1":"product","2":"type-product","3":"status-publish","4":"has-post-thumbnail","6":"product_brand-bohler","7":"product_cat-bohler-en-2","8":"product_cat-brand-zone","9":"product_tag-bohler-welding-arcdrive-en","10":"product_tag-bohler-welding-software-en-3","11":"product_tag-m21-en","12":"product_tag-mig-mag-welding","13":"product_tag-union-x-77-ig-cl-en","14":"product_tag-welding-software-package","15":"product_tag-welding-synergy-en","17":"first","18":"onbackorder","19":"taxable","20":"shipping-taxable","21":"purchasable","22":"product-type-simple"},"yoast_head":"<!-- This site is optimized with the Yoast SEO Premium plugin v27.5 (Yoast SEO v27.6) - https:\/\/yoast.com\/product\/yoast-seo-premium-wordpress\/ -->\n<title>B\u00f6hler Welding Program Package UNION X 77 IG CL M21 ArcDrive - 79.I2.00151 | Welding Optimization.<\/title>\n<meta name=\"description\" content=\"B\u00f6hler Welding Program package UNION X 77 IG CL M21 ArcDrive (79.I2.00151) - optimizing MIG\/MAG welding. Professional welding solutions. Check it out at SpawLab!\" \/>\n<meta name=\"robots\" content=\"index, follow, max-snippet:-1, max-image-preview:large, max-video-preview:-1\" \/>\n<link rel=\"canonical\" href=\"https:\/\/spawlab.pl\/en\/produkt\/bohler-welding-welding-program-package-union-x-77-ig-cl-m21-arcdrive-79-i2-00151\/\" \/>\n<meta property=\"og:locale\" content=\"en_US\" \/>\n<meta property=\"og:type\" content=\"article\" \/>\n<meta property=\"og:title\" content=\"B\u00f6hler Welding Welding Program Package UNION X 77 IG CL M21 ArcDrive - 79.I2.00151\" \/>\n<meta property=\"og:description\" content=\"Lider sprzeda\u017cy, Oficjalny Dystrybutor Premium i Serwis na Polsk\u0119 Migatronic, Gys, Voestalpine Bohler Welding. Nowe i u\u017cywane Spawarki, Przecinarki Plazmowe, Kompresory. Mgr in\u017c. Jaros\u0142aw Ko\u0142aski, IWE\" \/>\n<meta property=\"og:url\" content=\"https:\/\/spawlab.pl\/en\/produkt\/bohler-welding-welding-program-package-union-x-77-ig-cl-m21-arcdrive-79-i2-00151\/\" \/>\n<meta property=\"og:site_name\" content=\"SpawLab - Welding equipment and plasma cutters - store and service\" \/>\n<meta property=\"article:publisher\" content=\"https:\/\/www.facebook.com\/Spawlab\/\" \/>\n<meta property=\"og:image\" content=\"https:\/\/spawlab.pl\/wp-content\/uploads\/2025\/06\/Frame-1-scaled.png\" \/>\n\t<meta property=\"og:image:width\" content=\"2560\" \/>\n\t<meta property=\"og:image:height\" content=\"2197\" \/>\n\t<meta property=\"og:image:type\" content=\"image\/png\" \/>\n<meta name=\"twitter:label1\" content=\"Price\" \/>\n\t<meta name=\"twitter:data1\" content=\"602,95&nbsp;&#122;&#322; (490,20&nbsp;&#122;&#322; netto)\" \/>\n\t<meta name=\"twitter:label2\" content=\"Availability\" \/>\n\t<meta name=\"twitter:data2\" content=\"On backorder\" \/>\n<script type=\"application\/ld+json\" class=\"yoast-schema-graph\">{\"@context\":\"https:\\\/\\\/schema.org\",\"@graph\":[{\"@type\":[\"WebPage\",\"ItemPage\"],\"@id\":\"https:\\\/\\\/spawlab.pl\\\/en\\\/produkt\\\/bohler-welding-welding-program-package-union-x-77-ig-cl-m21-arcdrive-79-i2-00151\\\/\",\"url\":\"https:\\\/\\\/spawlab.pl\\\/en\\\/produkt\\\/bohler-welding-welding-program-package-union-x-77-ig-cl-m21-arcdrive-79-i2-00151\\\/\",\"name\":\"B\u00f6hler Welding Program Package UNION X 77 IG CL M21 ArcDrive - 79.I2.00151 | Welding Optimization.\",\"isPartOf\":{\"@id\":\"https:\\\/\\\/spawlab.pl\\\/en\\\/#website\"},\"primaryImageOfPage\":{\"@id\":\"https:\\\/\\\/spawlab.pl\\\/en\\\/produkt\\\/bohler-welding-welding-program-package-union-x-77-ig-cl-m21-arcdrive-79-i2-00151\\\/#primaryimage\"},\"image\":{\"@id\":\"https:\\\/\\\/spawlab.pl\\\/en\\\/produkt\\\/bohler-welding-welding-program-package-union-x-77-ig-cl-m21-arcdrive-79-i2-00151\\\/#primaryimage\"},\"thumbnailUrl\":\"https:\\\/\\\/spawlab.pl\\\/wp-content\\\/uploads\\\/2025\\\/06\\\/Frame-1-scaled.png\",\"datePublished\":\"2025-07-09T21:31:38+00:00\",\"description\":\"B\u00f6hler Welding Program package UNION X 77 IG CL M21 ArcDrive (79.I2.00151) - optimizing MIG\\\/MAG welding. Professional welding solutions. Check it out at SpawLab!\",\"breadcrumb\":{\"@id\":\"https:\\\/\\\/spawlab.pl\\\/en\\\/produkt\\\/bohler-welding-welding-program-package-union-x-77-ig-cl-m21-arcdrive-79-i2-00151\\\/#breadcrumb\"},\"inLanguage\":\"en-US\",\"potentialAction\":[{\"@type\":\"ReadAction\",\"target\":[\"https:\\\/\\\/spawlab.pl\\\/en\\\/produkt\\\/bohler-welding-welding-program-package-union-x-77-ig-cl-m21-arcdrive-79-i2-00151\\\/\"]}]},{\"@type\":\"ImageObject\",\"inLanguage\":\"en-US\",\"@id\":\"https:\\\/\\\/spawlab.pl\\\/en\\\/produkt\\\/bohler-welding-welding-program-package-union-x-77-ig-cl-m21-arcdrive-79-i2-00151\\\/#primaryimage\",\"url\":\"https:\\\/\\\/spawlab.pl\\\/wp-content\\\/uploads\\\/2025\\\/06\\\/Frame-1-scaled.png\",\"contentUrl\":\"https:\\\/\\\/spawlab.pl\\\/wp-content\\\/uploads\\\/2025\\\/06\\\/Frame-1-scaled.png\",\"width\":2560,\"height\":2197},{\"@type\":\"BreadcrumbList\",\"@id\":\"https:\\\/\\\/spawlab.pl\\\/en\\\/produkt\\\/bohler-welding-welding-program-package-union-x-77-ig-cl-m21-arcdrive-79-i2-00151\\\/#breadcrumb\",\"itemListElement\":[{\"@type\":\"ListItem\",\"position\":1,\"name\":\"Strona g\u0142\u00f3wna\",\"item\":\"https:\\\/\\\/spawlab.pl\\\/en\\\/\"},{\"@type\":\"ListItem\",\"position\":2,\"name\":\"Store\",\"item\":\"https:\\\/\\\/spawlab.pl\\\/en\\\/shop\\\/\"},{\"@type\":\"ListItem\",\"position\":3,\"name\":\"B\u00f6hler Welding Welding Program Package UNION X 77 IG CL M21 ArcDrive &#8211; 79.I2.00151\"}]},{\"@type\":\"WebSite\",\"@id\":\"https:\\\/\\\/spawlab.pl\\\/en\\\/#website\",\"url\":\"https:\\\/\\\/spawlab.pl\\\/en\\\/\",\"name\":\"Spawlab.pl Lider - Spawarki, Przecinarki Plazmowe, Kompresory\",\"description\":\"Urz\u0105dzenia spawalnicze i Przecinarki plazmowe\\\/ nowe i u\u017cywane \\\/ Profesjonalny serwis\",\"publisher\":{\"@id\":\"https:\\\/\\\/spawlab.pl\\\/en\\\/#organization\"},\"alternateName\":\"Spawlab.pl - Dystrybutor Premium i Serwis na Polske Migatronic, Gys, Voestalpine Bohler Welding\",\"potentialAction\":[{\"@type\":\"SearchAction\",\"target\":{\"@type\":\"EntryPoint\",\"urlTemplate\":\"https:\\\/\\\/spawlab.pl\\\/en\\\/?s={search_term_string}\"},\"query-input\":{\"@type\":\"PropertyValueSpecification\",\"valueRequired\":true,\"valueName\":\"search_term_string\"}}],\"inLanguage\":\"en-US\"},{\"@type\":[\"Organization\",\"Place\"],\"@id\":\"https:\\\/\\\/spawlab.pl\\\/en\\\/#organization\",\"name\":\"Spawlab.pl\",\"url\":\"https:\\\/\\\/spawlab.pl\\\/en\\\/\",\"logo\":{\"@id\":\"https:\\\/\\\/spawlab.pl\\\/en\\\/produkt\\\/bohler-welding-welding-program-package-union-x-77-ig-cl-m21-arcdrive-79-i2-00151\\\/#local-main-organization-logo\"},\"image\":{\"@id\":\"https:\\\/\\\/spawlab.pl\\\/en\\\/produkt\\\/bohler-welding-welding-program-package-union-x-77-ig-cl-m21-arcdrive-79-i2-00151\\\/#local-main-organization-logo\"},\"sameAs\":[\"https:\\\/\\\/www.facebook.com\\\/Spawlab\\\/\",\"https:\\\/\\\/www.linkedin.com\\\/company\\\/spawlab\",\"https:\\\/\\\/www.instagram.com\\\/spawlab.pl\",\"https:\\\/\\\/www.tiktok.com\\\/@spawlab\"],\"description\":\"Lider sprzeda\u017cy, Oficjalny Dystrybutor Premium i Serwis na Polsk\u0119 Migatronic, Gys, Voestalpine Bohler Welding. Nowe i u\u017cywane Spawarki, Przecinarki Plazmowe, Kompresory. Mgr in\u017c. Jaros\u0142aw Ko\u0142aski, IWE\",\"hasMerchantReturnPolicy\":{\"@type\":\"MerchantReturnPolicy\",\"merchantReturnLink\":\"https:\\\/\\\/spawlab.pl\\\/polityka-prywatnosci-2\\\/\"},\"telephone\":[],\"openingHoursSpecification\":[{\"@type\":\"OpeningHoursSpecification\",\"dayOfWeek\":[\"Monday\",\"Tuesday\",\"Wednesday\",\"Thursday\",\"Friday\",\"Saturday\",\"Sunday\"],\"opens\":\"09:00\",\"closes\":\"17:00\"}]},{\"@type\":\"ImageObject\",\"inLanguage\":\"en-US\",\"@id\":\"https:\\\/\\\/spawlab.pl\\\/en\\\/produkt\\\/bohler-welding-welding-program-package-union-x-77-ig-cl-m21-arcdrive-79-i2-00151\\\/#local-main-organization-logo\",\"url\":\"https:\\\/\\\/spawlab.pl\\\/wp-content\\\/uploads\\\/2022\\\/01\\\/olx.jpg\",\"contentUrl\":\"https:\\\/\\\/spawlab.pl\\\/wp-content\\\/uploads\\\/2022\\\/01\\\/olx.jpg\",\"width\":200,\"height\":200,\"caption\":\"Spawlab.pl\"}]}<\/script>\n<meta property=\"product:brand\" content=\"B\u00f6hler\" \/>\n<meta property=\"product:price:amount\" content=\"602.95\" \/>\n<meta property=\"product:price:currency\" content=\"PLN\" \/>\n<meta property=\"og:availability\" content=\"backorder\" \/>\n<meta property=\"product:availability\" content=\"available for order\" \/>\n<meta property=\"product:retailer_item_id\" content=\"79.I2.00151\" \/>\n<meta property=\"product:condition\" content=\"new\" \/>\n<!-- \/ Yoast SEO Premium plugin. -->","yoast_head_json":{"title":"B\u00f6hler Welding Program Package UNION X 77 IG CL M21 ArcDrive - 79.I2.00151 | Welding Optimization.","description":"B\u00f6hler Welding Program package UNION X 77 IG CL M21 ArcDrive (79.I2.00151) - optimizing MIG\/MAG welding. Professional welding solutions. Check it out at SpawLab!","robots":{"index":"index","follow":"follow","max-snippet":"max-snippet:-1","max-image-preview":"max-image-preview:large","max-video-preview":"max-video-preview:-1"},"canonical":"https:\/\/spawlab.pl\/en\/produkt\/bohler-welding-welding-program-package-union-x-77-ig-cl-m21-arcdrive-79-i2-00151\/","og_locale":"en_US","og_type":"article","og_title":"B\u00f6hler Welding Welding Program Package UNION X 77 IG CL M21 ArcDrive - 79.I2.00151","og_description":"Lider sprzeda\u017cy, Oficjalny Dystrybutor Premium i Serwis na Polsk\u0119 Migatronic, Gys, Voestalpine Bohler Welding. Nowe i u\u017cywane Spawarki, Przecinarki Plazmowe, Kompresory. Mgr in\u017c. Jaros\u0142aw Ko\u0142aski, IWE","og_url":"https:\/\/spawlab.pl\/en\/produkt\/bohler-welding-welding-program-package-union-x-77-ig-cl-m21-arcdrive-79-i2-00151\/","og_site_name":"SpawLab - Welding equipment and plasma cutters - store and service","article_publisher":"https:\/\/www.facebook.com\/Spawlab\/","og_image":[{"width":2560,"height":2197,"url":"https:\/\/spawlab.pl\/wp-content\/uploads\/2025\/06\/Frame-1-scaled.png","type":"image\/png"}],"twitter_misc":{"Price":"602,95&nbsp;&#122;&#322; (490,20&nbsp;&#122;&#322; netto)","Availability":"On backorder"},"schema":{"@context":"https:\/\/schema.org","@graph":[{"@type":["WebPage","ItemPage"],"@id":"https:\/\/spawlab.pl\/en\/produkt\/bohler-welding-welding-program-package-union-x-77-ig-cl-m21-arcdrive-79-i2-00151\/","url":"https:\/\/spawlab.pl\/en\/produkt\/bohler-welding-welding-program-package-union-x-77-ig-cl-m21-arcdrive-79-i2-00151\/","name":"B\u00f6hler Welding Program Package UNION X 77 IG CL M21 ArcDrive - 79.I2.00151 | Welding Optimization.","isPartOf":{"@id":"https:\/\/spawlab.pl\/en\/#website"},"primaryImageOfPage":{"@id":"https:\/\/spawlab.pl\/en\/produkt\/bohler-welding-welding-program-package-union-x-77-ig-cl-m21-arcdrive-79-i2-00151\/#primaryimage"},"image":{"@id":"https:\/\/spawlab.pl\/en\/produkt\/bohler-welding-welding-program-package-union-x-77-ig-cl-m21-arcdrive-79-i2-00151\/#primaryimage"},"thumbnailUrl":"https:\/\/spawlab.pl\/wp-content\/uploads\/2025\/06\/Frame-1-scaled.png","datePublished":"2025-07-09T21:31:38+00:00","description":"B\u00f6hler Welding Program package UNION X 77 IG CL M21 ArcDrive (79.I2.00151) - optimizing MIG\/MAG welding. Professional welding solutions. Check it out at SpawLab!","breadcrumb":{"@id":"https:\/\/spawlab.pl\/en\/produkt\/bohler-welding-welding-program-package-union-x-77-ig-cl-m21-arcdrive-79-i2-00151\/#breadcrumb"},"inLanguage":"en-US","potentialAction":[{"@type":"ReadAction","target":["https:\/\/spawlab.pl\/en\/produkt\/bohler-welding-welding-program-package-union-x-77-ig-cl-m21-arcdrive-79-i2-00151\/"]}]},{"@type":"ImageObject","inLanguage":"en-US","@id":"https:\/\/spawlab.pl\/en\/produkt\/bohler-welding-welding-program-package-union-x-77-ig-cl-m21-arcdrive-79-i2-00151\/#primaryimage","url":"https:\/\/spawlab.pl\/wp-content\/uploads\/2025\/06\/Frame-1-scaled.png","contentUrl":"https:\/\/spawlab.pl\/wp-content\/uploads\/2025\/06\/Frame-1-scaled.png","width":2560,"height":2197},{"@type":"BreadcrumbList","@id":"https:\/\/spawlab.pl\/en\/produkt\/bohler-welding-welding-program-package-union-x-77-ig-cl-m21-arcdrive-79-i2-00151\/#breadcrumb","itemListElement":[{"@type":"ListItem","position":1,"name":"Strona g\u0142\u00f3wna","item":"https:\/\/spawlab.pl\/en\/"},{"@type":"ListItem","position":2,"name":"Store","item":"https:\/\/spawlab.pl\/en\/shop\/"},{"@type":"ListItem","position":3,"name":"B\u00f6hler Welding Welding Program Package UNION X 77 IG CL M21 ArcDrive &#8211; 79.I2.00151"}]},{"@type":"WebSite","@id":"https:\/\/spawlab.pl\/en\/#website","url":"https:\/\/spawlab.pl\/en\/","name":"Spawlab.pl Lider - Spawarki, Przecinarki Plazmowe, Kompresory","description":"Urz\u0105dzenia spawalnicze i Przecinarki plazmowe\/ nowe i u\u017cywane \/ Profesjonalny serwis","publisher":{"@id":"https:\/\/spawlab.pl\/en\/#organization"},"alternateName":"Spawlab.pl - Dystrybutor Premium i Serwis na Polske Migatronic, Gys, Voestalpine Bohler Welding","potentialAction":[{"@type":"SearchAction","target":{"@type":"EntryPoint","urlTemplate":"https:\/\/spawlab.pl\/en\/?s={search_term_string}"},"query-input":{"@type":"PropertyValueSpecification","valueRequired":true,"valueName":"search_term_string"}}],"inLanguage":"en-US"},{"@type":["Organization","Place"],"@id":"https:\/\/spawlab.pl\/en\/#organization","name":"Spawlab.pl","url":"https:\/\/spawlab.pl\/en\/","logo":{"@id":"https:\/\/spawlab.pl\/en\/produkt\/bohler-welding-welding-program-package-union-x-77-ig-cl-m21-arcdrive-79-i2-00151\/#local-main-organization-logo"},"image":{"@id":"https:\/\/spawlab.pl\/en\/produkt\/bohler-welding-welding-program-package-union-x-77-ig-cl-m21-arcdrive-79-i2-00151\/#local-main-organization-logo"},"sameAs":["https:\/\/www.facebook.com\/Spawlab\/","https:\/\/www.linkedin.com\/company\/spawlab","https:\/\/www.instagram.com\/spawlab.pl","https:\/\/www.tiktok.com\/@spawlab"],"description":"Lider sprzeda\u017cy, Oficjalny Dystrybutor Premium i Serwis na Polsk\u0119 Migatronic, Gys, Voestalpine Bohler Welding. Nowe i u\u017cywane Spawarki, Przecinarki Plazmowe, Kompresory. Mgr in\u017c. Jaros\u0142aw Ko\u0142aski, IWE","hasMerchantReturnPolicy":{"@type":"MerchantReturnPolicy","merchantReturnLink":"https:\/\/spawlab.pl\/polityka-prywatnosci-2\/"},"telephone":[],"openingHoursSpecification":[{"@type":"OpeningHoursSpecification","dayOfWeek":["Monday","Tuesday","Wednesday","Thursday","Friday","Saturday","Sunday"],"opens":"09:00","closes":"17:00"}]},{"@type":"ImageObject","inLanguage":"en-US","@id":"https:\/\/spawlab.pl\/en\/produkt\/bohler-welding-welding-program-package-union-x-77-ig-cl-m21-arcdrive-79-i2-00151\/#local-main-organization-logo","url":"https:\/\/spawlab.pl\/wp-content\/uploads\/2022\/01\/olx.jpg","contentUrl":"https:\/\/spawlab.pl\/wp-content\/uploads\/2022\/01\/olx.jpg","width":200,"height":200,"caption":"Spawlab.pl"}]},"product_brand":"B\u00f6hler","product_price_amount":"602.95","product_price_currency":"PLN","og_availability":"backorder","product_availability":"available for order","product_retailer_item_id":"79.I2.00151","product_condition":"new"},"_links":{"self":[{"href":"https:\/\/spawlab.pl\/en\/wp-json\/wp\/v2\/product\/41508","targetHints":{"allow":["GET"]}}],"collection":[{"href":"https:\/\/spawlab.pl\/en\/wp-json\/wp\/v2\/product"}],"about":[{"href":"https:\/\/spawlab.pl\/en\/wp-json\/wp\/v2\/types\/product"}],"wp:featuredmedia":[{"embeddable":true,"href":"https:\/\/spawlab.pl\/en\/wp-json\/wp\/v2\/media\/38560"}],"wp:attachment":[{"href":"https:\/\/spawlab.pl\/en\/wp-json\/wp\/v2\/media?parent=41508"}],"wp:term":[{"taxonomy":"product_brand","embeddable":true,"href":"https:\/\/spawlab.pl\/en\/wp-json\/wp\/v2\/product_brand?post=41508"},{"taxonomy":"product_cat","embeddable":true,"href":"https:\/\/spawlab.pl\/en\/wp-json\/wp\/v2\/product_cat?post=41508"},{"taxonomy":"product_tag","embeddable":true,"href":"https:\/\/spawlab.pl\/en\/wp-json\/wp\/v2\/product_tag?post=41508"}],"curies":[{"name":"wp","href":"https:\/\/api.w.org\/{rel}","templated":true}]}}