{"id":41511,"date":"2025-07-09T23:31:32","date_gmt":"2025-07-09T21:31:32","guid":{"rendered":"https:\/\/spawlab.pl\/produkt\/bohler-welding-hardfacing-g6-fcw-m13-ar-2o2-welding-program-package-arcdrive-79-i2-00123\/"},"modified":"2025-07-09T23:31:32","modified_gmt":"2025-07-09T21:31:32","slug":"bohler-welding-hardfacing-g6-fcw-m13-ar-2o2-welding-program-package-arcdrive-79-i2-00123","status":"publish","type":"product","link":"https:\/\/spawlab.pl\/en\/produkt\/bohler-welding-hardfacing-g6-fcw-m13-ar-2o2-welding-program-package-arcdrive-79-i2-00123\/","title":{"rendered":"B\u00f6hler Welding Hardfacing G6 FCW M13 (Ar 2%O2) Welding Program Package &#8211; ArcDrive &#8211; 79.I2.00123"},"content":{"rendered":"<p>&#8221;<\/p>\n<div class=\"custom-product-section distributor-info spawlab-info\">\n<p><strong>SpawLab &#8211; your Authorized Voestalpine B\u00f6hler Welding Partner in Poland!<\/strong><\/p>\n<p>We are <strong>an official distributor of<\/strong> Voestalpine B\u00f6hler Welding equipment and <strong>an Authorized Service Center in Poland<\/strong>. Our team has undergone <strong>rigorous technical training directly in Italy<\/strong> at the manufacturer&#8217;s centers. <\/p>\n<p>When you choose SpawLab, you are assured of original products, access to B\u00f6hler Welding solutions, professional advice and service support.<\/p>\n<\/div>\n<div class=\"custom-product-section product-intro\">\n<h2 class=\"product-section-title main-product-title\">B\u00f6hler Welding Hardfacing G6 FCW M13 (Ar 2%O2) Welding Program Package &#8211; ArcDrive &#8211; 79.I2.00123<\/h2>\n<div class=\"description-content product-marketing-description\">\n<p>The B\u00f6hler Welding Specialized Hardfacing Program Package G6 FCW M13 (Ar 2%O2) &#8211; ArcDrive (Cat. No. 79.I2.00123) is a precisely developed synergy for professional hardfacing with G6 type M13 (Ar + 2% O2) gas-shielded powder wire. Utilizing ArcDrive&#8217;s advanced arc control technology, this package guarantees optimum process parameters, translating into the highest quality and durability of the hardfacing and increased productivity. <\/p>\n<p>This product is dedicated to remanufacturing and surface protection specialists who expect reproducible, excellent results in demanding industrial applications. It ensures that the full potential of B\u00f6hler Welding equipment is realized, enabling precise and efficient surfacing. <\/p>\n<\/div>\n<\/div>\n<h3 class=\"custom-product-heading advanced-features-heading\">Explore Advanced Welding Programs Package &#8211; Hardfacing G6 FCW M13 (Ar 2%O2) &#8211; ArcDrive<\/h3>\n<div class=\"custom-accordion advanced-features-accordion\">\n<details class=\"custom-accordion-item\">\n<summary class=\"custom-subtitle accordion-title\">\u2699\ufe0f ArcDrive Advanced Arc Control in Repair.<\/summary>\n<div class=\"accordion-content\">\n<p><strong>B\u00f6hler Welding<\/strong> &#8216;s <strong>ArcDrive<\/strong> technology is an enhanced, digitally controlled MIG\/MAG welding process that plays a key role in the efficiency of this welding program package. It features <strong>an exceptionally stable and highly reactive welding arc<\/strong>, which is particularly important when working with flux-cored wires (FCW) used in hardfacing. With ArcDrive, the hardfacing process becomes easier to control, even in difficult positions.  <\/p>\n<p>A key benefit of ArcDrive is <strong>a significant reduction in weld spatter<\/strong>. This translates directly into <strong>reduced costs and time<\/strong> required for finishing the surfaced area. Fewer spatters also mean less loss of secondary material and a cleaner work environment. ArcDrive provides excellent infusion and forming of the surfacing, which is critical to achieving the required hardness and wear resistance. It is ideal for working with carbon steel, stainless steel and just the core (powder) wires used in Hardfacing processes.    <\/p>\n<\/div>\n<\/details>\n<\/div>\n<div class=\"custom-product-section product-specs\">\n<h3 class=\"custom-product-heading specs-heading\">Technical Specifications<\/h3>\n<table class=\"specs-table\">\n<thead>\n<tr>\n<th>Parameter<\/th>\n<th>Value<\/th>\n<\/tr>\n<\/thead>\n<tbody>\n<tr>\n<td>Catalog number<\/td>\n<td>79.I2.00123<\/td>\n<\/tr>\n<tr>\n<td>Product type<\/td>\n<td>Welding software package (software\/synergy)<\/td>\n<\/tr>\n<tr>\n<td>Purpose<\/td>\n<td>Hardfacing<\/td>\n<\/tr>\n<tr>\n<td>Welding process<\/td>\n<td>Self-consuming or gas-shielded powder wire (FCW)<\/td>\n<\/tr>\n<tr>\n<td>Wire specifications (according to the program)<\/td>\n<td>Type G6<\/td>\n<\/tr>\n<tr>\n<td>Shielding gas (according to the program)<\/td>\n<td>M13 (Argon + 2% Oxygen)<\/td>\n<\/tr>\n<tr>\n<td>Key technology<\/td>\n<td>B\u00f6hler Welding ArcDrive<\/td>\n<\/tr>\n<tr>\n<td>Compatibility<\/td>\n<td>Selected B\u00f6hler Welding equipment equipped with the B\u00f6hler Arc system and the ability to implement dedicated program packages (e.g., URANOS NX series, TERRA NX with myNX function).<\/td>\n<\/tr>\n<\/tbody>\n<\/table>\n<\/div>\n<div class=\"custom-product-section product-set-contents\">\n<h3 class=\"custom-product-heading set-contents-heading\">Kit Contents \/ Packaging<\/h3>\n<p>? The product (Welding Programs Package &#8211; Hardfacing G6 FCW M13 (Ar 2%O2) &#8211; ArcDrive, cat. no. 79.I2.00123) is delivered as a single piece (license\/software package), according to the manufacturer&#8217;s standard Voestalpine B\u00f6hler Welding. Additional accessories and welding equipment are available separately.  <\/p>\n<\/div>\n<div class=\"custom-product-section product-features\">\n<h3 class=\"custom-product-heading features-heading\">Key Features and Benefits<\/h3>\n<ul class=\"custom-product-list features-list\">\n<li>? <strong>Precision Synergy for G6 FCW Hardfacing:<\/strong> Optimized synergy curves for G6 wire type and M13 gas guarantee ideal welding parameters, resulting in excellent quality of the hardfacing, its metallurgical purity and desired mechanical properties.<\/li>\n<li>? <strong>Process Stability with ArcDrive:<\/strong> ArcDrive advanced arc control provides an exceptionally stable and reactive welding arc, minimizing spatter and reducing the need for time-consuming post-processing by up to 20%.<\/li>\n<li>\u23f1\ufe0f <strong>Increased Efficiency and Repeatability:<\/strong> A dedicated program enables faster and more efficient application of hard coats, while ensuring full repeatability of parameters and results, which is crucial in mass production and responsible repairs.<\/li>\n<li>?\ufe0f <strong>Optimization for Demanding Applications:<\/strong> The package was developed for professionals performing surfacing in harsh conditions and on responsible parts, where reliability and durability of the completed protective layer matter.<\/li>\n<\/ul>\n<\/div>\n<div class=\"custom-product-section product-application\">\n<h3 class=\"custom-product-heading application-heading\">Product Application<\/h3>\n<ul class=\"custom-product-list application-list\">\n<li>The B\u00f6hler Welding Hardfacing G6 FCW M13 (Ar 2%O2) &#8211; ArcDrive program package is ideal for:<\/li>\n<li>? <strong>Hardfacing:<\/strong> Reconditioning and increasing the service life of machine parts subjected to intense abrasive, impact or corrosive wear.<\/li>\n<li>? <strong>Heavy industry:<\/strong> Resurfacing of components of excavators, crushers, hammers, blades, teeth.<\/li>\n<li>? <strong>Agriculture:<\/strong> Reconditioning of agricultural machinery parts, such as plows, harrows, harvester components.<\/li>\n<li>\u26cf\ufe0f <strong>Mining:<\/strong> Securing mining tools, buckets, conveyors.<\/li>\n<li>\u267b\ufe0f <strong>Recycling:<\/strong> Resurfacing of knives, screens, shredder components.<\/li>\n<li>?\ufe0f <strong>Remanufacturing workshops:<\/strong> Precision restoration of geometry and performance characteristics of worn steel components.<\/li>\n<\/ul>\n<\/div>\n<div class=\"custom-product-section product-summary conclusion\">\n<h3 class=\"custom-product-heading summary-heading\">Summary: Welding Programs Package &#8211; Hardfacing G6 FCW M13 (Ar 2%O2) &#8211; ArcDrive &#8211; Your Investment in Quality B\u00f6hler Welding.<\/h3>\n<div class=\"summary-content\">\n<p>? When you choose the B\u00f6hler Welding Hardfacing G6 FCW M13 &#8211; ArcDrive Welding Program Package, you are investing in the <strong>precision and efficiency of specialized hardfacing<\/strong>. The optimized synergy and advanced technology of ArcDrive guarantee the highest quality of hardfacing and significant savings in time and materials. This is the professional solution for the most demanding applications.  <\/p>\n<p>To discover the full capabilities of B\u00f6hler Welding Programs Package &#8211; Hardfacing G6 FCW M13 (Ar 2%O2) &#8211; ArcDrive and get the best deal, contact the experts at SpawLab &#8211; the official distributor and authorized service provider of Voestalpine B\u00f6hler Welding in Poland. Our team, trained in Italy, is at your service. <\/p>\n<\/div>\n<\/div>\n<div class=\"custom-product-section product-codes-info\">\n<p><strong>Part number (Art. No.):<\/strong> 79.I2.00123<\/p>\n<\/div>\n<p>&#8220;<\/p>\n","protected":false},"excerpt":{"rendered":"<p>B\u00f6hler Welding Hardfacing G6 FCW M13 ArcDrive Program Package (79.I2.00123) &#8211; optimizing hardfacing with powder wire. Professional solutions. <\/p>\n","protected":false},"featured_media":38560,"template":"","meta":{"inline_featured_image":false},"product_brand":[772],"product_cat":[11536,5686],"product_tag":[12121,11541,4432,12051,12043,12122,12119,11554,11547],"class_list":{"0":"post-41511","1":"product","2":"type-product","3":"status-publish","4":"has-post-thumbnail","6":"product_brand-bohler","7":"product_cat-bohler-en-2","8":"product_cat-brand-zone","9":"product_tag-79-i2-00123-en","10":"product_tag-arcdrive-en","11":"product_tag-bohler-welding-en-2","12":"product_tag-bohler-welding-synergy-programs","13":"product_tag-fcw-en","14":"product_tag-g6-surfacing","15":"product_tag-hardfacing-en-2","16":"product_tag-hardfacing-en","17":"product_tag-welding-software-package","19":"first","20":"onbackorder","21":"taxable","22":"shipping-taxable","23":"purchasable","24":"product-type-simple"},"yoast_head":"<!-- This site is optimized with the Yoast SEO Premium plugin v27.0 (Yoast SEO v27.3) - https:\/\/yoast.com\/product\/yoast-seo-premium-wordpress\/ -->\n<title>B\u00f6hler Welding Hardfacing Package G6 FCW M13 ArcDrive - 79.I2.00123<\/title>\n<meta name=\"description\" content=\"B\u00f6hler Welding Hardfacing G6 FCW M13 ArcDrive Program Package (79.I2.00123) - optimizing hardfacing with powder wire. Check it out at SpawLab!\" \/>\n<meta name=\"robots\" content=\"index, follow, max-snippet:-1, max-image-preview:large, max-video-preview:-1\" \/>\n<link rel=\"canonical\" href=\"https:\/\/spawlab.pl\/en\/produkt\/bohler-welding-hardfacing-g6-fcw-m13-ar-2o2-welding-program-package-arcdrive-79-i2-00123\/\" \/>\n<meta property=\"og:locale\" content=\"en_US\" \/>\n<meta property=\"og:type\" content=\"article\" \/>\n<meta property=\"og:title\" content=\"B\u00f6hler Welding Hardfacing G6 FCW M13 (Ar 2%O2) Welding Program Package - ArcDrive - 79.I2.00123\" \/>\n<meta property=\"og:description\" content=\"Lider sprzeda\u017cy, Oficjalny Dystrybutor Premium i Serwis na Polsk\u0119 Migatronic, Gys, Voestalpine Bohler Welding. Nowe i u\u017cywane Spawarki, Przecinarki Plazmowe, Kompresory. Mgr in\u017c. Jaros\u0142aw Ko\u0142aski, IWE\" \/>\n<meta property=\"og:url\" content=\"https:\/\/spawlab.pl\/en\/produkt\/bohler-welding-hardfacing-g6-fcw-m13-ar-2o2-welding-program-package-arcdrive-79-i2-00123\/\" \/>\n<meta property=\"og:site_name\" content=\"SpawLab - Welding equipment and plasma cutters - store and service\" \/>\n<meta property=\"article:publisher\" content=\"https:\/\/www.facebook.com\/Spawlab\/\" \/>\n<meta property=\"og:image\" content=\"https:\/\/spawlab.pl\/wp-content\/uploads\/2025\/06\/Frame-1-scaled.png\" \/>\n\t<meta property=\"og:image:width\" content=\"2560\" \/>\n\t<meta property=\"og:image:height\" content=\"2197\" \/>\n\t<meta property=\"og:image:type\" content=\"image\/png\" \/>\n<meta name=\"twitter:label1\" content=\"Price\" \/>\n\t<meta name=\"twitter:data1\" content=\"602,95&nbsp;&#122;&#322; (490,20&nbsp;&#122;&#322; netto)\" \/>\n\t<meta name=\"twitter:label2\" content=\"Availability\" \/>\n\t<meta name=\"twitter:data2\" content=\"On backorder\" \/>\n<script type=\"application\/ld+json\" class=\"yoast-schema-graph\">{\"@context\":\"https:\\\/\\\/schema.org\",\"@graph\":[{\"@type\":[\"WebPage\",\"ItemPage\"],\"@id\":\"https:\\\/\\\/spawlab.pl\\\/en\\\/produkt\\\/bohler-welding-hardfacing-g6-fcw-m13-ar-2o2-welding-program-package-arcdrive-79-i2-00123\\\/\",\"url\":\"https:\\\/\\\/spawlab.pl\\\/en\\\/produkt\\\/bohler-welding-hardfacing-g6-fcw-m13-ar-2o2-welding-program-package-arcdrive-79-i2-00123\\\/\",\"name\":\"B\u00f6hler Welding Hardfacing Package G6 FCW M13 ArcDrive - 79.I2.00123\",\"isPartOf\":{\"@id\":\"https:\\\/\\\/spawlab.pl\\\/en\\\/#website\"},\"primaryImageOfPage\":{\"@id\":\"https:\\\/\\\/spawlab.pl\\\/en\\\/produkt\\\/bohler-welding-hardfacing-g6-fcw-m13-ar-2o2-welding-program-package-arcdrive-79-i2-00123\\\/#primaryimage\"},\"image\":{\"@id\":\"https:\\\/\\\/spawlab.pl\\\/en\\\/produkt\\\/bohler-welding-hardfacing-g6-fcw-m13-ar-2o2-welding-program-package-arcdrive-79-i2-00123\\\/#primaryimage\"},\"thumbnailUrl\":\"https:\\\/\\\/spawlab.pl\\\/wp-content\\\/uploads\\\/2025\\\/06\\\/Frame-1-scaled.png\",\"datePublished\":\"2025-07-09T21:31:32+00:00\",\"description\":\"B\u00f6hler Welding Hardfacing G6 FCW M13 ArcDrive Program Package (79.I2.00123) - optimizing hardfacing with powder wire. Check it out at SpawLab!\",\"breadcrumb\":{\"@id\":\"https:\\\/\\\/spawlab.pl\\\/en\\\/produkt\\\/bohler-welding-hardfacing-g6-fcw-m13-ar-2o2-welding-program-package-arcdrive-79-i2-00123\\\/#breadcrumb\"},\"inLanguage\":\"en-US\",\"potentialAction\":[{\"@type\":\"ReadAction\",\"target\":[\"https:\\\/\\\/spawlab.pl\\\/en\\\/produkt\\\/bohler-welding-hardfacing-g6-fcw-m13-ar-2o2-welding-program-package-arcdrive-79-i2-00123\\\/\"]}]},{\"@type\":\"ImageObject\",\"inLanguage\":\"en-US\",\"@id\":\"https:\\\/\\\/spawlab.pl\\\/en\\\/produkt\\\/bohler-welding-hardfacing-g6-fcw-m13-ar-2o2-welding-program-package-arcdrive-79-i2-00123\\\/#primaryimage\",\"url\":\"https:\\\/\\\/spawlab.pl\\\/wp-content\\\/uploads\\\/2025\\\/06\\\/Frame-1-scaled.png\",\"contentUrl\":\"https:\\\/\\\/spawlab.pl\\\/wp-content\\\/uploads\\\/2025\\\/06\\\/Frame-1-scaled.png\",\"width\":2560,\"height\":2197},{\"@type\":\"BreadcrumbList\",\"@id\":\"https:\\\/\\\/spawlab.pl\\\/en\\\/produkt\\\/bohler-welding-hardfacing-g6-fcw-m13-ar-2o2-welding-program-package-arcdrive-79-i2-00123\\\/#breadcrumb\",\"itemListElement\":[{\"@type\":\"ListItem\",\"position\":1,\"name\":\"Strona g\u0142\u00f3wna\",\"item\":\"https:\\\/\\\/spawlab.pl\\\/en\\\/\"},{\"@type\":\"ListItem\",\"position\":2,\"name\":\"Store\",\"item\":\"https:\\\/\\\/spawlab.pl\\\/en\\\/shop\\\/\"},{\"@type\":\"ListItem\",\"position\":3,\"name\":\"B\u00f6hler Welding Hardfacing G6 FCW M13 (Ar 2%O2) Welding Program Package &#8211; ArcDrive &#8211; 79.I2.00123\"}]},{\"@type\":\"WebSite\",\"@id\":\"https:\\\/\\\/spawlab.pl\\\/en\\\/#website\",\"url\":\"https:\\\/\\\/spawlab.pl\\\/en\\\/\",\"name\":\"Spawlab.pl Lider - Spawarki, Przecinarki Plazmowe, Kompresory\",\"description\":\"Urz\u0105dzenia spawalnicze i Przecinarki plazmowe\\\/ nowe i u\u017cywane \\\/ Profesjonalny serwis\",\"publisher\":{\"@id\":\"https:\\\/\\\/spawlab.pl\\\/en\\\/#organization\"},\"alternateName\":\"Spawlab.pl - Dystrybutor Premium i Serwis na Polske Migatronic, Gys, Voestalpine Bohler Welding\",\"potentialAction\":[{\"@type\":\"SearchAction\",\"target\":{\"@type\":\"EntryPoint\",\"urlTemplate\":\"https:\\\/\\\/spawlab.pl\\\/en\\\/?s={search_term_string}\"},\"query-input\":{\"@type\":\"PropertyValueSpecification\",\"valueRequired\":true,\"valueName\":\"search_term_string\"}}],\"inLanguage\":\"en-US\"},{\"@type\":[\"Organization\",\"Place\"],\"@id\":\"https:\\\/\\\/spawlab.pl\\\/en\\\/#organization\",\"name\":\"Spawlab.pl\",\"url\":\"https:\\\/\\\/spawlab.pl\\\/en\\\/\",\"logo\":{\"@id\":\"https:\\\/\\\/spawlab.pl\\\/en\\\/produkt\\\/bohler-welding-hardfacing-g6-fcw-m13-ar-2o2-welding-program-package-arcdrive-79-i2-00123\\\/#local-main-organization-logo\"},\"image\":{\"@id\":\"https:\\\/\\\/spawlab.pl\\\/en\\\/produkt\\\/bohler-welding-hardfacing-g6-fcw-m13-ar-2o2-welding-program-package-arcdrive-79-i2-00123\\\/#local-main-organization-logo\"},\"sameAs\":[\"https:\\\/\\\/www.facebook.com\\\/Spawlab\\\/\",\"https:\\\/\\\/www.linkedin.com\\\/company\\\/spawlab\",\"https:\\\/\\\/www.instagram.com\\\/spawlab.pl\",\"https:\\\/\\\/www.tiktok.com\\\/@spawlab\"],\"description\":\"Lider sprzeda\u017cy, Oficjalny Dystrybutor Premium i Serwis na Polsk\u0119 Migatronic, Gys, Voestalpine Bohler Welding. Nowe i u\u017cywane Spawarki, Przecinarki Plazmowe, Kompresory. Mgr in\u017c. Jaros\u0142aw Ko\u0142aski, IWE\",\"hasMerchantReturnPolicy\":{\"@type\":\"MerchantReturnPolicy\",\"merchantReturnLink\":\"https:\\\/\\\/spawlab.pl\\\/polityka-prywatnosci-2\\\/\"},\"telephone\":[],\"openingHoursSpecification\":[{\"@type\":\"OpeningHoursSpecification\",\"dayOfWeek\":[\"Monday\",\"Tuesday\",\"Wednesday\",\"Thursday\",\"Friday\",\"Saturday\",\"Sunday\"],\"opens\":\"09:00\",\"closes\":\"17:00\"}]},{\"@type\":\"ImageObject\",\"inLanguage\":\"en-US\",\"@id\":\"https:\\\/\\\/spawlab.pl\\\/en\\\/produkt\\\/bohler-welding-hardfacing-g6-fcw-m13-ar-2o2-welding-program-package-arcdrive-79-i2-00123\\\/#local-main-organization-logo\",\"url\":\"https:\\\/\\\/spawlab.pl\\\/wp-content\\\/uploads\\\/2022\\\/01\\\/olx.jpg\",\"contentUrl\":\"https:\\\/\\\/spawlab.pl\\\/wp-content\\\/uploads\\\/2022\\\/01\\\/olx.jpg\",\"width\":200,\"height\":200,\"caption\":\"Spawlab.pl\"}]}<\/script>\n<meta property=\"product:brand\" content=\"B\u00f6hler\" \/>\n<meta property=\"product:price:amount\" content=\"602.95\" \/>\n<meta property=\"product:price:currency\" content=\"PLN\" \/>\n<meta property=\"og:availability\" content=\"backorder\" \/>\n<meta property=\"product:availability\" content=\"available for order\" \/>\n<meta property=\"product:retailer_item_id\" content=\"79.I2.00123\" \/>\n<meta property=\"product:condition\" content=\"new\" \/>\n<!-- \/ Yoast SEO Premium plugin. -->","yoast_head_json":{"title":"B\u00f6hler Welding Hardfacing Package G6 FCW M13 ArcDrive - 79.I2.00123","description":"B\u00f6hler Welding Hardfacing G6 FCW M13 ArcDrive Program Package (79.I2.00123) - optimizing hardfacing with powder wire. Check it out at SpawLab!","robots":{"index":"index","follow":"follow","max-snippet":"max-snippet:-1","max-image-preview":"max-image-preview:large","max-video-preview":"max-video-preview:-1"},"canonical":"https:\/\/spawlab.pl\/en\/produkt\/bohler-welding-hardfacing-g6-fcw-m13-ar-2o2-welding-program-package-arcdrive-79-i2-00123\/","og_locale":"en_US","og_type":"article","og_title":"B\u00f6hler Welding Hardfacing G6 FCW M13 (Ar 2%O2) Welding Program Package - ArcDrive - 79.I2.00123","og_description":"Lider sprzeda\u017cy, Oficjalny Dystrybutor Premium i Serwis na Polsk\u0119 Migatronic, Gys, Voestalpine Bohler Welding. Nowe i u\u017cywane Spawarki, Przecinarki Plazmowe, Kompresory. Mgr in\u017c. Jaros\u0142aw Ko\u0142aski, IWE","og_url":"https:\/\/spawlab.pl\/en\/produkt\/bohler-welding-hardfacing-g6-fcw-m13-ar-2o2-welding-program-package-arcdrive-79-i2-00123\/","og_site_name":"SpawLab - Welding equipment and plasma cutters - store and service","article_publisher":"https:\/\/www.facebook.com\/Spawlab\/","og_image":[{"width":2560,"height":2197,"url":"https:\/\/spawlab.pl\/wp-content\/uploads\/2025\/06\/Frame-1-scaled.png","type":"image\/png"}],"twitter_misc":{"Price":"602,95&nbsp;&#122;&#322; (490,20&nbsp;&#122;&#322; netto)","Availability":"On backorder"},"schema":{"@context":"https:\/\/schema.org","@graph":[{"@type":["WebPage","ItemPage"],"@id":"https:\/\/spawlab.pl\/en\/produkt\/bohler-welding-hardfacing-g6-fcw-m13-ar-2o2-welding-program-package-arcdrive-79-i2-00123\/","url":"https:\/\/spawlab.pl\/en\/produkt\/bohler-welding-hardfacing-g6-fcw-m13-ar-2o2-welding-program-package-arcdrive-79-i2-00123\/","name":"B\u00f6hler Welding Hardfacing Package G6 FCW M13 ArcDrive - 79.I2.00123","isPartOf":{"@id":"https:\/\/spawlab.pl\/en\/#website"},"primaryImageOfPage":{"@id":"https:\/\/spawlab.pl\/en\/produkt\/bohler-welding-hardfacing-g6-fcw-m13-ar-2o2-welding-program-package-arcdrive-79-i2-00123\/#primaryimage"},"image":{"@id":"https:\/\/spawlab.pl\/en\/produkt\/bohler-welding-hardfacing-g6-fcw-m13-ar-2o2-welding-program-package-arcdrive-79-i2-00123\/#primaryimage"},"thumbnailUrl":"https:\/\/spawlab.pl\/wp-content\/uploads\/2025\/06\/Frame-1-scaled.png","datePublished":"2025-07-09T21:31:32+00:00","description":"B\u00f6hler Welding Hardfacing G6 FCW M13 ArcDrive Program Package (79.I2.00123) - optimizing hardfacing with powder wire. Check it out at SpawLab!","breadcrumb":{"@id":"https:\/\/spawlab.pl\/en\/produkt\/bohler-welding-hardfacing-g6-fcw-m13-ar-2o2-welding-program-package-arcdrive-79-i2-00123\/#breadcrumb"},"inLanguage":"en-US","potentialAction":[{"@type":"ReadAction","target":["https:\/\/spawlab.pl\/en\/produkt\/bohler-welding-hardfacing-g6-fcw-m13-ar-2o2-welding-program-package-arcdrive-79-i2-00123\/"]}]},{"@type":"ImageObject","inLanguage":"en-US","@id":"https:\/\/spawlab.pl\/en\/produkt\/bohler-welding-hardfacing-g6-fcw-m13-ar-2o2-welding-program-package-arcdrive-79-i2-00123\/#primaryimage","url":"https:\/\/spawlab.pl\/wp-content\/uploads\/2025\/06\/Frame-1-scaled.png","contentUrl":"https:\/\/spawlab.pl\/wp-content\/uploads\/2025\/06\/Frame-1-scaled.png","width":2560,"height":2197},{"@type":"BreadcrumbList","@id":"https:\/\/spawlab.pl\/en\/produkt\/bohler-welding-hardfacing-g6-fcw-m13-ar-2o2-welding-program-package-arcdrive-79-i2-00123\/#breadcrumb","itemListElement":[{"@type":"ListItem","position":1,"name":"Strona g\u0142\u00f3wna","item":"https:\/\/spawlab.pl\/en\/"},{"@type":"ListItem","position":2,"name":"Store","item":"https:\/\/spawlab.pl\/en\/shop\/"},{"@type":"ListItem","position":3,"name":"B\u00f6hler Welding Hardfacing G6 FCW M13 (Ar 2%O2) Welding Program Package &#8211; ArcDrive &#8211; 79.I2.00123"}]},{"@type":"WebSite","@id":"https:\/\/spawlab.pl\/en\/#website","url":"https:\/\/spawlab.pl\/en\/","name":"Spawlab.pl Lider - Spawarki, Przecinarki Plazmowe, Kompresory","description":"Urz\u0105dzenia spawalnicze i Przecinarki plazmowe\/ nowe i u\u017cywane \/ Profesjonalny serwis","publisher":{"@id":"https:\/\/spawlab.pl\/en\/#organization"},"alternateName":"Spawlab.pl - Dystrybutor Premium i Serwis na Polske Migatronic, Gys, Voestalpine Bohler Welding","potentialAction":[{"@type":"SearchAction","target":{"@type":"EntryPoint","urlTemplate":"https:\/\/spawlab.pl\/en\/?s={search_term_string}"},"query-input":{"@type":"PropertyValueSpecification","valueRequired":true,"valueName":"search_term_string"}}],"inLanguage":"en-US"},{"@type":["Organization","Place"],"@id":"https:\/\/spawlab.pl\/en\/#organization","name":"Spawlab.pl","url":"https:\/\/spawlab.pl\/en\/","logo":{"@id":"https:\/\/spawlab.pl\/en\/produkt\/bohler-welding-hardfacing-g6-fcw-m13-ar-2o2-welding-program-package-arcdrive-79-i2-00123\/#local-main-organization-logo"},"image":{"@id":"https:\/\/spawlab.pl\/en\/produkt\/bohler-welding-hardfacing-g6-fcw-m13-ar-2o2-welding-program-package-arcdrive-79-i2-00123\/#local-main-organization-logo"},"sameAs":["https:\/\/www.facebook.com\/Spawlab\/","https:\/\/www.linkedin.com\/company\/spawlab","https:\/\/www.instagram.com\/spawlab.pl","https:\/\/www.tiktok.com\/@spawlab"],"description":"Lider sprzeda\u017cy, Oficjalny Dystrybutor Premium i Serwis na Polsk\u0119 Migatronic, Gys, Voestalpine Bohler Welding. Nowe i u\u017cywane Spawarki, Przecinarki Plazmowe, Kompresory. Mgr in\u017c. Jaros\u0142aw Ko\u0142aski, IWE","hasMerchantReturnPolicy":{"@type":"MerchantReturnPolicy","merchantReturnLink":"https:\/\/spawlab.pl\/polityka-prywatnosci-2\/"},"telephone":[],"openingHoursSpecification":[{"@type":"OpeningHoursSpecification","dayOfWeek":["Monday","Tuesday","Wednesday","Thursday","Friday","Saturday","Sunday"],"opens":"09:00","closes":"17:00"}]},{"@type":"ImageObject","inLanguage":"en-US","@id":"https:\/\/spawlab.pl\/en\/produkt\/bohler-welding-hardfacing-g6-fcw-m13-ar-2o2-welding-program-package-arcdrive-79-i2-00123\/#local-main-organization-logo","url":"https:\/\/spawlab.pl\/wp-content\/uploads\/2022\/01\/olx.jpg","contentUrl":"https:\/\/spawlab.pl\/wp-content\/uploads\/2022\/01\/olx.jpg","width":200,"height":200,"caption":"Spawlab.pl"}]},"product_brand":"B\u00f6hler","product_price_amount":"602.95","product_price_currency":"PLN","og_availability":"backorder","product_availability":"available for order","product_retailer_item_id":"79.I2.00123","product_condition":"new"},"_links":{"self":[{"href":"https:\/\/spawlab.pl\/en\/wp-json\/wp\/v2\/product\/41511","targetHints":{"allow":["GET"]}}],"collection":[{"href":"https:\/\/spawlab.pl\/en\/wp-json\/wp\/v2\/product"}],"about":[{"href":"https:\/\/spawlab.pl\/en\/wp-json\/wp\/v2\/types\/product"}],"wp:featuredmedia":[{"embeddable":true,"href":"https:\/\/spawlab.pl\/en\/wp-json\/wp\/v2\/media\/38560"}],"wp:attachment":[{"href":"https:\/\/spawlab.pl\/en\/wp-json\/wp\/v2\/media?parent=41511"}],"wp:term":[{"taxonomy":"product_brand","embeddable":true,"href":"https:\/\/spawlab.pl\/en\/wp-json\/wp\/v2\/product_brand?post=41511"},{"taxonomy":"product_cat","embeddable":true,"href":"https:\/\/spawlab.pl\/en\/wp-json\/wp\/v2\/product_cat?post=41511"},{"taxonomy":"product_tag","embeddable":true,"href":"https:\/\/spawlab.pl\/en\/wp-json\/wp\/v2\/product_tag?post=41511"}],"curies":[{"name":"wp","href":"https:\/\/api.w.org\/{rel}","templated":true}]}}