{"id":41517,"date":"2025-07-09T23:31:30","date_gmt":"2025-07-09T21:31:30","guid":{"rendered":"https:\/\/spawlab.pl\/produkt\/bohler-welding-welding-program-package-for-welding-g6-fcw-i1-ar-arcdrive-79-i2-00122\/"},"modified":"2025-07-09T23:31:30","modified_gmt":"2025-07-09T21:31:30","slug":"bohler-welding-welding-program-package-for-welding-g6-fcw-i1-ar-arcdrive-79-i2-00122","status":"publish","type":"product","link":"https:\/\/spawlab.pl\/en\/produkt\/bohler-welding-welding-program-package-for-welding-g6-fcw-i1-ar-arcdrive-79-i2-00122\/","title":{"rendered":"B\u00f6hler Welding Welding Program Package for Welding G6 FCW I1 (Ar) &#8211; ArcDrive &#8211; 79.I2.00122"},"content":{"rendered":"<p>&#8221;<\/p>\n<div class=\"custom-product-section distributor-info spawlab-info\">\n<p><strong>SpawLab &#8211; your Authorized Voestalpine B\u00f6hler Welding Partner in Poland!<\/strong><\/p>\n<p>We are <strong>an official distributor of<\/strong> Voestalpine B\u00f6hler Welding equipment and <strong>an Authorized Service Center in Poland<\/strong>. Our team has undergone <strong>rigorous technical training directly in Italy<\/strong> at the manufacturer&#8217;s centers. <\/p>\n<p>When you choose SpawLab, you are assured of original products, access to B\u00f6hler Welding solutions, professional advice and service support.<\/p>\n<\/div>\n<div class=\"custom-product-section product-intro\">\n<h2 class=\"product-section-title main-product-title\">B\u00f6hler Welding Welding Program Package for Welding G6 FCW I1 (Ar) &#8211; ArcDrive &#8211; 79.I2.00122<\/h2>\n<div class=\"description-content product-marketing-description\">\n<p>A specialized Welding Program Package from B\u00f6hler Welding, dedicated to precision hardfacing with G6 FCW I1 cored wires in argon (Ar) shielding, taking full advantage of ArcDrive advanced arc control. This package is the key to achieving the highest quality surfacing, optimizing performance and maximizing productivity in demanding industrial applications where wear resistance and reliability matter. Created for professionals striving for perfection in component remanufacturing and strengthening.  <\/p>\n<p>The program package enables the full potential of B\u00f6hler Welding equipment to be realized, providing precisely calibrated synergy curves. The result is a stable process, minimal spatter, and a weld bead with excellent mechanical properties, which directly translates into reduced machining costs and a longer service life for welded parts. <\/p>\n<\/div>\n<\/div>\n<h3 class=\"custom-product-heading advanced-features-heading\">Explore the Advanced Capabilities of Welding Programs Package &#8211; Hardfacing G6 FCW I1 (Ar) &#8211; ArcDrive<\/h3>\n<div class=\"custom-accordion advanced-features-accordion\">\n<details class=\"custom-accordion-item\">\n<summary class=\"custom-subtitle accordion-title\">\u2699\ufe0f ArcDrive Advanced Arc Control<\/summary>\n<div class=\"accordion-content\">\n<p><strong>ArcDrive<\/strong> is a fundamental enhanced MIG\/MAG process developed by B\u00f6hler Welding, designed to provide <strong>an exceptionally stable and highly reactive welding arc<\/strong>. This feature is key to facilitating welding, especially in difficult positions and when working with materials such as carbon steel, stainless steel, aluminum, and especially, as with this package, flux <strong>cored wires (FCW)<\/strong>. <\/p>\n<p>ArcDrive technology <strong>significantly reduces weld spatter<\/strong>, minimizing the need for time-consuming and costly post-treatment of surfaced surfaces. For the professional, this means <strong>direct savings in time and materials<\/strong>, as well as a cleaner and safer work environment. With precise control, ArcDrive ensures <strong>excellent surfacing quality<\/strong> and improved fusion, which is critical in hardfacing applications.  <\/p>\n<\/div>\n<\/details>\n<\/div>\n<div class=\"custom-product-section product-specs\">\n<h3 class=\"custom-product-heading specs-heading\">Technical Specifications<\/h3>\n<table class=\"specs-table\">\n<thead>\n<tr>\n<th>Parameter<\/th>\n<th>Value<\/th>\n<\/tr>\n<\/thead>\n<tbody>\n<tr>\n<td>Catalog Number<\/td>\n<td>79.I2.00122<\/td>\n<\/tr>\n<tr>\n<td>Product<\/td>\n<td>Welding Programs Package.<\/td>\n<\/tr>\n<tr>\n<td>Purpose<\/td>\n<td>Hardfacing<\/td>\n<\/tr>\n<tr>\n<td>Wire type<\/td>\n<td>G6 FCW I1 (powder cored wire)<\/td>\n<\/tr>\n<tr>\n<td>Shielding gas<\/td>\n<td>Argon (Ar)<\/td>\n<\/tr>\n<tr>\n<td>Supported technology\/process<\/td>\n<td>B\u00f6hler Welding ArcDrive<\/td>\n<\/tr>\n<tr>\n<td>Compatibility<\/td>\n<td>Selected B\u00f6hler Welding equipment equipped with the appropriate software and ArcDrive technology.<\/td>\n<\/tr>\n<\/tbody>\n<\/table>\n<\/div>\n<div class=\"custom-product-section product-set-contents\">\n<h3 class=\"custom-product-heading set-contents-heading\">Kit Contents \/ Packaging<\/h3>\n<p>The product (Welding Programs Package &#8211; Hardfacing G6 FCW I1 (Ar) &#8211; ArcDrive) is supplied as a single piece, according to the manufacturer&#8217;s standard Voestalpine B\u00f6hler Welding. Additional accessories are usually available separately. <\/p>\n<\/div>\n<div class=\"custom-product-section product-features\">\n<h3 class=\"custom-product-heading features-heading\">Key Features and Benefits<\/h3>\n<ul class=\"custom-product-list features-list\">\n<li>\u2728 <strong>Dedicated Synergy Programs:<\/strong> Precision-tuned welding curves for G6 FCW I1 (Ar) wire surfacing, guaranteeing optimal performance and excellent repeatability of the surfacing process.<\/li>\n<li>?\ufe0f <strong>Optimization of the surfacing process:<\/strong> Enables layers with well-defined properties, such as high hardness and wear resistance, to be obtained with a controlled degree of mixing with the parent material.<\/li>\n<li>? <strong>Increased Operational Efficiency:<\/strong> Ready-made, optimized programs significantly reduce parameter setting time and minimize the risk of errors, resulting in higher productivity.<\/li>\n<li>? <strong>Total Cost Reduction:<\/strong> Thanks to ArcDrive&#8217;s process stability and program precision, there is a reduction in the consumption of auxiliary materials and costs associated with post-processing of surfacing.<\/li>\n<\/ul>\n<\/div>\n<div class=\"custom-product-section product-application\">\n<h3 class=\"custom-product-heading application-heading\">Product Application<\/h3>\n<ul class=\"custom-product-list application-list\">\n<li>This suite of welding programs from B\u00f6hler Welding is ideal for professionals in the following areas:<\/li>\n<li>?\ufe0f Regenerative surfacing of worn parts of industrial machinery and equipment.<\/li>\n<li>? Application of wear-resistant, corrosion-, erosion- and impact-resistant layers.<\/li>\n<li>? Heavy industry, mining, power generation (e.g., remanufacturing of shafts, pump parts, mining tools).<\/li>\n<li>? Agriculture and construction (e.g., surfacing of blades, excavator teeth, agricultural machinery parts).<\/li>\n<li>?\ufe0f Production and reconditioning of tools, dies, molds requiring high surface hardness.<\/li>\n<li>\u2699\ufe0f Welding work with G6 FCW I1 core wires in argon shielding, requiring precise control of parameters and the highest quality of weld beads.<\/li>\n<\/ul>\n<\/div>\n<div class=\"custom-product-section product-summary conclusion\">\n<h3 class=\"custom-product-heading summary-heading\">Summary: Welding Programs Package &#8211; Hardfacing G6 FCW I1 (Ar) &#8211; ArcDrive &#8211; Your Investment in Quality B\u00f6hler Welding.<\/h3>\n<div class=\"summary-content\">\n<p>? B\u00f6hler Welding&#8217;s Welding Program Package &#8211; Hardfacing G6 FCW I1 (Ar) &#8211; ArcDrive is a specialized software tool that takes the quality and efficiency of surfacing processes to the next level. With precisely defined synergistic programs and ArcDrive&#8217;s advanced technology, professionals gain full control of the process, minimizing costs and maximizing the durability of the surfaced components. It&#8217;s an investment in reliability and &#8216;Made in Europe&#8217; excellence.  <\/p>\n<p>To discover the full capabilities of the B\u00f6hler Welding Programs Package &#8211; Hardfacing G6 FCW I1 (Ar) &#8211; ArcDrive and get the best deal, contact the experts at SpawLab &#8211; the official distributor and authorized service provider of Voestalpine B\u00f6hler Welding in Poland. Our team, trained in Italy, is at your service. <\/p>\n<\/div>\n<\/div>\n<div class=\"custom-product-section product-codes-info\">\n<p><strong>Part number (Art. No.):<\/strong> 79.I2.00122<\/p>\n<\/div>\n<p>&#8220;<\/p>\n","protected":false},"excerpt":{"rendered":"<p>B\u00f6hler Welding Hardfacing Program Package G6 FCW I1 (Ar) &#8211; ArcDrive (79.I2.00122) &#8211; optimizing cored wire surfacing. Professional solutions. <\/p>\n","protected":false},"featured_media":38560,"template":"","meta":{"inline_featured_image":false},"product_brand":[772],"product_cat":[11536,5686],"product_tag":[12136,11541,4432,11911,12043,11554,11551,12131,4431,11547],"class_list":{"0":"post-41517","1":"product","2":"type-product","3":"status-publish","4":"has-post-thumbnail","6":"product_brand-bohler","7":"product_cat-bohler-en-2","8":"product_cat-brand-zone","9":"product_tag-79-i2-00122-en","10":"product_tag-arcdrive-en","11":"product_tag-bohler-welding-en-2","12":"product_tag-core-wire","13":"product_tag-fcw-en","14":"product_tag-hardfacing-en","15":"product_tag-surfacing","16":"product_tag-synergy-programs","17":"product_tag-voestalpine-bohler-welding-en","18":"product_tag-welding-software-package","20":"first","21":"onbackorder","22":"taxable","23":"shipping-taxable","24":"purchasable","25":"product-type-simple"},"yoast_head":"<!-- This site is optimized with the Yoast SEO Premium plugin v27.5 (Yoast SEO v27.6) - https:\/\/yoast.com\/product\/yoast-seo-premium-wordpress\/ -->\n<title>B\u00f6hler Welding Hardfacing Program Package G6 FCW I1 (Ar) - ArcDrive - 79.I2.00122<\/title>\n<meta name=\"description\" content=\"B\u00f6hler Welding Hardfacing Program Package G6 FCW I1 (Ar) - ArcDrive (79.I2.00122) - optimizing cored wire surfacing. Professional solutions. Check it out at SpawLab!\" \/>\n<meta name=\"robots\" content=\"index, follow, max-snippet:-1, max-image-preview:large, max-video-preview:-1\" \/>\n<link rel=\"canonical\" href=\"https:\/\/spawlab.pl\/en\/produkt\/bohler-welding-welding-program-package-for-welding-g6-fcw-i1-ar-arcdrive-79-i2-00122\/\" \/>\n<meta property=\"og:locale\" content=\"en_US\" \/>\n<meta property=\"og:type\" content=\"article\" \/>\n<meta property=\"og:title\" content=\"B\u00f6hler Welding Welding Program Package for Welding G6 FCW I1 (Ar) - ArcDrive - 79.I2.00122\" \/>\n<meta property=\"og:description\" content=\"Lider sprzeda\u017cy, Oficjalny Dystrybutor Premium i Serwis na Polsk\u0119 Migatronic, Gys, Voestalpine Bohler Welding. Nowe i u\u017cywane Spawarki, Przecinarki Plazmowe, Kompresory. Mgr in\u017c. Jaros\u0142aw Ko\u0142aski, IWE\" \/>\n<meta property=\"og:url\" content=\"https:\/\/spawlab.pl\/en\/produkt\/bohler-welding-welding-program-package-for-welding-g6-fcw-i1-ar-arcdrive-79-i2-00122\/\" \/>\n<meta property=\"og:site_name\" content=\"SpawLab - Welding equipment and plasma cutters - store and service\" \/>\n<meta property=\"article:publisher\" content=\"https:\/\/www.facebook.com\/Spawlab\/\" \/>\n<meta property=\"og:image\" content=\"https:\/\/spawlab.pl\/wp-content\/uploads\/2025\/06\/Frame-1-scaled.png\" \/>\n\t<meta property=\"og:image:width\" content=\"2560\" \/>\n\t<meta property=\"og:image:height\" content=\"2197\" \/>\n\t<meta property=\"og:image:type\" content=\"image\/png\" \/>\n<meta name=\"twitter:label1\" content=\"Price\" \/>\n\t<meta name=\"twitter:data1\" content=\"602,95&nbsp;&#122;&#322; (490,20&nbsp;&#122;&#322; netto)\" \/>\n\t<meta name=\"twitter:label2\" content=\"Availability\" \/>\n\t<meta name=\"twitter:data2\" content=\"On backorder\" \/>\n<script type=\"application\/ld+json\" class=\"yoast-schema-graph\">{\"@context\":\"https:\\\/\\\/schema.org\",\"@graph\":[{\"@type\":[\"WebPage\",\"ItemPage\"],\"@id\":\"https:\\\/\\\/spawlab.pl\\\/en\\\/produkt\\\/bohler-welding-welding-program-package-for-welding-g6-fcw-i1-ar-arcdrive-79-i2-00122\\\/\",\"url\":\"https:\\\/\\\/spawlab.pl\\\/en\\\/produkt\\\/bohler-welding-welding-program-package-for-welding-g6-fcw-i1-ar-arcdrive-79-i2-00122\\\/\",\"name\":\"B\u00f6hler Welding Hardfacing Program Package G6 FCW I1 (Ar) - ArcDrive - 79.I2.00122\",\"isPartOf\":{\"@id\":\"https:\\\/\\\/spawlab.pl\\\/en\\\/#website\"},\"primaryImageOfPage\":{\"@id\":\"https:\\\/\\\/spawlab.pl\\\/en\\\/produkt\\\/bohler-welding-welding-program-package-for-welding-g6-fcw-i1-ar-arcdrive-79-i2-00122\\\/#primaryimage\"},\"image\":{\"@id\":\"https:\\\/\\\/spawlab.pl\\\/en\\\/produkt\\\/bohler-welding-welding-program-package-for-welding-g6-fcw-i1-ar-arcdrive-79-i2-00122\\\/#primaryimage\"},\"thumbnailUrl\":\"https:\\\/\\\/spawlab.pl\\\/wp-content\\\/uploads\\\/2025\\\/06\\\/Frame-1-scaled.png\",\"datePublished\":\"2025-07-09T21:31:30+00:00\",\"description\":\"B\u00f6hler Welding Hardfacing Program Package G6 FCW I1 (Ar) - ArcDrive (79.I2.00122) - optimizing cored wire surfacing. Professional solutions. Check it out at SpawLab!\",\"breadcrumb\":{\"@id\":\"https:\\\/\\\/spawlab.pl\\\/en\\\/produkt\\\/bohler-welding-welding-program-package-for-welding-g6-fcw-i1-ar-arcdrive-79-i2-00122\\\/#breadcrumb\"},\"inLanguage\":\"en-US\",\"potentialAction\":[{\"@type\":\"ReadAction\",\"target\":[\"https:\\\/\\\/spawlab.pl\\\/en\\\/produkt\\\/bohler-welding-welding-program-package-for-welding-g6-fcw-i1-ar-arcdrive-79-i2-00122\\\/\"]}]},{\"@type\":\"ImageObject\",\"inLanguage\":\"en-US\",\"@id\":\"https:\\\/\\\/spawlab.pl\\\/en\\\/produkt\\\/bohler-welding-welding-program-package-for-welding-g6-fcw-i1-ar-arcdrive-79-i2-00122\\\/#primaryimage\",\"url\":\"https:\\\/\\\/spawlab.pl\\\/wp-content\\\/uploads\\\/2025\\\/06\\\/Frame-1-scaled.png\",\"contentUrl\":\"https:\\\/\\\/spawlab.pl\\\/wp-content\\\/uploads\\\/2025\\\/06\\\/Frame-1-scaled.png\",\"width\":2560,\"height\":2197},{\"@type\":\"BreadcrumbList\",\"@id\":\"https:\\\/\\\/spawlab.pl\\\/en\\\/produkt\\\/bohler-welding-welding-program-package-for-welding-g6-fcw-i1-ar-arcdrive-79-i2-00122\\\/#breadcrumb\",\"itemListElement\":[{\"@type\":\"ListItem\",\"position\":1,\"name\":\"Strona g\u0142\u00f3wna\",\"item\":\"https:\\\/\\\/spawlab.pl\\\/en\\\/\"},{\"@type\":\"ListItem\",\"position\":2,\"name\":\"Store\",\"item\":\"https:\\\/\\\/spawlab.pl\\\/en\\\/shop\\\/\"},{\"@type\":\"ListItem\",\"position\":3,\"name\":\"B\u00f6hler Welding Welding Program Package for Welding G6 FCW I1 (Ar) &#8211; ArcDrive &#8211; 79.I2.00122\"}]},{\"@type\":\"WebSite\",\"@id\":\"https:\\\/\\\/spawlab.pl\\\/en\\\/#website\",\"url\":\"https:\\\/\\\/spawlab.pl\\\/en\\\/\",\"name\":\"Spawlab.pl Lider - Spawarki, Przecinarki Plazmowe, Kompresory\",\"description\":\"Urz\u0105dzenia spawalnicze i Przecinarki plazmowe\\\/ nowe i u\u017cywane \\\/ Profesjonalny serwis\",\"publisher\":{\"@id\":\"https:\\\/\\\/spawlab.pl\\\/en\\\/#organization\"},\"alternateName\":\"Spawlab.pl - Dystrybutor Premium i Serwis na Polske Migatronic, Gys, Voestalpine Bohler Welding\",\"potentialAction\":[{\"@type\":\"SearchAction\",\"target\":{\"@type\":\"EntryPoint\",\"urlTemplate\":\"https:\\\/\\\/spawlab.pl\\\/en\\\/?s={search_term_string}\"},\"query-input\":{\"@type\":\"PropertyValueSpecification\",\"valueRequired\":true,\"valueName\":\"search_term_string\"}}],\"inLanguage\":\"en-US\"},{\"@type\":[\"Organization\",\"Place\"],\"@id\":\"https:\\\/\\\/spawlab.pl\\\/en\\\/#organization\",\"name\":\"Spawlab.pl\",\"url\":\"https:\\\/\\\/spawlab.pl\\\/en\\\/\",\"logo\":{\"@id\":\"https:\\\/\\\/spawlab.pl\\\/en\\\/produkt\\\/bohler-welding-welding-program-package-for-welding-g6-fcw-i1-ar-arcdrive-79-i2-00122\\\/#local-main-organization-logo\"},\"image\":{\"@id\":\"https:\\\/\\\/spawlab.pl\\\/en\\\/produkt\\\/bohler-welding-welding-program-package-for-welding-g6-fcw-i1-ar-arcdrive-79-i2-00122\\\/#local-main-organization-logo\"},\"sameAs\":[\"https:\\\/\\\/www.facebook.com\\\/Spawlab\\\/\",\"https:\\\/\\\/www.linkedin.com\\\/company\\\/spawlab\",\"https:\\\/\\\/www.instagram.com\\\/spawlab.pl\",\"https:\\\/\\\/www.tiktok.com\\\/@spawlab\"],\"description\":\"Lider sprzeda\u017cy, Oficjalny Dystrybutor Premium i Serwis na Polsk\u0119 Migatronic, Gys, Voestalpine Bohler Welding. Nowe i u\u017cywane Spawarki, Przecinarki Plazmowe, Kompresory. Mgr in\u017c. Jaros\u0142aw Ko\u0142aski, IWE\",\"hasMerchantReturnPolicy\":{\"@type\":\"MerchantReturnPolicy\",\"merchantReturnLink\":\"https:\\\/\\\/spawlab.pl\\\/polityka-prywatnosci-2\\\/\"},\"telephone\":[],\"openingHoursSpecification\":[{\"@type\":\"OpeningHoursSpecification\",\"dayOfWeek\":[\"Monday\",\"Tuesday\",\"Wednesday\",\"Thursday\",\"Friday\",\"Saturday\",\"Sunday\"],\"opens\":\"09:00\",\"closes\":\"17:00\"}]},{\"@type\":\"ImageObject\",\"inLanguage\":\"en-US\",\"@id\":\"https:\\\/\\\/spawlab.pl\\\/en\\\/produkt\\\/bohler-welding-welding-program-package-for-welding-g6-fcw-i1-ar-arcdrive-79-i2-00122\\\/#local-main-organization-logo\",\"url\":\"https:\\\/\\\/spawlab.pl\\\/wp-content\\\/uploads\\\/2022\\\/01\\\/olx.jpg\",\"contentUrl\":\"https:\\\/\\\/spawlab.pl\\\/wp-content\\\/uploads\\\/2022\\\/01\\\/olx.jpg\",\"width\":200,\"height\":200,\"caption\":\"Spawlab.pl\"}]}<\/script>\n<meta property=\"product:brand\" content=\"B\u00f6hler\" \/>\n<meta property=\"product:price:amount\" content=\"602.95\" \/>\n<meta property=\"product:price:currency\" content=\"PLN\" \/>\n<meta property=\"og:availability\" content=\"backorder\" \/>\n<meta property=\"product:availability\" content=\"available for order\" \/>\n<meta property=\"product:retailer_item_id\" content=\"79.I2.00122\" \/>\n<meta property=\"product:condition\" content=\"new\" \/>\n<!-- \/ Yoast SEO Premium plugin. -->","yoast_head_json":{"title":"B\u00f6hler Welding Hardfacing Program Package G6 FCW I1 (Ar) - ArcDrive - 79.I2.00122","description":"B\u00f6hler Welding Hardfacing Program Package G6 FCW I1 (Ar) - ArcDrive (79.I2.00122) - optimizing cored wire surfacing. Professional solutions. Check it out at SpawLab!","robots":{"index":"index","follow":"follow","max-snippet":"max-snippet:-1","max-image-preview":"max-image-preview:large","max-video-preview":"max-video-preview:-1"},"canonical":"https:\/\/spawlab.pl\/en\/produkt\/bohler-welding-welding-program-package-for-welding-g6-fcw-i1-ar-arcdrive-79-i2-00122\/","og_locale":"en_US","og_type":"article","og_title":"B\u00f6hler Welding Welding Program Package for Welding G6 FCW I1 (Ar) - ArcDrive - 79.I2.00122","og_description":"Lider sprzeda\u017cy, Oficjalny Dystrybutor Premium i Serwis na Polsk\u0119 Migatronic, Gys, Voestalpine Bohler Welding. Nowe i u\u017cywane Spawarki, Przecinarki Plazmowe, Kompresory. Mgr in\u017c. Jaros\u0142aw Ko\u0142aski, IWE","og_url":"https:\/\/spawlab.pl\/en\/produkt\/bohler-welding-welding-program-package-for-welding-g6-fcw-i1-ar-arcdrive-79-i2-00122\/","og_site_name":"SpawLab - Welding equipment and plasma cutters - store and service","article_publisher":"https:\/\/www.facebook.com\/Spawlab\/","og_image":[{"width":2560,"height":2197,"url":"https:\/\/spawlab.pl\/wp-content\/uploads\/2025\/06\/Frame-1-scaled.png","type":"image\/png"}],"twitter_misc":{"Price":"602,95&nbsp;&#122;&#322; (490,20&nbsp;&#122;&#322; netto)","Availability":"On backorder"},"schema":{"@context":"https:\/\/schema.org","@graph":[{"@type":["WebPage","ItemPage"],"@id":"https:\/\/spawlab.pl\/en\/produkt\/bohler-welding-welding-program-package-for-welding-g6-fcw-i1-ar-arcdrive-79-i2-00122\/","url":"https:\/\/spawlab.pl\/en\/produkt\/bohler-welding-welding-program-package-for-welding-g6-fcw-i1-ar-arcdrive-79-i2-00122\/","name":"B\u00f6hler Welding Hardfacing Program Package G6 FCW I1 (Ar) - ArcDrive - 79.I2.00122","isPartOf":{"@id":"https:\/\/spawlab.pl\/en\/#website"},"primaryImageOfPage":{"@id":"https:\/\/spawlab.pl\/en\/produkt\/bohler-welding-welding-program-package-for-welding-g6-fcw-i1-ar-arcdrive-79-i2-00122\/#primaryimage"},"image":{"@id":"https:\/\/spawlab.pl\/en\/produkt\/bohler-welding-welding-program-package-for-welding-g6-fcw-i1-ar-arcdrive-79-i2-00122\/#primaryimage"},"thumbnailUrl":"https:\/\/spawlab.pl\/wp-content\/uploads\/2025\/06\/Frame-1-scaled.png","datePublished":"2025-07-09T21:31:30+00:00","description":"B\u00f6hler Welding Hardfacing Program Package G6 FCW I1 (Ar) - ArcDrive (79.I2.00122) - optimizing cored wire surfacing. Professional solutions. Check it out at SpawLab!","breadcrumb":{"@id":"https:\/\/spawlab.pl\/en\/produkt\/bohler-welding-welding-program-package-for-welding-g6-fcw-i1-ar-arcdrive-79-i2-00122\/#breadcrumb"},"inLanguage":"en-US","potentialAction":[{"@type":"ReadAction","target":["https:\/\/spawlab.pl\/en\/produkt\/bohler-welding-welding-program-package-for-welding-g6-fcw-i1-ar-arcdrive-79-i2-00122\/"]}]},{"@type":"ImageObject","inLanguage":"en-US","@id":"https:\/\/spawlab.pl\/en\/produkt\/bohler-welding-welding-program-package-for-welding-g6-fcw-i1-ar-arcdrive-79-i2-00122\/#primaryimage","url":"https:\/\/spawlab.pl\/wp-content\/uploads\/2025\/06\/Frame-1-scaled.png","contentUrl":"https:\/\/spawlab.pl\/wp-content\/uploads\/2025\/06\/Frame-1-scaled.png","width":2560,"height":2197},{"@type":"BreadcrumbList","@id":"https:\/\/spawlab.pl\/en\/produkt\/bohler-welding-welding-program-package-for-welding-g6-fcw-i1-ar-arcdrive-79-i2-00122\/#breadcrumb","itemListElement":[{"@type":"ListItem","position":1,"name":"Strona g\u0142\u00f3wna","item":"https:\/\/spawlab.pl\/en\/"},{"@type":"ListItem","position":2,"name":"Store","item":"https:\/\/spawlab.pl\/en\/shop\/"},{"@type":"ListItem","position":3,"name":"B\u00f6hler Welding Welding Program Package for Welding G6 FCW I1 (Ar) &#8211; ArcDrive &#8211; 79.I2.00122"}]},{"@type":"WebSite","@id":"https:\/\/spawlab.pl\/en\/#website","url":"https:\/\/spawlab.pl\/en\/","name":"Spawlab.pl Lider - Spawarki, Przecinarki Plazmowe, Kompresory","description":"Urz\u0105dzenia spawalnicze i Przecinarki plazmowe\/ nowe i u\u017cywane \/ Profesjonalny serwis","publisher":{"@id":"https:\/\/spawlab.pl\/en\/#organization"},"alternateName":"Spawlab.pl - Dystrybutor Premium i Serwis na Polske Migatronic, Gys, Voestalpine Bohler Welding","potentialAction":[{"@type":"SearchAction","target":{"@type":"EntryPoint","urlTemplate":"https:\/\/spawlab.pl\/en\/?s={search_term_string}"},"query-input":{"@type":"PropertyValueSpecification","valueRequired":true,"valueName":"search_term_string"}}],"inLanguage":"en-US"},{"@type":["Organization","Place"],"@id":"https:\/\/spawlab.pl\/en\/#organization","name":"Spawlab.pl","url":"https:\/\/spawlab.pl\/en\/","logo":{"@id":"https:\/\/spawlab.pl\/en\/produkt\/bohler-welding-welding-program-package-for-welding-g6-fcw-i1-ar-arcdrive-79-i2-00122\/#local-main-organization-logo"},"image":{"@id":"https:\/\/spawlab.pl\/en\/produkt\/bohler-welding-welding-program-package-for-welding-g6-fcw-i1-ar-arcdrive-79-i2-00122\/#local-main-organization-logo"},"sameAs":["https:\/\/www.facebook.com\/Spawlab\/","https:\/\/www.linkedin.com\/company\/spawlab","https:\/\/www.instagram.com\/spawlab.pl","https:\/\/www.tiktok.com\/@spawlab"],"description":"Lider sprzeda\u017cy, Oficjalny Dystrybutor Premium i Serwis na Polsk\u0119 Migatronic, Gys, Voestalpine Bohler Welding. Nowe i u\u017cywane Spawarki, Przecinarki Plazmowe, Kompresory. Mgr in\u017c. Jaros\u0142aw Ko\u0142aski, IWE","hasMerchantReturnPolicy":{"@type":"MerchantReturnPolicy","merchantReturnLink":"https:\/\/spawlab.pl\/polityka-prywatnosci-2\/"},"telephone":[],"openingHoursSpecification":[{"@type":"OpeningHoursSpecification","dayOfWeek":["Monday","Tuesday","Wednesday","Thursday","Friday","Saturday","Sunday"],"opens":"09:00","closes":"17:00"}]},{"@type":"ImageObject","inLanguage":"en-US","@id":"https:\/\/spawlab.pl\/en\/produkt\/bohler-welding-welding-program-package-for-welding-g6-fcw-i1-ar-arcdrive-79-i2-00122\/#local-main-organization-logo","url":"https:\/\/spawlab.pl\/wp-content\/uploads\/2022\/01\/olx.jpg","contentUrl":"https:\/\/spawlab.pl\/wp-content\/uploads\/2022\/01\/olx.jpg","width":200,"height":200,"caption":"Spawlab.pl"}]},"product_brand":"B\u00f6hler","product_price_amount":"602.95","product_price_currency":"PLN","og_availability":"backorder","product_availability":"available for order","product_retailer_item_id":"79.I2.00122","product_condition":"new"},"_links":{"self":[{"href":"https:\/\/spawlab.pl\/en\/wp-json\/wp\/v2\/product\/41517","targetHints":{"allow":["GET"]}}],"collection":[{"href":"https:\/\/spawlab.pl\/en\/wp-json\/wp\/v2\/product"}],"about":[{"href":"https:\/\/spawlab.pl\/en\/wp-json\/wp\/v2\/types\/product"}],"wp:featuredmedia":[{"embeddable":true,"href":"https:\/\/spawlab.pl\/en\/wp-json\/wp\/v2\/media\/38560"}],"wp:attachment":[{"href":"https:\/\/spawlab.pl\/en\/wp-json\/wp\/v2\/media?parent=41517"}],"wp:term":[{"taxonomy":"product_brand","embeddable":true,"href":"https:\/\/spawlab.pl\/en\/wp-json\/wp\/v2\/product_brand?post=41517"},{"taxonomy":"product_cat","embeddable":true,"href":"https:\/\/spawlab.pl\/en\/wp-json\/wp\/v2\/product_cat?post=41517"},{"taxonomy":"product_tag","embeddable":true,"href":"https:\/\/spawlab.pl\/en\/wp-json\/wp\/v2\/product_tag?post=41517"}],"curies":[{"name":"wp","href":"https:\/\/api.w.org\/{rel}","templated":true}]}}