{"id":41519,"date":"2025-07-09T23:31:30","date_gmt":"2025-07-09T21:31:30","guid":{"rendered":"https:\/\/spawlab.pl\/produkt\/bohler-welding-welding-program-package-cusi3-m12-ar-2co2-arcdrive-79-i2-00119\/"},"modified":"2025-07-09T23:31:30","modified_gmt":"2025-07-09T21:31:30","slug":"bohler-welding-welding-program-package-cusi3-m12-ar-2co2-arcdrive-79-i2-00119","status":"publish","type":"product","link":"https:\/\/spawlab.pl\/en\/produkt\/bohler-welding-welding-program-package-cusi3-m12-ar-2co2-arcdrive-79-i2-00119\/","title":{"rendered":"B\u00f6hler Welding Welding Program Package &#8211; CuSi3 M12 (Ar 2%CO2) &#8211; ArcDrive &#8211; 79.I2.00119"},"content":{"rendered":"<p>&#8221;<\/p>\n<div class=\"custom-product-section distributor-info spawlab-info\">\n<p><strong>SpawLab &#8211; your Authorized Voestalpine B\u00f6hler Welding Partner in Poland!<\/strong><\/p>\n<p>We are <strong>an official distributor of<\/strong> Voestalpine B\u00f6hler Welding equipment and <strong>an Authorized Service Center in Poland<\/strong>. Our team has undergone <strong>rigorous technical training directly in Italy<\/strong> at the manufacturer&#8217;s centers. <\/p>\n<p>When you choose SpawLab, you are assured of original products, access to B\u00f6hler Welding solutions, professional advice and service support.<\/p>\n<\/div>\n<div class=\"custom-product-section product-intro\">\n<h2 class=\"product-section-title main-product-title\">B\u00f6hler Welding Welding Program Package &#8211; CuSi3 M12 (Ar 2%CO2) &#8211; ArcDrive &#8211; 79.I2.00119<\/h2>\n<div class=\"description-content product-marketing-description\">\n<p>B\u00f6hler Welding&#8217;s specialized Welding Program Package, optimized for MIG\/MAG brazing of CuSi3 material using ArcDrive advanced arc control and Ar + 2% CO2 shielding gas. This program package is designed to provide professionals with the highest precision, repeatability and excellent joint quality while minimizing the need for post-weld machining. Dedicated to demanding applications where low heat input and preservation of the properties of the materials to be joined, especially coated sheets, are crucial.  <\/p>\n<\/div>\n<\/div>\n<h3 class=\"custom-product-heading advanced-features-heading\">Explore Advanced Welding Programs Package &#8211; CuSi3 M12 (Ar 2%CO2) &#8211; ArcDrive<\/h3>\n<div class=\"custom-accordion advanced-features-accordion\">\n<details class=\"custom-accordion-item\">\n<summary class=\"custom-subtitle accordion-title\">\u2699\ufe0f ArcDrive Advanced Welding Process<\/summary>\n<div class=\"accordion-content\">\n<p><strong>ArcDrive<\/strong> is a fundamental improved MIG\/MAG process developed by B\u00f6hler Welding, designed for maximum welding efficiency and quality. It features <strong>an exceptionally stable and highly reactive welding arc<\/strong>, which greatly facilitates the process, especially when welding in forced positions and when joining deformation-sensitive materials. <\/p>\n<p>A key benefit of ArcDrive technology is <strong>a significant reduction in weld spatter<\/strong>. This translates directly into reduced time and costs associated with the post-processing of welded parts. The process is ideally suited for welding a wide range of materials, including carbon steels, stainless steels, aluminum and core wires, and in the case of this program package, specifically optimized for CuSi3 brazing.  <\/p>\n<\/div>\n<\/details>\n<\/div>\n<div class=\"custom-product-section product-specs\">\n<h3 class=\"custom-product-heading specs-heading\">Technical Specifications<\/h3>\n<table class=\"specs-table\">\n<thead>\n<tr>\n<th>Parameter<\/th>\n<th>Value<\/th>\n<\/tr>\n<\/thead>\n<tbody>\n<tr>\n<td>Product type<\/td>\n<td>Welding program package<\/td>\n<\/tr>\n<tr>\n<td>Catalog number<\/td>\n<td>79.I2.00119<\/td>\n<\/tr>\n<tr>\n<td>Target material<\/td>\n<td>CuSi3 (Silicon bronze)<\/td>\n<\/tr>\n<tr>\n<td>Recommended shielding gas<\/td>\n<td>Ar + 2% CO2<\/td>\n<\/tr>\n<tr>\n<td>Compatible welding process<\/td>\n<td>MIG\/MAG with ArcDrive function<\/td>\n<\/tr>\n<tr>\n<td>Purpose<\/td>\n<td>Optimization of welding parameters for B\u00f6hler Welding equipment<\/td>\n<\/tr>\n<\/tbody>\n<\/table>\n<\/div>\n<div class=\"custom-product-section product-set-contents\">\n<h3 class=\"custom-product-heading set-contents-heading\">Kit Contents \/ Packaging<\/h3>\n<p>? The product (Welding Programs Package &#8211; CuSi3 M12 (Ar 2%CO2) &#8211; ArcDrive) is supplied as a single piece, according to the manufacturer&#8217;s standard Voestalpine B\u00f6hler Welding. Additional accessories are usually available separately. The product is sold by the piece.  <\/p>\n<\/div>\n<div class=\"custom-product-section product-features\">\n<h3 class=\"custom-product-heading features-heading\">Key Features and Benefits<\/h3>\n<ul class=\"custom-product-list features-list\">\n<li>\u2728 <strong>Precision Optimization for CuSi3:<\/strong> Dedicated synergy curves provide ideal parameters for silicon bronze brazing, resulting in welds of superior quality and excellent appearance.<\/li>\n<li>? <strong>ArcDrive Advanced Arc Control:<\/strong> The use of ArcDrive technology guarantees a stable, concentrated arc, minimal spatter and a reduction in secondary machining costs of up to 20%.<\/li>\n<li>?\ufe0f <strong>Ideal for Coated Sheets:<\/strong> An optimized process with low heat input protects protective layers (e.g., zinc), minimizing damage and providing long-term corrosion protection.<\/li>\n<li>?? <strong>B\u00f6hler Welding Quality Guarantee:<\/strong> A suite of programs developed by Voestalpine B\u00f6hler Welding experts, which ensures reliability and repeatability of parameters, crucial in professional industrial applications.<\/li>\n<\/ul>\n<\/div>\n<div class=\"custom-product-section product-application\">\n<h3 class=\"custom-product-heading application-heading\">Product Application<\/h3>\n<ul class=\"custom-product-list application-list\">\n<li>The B\u00f6hler Welding Program Package &#8211; CuSi3 M12 (Ar 2%CO2) &#8211; ArcDrive is ideal for professionals in the following areas:<\/li>\n<li>? <strong>Automotive:<\/strong> MIG\/MAG brazing of galvanized sheet metal, high-strength steels (AHSS, UHSS) and body repairs.<\/li>\n<li>?\ufe0f <strong>Body and paint shops:<\/strong> Precise joining of thin sheets with minimal risk of burning and distortion.<\/li>\n<li>? <strong>Production of thin-walled structures:<\/strong> Applications requiring aesthetically pleasing welds and low heat input.<\/li>\n<li>?\ufe0f <strong>HVAC sector:<\/strong> bonding of coated components in ventilation and air conditioning systems.<\/li>\n<li>? <strong>Repair and remanufacturing:<\/strong> Effective restoration of silicon bronze details and similar alloys.<\/li>\n<\/ul>\n<\/div>\n<div class=\"custom-product-section product-summary conclusion\">\n<h3 class=\"custom-product-heading summary-heading\">Summary: Welding Programs Package &#8211; CuSi3 M12 (Ar 2%CO2) &#8211; ArcDrive &#8211; Your Investment in Quality B\u00f6hler Welding<\/h3>\n<div class=\"summary-content\">\n<p>? Choose the B\u00f6hler Welding Program Package &#8211; CuSi3 M12 (Ar 2%CO2) &#8211; ArcDrive to achieve unparalleled precision and quality in MIG\/MAG brazing of silicon bronzes. By synergizing with ArcDrive&#8217;s advanced technology, you gain superior process control, minimize spatter and reduce costs. To learn more about the full capabilities of B\u00f6hler Welding Welding Programs Package &#8211; CuSi3 M12 (Ar 2%CO2) &#8211; ArcDrive and get the best deal, contact the experts at SpawLab &#8211; the official distributor and authorized service provider of Voestalpine B\u00f6hler Welding in Poland. Our team, trained in Italy, is at your service.   <\/p>\n<\/div>\n<\/div>\n<div class=\"custom-product-section product-codes-info\">\n<p><strong>Part number (Art. No.):<\/strong> 79.I2.00119<\/p>\n<\/div>\n<p>&#8220;<\/p>\n","protected":false},"excerpt":{"rendered":"<p>B\u00f6hler Welding Welding Program Package &#8211; CuSi3 M12 (Ar 2%CO2) &#8211; ArcDrive (79.I2.00119) &#8211; optimize CuSi3 brazing with ArcDrive. Professional welding solutions. <\/p>\n","protected":false},"featured_media":38560,"template":"","meta":{"inline_featured_image":false},"product_brand":[772],"product_cat":[11536,5686],"product_tag":[12140,11541,4432,12051,12138,5341,12139,11547],"class_list":{"0":"post-41519","1":"product","2":"type-product","3":"status-publish","4":"has-post-thumbnail","6":"product_brand-bohler","7":"product_cat-bohler-en-2","8":"product_cat-brand-zone","9":"product_tag-79-i2-00119-en","10":"product_tag-arcdrive-en","11":"product_tag-bohler-welding-en-2","12":"product_tag-bohler-welding-synergy-programs","13":"product_tag-cusi3-brazing","14":"product_tag-mig-mag-en","15":"product_tag-welding-bronze","16":"product_tag-welding-software-package","18":"first","19":"onbackorder","20":"taxable","21":"shipping-taxable","22":"purchasable","23":"product-type-simple"},"yoast_head":"<!-- This site is optimized with the Yoast SEO Premium plugin v27.0 (Yoast SEO v27.3) - https:\/\/yoast.com\/product\/yoast-seo-premium-wordpress\/ -->\n<title>B\u00f6hler Welding CuSi3 ArcDrive Program Package - 79.I2.00119<\/title>\n<meta name=\"description\" content=\"B\u00f6hler Welding Welding Program Package - CuSi3 M12 (Ar 2%CO2) - ArcDrive (79.I2.00119) - Optimize CuSi3 brazing with ArcDrive. Professional welding solutions. Check it out at SpawLab!\" \/>\n<meta name=\"robots\" content=\"index, follow, max-snippet:-1, max-image-preview:large, max-video-preview:-1\" \/>\n<link rel=\"canonical\" href=\"https:\/\/spawlab.pl\/en\/produkt\/bohler-welding-welding-program-package-cusi3-m12-ar-2co2-arcdrive-79-i2-00119\/\" \/>\n<meta property=\"og:locale\" content=\"en_US\" \/>\n<meta property=\"og:type\" content=\"article\" \/>\n<meta property=\"og:title\" content=\"B\u00f6hler Welding Welding Program Package - CuSi3 M12 (Ar 2%CO2) - ArcDrive - 79.I2.00119\" \/>\n<meta property=\"og:description\" content=\"Lider sprzeda\u017cy, Oficjalny Dystrybutor Premium i Serwis na Polsk\u0119 Migatronic, Gys, Voestalpine Bohler Welding. Nowe i u\u017cywane Spawarki, Przecinarki Plazmowe, Kompresory. Mgr in\u017c. Jaros\u0142aw Ko\u0142aski, IWE\" \/>\n<meta property=\"og:url\" content=\"https:\/\/spawlab.pl\/en\/produkt\/bohler-welding-welding-program-package-cusi3-m12-ar-2co2-arcdrive-79-i2-00119\/\" \/>\n<meta property=\"og:site_name\" content=\"SpawLab - Welding equipment and plasma cutters - store and service\" \/>\n<meta property=\"article:publisher\" content=\"https:\/\/www.facebook.com\/Spawlab\/\" \/>\n<meta property=\"og:image\" content=\"https:\/\/spawlab.pl\/wp-content\/uploads\/2025\/06\/Frame-1-scaled.png\" \/>\n\t<meta property=\"og:image:width\" content=\"2560\" \/>\n\t<meta property=\"og:image:height\" content=\"2197\" \/>\n\t<meta property=\"og:image:type\" content=\"image\/png\" \/>\n<meta name=\"twitter:label1\" content=\"Price\" \/>\n\t<meta name=\"twitter:data1\" content=\"602,95&nbsp;&#122;&#322; (490,20&nbsp;&#122;&#322; netto)\" \/>\n\t<meta name=\"twitter:label2\" content=\"Availability\" \/>\n\t<meta name=\"twitter:data2\" content=\"On backorder\" \/>\n<script type=\"application\/ld+json\" class=\"yoast-schema-graph\">{\"@context\":\"https:\\\/\\\/schema.org\",\"@graph\":[{\"@type\":[\"WebPage\",\"ItemPage\"],\"@id\":\"https:\\\/\\\/spawlab.pl\\\/en\\\/produkt\\\/bohler-welding-welding-program-package-cusi3-m12-ar-2co2-arcdrive-79-i2-00119\\\/\",\"url\":\"https:\\\/\\\/spawlab.pl\\\/en\\\/produkt\\\/bohler-welding-welding-program-package-cusi3-m12-ar-2co2-arcdrive-79-i2-00119\\\/\",\"name\":\"B\u00f6hler Welding CuSi3 ArcDrive Program Package - 79.I2.00119\",\"isPartOf\":{\"@id\":\"https:\\\/\\\/spawlab.pl\\\/en\\\/#website\"},\"primaryImageOfPage\":{\"@id\":\"https:\\\/\\\/spawlab.pl\\\/en\\\/produkt\\\/bohler-welding-welding-program-package-cusi3-m12-ar-2co2-arcdrive-79-i2-00119\\\/#primaryimage\"},\"image\":{\"@id\":\"https:\\\/\\\/spawlab.pl\\\/en\\\/produkt\\\/bohler-welding-welding-program-package-cusi3-m12-ar-2co2-arcdrive-79-i2-00119\\\/#primaryimage\"},\"thumbnailUrl\":\"https:\\\/\\\/spawlab.pl\\\/wp-content\\\/uploads\\\/2025\\\/06\\\/Frame-1-scaled.png\",\"datePublished\":\"2025-07-09T21:31:30+00:00\",\"description\":\"B\u00f6hler Welding Welding Program Package - CuSi3 M12 (Ar 2%CO2) - ArcDrive (79.I2.00119) - Optimize CuSi3 brazing with ArcDrive. Professional welding solutions. Check it out at SpawLab!\",\"breadcrumb\":{\"@id\":\"https:\\\/\\\/spawlab.pl\\\/en\\\/produkt\\\/bohler-welding-welding-program-package-cusi3-m12-ar-2co2-arcdrive-79-i2-00119\\\/#breadcrumb\"},\"inLanguage\":\"en-US\",\"potentialAction\":[{\"@type\":\"ReadAction\",\"target\":[\"https:\\\/\\\/spawlab.pl\\\/en\\\/produkt\\\/bohler-welding-welding-program-package-cusi3-m12-ar-2co2-arcdrive-79-i2-00119\\\/\"]}]},{\"@type\":\"ImageObject\",\"inLanguage\":\"en-US\",\"@id\":\"https:\\\/\\\/spawlab.pl\\\/en\\\/produkt\\\/bohler-welding-welding-program-package-cusi3-m12-ar-2co2-arcdrive-79-i2-00119\\\/#primaryimage\",\"url\":\"https:\\\/\\\/spawlab.pl\\\/wp-content\\\/uploads\\\/2025\\\/06\\\/Frame-1-scaled.png\",\"contentUrl\":\"https:\\\/\\\/spawlab.pl\\\/wp-content\\\/uploads\\\/2025\\\/06\\\/Frame-1-scaled.png\",\"width\":2560,\"height\":2197},{\"@type\":\"BreadcrumbList\",\"@id\":\"https:\\\/\\\/spawlab.pl\\\/en\\\/produkt\\\/bohler-welding-welding-program-package-cusi3-m12-ar-2co2-arcdrive-79-i2-00119\\\/#breadcrumb\",\"itemListElement\":[{\"@type\":\"ListItem\",\"position\":1,\"name\":\"Strona g\u0142\u00f3wna\",\"item\":\"https:\\\/\\\/spawlab.pl\\\/en\\\/\"},{\"@type\":\"ListItem\",\"position\":2,\"name\":\"Store\",\"item\":\"https:\\\/\\\/spawlab.pl\\\/en\\\/shop\\\/\"},{\"@type\":\"ListItem\",\"position\":3,\"name\":\"B\u00f6hler Welding Welding Program Package &#8211; CuSi3 M12 (Ar 2%CO2) &#8211; ArcDrive &#8211; 79.I2.00119\"}]},{\"@type\":\"WebSite\",\"@id\":\"https:\\\/\\\/spawlab.pl\\\/en\\\/#website\",\"url\":\"https:\\\/\\\/spawlab.pl\\\/en\\\/\",\"name\":\"Spawlab.pl Lider - Spawarki, Przecinarki Plazmowe, Kompresory\",\"description\":\"Urz\u0105dzenia spawalnicze i Przecinarki plazmowe\\\/ nowe i u\u017cywane \\\/ Profesjonalny serwis\",\"publisher\":{\"@id\":\"https:\\\/\\\/spawlab.pl\\\/en\\\/#organization\"},\"alternateName\":\"Spawlab.pl - Dystrybutor Premium i Serwis na Polske Migatronic, Gys, Voestalpine Bohler Welding\",\"potentialAction\":[{\"@type\":\"SearchAction\",\"target\":{\"@type\":\"EntryPoint\",\"urlTemplate\":\"https:\\\/\\\/spawlab.pl\\\/en\\\/?s={search_term_string}\"},\"query-input\":{\"@type\":\"PropertyValueSpecification\",\"valueRequired\":true,\"valueName\":\"search_term_string\"}}],\"inLanguage\":\"en-US\"},{\"@type\":[\"Organization\",\"Place\"],\"@id\":\"https:\\\/\\\/spawlab.pl\\\/en\\\/#organization\",\"name\":\"Spawlab.pl\",\"url\":\"https:\\\/\\\/spawlab.pl\\\/en\\\/\",\"logo\":{\"@id\":\"https:\\\/\\\/spawlab.pl\\\/en\\\/produkt\\\/bohler-welding-welding-program-package-cusi3-m12-ar-2co2-arcdrive-79-i2-00119\\\/#local-main-organization-logo\"},\"image\":{\"@id\":\"https:\\\/\\\/spawlab.pl\\\/en\\\/produkt\\\/bohler-welding-welding-program-package-cusi3-m12-ar-2co2-arcdrive-79-i2-00119\\\/#local-main-organization-logo\"},\"sameAs\":[\"https:\\\/\\\/www.facebook.com\\\/Spawlab\\\/\",\"https:\\\/\\\/www.linkedin.com\\\/company\\\/spawlab\",\"https:\\\/\\\/www.instagram.com\\\/spawlab.pl\",\"https:\\\/\\\/www.tiktok.com\\\/@spawlab\"],\"description\":\"Lider sprzeda\u017cy, Oficjalny Dystrybutor Premium i Serwis na Polsk\u0119 Migatronic, Gys, Voestalpine Bohler Welding. Nowe i u\u017cywane Spawarki, Przecinarki Plazmowe, Kompresory. Mgr in\u017c. Jaros\u0142aw Ko\u0142aski, IWE\",\"hasMerchantReturnPolicy\":{\"@type\":\"MerchantReturnPolicy\",\"merchantReturnLink\":\"https:\\\/\\\/spawlab.pl\\\/polityka-prywatnosci-2\\\/\"},\"telephone\":[],\"openingHoursSpecification\":[{\"@type\":\"OpeningHoursSpecification\",\"dayOfWeek\":[\"Monday\",\"Tuesday\",\"Wednesday\",\"Thursday\",\"Friday\",\"Saturday\",\"Sunday\"],\"opens\":\"09:00\",\"closes\":\"17:00\"}]},{\"@type\":\"ImageObject\",\"inLanguage\":\"en-US\",\"@id\":\"https:\\\/\\\/spawlab.pl\\\/en\\\/produkt\\\/bohler-welding-welding-program-package-cusi3-m12-ar-2co2-arcdrive-79-i2-00119\\\/#local-main-organization-logo\",\"url\":\"https:\\\/\\\/spawlab.pl\\\/wp-content\\\/uploads\\\/2022\\\/01\\\/olx.jpg\",\"contentUrl\":\"https:\\\/\\\/spawlab.pl\\\/wp-content\\\/uploads\\\/2022\\\/01\\\/olx.jpg\",\"width\":200,\"height\":200,\"caption\":\"Spawlab.pl\"}]}<\/script>\n<meta property=\"product:brand\" content=\"B\u00f6hler\" \/>\n<meta property=\"product:price:amount\" content=\"602.95\" \/>\n<meta property=\"product:price:currency\" content=\"PLN\" \/>\n<meta property=\"og:availability\" content=\"backorder\" \/>\n<meta property=\"product:availability\" content=\"available for order\" \/>\n<meta property=\"product:retailer_item_id\" content=\"79.I2.00119\" \/>\n<meta property=\"product:condition\" content=\"new\" \/>\n<!-- \/ Yoast SEO Premium plugin. -->","yoast_head_json":{"title":"B\u00f6hler Welding CuSi3 ArcDrive Program Package - 79.I2.00119","description":"B\u00f6hler Welding Welding Program Package - CuSi3 M12 (Ar 2%CO2) - ArcDrive (79.I2.00119) - Optimize CuSi3 brazing with ArcDrive. Professional welding solutions. Check it out at SpawLab!","robots":{"index":"index","follow":"follow","max-snippet":"max-snippet:-1","max-image-preview":"max-image-preview:large","max-video-preview":"max-video-preview:-1"},"canonical":"https:\/\/spawlab.pl\/en\/produkt\/bohler-welding-welding-program-package-cusi3-m12-ar-2co2-arcdrive-79-i2-00119\/","og_locale":"en_US","og_type":"article","og_title":"B\u00f6hler Welding Welding Program Package - CuSi3 M12 (Ar 2%CO2) - ArcDrive - 79.I2.00119","og_description":"Lider sprzeda\u017cy, Oficjalny Dystrybutor Premium i Serwis na Polsk\u0119 Migatronic, Gys, Voestalpine Bohler Welding. Nowe i u\u017cywane Spawarki, Przecinarki Plazmowe, Kompresory. Mgr in\u017c. Jaros\u0142aw Ko\u0142aski, IWE","og_url":"https:\/\/spawlab.pl\/en\/produkt\/bohler-welding-welding-program-package-cusi3-m12-ar-2co2-arcdrive-79-i2-00119\/","og_site_name":"SpawLab - Welding equipment and plasma cutters - store and service","article_publisher":"https:\/\/www.facebook.com\/Spawlab\/","og_image":[{"width":2560,"height":2197,"url":"https:\/\/spawlab.pl\/wp-content\/uploads\/2025\/06\/Frame-1-scaled.png","type":"image\/png"}],"twitter_misc":{"Price":"602,95&nbsp;&#122;&#322; (490,20&nbsp;&#122;&#322; netto)","Availability":"On backorder"},"schema":{"@context":"https:\/\/schema.org","@graph":[{"@type":["WebPage","ItemPage"],"@id":"https:\/\/spawlab.pl\/en\/produkt\/bohler-welding-welding-program-package-cusi3-m12-ar-2co2-arcdrive-79-i2-00119\/","url":"https:\/\/spawlab.pl\/en\/produkt\/bohler-welding-welding-program-package-cusi3-m12-ar-2co2-arcdrive-79-i2-00119\/","name":"B\u00f6hler Welding CuSi3 ArcDrive Program Package - 79.I2.00119","isPartOf":{"@id":"https:\/\/spawlab.pl\/en\/#website"},"primaryImageOfPage":{"@id":"https:\/\/spawlab.pl\/en\/produkt\/bohler-welding-welding-program-package-cusi3-m12-ar-2co2-arcdrive-79-i2-00119\/#primaryimage"},"image":{"@id":"https:\/\/spawlab.pl\/en\/produkt\/bohler-welding-welding-program-package-cusi3-m12-ar-2co2-arcdrive-79-i2-00119\/#primaryimage"},"thumbnailUrl":"https:\/\/spawlab.pl\/wp-content\/uploads\/2025\/06\/Frame-1-scaled.png","datePublished":"2025-07-09T21:31:30+00:00","description":"B\u00f6hler Welding Welding Program Package - CuSi3 M12 (Ar 2%CO2) - ArcDrive (79.I2.00119) - Optimize CuSi3 brazing with ArcDrive. Professional welding solutions. Check it out at SpawLab!","breadcrumb":{"@id":"https:\/\/spawlab.pl\/en\/produkt\/bohler-welding-welding-program-package-cusi3-m12-ar-2co2-arcdrive-79-i2-00119\/#breadcrumb"},"inLanguage":"en-US","potentialAction":[{"@type":"ReadAction","target":["https:\/\/spawlab.pl\/en\/produkt\/bohler-welding-welding-program-package-cusi3-m12-ar-2co2-arcdrive-79-i2-00119\/"]}]},{"@type":"ImageObject","inLanguage":"en-US","@id":"https:\/\/spawlab.pl\/en\/produkt\/bohler-welding-welding-program-package-cusi3-m12-ar-2co2-arcdrive-79-i2-00119\/#primaryimage","url":"https:\/\/spawlab.pl\/wp-content\/uploads\/2025\/06\/Frame-1-scaled.png","contentUrl":"https:\/\/spawlab.pl\/wp-content\/uploads\/2025\/06\/Frame-1-scaled.png","width":2560,"height":2197},{"@type":"BreadcrumbList","@id":"https:\/\/spawlab.pl\/en\/produkt\/bohler-welding-welding-program-package-cusi3-m12-ar-2co2-arcdrive-79-i2-00119\/#breadcrumb","itemListElement":[{"@type":"ListItem","position":1,"name":"Strona g\u0142\u00f3wna","item":"https:\/\/spawlab.pl\/en\/"},{"@type":"ListItem","position":2,"name":"Store","item":"https:\/\/spawlab.pl\/en\/shop\/"},{"@type":"ListItem","position":3,"name":"B\u00f6hler Welding Welding Program Package &#8211; CuSi3 M12 (Ar 2%CO2) &#8211; ArcDrive &#8211; 79.I2.00119"}]},{"@type":"WebSite","@id":"https:\/\/spawlab.pl\/en\/#website","url":"https:\/\/spawlab.pl\/en\/","name":"Spawlab.pl Lider - Spawarki, Przecinarki Plazmowe, Kompresory","description":"Urz\u0105dzenia spawalnicze i Przecinarki plazmowe\/ nowe i u\u017cywane \/ Profesjonalny serwis","publisher":{"@id":"https:\/\/spawlab.pl\/en\/#organization"},"alternateName":"Spawlab.pl - Dystrybutor Premium i Serwis na Polske Migatronic, Gys, Voestalpine Bohler Welding","potentialAction":[{"@type":"SearchAction","target":{"@type":"EntryPoint","urlTemplate":"https:\/\/spawlab.pl\/en\/?s={search_term_string}"},"query-input":{"@type":"PropertyValueSpecification","valueRequired":true,"valueName":"search_term_string"}}],"inLanguage":"en-US"},{"@type":["Organization","Place"],"@id":"https:\/\/spawlab.pl\/en\/#organization","name":"Spawlab.pl","url":"https:\/\/spawlab.pl\/en\/","logo":{"@id":"https:\/\/spawlab.pl\/en\/produkt\/bohler-welding-welding-program-package-cusi3-m12-ar-2co2-arcdrive-79-i2-00119\/#local-main-organization-logo"},"image":{"@id":"https:\/\/spawlab.pl\/en\/produkt\/bohler-welding-welding-program-package-cusi3-m12-ar-2co2-arcdrive-79-i2-00119\/#local-main-organization-logo"},"sameAs":["https:\/\/www.facebook.com\/Spawlab\/","https:\/\/www.linkedin.com\/company\/spawlab","https:\/\/www.instagram.com\/spawlab.pl","https:\/\/www.tiktok.com\/@spawlab"],"description":"Lider sprzeda\u017cy, Oficjalny Dystrybutor Premium i Serwis na Polsk\u0119 Migatronic, Gys, Voestalpine Bohler Welding. Nowe i u\u017cywane Spawarki, Przecinarki Plazmowe, Kompresory. Mgr in\u017c. Jaros\u0142aw Ko\u0142aski, IWE","hasMerchantReturnPolicy":{"@type":"MerchantReturnPolicy","merchantReturnLink":"https:\/\/spawlab.pl\/polityka-prywatnosci-2\/"},"telephone":[],"openingHoursSpecification":[{"@type":"OpeningHoursSpecification","dayOfWeek":["Monday","Tuesday","Wednesday","Thursday","Friday","Saturday","Sunday"],"opens":"09:00","closes":"17:00"}]},{"@type":"ImageObject","inLanguage":"en-US","@id":"https:\/\/spawlab.pl\/en\/produkt\/bohler-welding-welding-program-package-cusi3-m12-ar-2co2-arcdrive-79-i2-00119\/#local-main-organization-logo","url":"https:\/\/spawlab.pl\/wp-content\/uploads\/2022\/01\/olx.jpg","contentUrl":"https:\/\/spawlab.pl\/wp-content\/uploads\/2022\/01\/olx.jpg","width":200,"height":200,"caption":"Spawlab.pl"}]},"product_brand":"B\u00f6hler","product_price_amount":"602.95","product_price_currency":"PLN","og_availability":"backorder","product_availability":"available for order","product_retailer_item_id":"79.I2.00119","product_condition":"new"},"_links":{"self":[{"href":"https:\/\/spawlab.pl\/en\/wp-json\/wp\/v2\/product\/41519","targetHints":{"allow":["GET"]}}],"collection":[{"href":"https:\/\/spawlab.pl\/en\/wp-json\/wp\/v2\/product"}],"about":[{"href":"https:\/\/spawlab.pl\/en\/wp-json\/wp\/v2\/types\/product"}],"wp:featuredmedia":[{"embeddable":true,"href":"https:\/\/spawlab.pl\/en\/wp-json\/wp\/v2\/media\/38560"}],"wp:attachment":[{"href":"https:\/\/spawlab.pl\/en\/wp-json\/wp\/v2\/media?parent=41519"}],"wp:term":[{"taxonomy":"product_brand","embeddable":true,"href":"https:\/\/spawlab.pl\/en\/wp-json\/wp\/v2\/product_brand?post=41519"},{"taxonomy":"product_cat","embeddable":true,"href":"https:\/\/spawlab.pl\/en\/wp-json\/wp\/v2\/product_cat?post=41519"},{"taxonomy":"product_tag","embeddable":true,"href":"https:\/\/spawlab.pl\/en\/wp-json\/wp\/v2\/product_tag?post=41519"}],"curies":[{"name":"wp","href":"https:\/\/api.w.org\/{rel}","templated":true}]}}