{"id":41529,"date":"2025-07-09T23:31:05","date_gmt":"2025-07-09T21:31:05","guid":{"rendered":"https:\/\/spawlab.pl\/produkt\/bohler-welding-arcdrive-welding-program-crni-23-12-er309-o0-9mm-m14-ar-5co2-2o2-79-s1-206-2\/"},"modified":"2025-07-09T23:31:05","modified_gmt":"2025-07-09T21:31:05","slug":"bohler-welding-arcdrive-welding-program-crni-23-12-er309-o0-9mm-m14-ar-5co2-2o2-79-s1-206-2","status":"publish","type":"product","link":"https:\/\/spawlab.pl\/en\/produkt\/bohler-welding-arcdrive-welding-program-crni-23-12-er309-o0-9mm-m14-ar-5co2-2o2-79-s1-206-2\/","title":{"rendered":"B\u00f6hler Welding ArcDrive Welding Program &#8211; CrNi 23 12 (ER309) \u00d80.9mm M14 (Ar 5%CO2 2%O2) &#8211; 79.S1.206"},"content":{"rendered":"<p>&#8221;<\/p>\n<div class=\"custom-product-section distributor-info spawlab-info\">\n<p><strong>SpawLab &#8211; your Authorized Voestalpine B\u00f6hler Welding Partner in Poland!<\/strong><\/p>\n<p>We are <strong>an official distributor of<\/strong> Voestalpine B\u00f6hler Welding equipment and <strong>an Authorized Service Center in Poland<\/strong>. Our team has undergone <strong>rigorous technical training directly in Italy<\/strong> at the manufacturer&#8217;s centers. <\/p>\n<p>When you choose SpawLab, you are assured of original products, access to B\u00f6hler Welding solutions, professional advice and service support.<\/p>\n<\/div>\n<div class=\"custom-product-section product-intro\">\n<h2 class=\"product-section-title main-product-title\">B\u00f6hler Welding ArcDrive Welding Program &#8211; CrNi 23 12 (ER309) \u00d80.9mm M14 (Ar 5%CO2 2%O2) &#8211; 79.S1.206<\/h2>\n<div class=\"description-content product-marketing-description\">\n<p>The B\u00f6hler Welding ArcDrive Specialty Welding Program, precisely calibrated for 0.9 mm CrNi 23 12 (ER309) wire with M14 shielding gas (Ar + 5% CO2 + 2% O2). It is a key component of the B\u00f6hler Arc system, designed for professionals requiring the highest quality and repeatability when welding dissimilar steels or surfacing with the ArcDrive process. <\/p>\n<p>This synergistic program eliminates the need for time-consuming trial-and-error, delivering immediately optimized parameters for a stable arc, minimal spatter and excellent weld profile. It is a dedicated solution for users of B\u00f6hler Welding&#8217;s advanced welding equipment (e.g., NX Series, TERRA) seeking to maximize efficiency and quality in demanding industrial applications. <\/p>\n<\/div>\n<\/div>\n<h3 class=\"custom-product-heading advanced-features-heading\">Explore the Advanced Capabilities of ArcDrive Welding Program &#8211; CrNi 23 12 (ER309) \u00d80.9mm M14 (Ar 5%CO2 2%O2)<\/h3>\n<div class=\"custom-accordion advanced-features-accordion\">\n<details class=\"custom-accordion-item\">\n<summary class=\"custom-subtitle accordion-title\">\u2699\ufe0f ArcDrive Advanced Welding Process<\/summary>\n<div class=\"accordion-content\">\n<p>ArcDrive is an enhanced digitally controlled MIG\/MAG welding process developed by B\u00f6hler Welding, providing the basis for many advanced synergy curves. It features <strong>an exceptionally stable and dynamically responsive welding arc<\/strong>, which translates into significantly easier control of the weld pool, especially when welding in forced positions. <\/p>\n<p>A key benefit of the ArcDrive process is <strong>a significant reduction in spatter<\/strong> compared to standard MIG\/MAG welding. This means less time spent on post-weld machining and cleaning of parts, which directly reduces production costs. The process is optimized for a wide range of materials, including carbon steel, stainless steel (such as ER309 in this program), aluminum and core wires, ensuring <strong>excellent weld quality and appearance<\/strong>. The implementation of ArcDrive in a dedicated welding program ensures that its full capabilities are utilized for a specific application.   <\/p>\n<\/div>\n<\/details>\n<\/div>\n<div class=\"custom-product-section product-specs\">\n<h3 class=\"custom-product-heading specs-heading\">Technical Specifications<\/h3>\n<table class=\"specs-table\">\n<thead>\n<tr>\n<th>Parameter<\/th>\n<th>Value<\/th>\n<\/tr>\n<\/thead>\n<tbody>\n<tr>\n<td>Product type<\/td>\n<td>Synergic Welding Program (part of B\u00f6hler Arc)<\/td>\n<\/tr>\n<tr>\n<td>Welding Process<\/td>\n<td>ArcDrive (MIG\/MAG)<\/td>\n<\/tr>\n<tr>\n<td>Material\/Wire<\/td>\n<td>CrNi 23 12 (ER309)<\/td>\n<\/tr>\n<tr>\n<td>Wire diameter<\/td>\n<td>\u00d8 0.9 mm<\/td>\n<\/tr>\n<tr>\n<td>Shielding gas<\/td>\n<td>M14 (Argon + 5% CO2 + 2% O2)<\/td>\n<\/tr>\n<tr>\n<td>Compatibility<\/td>\n<td>Selected B\u00f6hler Welding equipment with support for B\u00f6hler Arc \/ myNX synergy programs<\/td>\n<\/tr>\n<tr>\n<td>Catalog Number<\/td>\n<td>79.S1.206<\/td>\n<\/tr>\n<\/tbody>\n<\/table>\n<\/div>\n<div class=\"custom-product-section product-set-contents\">\n<h3 class=\"custom-product-heading set-contents-heading\">Kit Contents \/ Packaging<\/h3>\n<p>? The product (ArcDrive Welding Program &#8211; CrNi 23 12 (ER309) \u00d80.9mm M14 (Ar 5%CO2 2%O2), Cat. No. 79.S1.206) is supplied as a single license\/program file, according to manufacturer Voestalpine B\u00f6hler Welding&#8217;s standard. Additional accessories and welding equipment are available separately.  <\/p>\n<\/div>\n<div class=\"custom-product-section product-features\">\n<h3 class=\"custom-product-heading features-heading\">Key Features and Benefits<\/h3>\n<ul class=\"custom-product-list features-list\">\n<li>? <strong>Precision Optimization:<\/strong> Guarantee perfectly tuned parameters for ER309 \/ \u00d80.9mm \/ M14 \/ ArcDrive combinations, reducing preparation time and increasing productivity.<\/li>\n<li>\u2728 <strong>Highest Weld Quality:<\/strong> Fully exploit the benefits of the ArcDrive process (arc stability, reduced spatter) for superior welding results of demanding ER309 material.<\/li>\n<li>? <strong>Process Repeatability:<\/strong> Provides consistent and predictable welding results every time the program is used, crucial in mass production and responsible designs.<\/li>\n<li>? <strong>B\u00f6hler System Integration:<\/strong> Easily upload and manage your program within the B\u00f6hler Arc ecosystem on compatible devices, streamlining your workflow.<\/li>\n<\/ul>\n<\/div>\n<div class=\"custom-product-section product-application\">\n<h3 class=\"custom-product-heading application-heading\">Product Application<\/h3>\n<ul class=\"custom-product-list application-list\">\n<li>The ArcDrive 79.S1.206 welding program is dedicated to precision welding tasks, including:<\/li>\n<li>joining of dissimilar steels (type 309 stainless steel with carbon or low alloy steel)<\/li>\n<li>Performing buffer layers on carbon steels before surfacing with stainless steel<\/li>\n<li>Welding of stainless steel structures with a chemical composition corresponding to ER309<\/li>\n<li>applications in the chemical, petrochemical, power generation industries where high quality dissimilar connections are required<\/li>\n<li>repair and reconditioning work requiring the use of ER309 wire in M14 gas shielding<\/li>\n<\/ul>\n<\/div>\n<div class=\"custom-product-section product-summary conclusion\">\n<h3 class=\"custom-product-heading summary-heading\">Summary: ArcDrive Welding Program &#8211; CrNi 23 12 (ER309) \u00d80.9mm M14 (Ar 5%CO2 2%O2) &#8211; Your Investment in Quality B\u00f6hler Welding<\/h3>\n<div class=\"summary-content\">\n<p>? Realize the full potential of your advanced B\u00f6hler Welding machine with the dedicated ArcDrive Welding Program for ER309 wire. Achieve unparalleled quality, process stability and repeatable results while minimizing setup time and post-processing costs. It&#8217;s an investment in precision and efficiency for the most demanding professionals. To learn about the full capabilities of the B\u00f6hler Welding ArcDrive Welding Program &#8211; CrNi 23 12 (ER309) \u00d80.9mm M14 (Ar 5%CO2 2%O2) and get the best deal, contact the experts at SpawLab &#8211; the official distributor and authorized service provider of Voestalpine B\u00f6hler Welding in Poland. Our team, trained in Italy, is at your service.    <\/p>\n<\/div>\n<\/div>\n<div class=\"custom-product-section product-codes-info\">\n<p><strong>Part number (Art. No.):<\/strong> 79.S1.206<\/p>\n<\/div>\n<p>&#8220;<\/p>\n","protected":false},"excerpt":{"rendered":"<p>B\u00f6hler Welding ArcDrive Welding Program &#8211; CrNi 23 12 (ER309) \u00d80.9mm M14 (Ar 5%CO2 2%O2) (79.S1.206) &#8211; ER309 Welding Optimization. Professional solutions. <\/p>\n","protected":false},"featured_media":38560,"template":"","meta":{"inline_featured_image":false},"product_brand":[772],"product_cat":[11536,5686],"product_tag":[11541,4432,12034,12073,12074,12076,12078,11921],"class_list":{"0":"post-41529","1":"product","2":"type-product","3":"status-publish","4":"has-post-thumbnail","6":"product_brand-bohler","7":"product_cat-bohler-en-2","8":"product_cat-brand-zone","9":"product_tag-arcdrive-en","10":"product_tag-bohler-welding-en-2","11":"product_tag-crni-23-12-en","12":"product_tag-er309-en","13":"product_tag-m14-en","14":"product_tag-synergy-program","15":"product_tag-welding-of-dissimilar-steels","16":"product_tag-welding-program","18":"first","19":"onbackorder","20":"taxable","21":"shipping-taxable","22":"purchasable","23":"product-type-simple"},"yoast_head":"<!-- This site is optimized with the Yoast SEO Premium plugin v27.0 (Yoast SEO v27.3) - https:\/\/yoast.com\/product\/yoast-seo-premium-wordpress\/ -->\n<title>B\u00f6hler Welding Program ArcDrive ER309 0.9mm - 79.S1.206 (59 zn.).<\/title>\n<meta name=\"description\" content=\"B\u00f6hler Welding ArcDrive Welding Program - CrNi 23 12 (ER309) \u00d80.9mm M14 (Ar 5%CO2 2%O2) (79.S1.206) - ER309 Welding Optimization. Check it out at SpawLab! (144 zn.)\" \/>\n<meta name=\"robots\" content=\"index, follow, max-snippet:-1, max-image-preview:large, max-video-preview:-1\" \/>\n<link rel=\"canonical\" href=\"https:\/\/spawlab.pl\/en\/produkt\/bohler-welding-arcdrive-welding-program-crni-23-12-er309-o0-9mm-m14-ar-5co2-2o2-79-s1-206-2\/\" \/>\n<meta property=\"og:locale\" content=\"en_US\" \/>\n<meta property=\"og:type\" content=\"article\" \/>\n<meta property=\"og:title\" content=\"B\u00f6hler Welding ArcDrive Welding Program - CrNi 23 12 (ER309) \u00d80.9mm M14 (Ar 5%CO2 2%O2) - 79.S1.206\" \/>\n<meta property=\"og:description\" content=\"Lider sprzeda\u017cy, Oficjalny Dystrybutor Premium i Serwis na Polsk\u0119 Migatronic, Gys, Voestalpine Bohler Welding. Nowe i u\u017cywane Spawarki, Przecinarki Plazmowe, Kompresory. Mgr in\u017c. Jaros\u0142aw Ko\u0142aski, IWE\" \/>\n<meta property=\"og:url\" content=\"https:\/\/spawlab.pl\/en\/produkt\/bohler-welding-arcdrive-welding-program-crni-23-12-er309-o0-9mm-m14-ar-5co2-2o2-79-s1-206-2\/\" \/>\n<meta property=\"og:site_name\" content=\"SpawLab - Welding equipment and plasma cutters - store and service\" \/>\n<meta property=\"article:publisher\" content=\"https:\/\/www.facebook.com\/Spawlab\/\" \/>\n<meta property=\"og:image\" content=\"https:\/\/spawlab.pl\/wp-content\/uploads\/2025\/06\/Frame-1-scaled.png\" \/>\n\t<meta property=\"og:image:width\" content=\"2560\" \/>\n\t<meta property=\"og:image:height\" content=\"2197\" \/>\n\t<meta property=\"og:image:type\" content=\"image\/png\" \/>\n<meta name=\"twitter:label1\" content=\"Price\" \/>\n\t<meta name=\"twitter:data1\" content=\"565,92&nbsp;&#122;&#322; (460,10&nbsp;&#122;&#322; netto)\" \/>\n\t<meta name=\"twitter:label2\" content=\"Availability\" \/>\n\t<meta name=\"twitter:data2\" content=\"On backorder\" \/>\n<script type=\"application\/ld+json\" class=\"yoast-schema-graph\">{\"@context\":\"https:\\\/\\\/schema.org\",\"@graph\":[{\"@type\":[\"WebPage\",\"ItemPage\"],\"@id\":\"https:\\\/\\\/spawlab.pl\\\/en\\\/produkt\\\/bohler-welding-arcdrive-welding-program-crni-23-12-er309-o0-9mm-m14-ar-5co2-2o2-79-s1-206-2\\\/\",\"url\":\"https:\\\/\\\/spawlab.pl\\\/en\\\/produkt\\\/bohler-welding-arcdrive-welding-program-crni-23-12-er309-o0-9mm-m14-ar-5co2-2o2-79-s1-206-2\\\/\",\"name\":\"B\u00f6hler Welding Program ArcDrive ER309 0.9mm - 79.S1.206 (59 zn.).\",\"isPartOf\":{\"@id\":\"https:\\\/\\\/spawlab.pl\\\/en\\\/#website\"},\"primaryImageOfPage\":{\"@id\":\"https:\\\/\\\/spawlab.pl\\\/en\\\/produkt\\\/bohler-welding-arcdrive-welding-program-crni-23-12-er309-o0-9mm-m14-ar-5co2-2o2-79-s1-206-2\\\/#primaryimage\"},\"image\":{\"@id\":\"https:\\\/\\\/spawlab.pl\\\/en\\\/produkt\\\/bohler-welding-arcdrive-welding-program-crni-23-12-er309-o0-9mm-m14-ar-5co2-2o2-79-s1-206-2\\\/#primaryimage\"},\"thumbnailUrl\":\"https:\\\/\\\/spawlab.pl\\\/wp-content\\\/uploads\\\/2025\\\/06\\\/Frame-1-scaled.png\",\"datePublished\":\"2025-07-09T21:31:05+00:00\",\"description\":\"B\u00f6hler Welding ArcDrive Welding Program - CrNi 23 12 (ER309) \u00d80.9mm M14 (Ar 5%CO2 2%O2) (79.S1.206) - ER309 Welding Optimization. Check it out at SpawLab! (144 zn.)\",\"breadcrumb\":{\"@id\":\"https:\\\/\\\/spawlab.pl\\\/en\\\/produkt\\\/bohler-welding-arcdrive-welding-program-crni-23-12-er309-o0-9mm-m14-ar-5co2-2o2-79-s1-206-2\\\/#breadcrumb\"},\"inLanguage\":\"en-US\",\"potentialAction\":[{\"@type\":\"ReadAction\",\"target\":[\"https:\\\/\\\/spawlab.pl\\\/en\\\/produkt\\\/bohler-welding-arcdrive-welding-program-crni-23-12-er309-o0-9mm-m14-ar-5co2-2o2-79-s1-206-2\\\/\"]}]},{\"@type\":\"ImageObject\",\"inLanguage\":\"en-US\",\"@id\":\"https:\\\/\\\/spawlab.pl\\\/en\\\/produkt\\\/bohler-welding-arcdrive-welding-program-crni-23-12-er309-o0-9mm-m14-ar-5co2-2o2-79-s1-206-2\\\/#primaryimage\",\"url\":\"https:\\\/\\\/spawlab.pl\\\/wp-content\\\/uploads\\\/2025\\\/06\\\/Frame-1-scaled.png\",\"contentUrl\":\"https:\\\/\\\/spawlab.pl\\\/wp-content\\\/uploads\\\/2025\\\/06\\\/Frame-1-scaled.png\",\"width\":2560,\"height\":2197},{\"@type\":\"BreadcrumbList\",\"@id\":\"https:\\\/\\\/spawlab.pl\\\/en\\\/produkt\\\/bohler-welding-arcdrive-welding-program-crni-23-12-er309-o0-9mm-m14-ar-5co2-2o2-79-s1-206-2\\\/#breadcrumb\",\"itemListElement\":[{\"@type\":\"ListItem\",\"position\":1,\"name\":\"Strona g\u0142\u00f3wna\",\"item\":\"https:\\\/\\\/spawlab.pl\\\/en\\\/\"},{\"@type\":\"ListItem\",\"position\":2,\"name\":\"Store\",\"item\":\"https:\\\/\\\/spawlab.pl\\\/en\\\/shop\\\/\"},{\"@type\":\"ListItem\",\"position\":3,\"name\":\"B\u00f6hler Welding ArcDrive Welding Program &#8211; CrNi 23 12 (ER309) \u00d80.9mm M14 (Ar 5%CO2 2%O2) &#8211; 79.S1.206\"}]},{\"@type\":\"WebSite\",\"@id\":\"https:\\\/\\\/spawlab.pl\\\/en\\\/#website\",\"url\":\"https:\\\/\\\/spawlab.pl\\\/en\\\/\",\"name\":\"Spawlab.pl Lider - Spawarki, Przecinarki Plazmowe, Kompresory\",\"description\":\"Urz\u0105dzenia spawalnicze i Przecinarki plazmowe\\\/ nowe i u\u017cywane \\\/ Profesjonalny serwis\",\"publisher\":{\"@id\":\"https:\\\/\\\/spawlab.pl\\\/en\\\/#organization\"},\"alternateName\":\"Spawlab.pl - Dystrybutor Premium i Serwis na Polske Migatronic, Gys, Voestalpine Bohler Welding\",\"potentialAction\":[{\"@type\":\"SearchAction\",\"target\":{\"@type\":\"EntryPoint\",\"urlTemplate\":\"https:\\\/\\\/spawlab.pl\\\/en\\\/?s={search_term_string}\"},\"query-input\":{\"@type\":\"PropertyValueSpecification\",\"valueRequired\":true,\"valueName\":\"search_term_string\"}}],\"inLanguage\":\"en-US\"},{\"@type\":[\"Organization\",\"Place\"],\"@id\":\"https:\\\/\\\/spawlab.pl\\\/en\\\/#organization\",\"name\":\"Spawlab.pl\",\"url\":\"https:\\\/\\\/spawlab.pl\\\/en\\\/\",\"logo\":{\"@id\":\"https:\\\/\\\/spawlab.pl\\\/en\\\/produkt\\\/bohler-welding-arcdrive-welding-program-crni-23-12-er309-o0-9mm-m14-ar-5co2-2o2-79-s1-206-2\\\/#local-main-organization-logo\"},\"image\":{\"@id\":\"https:\\\/\\\/spawlab.pl\\\/en\\\/produkt\\\/bohler-welding-arcdrive-welding-program-crni-23-12-er309-o0-9mm-m14-ar-5co2-2o2-79-s1-206-2\\\/#local-main-organization-logo\"},\"sameAs\":[\"https:\\\/\\\/www.facebook.com\\\/Spawlab\\\/\",\"https:\\\/\\\/www.linkedin.com\\\/company\\\/spawlab\",\"https:\\\/\\\/www.instagram.com\\\/spawlab.pl\",\"https:\\\/\\\/www.tiktok.com\\\/@spawlab\"],\"description\":\"Lider sprzeda\u017cy, Oficjalny Dystrybutor Premium i Serwis na Polsk\u0119 Migatronic, Gys, Voestalpine Bohler Welding. Nowe i u\u017cywane Spawarki, Przecinarki Plazmowe, Kompresory. Mgr in\u017c. Jaros\u0142aw Ko\u0142aski, IWE\",\"hasMerchantReturnPolicy\":{\"@type\":\"MerchantReturnPolicy\",\"merchantReturnLink\":\"https:\\\/\\\/spawlab.pl\\\/polityka-prywatnosci-2\\\/\"},\"telephone\":[],\"openingHoursSpecification\":[{\"@type\":\"OpeningHoursSpecification\",\"dayOfWeek\":[\"Monday\",\"Tuesday\",\"Wednesday\",\"Thursday\",\"Friday\",\"Saturday\",\"Sunday\"],\"opens\":\"09:00\",\"closes\":\"17:00\"}]},{\"@type\":\"ImageObject\",\"inLanguage\":\"en-US\",\"@id\":\"https:\\\/\\\/spawlab.pl\\\/en\\\/produkt\\\/bohler-welding-arcdrive-welding-program-crni-23-12-er309-o0-9mm-m14-ar-5co2-2o2-79-s1-206-2\\\/#local-main-organization-logo\",\"url\":\"https:\\\/\\\/spawlab.pl\\\/wp-content\\\/uploads\\\/2022\\\/01\\\/olx.jpg\",\"contentUrl\":\"https:\\\/\\\/spawlab.pl\\\/wp-content\\\/uploads\\\/2022\\\/01\\\/olx.jpg\",\"width\":200,\"height\":200,\"caption\":\"Spawlab.pl\"}]}<\/script>\n<meta property=\"product:brand\" content=\"B\u00f6hler\" \/>\n<meta property=\"product:price:amount\" content=\"565.92\" \/>\n<meta property=\"product:price:currency\" content=\"PLN\" \/>\n<meta property=\"og:availability\" content=\"backorder\" \/>\n<meta property=\"product:availability\" content=\"available for order\" \/>\n<meta property=\"product:retailer_item_id\" content=\"79.S1.206\" \/>\n<meta property=\"product:condition\" content=\"new\" \/>\n<!-- \/ Yoast SEO Premium plugin. -->","yoast_head_json":{"title":"B\u00f6hler Welding Program ArcDrive ER309 0.9mm - 79.S1.206 (59 zn.).","description":"B\u00f6hler Welding ArcDrive Welding Program - CrNi 23 12 (ER309) \u00d80.9mm M14 (Ar 5%CO2 2%O2) (79.S1.206) - ER309 Welding Optimization. Check it out at SpawLab! (144 zn.)","robots":{"index":"index","follow":"follow","max-snippet":"max-snippet:-1","max-image-preview":"max-image-preview:large","max-video-preview":"max-video-preview:-1"},"canonical":"https:\/\/spawlab.pl\/en\/produkt\/bohler-welding-arcdrive-welding-program-crni-23-12-er309-o0-9mm-m14-ar-5co2-2o2-79-s1-206-2\/","og_locale":"en_US","og_type":"article","og_title":"B\u00f6hler Welding ArcDrive Welding Program - CrNi 23 12 (ER309) \u00d80.9mm M14 (Ar 5%CO2 2%O2) - 79.S1.206","og_description":"Lider sprzeda\u017cy, Oficjalny Dystrybutor Premium i Serwis na Polsk\u0119 Migatronic, Gys, Voestalpine Bohler Welding. Nowe i u\u017cywane Spawarki, Przecinarki Plazmowe, Kompresory. Mgr in\u017c. Jaros\u0142aw Ko\u0142aski, IWE","og_url":"https:\/\/spawlab.pl\/en\/produkt\/bohler-welding-arcdrive-welding-program-crni-23-12-er309-o0-9mm-m14-ar-5co2-2o2-79-s1-206-2\/","og_site_name":"SpawLab - Welding equipment and plasma cutters - store and service","article_publisher":"https:\/\/www.facebook.com\/Spawlab\/","og_image":[{"width":2560,"height":2197,"url":"https:\/\/spawlab.pl\/wp-content\/uploads\/2025\/06\/Frame-1-scaled.png","type":"image\/png"}],"twitter_misc":{"Price":"565,92&nbsp;&#122;&#322; (460,10&nbsp;&#122;&#322; netto)","Availability":"On backorder"},"schema":{"@context":"https:\/\/schema.org","@graph":[{"@type":["WebPage","ItemPage"],"@id":"https:\/\/spawlab.pl\/en\/produkt\/bohler-welding-arcdrive-welding-program-crni-23-12-er309-o0-9mm-m14-ar-5co2-2o2-79-s1-206-2\/","url":"https:\/\/spawlab.pl\/en\/produkt\/bohler-welding-arcdrive-welding-program-crni-23-12-er309-o0-9mm-m14-ar-5co2-2o2-79-s1-206-2\/","name":"B\u00f6hler Welding Program ArcDrive ER309 0.9mm - 79.S1.206 (59 zn.).","isPartOf":{"@id":"https:\/\/spawlab.pl\/en\/#website"},"primaryImageOfPage":{"@id":"https:\/\/spawlab.pl\/en\/produkt\/bohler-welding-arcdrive-welding-program-crni-23-12-er309-o0-9mm-m14-ar-5co2-2o2-79-s1-206-2\/#primaryimage"},"image":{"@id":"https:\/\/spawlab.pl\/en\/produkt\/bohler-welding-arcdrive-welding-program-crni-23-12-er309-o0-9mm-m14-ar-5co2-2o2-79-s1-206-2\/#primaryimage"},"thumbnailUrl":"https:\/\/spawlab.pl\/wp-content\/uploads\/2025\/06\/Frame-1-scaled.png","datePublished":"2025-07-09T21:31:05+00:00","description":"B\u00f6hler Welding ArcDrive Welding Program - CrNi 23 12 (ER309) \u00d80.9mm M14 (Ar 5%CO2 2%O2) (79.S1.206) - ER309 Welding Optimization. Check it out at SpawLab! (144 zn.)","breadcrumb":{"@id":"https:\/\/spawlab.pl\/en\/produkt\/bohler-welding-arcdrive-welding-program-crni-23-12-er309-o0-9mm-m14-ar-5co2-2o2-79-s1-206-2\/#breadcrumb"},"inLanguage":"en-US","potentialAction":[{"@type":"ReadAction","target":["https:\/\/spawlab.pl\/en\/produkt\/bohler-welding-arcdrive-welding-program-crni-23-12-er309-o0-9mm-m14-ar-5co2-2o2-79-s1-206-2\/"]}]},{"@type":"ImageObject","inLanguage":"en-US","@id":"https:\/\/spawlab.pl\/en\/produkt\/bohler-welding-arcdrive-welding-program-crni-23-12-er309-o0-9mm-m14-ar-5co2-2o2-79-s1-206-2\/#primaryimage","url":"https:\/\/spawlab.pl\/wp-content\/uploads\/2025\/06\/Frame-1-scaled.png","contentUrl":"https:\/\/spawlab.pl\/wp-content\/uploads\/2025\/06\/Frame-1-scaled.png","width":2560,"height":2197},{"@type":"BreadcrumbList","@id":"https:\/\/spawlab.pl\/en\/produkt\/bohler-welding-arcdrive-welding-program-crni-23-12-er309-o0-9mm-m14-ar-5co2-2o2-79-s1-206-2\/#breadcrumb","itemListElement":[{"@type":"ListItem","position":1,"name":"Strona g\u0142\u00f3wna","item":"https:\/\/spawlab.pl\/en\/"},{"@type":"ListItem","position":2,"name":"Store","item":"https:\/\/spawlab.pl\/en\/shop\/"},{"@type":"ListItem","position":3,"name":"B\u00f6hler Welding ArcDrive Welding Program &#8211; CrNi 23 12 (ER309) \u00d80.9mm M14 (Ar 5%CO2 2%O2) &#8211; 79.S1.206"}]},{"@type":"WebSite","@id":"https:\/\/spawlab.pl\/en\/#website","url":"https:\/\/spawlab.pl\/en\/","name":"Spawlab.pl Lider - Spawarki, Przecinarki Plazmowe, Kompresory","description":"Urz\u0105dzenia spawalnicze i Przecinarki plazmowe\/ nowe i u\u017cywane \/ Profesjonalny serwis","publisher":{"@id":"https:\/\/spawlab.pl\/en\/#organization"},"alternateName":"Spawlab.pl - Dystrybutor Premium i Serwis na Polske Migatronic, Gys, Voestalpine Bohler Welding","potentialAction":[{"@type":"SearchAction","target":{"@type":"EntryPoint","urlTemplate":"https:\/\/spawlab.pl\/en\/?s={search_term_string}"},"query-input":{"@type":"PropertyValueSpecification","valueRequired":true,"valueName":"search_term_string"}}],"inLanguage":"en-US"},{"@type":["Organization","Place"],"@id":"https:\/\/spawlab.pl\/en\/#organization","name":"Spawlab.pl","url":"https:\/\/spawlab.pl\/en\/","logo":{"@id":"https:\/\/spawlab.pl\/en\/produkt\/bohler-welding-arcdrive-welding-program-crni-23-12-er309-o0-9mm-m14-ar-5co2-2o2-79-s1-206-2\/#local-main-organization-logo"},"image":{"@id":"https:\/\/spawlab.pl\/en\/produkt\/bohler-welding-arcdrive-welding-program-crni-23-12-er309-o0-9mm-m14-ar-5co2-2o2-79-s1-206-2\/#local-main-organization-logo"},"sameAs":["https:\/\/www.facebook.com\/Spawlab\/","https:\/\/www.linkedin.com\/company\/spawlab","https:\/\/www.instagram.com\/spawlab.pl","https:\/\/www.tiktok.com\/@spawlab"],"description":"Lider sprzeda\u017cy, Oficjalny Dystrybutor Premium i Serwis na Polsk\u0119 Migatronic, Gys, Voestalpine Bohler Welding. Nowe i u\u017cywane Spawarki, Przecinarki Plazmowe, Kompresory. Mgr in\u017c. Jaros\u0142aw Ko\u0142aski, IWE","hasMerchantReturnPolicy":{"@type":"MerchantReturnPolicy","merchantReturnLink":"https:\/\/spawlab.pl\/polityka-prywatnosci-2\/"},"telephone":[],"openingHoursSpecification":[{"@type":"OpeningHoursSpecification","dayOfWeek":["Monday","Tuesday","Wednesday","Thursday","Friday","Saturday","Sunday"],"opens":"09:00","closes":"17:00"}]},{"@type":"ImageObject","inLanguage":"en-US","@id":"https:\/\/spawlab.pl\/en\/produkt\/bohler-welding-arcdrive-welding-program-crni-23-12-er309-o0-9mm-m14-ar-5co2-2o2-79-s1-206-2\/#local-main-organization-logo","url":"https:\/\/spawlab.pl\/wp-content\/uploads\/2022\/01\/olx.jpg","contentUrl":"https:\/\/spawlab.pl\/wp-content\/uploads\/2022\/01\/olx.jpg","width":200,"height":200,"caption":"Spawlab.pl"}]},"product_brand":"B\u00f6hler","product_price_amount":"565.92","product_price_currency":"PLN","og_availability":"backorder","product_availability":"available for order","product_retailer_item_id":"79.S1.206","product_condition":"new"},"_links":{"self":[{"href":"https:\/\/spawlab.pl\/en\/wp-json\/wp\/v2\/product\/41529","targetHints":{"allow":["GET"]}}],"collection":[{"href":"https:\/\/spawlab.pl\/en\/wp-json\/wp\/v2\/product"}],"about":[{"href":"https:\/\/spawlab.pl\/en\/wp-json\/wp\/v2\/types\/product"}],"wp:featuredmedia":[{"embeddable":true,"href":"https:\/\/spawlab.pl\/en\/wp-json\/wp\/v2\/media\/38560"}],"wp:attachment":[{"href":"https:\/\/spawlab.pl\/en\/wp-json\/wp\/v2\/media?parent=41529"}],"wp:term":[{"taxonomy":"product_brand","embeddable":true,"href":"https:\/\/spawlab.pl\/en\/wp-json\/wp\/v2\/product_brand?post=41529"},{"taxonomy":"product_cat","embeddable":true,"href":"https:\/\/spawlab.pl\/en\/wp-json\/wp\/v2\/product_cat?post=41529"},{"taxonomy":"product_tag","embeddable":true,"href":"https:\/\/spawlab.pl\/en\/wp-json\/wp\/v2\/product_tag?post=41529"}],"curies":[{"name":"wp","href":"https:\/\/api.w.org\/{rel}","templated":true}]}}