{"id":41570,"date":"2025-07-09T23:34:57","date_gmt":"2025-07-09T21:34:57","guid":{"rendered":"https:\/\/spawlab.pl\/produkt\/bohler-welding-ecospark-m20-welding-program-package-ar-5%c3%b715co2-arcdrive-79-i2-00134\/"},"modified":"2025-07-09T23:34:57","modified_gmt":"2025-07-09T21:34:57","slug":"bohler-welding-ecospark-m20-welding-program-package-ar-5%c3%b715co2-arcdrive-79-i2-00134","status":"publish","type":"product","link":"https:\/\/spawlab.pl\/en\/produkt\/bohler-welding-ecospark-m20-welding-program-package-ar-5%c3%b715co2-arcdrive-79-i2-00134\/","title":{"rendered":"B\u00f6hler Welding ECOspark M20 Welding Program Package (Ar 5\u00f715%CO2) &#8211; ArcDrive &#8211; 79.I2.00134"},"content":{"rendered":"<p>&#8221;<\/p>\n<div class=\"custom-product-section distributor-info spawlab-info\">\n<p><strong>SpawLab &#8211; your Authorized Voestalpine B\u00f6hler Welding Partner in Poland!<\/strong><\/p>\n<p>We are <strong>an official distributor of<\/strong> Voestalpine B\u00f6hler Welding equipment and <strong>an Authorized Service Center in Poland<\/strong>. Our team has undergone <strong>rigorous technical training directly in Italy<\/strong> at the manufacturer&#8217;s centers. <\/p>\n<p>When you choose SpawLab, you are assured of original products, access to B\u00f6hler Welding solutions, professional advice and service support.<\/p>\n<\/div>\n<div class=\"custom-product-section product-intro\">\n<h2 class=\"product-section-title main-product-title\">B\u00f6hler Welding ECOspark M20 Welding Program Package (Ar 5\u00f715%CO2) &#8211; ArcDrive &#8211; 79.I2.00134<\/h2>\n<div class=\"description-content product-marketing-description\">\n<p>The B\u00f6hler Welding ECOspark M20 (Ar 5\u00f715%CO2) &#8211; ArcDrive Welding Program Package (Cat. No. 79.I2.00134) is specialized software designed for welding professionals seeking to maximize the productivity and quality of MIG\/MAG welding with B\u00f6hler Welding equipment equipped with ArcDrive technology. This package provides precisely calibrated synergy curves optimized for Ar + 5-15% CO2 (M20) gas mixtures, resulting in exceptional arc stability, reduced spatter and excellent weld appearance, especially when welding carbon and low-alloy steels. <\/p>\n<p>Thanks to its integration with ArcDrive advanced arc control, the ECOspark M20 package enables you to realize the full potential of your B\u00f6hler Welding machine, facilitating work in difficult positions and guaranteeing reproducible, top-quality results. It is a key solution for demanding industries where precision and reliability of the welding process are a priority. <\/p>\n<\/div>\n<\/div>\n<h3 class=\"custom-product-heading advanced-features-heading\">Explore the Advanced Capabilities of Welding Programs Package &#8211; ECOspark M20 (Ar 5\u00f715%CO2) &#8211; ArcDrive<\/h3>\n<div class=\"custom-accordion advanced-features-accordion\">\n<details class=\"custom-accordion-item\">\n<summary class=\"custom-subtitle accordion-title\">\u2699\ufe0f ArcDrive Advanced Arc Control<\/summary>\n<div class=\"accordion-content\">\n<p><strong>ArcDrive<\/strong> technology is a fundamental, enhanced MIG\/MAG process developed by B\u00f6hler Welding that is at the core of many of the brand&#8217;s advanced welding machines. It features <strong>an exceptionally stable and highly reactive welding arc<\/strong>. This dynamic arc response makes it easier for the welder to control the weld pool, which is particularly advantageous when welding in forced positions (e.g., vertical, ceiling) and on materials of varying thickness or with little surface contamination.  <\/p>\n<p>A key benefit of ArcDrive is <strong>a significant reduction in weld spatter<\/strong>. This translates directly into time and cost savings, eliminating or minimizing the need for time-consuming weld finishing. The ECOspark M20 program package is finely tuned to work with ArcDrive, maximizing its efficiency when welding carbon and low-alloy steels in M20 compound shielding. As a result, professionals achieve cleaner welds, better penetration and an overall higher quality of joints while increasing comfort.   <\/p>\n<\/div>\n<\/details>\n<details class=\"custom-accordion-item\">\n<summary class=\"custom-subtitle accordion-title\">? B\u00f6hler Arc Synergic Welding Programs (ECOspark M20)<\/summary>\n<div class=\"accordion-content\">\n<p>The <strong>ECOspark M20 (Ar 5\u00f715%CO2) &#8211; ArcDrive<\/strong> package is part of <strong>B\u00f6hler Arc<\/strong>&#8216;s comprehensive system of synergy programs, which are the intelligent heart of B\u00f6hler Welding equipment. Synergy programs are sets of predefined settings, where after selecting the type of material, wire diameter and shielding gas type, the welder automatically selects the optimal welding parameters (voltage, wire feed speed, etc.) depending on the set welding current. This greatly simplifies and speeds up the setup of the machine, minimizing the risk of errors.  <\/p>\n<p>The specialized <strong>ECOspark M20<\/strong> package has been developed by B\u00f6hler Welding engineers specifically for MIG\/MAG welding using a gas mixture of Argon with the addition of 5 to 15% carbon dioxide (M20 classification). The synergy curves included in this package are the result of numerous tests and studies, guaranteeing <strong>optimal performance for excellent ignition, stable arc glow and ideal<\/strong> weld <strong>formation<\/strong> when welding carbon and low-alloy steels. The benefits for the welder include <strong>time savings, repeatable results, higher weld quality and reduced consumption of consumables and shielding gas<\/strong>.  <\/p>\n<\/div>\n<\/details>\n<\/div>\n<div class=\"custom-product-section product-specs\">\n<h3 class=\"custom-product-heading specs-heading\">Technical Specifications<\/h3>\n<table class=\"specs-table\">\n<thead>\n<tr>\n<th>Parameter<\/th>\n<th>Value<\/th>\n<\/tr>\n<\/thead>\n<tbody>\n<tr>\n<td>Product type<\/td>\n<td>Welding program package<\/td>\n<\/tr>\n<tr>\n<td>Catalog number<\/td>\n<td>79.I2.00134<\/td>\n<\/tr>\n<tr>\n<td>Purpose<\/td>\n<td>Optimization of the MIG\/MAG welding process<\/td>\n<\/tr>\n<tr>\n<td>Compatibility<\/td>\n<td>Selected B\u00f6hler Welding equipment with ArcDrive technology and program package support (requires verification with specific model)<\/td>\n<\/tr>\n<tr>\n<td>Target welding process<\/td>\n<td>MIG\/MAG<\/td>\n<\/tr>\n<tr>\n<td>Optimized shielding gas<\/td>\n<td>Mixture of Argon + 5-15% CO2 (M20 classification)<\/td>\n<\/tr>\n<tr>\n<td>Key supported technology<\/td>\n<td>ArcDrive<\/td>\n<\/tr>\n<tr>\n<td>Brand<\/td>\n<td>B\u00f6hler Welding (Voestalpine B\u00f6hler Welding)<\/td>\n<\/tr>\n<\/tbody>\n<\/table>\n<\/div>\n<div class=\"custom-product-section product-set-contents\">\n<h3 class=\"custom-product-heading set-contents-heading\">Kit Contents \/ Packaging<\/h3>\n<p>? The product (Welding Programs Package &#8211; ECOspark M20 (Ar 5\u00f715%CO2) &#8211; ArcDrive, cat. no. 79.I2.00134) is delivered as a single piece (license\/software file), according to the manufacturer&#8217;s standard Voestalpine B\u00f6hler Welding. Additional accessories and compatible welding equipment are available separately.  <\/p>\n<\/div>\n<div class=\"custom-product-section product-features\">\n<h3 class=\"custom-product-heading features-heading\">Key Features and Benefits<\/h3>\n<ul class=\"custom-product-list features-list\">\n<li>\u2728 <strong>Precision synergy for M20:<\/strong> Guaranteed optimal synergistic parameters for Ar\/CO2 mix (5-15%), resulting in excellent weld quality and minimized spatter, reducing post-weld machining time.<\/li>\n<li>? <strong>Full utilization of ArcDrive:<\/strong> Enables maximization of the benefits of ArcDrive technology, providing a stable, dynamic and highly reactive arc to facilitate welding in difficult positions and on contaminated surfaces.<\/li>\n<li>? <strong>Increased productivity:<\/strong> Optimized, dedicated welding programs translate into faster welding and fewer rework, directly impacting productivity and profitability.<\/li>\n<li>?\ufe0f <strong>Repeatability and premium quality:<\/strong> B\u00f6hler Welding&#8217;s dedicated synergy curves ensure consistent, high-quality results with every weld, crucial in batch production and demanding welding projects.<\/li>\n<\/ul>\n<\/div>\n<div class=\"custom-product-section product-application\">\n<h3 class=\"custom-product-heading application-heading\">Product Application<\/h3>\n<ul class=\"custom-product-list application-list\">\n<li>The B\u00f6hler Welding ECOspark M20 (Ar 5\u00f715%CO2) &#8211; ArcDrive program package is ideal for professionals realizing:<\/li>\n<li>? Welding of steel structures (carbon steel, low alloy steel) by MIG\/MAG method.<\/li>\n<li>?\ufe0f Workshop and fabrication work requiring high quality welds and minimal spatter.<\/li>\n<li>\u2699\ufe0f Manufacturing in the engineering, automotive and agricultural industries.<\/li>\n<li>?\ufe0f Welding in demanding positions where ArcDrive arc stability is key.<\/li>\n<li>? Applications where repeatability and precision of welding parameters are essential for quality assurance.<\/li>\n<li>? Projects that optimize work time by reducing weld finishing.<\/li>\n<\/ul>\n<\/div>\n<div class=\"custom-product-section product-summary conclusion\">\n<h3 class=\"custom-product-heading summary-heading\">Summary: Welding Programs Package &#8211; ECOspark M20 (Ar 5\u00f715%CO2) &#8211; ArcDrive &#8211; Your Investment in Quality B\u00f6hler Welding<\/h3>\n<div class=\"summary-content\">\n<p>? When you choose the B\u00f6hler Welding ECOspark M20 &#8211; ArcDrive Welding Software Package, you are investing in precision, productivity and top quality MIG\/MAG welding. Optimized for the M20 compound and ArcDrive technology, this specialized software allows you to unleash the full potential of your B\u00f6hler Welding machine, guaranteeing excellent results and reduced operating costs. To learn about the full capabilities of B\u00f6hler Welding Welding Programs Package &#8211; ECOspark M20 (Ar 5\u00f715%CO2) &#8211; ArcDrive and get the best deal, contact the experts at SpawLab &#8211; the official distributor and authorized service provider of Voestalpine B\u00f6hler Welding in Poland. Our team, trained in Italy, is at your service.   <\/p>\n<\/div>\n<\/div>\n<div class=\"custom-product-section product-codes-info\">\n<p><strong>Part number (Art. No.):<\/strong> 79.I2.00134<\/p>\n<\/div>\n<p>&#8220;<\/p>\n","protected":false},"excerpt":{"rendered":"<p>B\u00f6hler Welding ECOspark M20 Program Package (Ar 5\u00f715%CO2) &#8211; ArcDrive (79.I2.00134) &#8211; MIG\/MAG optimization, synergy for steel, less spatter.<\/p>\n","protected":false},"featured_media":38560,"template":"","meta":{"inline_featured_image":false},"product_brand":[772],"product_cat":[11536,5686],"product_tag":[11541,12260,12257,12259,8763,3600,11542],"class_list":{"0":"post-41570","1":"product","2":"type-product","3":"status-publish","4":"has-post-thumbnail","6":"product_brand-bohler","7":"product_cat-bohler-en-2","8":"product_cat-brand-zone","9":"product_tag-arcdrive-en","10":"product_tag-bohler-welding-79-i2-00134-en","11":"product_tag-bohler-welding-program-package","12":"product_tag-ecospark-m20-en","13":"product_tag-mig-mag-synergy","14":"product_tag-welding-of-steel","15":"product_tag-welding-software","17":"first","18":"onbackorder","19":"taxable","20":"shipping-taxable","21":"purchasable","22":"product-type-simple"},"yoast_head":"<!-- This site is optimized with the Yoast SEO Premium plugin v27.0 (Yoast SEO v27.3) - https:\/\/yoast.com\/product\/yoast-seo-premium-wordpress\/ -->\n<title>B\u00f6hler Welding ECOspark M20 ArcDrive Program Package - 79.I2.00134<\/title>\n<meta name=\"description\" content=\"B\u00f6hler Welding ECOspark M20 Program Package (Ar 5\u00f715%CO2) - ArcDrive (79.I2.00134) - MIG\/MAG optimization, synergy for steel, less spatter. Check it out at SpawLab!\" \/>\n<meta name=\"robots\" content=\"index, follow, max-snippet:-1, max-image-preview:large, max-video-preview:-1\" \/>\n<link rel=\"canonical\" href=\"https:\/\/spawlab.pl\/en\/produkt\/bohler-welding-ecospark-m20-welding-program-package-ar-5%c3%b715co2-arcdrive-79-i2-00134\/\" \/>\n<meta property=\"og:locale\" content=\"en_US\" \/>\n<meta property=\"og:type\" content=\"article\" \/>\n<meta property=\"og:title\" content=\"B\u00f6hler Welding ECOspark M20 Welding Program Package (Ar 5\u00f715%CO2) - ArcDrive - 79.I2.00134\" \/>\n<meta property=\"og:description\" content=\"Lider sprzeda\u017cy, Oficjalny Dystrybutor Premium i Serwis na Polsk\u0119 Migatronic, Gys, Voestalpine Bohler Welding. Nowe i u\u017cywane Spawarki, Przecinarki Plazmowe, Kompresory. Mgr in\u017c. Jaros\u0142aw Ko\u0142aski, IWE\" \/>\n<meta property=\"og:url\" content=\"https:\/\/spawlab.pl\/en\/produkt\/bohler-welding-ecospark-m20-welding-program-package-ar-5%c3%b715co2-arcdrive-79-i2-00134\/\" \/>\n<meta property=\"og:site_name\" content=\"SpawLab - Welding equipment and plasma cutters - store and service\" \/>\n<meta property=\"article:publisher\" content=\"https:\/\/www.facebook.com\/Spawlab\/\" \/>\n<meta property=\"og:image\" content=\"https:\/\/spawlab.pl\/wp-content\/uploads\/2025\/06\/Frame-1-scaled.png\" \/>\n\t<meta property=\"og:image:width\" content=\"2560\" \/>\n\t<meta property=\"og:image:height\" content=\"2197\" \/>\n\t<meta property=\"og:image:type\" content=\"image\/png\" \/>\n<meta name=\"twitter:label1\" content=\"Price\" \/>\n\t<meta name=\"twitter:data1\" content=\"719,30&nbsp;&#122;&#322; (584,80&nbsp;&#122;&#322; netto)\" \/>\n\t<meta name=\"twitter:label2\" content=\"Availability\" \/>\n\t<meta name=\"twitter:data2\" content=\"On backorder\" \/>\n<script type=\"application\/ld+json\" class=\"yoast-schema-graph\">{\"@context\":\"https:\\\/\\\/schema.org\",\"@graph\":[{\"@type\":[\"WebPage\",\"ItemPage\"],\"@id\":\"https:\\\/\\\/spawlab.pl\\\/en\\\/produkt\\\/bohler-welding-ecospark-m20-welding-program-package-ar-5%c3%b715co2-arcdrive-79-i2-00134\\\/\",\"url\":\"https:\\\/\\\/spawlab.pl\\\/en\\\/produkt\\\/bohler-welding-ecospark-m20-welding-program-package-ar-5%c3%b715co2-arcdrive-79-i2-00134\\\/\",\"name\":\"B\u00f6hler Welding ECOspark M20 ArcDrive Program Package - 79.I2.00134\",\"isPartOf\":{\"@id\":\"https:\\\/\\\/spawlab.pl\\\/en\\\/#website\"},\"primaryImageOfPage\":{\"@id\":\"https:\\\/\\\/spawlab.pl\\\/en\\\/produkt\\\/bohler-welding-ecospark-m20-welding-program-package-ar-5%c3%b715co2-arcdrive-79-i2-00134\\\/#primaryimage\"},\"image\":{\"@id\":\"https:\\\/\\\/spawlab.pl\\\/en\\\/produkt\\\/bohler-welding-ecospark-m20-welding-program-package-ar-5%c3%b715co2-arcdrive-79-i2-00134\\\/#primaryimage\"},\"thumbnailUrl\":\"https:\\\/\\\/spawlab.pl\\\/wp-content\\\/uploads\\\/2025\\\/06\\\/Frame-1-scaled.png\",\"datePublished\":\"2025-07-09T21:34:57+00:00\",\"description\":\"B\u00f6hler Welding ECOspark M20 Program Package (Ar 5\u00f715%CO2) - ArcDrive (79.I2.00134) - MIG\\\/MAG optimization, synergy for steel, less spatter. Check it out at SpawLab!\",\"breadcrumb\":{\"@id\":\"https:\\\/\\\/spawlab.pl\\\/en\\\/produkt\\\/bohler-welding-ecospark-m20-welding-program-package-ar-5%c3%b715co2-arcdrive-79-i2-00134\\\/#breadcrumb\"},\"inLanguage\":\"en-US\",\"potentialAction\":[{\"@type\":\"ReadAction\",\"target\":[\"https:\\\/\\\/spawlab.pl\\\/en\\\/produkt\\\/bohler-welding-ecospark-m20-welding-program-package-ar-5%c3%b715co2-arcdrive-79-i2-00134\\\/\"]}]},{\"@type\":\"ImageObject\",\"inLanguage\":\"en-US\",\"@id\":\"https:\\\/\\\/spawlab.pl\\\/en\\\/produkt\\\/bohler-welding-ecospark-m20-welding-program-package-ar-5%c3%b715co2-arcdrive-79-i2-00134\\\/#primaryimage\",\"url\":\"https:\\\/\\\/spawlab.pl\\\/wp-content\\\/uploads\\\/2025\\\/06\\\/Frame-1-scaled.png\",\"contentUrl\":\"https:\\\/\\\/spawlab.pl\\\/wp-content\\\/uploads\\\/2025\\\/06\\\/Frame-1-scaled.png\",\"width\":2560,\"height\":2197},{\"@type\":\"BreadcrumbList\",\"@id\":\"https:\\\/\\\/spawlab.pl\\\/en\\\/produkt\\\/bohler-welding-ecospark-m20-welding-program-package-ar-5%c3%b715co2-arcdrive-79-i2-00134\\\/#breadcrumb\",\"itemListElement\":[{\"@type\":\"ListItem\",\"position\":1,\"name\":\"Strona g\u0142\u00f3wna\",\"item\":\"https:\\\/\\\/spawlab.pl\\\/en\\\/\"},{\"@type\":\"ListItem\",\"position\":2,\"name\":\"Store\",\"item\":\"https:\\\/\\\/spawlab.pl\\\/en\\\/shop\\\/\"},{\"@type\":\"ListItem\",\"position\":3,\"name\":\"B\u00f6hler Welding ECOspark M20 Welding Program Package (Ar 5\u00f715%CO2) &#8211; ArcDrive &#8211; 79.I2.00134\"}]},{\"@type\":\"WebSite\",\"@id\":\"https:\\\/\\\/spawlab.pl\\\/en\\\/#website\",\"url\":\"https:\\\/\\\/spawlab.pl\\\/en\\\/\",\"name\":\"Spawlab.pl Lider - Spawarki, Przecinarki Plazmowe, Kompresory\",\"description\":\"Urz\u0105dzenia spawalnicze i Przecinarki plazmowe\\\/ nowe i u\u017cywane \\\/ Profesjonalny serwis\",\"publisher\":{\"@id\":\"https:\\\/\\\/spawlab.pl\\\/en\\\/#organization\"},\"alternateName\":\"Spawlab.pl - Dystrybutor Premium i Serwis na Polske Migatronic, Gys, Voestalpine Bohler Welding\",\"potentialAction\":[{\"@type\":\"SearchAction\",\"target\":{\"@type\":\"EntryPoint\",\"urlTemplate\":\"https:\\\/\\\/spawlab.pl\\\/en\\\/?s={search_term_string}\"},\"query-input\":{\"@type\":\"PropertyValueSpecification\",\"valueRequired\":true,\"valueName\":\"search_term_string\"}}],\"inLanguage\":\"en-US\"},{\"@type\":[\"Organization\",\"Place\"],\"@id\":\"https:\\\/\\\/spawlab.pl\\\/en\\\/#organization\",\"name\":\"Spawlab.pl\",\"url\":\"https:\\\/\\\/spawlab.pl\\\/en\\\/\",\"logo\":{\"@id\":\"https:\\\/\\\/spawlab.pl\\\/en\\\/produkt\\\/bohler-welding-ecospark-m20-welding-program-package-ar-5%c3%b715co2-arcdrive-79-i2-00134\\\/#local-main-organization-logo\"},\"image\":{\"@id\":\"https:\\\/\\\/spawlab.pl\\\/en\\\/produkt\\\/bohler-welding-ecospark-m20-welding-program-package-ar-5%c3%b715co2-arcdrive-79-i2-00134\\\/#local-main-organization-logo\"},\"sameAs\":[\"https:\\\/\\\/www.facebook.com\\\/Spawlab\\\/\",\"https:\\\/\\\/www.linkedin.com\\\/company\\\/spawlab\",\"https:\\\/\\\/www.instagram.com\\\/spawlab.pl\",\"https:\\\/\\\/www.tiktok.com\\\/@spawlab\"],\"description\":\"Lider sprzeda\u017cy, Oficjalny Dystrybutor Premium i Serwis na Polsk\u0119 Migatronic, Gys, Voestalpine Bohler Welding. Nowe i u\u017cywane Spawarki, Przecinarki Plazmowe, Kompresory. Mgr in\u017c. Jaros\u0142aw Ko\u0142aski, IWE\",\"hasMerchantReturnPolicy\":{\"@type\":\"MerchantReturnPolicy\",\"merchantReturnLink\":\"https:\\\/\\\/spawlab.pl\\\/polityka-prywatnosci-2\\\/\"},\"telephone\":[],\"openingHoursSpecification\":[{\"@type\":\"OpeningHoursSpecification\",\"dayOfWeek\":[\"Monday\",\"Tuesday\",\"Wednesday\",\"Thursday\",\"Friday\",\"Saturday\",\"Sunday\"],\"opens\":\"09:00\",\"closes\":\"17:00\"}]},{\"@type\":\"ImageObject\",\"inLanguage\":\"en-US\",\"@id\":\"https:\\\/\\\/spawlab.pl\\\/en\\\/produkt\\\/bohler-welding-ecospark-m20-welding-program-package-ar-5%c3%b715co2-arcdrive-79-i2-00134\\\/#local-main-organization-logo\",\"url\":\"https:\\\/\\\/spawlab.pl\\\/wp-content\\\/uploads\\\/2022\\\/01\\\/olx.jpg\",\"contentUrl\":\"https:\\\/\\\/spawlab.pl\\\/wp-content\\\/uploads\\\/2022\\\/01\\\/olx.jpg\",\"width\":200,\"height\":200,\"caption\":\"Spawlab.pl\"}]}<\/script>\n<meta property=\"product:brand\" content=\"B\u00f6hler\" \/>\n<meta property=\"product:price:amount\" content=\"719.30\" \/>\n<meta property=\"product:price:currency\" content=\"PLN\" \/>\n<meta property=\"og:availability\" content=\"backorder\" \/>\n<meta property=\"product:availability\" content=\"available for order\" \/>\n<meta property=\"product:retailer_item_id\" content=\"79.I2.00134\" \/>\n<meta property=\"product:condition\" content=\"new\" \/>\n<!-- \/ Yoast SEO Premium plugin. -->","yoast_head_json":{"title":"B\u00f6hler Welding ECOspark M20 ArcDrive Program Package - 79.I2.00134","description":"B\u00f6hler Welding ECOspark M20 Program Package (Ar 5\u00f715%CO2) - ArcDrive (79.I2.00134) - MIG\/MAG optimization, synergy for steel, less spatter. Check it out at SpawLab!","robots":{"index":"index","follow":"follow","max-snippet":"max-snippet:-1","max-image-preview":"max-image-preview:large","max-video-preview":"max-video-preview:-1"},"canonical":"https:\/\/spawlab.pl\/en\/produkt\/bohler-welding-ecospark-m20-welding-program-package-ar-5%c3%b715co2-arcdrive-79-i2-00134\/","og_locale":"en_US","og_type":"article","og_title":"B\u00f6hler Welding ECOspark M20 Welding Program Package (Ar 5\u00f715%CO2) - ArcDrive - 79.I2.00134","og_description":"Lider sprzeda\u017cy, Oficjalny Dystrybutor Premium i Serwis na Polsk\u0119 Migatronic, Gys, Voestalpine Bohler Welding. Nowe i u\u017cywane Spawarki, Przecinarki Plazmowe, Kompresory. Mgr in\u017c. Jaros\u0142aw Ko\u0142aski, IWE","og_url":"https:\/\/spawlab.pl\/en\/produkt\/bohler-welding-ecospark-m20-welding-program-package-ar-5%c3%b715co2-arcdrive-79-i2-00134\/","og_site_name":"SpawLab - Welding equipment and plasma cutters - store and service","article_publisher":"https:\/\/www.facebook.com\/Spawlab\/","og_image":[{"width":2560,"height":2197,"url":"https:\/\/spawlab.pl\/wp-content\/uploads\/2025\/06\/Frame-1-scaled.png","type":"image\/png"}],"twitter_misc":{"Price":"719,30&nbsp;&#122;&#322; (584,80&nbsp;&#122;&#322; netto)","Availability":"On backorder"},"schema":{"@context":"https:\/\/schema.org","@graph":[{"@type":["WebPage","ItemPage"],"@id":"https:\/\/spawlab.pl\/en\/produkt\/bohler-welding-ecospark-m20-welding-program-package-ar-5%c3%b715co2-arcdrive-79-i2-00134\/","url":"https:\/\/spawlab.pl\/en\/produkt\/bohler-welding-ecospark-m20-welding-program-package-ar-5%c3%b715co2-arcdrive-79-i2-00134\/","name":"B\u00f6hler Welding ECOspark M20 ArcDrive Program Package - 79.I2.00134","isPartOf":{"@id":"https:\/\/spawlab.pl\/en\/#website"},"primaryImageOfPage":{"@id":"https:\/\/spawlab.pl\/en\/produkt\/bohler-welding-ecospark-m20-welding-program-package-ar-5%c3%b715co2-arcdrive-79-i2-00134\/#primaryimage"},"image":{"@id":"https:\/\/spawlab.pl\/en\/produkt\/bohler-welding-ecospark-m20-welding-program-package-ar-5%c3%b715co2-arcdrive-79-i2-00134\/#primaryimage"},"thumbnailUrl":"https:\/\/spawlab.pl\/wp-content\/uploads\/2025\/06\/Frame-1-scaled.png","datePublished":"2025-07-09T21:34:57+00:00","description":"B\u00f6hler Welding ECOspark M20 Program Package (Ar 5\u00f715%CO2) - ArcDrive (79.I2.00134) - MIG\/MAG optimization, synergy for steel, less spatter. Check it out at SpawLab!","breadcrumb":{"@id":"https:\/\/spawlab.pl\/en\/produkt\/bohler-welding-ecospark-m20-welding-program-package-ar-5%c3%b715co2-arcdrive-79-i2-00134\/#breadcrumb"},"inLanguage":"en-US","potentialAction":[{"@type":"ReadAction","target":["https:\/\/spawlab.pl\/en\/produkt\/bohler-welding-ecospark-m20-welding-program-package-ar-5%c3%b715co2-arcdrive-79-i2-00134\/"]}]},{"@type":"ImageObject","inLanguage":"en-US","@id":"https:\/\/spawlab.pl\/en\/produkt\/bohler-welding-ecospark-m20-welding-program-package-ar-5%c3%b715co2-arcdrive-79-i2-00134\/#primaryimage","url":"https:\/\/spawlab.pl\/wp-content\/uploads\/2025\/06\/Frame-1-scaled.png","contentUrl":"https:\/\/spawlab.pl\/wp-content\/uploads\/2025\/06\/Frame-1-scaled.png","width":2560,"height":2197},{"@type":"BreadcrumbList","@id":"https:\/\/spawlab.pl\/en\/produkt\/bohler-welding-ecospark-m20-welding-program-package-ar-5%c3%b715co2-arcdrive-79-i2-00134\/#breadcrumb","itemListElement":[{"@type":"ListItem","position":1,"name":"Strona g\u0142\u00f3wna","item":"https:\/\/spawlab.pl\/en\/"},{"@type":"ListItem","position":2,"name":"Store","item":"https:\/\/spawlab.pl\/en\/shop\/"},{"@type":"ListItem","position":3,"name":"B\u00f6hler Welding ECOspark M20 Welding Program Package (Ar 5\u00f715%CO2) &#8211; ArcDrive &#8211; 79.I2.00134"}]},{"@type":"WebSite","@id":"https:\/\/spawlab.pl\/en\/#website","url":"https:\/\/spawlab.pl\/en\/","name":"Spawlab.pl Lider - Spawarki, Przecinarki Plazmowe, Kompresory","description":"Urz\u0105dzenia spawalnicze i Przecinarki plazmowe\/ nowe i u\u017cywane \/ Profesjonalny serwis","publisher":{"@id":"https:\/\/spawlab.pl\/en\/#organization"},"alternateName":"Spawlab.pl - Dystrybutor Premium i Serwis na Polske Migatronic, Gys, Voestalpine Bohler Welding","potentialAction":[{"@type":"SearchAction","target":{"@type":"EntryPoint","urlTemplate":"https:\/\/spawlab.pl\/en\/?s={search_term_string}"},"query-input":{"@type":"PropertyValueSpecification","valueRequired":true,"valueName":"search_term_string"}}],"inLanguage":"en-US"},{"@type":["Organization","Place"],"@id":"https:\/\/spawlab.pl\/en\/#organization","name":"Spawlab.pl","url":"https:\/\/spawlab.pl\/en\/","logo":{"@id":"https:\/\/spawlab.pl\/en\/produkt\/bohler-welding-ecospark-m20-welding-program-package-ar-5%c3%b715co2-arcdrive-79-i2-00134\/#local-main-organization-logo"},"image":{"@id":"https:\/\/spawlab.pl\/en\/produkt\/bohler-welding-ecospark-m20-welding-program-package-ar-5%c3%b715co2-arcdrive-79-i2-00134\/#local-main-organization-logo"},"sameAs":["https:\/\/www.facebook.com\/Spawlab\/","https:\/\/www.linkedin.com\/company\/spawlab","https:\/\/www.instagram.com\/spawlab.pl","https:\/\/www.tiktok.com\/@spawlab"],"description":"Lider sprzeda\u017cy, Oficjalny Dystrybutor Premium i Serwis na Polsk\u0119 Migatronic, Gys, Voestalpine Bohler Welding. Nowe i u\u017cywane Spawarki, Przecinarki Plazmowe, Kompresory. Mgr in\u017c. Jaros\u0142aw Ko\u0142aski, IWE","hasMerchantReturnPolicy":{"@type":"MerchantReturnPolicy","merchantReturnLink":"https:\/\/spawlab.pl\/polityka-prywatnosci-2\/"},"telephone":[],"openingHoursSpecification":[{"@type":"OpeningHoursSpecification","dayOfWeek":["Monday","Tuesday","Wednesday","Thursday","Friday","Saturday","Sunday"],"opens":"09:00","closes":"17:00"}]},{"@type":"ImageObject","inLanguage":"en-US","@id":"https:\/\/spawlab.pl\/en\/produkt\/bohler-welding-ecospark-m20-welding-program-package-ar-5%c3%b715co2-arcdrive-79-i2-00134\/#local-main-organization-logo","url":"https:\/\/spawlab.pl\/wp-content\/uploads\/2022\/01\/olx.jpg","contentUrl":"https:\/\/spawlab.pl\/wp-content\/uploads\/2022\/01\/olx.jpg","width":200,"height":200,"caption":"Spawlab.pl"}]},"product_brand":"B\u00f6hler","product_price_amount":"719.30","product_price_currency":"PLN","og_availability":"backorder","product_availability":"available for order","product_retailer_item_id":"79.I2.00134","product_condition":"new"},"_links":{"self":[{"href":"https:\/\/spawlab.pl\/en\/wp-json\/wp\/v2\/product\/41570","targetHints":{"allow":["GET"]}}],"collection":[{"href":"https:\/\/spawlab.pl\/en\/wp-json\/wp\/v2\/product"}],"about":[{"href":"https:\/\/spawlab.pl\/en\/wp-json\/wp\/v2\/types\/product"}],"wp:featuredmedia":[{"embeddable":true,"href":"https:\/\/spawlab.pl\/en\/wp-json\/wp\/v2\/media\/38560"}],"wp:attachment":[{"href":"https:\/\/spawlab.pl\/en\/wp-json\/wp\/v2\/media?parent=41570"}],"wp:term":[{"taxonomy":"product_brand","embeddable":true,"href":"https:\/\/spawlab.pl\/en\/wp-json\/wp\/v2\/product_brand?post=41570"},{"taxonomy":"product_cat","embeddable":true,"href":"https:\/\/spawlab.pl\/en\/wp-json\/wp\/v2\/product_cat?post=41570"},{"taxonomy":"product_tag","embeddable":true,"href":"https:\/\/spawlab.pl\/en\/wp-json\/wp\/v2\/product_tag?post=41570"}],"curies":[{"name":"wp","href":"https:\/\/api.w.org\/{rel}","templated":true}]}}