{"id":42129,"date":"2025-07-06T12:48:03","date_gmt":"2025-07-06T10:48:03","guid":{"rendered":"https:\/\/spawlab.pl\/produkt\/optrel-external-protective-glass-frame-set-of-10-pcs-5000-490\/"},"modified":"2025-07-06T12:48:03","modified_gmt":"2025-07-06T10:48:03","slug":"optrel-external-protective-glass-frame-set-of-10-pcs-5000-490","status":"publish","type":"product","link":"https:\/\/spawlab.pl\/en\/produkt\/optrel-external-protective-glass-frame-set-of-10-pcs-5000-490\/","title":{"rendered":"Optrel External Protective Glass Frame (Set of 10 pcs.) 5000.490"},"content":{"rendered":"<div>\n<div style=\"background-color: #f2f8fc;border-left: 5px solid #39A9E0;padding: 20px;margin-bottom: 25px;border-radius: 4px\">\n<h3 style=\"margin: 0 0 10px 0;font-size: 18px;font-weight: 600;color: #333333\">Why choose Spawlab.pl?<\/h3>\n<p style=\"margin: 0 0 15px 0;font-size: 16px;line-height: 1.6;color: #333333\">As an authorized distributor and sales leader of Optrel in Poland, we provide more than just equipment. When you invest with us, you get assurance and full support at every stage. <\/p>\n<ul style=\"margin: 0;padding: 0\">\n<li style=\"font-size: 16px;line-height: 1.6;margin-bottom: 8px;display: flex;align-items: flex-start;color: #333333\">\u2714 <span style=\"margin-right: 10px;color: #39a9e0;font-size: 20px;line-height: 1.6\">1<\/span> <b>00% Originality Guarantee:<\/b> You get brand new equipment from official Polish distribution.<\/li>\n<li style=\"font-size: 16px;line-height: 1.6;margin-bottom: 8px;display: flex;align-items: flex-start;color: #333333\"><span style=\"margin-right: 10px;color: #39a9e0;font-size: 20px;line-height: 1.6\">\u2714<\/span> <b>Express Shipping:<\/b> we ship the products directly from our warehouse, no waiting time.<\/li>\n<li style=\"font-size: 16px;line-height: 1.6;margin-bottom: 8px;display: flex;align-items: flex-start;color: #333333\"><span style=\"margin-right: 10px;color: #39a9e0;font-size: 20px;line-height: 1.6\">\u2714<\/span> Professional <b>Advice and Full Service:<\/b> we provide professional technical support and access to all spare parts.<\/li>\n<li style=\"font-size: 16px;line-height: 1.6;margin-bottom: 8px;display: flex;align-items: flex-start;color: #333333\"><span style=\"margin-right: 10px;color: #39a9e0;font-size: 20px;line-height: 1.6\">\u2714<\/span> <b>Trusted by Professionals:<\/b> Join the thousands of welders in Poland who have placed their <b>trust<\/b> in our expertise and reliability.<\/li>\n<\/ul>\n<\/div>\n<div style=\"background-color: #fafafa;border-left: 5px solid #b8ff00;padding: 20px;margin-bottom: 25px;border-radius: 4px\">\n<h2 style=\"font-size: 24px;color: #333333;margin: 0 0 10px 0;font-weight: 600\">Optrel 5000.490 &#8211; Frame for External Protective Glass (Set of 10 pcs).<\/h2>\n<p style=\"margin: 0;font-size: 16px;line-height: 1.6;color: #333333\">The original mounting frame for the outer protective visor is a key service component for Optrel professional welding visors. This precision-manufactured component is essential for maintaining the structural integrity and full protective functionality of the visor. Designed in accordance with the Swiss manufacturer&#8217;s rigorous standards, it guarantees a perfect fit and tightness, protecting the visor&#8217;s most valuable component &#8211; the auto-darkening cartridge (ADF). The set of 10 pieces is an economical and practical solution for professionals and workshops, providing constant access to sensitive consumable parts.   <\/p>\n<\/div>\n<h3 style=\"font-size: 20px;color: #333333;border-bottom: 3px solid #b8ff00;padding-bottom: 8px;margin: 30px 0 20px 0\">Key features<\/h3>\n<div style=\"font-size: 0;text-align: center;margin: 0 -7.5px\">\n<div style=\"display: inline-block;vertical-align: top;width: 33.33%;min-width: 250px;padding: 0 7.5px;margin-bottom: 15px\">\n<div style=\"border: 1px solid #e0e0e0;border-radius: 8px;padding: 15px;background-color: #f9f9f9;text-align: center;height: 100%\">\n<div style=\"color: #b8ff00;margin: 0 auto 10px auto;font-size: 28px;line-height: 1\">?<\/div>\n<div style=\"font-size: 14px;font-weight: bold;color: #333333;min-height: 2.5em;display: flex;align-items: center;justify-content: center\">Optrel Modular System<\/div>\n<div style=\"font-size: 13px;color: #555\">Easy replacement and service<\/div>\n<\/div>\n<\/div>\n<div style=\"display: inline-block;vertical-align: top;width: 33.33%;min-width: 250px;padding: 0 7.5px;margin-bottom: 15px\">\n<div style=\"border: 1px solid #e0e0e0;border-radius: 8px;padding: 15px;background-color: #f9f9f9;text-align: center;height: 100%\">\n<div style=\"color: #b8ff00;margin: 0 auto 10px auto;font-size: 28px;line-height: 1\">?\ufe0f<\/div>\n<div style=\"font-size: 14px;font-weight: bold;color: #333333;min-height: 2.5em;display: flex;align-items: center;justify-content: center\">Durable Material<\/div>\n<div style=\"font-size: 13px;color: #555\">Resistance to welding conditions<\/div>\n<\/div>\n<\/div>\n<div style=\"display: inline-block;vertical-align: top;width: 33.33%;min-width: 250px;padding: 0 7.5px;margin-bottom: 15px\">\n<div style=\"border: 1px solid #e0e0e0;border-radius: 8px;padding: 15px;background-color: #f9f9f9;text-align: center;height: 100%\">\n<div style=\"color: #b8ff00;margin: 0 auto 10px auto;font-size: 28px;line-height: 1\">?\ufe0f<\/div>\n<div style=\"font-size: 14px;font-weight: bold;color: #333333;min-height: 2.5em;display: flex;align-items: center;justify-content: center\">Secure Fastening<\/div>\n<div style=\"font-size: 13px;color: #555\">ADF cartridge protection<\/div>\n<\/div>\n<\/div>\n<\/div>\n<h3 style=\"font-size: 20px;color: #333333;border-bottom: 3px solid #b8ff00;padding-bottom: 8px;margin: 30px 0 20px 0\">Technology Details<\/h3>\n<details style=\"background-color: #ffffff;border: 1px solid #e0e0e0;border-radius: 4px;margin-bottom: 10px;overflow: hidden\" open=\"\">\n<summary style=\"display: block;padding: 15px 20px;font-weight: bold;font-size: 16px;color: #333333;background-color: #f9f9f9;cursor: pointer;position: relative\"><span style=\"color: #b8ff00;margin-right: 10px;font-size: 20px\">?Precision<\/span>Fastening and Leakage Guarantee<\/summary>\n<div style=\"padding: 20px;line-height: 1.7;font-size: 15px;background-color: #ffffff;border-top: 1px solid #e0e0e0\">\n<p style=\"margin: 0;color: #333333\">The mounting frame is much more than just a mounting component; it is a precisely designed component that plays a fundamental role in the visor protection system. Its job is to hold the outer protective glass securely and stably, creating a tight barrier. This tightness is critical because it prevents sparks, hot spatter and welding dust from entering the space between the glass and the surface of the auto-darkening cartridge (ADF). A damaged or non-original frame can lead to micro-damage and scratches to the expensive filter, shortening its life and degrading the quality of vision. Using an original Optrel part guarantees a perfect dimensional fit and resistance of the material to thermal deformation. This is an investment in the integrity of the entire vision system and the assurance that the protection is operating at 100% of its capabilities.     <\/p>\n<\/div>\n<\/details>\n<h3 style=\"font-size: 20px;color: #333333;border-bottom: 3px solid #b8ff00;padding-bottom: 8px;margin: 30px 0 20px 0\">What Do You Receive in the Kit?<\/h3>\n<div style=\"padding-left: 0\">\n<p style=\"margin: 8px 0;font-size: 16px;display: flex;align-items: flex-start;color: #333333\"><span style=\"color: #b8ff00;margin-right: 12px;font-weight: bold;font-size: 20px;line-height: 1.5\">\u2192Frame<\/span>for Optrel external protective glass &#8211; 10 pcs.<\/p>\n<\/div>\n<h3 style=\"font-size: 20px;color: #333333;border-bottom: 3px solid #b8ff00;padding-bottom: 8px;margin: 30px 0 20px 0\">Main Applications<\/h3>\n<div style=\"padding-left: 0\">\n<p style=\"margin: 8px 0;font-size: 16px;display: flex;align-items: flex-start;color: #333333\"><span style=\"color: #b8ff00;margin-right: 12px;font-weight: bold;font-size: 20px;line-height: 1.5\">\u2192Service<\/span>and maintenance of Optrel brand professional welding visors.<\/p>\n<p style=\"margin: 8px 0;font-size: 16px;display: flex;align-items: flex-start;color: #333333\"><span style=\"color: #b8ff00;margin-right: 12px;font-weight: bold;font-size: 20px;line-height: 1.5\">\u2192Replace<\/span>worn, cracked or mechanically damaged mounting frames.<\/p>\n<p style=\"margin: 8px 0;font-size: 16px;display: flex;align-items: flex-start;color: #333333\"><span style=\"color: #b8ff00;margin-right: 12px;font-weight: bold;font-size: 20px;line-height: 1.5\">\u2192Providing<\/span>maximum protection and prolonging the life of the self-darkening cartridge (ADF).<\/p>\n<p style=\"margin: 8px 0;font-size: 16px;display: flex;align-items: flex-start;color: #333333\"><span style=\"color: #b8ff00;margin-right: 12px;font-weight: bold;font-size: 20px;line-height: 1.5\">\u2192 Indispensable<\/span>equipment for maintenance departments and professional welding workshops.<\/p>\n<\/div>\n<div style=\"background-color: #fafafa;border-left: 5px solid #b8ff00;padding: 20px;margin-bottom: 25px;border-radius: 4px\">\n<h3 style=\"font-size: 20px;color: #333333;margin: 0 0 10px 0;font-weight: 600\">About the Optrel brand<\/h3>\n<p style=\"margin: 0;font-size: 16px;line-height: 1.6;color: #333333\">Optrel is the Swiss leader of innovation in welding protection. When you choose genuine Optrel components, you&#8217;re investing in decades of engineering expertise, uncompromising build quality and technologies that set the highest safety standards around the world. Trust the brand trusted by millions of professionals.  <\/p>\n<\/div>\n<\/div>\n","protected":false},"excerpt":{"rendered":"<p>Original Optrel bezel (cat. no. 5000.490) for attaching the outer protective glass. Set of 10 pieces. A key service item for maintaining the tightness and protection of the ADF cartridge in welding visors.  <\/p>\n","protected":false},"featured_media":40806,"template":"","meta":{"inline_featured_image":false},"product_brand":[1593],"product_cat":[475,474,520,522,521],"product_tag":[12352,12353,12351,1460,5291,10854,12350,5290],"class_list":{"0":"post-42129","1":"product","2":"type-product","3":"status-publish","4":"has-post-thumbnail","6":"product_brand-optrel","7":"product_cat-accessories-parts","8":"product_cat-new","9":"product_cat-optrel-en","10":"product_cat-parts","11":"product_cat-welding-visors-en","12":"product_tag-5000-490-en","13":"product_tag-fastening-of-the-glass","14":"product_tag-frame","15":"product_tag-optrel-en","16":"product_tag-protective-glass","17":"product_tag-spare-part","18":"product_tag-visor-service","19":"product_tag-welding-accessories-en","21":"first","22":"onbackorder","23":"taxable","24":"shipping-taxable","25":"purchasable","26":"product-type-simple"},"yoast_head":"<!-- This site is optimized with the Yoast SEO Premium plugin v27.0 (Yoast SEO v27.3) - https:\/\/yoast.com\/product\/yoast-seo-premium-wordpress\/ -->\n<title>Optrel External Protective Glass Frame (Set of 10 pcs.) 5000.490<\/title>\n<meta name=\"description\" content=\"Original Optrel bezel (cat. no. 5000.490) for attaching the outer protective glass. Set of 10 pieces. A key service item for maintaining the tightness and protection of the ADF cartridge in welding visors.\" \/>\n<meta name=\"robots\" content=\"index, follow, max-snippet:-1, max-image-preview:large, max-video-preview:-1\" \/>\n<link rel=\"canonical\" href=\"https:\/\/spawlab.pl\/en\/produkt\/optrel-external-protective-glass-frame-set-of-10-pcs-5000-490\/\" \/>\n<meta property=\"og:locale\" content=\"en_US\" \/>\n<meta property=\"og:type\" content=\"article\" \/>\n<meta property=\"og:title\" content=\"Optrel External Protective Glass Frame (Set of 10 pcs.) 5000.490\" \/>\n<meta property=\"og:description\" content=\"Lider sprzeda\u017cy, Oficjalny Dystrybutor Premium i Serwis na Polsk\u0119 Migatronic, Gys, Voestalpine Bohler Welding. Nowe i u\u017cywane Spawarki, Przecinarki Plazmowe, Kompresory. Mgr in\u017c. Jaros\u0142aw Ko\u0142aski, IWE\" \/>\n<meta property=\"og:url\" content=\"https:\/\/spawlab.pl\/en\/produkt\/optrel-external-protective-glass-frame-set-of-10-pcs-5000-490\/\" \/>\n<meta property=\"og:site_name\" content=\"SpawLab - Welding equipment and plasma cutters - store and service\" \/>\n<meta property=\"article:publisher\" content=\"https:\/\/www.facebook.com\/Spawlab\/\" \/>\n<meta property=\"og:image\" content=\"https:\/\/spawlab.pl\/wp-content\/uploads\/2025\/07\/optrel-logo.jpg\" \/>\n\t<meta property=\"og:image:width\" content=\"400\" \/>\n\t<meta property=\"og:image:height\" content=\"400\" \/>\n\t<meta property=\"og:image:type\" content=\"image\/jpeg\" \/>\n<meta name=\"twitter:label1\" content=\"Price\" \/>\n\t<meta name=\"twitter:data1\" content=\"323,14&nbsp;&#122;&#322; (262,72&nbsp;&#122;&#322; netto)\" \/>\n\t<meta name=\"twitter:label2\" content=\"Availability\" \/>\n\t<meta name=\"twitter:data2\" content=\"On backorder\" \/>\n<script type=\"application\/ld+json\" class=\"yoast-schema-graph\">{\"@context\":\"https:\\\/\\\/schema.org\",\"@graph\":[{\"@type\":[\"WebPage\",\"ItemPage\"],\"@id\":\"https:\\\/\\\/spawlab.pl\\\/en\\\/produkt\\\/optrel-external-protective-glass-frame-set-of-10-pcs-5000-490\\\/\",\"url\":\"https:\\\/\\\/spawlab.pl\\\/en\\\/produkt\\\/optrel-external-protective-glass-frame-set-of-10-pcs-5000-490\\\/\",\"name\":\"Optrel External Protective Glass Frame (Set of 10 pcs.) 5000.490\",\"isPartOf\":{\"@id\":\"https:\\\/\\\/spawlab.pl\\\/en\\\/#website\"},\"primaryImageOfPage\":{\"@id\":\"https:\\\/\\\/spawlab.pl\\\/en\\\/produkt\\\/optrel-external-protective-glass-frame-set-of-10-pcs-5000-490\\\/#primaryimage\"},\"image\":{\"@id\":\"https:\\\/\\\/spawlab.pl\\\/en\\\/produkt\\\/optrel-external-protective-glass-frame-set-of-10-pcs-5000-490\\\/#primaryimage\"},\"thumbnailUrl\":\"https:\\\/\\\/spawlab.pl\\\/wp-content\\\/uploads\\\/2025\\\/07\\\/optrel-logo.jpg\",\"datePublished\":\"2025-07-06T10:48:03+00:00\",\"description\":\"Original Optrel bezel (cat. no. 5000.490) for attaching the outer protective glass. Set of 10 pieces. A key service item for maintaining the tightness and protection of the ADF cartridge in welding visors.\",\"breadcrumb\":{\"@id\":\"https:\\\/\\\/spawlab.pl\\\/en\\\/produkt\\\/optrel-external-protective-glass-frame-set-of-10-pcs-5000-490\\\/#breadcrumb\"},\"inLanguage\":\"en-US\",\"potentialAction\":[{\"@type\":\"ReadAction\",\"target\":[\"https:\\\/\\\/spawlab.pl\\\/en\\\/produkt\\\/optrel-external-protective-glass-frame-set-of-10-pcs-5000-490\\\/\"]}]},{\"@type\":\"ImageObject\",\"inLanguage\":\"en-US\",\"@id\":\"https:\\\/\\\/spawlab.pl\\\/en\\\/produkt\\\/optrel-external-protective-glass-frame-set-of-10-pcs-5000-490\\\/#primaryimage\",\"url\":\"https:\\\/\\\/spawlab.pl\\\/wp-content\\\/uploads\\\/2025\\\/07\\\/optrel-logo.jpg\",\"contentUrl\":\"https:\\\/\\\/spawlab.pl\\\/wp-content\\\/uploads\\\/2025\\\/07\\\/optrel-logo.jpg\",\"width\":400,\"height\":400},{\"@type\":\"BreadcrumbList\",\"@id\":\"https:\\\/\\\/spawlab.pl\\\/en\\\/produkt\\\/optrel-external-protective-glass-frame-set-of-10-pcs-5000-490\\\/#breadcrumb\",\"itemListElement\":[{\"@type\":\"ListItem\",\"position\":1,\"name\":\"Strona g\u0142\u00f3wna\",\"item\":\"https:\\\/\\\/spawlab.pl\\\/en\\\/\"},{\"@type\":\"ListItem\",\"position\":2,\"name\":\"Store\",\"item\":\"https:\\\/\\\/spawlab.pl\\\/en\\\/shop\\\/\"},{\"@type\":\"ListItem\",\"position\":3,\"name\":\"Optrel External Protective Glass Frame (Set of 10 pcs.) 5000.490\"}]},{\"@type\":\"WebSite\",\"@id\":\"https:\\\/\\\/spawlab.pl\\\/en\\\/#website\",\"url\":\"https:\\\/\\\/spawlab.pl\\\/en\\\/\",\"name\":\"Spawlab.pl Lider - Spawarki, Przecinarki Plazmowe, Kompresory\",\"description\":\"Urz\u0105dzenia spawalnicze i Przecinarki plazmowe\\\/ nowe i u\u017cywane \\\/ Profesjonalny serwis\",\"publisher\":{\"@id\":\"https:\\\/\\\/spawlab.pl\\\/en\\\/#organization\"},\"alternateName\":\"Spawlab.pl - Dystrybutor Premium i Serwis na Polske Migatronic, Gys, Voestalpine Bohler Welding\",\"potentialAction\":[{\"@type\":\"SearchAction\",\"target\":{\"@type\":\"EntryPoint\",\"urlTemplate\":\"https:\\\/\\\/spawlab.pl\\\/en\\\/?s={search_term_string}\"},\"query-input\":{\"@type\":\"PropertyValueSpecification\",\"valueRequired\":true,\"valueName\":\"search_term_string\"}}],\"inLanguage\":\"en-US\"},{\"@type\":[\"Organization\",\"Place\"],\"@id\":\"https:\\\/\\\/spawlab.pl\\\/en\\\/#organization\",\"name\":\"Spawlab.pl\",\"url\":\"https:\\\/\\\/spawlab.pl\\\/en\\\/\",\"logo\":{\"@id\":\"https:\\\/\\\/spawlab.pl\\\/en\\\/produkt\\\/optrel-external-protective-glass-frame-set-of-10-pcs-5000-490\\\/#local-main-organization-logo\"},\"image\":{\"@id\":\"https:\\\/\\\/spawlab.pl\\\/en\\\/produkt\\\/optrel-external-protective-glass-frame-set-of-10-pcs-5000-490\\\/#local-main-organization-logo\"},\"sameAs\":[\"https:\\\/\\\/www.facebook.com\\\/Spawlab\\\/\",\"https:\\\/\\\/www.linkedin.com\\\/company\\\/spawlab\",\"https:\\\/\\\/www.instagram.com\\\/spawlab.pl\",\"https:\\\/\\\/www.tiktok.com\\\/@spawlab\"],\"description\":\"Lider sprzeda\u017cy, Oficjalny Dystrybutor Premium i Serwis na Polsk\u0119 Migatronic, Gys, Voestalpine Bohler Welding. Nowe i u\u017cywane Spawarki, Przecinarki Plazmowe, Kompresory. Mgr in\u017c. Jaros\u0142aw Ko\u0142aski, IWE\",\"hasMerchantReturnPolicy\":{\"@type\":\"MerchantReturnPolicy\",\"merchantReturnLink\":\"https:\\\/\\\/spawlab.pl\\\/polityka-prywatnosci-2\\\/\"},\"telephone\":[],\"openingHoursSpecification\":[{\"@type\":\"OpeningHoursSpecification\",\"dayOfWeek\":[\"Monday\",\"Tuesday\",\"Wednesday\",\"Thursday\",\"Friday\",\"Saturday\",\"Sunday\"],\"opens\":\"09:00\",\"closes\":\"17:00\"}]},{\"@type\":\"ImageObject\",\"inLanguage\":\"en-US\",\"@id\":\"https:\\\/\\\/spawlab.pl\\\/en\\\/produkt\\\/optrel-external-protective-glass-frame-set-of-10-pcs-5000-490\\\/#local-main-organization-logo\",\"url\":\"https:\\\/\\\/spawlab.pl\\\/wp-content\\\/uploads\\\/2022\\\/01\\\/olx.jpg\",\"contentUrl\":\"https:\\\/\\\/spawlab.pl\\\/wp-content\\\/uploads\\\/2022\\\/01\\\/olx.jpg\",\"width\":200,\"height\":200,\"caption\":\"Spawlab.pl\"}]}<\/script>\n<meta property=\"product:brand\" content=\"Optrel\" \/>\n<meta property=\"product:price:amount\" content=\"323.14\" \/>\n<meta property=\"product:price:currency\" content=\"PLN\" \/>\n<meta property=\"og:availability\" content=\"backorder\" \/>\n<meta property=\"product:availability\" content=\"available for order\" \/>\n<meta property=\"product:retailer_item_id\" content=\"5000.490\" \/>\n<meta property=\"product:condition\" content=\"new\" \/>\n<!-- \/ Yoast SEO Premium plugin. -->","yoast_head_json":{"title":"Optrel External Protective Glass Frame (Set of 10 pcs.) 5000.490","description":"Original Optrel bezel (cat. no. 5000.490) for attaching the outer protective glass. Set of 10 pieces. A key service item for maintaining the tightness and protection of the ADF cartridge in welding visors.","robots":{"index":"index","follow":"follow","max-snippet":"max-snippet:-1","max-image-preview":"max-image-preview:large","max-video-preview":"max-video-preview:-1"},"canonical":"https:\/\/spawlab.pl\/en\/produkt\/optrel-external-protective-glass-frame-set-of-10-pcs-5000-490\/","og_locale":"en_US","og_type":"article","og_title":"Optrel External Protective Glass Frame (Set of 10 pcs.) 5000.490","og_description":"Lider sprzeda\u017cy, Oficjalny Dystrybutor Premium i Serwis na Polsk\u0119 Migatronic, Gys, Voestalpine Bohler Welding. Nowe i u\u017cywane Spawarki, Przecinarki Plazmowe, Kompresory. Mgr in\u017c. Jaros\u0142aw Ko\u0142aski, IWE","og_url":"https:\/\/spawlab.pl\/en\/produkt\/optrel-external-protective-glass-frame-set-of-10-pcs-5000-490\/","og_site_name":"SpawLab - Welding equipment and plasma cutters - store and service","article_publisher":"https:\/\/www.facebook.com\/Spawlab\/","og_image":[{"width":400,"height":400,"url":"https:\/\/spawlab.pl\/wp-content\/uploads\/2025\/07\/optrel-logo.jpg","type":"image\/jpeg"}],"twitter_misc":{"Price":"323,14&nbsp;&#122;&#322; (262,72&nbsp;&#122;&#322; netto)","Availability":"On backorder"},"schema":{"@context":"https:\/\/schema.org","@graph":[{"@type":["WebPage","ItemPage"],"@id":"https:\/\/spawlab.pl\/en\/produkt\/optrel-external-protective-glass-frame-set-of-10-pcs-5000-490\/","url":"https:\/\/spawlab.pl\/en\/produkt\/optrel-external-protective-glass-frame-set-of-10-pcs-5000-490\/","name":"Optrel External Protective Glass Frame (Set of 10 pcs.) 5000.490","isPartOf":{"@id":"https:\/\/spawlab.pl\/en\/#website"},"primaryImageOfPage":{"@id":"https:\/\/spawlab.pl\/en\/produkt\/optrel-external-protective-glass-frame-set-of-10-pcs-5000-490\/#primaryimage"},"image":{"@id":"https:\/\/spawlab.pl\/en\/produkt\/optrel-external-protective-glass-frame-set-of-10-pcs-5000-490\/#primaryimage"},"thumbnailUrl":"https:\/\/spawlab.pl\/wp-content\/uploads\/2025\/07\/optrel-logo.jpg","datePublished":"2025-07-06T10:48:03+00:00","description":"Original Optrel bezel (cat. no. 5000.490) for attaching the outer protective glass. Set of 10 pieces. A key service item for maintaining the tightness and protection of the ADF cartridge in welding visors.","breadcrumb":{"@id":"https:\/\/spawlab.pl\/en\/produkt\/optrel-external-protective-glass-frame-set-of-10-pcs-5000-490\/#breadcrumb"},"inLanguage":"en-US","potentialAction":[{"@type":"ReadAction","target":["https:\/\/spawlab.pl\/en\/produkt\/optrel-external-protective-glass-frame-set-of-10-pcs-5000-490\/"]}]},{"@type":"ImageObject","inLanguage":"en-US","@id":"https:\/\/spawlab.pl\/en\/produkt\/optrel-external-protective-glass-frame-set-of-10-pcs-5000-490\/#primaryimage","url":"https:\/\/spawlab.pl\/wp-content\/uploads\/2025\/07\/optrel-logo.jpg","contentUrl":"https:\/\/spawlab.pl\/wp-content\/uploads\/2025\/07\/optrel-logo.jpg","width":400,"height":400},{"@type":"BreadcrumbList","@id":"https:\/\/spawlab.pl\/en\/produkt\/optrel-external-protective-glass-frame-set-of-10-pcs-5000-490\/#breadcrumb","itemListElement":[{"@type":"ListItem","position":1,"name":"Strona g\u0142\u00f3wna","item":"https:\/\/spawlab.pl\/en\/"},{"@type":"ListItem","position":2,"name":"Store","item":"https:\/\/spawlab.pl\/en\/shop\/"},{"@type":"ListItem","position":3,"name":"Optrel External Protective Glass Frame (Set of 10 pcs.) 5000.490"}]},{"@type":"WebSite","@id":"https:\/\/spawlab.pl\/en\/#website","url":"https:\/\/spawlab.pl\/en\/","name":"Spawlab.pl Lider - Spawarki, Przecinarki Plazmowe, Kompresory","description":"Urz\u0105dzenia spawalnicze i Przecinarki plazmowe\/ nowe i u\u017cywane \/ Profesjonalny serwis","publisher":{"@id":"https:\/\/spawlab.pl\/en\/#organization"},"alternateName":"Spawlab.pl - Dystrybutor Premium i Serwis na Polske Migatronic, Gys, Voestalpine Bohler Welding","potentialAction":[{"@type":"SearchAction","target":{"@type":"EntryPoint","urlTemplate":"https:\/\/spawlab.pl\/en\/?s={search_term_string}"},"query-input":{"@type":"PropertyValueSpecification","valueRequired":true,"valueName":"search_term_string"}}],"inLanguage":"en-US"},{"@type":["Organization","Place"],"@id":"https:\/\/spawlab.pl\/en\/#organization","name":"Spawlab.pl","url":"https:\/\/spawlab.pl\/en\/","logo":{"@id":"https:\/\/spawlab.pl\/en\/produkt\/optrel-external-protective-glass-frame-set-of-10-pcs-5000-490\/#local-main-organization-logo"},"image":{"@id":"https:\/\/spawlab.pl\/en\/produkt\/optrel-external-protective-glass-frame-set-of-10-pcs-5000-490\/#local-main-organization-logo"},"sameAs":["https:\/\/www.facebook.com\/Spawlab\/","https:\/\/www.linkedin.com\/company\/spawlab","https:\/\/www.instagram.com\/spawlab.pl","https:\/\/www.tiktok.com\/@spawlab"],"description":"Lider sprzeda\u017cy, Oficjalny Dystrybutor Premium i Serwis na Polsk\u0119 Migatronic, Gys, Voestalpine Bohler Welding. Nowe i u\u017cywane Spawarki, Przecinarki Plazmowe, Kompresory. Mgr in\u017c. Jaros\u0142aw Ko\u0142aski, IWE","hasMerchantReturnPolicy":{"@type":"MerchantReturnPolicy","merchantReturnLink":"https:\/\/spawlab.pl\/polityka-prywatnosci-2\/"},"telephone":[],"openingHoursSpecification":[{"@type":"OpeningHoursSpecification","dayOfWeek":["Monday","Tuesday","Wednesday","Thursday","Friday","Saturday","Sunday"],"opens":"09:00","closes":"17:00"}]},{"@type":"ImageObject","inLanguage":"en-US","@id":"https:\/\/spawlab.pl\/en\/produkt\/optrel-external-protective-glass-frame-set-of-10-pcs-5000-490\/#local-main-organization-logo","url":"https:\/\/spawlab.pl\/wp-content\/uploads\/2022\/01\/olx.jpg","contentUrl":"https:\/\/spawlab.pl\/wp-content\/uploads\/2022\/01\/olx.jpg","width":200,"height":200,"caption":"Spawlab.pl"}]},"product_brand":"Optrel","product_price_amount":"323.14","product_price_currency":"PLN","og_availability":"backorder","product_availability":"available for order","product_retailer_item_id":"5000.490","product_condition":"new"},"_links":{"self":[{"href":"https:\/\/spawlab.pl\/en\/wp-json\/wp\/v2\/product\/42129","targetHints":{"allow":["GET"]}}],"collection":[{"href":"https:\/\/spawlab.pl\/en\/wp-json\/wp\/v2\/product"}],"about":[{"href":"https:\/\/spawlab.pl\/en\/wp-json\/wp\/v2\/types\/product"}],"wp:featuredmedia":[{"embeddable":true,"href":"https:\/\/spawlab.pl\/en\/wp-json\/wp\/v2\/media\/40806"}],"wp:attachment":[{"href":"https:\/\/spawlab.pl\/en\/wp-json\/wp\/v2\/media?parent=42129"}],"wp:term":[{"taxonomy":"product_brand","embeddable":true,"href":"https:\/\/spawlab.pl\/en\/wp-json\/wp\/v2\/product_brand?post=42129"},{"taxonomy":"product_cat","embeddable":true,"href":"https:\/\/spawlab.pl\/en\/wp-json\/wp\/v2\/product_cat?post=42129"},{"taxonomy":"product_tag","embeddable":true,"href":"https:\/\/spawlab.pl\/en\/wp-json\/wp\/v2\/product_tag?post=42129"}],"curies":[{"name":"wp","href":"https:\/\/api.w.org\/{rel}","templated":true}]}}