{"id":42136,"date":"2025-07-06T12:49:58","date_gmt":"2025-07-06T10:49:58","guid":{"rendered":"https:\/\/spawlab.pl\/produkt\/optrel-weldcap-nose-pad-5002-700\/"},"modified":"2025-08-04T12:32:08","modified_gmt":"2025-08-04T10:32:08","slug":"optrel-weldcap-nose-pad-5002-700","status":"publish","type":"product","link":"https:\/\/spawlab.pl\/en\/produkt\/optrel-weldcap-nose-pad-5002-700\/","title":{"rendered":"Optrel WeldCap\u00ae Nose Pad 5002.700"},"content":{"rendered":"<div>\n<div style=\"background-color: #f2f8fc; border-left: 5px solid #39A9E0; padding: 20px; margin-bottom: 25px; border-radius: 4px;\">\n<h3 style=\"margin: 0 0 10px 0; font-size: 18px; font-weight: 600; color: #333333;\">Why choose Spawlab.pl?<\/h3>\n<p style=\"margin: 0 0 15px 0; font-size: 16px; line-height: 1.6; color: #333333;\">As an authorized distributor and sales leader of Optrel in Poland, we provide more than just equipment. When you invest with us, you get assurance and full support at every stage. <\/p>\n<ul style=\"margin: 0; padding: 0;\">\n<li style=\"font-size: 16px; line-height: 1.6; margin-bottom: 8px; display: flex; align-items: flex-start; color: #333333;\">\u2714 <span style=\"margin-right: 10px; color: #39a9e0; font-size: 20px; line-height: 1.6;\">1<\/span> <b>00% Originality Guarantee:<\/b> You get brand new equipment from official Polish distribution.<\/li>\n<li style=\"font-size: 16px; line-height: 1.6; margin-bottom: 8px; display: flex; align-items: flex-start; color: #333333;\"><span style=\"margin-right: 10px; color: #39a9e0; font-size: 20px; line-height: 1.6;\">\u2714<\/span> <b>Express Shipping:<\/b> we ship the products directly from our warehouse, no waiting time.<\/li>\n<li style=\"font-size: 16px; line-height: 1.6; margin-bottom: 8px; display: flex; align-items: flex-start; color: #333333;\"><span style=\"margin-right: 10px; color: #39a9e0; font-size: 20px; line-height: 1.6;\">\u2714<\/span> Professional <b>Advice and Full Service:<\/b> we provide professional technical support and access to all spare parts.<\/li>\n<li style=\"font-size: 16px; line-height: 1.6; margin-bottom: 8px; display: flex; align-items: flex-start; color: #333333;\"><span style=\"margin-right: 10px; color: #39a9e0; font-size: 20px; line-height: 1.6;\">\u2714<\/span> <b>Trusted by Professionals:<\/b> Join the thousands of welders in Poland who have placed their <b>trust<\/b> in our expertise and reliability.<\/li>\n<\/ul>\n<\/div>\n<div style=\"background-color: #fafafa; border-left: 5px solid #b8ff00; padding: 20px; margin-bottom: 25px; border-radius: 4px;\">\n<h2 style=\"font-size: 24px; color: #333333; margin: 0 0 10px 0; font-weight: 600;\">Optrel WeldCap\u00ae Nose Pad for Welding Cap (5002.700)<\/h2>\n<p style=\"margin: 0; font-size: 16px; line-height: 1.6; color: #333333;\">The original replacement nose pad dedicated to the innovative Optrel weldCap\u00ae. This is a key wear item, designed to restore the factory comfort and ideal stability that are the foundation of the unique weldCap\u00ae design. With this simple replacement, your welding cap will regain its full ergonomics, ensuring comfort even during hours of varied assembly and welding work.  <\/p>\n<\/div>\n<h3 style=\"font-size: 20px; color: #333333; border-bottom: 3px solid #b8ff00; padding-bottom: 8px; margin: 30px 0 20px 0;\">Key features<\/h3>\n<div style=\"font-size: 0; text-align: center; margin: 0 -7.5px;\">\n<div style=\"display: inline-block; vertical-align: top; width: 33.33%; min-width: 250px; padding: 0 7.5px; margin-bottom: 15px;\">\n<div style=\"border: 1px solid #e0e0e0; border-radius: 8px; padding: 15px; background-color: #f9f9f9; text-align: center; height: 100%;\">\n<div style=\"color: #b8ff00; margin: 0 auto 10px auto; font-size: 28px; line-height: 1;\">??<\/div>\n<div style=\"font-size: 14px; font-weight: bold; color: #333333; min-height: 2.5em; display: flex; align-items: center; justify-content: center;\">Restoring Comfort<\/div>\n<div style=\"font-size: 13px; color: #555;\">Optimal support on the nose<\/div>\n<\/div>\n<\/div>\n<div style=\"display: inline-block; vertical-align: top; width: 33.33%; min-width: 250px; padding: 0 7.5px; margin-bottom: 15px;\">\n<div style=\"border: 1px solid #e0e0e0; border-radius: 8px; padding: 15px; background-color: #f9f9f9; text-align: center; height: 100%;\">\n<div style=\"color: #b8ff00; margin: 0 auto 10px auto; font-size: 28px; line-height: 1;\">?<\/div>\n<div style=\"font-size: 14px; font-weight: bold; color: #333333; min-height: 2.5em; display: flex; align-items: center; justify-content: center;\">Original Spare Part<\/div>\n<div style=\"font-size: 13px; color: #555;\">100% fit guarantee<\/div>\n<\/div>\n<\/div>\n<div style=\"display: inline-block; vertical-align: top; width: 33.33%; min-width: 250px; padding: 0 7.5px; margin-bottom: 15px;\">\n<div style=\"border: 1px solid #e0e0e0; border-radius: 8px; padding: 15px; background-color: #f9f9f9; text-align: center; height: 100%;\">\n<div style=\"color: #b8ff00; margin: 0 auto 10px auto; font-size: 28px; line-height: 1;\">?\ufe0f<\/div>\n<div style=\"font-size: 14px; font-weight: bold; color: #333333; min-height: 2.5em; display: flex; align-items: center; justify-content: center;\">Soft Foam<\/div>\n<div style=\"font-size: 13px; color: #555;\">Reduction of pressure points<\/div>\n<\/div>\n<\/div>\n<\/div>\n<h3 style=\"font-size: 20px; color: #333333; border-bottom: 3px solid #b8ff00; padding-bottom: 8px; margin: 30px 0 20px 0;\">Technology Details<\/h3>\n<details style=\"background-color: #ffffff; border: 1px solid #e0e0e0; border-radius: 4px; margin-bottom: 10px; overflow: hidden;\" open=\"\">\n<summary style=\"display: block; padding: 15px 20px; font-weight: bold; font-size: 16px; color: #333333; background-color: #f9f9f9; cursor: pointer; position: relative;\"><span style=\"color: #b8ff00; margin-right: 10px; font-size: 20px;\">?Ergonomic<\/span>Support and Stabilization for the weldCap\u00ae System.<\/summary>\n<div style=\"padding: 20px; line-height: 1.7; font-size: 15px; background-color: #ffffff; border-top: 1px solid #e0e0e0;\">\n<p style=\"margin: 0; color: #333333;\">The innovative design of the Optrel weldCap\u00ae uses a special cutout to bring the self-darkening filter as close as possible to the eyes, dramatically expanding the field of vision. The nose pad is a key component of the concept, providing an ergonomic point of support on the back of the nose. Its function is to evenly distribute the cap&#8217;s light weight, prevent it from slipping and eliminate pressure points. As a component that is in constant contact with the skin, it naturally wears out over time. Replacing the pad with a new one restores the original stability and comfort of the system. This is a simple but fundamental investment in maintaining the full functionality and comfort of your specialized protective gear.     <\/p>\n<\/div>\n<\/details>\n<h3 style=\"font-size: 20px; color: #333333; border-bottom: 3px solid #b8ff00; padding-bottom: 8px; margin: 30px 0 20px 0;\">Technical Specifications: visor<\/h3>\n<table style=\"width: 100%; border-collapse: collapse; margin-bottom: 25px;\">\n<thead>\n<tr>\n<th style=\"padding: 12px 15px; text-align: left; background-color: #333333; color: #ffffff; border: 1px solid #e0e0e0;\">Feature<\/th>\n<th style=\"padding: 12px 15px; text-align: left; background-color: #333333; color: #ffffff; border: 1px solid #e0e0e0;\">Value<\/th>\n<\/tr>\n<\/thead>\n<tbody>\n<tr style=\"background-color: #f9f9f9;\">\n<td style=\"padding: 12px 15px; border: 1px solid #e0e0e0; color: #333333;\"><b>Catalog number<\/b><\/td>\n<td style=\"padding: 12px 15px; border: 1px solid #e0e0e0; color: #333333;\">5002.700<\/td>\n<\/tr>\n<tr style=\"background-color: #ffffff;\">\n<td style=\"padding: 12px 15px; border: 1px solid #e0e0e0; color: #333333;\"><b>Compatibility<\/b><\/td>\n<td style=\"padding: 12px 15px; border: 1px solid #e0e0e0; color: #333333;\">Dedicated to all models in the Optrel weldCap\u00ae series<\/td>\n<\/tr>\n<tr style=\"background-color: #f9f9f9;\">\n<td style=\"padding: 12px 15px; border: 1px solid #e0e0e0; color: #333333;\"><b>Material<\/b><\/td>\n<td style=\"padding: 12px 15px; border: 1px solid #e0e0e0; color: #333333;\">Soft, hypoallergenic foam<\/td>\n<\/tr>\n<tr style=\"background-color: #ffffff;\">\n<td style=\"padding: 12px 15px; border: 1px solid #e0e0e0; color: #333333;\"><b>Function<\/b><\/td>\n<td style=\"padding: 12px 15px; border: 1px solid #e0e0e0; color: #333333;\">Pressure reduction, welding cap stabilization, comfort restoration<\/td>\n<\/tr>\n<\/tbody>\n<\/table>\n<h3 style=\"font-size: 20px; color: #333333; border-bottom: 3px solid #b8ff00; padding-bottom: 8px; margin: 30px 0 20px 0;\">What Do You Receive in the Kit?<\/h3>\n<div style=\"padding-left: 0;\">\n<p style=\"margin: 8px 0; font-size: 16px; display: flex; align-items: flex-start; color: #333333;\"><span style=\"color: #b8ff00; margin-right: 12px; font-weight: bold; font-size: 20px; line-height: 1.5;\">\u21921x<\/span>Optrel nose pad for weldCap\u00ae (cat. no. 5002.700)<\/p>\n<\/div>\n<h3 style=\"font-size: 20px; color: #333333; border-bottom: 3px solid #b8ff00; padding-bottom: 8px; margin: 30px 0 20px 0;\">Main Applications<\/h3>\n<div style=\"padding-left: 0;\">\n<p style=\"margin: 8px 0; font-size: 16px; display: flex; align-items: flex-start; color: #333333;\"><span style=\"color: #b8ff00; margin-right: 12px; font-weight: bold; font-size: 20px; line-height: 1.5;\">\u2192Maintenance<\/span>and service of the Optrel weldCap\u00ae series.<\/p>\n<p style=\"margin: 8px 0; font-size: 16px; display: flex; align-items: flex-start; color: #333333;\"><span style=\"color: #b8ff00; margin-right: 12px; font-weight: bold; font-size: 20px; line-height: 1.5;\">\u2192Restoring<\/span>factory equipment comfort and ergonomics<\/p>\n<p style=\"margin: 8px 0; font-size: 16px; display: flex; align-items: flex-start; color: #333333;\"><span style=\"color: #b8ff00; margin-right: 12px; font-weight: bold; font-size: 20px; line-height: 1.5;\">\u2192Replacement<\/span>of worn or damaged consumable components<\/p>\n<\/div>\n<div style=\"background-color: #fafafa; border-left: 5px solid #b8ff00; padding: 20px; margin-bottom: 25px; border-radius: 4px;\">\n<h3 style=\"font-size: 20px; color: #333333; margin: 0 0 10px 0; font-weight: 600;\">About the Optrel brand<\/h3>\n<p style=\"margin: 0; font-size: 16px; line-height: 1.6; color: #333333;\">Optrel is the Swiss leader of innovation in welding protection. When you choose genuine Optrel accessories, you are investing in decades of experience, uncompromising quality and technologies that set the standard for safety and ergonomics worldwide. Trust a brand that is synonymous with reliability in the eyes of professionals.  <\/p>\n<\/div>\n<\/div>\n","protected":false},"excerpt":{"rendered":"<p>The original replacement nose pad (nosepad) for the Optrel weldCap\u00ae. Restores factory comfort, stability and ergonomics. Part number 5002.700.  <\/p>\n","protected":false},"featured_media":40850,"template":"","meta":{"inline_featured_image":false},"product_brand":[1593],"product_cat":[475,474,520,522,521],"product_tag":[12371,12367,12369,1460,10854,11603,5237,5290,12365],"class_list":{"0":"post-42136","1":"product","2":"type-product","3":"status-publish","4":"has-post-thumbnail","6":"product_brand-optrel","7":"product_cat-accessories-parts","8":"product_cat-new","9":"product_cat-optrel-en","10":"product_cat-parts","11":"product_cat-welding-visors-en","12":"product_tag-5002-700-en","13":"product_tag-nose-pad","14":"product_tag-nosepad-en","15":"product_tag-optrel-en","16":"product_tag-spare-part","17":"product_tag-visor-parts","18":"product_tag-weldcap-en","19":"product_tag-welding-accessories-en","20":"product_tag-welding-comfort","22":"first","23":"onbackorder","24":"taxable","25":"shipping-taxable","26":"purchasable","27":"product-type-simple"},"yoast_head":"<!-- This site is optimized with the Yoast SEO Premium plugin v27.5 (Yoast SEO v27.6) - https:\/\/yoast.com\/product\/yoast-seo-premium-wordpress\/ -->\n<title>Optrel WeldCap\u00ae Nose Pad 5002.700<\/title>\n<meta name=\"description\" content=\"The original replacement nose pad (nosepad) for the Optrel weldCap\u00ae. Restores factory comfort, stability and ergonomics. Part number 5002.700.\" \/>\n<meta name=\"robots\" content=\"index, follow, max-snippet:-1, max-image-preview:large, max-video-preview:-1\" \/>\n<link rel=\"canonical\" href=\"https:\/\/spawlab.pl\/en\/produkt\/optrel-weldcap-nose-pad-5002-700\/\" \/>\n<meta property=\"og:locale\" content=\"en_US\" \/>\n<meta property=\"og:type\" content=\"article\" \/>\n<meta property=\"og:title\" content=\"Optrel WeldCap\u00ae Nose Pad 5002.700\" \/>\n<meta property=\"og:description\" content=\"Lider sprzeda\u017cy, Oficjalny Dystrybutor Premium i Serwis na Polsk\u0119 Migatronic, Gys, Voestalpine Bohler Welding. Nowe i u\u017cywane Spawarki, Przecinarki Plazmowe, Kompresory. Mgr in\u017c. Jaros\u0142aw Ko\u0142aski, IWE\" \/>\n<meta property=\"og:url\" content=\"https:\/\/spawlab.pl\/en\/produkt\/optrel-weldcap-nose-pad-5002-700\/\" \/>\n<meta property=\"og:site_name\" content=\"SpawLab - Welding equipment and plasma cutters - store and service\" \/>\n<meta property=\"article:publisher\" content=\"https:\/\/www.facebook.com\/Spawlab\/\" \/>\n<meta property=\"article:modified_time\" content=\"2025-08-04T10:32:08+00:00\" \/>\n<meta property=\"og:image\" content=\"https:\/\/spawlab.pl\/wp-content\/uploads\/2025\/07\/51wdnXi9LKL._AC_SL1280_.jpg\" \/>\n\t<meta property=\"og:image:width\" content=\"1084\" \/>\n\t<meta property=\"og:image:height\" content=\"708\" \/>\n\t<meta property=\"og:image:type\" content=\"image\/jpeg\" \/>\n<meta name=\"twitter:label1\" content=\"Price\" \/>\n\t<meta name=\"twitter:data1\" content=\"67,69&nbsp;&#122;&#322; (55,03&nbsp;&#122;&#322; netto)\" \/>\n\t<meta name=\"twitter:label2\" content=\"Availability\" \/>\n\t<meta name=\"twitter:data2\" content=\"On backorder\" \/>\n<script type=\"application\/ld+json\" class=\"yoast-schema-graph\">{\"@context\":\"https:\\\/\\\/schema.org\",\"@graph\":[{\"@type\":[\"WebPage\",\"ItemPage\"],\"@id\":\"https:\\\/\\\/spawlab.pl\\\/en\\\/produkt\\\/optrel-weldcap-nose-pad-5002-700\\\/\",\"url\":\"https:\\\/\\\/spawlab.pl\\\/en\\\/produkt\\\/optrel-weldcap-nose-pad-5002-700\\\/\",\"name\":\"Optrel WeldCap\u00ae Nose Pad 5002.700\",\"isPartOf\":{\"@id\":\"https:\\\/\\\/spawlab.pl\\\/en\\\/#website\"},\"primaryImageOfPage\":{\"@id\":\"https:\\\/\\\/spawlab.pl\\\/en\\\/produkt\\\/optrel-weldcap-nose-pad-5002-700\\\/#primaryimage\"},\"image\":{\"@id\":\"https:\\\/\\\/spawlab.pl\\\/en\\\/produkt\\\/optrel-weldcap-nose-pad-5002-700\\\/#primaryimage\"},\"thumbnailUrl\":\"https:\\\/\\\/spawlab.pl\\\/wp-content\\\/uploads\\\/2025\\\/07\\\/51wdnXi9LKL._AC_SL1280_.jpg\",\"datePublished\":\"2025-07-06T10:49:58+00:00\",\"dateModified\":\"2025-08-04T10:32:08+00:00\",\"description\":\"The original replacement nose pad (nosepad) for the Optrel weldCap\u00ae. Restores factory comfort, stability and ergonomics. Part number 5002.700.\",\"breadcrumb\":{\"@id\":\"https:\\\/\\\/spawlab.pl\\\/en\\\/produkt\\\/optrel-weldcap-nose-pad-5002-700\\\/#breadcrumb\"},\"inLanguage\":\"en-US\",\"potentialAction\":[{\"@type\":\"ReadAction\",\"target\":[\"https:\\\/\\\/spawlab.pl\\\/en\\\/produkt\\\/optrel-weldcap-nose-pad-5002-700\\\/\"]}]},{\"@type\":\"ImageObject\",\"inLanguage\":\"en-US\",\"@id\":\"https:\\\/\\\/spawlab.pl\\\/en\\\/produkt\\\/optrel-weldcap-nose-pad-5002-700\\\/#primaryimage\",\"url\":\"https:\\\/\\\/spawlab.pl\\\/wp-content\\\/uploads\\\/2025\\\/07\\\/51wdnXi9LKL._AC_SL1280_.jpg\",\"contentUrl\":\"https:\\\/\\\/spawlab.pl\\\/wp-content\\\/uploads\\\/2025\\\/07\\\/51wdnXi9LKL._AC_SL1280_.jpg\",\"width\":1084,\"height\":708},{\"@type\":\"BreadcrumbList\",\"@id\":\"https:\\\/\\\/spawlab.pl\\\/en\\\/produkt\\\/optrel-weldcap-nose-pad-5002-700\\\/#breadcrumb\",\"itemListElement\":[{\"@type\":\"ListItem\",\"position\":1,\"name\":\"Strona g\u0142\u00f3wna\",\"item\":\"https:\\\/\\\/spawlab.pl\\\/en\\\/\"},{\"@type\":\"ListItem\",\"position\":2,\"name\":\"Store\",\"item\":\"https:\\\/\\\/spawlab.pl\\\/en\\\/shop\\\/\"},{\"@type\":\"ListItem\",\"position\":3,\"name\":\"Optrel WeldCap\u00ae Nose Pad 5002.700\"}]},{\"@type\":\"WebSite\",\"@id\":\"https:\\\/\\\/spawlab.pl\\\/en\\\/#website\",\"url\":\"https:\\\/\\\/spawlab.pl\\\/en\\\/\",\"name\":\"Spawlab.pl Lider - Spawarki, Przecinarki Plazmowe, Kompresory\",\"description\":\"Urz\u0105dzenia spawalnicze i Przecinarki plazmowe\\\/ nowe i u\u017cywane \\\/ Profesjonalny serwis\",\"publisher\":{\"@id\":\"https:\\\/\\\/spawlab.pl\\\/en\\\/#organization\"},\"alternateName\":\"Spawlab.pl - Dystrybutor Premium i Serwis na Polske Migatronic, Gys, Voestalpine Bohler Welding\",\"potentialAction\":[{\"@type\":\"SearchAction\",\"target\":{\"@type\":\"EntryPoint\",\"urlTemplate\":\"https:\\\/\\\/spawlab.pl\\\/en\\\/?s={search_term_string}\"},\"query-input\":{\"@type\":\"PropertyValueSpecification\",\"valueRequired\":true,\"valueName\":\"search_term_string\"}}],\"inLanguage\":\"en-US\"},{\"@type\":[\"Organization\",\"Place\"],\"@id\":\"https:\\\/\\\/spawlab.pl\\\/en\\\/#organization\",\"name\":\"Spawlab.pl\",\"url\":\"https:\\\/\\\/spawlab.pl\\\/en\\\/\",\"logo\":{\"@id\":\"https:\\\/\\\/spawlab.pl\\\/en\\\/produkt\\\/optrel-weldcap-nose-pad-5002-700\\\/#local-main-organization-logo\"},\"image\":{\"@id\":\"https:\\\/\\\/spawlab.pl\\\/en\\\/produkt\\\/optrel-weldcap-nose-pad-5002-700\\\/#local-main-organization-logo\"},\"sameAs\":[\"https:\\\/\\\/www.facebook.com\\\/Spawlab\\\/\",\"https:\\\/\\\/www.linkedin.com\\\/company\\\/spawlab\",\"https:\\\/\\\/www.instagram.com\\\/spawlab.pl\",\"https:\\\/\\\/www.tiktok.com\\\/@spawlab\"],\"description\":\"Lider sprzeda\u017cy, Oficjalny Dystrybutor Premium i Serwis na Polsk\u0119 Migatronic, Gys, Voestalpine Bohler Welding. Nowe i u\u017cywane Spawarki, Przecinarki Plazmowe, Kompresory. Mgr in\u017c. Jaros\u0142aw Ko\u0142aski, IWE\",\"hasMerchantReturnPolicy\":{\"@type\":\"MerchantReturnPolicy\",\"merchantReturnLink\":\"https:\\\/\\\/spawlab.pl\\\/polityka-prywatnosci-2\\\/\"},\"telephone\":[],\"openingHoursSpecification\":[{\"@type\":\"OpeningHoursSpecification\",\"dayOfWeek\":[\"Monday\",\"Tuesday\",\"Wednesday\",\"Thursday\",\"Friday\",\"Saturday\",\"Sunday\"],\"opens\":\"09:00\",\"closes\":\"17:00\"}]},{\"@type\":\"ImageObject\",\"inLanguage\":\"en-US\",\"@id\":\"https:\\\/\\\/spawlab.pl\\\/en\\\/produkt\\\/optrel-weldcap-nose-pad-5002-700\\\/#local-main-organization-logo\",\"url\":\"https:\\\/\\\/spawlab.pl\\\/wp-content\\\/uploads\\\/2022\\\/01\\\/olx.jpg\",\"contentUrl\":\"https:\\\/\\\/spawlab.pl\\\/wp-content\\\/uploads\\\/2022\\\/01\\\/olx.jpg\",\"width\":200,\"height\":200,\"caption\":\"Spawlab.pl\"}]}<\/script>\n<meta property=\"product:brand\" content=\"Optrel\" \/>\n<meta property=\"product:price:amount\" content=\"67.69\" \/>\n<meta property=\"product:price:currency\" content=\"PLN\" \/>\n<meta property=\"og:availability\" content=\"backorder\" \/>\n<meta property=\"product:availability\" content=\"available for order\" \/>\n<meta property=\"product:retailer_item_id\" content=\"5002.700\" \/>\n<meta property=\"product:condition\" content=\"new\" \/>\n<!-- \/ Yoast SEO Premium plugin. -->","yoast_head_json":{"title":"Optrel WeldCap\u00ae Nose Pad 5002.700","description":"The original replacement nose pad (nosepad) for the Optrel weldCap\u00ae. Restores factory comfort, stability and ergonomics. Part number 5002.700.","robots":{"index":"index","follow":"follow","max-snippet":"max-snippet:-1","max-image-preview":"max-image-preview:large","max-video-preview":"max-video-preview:-1"},"canonical":"https:\/\/spawlab.pl\/en\/produkt\/optrel-weldcap-nose-pad-5002-700\/","og_locale":"en_US","og_type":"article","og_title":"Optrel WeldCap\u00ae Nose Pad 5002.700","og_description":"Lider sprzeda\u017cy, Oficjalny Dystrybutor Premium i Serwis na Polsk\u0119 Migatronic, Gys, Voestalpine Bohler Welding. Nowe i u\u017cywane Spawarki, Przecinarki Plazmowe, Kompresory. Mgr in\u017c. Jaros\u0142aw Ko\u0142aski, IWE","og_url":"https:\/\/spawlab.pl\/en\/produkt\/optrel-weldcap-nose-pad-5002-700\/","og_site_name":"SpawLab - Welding equipment and plasma cutters - store and service","article_publisher":"https:\/\/www.facebook.com\/Spawlab\/","article_modified_time":"2025-08-04T10:32:08+00:00","og_image":[{"width":1084,"height":708,"url":"https:\/\/spawlab.pl\/wp-content\/uploads\/2025\/07\/51wdnXi9LKL._AC_SL1280_.jpg","type":"image\/jpeg"}],"twitter_misc":{"Price":"67,69&nbsp;&#122;&#322; (55,03&nbsp;&#122;&#322; netto)","Availability":"On backorder"},"schema":{"@context":"https:\/\/schema.org","@graph":[{"@type":["WebPage","ItemPage"],"@id":"https:\/\/spawlab.pl\/en\/produkt\/optrel-weldcap-nose-pad-5002-700\/","url":"https:\/\/spawlab.pl\/en\/produkt\/optrel-weldcap-nose-pad-5002-700\/","name":"Optrel WeldCap\u00ae Nose Pad 5002.700","isPartOf":{"@id":"https:\/\/spawlab.pl\/en\/#website"},"primaryImageOfPage":{"@id":"https:\/\/spawlab.pl\/en\/produkt\/optrel-weldcap-nose-pad-5002-700\/#primaryimage"},"image":{"@id":"https:\/\/spawlab.pl\/en\/produkt\/optrel-weldcap-nose-pad-5002-700\/#primaryimage"},"thumbnailUrl":"https:\/\/spawlab.pl\/wp-content\/uploads\/2025\/07\/51wdnXi9LKL._AC_SL1280_.jpg","datePublished":"2025-07-06T10:49:58+00:00","dateModified":"2025-08-04T10:32:08+00:00","description":"The original replacement nose pad (nosepad) for the Optrel weldCap\u00ae. Restores factory comfort, stability and ergonomics. Part number 5002.700.","breadcrumb":{"@id":"https:\/\/spawlab.pl\/en\/produkt\/optrel-weldcap-nose-pad-5002-700\/#breadcrumb"},"inLanguage":"en-US","potentialAction":[{"@type":"ReadAction","target":["https:\/\/spawlab.pl\/en\/produkt\/optrel-weldcap-nose-pad-5002-700\/"]}]},{"@type":"ImageObject","inLanguage":"en-US","@id":"https:\/\/spawlab.pl\/en\/produkt\/optrel-weldcap-nose-pad-5002-700\/#primaryimage","url":"https:\/\/spawlab.pl\/wp-content\/uploads\/2025\/07\/51wdnXi9LKL._AC_SL1280_.jpg","contentUrl":"https:\/\/spawlab.pl\/wp-content\/uploads\/2025\/07\/51wdnXi9LKL._AC_SL1280_.jpg","width":1084,"height":708},{"@type":"BreadcrumbList","@id":"https:\/\/spawlab.pl\/en\/produkt\/optrel-weldcap-nose-pad-5002-700\/#breadcrumb","itemListElement":[{"@type":"ListItem","position":1,"name":"Strona g\u0142\u00f3wna","item":"https:\/\/spawlab.pl\/en\/"},{"@type":"ListItem","position":2,"name":"Store","item":"https:\/\/spawlab.pl\/en\/shop\/"},{"@type":"ListItem","position":3,"name":"Optrel WeldCap\u00ae Nose Pad 5002.700"}]},{"@type":"WebSite","@id":"https:\/\/spawlab.pl\/en\/#website","url":"https:\/\/spawlab.pl\/en\/","name":"Spawlab.pl Lider - Spawarki, Przecinarki Plazmowe, Kompresory","description":"Urz\u0105dzenia spawalnicze i Przecinarki plazmowe\/ nowe i u\u017cywane \/ Profesjonalny serwis","publisher":{"@id":"https:\/\/spawlab.pl\/en\/#organization"},"alternateName":"Spawlab.pl - Dystrybutor Premium i Serwis na Polske Migatronic, Gys, Voestalpine Bohler Welding","potentialAction":[{"@type":"SearchAction","target":{"@type":"EntryPoint","urlTemplate":"https:\/\/spawlab.pl\/en\/?s={search_term_string}"},"query-input":{"@type":"PropertyValueSpecification","valueRequired":true,"valueName":"search_term_string"}}],"inLanguage":"en-US"},{"@type":["Organization","Place"],"@id":"https:\/\/spawlab.pl\/en\/#organization","name":"Spawlab.pl","url":"https:\/\/spawlab.pl\/en\/","logo":{"@id":"https:\/\/spawlab.pl\/en\/produkt\/optrel-weldcap-nose-pad-5002-700\/#local-main-organization-logo"},"image":{"@id":"https:\/\/spawlab.pl\/en\/produkt\/optrel-weldcap-nose-pad-5002-700\/#local-main-organization-logo"},"sameAs":["https:\/\/www.facebook.com\/Spawlab\/","https:\/\/www.linkedin.com\/company\/spawlab","https:\/\/www.instagram.com\/spawlab.pl","https:\/\/www.tiktok.com\/@spawlab"],"description":"Lider sprzeda\u017cy, Oficjalny Dystrybutor Premium i Serwis na Polsk\u0119 Migatronic, Gys, Voestalpine Bohler Welding. Nowe i u\u017cywane Spawarki, Przecinarki Plazmowe, Kompresory. Mgr in\u017c. Jaros\u0142aw Ko\u0142aski, IWE","hasMerchantReturnPolicy":{"@type":"MerchantReturnPolicy","merchantReturnLink":"https:\/\/spawlab.pl\/polityka-prywatnosci-2\/"},"telephone":[],"openingHoursSpecification":[{"@type":"OpeningHoursSpecification","dayOfWeek":["Monday","Tuesday","Wednesday","Thursday","Friday","Saturday","Sunday"],"opens":"09:00","closes":"17:00"}]},{"@type":"ImageObject","inLanguage":"en-US","@id":"https:\/\/spawlab.pl\/en\/produkt\/optrel-weldcap-nose-pad-5002-700\/#local-main-organization-logo","url":"https:\/\/spawlab.pl\/wp-content\/uploads\/2022\/01\/olx.jpg","contentUrl":"https:\/\/spawlab.pl\/wp-content\/uploads\/2022\/01\/olx.jpg","width":200,"height":200,"caption":"Spawlab.pl"}]},"product_brand":"Optrel","product_price_amount":"67.69","product_price_currency":"PLN","og_availability":"backorder","product_availability":"available for order","product_retailer_item_id":"5002.700","product_condition":"new"},"_links":{"self":[{"href":"https:\/\/spawlab.pl\/en\/wp-json\/wp\/v2\/product\/42136","targetHints":{"allow":["GET"]}}],"collection":[{"href":"https:\/\/spawlab.pl\/en\/wp-json\/wp\/v2\/product"}],"about":[{"href":"https:\/\/spawlab.pl\/en\/wp-json\/wp\/v2\/types\/product"}],"wp:featuredmedia":[{"embeddable":true,"href":"https:\/\/spawlab.pl\/en\/wp-json\/wp\/v2\/media\/40850"}],"wp:attachment":[{"href":"https:\/\/spawlab.pl\/en\/wp-json\/wp\/v2\/media?parent=42136"}],"wp:term":[{"taxonomy":"product_brand","embeddable":true,"href":"https:\/\/spawlab.pl\/en\/wp-json\/wp\/v2\/product_brand?post=42136"},{"taxonomy":"product_cat","embeddable":true,"href":"https:\/\/spawlab.pl\/en\/wp-json\/wp\/v2\/product_cat?post=42136"},{"taxonomy":"product_tag","embeddable":true,"href":"https:\/\/spawlab.pl\/en\/wp-json\/wp\/v2\/product_tag?post=42136"}],"curies":[{"name":"wp","href":"https:\/\/api.w.org\/{rel}","templated":true}]}}