{"id":42142,"date":"2025-07-06T12:48:12","date_gmt":"2025-07-06T10:48:12","guid":{"rendered":"https:\/\/spawlab.pl\/produkt\/optrel-spark-net-for-helix-series-helmet-2-pcs-5002-250\/"},"modified":"2025-07-06T12:48:12","modified_gmt":"2025-07-06T10:48:12","slug":"optrel-spark-net-for-helix-series-helmet-2-pcs-5002-250","status":"publish","type":"product","link":"https:\/\/spawlab.pl\/en\/produkt\/optrel-spark-net-for-helix-series-helmet-2-pcs-5002-250\/","title":{"rendered":"Optrel Spark net for Helix series helmet (2 pcs.) 5002.250"},"content":{"rendered":"<div>\n<div style=\"background-color: #f2f8fc;border-left: 5px solid #39A9E0;padding: 20px;margin-bottom: 25px;border-radius: 4px\">\n<h3 style=\"margin: 0 0 10px 0;font-size: 18px;font-weight: 600;color: #333333\">Why choose Spawlab.pl?<\/h3>\n<p style=\"margin: 0 0 15px 0;font-size: 16px;line-height: 1.6;color: #333333\">As an authorized distributor and sales leader of Optrel in Poland, we provide more than just equipment. When you invest with us, you get assurance and full support at every stage. <\/p>\n<ul style=\"margin: 0;padding: 0\">\n<li style=\"font-size: 16px;line-height: 1.6;margin-bottom: 8px;display: flex;align-items: flex-start;color: #333333\">\u2714 <span style=\"margin-right: 10px;color: #39a9e0;font-size: 20px;line-height: 1.6\">1<\/span> <b>00% Originality Guarantee:<\/b> You get brand new equipment from official Polish distribution.<\/li>\n<li style=\"font-size: 16px;line-height: 1.6;margin-bottom: 8px;display: flex;align-items: flex-start;color: #333333\"><span style=\"margin-right: 10px;color: #39a9e0;font-size: 20px;line-height: 1.6\">\u2714<\/span> <b>Express Shipping:<\/b> we ship the products directly from our warehouse, no waiting time.<\/li>\n<li style=\"font-size: 16px;line-height: 1.6;margin-bottom: 8px;display: flex;align-items: flex-start;color: #333333\"><span style=\"margin-right: 10px;color: #39a9e0;font-size: 20px;line-height: 1.6\">\u2714<\/span> Professional <b>Advice and Full Service:<\/b> we provide professional technical support and access to all spare parts.<\/li>\n<li style=\"font-size: 16px;line-height: 1.6;margin-bottom: 8px;display: flex;align-items: flex-start;color: #333333\"><span style=\"margin-right: 10px;color: #39a9e0;font-size: 20px;line-height: 1.6\">\u2714<\/span> <b>Trusted by Professionals:<\/b> Join the thousands of welders in Poland who have placed their <b>trust<\/b> in our expertise and reliability.<\/li>\n<\/ul>\n<\/div>\n<div style=\"background-color: #fafafa;border-left: 5px solid #b8ff00;padding: 20px;margin-bottom: 25px;border-radius: 4px\">\n<h2 style=\"font-size: 24px;color: #333333;margin: 0 0 10px 0;font-weight: 600\">Optrel 5002.250 &#8211; Spark net for Helix series helmet (2 pcs.).<\/h2>\n<p style=\"margin: 0;font-size: 16px;line-height: 1.6;color: #333333\">The original spark screen is dedicated to Optrel&#8217;s Helix series of welding visors equipped with a protective helmet. This key accessory is designed to provide an extra level of protection against hot sparks, spatter and grinding dust that can enter the space between the helmet shell and the visor. An essential piece of equipment for any professional working in demanding industrial conditions, especially when welding in forced positions.  <\/p>\n<\/div>\n<h3 style=\"font-size: 20px;color: #333333;border-bottom: 3px solid #b8ff00;padding-bottom: 8px;margin: 30px 0 20px 0\">Key features<\/h3>\n<div style=\"font-size: 0;text-align: center;margin: 0 -7.5px\">\n<div style=\"display: inline-block;vertical-align: top;width: 33.33%;min-width: 250px;padding: 0 7.5px;margin-bottom: 15px\">\n<div style=\"border: 1px solid #e0e0e0;border-radius: 8px;padding: 15px;background-color: #f9f9f9;text-align: center;height: 100%\">\n<div style=\"color: #b8ff00;margin: 0 auto 10px auto;font-size: 28px;line-height: 1\">?\ufe0f<\/div>\n<div style=\"font-size: 14px;font-weight: bold;color: #333333;min-height: 2.5em;display: flex;align-items: center;justify-content: center\">A barrier to sparks and spatter<\/div>\n<div style=\"font-size: 13px;color: #555\">Enhanced security<\/div>\n<\/div>\n<\/div>\n<div style=\"display: inline-block;vertical-align: top;width: 33.33%;min-width: 250px;padding: 0 7.5px;margin-bottom: 15px\">\n<div style=\"border: 1px solid #e0e0e0;border-radius: 8px;padding: 15px;background-color: #f9f9f9;text-align: center;height: 100%\">\n<div style=\"color: #b8ff00;margin: 0 auto 10px auto;font-size: 28px;line-height: 1\">?<\/div>\n<div style=\"font-size: 14px;font-weight: bold;color: #333333;min-height: 2.5em;display: flex;align-items: center;justify-content: center\">Dedicated to the Helix series<\/div>\n<div style=\"font-size: 13px;color: #555\">Perfect fit<\/div>\n<\/div>\n<\/div>\n<div style=\"display: inline-block;vertical-align: top;width: 33.33%;min-width: 250px;padding: 0 7.5px;margin-bottom: 15px\">\n<div style=\"border: 1px solid #e0e0e0;border-radius: 8px;padding: 15px;background-color: #f9f9f9;text-align: center;height: 100%\">\n<div style=\"color: #b8ff00;margin: 0 auto 10px auto;font-size: 28px;line-height: 1\">?\ufe0f<\/div>\n<div style=\"font-size: 14px;font-weight: bold;color: #333333;min-height: 2.5em;display: flex;align-items: center;justify-content: center\">Temperature resistant material<\/div>\n<div style=\"font-size: 13px;color: #555\">Long life<\/div>\n<\/div>\n<\/div>\n<div style=\"display: inline-block;vertical-align: top;width: 33.33%;min-width: 250px;padding: 0 7.5px;margin-bottom: 15px\">\n<div style=\"border: 1px solid #e0e0e0;border-radius: 8px;padding: 15px;background-color: #f9f9f9;text-align: center;height: 100%\">\n<div style=\"color: #b8ff00;margin: 0 auto 10px auto;font-size: 28px;line-height: 1\">??<\/div>\n<div style=\"font-size: 14px;font-weight: bold;color: #333333;min-height: 2.5em;display: flex;align-items: center;justify-content: center\">Simple and quick installation<\/div>\n<div style=\"font-size: 13px;color: #555\">Comfort of use<\/div>\n<\/div>\n<\/div>\n<\/div>\n<h3 style=\"font-size: 20px;color: #333333;border-bottom: 3px solid #b8ff00;padding-bottom: 8px;margin: 30px 0 20px 0\">Technology Details<\/h3>\n<details style=\"background-color: #ffffff;border: 1px solid #e0e0e0;border-radius: 4px;margin-bottom: 10px;overflow: hidden\" open=\"\">\n<summary style=\"display: block;padding: 15px 20px;font-weight: bold;font-size: 16px;color: #333333;background-color: #f9f9f9;cursor: pointer;position: relative\"><span style=\"color: #b8ff00;margin-right: 10px;font-size: 20px\">?\ufe0f<\/span>Effective Protection in Forced Positions<\/summary>\n<div style=\"padding: 20px;line-height: 1.7;font-size: 15px;background-color: #ffffff;border-top: 1px solid #e0e0e0\">\n<p style=\"margin: 0;color: #333333\">The spark screen is precisely designed to fill and protect the construction space between the safety helmet and the visor module in the Helix series. Its main purpose is to create a physical barrier that prevents the passage of hot sparks, metal splatter and dust generated during welding and grinding. This is especially important when working in ceiling and vertical positions, where gravity favors falling debris directly onto the operator&#8217;s head. Made of durable, heat-resistant material, the mesh retains its protective properties even in intensive industrial conditions without restricting ventilation. Investment in this shield is a direct increase in personal safety and protection of the visor&#8217;s internal components from damage.    <\/p>\n<\/div>\n<\/details>\n<h3 style=\"font-size: 20px;color: #333333;border-bottom: 3px solid #b8ff00;padding-bottom: 8px;margin: 30px 0 20px 0\">Technical Specifications<\/h3>\n<table style=\"width: 100%;border-collapse: collapse;margin-bottom: 25px\">\n<thead>\n<tr>\n<th style=\"padding: 12px 15px;text-align: left;background-color: #333333;color: #ffffff;border: 1px solid #e0e0e0\">Feature<\/th>\n<th style=\"padding: 12px 15px;text-align: left;background-color: #333333;color: #ffffff;border: 1px solid #e0e0e0\">Value<\/th>\n<\/tr>\n<\/thead>\n<tbody>\n<tr style=\"background-color: #f9f9f9\">\n<td style=\"padding: 12px 15px;border: 1px solid #e0e0e0;color: #333333\"><b>Catalog number<\/b><\/td>\n<td style=\"padding: 12px 15px;border: 1px solid #e0e0e0;color: #333333\">** 5002.250<\/td>\n<\/tr>\n<tr style=\"background-color: #ffffff\">\n<td style=\"padding: 12px 15px;border: 1px solid #e0e0e0;color: #333333\"><b>Original name<\/b><\/td>\n<td style=\"padding: 12px 15px;border: 1px solid #e0e0e0;color: #333333\">** Spark protector suitable for HELIX hard hat<\/td>\n<\/tr>\n<tr style=\"background-color: #f9f9f9\">\n<td style=\"padding: 12px 15px;border: 1px solid #e0e0e0;color: #333333\"><b>Compatibility<\/b><\/td>\n<td style=\"padding: 12px 15px;border: 1px solid #e0e0e0;color: #333333\">** All models of Optrel&#8217;s Helix series of welding visors equipped with an integrated protective helmet.<\/td>\n<\/tr>\n<tr style=\"background-color: #ffffff\">\n<td style=\"padding: 12px 15px;border: 1px solid #e0e0e0;color: #333333\"><b>Material<\/b><\/td>\n<td style=\"padding: 12px 15px;border: 1px solid #e0e0e0;color: #333333\">** Durable, heat-resistant technical mesh.<\/td>\n<\/tr>\n<tr style=\"background-color: #f9f9f9\">\n<td style=\"padding: 12px 15px;border: 1px solid #e0e0e0;color: #333333\"><b>Quantity per package<\/b><\/td>\n<td style=\"padding: 12px 15px;border: 1px solid #e0e0e0;color: #333333\">** 2 pieces.<\/td>\n<\/tr>\n<\/tbody>\n<\/table>\n<h3 style=\"font-size: 20px;color: #333333;border-bottom: 3px solid #b8ff00;padding-bottom: 8px;margin: 30px 0 20px 0\">What Do You Receive in the Kit?<\/h3>\n<div style=\"padding-left: 0\">\n<p style=\"margin: 8px 0;font-size: 16px;display: flex;align-items: flex-start;color: #333333\"><span style=\"color: #b8ff00;margin-right: 12px;font-weight: bold;font-size: 20px;line-height: 1.5\">\u2192Spark net<\/span>for Optrel Helix helmet &#8211; 2 pcs.<\/p>\n<\/div>\n<h3 style=\"font-size: 20px;color: #333333;border-bottom: 3px solid #b8ff00;padding-bottom: 8px;margin: 30px 0 20px 0\">Main Applications<\/h3>\n<div style=\"padding-left: 0\">\n<p style=\"margin: 8px 0;font-size: 16px;display: flex;align-items: flex-start;color: #333333\"><span style=\"color: #b8ff00;margin-right: 12px;font-weight: bold;font-size: 20px;line-height: 1.5\">\u2192 Welding<\/span>and cutting in forced positions (especially ceiling).<\/p>\n<p style=\"margin: 8px 0;font-size: 16px;display: flex;align-items: flex-start;color: #333333\"><span style=\"color: #b8ff00;margin-right: 12px;font-weight: bold;font-size: 20px;line-height: 1.5\">\u2192Intensive<\/span>grinding and preparation work.<\/p>\n<p style=\"margin: 8px 0;font-size: 16px;display: flex;align-items: flex-start;color: #333333\"><span style=\"color: #b8ff00;margin-right: 12px;font-weight: bold;font-size: 20px;line-height: 1.5\">\u2192Work<\/span>in environments with high concentrations of sparks and splatter.<\/p>\n<p style=\"margin: 8px 0;font-size: 16px;display: flex;align-items: flex-start;color: #333333\"><span style=\"color: #b8ff00;margin-right: 12px;font-weight: bold;font-size: 20px;line-height: 1.5\">\u2192Applications<\/span>in heavy industry, shipbuilding and construction.<\/p>\n<\/div>\n<div style=\"background-color: #fafafa;border-left: 5px solid #b8ff00;padding: 20px;margin-bottom: 25px;border-radius: 4px\">\n<h3 style=\"font-size: 20px;color: #333333;margin: 0 0 10px 0;font-weight: 600\">About the Optrel brand<\/h3>\n<p style=\"margin: 0;font-size: 16px;line-height: 1.6;color: #333333\">Optrel is the Swiss leader of innovation in welding protection. When you choose genuine Optrel accessories, you are investing in decades of experience, uncompromising quality and technologies that set the standard for safety and comfort worldwide. Trust the brand trusted by top professionals.  <\/p>\n<\/div>\n<\/div>\n","protected":false},"excerpt":{"rendered":"<p>Original Optrel 5002.250 spark screen (shield) for Helix series helmets. Protects against sparks and spatter, ideal for working in forced positions. Set includes 2 pieces.  <\/p>\n","protected":false},"featured_media":40806,"template":"","meta":{"inline_featured_image":false},"product_brand":[1593],"product_cat":[475,474,520,522,521],"product_tag":[12389,12390,10990,5332,10854,12388,12386,8873],"class_list":{"0":"post-42142","1":"product","2":"type-product","3":"status-publish","4":"has-post-thumbnail","6":"product_brand-optrel","7":"product_cat-accessories-parts","8":"product_cat-new","9":"product_cat-optrel-en","10":"product_cat-parts","11":"product_cat-welding-visors-en","12":"product_tag-5002-250-en","13":"product_tag-helmet-helix","14":"product_tag-optrel-accessories","15":"product_tag-optrel-helix-en","16":"product_tag-spare-part","17":"product_tag-spark-net","18":"product_tag-spark-shield","19":"product_tag-welder-protection","21":"first","22":"onbackorder","23":"taxable","24":"shipping-taxable","25":"purchasable","26":"product-type-simple"},"yoast_head":"<!-- This site is optimized with the Yoast SEO Premium plugin v27.5 (Yoast SEO v27.6) - https:\/\/yoast.com\/product\/yoast-seo-premium-wordpress\/ -->\n<title>Optrel Spark net for Helix series helmet (2 pcs.) 5002.250<\/title>\n<meta name=\"description\" content=\"Original Optrel 5002.250 spark screen (shield) for Helix series helmets. Protects against sparks and spatter, ideal for working in forced positions. Set includes 2 pieces.\" \/>\n<meta name=\"robots\" content=\"index, follow, max-snippet:-1, max-image-preview:large, max-video-preview:-1\" \/>\n<link rel=\"canonical\" href=\"https:\/\/spawlab.pl\/en\/produkt\/optrel-spark-net-for-helix-series-helmet-2-pcs-5002-250\/\" \/>\n<meta property=\"og:locale\" content=\"en_US\" \/>\n<meta property=\"og:type\" content=\"article\" \/>\n<meta property=\"og:title\" content=\"Optrel Spark net for Helix series helmet (2 pcs.) 5002.250\" \/>\n<meta property=\"og:description\" content=\"Lider sprzeda\u017cy, Oficjalny Dystrybutor Premium i Serwis na Polsk\u0119 Migatronic, Gys, Voestalpine Bohler Welding. Nowe i u\u017cywane Spawarki, Przecinarki Plazmowe, Kompresory. Mgr in\u017c. Jaros\u0142aw Ko\u0142aski, IWE\" \/>\n<meta property=\"og:url\" content=\"https:\/\/spawlab.pl\/en\/produkt\/optrel-spark-net-for-helix-series-helmet-2-pcs-5002-250\/\" \/>\n<meta property=\"og:site_name\" content=\"SpawLab - Welding equipment and plasma cutters - store and service\" \/>\n<meta property=\"article:publisher\" content=\"https:\/\/www.facebook.com\/Spawlab\/\" \/>\n<meta property=\"og:image\" content=\"https:\/\/spawlab.pl\/wp-content\/uploads\/2025\/07\/optrel-logo.jpg\" \/>\n\t<meta property=\"og:image:width\" content=\"400\" \/>\n\t<meta property=\"og:image:height\" content=\"400\" \/>\n\t<meta property=\"og:image:type\" content=\"image\/jpeg\" \/>\n<meta name=\"twitter:label1\" content=\"Price\" \/>\n\t<meta name=\"twitter:data1\" content=\"88,86&nbsp;&#122;&#322; (72,24&nbsp;&#122;&#322; netto)\" \/>\n\t<meta name=\"twitter:label2\" content=\"Availability\" \/>\n\t<meta name=\"twitter:data2\" content=\"On backorder\" \/>\n<script type=\"application\/ld+json\" class=\"yoast-schema-graph\">{\"@context\":\"https:\\\/\\\/schema.org\",\"@graph\":[{\"@type\":[\"WebPage\",\"ItemPage\"],\"@id\":\"https:\\\/\\\/spawlab.pl\\\/en\\\/produkt\\\/optrel-spark-net-for-helix-series-helmet-2-pcs-5002-250\\\/\",\"url\":\"https:\\\/\\\/spawlab.pl\\\/en\\\/produkt\\\/optrel-spark-net-for-helix-series-helmet-2-pcs-5002-250\\\/\",\"name\":\"Optrel Spark net for Helix series helmet (2 pcs.) 5002.250\",\"isPartOf\":{\"@id\":\"https:\\\/\\\/spawlab.pl\\\/en\\\/#website\"},\"primaryImageOfPage\":{\"@id\":\"https:\\\/\\\/spawlab.pl\\\/en\\\/produkt\\\/optrel-spark-net-for-helix-series-helmet-2-pcs-5002-250\\\/#primaryimage\"},\"image\":{\"@id\":\"https:\\\/\\\/spawlab.pl\\\/en\\\/produkt\\\/optrel-spark-net-for-helix-series-helmet-2-pcs-5002-250\\\/#primaryimage\"},\"thumbnailUrl\":\"https:\\\/\\\/spawlab.pl\\\/wp-content\\\/uploads\\\/2025\\\/07\\\/optrel-logo.jpg\",\"datePublished\":\"2025-07-06T10:48:12+00:00\",\"description\":\"Original Optrel 5002.250 spark screen (shield) for Helix series helmets. Protects against sparks and spatter, ideal for working in forced positions. Set includes 2 pieces.\",\"breadcrumb\":{\"@id\":\"https:\\\/\\\/spawlab.pl\\\/en\\\/produkt\\\/optrel-spark-net-for-helix-series-helmet-2-pcs-5002-250\\\/#breadcrumb\"},\"inLanguage\":\"en-US\",\"potentialAction\":[{\"@type\":\"ReadAction\",\"target\":[\"https:\\\/\\\/spawlab.pl\\\/en\\\/produkt\\\/optrel-spark-net-for-helix-series-helmet-2-pcs-5002-250\\\/\"]}]},{\"@type\":\"ImageObject\",\"inLanguage\":\"en-US\",\"@id\":\"https:\\\/\\\/spawlab.pl\\\/en\\\/produkt\\\/optrel-spark-net-for-helix-series-helmet-2-pcs-5002-250\\\/#primaryimage\",\"url\":\"https:\\\/\\\/spawlab.pl\\\/wp-content\\\/uploads\\\/2025\\\/07\\\/optrel-logo.jpg\",\"contentUrl\":\"https:\\\/\\\/spawlab.pl\\\/wp-content\\\/uploads\\\/2025\\\/07\\\/optrel-logo.jpg\",\"width\":400,\"height\":400},{\"@type\":\"BreadcrumbList\",\"@id\":\"https:\\\/\\\/spawlab.pl\\\/en\\\/produkt\\\/optrel-spark-net-for-helix-series-helmet-2-pcs-5002-250\\\/#breadcrumb\",\"itemListElement\":[{\"@type\":\"ListItem\",\"position\":1,\"name\":\"Strona g\u0142\u00f3wna\",\"item\":\"https:\\\/\\\/spawlab.pl\\\/en\\\/\"},{\"@type\":\"ListItem\",\"position\":2,\"name\":\"Store\",\"item\":\"https:\\\/\\\/spawlab.pl\\\/en\\\/shop\\\/\"},{\"@type\":\"ListItem\",\"position\":3,\"name\":\"Optrel Spark net for Helix series helmet (2 pcs.) 5002.250\"}]},{\"@type\":\"WebSite\",\"@id\":\"https:\\\/\\\/spawlab.pl\\\/en\\\/#website\",\"url\":\"https:\\\/\\\/spawlab.pl\\\/en\\\/\",\"name\":\"Spawlab.pl Lider - Spawarki, Przecinarki Plazmowe, Kompresory\",\"description\":\"Urz\u0105dzenia spawalnicze i Przecinarki plazmowe\\\/ nowe i u\u017cywane \\\/ Profesjonalny serwis\",\"publisher\":{\"@id\":\"https:\\\/\\\/spawlab.pl\\\/en\\\/#organization\"},\"alternateName\":\"Spawlab.pl - Dystrybutor Premium i Serwis na Polske Migatronic, Gys, Voestalpine Bohler Welding\",\"potentialAction\":[{\"@type\":\"SearchAction\",\"target\":{\"@type\":\"EntryPoint\",\"urlTemplate\":\"https:\\\/\\\/spawlab.pl\\\/en\\\/?s={search_term_string}\"},\"query-input\":{\"@type\":\"PropertyValueSpecification\",\"valueRequired\":true,\"valueName\":\"search_term_string\"}}],\"inLanguage\":\"en-US\"},{\"@type\":[\"Organization\",\"Place\"],\"@id\":\"https:\\\/\\\/spawlab.pl\\\/en\\\/#organization\",\"name\":\"Spawlab.pl\",\"url\":\"https:\\\/\\\/spawlab.pl\\\/en\\\/\",\"logo\":{\"@id\":\"https:\\\/\\\/spawlab.pl\\\/en\\\/produkt\\\/optrel-spark-net-for-helix-series-helmet-2-pcs-5002-250\\\/#local-main-organization-logo\"},\"image\":{\"@id\":\"https:\\\/\\\/spawlab.pl\\\/en\\\/produkt\\\/optrel-spark-net-for-helix-series-helmet-2-pcs-5002-250\\\/#local-main-organization-logo\"},\"sameAs\":[\"https:\\\/\\\/www.facebook.com\\\/Spawlab\\\/\",\"https:\\\/\\\/www.linkedin.com\\\/company\\\/spawlab\",\"https:\\\/\\\/www.instagram.com\\\/spawlab.pl\",\"https:\\\/\\\/www.tiktok.com\\\/@spawlab\"],\"description\":\"Lider sprzeda\u017cy, Oficjalny Dystrybutor Premium i Serwis na Polsk\u0119 Migatronic, Gys, Voestalpine Bohler Welding. Nowe i u\u017cywane Spawarki, Przecinarki Plazmowe, Kompresory. Mgr in\u017c. Jaros\u0142aw Ko\u0142aski, IWE\",\"hasMerchantReturnPolicy\":{\"@type\":\"MerchantReturnPolicy\",\"merchantReturnLink\":\"https:\\\/\\\/spawlab.pl\\\/polityka-prywatnosci-2\\\/\"},\"telephone\":[],\"openingHoursSpecification\":[{\"@type\":\"OpeningHoursSpecification\",\"dayOfWeek\":[\"Monday\",\"Tuesday\",\"Wednesday\",\"Thursday\",\"Friday\",\"Saturday\",\"Sunday\"],\"opens\":\"09:00\",\"closes\":\"17:00\"}]},{\"@type\":\"ImageObject\",\"inLanguage\":\"en-US\",\"@id\":\"https:\\\/\\\/spawlab.pl\\\/en\\\/produkt\\\/optrel-spark-net-for-helix-series-helmet-2-pcs-5002-250\\\/#local-main-organization-logo\",\"url\":\"https:\\\/\\\/spawlab.pl\\\/wp-content\\\/uploads\\\/2022\\\/01\\\/olx.jpg\",\"contentUrl\":\"https:\\\/\\\/spawlab.pl\\\/wp-content\\\/uploads\\\/2022\\\/01\\\/olx.jpg\",\"width\":200,\"height\":200,\"caption\":\"Spawlab.pl\"}]}<\/script>\n<meta property=\"product:brand\" content=\"Optrel\" \/>\n<meta property=\"product:price:amount\" content=\"88.86\" \/>\n<meta property=\"product:price:currency\" content=\"PLN\" \/>\n<meta property=\"og:availability\" content=\"backorder\" \/>\n<meta property=\"product:availability\" content=\"available for order\" \/>\n<meta property=\"product:retailer_item_id\" content=\"5002.250\" \/>\n<meta property=\"product:condition\" content=\"new\" \/>\n<!-- \/ Yoast SEO Premium plugin. -->","yoast_head_json":{"title":"Optrel Spark net for Helix series helmet (2 pcs.) 5002.250","description":"Original Optrel 5002.250 spark screen (shield) for Helix series helmets. Protects against sparks and spatter, ideal for working in forced positions. Set includes 2 pieces.","robots":{"index":"index","follow":"follow","max-snippet":"max-snippet:-1","max-image-preview":"max-image-preview:large","max-video-preview":"max-video-preview:-1"},"canonical":"https:\/\/spawlab.pl\/en\/produkt\/optrel-spark-net-for-helix-series-helmet-2-pcs-5002-250\/","og_locale":"en_US","og_type":"article","og_title":"Optrel Spark net for Helix series helmet (2 pcs.) 5002.250","og_description":"Lider sprzeda\u017cy, Oficjalny Dystrybutor Premium i Serwis na Polsk\u0119 Migatronic, Gys, Voestalpine Bohler Welding. Nowe i u\u017cywane Spawarki, Przecinarki Plazmowe, Kompresory. Mgr in\u017c. Jaros\u0142aw Ko\u0142aski, IWE","og_url":"https:\/\/spawlab.pl\/en\/produkt\/optrel-spark-net-for-helix-series-helmet-2-pcs-5002-250\/","og_site_name":"SpawLab - Welding equipment and plasma cutters - store and service","article_publisher":"https:\/\/www.facebook.com\/Spawlab\/","og_image":[{"width":400,"height":400,"url":"https:\/\/spawlab.pl\/wp-content\/uploads\/2025\/07\/optrel-logo.jpg","type":"image\/jpeg"}],"twitter_misc":{"Price":"88,86&nbsp;&#122;&#322; (72,24&nbsp;&#122;&#322; netto)","Availability":"On backorder"},"schema":{"@context":"https:\/\/schema.org","@graph":[{"@type":["WebPage","ItemPage"],"@id":"https:\/\/spawlab.pl\/en\/produkt\/optrel-spark-net-for-helix-series-helmet-2-pcs-5002-250\/","url":"https:\/\/spawlab.pl\/en\/produkt\/optrel-spark-net-for-helix-series-helmet-2-pcs-5002-250\/","name":"Optrel Spark net for Helix series helmet (2 pcs.) 5002.250","isPartOf":{"@id":"https:\/\/spawlab.pl\/en\/#website"},"primaryImageOfPage":{"@id":"https:\/\/spawlab.pl\/en\/produkt\/optrel-spark-net-for-helix-series-helmet-2-pcs-5002-250\/#primaryimage"},"image":{"@id":"https:\/\/spawlab.pl\/en\/produkt\/optrel-spark-net-for-helix-series-helmet-2-pcs-5002-250\/#primaryimage"},"thumbnailUrl":"https:\/\/spawlab.pl\/wp-content\/uploads\/2025\/07\/optrel-logo.jpg","datePublished":"2025-07-06T10:48:12+00:00","description":"Original Optrel 5002.250 spark screen (shield) for Helix series helmets. Protects against sparks and spatter, ideal for working in forced positions. Set includes 2 pieces.","breadcrumb":{"@id":"https:\/\/spawlab.pl\/en\/produkt\/optrel-spark-net-for-helix-series-helmet-2-pcs-5002-250\/#breadcrumb"},"inLanguage":"en-US","potentialAction":[{"@type":"ReadAction","target":["https:\/\/spawlab.pl\/en\/produkt\/optrel-spark-net-for-helix-series-helmet-2-pcs-5002-250\/"]}]},{"@type":"ImageObject","inLanguage":"en-US","@id":"https:\/\/spawlab.pl\/en\/produkt\/optrel-spark-net-for-helix-series-helmet-2-pcs-5002-250\/#primaryimage","url":"https:\/\/spawlab.pl\/wp-content\/uploads\/2025\/07\/optrel-logo.jpg","contentUrl":"https:\/\/spawlab.pl\/wp-content\/uploads\/2025\/07\/optrel-logo.jpg","width":400,"height":400},{"@type":"BreadcrumbList","@id":"https:\/\/spawlab.pl\/en\/produkt\/optrel-spark-net-for-helix-series-helmet-2-pcs-5002-250\/#breadcrumb","itemListElement":[{"@type":"ListItem","position":1,"name":"Strona g\u0142\u00f3wna","item":"https:\/\/spawlab.pl\/en\/"},{"@type":"ListItem","position":2,"name":"Store","item":"https:\/\/spawlab.pl\/en\/shop\/"},{"@type":"ListItem","position":3,"name":"Optrel Spark net for Helix series helmet (2 pcs.) 5002.250"}]},{"@type":"WebSite","@id":"https:\/\/spawlab.pl\/en\/#website","url":"https:\/\/spawlab.pl\/en\/","name":"Spawlab.pl Lider - Spawarki, Przecinarki Plazmowe, Kompresory","description":"Urz\u0105dzenia spawalnicze i Przecinarki plazmowe\/ nowe i u\u017cywane \/ Profesjonalny serwis","publisher":{"@id":"https:\/\/spawlab.pl\/en\/#organization"},"alternateName":"Spawlab.pl - Dystrybutor Premium i Serwis na Polske Migatronic, Gys, Voestalpine Bohler Welding","potentialAction":[{"@type":"SearchAction","target":{"@type":"EntryPoint","urlTemplate":"https:\/\/spawlab.pl\/en\/?s={search_term_string}"},"query-input":{"@type":"PropertyValueSpecification","valueRequired":true,"valueName":"search_term_string"}}],"inLanguage":"en-US"},{"@type":["Organization","Place"],"@id":"https:\/\/spawlab.pl\/en\/#organization","name":"Spawlab.pl","url":"https:\/\/spawlab.pl\/en\/","logo":{"@id":"https:\/\/spawlab.pl\/en\/produkt\/optrel-spark-net-for-helix-series-helmet-2-pcs-5002-250\/#local-main-organization-logo"},"image":{"@id":"https:\/\/spawlab.pl\/en\/produkt\/optrel-spark-net-for-helix-series-helmet-2-pcs-5002-250\/#local-main-organization-logo"},"sameAs":["https:\/\/www.facebook.com\/Spawlab\/","https:\/\/www.linkedin.com\/company\/spawlab","https:\/\/www.instagram.com\/spawlab.pl","https:\/\/www.tiktok.com\/@spawlab"],"description":"Lider sprzeda\u017cy, Oficjalny Dystrybutor Premium i Serwis na Polsk\u0119 Migatronic, Gys, Voestalpine Bohler Welding. Nowe i u\u017cywane Spawarki, Przecinarki Plazmowe, Kompresory. Mgr in\u017c. Jaros\u0142aw Ko\u0142aski, IWE","hasMerchantReturnPolicy":{"@type":"MerchantReturnPolicy","merchantReturnLink":"https:\/\/spawlab.pl\/polityka-prywatnosci-2\/"},"telephone":[],"openingHoursSpecification":[{"@type":"OpeningHoursSpecification","dayOfWeek":["Monday","Tuesday","Wednesday","Thursday","Friday","Saturday","Sunday"],"opens":"09:00","closes":"17:00"}]},{"@type":"ImageObject","inLanguage":"en-US","@id":"https:\/\/spawlab.pl\/en\/produkt\/optrel-spark-net-for-helix-series-helmet-2-pcs-5002-250\/#local-main-organization-logo","url":"https:\/\/spawlab.pl\/wp-content\/uploads\/2022\/01\/olx.jpg","contentUrl":"https:\/\/spawlab.pl\/wp-content\/uploads\/2022\/01\/olx.jpg","width":200,"height":200,"caption":"Spawlab.pl"}]},"product_brand":"Optrel","product_price_amount":"88.86","product_price_currency":"PLN","og_availability":"backorder","product_availability":"available for order","product_retailer_item_id":"5002.250","product_condition":"new"},"_links":{"self":[{"href":"https:\/\/spawlab.pl\/en\/wp-json\/wp\/v2\/product\/42142","targetHints":{"allow":["GET"]}}],"collection":[{"href":"https:\/\/spawlab.pl\/en\/wp-json\/wp\/v2\/product"}],"about":[{"href":"https:\/\/spawlab.pl\/en\/wp-json\/wp\/v2\/types\/product"}],"wp:featuredmedia":[{"embeddable":true,"href":"https:\/\/spawlab.pl\/en\/wp-json\/wp\/v2\/media\/40806"}],"wp:attachment":[{"href":"https:\/\/spawlab.pl\/en\/wp-json\/wp\/v2\/media?parent=42142"}],"wp:term":[{"taxonomy":"product_brand","embeddable":true,"href":"https:\/\/spawlab.pl\/en\/wp-json\/wp\/v2\/product_brand?post=42142"},{"taxonomy":"product_cat","embeddable":true,"href":"https:\/\/spawlab.pl\/en\/wp-json\/wp\/v2\/product_cat?post=42142"},{"taxonomy":"product_tag","embeddable":true,"href":"https:\/\/spawlab.pl\/en\/wp-json\/wp\/v2\/product_tag?post=42142"}],"curies":[{"name":"wp","href":"https:\/\/api.w.org\/{rel}","templated":true}]}}