{"id":42177,"date":"2025-07-06T12:54:33","date_gmt":"2025-07-06T10:54:33","guid":{"rendered":"https:\/\/spawlab.pl\/produkt\/optrel-face-seal-for-e3000x-system-4160-100\/"},"modified":"2025-07-06T12:54:33","modified_gmt":"2025-07-06T10:54:33","slug":"optrel-face-seal-for-e3000x-system-4160-100","status":"publish","type":"product","link":"https:\/\/spawlab.pl\/en\/produkt\/optrel-face-seal-for-e3000x-system-4160-100\/","title":{"rendered":"Optrel Face Seal for e3000X System (4160.100)"},"content":{"rendered":"<div>\n<div style=\"background-color: #f2f8fc;border-left: 5px solid #39A9E0;padding: 20px;margin-bottom: 25px;border-radius: 4px\">\n<h3 style=\"margin: 0 0 10px 0;font-size: 18px;font-weight: 600;color: #333333\">Why choose Spawlab.pl?<\/h3>\n<p style=\"margin: 0 0 15px 0;font-size: 16px;line-height: 1.6;color: #333333\">As an authorized distributor and sales leader of Optrel in Poland, we provide more than just equipment. When you invest with us, you get assurance and full support at every stage. <\/p>\n<ul style=\"margin: 0;padding: 0\">\n<li style=\"font-size: 16px;line-height: 1.6;margin-bottom: 8px;display: flex;align-items: flex-start;color: #333333\">\u2714 <span style=\"margin-right: 10px;color: #39a9e0;font-size: 20px;line-height: 1.6\">1<\/span> <b>00% Originality Guarantee:<\/b> You get brand new equipment from official Polish distribution.<\/li>\n<li style=\"font-size: 16px;line-height: 1.6;margin-bottom: 8px;display: flex;align-items: flex-start;color: #333333\"><span style=\"margin-right: 10px;color: #39a9e0;font-size: 20px;line-height: 1.6\">\u2714<\/span> <b>Express Shipping:<\/b> we ship the products directly from our warehouse, no waiting time.<\/li>\n<li style=\"font-size: 16px;line-height: 1.6;margin-bottom: 8px;display: flex;align-items: flex-start;color: #333333\"><span style=\"margin-right: 10px;color: #39a9e0;font-size: 20px;line-height: 1.6\">\u2714<\/span> Professional <b>Advice and Full Service:<\/b> we provide professional technical support and access to all spare parts.<\/li>\n<li style=\"font-size: 16px;line-height: 1.6;margin-bottom: 8px;display: flex;align-items: flex-start;color: #333333\"><span style=\"margin-right: 10px;color: #39a9e0;font-size: 20px;line-height: 1.6\">\u2714<\/span> <b>Trusted by Professionals:<\/b> Join the thousands of welders in Poland who have placed their <b>trust<\/b> in our expertise and reliability.<\/li>\n<\/ul>\n<\/div>\n<div style=\"background-color: #fafafa;border-left: 5px solid #b8ff00;padding: 20px;margin-bottom: 25px;border-radius: 4px\">\n<h2 style=\"font-size: 24px;color: #333333;margin: 0 0 10px 0;font-weight: 600\">Optrel Face Seal for e3000X System (4160.100)<\/h2>\n<p style=\"margin: 0;font-size: 16px;line-height: 1.6;color: #333333\">Optrel&#8217;s original face seal (Cat. No. 4160.100) is a key certified component for e3000X respiratory protection systems. It is designed to restore the factory seal and performance of Optrel&#8217;s liteflip, b630 and p330 series welding visors. As an integral part of the sealed PAPR ecosystem, it ensures that the highest TH3 protection class is maintained, keeping the welder safe and comfortable even during the most intensive work in contaminated environments.  <\/p>\n<\/div>\n<h3 style=\"font-size: 20px;color: #333333;border-bottom: 3px solid #b8ff00;padding-bottom: 8px;margin: 30px 0 20px 0\">Key features<\/h3>\n<div style=\"font-size: 0;text-align: center;margin: 0 -7.5px\">\n<div style=\"display: inline-block;vertical-align: top;width: 33.33%;min-width: 250px;padding: 0 7.5px;margin-bottom: 15px\">\n<div style=\"border: 1px solid #e0e0e0;border-radius: 8px;padding: 15px;background-color: #f9f9f9;text-align: center;height: 100%\">\n<div style=\"color: #b8ff00;margin: 0 auto 10px auto;font-size: 28px;line-height: 1\">?\ufe0f<\/div>\n<div style=\"font-size: 14px;font-weight: bold;color: #333333;min-height: 2.5em;display: flex;align-items: center;justify-content: center\">TH3 Leakage Guarantee<\/div>\n<div style=\"font-size: 13px;color: #555\">A key component of the system<\/div>\n<\/div>\n<\/div>\n<div style=\"display: inline-block;vertical-align: top;width: 33.33%;min-width: 250px;padding: 0 7.5px;margin-bottom: 15px\">\n<div style=\"border: 1px solid #e0e0e0;border-radius: 8px;padding: 15px;background-color: #f9f9f9;text-align: center;height: 100%\">\n<div style=\"color: #b8ff00;margin: 0 auto 10px auto;font-size: 28px;line-height: 1\">?\ufe0f<\/div>\n<div style=\"font-size: 14px;font-weight: bold;color: #333333;min-height: 2.5em;display: flex;align-items: center;justify-content: center\">Flame retardant material<\/div>\n<div style=\"font-size: 13px;color: #555\">Safety in the welding environment<\/div>\n<\/div>\n<\/div>\n<div style=\"display: inline-block;vertical-align: top;width: 33.33%;min-width: 250px;padding: 0 7.5px;margin-bottom: 15px\">\n<div style=\"border: 1px solid #e0e0e0;border-radius: 8px;padding: 15px;background-color: #f9f9f9;text-align: center;height: 100%\">\n<div style=\"color: #b8ff00;margin: 0 auto 10px auto;font-size: 28px;line-height: 1\">??<\/div>\n<div style=\"font-size: 14px;font-weight: bold;color: #333333;min-height: 2.5em;display: flex;align-items: center;justify-content: center\">Precision Fit<\/div>\n<div style=\"font-size: 13px;color: #555\">For liteflip\/b630\/p330 models<\/div>\n<\/div>\n<\/div>\n<\/div>\n<h3 style=\"font-size: 20px;color: #333333;border-bottom: 3px solid #b8ff00;padding-bottom: 8px;margin: 30px 0 20px 0\">Technology Details<\/h3>\n<details style=\"background-color: #ffffff;border: 1px solid #e0e0e0;border-radius: 4px;margin-bottom: 10px;overflow: hidden\" open=\"\">\n<summary style=\"display: block;padding: 15px 20px;font-weight: bold;font-size: 16px;color: #333333;background-color: #f9f9f9;cursor: pointer;position: relative\"><span style=\"color: #b8ff00;margin-right: 10px;font-size: 20px\">?\ufe0f<\/span>Integrity of the Respiratory Protection System<\/summary>\n<div style=\"padding: 20px;line-height: 1.7;font-size: 15px;background-color: #ffffff;border-top: 1px solid #e0e0e0\">\n<p style=\"margin: 0;color: #333333\">The face seal is the critical barrier and interface between the visor shell and the operator&#8217;s face. Its precise design and fit are essential to creating a controlled positive pressure zone inside the helmet, which is the foundation of any PAPR system. As a result, even with dynamic head movements, contaminated ambient air is unable to penetrate the breathing zone. Replacing the worn seal with the original component restores the system&#8217;s full, certified TH3 class protection performance. This is a fundamental investment in the integrity of the barrier that protects your lungs from carcinogenic welding fumes.    <\/p>\n<\/div>\n<\/details>\n<details style=\"background-color: #ffffff;border: 1px solid #e0e0e0;border-radius: 4px;margin-bottom: 10px;overflow: hidden\">\n<summary style=\"display: block;padding: 15px 20px;font-weight: bold;font-size: 16px;color: #333333;background-color: #f9f9f9;cursor: pointer;position: relative\"><span style=\"color: #b8ff00;margin-right: 10px;font-size: 20px\">?\ufe0f<\/span>Optimized Airflow and Comfort<\/summary>\n<div style=\"padding: 20px;line-height: 1.7;font-size: 15px;background-color: #ffffff;border-top: 1px solid #e0e0e0\">\n<p style=\"margin: 0;color: #333333\">The Optrel e3000X air supply system is designed as a cohesive ecosystem in which airflow is precisely directed. A perfectly aligned seal is key to making this design work as engineers intended. It prevents uncontrolled air leaks and turbulence that could cause unpleasant gusts toward the eyes. This ensures even distribution of clean air, providing a cooling effect to the forehead and preventing fogging of the visor. Investing in a new seal is a direct investment in thermal and visual comfort, allowing for full concentration and higher productivity.    <\/p>\n<\/div>\n<\/details>\n<details style=\"background-color: #ffffff;border: 1px solid #e0e0e0;border-radius: 4px;margin-bottom: 10px;overflow: hidden\">\n<summary style=\"display: block;padding: 15px 20px;font-weight: bold;font-size: 16px;color: #333333;background-color: #f9f9f9;cursor: pointer;position: relative\"><span style=\"color: #b8ff00;margin-right: 10px;font-size: 20px\">\u2699\ufe0f?<\/span>Hygiene and Long-Term Operation of Equipment<\/summary>\n<div style=\"padding: 20px;line-height: 1.7;font-size: 15px;background-color: #ffffff;border-top: 1px solid #e0e0e0\">\n<p style=\"margin: 0;color: #333333\">The facial seal, as a component in direct contact with the skin, is naturally prone to sweat absorption and dirt accumulation. Regular replacement of this wear part is absolutely key to maintaining high standards of personal hygiene and avoiding skin problems. The use of a new, clean seal significantly improves the comfort of the visor&#8217;s daily use. This is a simple and economical way to refresh and extend the life of the entire, much more expensive personal protection system.   <\/p>\n<\/div>\n<\/details>\n<h3 style=\"font-size: 20px;color: #333333;border-bottom: 3px solid #b8ff00;padding-bottom: 8px;margin: 30px 0 20px 0\">What Do You Receive in the Kit?<\/h3>\n<div style=\"padding-left: 0\">\n<p style=\"margin: 8px 0;font-size: 16px;display: flex;align-items: flex-start;color: #333333\"><span style=\"color: #b8ff00;margin-right: 12px;font-weight: bold;font-size: 20px;line-height: 1.5\">\u2192Optrel original<\/span>face seal for the e3000X system (cat. no. 4160.100)<\/p>\n<\/div>\n<h3 style=\"font-size: 20px;color: #333333;border-bottom: 3px solid #b8ff00;padding-bottom: 8px;margin: 30px 0 20px 0\">Main Applications<\/h3>\n<div style=\"padding-left: 0\">\n<p style=\"margin: 8px 0;font-size: 16px;display: flex;align-items: flex-start;color: #333333\"><span style=\"color: #b8ff00;margin-right: 12px;font-weight: bold;font-size: 20px;line-height: 1.5\">\u2192Service<\/span>and maintenance of PAPR Optrel e3000X systems<\/p>\n<p style=\"margin: 8px 0;font-size: 16px;display: flex;align-items: flex-start;color: #333333\"><span style=\"color: #b8ff00;margin-right: 12px;font-weight: bold;font-size: 20px;line-height: 1.5\">\u2192Restoring<\/span>the full protective performance and hygiene of windshield visors<\/p>\n<p style=\"margin: 8px 0;font-size: 16px;display: flex;align-items: flex-start;color: #333333\"><span style=\"color: #b8ff00;margin-right: 12px;font-weight: bold;font-size: 20px;line-height: 1.5\">\u2192Application<\/span>with Optrel visor models: liteflip, b630, p330<\/p>\n<\/div>\n<div style=\"background-color: #fafafa;border-left: 5px solid #b8ff00;padding: 20px;margin-bottom: 25px;border-radius: 4px\">\n<h3 style=\"font-size: 20px;color: #333333;margin: 0 0 10px 0;font-weight: 600\">About the Optrel brand<\/h3>\n<p style=\"margin: 0;font-size: 16px;line-height: 1.6;color: #333333\">Optrel is the Swiss leader of innovation in welding protection. For decades, the brand has been synonymous with uncompromising quality, revolutionary technologies and the highest levels of safety, enjoying the trust of professionals around the world. When you choose genuine Optrel replacement parts, you are investing in the confidence that your equipment performs to the highest standards that set the standard in the global market.  <\/p>\n<\/div>\n<\/div>\n","protected":false},"excerpt":{"rendered":"<p>Original Optrel face seal (4160.100) for PAPR e3000X systems. Compatible with liteflip, b630, p330 visors. Provides tightness, comfort and hygiene.  <\/p>\n","protected":false},"featured_media":40762,"template":"","meta":{"inline_featured_image":false},"product_brand":[1593],"product_cat":[475,474,520,522,521],"product_tag":[12465,12347,8869,12417,12445,10864,1460,12348,10847,10854],"class_list":{"0":"post-42177","1":"product","2":"type-product","3":"status-publish","4":"has-post-thumbnail","6":"product_brand-optrel","7":"product_cat-accessories-parts","8":"product_cat-new","9":"product_cat-optrel-en","10":"product_cat-parts","11":"product_cat-welding-visors-en","12":"product_tag-4160-100-en","13":"product_tag-b630-en","14":"product_tag-e3000x-en","15":"product_tag-face-seal-en","16":"product_tag-face-seal-en-2","17":"product_tag-liteflip-en","18":"product_tag-optrel-en","19":"product_tag-p330-en","20":"product_tag-papr-en","21":"product_tag-spare-part","23":"first","24":"onbackorder","25":"taxable","26":"shipping-taxable","27":"purchasable","28":"product-type-simple"},"yoast_head":"<!-- This site is optimized with the Yoast SEO Premium plugin v27.0 (Yoast SEO v27.3) - https:\/\/yoast.com\/product\/yoast-seo-premium-wordpress\/ -->\n<title>Optrel Face Seal for e3000X System (4160.100)<\/title>\n<meta name=\"description\" content=\"Original Optrel face seal (4160.100) for PAPR e3000X systems. Compatible with liteflip, b630, p330 visors. Provides tightness, comfort and hygiene.\" \/>\n<meta name=\"robots\" content=\"index, follow, max-snippet:-1, max-image-preview:large, max-video-preview:-1\" \/>\n<link rel=\"canonical\" href=\"https:\/\/spawlab.pl\/en\/produkt\/optrel-face-seal-for-e3000x-system-4160-100\/\" \/>\n<meta property=\"og:locale\" content=\"en_US\" \/>\n<meta property=\"og:type\" content=\"article\" \/>\n<meta property=\"og:title\" content=\"Optrel Face Seal for e3000X System (4160.100)\" \/>\n<meta property=\"og:description\" content=\"Lider sprzeda\u017cy, Oficjalny Dystrybutor Premium i Serwis na Polsk\u0119 Migatronic, Gys, Voestalpine Bohler Welding. Nowe i u\u017cywane Spawarki, Przecinarki Plazmowe, Kompresory. Mgr in\u017c. Jaros\u0142aw Ko\u0142aski, IWE\" \/>\n<meta property=\"og:url\" content=\"https:\/\/spawlab.pl\/en\/produkt\/optrel-face-seal-for-e3000x-system-4160-100\/\" \/>\n<meta property=\"og:site_name\" content=\"SpawLab - Welding equipment and plasma cutters - store and service\" \/>\n<meta property=\"article:publisher\" content=\"https:\/\/www.facebook.com\/Spawlab\/\" \/>\n<meta property=\"og:image\" content=\"https:\/\/spawlab.pl\/wp-content\/uploads\/2025\/07\/0000830_optrel-4160100-face-seal_880.webp\" \/>\n\t<meta property=\"og:image:width\" content=\"880\" \/>\n\t<meta property=\"og:image:height\" content=\"660\" \/>\n\t<meta property=\"og:image:type\" content=\"image\/webp\" \/>\n<meta name=\"twitter:label1\" content=\"Price\" \/>\n\t<meta name=\"twitter:data1\" content=\"516,21&nbsp;&#122;&#322; (419,68&nbsp;&#122;&#322; netto)\" \/>\n\t<meta name=\"twitter:label2\" content=\"Availability\" \/>\n\t<meta name=\"twitter:data2\" content=\"On backorder\" \/>\n<script type=\"application\/ld+json\" class=\"yoast-schema-graph\">{\"@context\":\"https:\\\/\\\/schema.org\",\"@graph\":[{\"@type\":[\"WebPage\",\"ItemPage\"],\"@id\":\"https:\\\/\\\/spawlab.pl\\\/en\\\/produkt\\\/optrel-face-seal-for-e3000x-system-4160-100\\\/\",\"url\":\"https:\\\/\\\/spawlab.pl\\\/en\\\/produkt\\\/optrel-face-seal-for-e3000x-system-4160-100\\\/\",\"name\":\"Optrel Face Seal for e3000X System (4160.100)\",\"isPartOf\":{\"@id\":\"https:\\\/\\\/spawlab.pl\\\/en\\\/#website\"},\"primaryImageOfPage\":{\"@id\":\"https:\\\/\\\/spawlab.pl\\\/en\\\/produkt\\\/optrel-face-seal-for-e3000x-system-4160-100\\\/#primaryimage\"},\"image\":{\"@id\":\"https:\\\/\\\/spawlab.pl\\\/en\\\/produkt\\\/optrel-face-seal-for-e3000x-system-4160-100\\\/#primaryimage\"},\"thumbnailUrl\":\"https:\\\/\\\/spawlab.pl\\\/wp-content\\\/uploads\\\/2025\\\/07\\\/0000830_optrel-4160100-face-seal_880.webp\",\"datePublished\":\"2025-07-06T10:54:33+00:00\",\"description\":\"Original Optrel face seal (4160.100) for PAPR e3000X systems. Compatible with liteflip, b630, p330 visors. Provides tightness, comfort and hygiene.\",\"breadcrumb\":{\"@id\":\"https:\\\/\\\/spawlab.pl\\\/en\\\/produkt\\\/optrel-face-seal-for-e3000x-system-4160-100\\\/#breadcrumb\"},\"inLanguage\":\"en-US\",\"potentialAction\":[{\"@type\":\"ReadAction\",\"target\":[\"https:\\\/\\\/spawlab.pl\\\/en\\\/produkt\\\/optrel-face-seal-for-e3000x-system-4160-100\\\/\"]}]},{\"@type\":\"ImageObject\",\"inLanguage\":\"en-US\",\"@id\":\"https:\\\/\\\/spawlab.pl\\\/en\\\/produkt\\\/optrel-face-seal-for-e3000x-system-4160-100\\\/#primaryimage\",\"url\":\"https:\\\/\\\/spawlab.pl\\\/wp-content\\\/uploads\\\/2025\\\/07\\\/0000830_optrel-4160100-face-seal_880.webp\",\"contentUrl\":\"https:\\\/\\\/spawlab.pl\\\/wp-content\\\/uploads\\\/2025\\\/07\\\/0000830_optrel-4160100-face-seal_880.webp\",\"width\":880,\"height\":660},{\"@type\":\"BreadcrumbList\",\"@id\":\"https:\\\/\\\/spawlab.pl\\\/en\\\/produkt\\\/optrel-face-seal-for-e3000x-system-4160-100\\\/#breadcrumb\",\"itemListElement\":[{\"@type\":\"ListItem\",\"position\":1,\"name\":\"Strona g\u0142\u00f3wna\",\"item\":\"https:\\\/\\\/spawlab.pl\\\/en\\\/\"},{\"@type\":\"ListItem\",\"position\":2,\"name\":\"Store\",\"item\":\"https:\\\/\\\/spawlab.pl\\\/en\\\/shop\\\/\"},{\"@type\":\"ListItem\",\"position\":3,\"name\":\"Optrel Face Seal for e3000X System (4160.100)\"}]},{\"@type\":\"WebSite\",\"@id\":\"https:\\\/\\\/spawlab.pl\\\/en\\\/#website\",\"url\":\"https:\\\/\\\/spawlab.pl\\\/en\\\/\",\"name\":\"Spawlab.pl Lider - Spawarki, Przecinarki Plazmowe, Kompresory\",\"description\":\"Urz\u0105dzenia spawalnicze i Przecinarki plazmowe\\\/ nowe i u\u017cywane \\\/ Profesjonalny serwis\",\"publisher\":{\"@id\":\"https:\\\/\\\/spawlab.pl\\\/en\\\/#organization\"},\"alternateName\":\"Spawlab.pl - Dystrybutor Premium i Serwis na Polske Migatronic, Gys, Voestalpine Bohler Welding\",\"potentialAction\":[{\"@type\":\"SearchAction\",\"target\":{\"@type\":\"EntryPoint\",\"urlTemplate\":\"https:\\\/\\\/spawlab.pl\\\/en\\\/?s={search_term_string}\"},\"query-input\":{\"@type\":\"PropertyValueSpecification\",\"valueRequired\":true,\"valueName\":\"search_term_string\"}}],\"inLanguage\":\"en-US\"},{\"@type\":[\"Organization\",\"Place\"],\"@id\":\"https:\\\/\\\/spawlab.pl\\\/en\\\/#organization\",\"name\":\"Spawlab.pl\",\"url\":\"https:\\\/\\\/spawlab.pl\\\/en\\\/\",\"logo\":{\"@id\":\"https:\\\/\\\/spawlab.pl\\\/en\\\/produkt\\\/optrel-face-seal-for-e3000x-system-4160-100\\\/#local-main-organization-logo\"},\"image\":{\"@id\":\"https:\\\/\\\/spawlab.pl\\\/en\\\/produkt\\\/optrel-face-seal-for-e3000x-system-4160-100\\\/#local-main-organization-logo\"},\"sameAs\":[\"https:\\\/\\\/www.facebook.com\\\/Spawlab\\\/\",\"https:\\\/\\\/www.linkedin.com\\\/company\\\/spawlab\",\"https:\\\/\\\/www.instagram.com\\\/spawlab.pl\",\"https:\\\/\\\/www.tiktok.com\\\/@spawlab\"],\"description\":\"Lider sprzeda\u017cy, Oficjalny Dystrybutor Premium i Serwis na Polsk\u0119 Migatronic, Gys, Voestalpine Bohler Welding. Nowe i u\u017cywane Spawarki, Przecinarki Plazmowe, Kompresory. Mgr in\u017c. Jaros\u0142aw Ko\u0142aski, IWE\",\"hasMerchantReturnPolicy\":{\"@type\":\"MerchantReturnPolicy\",\"merchantReturnLink\":\"https:\\\/\\\/spawlab.pl\\\/polityka-prywatnosci-2\\\/\"},\"telephone\":[],\"openingHoursSpecification\":[{\"@type\":\"OpeningHoursSpecification\",\"dayOfWeek\":[\"Monday\",\"Tuesday\",\"Wednesday\",\"Thursday\",\"Friday\",\"Saturday\",\"Sunday\"],\"opens\":\"09:00\",\"closes\":\"17:00\"}]},{\"@type\":\"ImageObject\",\"inLanguage\":\"en-US\",\"@id\":\"https:\\\/\\\/spawlab.pl\\\/en\\\/produkt\\\/optrel-face-seal-for-e3000x-system-4160-100\\\/#local-main-organization-logo\",\"url\":\"https:\\\/\\\/spawlab.pl\\\/wp-content\\\/uploads\\\/2022\\\/01\\\/olx.jpg\",\"contentUrl\":\"https:\\\/\\\/spawlab.pl\\\/wp-content\\\/uploads\\\/2022\\\/01\\\/olx.jpg\",\"width\":200,\"height\":200,\"caption\":\"Spawlab.pl\"}]}<\/script>\n<meta property=\"product:brand\" content=\"Optrel\" \/>\n<meta property=\"product:price:amount\" content=\"516.21\" \/>\n<meta property=\"product:price:currency\" content=\"PLN\" \/>\n<meta property=\"og:availability\" content=\"backorder\" \/>\n<meta property=\"product:availability\" content=\"available for order\" \/>\n<meta property=\"product:retailer_item_id\" content=\"4160.100\" \/>\n<meta property=\"product:condition\" content=\"new\" \/>\n<!-- \/ Yoast SEO Premium plugin. -->","yoast_head_json":{"title":"Optrel Face Seal for e3000X System (4160.100)","description":"Original Optrel face seal (4160.100) for PAPR e3000X systems. Compatible with liteflip, b630, p330 visors. Provides tightness, comfort and hygiene.","robots":{"index":"index","follow":"follow","max-snippet":"max-snippet:-1","max-image-preview":"max-image-preview:large","max-video-preview":"max-video-preview:-1"},"canonical":"https:\/\/spawlab.pl\/en\/produkt\/optrel-face-seal-for-e3000x-system-4160-100\/","og_locale":"en_US","og_type":"article","og_title":"Optrel Face Seal for e3000X System (4160.100)","og_description":"Lider sprzeda\u017cy, Oficjalny Dystrybutor Premium i Serwis na Polsk\u0119 Migatronic, Gys, Voestalpine Bohler Welding. Nowe i u\u017cywane Spawarki, Przecinarki Plazmowe, Kompresory. Mgr in\u017c. Jaros\u0142aw Ko\u0142aski, IWE","og_url":"https:\/\/spawlab.pl\/en\/produkt\/optrel-face-seal-for-e3000x-system-4160-100\/","og_site_name":"SpawLab - Welding equipment and plasma cutters - store and service","article_publisher":"https:\/\/www.facebook.com\/Spawlab\/","og_image":[{"width":880,"height":660,"url":"https:\/\/spawlab.pl\/wp-content\/uploads\/2025\/07\/0000830_optrel-4160100-face-seal_880.webp","type":"image\/webp"}],"twitter_misc":{"Price":"516,21&nbsp;&#122;&#322; (419,68&nbsp;&#122;&#322; netto)","Availability":"On backorder"},"schema":{"@context":"https:\/\/schema.org","@graph":[{"@type":["WebPage","ItemPage"],"@id":"https:\/\/spawlab.pl\/en\/produkt\/optrel-face-seal-for-e3000x-system-4160-100\/","url":"https:\/\/spawlab.pl\/en\/produkt\/optrel-face-seal-for-e3000x-system-4160-100\/","name":"Optrel Face Seal for e3000X System (4160.100)","isPartOf":{"@id":"https:\/\/spawlab.pl\/en\/#website"},"primaryImageOfPage":{"@id":"https:\/\/spawlab.pl\/en\/produkt\/optrel-face-seal-for-e3000x-system-4160-100\/#primaryimage"},"image":{"@id":"https:\/\/spawlab.pl\/en\/produkt\/optrel-face-seal-for-e3000x-system-4160-100\/#primaryimage"},"thumbnailUrl":"https:\/\/spawlab.pl\/wp-content\/uploads\/2025\/07\/0000830_optrel-4160100-face-seal_880.webp","datePublished":"2025-07-06T10:54:33+00:00","description":"Original Optrel face seal (4160.100) for PAPR e3000X systems. Compatible with liteflip, b630, p330 visors. Provides tightness, comfort and hygiene.","breadcrumb":{"@id":"https:\/\/spawlab.pl\/en\/produkt\/optrel-face-seal-for-e3000x-system-4160-100\/#breadcrumb"},"inLanguage":"en-US","potentialAction":[{"@type":"ReadAction","target":["https:\/\/spawlab.pl\/en\/produkt\/optrel-face-seal-for-e3000x-system-4160-100\/"]}]},{"@type":"ImageObject","inLanguage":"en-US","@id":"https:\/\/spawlab.pl\/en\/produkt\/optrel-face-seal-for-e3000x-system-4160-100\/#primaryimage","url":"https:\/\/spawlab.pl\/wp-content\/uploads\/2025\/07\/0000830_optrel-4160100-face-seal_880.webp","contentUrl":"https:\/\/spawlab.pl\/wp-content\/uploads\/2025\/07\/0000830_optrel-4160100-face-seal_880.webp","width":880,"height":660},{"@type":"BreadcrumbList","@id":"https:\/\/spawlab.pl\/en\/produkt\/optrel-face-seal-for-e3000x-system-4160-100\/#breadcrumb","itemListElement":[{"@type":"ListItem","position":1,"name":"Strona g\u0142\u00f3wna","item":"https:\/\/spawlab.pl\/en\/"},{"@type":"ListItem","position":2,"name":"Store","item":"https:\/\/spawlab.pl\/en\/shop\/"},{"@type":"ListItem","position":3,"name":"Optrel Face Seal for e3000X System (4160.100)"}]},{"@type":"WebSite","@id":"https:\/\/spawlab.pl\/en\/#website","url":"https:\/\/spawlab.pl\/en\/","name":"Spawlab.pl Lider - Spawarki, Przecinarki Plazmowe, Kompresory","description":"Urz\u0105dzenia spawalnicze i Przecinarki plazmowe\/ nowe i u\u017cywane \/ Profesjonalny serwis","publisher":{"@id":"https:\/\/spawlab.pl\/en\/#organization"},"alternateName":"Spawlab.pl - Dystrybutor Premium i Serwis na Polske Migatronic, Gys, Voestalpine Bohler Welding","potentialAction":[{"@type":"SearchAction","target":{"@type":"EntryPoint","urlTemplate":"https:\/\/spawlab.pl\/en\/?s={search_term_string}"},"query-input":{"@type":"PropertyValueSpecification","valueRequired":true,"valueName":"search_term_string"}}],"inLanguage":"en-US"},{"@type":["Organization","Place"],"@id":"https:\/\/spawlab.pl\/en\/#organization","name":"Spawlab.pl","url":"https:\/\/spawlab.pl\/en\/","logo":{"@id":"https:\/\/spawlab.pl\/en\/produkt\/optrel-face-seal-for-e3000x-system-4160-100\/#local-main-organization-logo"},"image":{"@id":"https:\/\/spawlab.pl\/en\/produkt\/optrel-face-seal-for-e3000x-system-4160-100\/#local-main-organization-logo"},"sameAs":["https:\/\/www.facebook.com\/Spawlab\/","https:\/\/www.linkedin.com\/company\/spawlab","https:\/\/www.instagram.com\/spawlab.pl","https:\/\/www.tiktok.com\/@spawlab"],"description":"Lider sprzeda\u017cy, Oficjalny Dystrybutor Premium i Serwis na Polsk\u0119 Migatronic, Gys, Voestalpine Bohler Welding. Nowe i u\u017cywane Spawarki, Przecinarki Plazmowe, Kompresory. Mgr in\u017c. Jaros\u0142aw Ko\u0142aski, IWE","hasMerchantReturnPolicy":{"@type":"MerchantReturnPolicy","merchantReturnLink":"https:\/\/spawlab.pl\/polityka-prywatnosci-2\/"},"telephone":[],"openingHoursSpecification":[{"@type":"OpeningHoursSpecification","dayOfWeek":["Monday","Tuesday","Wednesday","Thursday","Friday","Saturday","Sunday"],"opens":"09:00","closes":"17:00"}]},{"@type":"ImageObject","inLanguage":"en-US","@id":"https:\/\/spawlab.pl\/en\/produkt\/optrel-face-seal-for-e3000x-system-4160-100\/#local-main-organization-logo","url":"https:\/\/spawlab.pl\/wp-content\/uploads\/2022\/01\/olx.jpg","contentUrl":"https:\/\/spawlab.pl\/wp-content\/uploads\/2022\/01\/olx.jpg","width":200,"height":200,"caption":"Spawlab.pl"}]},"product_brand":"Optrel","product_price_amount":"516.21","product_price_currency":"PLN","og_availability":"backorder","product_availability":"available for order","product_retailer_item_id":"4160.100","product_condition":"new"},"_links":{"self":[{"href":"https:\/\/spawlab.pl\/en\/wp-json\/wp\/v2\/product\/42177","targetHints":{"allow":["GET"]}}],"collection":[{"href":"https:\/\/spawlab.pl\/en\/wp-json\/wp\/v2\/product"}],"about":[{"href":"https:\/\/spawlab.pl\/en\/wp-json\/wp\/v2\/types\/product"}],"wp:featuredmedia":[{"embeddable":true,"href":"https:\/\/spawlab.pl\/en\/wp-json\/wp\/v2\/media\/40762"}],"wp:attachment":[{"href":"https:\/\/spawlab.pl\/en\/wp-json\/wp\/v2\/media?parent=42177"}],"wp:term":[{"taxonomy":"product_brand","embeddable":true,"href":"https:\/\/spawlab.pl\/en\/wp-json\/wp\/v2\/product_brand?post=42177"},{"taxonomy":"product_cat","embeddable":true,"href":"https:\/\/spawlab.pl\/en\/wp-json\/wp\/v2\/product_cat?post=42177"},{"taxonomy":"product_tag","embeddable":true,"href":"https:\/\/spawlab.pl\/en\/wp-json\/wp\/v2\/product_tag?post=42177"}],"curies":[{"name":"wp","href":"https:\/\/api.w.org\/{rel}","templated":true}]}}