{"id":42276,"date":"2025-07-09T23:29:49","date_gmt":"2025-07-09T21:29:49","guid":{"rendered":"https:\/\/spawlab.pl\/produkt\/bohler-welding-feeder-upgrade-kit-2-driven-rollers-07-01-509\/"},"modified":"2025-07-09T23:29:49","modified_gmt":"2025-07-09T21:29:49","slug":"bohler-welding-feeder-upgrade-kit-2-driven-rollers-07-01-509","status":"publish","type":"product","link":"https:\/\/spawlab.pl\/en\/produkt\/bohler-welding-feeder-upgrade-kit-2-driven-rollers-07-01-509\/","title":{"rendered":"B\u00f6hler Welding Feeder upgrade kit: 2 driven rollers &#8211; 07.01.509"},"content":{"rendered":"<div class=\"custom-product-section distributor-info spawlab-info\">\n<p><strong>SpawLab &#8211; your Authorized Voestalpine B\u00f6hler Welding Partner in Poland!<\/strong><\/p>\n<p>We are <strong>an official distributor of<\/strong> Voestalpine B\u00f6hler Welding equipment and <strong>an Authorized Service Center in Poland<\/strong>. Our team has undergone <strong>rigorous technical training directly in Italy<\/strong> at the manufacturer&#8217;s centers. <\/p>\n<p>When you choose SpawLab, you are assured of original products, access to B\u00f6hler Welding solutions, professional advice and service support.<\/p>\n<\/div>\n<div class=\"custom-product-section product-intro\">\n<h2 class=\"product-section-title main-product-title\">B\u00f6hler Welding Feeder upgrade kit: 2 driven rollers &#8211; 07.01.509<\/h2>\n<div class=\"description-content product-marketing-description\">\n<p>B\u00f6hler Welding&#8217;s original upgrade kit (cat. no. 07.01.509) designed to improve the wire feed system on selected welding equipment. The conversion from a two-roller system with one driven roller to a system with two driven rollers guarantees a significant increase in wire feeding precision and reliability. This solution directly translates into a more stable welding arc, higher weld quality and a reduction in feeding problems, especially when working with soft (e.g., aluminum) or core wires and using longer welding guns.  <\/p>\n<p>The kit is dedicated to professionals seeking to maximize welding productivity and quality, harnessing the potential of their B\u00f6hler Welding equipment. It provides smoother and more consistent delivery of filler material, which is crucial in demanding industrial applications and precision welding jobs. <\/p>\n<\/div>\n<\/div>\n<div class=\"custom-product-section product-specs\">\n<h3 class=\"custom-product-heading specs-heading\">Technical Specifications<\/h3>\n<table class=\"specs-table\">\n<thead>\n<tr>\n<th>Parameter<\/th>\n<th>Value<\/th>\n<\/tr>\n<\/thead>\n<tbody>\n<tr>\n<td>? Catalogue number<\/td>\n<td>07.01.509<\/td>\n<\/tr>\n<tr>\n<td>? Product type<\/td>\n<td>Wire feeder upgrade kit<\/td>\n<\/tr>\n<tr>\n<td>? Purpose<\/td>\n<td>Modernization of 2-roller feeders (with 1 driven roller)<\/td>\n<\/tr>\n<tr>\n<td>? Upgraded configuration<\/td>\n<td>2-roller system with 2 driven rollers<\/td>\n<\/tr>\n<tr>\n<td>? Manufacturer<\/td>\n<td>Voestalpine B\u00f6hler Welding<\/td>\n<\/tr>\n<\/tbody>\n<\/table>\n<\/div>\n<div class=\"custom-product-section product-set-contents\">\n<h3 class=\"custom-product-heading set-contents-heading\">Kit Contents \/ Packaging<\/h3>\n<p>The product (UPGRADE KIT FROM 2 ROLLS (1 ROLL DRIVE) TO 2 ROLLS DRIVE, Cat. No. 07.01.509) is supplied as a single piece, according to the standard of manufacturer Voestalpine B\u00f6hler Welding. The kit contains the necessary components to perform the wire feed system conversion. Additional accessories, if required, are usually available separately.   <\/p>\n<\/div>\n<div class=\"custom-product-section product-features\">\n<h3 class=\"custom-product-heading features-heading\">Key Features and Benefits<\/h3>\n<ul class=\"custom-product-list features-list\">\n<li>\u2699\ufe0f <strong>Dual Roller Drive:<\/strong> Provides excellent grip and consistent wire pushing force, eliminating wire slippage and jamming. Benefit: Reliable feeding even for aluminum, stainless steel, core and small diameter wires, increasing the versatility of the machine. <\/li>\n<li>? <strong>Increased process stability:<\/strong> Uniform wire feeding translates into a more stable welding arc. Benefit: Higher weld quality, less spatter and reduced need for post-weld machining, saving time and materials. <\/li>\n<li>?\ufe0f <strong>Optimized for demanding applications:<\/strong> Enables efficient operation with longer wire packages and welding fixtures. Benefit: Greater working range and flexibility without compromising wire feed quality. <\/li>\n<li>?\ufe0f <strong>Original B\u00f6hler Welding quality:<\/strong> Guaranteeing perfectly matched components and maintaining the highest standards of equipment performance. Benefit: Long-term reliability and confidence in your investment in equipment from a reputable &#8216;Made in Europe&#8217; manufacturer. <\/li>\n<\/ul>\n<\/div>\n<div class=\"custom-product-section product-application\">\n<h3 class=\"custom-product-heading application-heading\">Product Application<\/h3>\n<ul class=\"custom-product-list application-list\">\n<li>? Upgrading compatible MIG\/MAG welding equipment from B\u00f6hler Welding equipped with a 2-roller feeding system (1 driven roller).<\/li>\n<li>? Improve the reliability and precision of wire feeding in professional workshops and industrial applications.<\/li>\n<li>? Welding of critical materials such as aluminum, aluminum alloys, stainless steel, where stable feeding is critical to the quality of the joint.<\/li>\n<li>? Welding work that requires the use of core wires or small diameter wires.<\/li>\n<li>?\ufe0f Applications using long welding fixtures where a standard single roll drive may not be sufficient.<\/li>\n<\/ul>\n<\/div>\n<div class=\"custom-product-section product-summary conclusion\">\n<h3 class=\"custom-product-heading summary-heading\">Summary: UPGRADE KIT FROM 2 ROLLS (1 ROLL DRIVE) TO 2 ROLLS DRIVE &#8211; Your Investment in Quality B\u00f6hler Welding<\/h3>\n<div class=\"summary-content\">\n<p>? Invest in the B\u00f6hler Welding Feeder Upgrade Kit (07.01.509) to improve the precision and reliability of your welding machine. Upgrading to a system with two driven rollers guarantees a more stable arc and higher weld quality, especially in demanding materials and applications. It&#8217;s a smart upgrade for professionals who value top performance. To learn more about the full capabilities of the B\u00f6hler Welding UPGRADE KIT FROM 2 ROLLS (1 ROLL DRIVE) TO 2 ROLLS DRIVE and get the best deal, contact the experts at SpawLab &#8211; the official distributor and authorized service provider of Voestalpine B\u00f6hler Welding in Poland. Our team, trained in Italy, is at your service.    <\/p>\n<\/div>\n<\/div>\n<div class=\"custom-product-section product-codes-info\">\n<p><strong>Part number (Art. No.):<\/strong> 07.01.509<\/p>\n<\/div>\n","protected":false},"excerpt":{"rendered":"<p>B\u00f6hler Welding Feeder upgrade kit: 2 driven rollers (07.01.509) &#8211; increase welding precision and stability. Professional solutions from B\u00f6hler Welding. <\/p>\n","protected":false},"featured_media":38560,"template":"","meta":{"inline_featured_image":false},"product_brand":[772],"product_cat":[11536,5686],"product_tag":[12658,4432,12175,10959,5290,12165,6448],"class_list":{"0":"post-42276","1":"product","2":"type-product","3":"status-publish","4":"has-post-thumbnail","6":"product_brand-bohler","7":"product_cat-bohler-en-2","8":"product_cat-brand-zone","9":"product_tag-2-powered-rollers","10":"product_tag-bohler-welding-en-2","11":"product_tag-parts-for-welding-machines","12":"product_tag-upgrade-kit-en","13":"product_tag-welding-accessories-en","14":"product_tag-welding-machine-upgrade","15":"product_tag-wire-feeder-en","17":"first","18":"onbackorder","19":"taxable","20":"shipping-taxable","21":"purchasable","22":"product-type-simple"},"yoast_head":"<!-- This site is optimized with the Yoast SEO Premium plugin v27.0 (Yoast SEO v27.3) - https:\/\/yoast.com\/product\/yoast-seo-premium-wordpress\/ -->\n<title>B\u00f6hler Welding Feeder upgrade kit: 2 driven rollers - 07.01.509<\/title>\n<meta name=\"description\" content=\"B\u00f6hler Welding Feeder upgrade kit: 2 driven rollers (07.01.509) - increase welding precision and stability. Professional solutions from B\u00f6hler Welding. Check it out at SpawLab!\" \/>\n<meta name=\"robots\" content=\"index, follow, max-snippet:-1, max-image-preview:large, max-video-preview:-1\" \/>\n<link rel=\"canonical\" href=\"https:\/\/spawlab.pl\/en\/produkt\/bohler-welding-feeder-upgrade-kit-2-driven-rollers-07-01-509\/\" \/>\n<meta property=\"og:locale\" content=\"en_US\" \/>\n<meta property=\"og:type\" content=\"article\" \/>\n<meta property=\"og:title\" content=\"B\u00f6hler Welding Feeder upgrade kit: 2 driven rollers - 07.01.509\" \/>\n<meta property=\"og:description\" content=\"Lider sprzeda\u017cy, Oficjalny Dystrybutor Premium i Serwis na Polsk\u0119 Migatronic, Gys, Voestalpine Bohler Welding. Nowe i u\u017cywane Spawarki, Przecinarki Plazmowe, Kompresory. Mgr in\u017c. Jaros\u0142aw Ko\u0142aski, IWE\" \/>\n<meta property=\"og:url\" content=\"https:\/\/spawlab.pl\/en\/produkt\/bohler-welding-feeder-upgrade-kit-2-driven-rollers-07-01-509\/\" \/>\n<meta property=\"og:site_name\" content=\"SpawLab - Welding equipment and plasma cutters - store and service\" \/>\n<meta property=\"article:publisher\" content=\"https:\/\/www.facebook.com\/Spawlab\/\" \/>\n<meta property=\"og:image\" content=\"https:\/\/spawlab.pl\/wp-content\/uploads\/2025\/06\/Frame-1-scaled.png\" \/>\n\t<meta property=\"og:image:width\" content=\"2560\" \/>\n\t<meta property=\"og:image:height\" content=\"2197\" \/>\n\t<meta property=\"og:image:type\" content=\"image\/png\" \/>\n<meta name=\"twitter:label1\" content=\"Price\" \/>\n\t<meta name=\"twitter:data1\" content=\"423,12&nbsp;&#122;&#322; (344,00&nbsp;&#122;&#322; netto)\" \/>\n\t<meta name=\"twitter:label2\" content=\"Availability\" \/>\n\t<meta name=\"twitter:data2\" content=\"On backorder\" \/>\n<script type=\"application\/ld+json\" class=\"yoast-schema-graph\">{\"@context\":\"https:\\\/\\\/schema.org\",\"@graph\":[{\"@type\":[\"WebPage\",\"ItemPage\"],\"@id\":\"https:\\\/\\\/spawlab.pl\\\/en\\\/produkt\\\/bohler-welding-feeder-upgrade-kit-2-driven-rollers-07-01-509\\\/\",\"url\":\"https:\\\/\\\/spawlab.pl\\\/en\\\/produkt\\\/bohler-welding-feeder-upgrade-kit-2-driven-rollers-07-01-509\\\/\",\"name\":\"B\u00f6hler Welding Feeder upgrade kit: 2 driven rollers - 07.01.509\",\"isPartOf\":{\"@id\":\"https:\\\/\\\/spawlab.pl\\\/en\\\/#website\"},\"primaryImageOfPage\":{\"@id\":\"https:\\\/\\\/spawlab.pl\\\/en\\\/produkt\\\/bohler-welding-feeder-upgrade-kit-2-driven-rollers-07-01-509\\\/#primaryimage\"},\"image\":{\"@id\":\"https:\\\/\\\/spawlab.pl\\\/en\\\/produkt\\\/bohler-welding-feeder-upgrade-kit-2-driven-rollers-07-01-509\\\/#primaryimage\"},\"thumbnailUrl\":\"https:\\\/\\\/spawlab.pl\\\/wp-content\\\/uploads\\\/2025\\\/06\\\/Frame-1-scaled.png\",\"datePublished\":\"2025-07-09T21:29:49+00:00\",\"description\":\"B\u00f6hler Welding Feeder upgrade kit: 2 driven rollers (07.01.509) - increase welding precision and stability. Professional solutions from B\u00f6hler Welding. Check it out at SpawLab!\",\"breadcrumb\":{\"@id\":\"https:\\\/\\\/spawlab.pl\\\/en\\\/produkt\\\/bohler-welding-feeder-upgrade-kit-2-driven-rollers-07-01-509\\\/#breadcrumb\"},\"inLanguage\":\"en-US\",\"potentialAction\":[{\"@type\":\"ReadAction\",\"target\":[\"https:\\\/\\\/spawlab.pl\\\/en\\\/produkt\\\/bohler-welding-feeder-upgrade-kit-2-driven-rollers-07-01-509\\\/\"]}]},{\"@type\":\"ImageObject\",\"inLanguage\":\"en-US\",\"@id\":\"https:\\\/\\\/spawlab.pl\\\/en\\\/produkt\\\/bohler-welding-feeder-upgrade-kit-2-driven-rollers-07-01-509\\\/#primaryimage\",\"url\":\"https:\\\/\\\/spawlab.pl\\\/wp-content\\\/uploads\\\/2025\\\/06\\\/Frame-1-scaled.png\",\"contentUrl\":\"https:\\\/\\\/spawlab.pl\\\/wp-content\\\/uploads\\\/2025\\\/06\\\/Frame-1-scaled.png\",\"width\":2560,\"height\":2197},{\"@type\":\"BreadcrumbList\",\"@id\":\"https:\\\/\\\/spawlab.pl\\\/en\\\/produkt\\\/bohler-welding-feeder-upgrade-kit-2-driven-rollers-07-01-509\\\/#breadcrumb\",\"itemListElement\":[{\"@type\":\"ListItem\",\"position\":1,\"name\":\"Strona g\u0142\u00f3wna\",\"item\":\"https:\\\/\\\/spawlab.pl\\\/en\\\/\"},{\"@type\":\"ListItem\",\"position\":2,\"name\":\"Store\",\"item\":\"https:\\\/\\\/spawlab.pl\\\/en\\\/shop\\\/\"},{\"@type\":\"ListItem\",\"position\":3,\"name\":\"B\u00f6hler Welding Feeder upgrade kit: 2 driven rollers &#8211; 07.01.509\"}]},{\"@type\":\"WebSite\",\"@id\":\"https:\\\/\\\/spawlab.pl\\\/en\\\/#website\",\"url\":\"https:\\\/\\\/spawlab.pl\\\/en\\\/\",\"name\":\"Spawlab.pl Lider - Spawarki, Przecinarki Plazmowe, Kompresory\",\"description\":\"Urz\u0105dzenia spawalnicze i Przecinarki plazmowe\\\/ nowe i u\u017cywane \\\/ Profesjonalny serwis\",\"publisher\":{\"@id\":\"https:\\\/\\\/spawlab.pl\\\/en\\\/#organization\"},\"alternateName\":\"Spawlab.pl - Dystrybutor Premium i Serwis na Polske Migatronic, Gys, Voestalpine Bohler Welding\",\"potentialAction\":[{\"@type\":\"SearchAction\",\"target\":{\"@type\":\"EntryPoint\",\"urlTemplate\":\"https:\\\/\\\/spawlab.pl\\\/en\\\/?s={search_term_string}\"},\"query-input\":{\"@type\":\"PropertyValueSpecification\",\"valueRequired\":true,\"valueName\":\"search_term_string\"}}],\"inLanguage\":\"en-US\"},{\"@type\":[\"Organization\",\"Place\"],\"@id\":\"https:\\\/\\\/spawlab.pl\\\/en\\\/#organization\",\"name\":\"Spawlab.pl\",\"url\":\"https:\\\/\\\/spawlab.pl\\\/en\\\/\",\"logo\":{\"@id\":\"https:\\\/\\\/spawlab.pl\\\/en\\\/produkt\\\/bohler-welding-feeder-upgrade-kit-2-driven-rollers-07-01-509\\\/#local-main-organization-logo\"},\"image\":{\"@id\":\"https:\\\/\\\/spawlab.pl\\\/en\\\/produkt\\\/bohler-welding-feeder-upgrade-kit-2-driven-rollers-07-01-509\\\/#local-main-organization-logo\"},\"sameAs\":[\"https:\\\/\\\/www.facebook.com\\\/Spawlab\\\/\",\"https:\\\/\\\/www.linkedin.com\\\/company\\\/spawlab\",\"https:\\\/\\\/www.instagram.com\\\/spawlab.pl\",\"https:\\\/\\\/www.tiktok.com\\\/@spawlab\"],\"description\":\"Lider sprzeda\u017cy, Oficjalny Dystrybutor Premium i Serwis na Polsk\u0119 Migatronic, Gys, Voestalpine Bohler Welding. Nowe i u\u017cywane Spawarki, Przecinarki Plazmowe, Kompresory. Mgr in\u017c. Jaros\u0142aw Ko\u0142aski, IWE\",\"hasMerchantReturnPolicy\":{\"@type\":\"MerchantReturnPolicy\",\"merchantReturnLink\":\"https:\\\/\\\/spawlab.pl\\\/polityka-prywatnosci-2\\\/\"},\"telephone\":[],\"openingHoursSpecification\":[{\"@type\":\"OpeningHoursSpecification\",\"dayOfWeek\":[\"Monday\",\"Tuesday\",\"Wednesday\",\"Thursday\",\"Friday\",\"Saturday\",\"Sunday\"],\"opens\":\"09:00\",\"closes\":\"17:00\"}]},{\"@type\":\"ImageObject\",\"inLanguage\":\"en-US\",\"@id\":\"https:\\\/\\\/spawlab.pl\\\/en\\\/produkt\\\/bohler-welding-feeder-upgrade-kit-2-driven-rollers-07-01-509\\\/#local-main-organization-logo\",\"url\":\"https:\\\/\\\/spawlab.pl\\\/wp-content\\\/uploads\\\/2022\\\/01\\\/olx.jpg\",\"contentUrl\":\"https:\\\/\\\/spawlab.pl\\\/wp-content\\\/uploads\\\/2022\\\/01\\\/olx.jpg\",\"width\":200,\"height\":200,\"caption\":\"Spawlab.pl\"}]}<\/script>\n<meta property=\"product:brand\" content=\"B\u00f6hler\" \/>\n<meta property=\"product:price:amount\" content=\"423.12\" \/>\n<meta property=\"product:price:currency\" content=\"PLN\" \/>\n<meta property=\"og:availability\" content=\"backorder\" \/>\n<meta property=\"product:availability\" content=\"available for order\" \/>\n<meta property=\"product:retailer_item_id\" content=\"07.01.0509\" \/>\n<meta property=\"product:condition\" content=\"new\" \/>\n<!-- \/ Yoast SEO Premium plugin. -->","yoast_head_json":{"title":"B\u00f6hler Welding Feeder upgrade kit: 2 driven rollers - 07.01.509","description":"B\u00f6hler Welding Feeder upgrade kit: 2 driven rollers (07.01.509) - increase welding precision and stability. Professional solutions from B\u00f6hler Welding. Check it out at SpawLab!","robots":{"index":"index","follow":"follow","max-snippet":"max-snippet:-1","max-image-preview":"max-image-preview:large","max-video-preview":"max-video-preview:-1"},"canonical":"https:\/\/spawlab.pl\/en\/produkt\/bohler-welding-feeder-upgrade-kit-2-driven-rollers-07-01-509\/","og_locale":"en_US","og_type":"article","og_title":"B\u00f6hler Welding Feeder upgrade kit: 2 driven rollers - 07.01.509","og_description":"Lider sprzeda\u017cy, Oficjalny Dystrybutor Premium i Serwis na Polsk\u0119 Migatronic, Gys, Voestalpine Bohler Welding. Nowe i u\u017cywane Spawarki, Przecinarki Plazmowe, Kompresory. Mgr in\u017c. Jaros\u0142aw Ko\u0142aski, IWE","og_url":"https:\/\/spawlab.pl\/en\/produkt\/bohler-welding-feeder-upgrade-kit-2-driven-rollers-07-01-509\/","og_site_name":"SpawLab - Welding equipment and plasma cutters - store and service","article_publisher":"https:\/\/www.facebook.com\/Spawlab\/","og_image":[{"width":2560,"height":2197,"url":"https:\/\/spawlab.pl\/wp-content\/uploads\/2025\/06\/Frame-1-scaled.png","type":"image\/png"}],"twitter_misc":{"Price":"423,12&nbsp;&#122;&#322; (344,00&nbsp;&#122;&#322; netto)","Availability":"On backorder"},"schema":{"@context":"https:\/\/schema.org","@graph":[{"@type":["WebPage","ItemPage"],"@id":"https:\/\/spawlab.pl\/en\/produkt\/bohler-welding-feeder-upgrade-kit-2-driven-rollers-07-01-509\/","url":"https:\/\/spawlab.pl\/en\/produkt\/bohler-welding-feeder-upgrade-kit-2-driven-rollers-07-01-509\/","name":"B\u00f6hler Welding Feeder upgrade kit: 2 driven rollers - 07.01.509","isPartOf":{"@id":"https:\/\/spawlab.pl\/en\/#website"},"primaryImageOfPage":{"@id":"https:\/\/spawlab.pl\/en\/produkt\/bohler-welding-feeder-upgrade-kit-2-driven-rollers-07-01-509\/#primaryimage"},"image":{"@id":"https:\/\/spawlab.pl\/en\/produkt\/bohler-welding-feeder-upgrade-kit-2-driven-rollers-07-01-509\/#primaryimage"},"thumbnailUrl":"https:\/\/spawlab.pl\/wp-content\/uploads\/2025\/06\/Frame-1-scaled.png","datePublished":"2025-07-09T21:29:49+00:00","description":"B\u00f6hler Welding Feeder upgrade kit: 2 driven rollers (07.01.509) - increase welding precision and stability. Professional solutions from B\u00f6hler Welding. Check it out at SpawLab!","breadcrumb":{"@id":"https:\/\/spawlab.pl\/en\/produkt\/bohler-welding-feeder-upgrade-kit-2-driven-rollers-07-01-509\/#breadcrumb"},"inLanguage":"en-US","potentialAction":[{"@type":"ReadAction","target":["https:\/\/spawlab.pl\/en\/produkt\/bohler-welding-feeder-upgrade-kit-2-driven-rollers-07-01-509\/"]}]},{"@type":"ImageObject","inLanguage":"en-US","@id":"https:\/\/spawlab.pl\/en\/produkt\/bohler-welding-feeder-upgrade-kit-2-driven-rollers-07-01-509\/#primaryimage","url":"https:\/\/spawlab.pl\/wp-content\/uploads\/2025\/06\/Frame-1-scaled.png","contentUrl":"https:\/\/spawlab.pl\/wp-content\/uploads\/2025\/06\/Frame-1-scaled.png","width":2560,"height":2197},{"@type":"BreadcrumbList","@id":"https:\/\/spawlab.pl\/en\/produkt\/bohler-welding-feeder-upgrade-kit-2-driven-rollers-07-01-509\/#breadcrumb","itemListElement":[{"@type":"ListItem","position":1,"name":"Strona g\u0142\u00f3wna","item":"https:\/\/spawlab.pl\/en\/"},{"@type":"ListItem","position":2,"name":"Store","item":"https:\/\/spawlab.pl\/en\/shop\/"},{"@type":"ListItem","position":3,"name":"B\u00f6hler Welding Feeder upgrade kit: 2 driven rollers &#8211; 07.01.509"}]},{"@type":"WebSite","@id":"https:\/\/spawlab.pl\/en\/#website","url":"https:\/\/spawlab.pl\/en\/","name":"Spawlab.pl Lider - Spawarki, Przecinarki Plazmowe, Kompresory","description":"Urz\u0105dzenia spawalnicze i Przecinarki plazmowe\/ nowe i u\u017cywane \/ Profesjonalny serwis","publisher":{"@id":"https:\/\/spawlab.pl\/en\/#organization"},"alternateName":"Spawlab.pl - Dystrybutor Premium i Serwis na Polske Migatronic, Gys, Voestalpine Bohler Welding","potentialAction":[{"@type":"SearchAction","target":{"@type":"EntryPoint","urlTemplate":"https:\/\/spawlab.pl\/en\/?s={search_term_string}"},"query-input":{"@type":"PropertyValueSpecification","valueRequired":true,"valueName":"search_term_string"}}],"inLanguage":"en-US"},{"@type":["Organization","Place"],"@id":"https:\/\/spawlab.pl\/en\/#organization","name":"Spawlab.pl","url":"https:\/\/spawlab.pl\/en\/","logo":{"@id":"https:\/\/spawlab.pl\/en\/produkt\/bohler-welding-feeder-upgrade-kit-2-driven-rollers-07-01-509\/#local-main-organization-logo"},"image":{"@id":"https:\/\/spawlab.pl\/en\/produkt\/bohler-welding-feeder-upgrade-kit-2-driven-rollers-07-01-509\/#local-main-organization-logo"},"sameAs":["https:\/\/www.facebook.com\/Spawlab\/","https:\/\/www.linkedin.com\/company\/spawlab","https:\/\/www.instagram.com\/spawlab.pl","https:\/\/www.tiktok.com\/@spawlab"],"description":"Lider sprzeda\u017cy, Oficjalny Dystrybutor Premium i Serwis na Polsk\u0119 Migatronic, Gys, Voestalpine Bohler Welding. Nowe i u\u017cywane Spawarki, Przecinarki Plazmowe, Kompresory. Mgr in\u017c. Jaros\u0142aw Ko\u0142aski, IWE","hasMerchantReturnPolicy":{"@type":"MerchantReturnPolicy","merchantReturnLink":"https:\/\/spawlab.pl\/polityka-prywatnosci-2\/"},"telephone":[],"openingHoursSpecification":[{"@type":"OpeningHoursSpecification","dayOfWeek":["Monday","Tuesday","Wednesday","Thursday","Friday","Saturday","Sunday"],"opens":"09:00","closes":"17:00"}]},{"@type":"ImageObject","inLanguage":"en-US","@id":"https:\/\/spawlab.pl\/en\/produkt\/bohler-welding-feeder-upgrade-kit-2-driven-rollers-07-01-509\/#local-main-organization-logo","url":"https:\/\/spawlab.pl\/wp-content\/uploads\/2022\/01\/olx.jpg","contentUrl":"https:\/\/spawlab.pl\/wp-content\/uploads\/2022\/01\/olx.jpg","width":200,"height":200,"caption":"Spawlab.pl"}]},"product_brand":"B\u00f6hler","product_price_amount":"423.12","product_price_currency":"PLN","og_availability":"backorder","product_availability":"available for order","product_retailer_item_id":"07.01.0509","product_condition":"new"},"_links":{"self":[{"href":"https:\/\/spawlab.pl\/en\/wp-json\/wp\/v2\/product\/42276","targetHints":{"allow":["GET"]}}],"collection":[{"href":"https:\/\/spawlab.pl\/en\/wp-json\/wp\/v2\/product"}],"about":[{"href":"https:\/\/spawlab.pl\/en\/wp-json\/wp\/v2\/types\/product"}],"wp:featuredmedia":[{"embeddable":true,"href":"https:\/\/spawlab.pl\/en\/wp-json\/wp\/v2\/media\/38560"}],"wp:attachment":[{"href":"https:\/\/spawlab.pl\/en\/wp-json\/wp\/v2\/media?parent=42276"}],"wp:term":[{"taxonomy":"product_brand","embeddable":true,"href":"https:\/\/spawlab.pl\/en\/wp-json\/wp\/v2\/product_brand?post=42276"},{"taxonomy":"product_cat","embeddable":true,"href":"https:\/\/spawlab.pl\/en\/wp-json\/wp\/v2\/product_cat?post=42276"},{"taxonomy":"product_tag","embeddable":true,"href":"https:\/\/spawlab.pl\/en\/wp-json\/wp\/v2\/product_tag?post=42276"}],"curies":[{"name":"wp","href":"https:\/\/api.w.org\/{rel}","templated":true}]}}