{"id":42382,"date":"2025-07-09T23:28:44","date_gmt":"2025-07-09T21:28:44","guid":{"rendered":"https:\/\/spawlab.pl\/produkt\/bohler-welding-70mm%c2%b2-welding-cable-for-meters-08-03-00501\/"},"modified":"2025-07-09T23:28:44","modified_gmt":"2025-07-09T21:28:44","slug":"bohler-welding-70mm%c2%b2-welding-cable-for-meters-08-03-00501","status":"publish","type":"product","link":"https:\/\/spawlab.pl\/en\/produkt\/bohler-welding-70mm%c2%b2-welding-cable-for-meters-08-03-00501\/","title":{"rendered":"B\u00f6hler Welding 70mm\u00b2 Welding Cable (FOR METERS) &#8211; 08.03.00501"},"content":{"rendered":"<p>&#8221;<\/p>\n<div class=\"custom-product-section distributor-info spawlab-info\">\n<p><strong>SpawLab &#8211; your Authorized Voestalpine B\u00f6hler Welding Partner in Poland!<\/strong><\/p>\n<p>We are <strong>an official distributor of<\/strong> Voestalpine B\u00f6hler Welding equipment and <strong>an Authorized Service Center in Poland<\/strong>. Our team has undergone <strong>rigorous technical training directly in Italy<\/strong> at the manufacturer&#8217;s centers. <\/p>\n<p>When you choose SpawLab, you are assured of original products, access to B\u00f6hler Welding solutions, professional advice and service support.<\/p>\n<\/div>\n<div class=\"custom-product-section product-intro\">\n<h2 class=\"product-section-title main-product-title\">B\u00f6hler Welding 70mm\u00b2 Welding Cable (FOR METERS) &#8211; 08.03.00501<\/h2>\n<div class=\"description-content product-marketing-description\">\n<p>B\u00f6hler Welding&#8217;s 70mm\u00b2 professional welding cable, sold by the meter, is the foundation of a reliable and safe welding station. Designed for the most demanding industrial applications, it guarantees optimal current flow, minimal energy loss and exceptional durability. When you choose a B\u00f6hler Welding cable, you are investing in work continuity, welding precision and operator safety, which is crucial for professionals who value &#8216;Made in Europe&#8217; quality.  <\/p>\n<p>This high-performance cable is ideal for welders and companies looking for uncompromising quality components for their welding systems, ensuring stable performance even under heavy use with high welding current equipment.<\/p>\n<\/div>\n<\/div>\n<div class=\"custom-product-section product-specs\">\n<h3 class=\"custom-product-heading specs-heading\">Technical Specifications<\/h3>\n<table class=\"specs-table\">\n<thead>\n<tr>\n<th>Parameter<\/th>\n<th>Value<\/th>\n<\/tr>\n<\/thead>\n<tbody>\n<tr>\n<td>Product Name<\/td>\n<td>B\u00f6hler Welding 70mm\u00b2 Welding Cable (FOR METERS)<\/td>\n<\/tr>\n<tr>\n<td>Catalog Number<\/td>\n<td>08.03.00501<\/td>\n<\/tr>\n<tr>\n<td>Conductor cross section<\/td>\n<td>70 mm\u00b2<\/td>\n<\/tr>\n<tr>\n<td>Conductor material<\/td>\n<td>High-quality copper (Cu)<\/td>\n<\/tr>\n<tr>\n<td>Insulation<\/td>\n<td>Durable, flexible rubber compound that is abrasion-, oil-, temperature- and weather-resistant (compatible with high industry standards, e.g. H01N2-D or equivalent)<\/td>\n<\/tr>\n<tr>\n<td>Rated voltage<\/td>\n<td>Typically 100V (for welding cables)<\/td>\n<\/tr>\n<tr>\n<td>Standards<\/td>\n<td>Compliance with relevant European standards for welding cables<\/td>\n<\/tr>\n<\/tbody>\n<\/table>\n<\/div>\n<div class=\"custom-product-section product-set-contents\">\n<h3 class=\"custom-product-heading set-contents-heading\">Kit Contents \/ Packaging<\/h3>\n<p>B\u00f6hler Welding WELDING CABLE 70mm\u00b2 (PER METER) (cat. no. 08.03.00501) is sold by running meters. The price quoted is for one meter of the product. Accessories such as cable connectors, plugs or electrode holders are available separately, allowing full customization.  <\/p>\n<\/div>\n<div class=\"custom-product-section product-features\">\n<h3 class=\"custom-product-heading features-heading\">Key Features and Benefits<\/h3>\n<ul class=\"custom-product-list features-list\">\n<li>? <strong>Highest Quality Conductive Copper:<\/strong> Provides excellent electrical conductivity, minimizes power loss and voltage drop, resulting in a stable welding arc and higher quality welds.<\/li>\n<li>?\ufe0f <strong>Durable and Flexible Insulation:<\/strong> Guarantees exceptional resistance to mechanical damage, abrasion, oil, grease and extreme temperatures, ensuring long life and safe operation even in harsh industrial environments.<\/li>\n<li>? <strong>Optimal Flexibility:<\/strong> Makes it easier to maneuver the welding fixture and lay the wire, reducing operator fatigue and increasing comfort, especially for prolonged tasks.<\/li>\n<li><strong>? B\u00f6hler Welding Quality Standard:<\/strong> A guarantee of reliability and durability for a &#8216;Made in Europe&#8217; product designed for professional applications, which means less risk of failure and downtime.<\/li>\n<\/ul>\n<\/div>\n<div class=\"custom-product-section product-application\">\n<h3 class=\"custom-product-heading application-heading\">Product Application<\/h3>\n<ul class=\"custom-product-list application-list\">\n<li>B\u00f6hler Welding 70mm\u00b2 welding cable is dedicated to professional applications, including:<\/li>\n<li>? Connecting electrode holders (MMA) and ground terminals to welding current sources.<\/li>\n<li>?\ufe0f Intensive welding work in heavy industry, shipbuilding, steel structures and power generation.<\/li>\n<li>\u2699\ufe0f Welding stations requiring high current carrying capacity and reliability.<\/li>\n<li>? Mobile and off-road applications where ruggedness is key.<\/li>\n<li>? Make connections in robotic systems and automated welding lines.<\/li>\n<\/ul>\n<\/div>\n<div class=\"custom-product-section product-summary conclusion\">\n<h3 class=\"custom-product-heading summary-heading\">Summary: WELDING CABLE 70mm\u00b2 (PER METER) &#8211; Your Investment in Quality B\u00f6hler Welding.<\/h3>\n<div class=\"summary-content\">\n<p>? Choose B\u00f6hler Welding 70mm\u00b2 welding cable to give your welding station maximum performance, reliability and safety. Its superior conductivity and durability are an investment in the quality of your work and the longevity of your equipment. To learn more about the full capabilities of B\u00f6hler Welding WELDING CABLE 70mm\u00b2 (PER METER) and get the best deal, contact the experts at SpawLab &#8211; the official distributor and authorized service provider of Voestalpine B\u00f6hler Welding in Poland. Our team, trained in Italy, is at your service.   <\/p>\n<\/div>\n<\/div>\n<div class=\"custom-product-section product-codes-info\">\n<p><strong>Part number (Art. No.):<\/strong> 08.03.00501<\/p>\n<\/div>\n<p>&#8220;<\/p>\n","protected":false},"excerpt":{"rendered":"<p>B\u00f6hler Welding 70mm\u00b2 Welding Cable (FOR METERS) (08.03.00501) &#8211; highest quality and conductivity. Professional welding cables for industry. <\/p>\n","protected":false},"featured_media":40136,"template":"","meta":{"inline_featured_image":false},"product_brand":[772],"product_cat":[11536,5686],"product_tag":[12924,12925,12809,12926,3444,12927,5290],"class_list":{"0":"post-42382","1":"product","2":"type-product","3":"status-publish","4":"has-post-thumbnail","6":"product_brand-bohler","7":"product_cat-bohler-en-2","8":"product_cat-brand-zone","9":"product_tag-70mm2-welding-cable","10":"product_tag-bohler-welding-08-03-00501-en","11":"product_tag-bohler-welding-cable","12":"product_tag-copper-wire-for-welding-machine","13":"product_tag-mma-welding","14":"product_tag-professional-welding-accessories-en","15":"product_tag-welding-accessories-en","17":"first","18":"onbackorder","19":"taxable","20":"shipping-taxable","21":"purchasable","22":"product-type-simple"},"yoast_head":"<!-- This site is optimized with the Yoast SEO Premium plugin v27.0 (Yoast SEO v27.3) - https:\/\/yoast.com\/product\/yoast-seo-premium-wordpress\/ -->\n<title>B\u00f6hler Welding 70mm\u00b2 Welding Cable - 08.03.00501 | SpawLab<\/title>\n<meta name=\"description\" content=\"B\u00f6hler Welding 70mm\u00b2 Welding Cable (FOR METERS) (08.03.00501) - highest quality and conductivity. Professional welding cables. Check it out at SpawLab!\" \/>\n<meta name=\"robots\" content=\"index, follow, max-snippet:-1, max-image-preview:large, max-video-preview:-1\" \/>\n<link rel=\"canonical\" href=\"https:\/\/spawlab.pl\/en\/produkt\/bohler-welding-70mm%c2%b2-welding-cable-for-meters-08-03-00501\/\" \/>\n<meta property=\"og:locale\" content=\"en_US\" \/>\n<meta property=\"og:type\" content=\"article\" \/>\n<meta property=\"og:title\" content=\"B\u00f6hler Welding 70mm\u00b2 Welding Cable (FOR METERS) - 08.03.00501\" \/>\n<meta property=\"og:description\" content=\"Lider sprzeda\u017cy, Oficjalny Dystrybutor Premium i Serwis na Polsk\u0119 Migatronic, Gys, Voestalpine Bohler Welding. Nowe i u\u017cywane Spawarki, Przecinarki Plazmowe, Kompresory. Mgr in\u017c. Jaros\u0142aw Ko\u0142aski, IWE\" \/>\n<meta property=\"og:url\" content=\"https:\/\/spawlab.pl\/en\/produkt\/bohler-welding-70mm%c2%b2-welding-cable-for-meters-08-03-00501\/\" \/>\n<meta property=\"og:site_name\" content=\"SpawLab - Welding equipment and plasma cutters - store and service\" \/>\n<meta property=\"article:publisher\" content=\"https:\/\/www.facebook.com\/Spawlab\/\" \/>\n<meta property=\"og:image\" content=\"https:\/\/spawlab.pl\/wp-content\/uploads\/2025\/06\/08-03-00201-1200x1200px.515Wx515H.jpg\" \/>\n\t<meta property=\"og:image:width\" content=\"515\" \/>\n\t<meta property=\"og:image:height\" content=\"515\" \/>\n\t<meta property=\"og:image:type\" content=\"image\/jpeg\" \/>\n<meta name=\"twitter:label1\" content=\"Price\" \/>\n\t<meta name=\"twitter:data1\" content=\"113,71&nbsp;&#122;&#322; (92,45&nbsp;&#122;&#322; netto)\" \/>\n\t<meta name=\"twitter:label2\" content=\"Availability\" \/>\n\t<meta name=\"twitter:data2\" content=\"On backorder\" \/>\n<script type=\"application\/ld+json\" class=\"yoast-schema-graph\">{\"@context\":\"https:\\\/\\\/schema.org\",\"@graph\":[{\"@type\":[\"WebPage\",\"ItemPage\"],\"@id\":\"https:\\\/\\\/spawlab.pl\\\/en\\\/produkt\\\/bohler-welding-70mm%c2%b2-welding-cable-for-meters-08-03-00501\\\/\",\"url\":\"https:\\\/\\\/spawlab.pl\\\/en\\\/produkt\\\/bohler-welding-70mm%c2%b2-welding-cable-for-meters-08-03-00501\\\/\",\"name\":\"B\u00f6hler Welding 70mm\u00b2 Welding Cable - 08.03.00501 | SpawLab\",\"isPartOf\":{\"@id\":\"https:\\\/\\\/spawlab.pl\\\/en\\\/#website\"},\"primaryImageOfPage\":{\"@id\":\"https:\\\/\\\/spawlab.pl\\\/en\\\/produkt\\\/bohler-welding-70mm%c2%b2-welding-cable-for-meters-08-03-00501\\\/#primaryimage\"},\"image\":{\"@id\":\"https:\\\/\\\/spawlab.pl\\\/en\\\/produkt\\\/bohler-welding-70mm%c2%b2-welding-cable-for-meters-08-03-00501\\\/#primaryimage\"},\"thumbnailUrl\":\"https:\\\/\\\/spawlab.pl\\\/wp-content\\\/uploads\\\/2025\\\/06\\\/08-03-00201-1200x1200px.515Wx515H.jpg\",\"datePublished\":\"2025-07-09T21:28:44+00:00\",\"description\":\"B\u00f6hler Welding 70mm\u00b2 Welding Cable (FOR METERS) (08.03.00501) - highest quality and conductivity. Professional welding cables. Check it out at SpawLab!\",\"breadcrumb\":{\"@id\":\"https:\\\/\\\/spawlab.pl\\\/en\\\/produkt\\\/bohler-welding-70mm%c2%b2-welding-cable-for-meters-08-03-00501\\\/#breadcrumb\"},\"inLanguage\":\"en-US\",\"potentialAction\":[{\"@type\":\"ReadAction\",\"target\":[\"https:\\\/\\\/spawlab.pl\\\/en\\\/produkt\\\/bohler-welding-70mm%c2%b2-welding-cable-for-meters-08-03-00501\\\/\"]}]},{\"@type\":\"ImageObject\",\"inLanguage\":\"en-US\",\"@id\":\"https:\\\/\\\/spawlab.pl\\\/en\\\/produkt\\\/bohler-welding-70mm%c2%b2-welding-cable-for-meters-08-03-00501\\\/#primaryimage\",\"url\":\"https:\\\/\\\/spawlab.pl\\\/wp-content\\\/uploads\\\/2025\\\/06\\\/08-03-00201-1200x1200px.515Wx515H.jpg\",\"contentUrl\":\"https:\\\/\\\/spawlab.pl\\\/wp-content\\\/uploads\\\/2025\\\/06\\\/08-03-00201-1200x1200px.515Wx515H.jpg\",\"width\":515,\"height\":515,\"caption\":\"OLYMPUS DIGITAL CAMERA\"},{\"@type\":\"BreadcrumbList\",\"@id\":\"https:\\\/\\\/spawlab.pl\\\/en\\\/produkt\\\/bohler-welding-70mm%c2%b2-welding-cable-for-meters-08-03-00501\\\/#breadcrumb\",\"itemListElement\":[{\"@type\":\"ListItem\",\"position\":1,\"name\":\"Strona g\u0142\u00f3wna\",\"item\":\"https:\\\/\\\/spawlab.pl\\\/en\\\/\"},{\"@type\":\"ListItem\",\"position\":2,\"name\":\"Store\",\"item\":\"https:\\\/\\\/spawlab.pl\\\/en\\\/shop\\\/\"},{\"@type\":\"ListItem\",\"position\":3,\"name\":\"B\u00f6hler Welding 70mm\u00b2 Welding Cable (FOR METERS) &#8211; 08.03.00501\"}]},{\"@type\":\"WebSite\",\"@id\":\"https:\\\/\\\/spawlab.pl\\\/en\\\/#website\",\"url\":\"https:\\\/\\\/spawlab.pl\\\/en\\\/\",\"name\":\"Spawlab.pl Lider - Spawarki, Przecinarki Plazmowe, Kompresory\",\"description\":\"Urz\u0105dzenia spawalnicze i Przecinarki plazmowe\\\/ nowe i u\u017cywane \\\/ Profesjonalny serwis\",\"publisher\":{\"@id\":\"https:\\\/\\\/spawlab.pl\\\/en\\\/#organization\"},\"alternateName\":\"Spawlab.pl - Dystrybutor Premium i Serwis na Polske Migatronic, Gys, Voestalpine Bohler Welding\",\"potentialAction\":[{\"@type\":\"SearchAction\",\"target\":{\"@type\":\"EntryPoint\",\"urlTemplate\":\"https:\\\/\\\/spawlab.pl\\\/en\\\/?s={search_term_string}\"},\"query-input\":{\"@type\":\"PropertyValueSpecification\",\"valueRequired\":true,\"valueName\":\"search_term_string\"}}],\"inLanguage\":\"en-US\"},{\"@type\":[\"Organization\",\"Place\"],\"@id\":\"https:\\\/\\\/spawlab.pl\\\/en\\\/#organization\",\"name\":\"Spawlab.pl\",\"url\":\"https:\\\/\\\/spawlab.pl\\\/en\\\/\",\"logo\":{\"@id\":\"https:\\\/\\\/spawlab.pl\\\/en\\\/produkt\\\/bohler-welding-70mm%c2%b2-welding-cable-for-meters-08-03-00501\\\/#local-main-organization-logo\"},\"image\":{\"@id\":\"https:\\\/\\\/spawlab.pl\\\/en\\\/produkt\\\/bohler-welding-70mm%c2%b2-welding-cable-for-meters-08-03-00501\\\/#local-main-organization-logo\"},\"sameAs\":[\"https:\\\/\\\/www.facebook.com\\\/Spawlab\\\/\",\"https:\\\/\\\/www.linkedin.com\\\/company\\\/spawlab\",\"https:\\\/\\\/www.instagram.com\\\/spawlab.pl\",\"https:\\\/\\\/www.tiktok.com\\\/@spawlab\"],\"description\":\"Lider sprzeda\u017cy, Oficjalny Dystrybutor Premium i Serwis na Polsk\u0119 Migatronic, Gys, Voestalpine Bohler Welding. Nowe i u\u017cywane Spawarki, Przecinarki Plazmowe, Kompresory. Mgr in\u017c. Jaros\u0142aw Ko\u0142aski, IWE\",\"hasMerchantReturnPolicy\":{\"@type\":\"MerchantReturnPolicy\",\"merchantReturnLink\":\"https:\\\/\\\/spawlab.pl\\\/polityka-prywatnosci-2\\\/\"},\"telephone\":[],\"openingHoursSpecification\":[{\"@type\":\"OpeningHoursSpecification\",\"dayOfWeek\":[\"Monday\",\"Tuesday\",\"Wednesday\",\"Thursday\",\"Friday\",\"Saturday\",\"Sunday\"],\"opens\":\"09:00\",\"closes\":\"17:00\"}]},{\"@type\":\"ImageObject\",\"inLanguage\":\"en-US\",\"@id\":\"https:\\\/\\\/spawlab.pl\\\/en\\\/produkt\\\/bohler-welding-70mm%c2%b2-welding-cable-for-meters-08-03-00501\\\/#local-main-organization-logo\",\"url\":\"https:\\\/\\\/spawlab.pl\\\/wp-content\\\/uploads\\\/2022\\\/01\\\/olx.jpg\",\"contentUrl\":\"https:\\\/\\\/spawlab.pl\\\/wp-content\\\/uploads\\\/2022\\\/01\\\/olx.jpg\",\"width\":200,\"height\":200,\"caption\":\"Spawlab.pl\"}]}<\/script>\n<meta property=\"product:brand\" content=\"B\u00f6hler\" \/>\n<meta property=\"product:price:amount\" content=\"113.71\" \/>\n<meta property=\"product:price:currency\" content=\"PLN\" \/>\n<meta property=\"og:availability\" content=\"backorder\" \/>\n<meta property=\"product:availability\" content=\"available for order\" \/>\n<meta property=\"product:retailer_item_id\" content=\"08.03.0501\" \/>\n<meta property=\"product:condition\" content=\"new\" \/>\n<!-- \/ Yoast SEO Premium plugin. -->","yoast_head_json":{"title":"B\u00f6hler Welding 70mm\u00b2 Welding Cable - 08.03.00501 | SpawLab","description":"B\u00f6hler Welding 70mm\u00b2 Welding Cable (FOR METERS) (08.03.00501) - highest quality and conductivity. Professional welding cables. Check it out at SpawLab!","robots":{"index":"index","follow":"follow","max-snippet":"max-snippet:-1","max-image-preview":"max-image-preview:large","max-video-preview":"max-video-preview:-1"},"canonical":"https:\/\/spawlab.pl\/en\/produkt\/bohler-welding-70mm%c2%b2-welding-cable-for-meters-08-03-00501\/","og_locale":"en_US","og_type":"article","og_title":"B\u00f6hler Welding 70mm\u00b2 Welding Cable (FOR METERS) - 08.03.00501","og_description":"Lider sprzeda\u017cy, Oficjalny Dystrybutor Premium i Serwis na Polsk\u0119 Migatronic, Gys, Voestalpine Bohler Welding. Nowe i u\u017cywane Spawarki, Przecinarki Plazmowe, Kompresory. Mgr in\u017c. Jaros\u0142aw Ko\u0142aski, IWE","og_url":"https:\/\/spawlab.pl\/en\/produkt\/bohler-welding-70mm%c2%b2-welding-cable-for-meters-08-03-00501\/","og_site_name":"SpawLab - Welding equipment and plasma cutters - store and service","article_publisher":"https:\/\/www.facebook.com\/Spawlab\/","og_image":[{"width":515,"height":515,"url":"https:\/\/spawlab.pl\/wp-content\/uploads\/2025\/06\/08-03-00201-1200x1200px.515Wx515H.jpg","type":"image\/jpeg"}],"twitter_misc":{"Price":"113,71&nbsp;&#122;&#322; (92,45&nbsp;&#122;&#322; netto)","Availability":"On backorder"},"schema":{"@context":"https:\/\/schema.org","@graph":[{"@type":["WebPage","ItemPage"],"@id":"https:\/\/spawlab.pl\/en\/produkt\/bohler-welding-70mm%c2%b2-welding-cable-for-meters-08-03-00501\/","url":"https:\/\/spawlab.pl\/en\/produkt\/bohler-welding-70mm%c2%b2-welding-cable-for-meters-08-03-00501\/","name":"B\u00f6hler Welding 70mm\u00b2 Welding Cable - 08.03.00501 | SpawLab","isPartOf":{"@id":"https:\/\/spawlab.pl\/en\/#website"},"primaryImageOfPage":{"@id":"https:\/\/spawlab.pl\/en\/produkt\/bohler-welding-70mm%c2%b2-welding-cable-for-meters-08-03-00501\/#primaryimage"},"image":{"@id":"https:\/\/spawlab.pl\/en\/produkt\/bohler-welding-70mm%c2%b2-welding-cable-for-meters-08-03-00501\/#primaryimage"},"thumbnailUrl":"https:\/\/spawlab.pl\/wp-content\/uploads\/2025\/06\/08-03-00201-1200x1200px.515Wx515H.jpg","datePublished":"2025-07-09T21:28:44+00:00","description":"B\u00f6hler Welding 70mm\u00b2 Welding Cable (FOR METERS) (08.03.00501) - highest quality and conductivity. Professional welding cables. Check it out at SpawLab!","breadcrumb":{"@id":"https:\/\/spawlab.pl\/en\/produkt\/bohler-welding-70mm%c2%b2-welding-cable-for-meters-08-03-00501\/#breadcrumb"},"inLanguage":"en-US","potentialAction":[{"@type":"ReadAction","target":["https:\/\/spawlab.pl\/en\/produkt\/bohler-welding-70mm%c2%b2-welding-cable-for-meters-08-03-00501\/"]}]},{"@type":"ImageObject","inLanguage":"en-US","@id":"https:\/\/spawlab.pl\/en\/produkt\/bohler-welding-70mm%c2%b2-welding-cable-for-meters-08-03-00501\/#primaryimage","url":"https:\/\/spawlab.pl\/wp-content\/uploads\/2025\/06\/08-03-00201-1200x1200px.515Wx515H.jpg","contentUrl":"https:\/\/spawlab.pl\/wp-content\/uploads\/2025\/06\/08-03-00201-1200x1200px.515Wx515H.jpg","width":515,"height":515,"caption":"OLYMPUS DIGITAL CAMERA"},{"@type":"BreadcrumbList","@id":"https:\/\/spawlab.pl\/en\/produkt\/bohler-welding-70mm%c2%b2-welding-cable-for-meters-08-03-00501\/#breadcrumb","itemListElement":[{"@type":"ListItem","position":1,"name":"Strona g\u0142\u00f3wna","item":"https:\/\/spawlab.pl\/en\/"},{"@type":"ListItem","position":2,"name":"Store","item":"https:\/\/spawlab.pl\/en\/shop\/"},{"@type":"ListItem","position":3,"name":"B\u00f6hler Welding 70mm\u00b2 Welding Cable (FOR METERS) &#8211; 08.03.00501"}]},{"@type":"WebSite","@id":"https:\/\/spawlab.pl\/en\/#website","url":"https:\/\/spawlab.pl\/en\/","name":"Spawlab.pl Lider - Spawarki, Przecinarki Plazmowe, Kompresory","description":"Urz\u0105dzenia spawalnicze i Przecinarki plazmowe\/ nowe i u\u017cywane \/ Profesjonalny serwis","publisher":{"@id":"https:\/\/spawlab.pl\/en\/#organization"},"alternateName":"Spawlab.pl - Dystrybutor Premium i Serwis na Polske Migatronic, Gys, Voestalpine Bohler Welding","potentialAction":[{"@type":"SearchAction","target":{"@type":"EntryPoint","urlTemplate":"https:\/\/spawlab.pl\/en\/?s={search_term_string}"},"query-input":{"@type":"PropertyValueSpecification","valueRequired":true,"valueName":"search_term_string"}}],"inLanguage":"en-US"},{"@type":["Organization","Place"],"@id":"https:\/\/spawlab.pl\/en\/#organization","name":"Spawlab.pl","url":"https:\/\/spawlab.pl\/en\/","logo":{"@id":"https:\/\/spawlab.pl\/en\/produkt\/bohler-welding-70mm%c2%b2-welding-cable-for-meters-08-03-00501\/#local-main-organization-logo"},"image":{"@id":"https:\/\/spawlab.pl\/en\/produkt\/bohler-welding-70mm%c2%b2-welding-cable-for-meters-08-03-00501\/#local-main-organization-logo"},"sameAs":["https:\/\/www.facebook.com\/Spawlab\/","https:\/\/www.linkedin.com\/company\/spawlab","https:\/\/www.instagram.com\/spawlab.pl","https:\/\/www.tiktok.com\/@spawlab"],"description":"Lider sprzeda\u017cy, Oficjalny Dystrybutor Premium i Serwis na Polsk\u0119 Migatronic, Gys, Voestalpine Bohler Welding. Nowe i u\u017cywane Spawarki, Przecinarki Plazmowe, Kompresory. Mgr in\u017c. Jaros\u0142aw Ko\u0142aski, IWE","hasMerchantReturnPolicy":{"@type":"MerchantReturnPolicy","merchantReturnLink":"https:\/\/spawlab.pl\/polityka-prywatnosci-2\/"},"telephone":[],"openingHoursSpecification":[{"@type":"OpeningHoursSpecification","dayOfWeek":["Monday","Tuesday","Wednesday","Thursday","Friday","Saturday","Sunday"],"opens":"09:00","closes":"17:00"}]},{"@type":"ImageObject","inLanguage":"en-US","@id":"https:\/\/spawlab.pl\/en\/produkt\/bohler-welding-70mm%c2%b2-welding-cable-for-meters-08-03-00501\/#local-main-organization-logo","url":"https:\/\/spawlab.pl\/wp-content\/uploads\/2022\/01\/olx.jpg","contentUrl":"https:\/\/spawlab.pl\/wp-content\/uploads\/2022\/01\/olx.jpg","width":200,"height":200,"caption":"Spawlab.pl"}]},"product_brand":"B\u00f6hler","product_price_amount":"113.71","product_price_currency":"PLN","og_availability":"backorder","product_availability":"available for order","product_retailer_item_id":"08.03.0501","product_condition":"new"},"_links":{"self":[{"href":"https:\/\/spawlab.pl\/en\/wp-json\/wp\/v2\/product\/42382","targetHints":{"allow":["GET"]}}],"collection":[{"href":"https:\/\/spawlab.pl\/en\/wp-json\/wp\/v2\/product"}],"about":[{"href":"https:\/\/spawlab.pl\/en\/wp-json\/wp\/v2\/types\/product"}],"wp:featuredmedia":[{"embeddable":true,"href":"https:\/\/spawlab.pl\/en\/wp-json\/wp\/v2\/media\/40136"}],"wp:attachment":[{"href":"https:\/\/spawlab.pl\/en\/wp-json\/wp\/v2\/media?parent=42382"}],"wp:term":[{"taxonomy":"product_brand","embeddable":true,"href":"https:\/\/spawlab.pl\/en\/wp-json\/wp\/v2\/product_brand?post=42382"},{"taxonomy":"product_cat","embeddable":true,"href":"https:\/\/spawlab.pl\/en\/wp-json\/wp\/v2\/product_cat?post=42382"},{"taxonomy":"product_tag","embeddable":true,"href":"https:\/\/spawlab.pl\/en\/wp-json\/wp\/v2\/product_tag?post=42382"}],"curies":[{"name":"wp","href":"https:\/\/api.w.org\/{rel}","templated":true}]}}