{"id":42481,"date":"2025-07-09T23:25:49","date_gmt":"2025-07-09T21:25:49","guid":{"rendered":"https:\/\/spawlab.pl\/produkt\/bohler-welding-rear-cap-medium-82-10-065\/"},"modified":"2025-07-09T23:25:49","modified_gmt":"2025-07-09T21:25:49","slug":"bohler-welding-rear-cap-medium-82-10-065","status":"publish","type":"product","link":"https:\/\/spawlab.pl\/en\/produkt\/bohler-welding-rear-cap-medium-82-10-065\/","title":{"rendered":"B\u00f6hler Welding Rear cap (medium) &#8211; 82.10.065"},"content":{"rendered":"<p>&#8221;<\/p>\n<div class=\"custom-product-section distributor-info spawlab-info\">\n<p><strong>SpawLab &#8211; your Authorized Voestalpine B\u00f6hler Welding Partner in Poland!<\/strong><\/p>\n<p>We are <strong>an official distributor of<\/strong> Voestalpine B\u00f6hler Welding equipment and <strong>an Authorized Service Center in Poland<\/strong>. Our team has undergone <strong>rigorous technical training directly in Italy<\/strong> at the manufacturer&#8217;s centers. <\/p>\n<p>When you choose SpawLab, you are assured of original products, access to B\u00f6hler Welding solutions, professional advice and service support.<\/p>\n<\/div>\n<div class=\"custom-product-section product-intro\">\n<h2 class=\"product-section-title main-product-title\">B\u00f6hler Welding Rear cap (medium) &#8211; 82.10.065<\/h2>\n<div class=\"description-content product-marketing-description\">\n<p>The original back cap (medium) from B\u00f6hler Welding, part number 82.10.065, is a key accessory for the TIG holder, designed for professionals who value precision and reliability. Made of the highest quality materials, it guarantees optimal tungsten electrode clamping and protection, which translates into arc stability and excellent weld quality. The product comes in a package of 3 pieces, ensuring continuity of work.  <\/p>\n<p>By choosing genuine B\u00f6hler Welding parts, you are investing in the durability of your equipment and the repeatability of your welding results. This cap is dedicated to TIG welders who expect &#8220;&#8221;Made in Europe&#8221;&#8221; components that meet Voestalpine B\u00f6hler Welding&#8217;s rigorous quality standards. <\/p>\n<\/div>\n<\/div>\n<h3 class=\"custom-product-heading advanced-features-heading\">Explore Advanced Capabilities of BACK CAP (MEDIUM)<\/h3>\n<div class=\"custom-accordion advanced-features-accordion\">\n<details class=\"custom-accordion-item\">\n<summary class=\"custom-subtitle accordion-title\">Important feature<\/summary>\n<div class=\"accordion-content\">\n<p>For the product B\u00f6hler Welding back cap (medium) &#8211; 82.10.065, which is a consumable part of the welding chuck, descriptions of advanced welding processes (such as ArcDrive, RapiDeep, etc.) or unique technologies implemented in B\u00f6hler Welding power sources are not directly applicable. The quality and reliability of this component is due to precision manufacturing and the use of high-quality materials, in accordance with the brand&#8217;s standards. <\/p>\n<\/div>\n<\/details>\n<\/div>\n<div class=\"custom-product-section product-specs\">\n<h3 class=\"custom-product-heading specs-heading\">Technical Specifications<\/h3>\n<table class=\"specs-table\">\n<thead>\n<tr>\n<th>Parameter<\/th>\n<th>Value<\/th>\n<\/tr>\n<\/thead>\n<tbody>\n<tr>\n<td>Catalog number<\/td>\n<td>82.10.065<\/td>\n<\/tr>\n<tr>\n<td>Product name<\/td>\n<td>Back Cap (Medium) \/ Back Cap (Medium)<\/td>\n<\/tr>\n<tr>\n<td>Brand<\/td>\n<td>B\u00f6hler Welding<\/td>\n<\/tr>\n<tr>\n<td>Quantity per package<\/td>\n<td>3 pieces (the price quoted is for 1 piece from the package)<\/td>\n<\/tr>\n<tr>\n<td>Type<\/td>\n<td>TIG handle wear part<\/td>\n<\/tr>\n<tr>\n<td>Purpose<\/td>\n<td>Fixing and protecting the tungsten electrode<\/td>\n<\/tr>\n<tr>\n<td>Size<\/td>\n<td>Medium (Medium)<\/td>\n<\/tr>\n<tr>\n<td>Compatibility<\/td>\n<td>Standard TIG chucks (verification of compatibility with specific chuck model recommended)<\/td>\n<\/tr>\n<\/tbody>\n<\/table>\n<\/div>\n<div class=\"custom-product-section product-set-contents\">\n<h3 class=\"custom-product-heading set-contents-heading\">Kit Contents \/ Packaging<\/h3>\n<ul class=\"custom-product-list set-contents-list\">\n<li>Product supplied as a package of 3 pcs. B\u00f6hler Welding back caps (medium) with part number 82.10.065. <\/li>\n<li>The price quoted is for one piece in this package.<\/li>\n<li>Detailed configuration and exact contents may vary. We recommend verification with the vendor. <\/li>\n<\/ul>\n<\/div>\n<div class=\"custom-product-section product-features\">\n<h3 class=\"custom-product-heading features-heading\">Key Features and Benefits<\/h3>\n<ul class=\"custom-product-list features-list\">\n<li>\u2728 <strong>Precision Design:<\/strong> Guarantees perfect fit and stable electrode clamping, resulting in higher quality and repeatability of TIG welds.<\/li>\n<li>? <strong>High-grade Material:<\/strong> Provides increased resistance to high temperatures and mechanical damage, extending the life of the component.<\/li>\n<li>? <strong>Original B\u00f6hler Welding Part:<\/strong> Guaranteed to be fully compatible and work optimally with the brand&#8217;s welding fixtures, minimizing the risk of downtime.<\/li>\n<li>? <strong>Economical 3-Piece Package:<\/strong> Provides a supply of essential consumable parts, enabling uninterrupted operation and reducing order frequency.<\/li>\n<\/ul>\n<\/div>\n<div class=\"custom-product-section product-application\">\n<h3 class=\"custom-product-heading application-heading\">Product Application<\/h3>\n<ul class=\"custom-product-list application-list\">\n<li>B\u00f6hler Welding&#8217;s back cap (medium) is essential for the following applications:<\/li>\n<li>?\ufe0f Professional TIG (GTAW) direct current (DC) and alternating current (AC) welding.<\/li>\n<li>? Securing and precise fixing of tungsten electrode in TIG torch body.<\/li>\n<li>? Production and workshop work requiring high quality welded joints.<\/li>\n<li>?\ufe0f Welding of structures made of carbon steels, stainless steels, aluminum, copper and their alloys.<\/li>\n<li>? Maintenance, repair and remanufacturing of components in various industries.<\/li>\n<\/ul>\n<\/div>\n<div class=\"custom-product-section product-summary conclusion\">\n<h3 class=\"custom-product-heading summary-heading\">Summary: BACK CAP (MEDIUM) &#8211; Your Investment in Quality by B\u00f6hler Welding<\/h3>\n<div class=\"summary-content\">\n<p>? When you choose a genuine B\u00f6hler Welding back cap (medium) (82.10.065), you are assured of reliability and precision, key to professional TIG welding. Investing in &#8220;&#8221;Made in Europe&#8221;&#8221; components from Voestalpine B\u00f6hler Welding is a guarantee of long life and optimal performance of your equipment. To learn more about the full capabilities of B\u00f6hler Welding Back Cap (medium) and get the best deal, contact the experts at SpawLab &#8211; the official distributor and authorized service provider of Voestalpine B\u00f6hler Welding in Poland. Our team, trained in Italy, is at your service.   <\/p>\n<\/div>\n<\/div>\n<div class=\"custom-product-section product-codes-info\">\n<p><strong>Part number (Art. No.):<\/strong> 82.10.065<\/p>\n<p><strong>Note:<\/strong> The product is sold in a collective package of 3 pieces. The given price (EUR 2.35 net \/ PLN 12.43 gross) applies to 1 piece. <\/p>\n<\/div>\n<p>&#8220;<\/p>\n","protected":false},"excerpt":{"rendered":"<p>B\u00f6hler Welding Back cap (medium) (82.10.065) &#8211; original part for TIG chucks, package of 3 pcs. Professional welding solutions. <\/p>\n","protected":false},"featured_media":41175,"template":"","meta":{"inline_featured_image":false},"product_brand":[772],"product_cat":[11536,5686],"product_tag":[13113,13112,4432,11984,11821,3585,11782,5290],"class_list":{"0":"post-42481","1":"product","2":"type-product","3":"status-publish","4":"has-post-thumbnail","6":"product_brand-bohler","7":"product_cat-bohler-en-2","8":"product_cat-brand-zone","9":"product_tag-82-10-065-en","10":"product_tag-back-cap-en","11":"product_tag-bohler-welding-en-2","12":"product_tag-tig-cap-en","13":"product_tag-tig-parts","14":"product_tag-tig-welding","15":"product_tag-tungsten-electrode","16":"product_tag-welding-accessories-en","18":"first","19":"onbackorder","20":"taxable","21":"shipping-taxable","22":"purchasable","23":"product-type-simple"},"yoast_head":"<!-- This site is optimized with the Yoast SEO Premium plugin v27.5 (Yoast SEO v27.6) - https:\/\/yoast.com\/product\/yoast-seo-premium-wordpress\/ -->\n<title>B\u00f6hler Welding Rear cap (medium) - 82.10.065<\/title>\n<meta name=\"description\" content=\"B\u00f6hler Welding Back cap (medium) (82.10.065) - original part for TIG chucks, package of 3 pcs. Professional welding solutions. Check it out at SpawLab!\" \/>\n<meta name=\"robots\" content=\"index, follow, max-snippet:-1, max-image-preview:large, max-video-preview:-1\" \/>\n<link rel=\"canonical\" href=\"https:\/\/spawlab.pl\/en\/produkt\/bohler-welding-rear-cap-medium-82-10-065\/\" \/>\n<meta property=\"og:locale\" content=\"en_US\" \/>\n<meta property=\"og:type\" content=\"article\" \/>\n<meta property=\"og:title\" content=\"B\u00f6hler Welding Rear cap (medium) - 82.10.065\" \/>\n<meta property=\"og:description\" content=\"Lider sprzeda\u017cy, Oficjalny Dystrybutor Premium i Serwis na Polsk\u0119 Migatronic, Gys, Voestalpine Bohler Welding. Nowe i u\u017cywane Spawarki, Przecinarki Plazmowe, Kompresory. Mgr in\u017c. Jaros\u0142aw Ko\u0142aski, IWE\" \/>\n<meta property=\"og:url\" content=\"https:\/\/spawlab.pl\/en\/produkt\/bohler-welding-rear-cap-medium-82-10-065\/\" \/>\n<meta property=\"og:site_name\" content=\"SpawLab - Welding equipment and plasma cutters - store and service\" \/>\n<meta property=\"article:publisher\" content=\"https:\/\/www.facebook.com\/Spawlab\/\" \/>\n<meta property=\"og:image\" content=\"https:\/\/spawlab.pl\/wp-content\/uploads\/2025\/07\/82.10.018-1200x1200px.515Wx515H.jpg\" \/>\n\t<meta property=\"og:image:width\" content=\"515\" \/>\n\t<meta property=\"og:image:height\" content=\"515\" \/>\n\t<meta property=\"og:image:type\" content=\"image\/jpeg\" \/>\n<meta name=\"twitter:label1\" content=\"Price\" \/>\n\t<meta name=\"twitter:data1\" content=\"12,43&nbsp;&#122;&#322; (10,11&nbsp;&#122;&#322; netto)\" \/>\n\t<meta name=\"twitter:label2\" content=\"Availability\" \/>\n\t<meta name=\"twitter:data2\" content=\"On backorder\" \/>\n<script type=\"application\/ld+json\" class=\"yoast-schema-graph\">{\"@context\":\"https:\\\/\\\/schema.org\",\"@graph\":[{\"@type\":[\"WebPage\",\"ItemPage\"],\"@id\":\"https:\\\/\\\/spawlab.pl\\\/en\\\/produkt\\\/bohler-welding-rear-cap-medium-82-10-065\\\/\",\"url\":\"https:\\\/\\\/spawlab.pl\\\/en\\\/produkt\\\/bohler-welding-rear-cap-medium-82-10-065\\\/\",\"name\":\"B\u00f6hler Welding Rear cap (medium) - 82.10.065\",\"isPartOf\":{\"@id\":\"https:\\\/\\\/spawlab.pl\\\/en\\\/#website\"},\"primaryImageOfPage\":{\"@id\":\"https:\\\/\\\/spawlab.pl\\\/en\\\/produkt\\\/bohler-welding-rear-cap-medium-82-10-065\\\/#primaryimage\"},\"image\":{\"@id\":\"https:\\\/\\\/spawlab.pl\\\/en\\\/produkt\\\/bohler-welding-rear-cap-medium-82-10-065\\\/#primaryimage\"},\"thumbnailUrl\":\"https:\\\/\\\/spawlab.pl\\\/wp-content\\\/uploads\\\/2025\\\/07\\\/82.10.018-1200x1200px.515Wx515H.jpg\",\"datePublished\":\"2025-07-09T21:25:49+00:00\",\"description\":\"B\u00f6hler Welding Back cap (medium) (82.10.065) - original part for TIG chucks, package of 3 pcs. Professional welding solutions. Check it out at SpawLab!\",\"breadcrumb\":{\"@id\":\"https:\\\/\\\/spawlab.pl\\\/en\\\/produkt\\\/bohler-welding-rear-cap-medium-82-10-065\\\/#breadcrumb\"},\"inLanguage\":\"en-US\",\"potentialAction\":[{\"@type\":\"ReadAction\",\"target\":[\"https:\\\/\\\/spawlab.pl\\\/en\\\/produkt\\\/bohler-welding-rear-cap-medium-82-10-065\\\/\"]}]},{\"@type\":\"ImageObject\",\"inLanguage\":\"en-US\",\"@id\":\"https:\\\/\\\/spawlab.pl\\\/en\\\/produkt\\\/bohler-welding-rear-cap-medium-82-10-065\\\/#primaryimage\",\"url\":\"https:\\\/\\\/spawlab.pl\\\/wp-content\\\/uploads\\\/2025\\\/07\\\/82.10.018-1200x1200px.515Wx515H.jpg\",\"contentUrl\":\"https:\\\/\\\/spawlab.pl\\\/wp-content\\\/uploads\\\/2025\\\/07\\\/82.10.018-1200x1200px.515Wx515H.jpg\",\"width\":515,\"height\":515},{\"@type\":\"BreadcrumbList\",\"@id\":\"https:\\\/\\\/spawlab.pl\\\/en\\\/produkt\\\/bohler-welding-rear-cap-medium-82-10-065\\\/#breadcrumb\",\"itemListElement\":[{\"@type\":\"ListItem\",\"position\":1,\"name\":\"Strona g\u0142\u00f3wna\",\"item\":\"https:\\\/\\\/spawlab.pl\\\/en\\\/\"},{\"@type\":\"ListItem\",\"position\":2,\"name\":\"Store\",\"item\":\"https:\\\/\\\/spawlab.pl\\\/en\\\/shop\\\/\"},{\"@type\":\"ListItem\",\"position\":3,\"name\":\"B\u00f6hler Welding Rear cap (medium) &#8211; 82.10.065\"}]},{\"@type\":\"WebSite\",\"@id\":\"https:\\\/\\\/spawlab.pl\\\/en\\\/#website\",\"url\":\"https:\\\/\\\/spawlab.pl\\\/en\\\/\",\"name\":\"Spawlab.pl Lider - Spawarki, Przecinarki Plazmowe, Kompresory\",\"description\":\"Urz\u0105dzenia spawalnicze i Przecinarki plazmowe\\\/ nowe i u\u017cywane \\\/ Profesjonalny serwis\",\"publisher\":{\"@id\":\"https:\\\/\\\/spawlab.pl\\\/en\\\/#organization\"},\"alternateName\":\"Spawlab.pl - Dystrybutor Premium i Serwis na Polske Migatronic, Gys, Voestalpine Bohler Welding\",\"potentialAction\":[{\"@type\":\"SearchAction\",\"target\":{\"@type\":\"EntryPoint\",\"urlTemplate\":\"https:\\\/\\\/spawlab.pl\\\/en\\\/?s={search_term_string}\"},\"query-input\":{\"@type\":\"PropertyValueSpecification\",\"valueRequired\":true,\"valueName\":\"search_term_string\"}}],\"inLanguage\":\"en-US\"},{\"@type\":[\"Organization\",\"Place\"],\"@id\":\"https:\\\/\\\/spawlab.pl\\\/en\\\/#organization\",\"name\":\"Spawlab.pl\",\"url\":\"https:\\\/\\\/spawlab.pl\\\/en\\\/\",\"logo\":{\"@id\":\"https:\\\/\\\/spawlab.pl\\\/en\\\/produkt\\\/bohler-welding-rear-cap-medium-82-10-065\\\/#local-main-organization-logo\"},\"image\":{\"@id\":\"https:\\\/\\\/spawlab.pl\\\/en\\\/produkt\\\/bohler-welding-rear-cap-medium-82-10-065\\\/#local-main-organization-logo\"},\"sameAs\":[\"https:\\\/\\\/www.facebook.com\\\/Spawlab\\\/\",\"https:\\\/\\\/www.linkedin.com\\\/company\\\/spawlab\",\"https:\\\/\\\/www.instagram.com\\\/spawlab.pl\",\"https:\\\/\\\/www.tiktok.com\\\/@spawlab\"],\"description\":\"Lider sprzeda\u017cy, Oficjalny Dystrybutor Premium i Serwis na Polsk\u0119 Migatronic, Gys, Voestalpine Bohler Welding. Nowe i u\u017cywane Spawarki, Przecinarki Plazmowe, Kompresory. Mgr in\u017c. Jaros\u0142aw Ko\u0142aski, IWE\",\"hasMerchantReturnPolicy\":{\"@type\":\"MerchantReturnPolicy\",\"merchantReturnLink\":\"https:\\\/\\\/spawlab.pl\\\/polityka-prywatnosci-2\\\/\"},\"telephone\":[],\"openingHoursSpecification\":[{\"@type\":\"OpeningHoursSpecification\",\"dayOfWeek\":[\"Monday\",\"Tuesday\",\"Wednesday\",\"Thursday\",\"Friday\",\"Saturday\",\"Sunday\"],\"opens\":\"09:00\",\"closes\":\"17:00\"}]},{\"@type\":\"ImageObject\",\"inLanguage\":\"en-US\",\"@id\":\"https:\\\/\\\/spawlab.pl\\\/en\\\/produkt\\\/bohler-welding-rear-cap-medium-82-10-065\\\/#local-main-organization-logo\",\"url\":\"https:\\\/\\\/spawlab.pl\\\/wp-content\\\/uploads\\\/2022\\\/01\\\/olx.jpg\",\"contentUrl\":\"https:\\\/\\\/spawlab.pl\\\/wp-content\\\/uploads\\\/2022\\\/01\\\/olx.jpg\",\"width\":200,\"height\":200,\"caption\":\"Spawlab.pl\"}]}<\/script>\n<meta property=\"product:brand\" content=\"B\u00f6hler\" \/>\n<meta property=\"product:price:amount\" content=\"12.43\" \/>\n<meta property=\"product:price:currency\" content=\"PLN\" \/>\n<meta property=\"og:availability\" content=\"backorder\" \/>\n<meta property=\"product:availability\" content=\"available for order\" \/>\n<meta property=\"product:retailer_item_id\" content=\"82.10.065\" \/>\n<meta property=\"product:condition\" content=\"new\" \/>\n<!-- \/ Yoast SEO Premium plugin. -->","yoast_head_json":{"title":"B\u00f6hler Welding Rear cap (medium) - 82.10.065","description":"B\u00f6hler Welding Back cap (medium) (82.10.065) - original part for TIG chucks, package of 3 pcs. Professional welding solutions. Check it out at SpawLab!","robots":{"index":"index","follow":"follow","max-snippet":"max-snippet:-1","max-image-preview":"max-image-preview:large","max-video-preview":"max-video-preview:-1"},"canonical":"https:\/\/spawlab.pl\/en\/produkt\/bohler-welding-rear-cap-medium-82-10-065\/","og_locale":"en_US","og_type":"article","og_title":"B\u00f6hler Welding Rear cap (medium) - 82.10.065","og_description":"Lider sprzeda\u017cy, Oficjalny Dystrybutor Premium i Serwis na Polsk\u0119 Migatronic, Gys, Voestalpine Bohler Welding. Nowe i u\u017cywane Spawarki, Przecinarki Plazmowe, Kompresory. Mgr in\u017c. Jaros\u0142aw Ko\u0142aski, IWE","og_url":"https:\/\/spawlab.pl\/en\/produkt\/bohler-welding-rear-cap-medium-82-10-065\/","og_site_name":"SpawLab - Welding equipment and plasma cutters - store and service","article_publisher":"https:\/\/www.facebook.com\/Spawlab\/","og_image":[{"width":515,"height":515,"url":"https:\/\/spawlab.pl\/wp-content\/uploads\/2025\/07\/82.10.018-1200x1200px.515Wx515H.jpg","type":"image\/jpeg"}],"twitter_misc":{"Price":"12,43&nbsp;&#122;&#322; (10,11&nbsp;&#122;&#322; netto)","Availability":"On backorder"},"schema":{"@context":"https:\/\/schema.org","@graph":[{"@type":["WebPage","ItemPage"],"@id":"https:\/\/spawlab.pl\/en\/produkt\/bohler-welding-rear-cap-medium-82-10-065\/","url":"https:\/\/spawlab.pl\/en\/produkt\/bohler-welding-rear-cap-medium-82-10-065\/","name":"B\u00f6hler Welding Rear cap (medium) - 82.10.065","isPartOf":{"@id":"https:\/\/spawlab.pl\/en\/#website"},"primaryImageOfPage":{"@id":"https:\/\/spawlab.pl\/en\/produkt\/bohler-welding-rear-cap-medium-82-10-065\/#primaryimage"},"image":{"@id":"https:\/\/spawlab.pl\/en\/produkt\/bohler-welding-rear-cap-medium-82-10-065\/#primaryimage"},"thumbnailUrl":"https:\/\/spawlab.pl\/wp-content\/uploads\/2025\/07\/82.10.018-1200x1200px.515Wx515H.jpg","datePublished":"2025-07-09T21:25:49+00:00","description":"B\u00f6hler Welding Back cap (medium) (82.10.065) - original part for TIG chucks, package of 3 pcs. Professional welding solutions. Check it out at SpawLab!","breadcrumb":{"@id":"https:\/\/spawlab.pl\/en\/produkt\/bohler-welding-rear-cap-medium-82-10-065\/#breadcrumb"},"inLanguage":"en-US","potentialAction":[{"@type":"ReadAction","target":["https:\/\/spawlab.pl\/en\/produkt\/bohler-welding-rear-cap-medium-82-10-065\/"]}]},{"@type":"ImageObject","inLanguage":"en-US","@id":"https:\/\/spawlab.pl\/en\/produkt\/bohler-welding-rear-cap-medium-82-10-065\/#primaryimage","url":"https:\/\/spawlab.pl\/wp-content\/uploads\/2025\/07\/82.10.018-1200x1200px.515Wx515H.jpg","contentUrl":"https:\/\/spawlab.pl\/wp-content\/uploads\/2025\/07\/82.10.018-1200x1200px.515Wx515H.jpg","width":515,"height":515},{"@type":"BreadcrumbList","@id":"https:\/\/spawlab.pl\/en\/produkt\/bohler-welding-rear-cap-medium-82-10-065\/#breadcrumb","itemListElement":[{"@type":"ListItem","position":1,"name":"Strona g\u0142\u00f3wna","item":"https:\/\/spawlab.pl\/en\/"},{"@type":"ListItem","position":2,"name":"Store","item":"https:\/\/spawlab.pl\/en\/shop\/"},{"@type":"ListItem","position":3,"name":"B\u00f6hler Welding Rear cap (medium) &#8211; 82.10.065"}]},{"@type":"WebSite","@id":"https:\/\/spawlab.pl\/en\/#website","url":"https:\/\/spawlab.pl\/en\/","name":"Spawlab.pl Lider - Spawarki, Przecinarki Plazmowe, Kompresory","description":"Urz\u0105dzenia spawalnicze i Przecinarki plazmowe\/ nowe i u\u017cywane \/ Profesjonalny serwis","publisher":{"@id":"https:\/\/spawlab.pl\/en\/#organization"},"alternateName":"Spawlab.pl - Dystrybutor Premium i Serwis na Polske Migatronic, Gys, Voestalpine Bohler Welding","potentialAction":[{"@type":"SearchAction","target":{"@type":"EntryPoint","urlTemplate":"https:\/\/spawlab.pl\/en\/?s={search_term_string}"},"query-input":{"@type":"PropertyValueSpecification","valueRequired":true,"valueName":"search_term_string"}}],"inLanguage":"en-US"},{"@type":["Organization","Place"],"@id":"https:\/\/spawlab.pl\/en\/#organization","name":"Spawlab.pl","url":"https:\/\/spawlab.pl\/en\/","logo":{"@id":"https:\/\/spawlab.pl\/en\/produkt\/bohler-welding-rear-cap-medium-82-10-065\/#local-main-organization-logo"},"image":{"@id":"https:\/\/spawlab.pl\/en\/produkt\/bohler-welding-rear-cap-medium-82-10-065\/#local-main-organization-logo"},"sameAs":["https:\/\/www.facebook.com\/Spawlab\/","https:\/\/www.linkedin.com\/company\/spawlab","https:\/\/www.instagram.com\/spawlab.pl","https:\/\/www.tiktok.com\/@spawlab"],"description":"Lider sprzeda\u017cy, Oficjalny Dystrybutor Premium i Serwis na Polsk\u0119 Migatronic, Gys, Voestalpine Bohler Welding. Nowe i u\u017cywane Spawarki, Przecinarki Plazmowe, Kompresory. Mgr in\u017c. Jaros\u0142aw Ko\u0142aski, IWE","hasMerchantReturnPolicy":{"@type":"MerchantReturnPolicy","merchantReturnLink":"https:\/\/spawlab.pl\/polityka-prywatnosci-2\/"},"telephone":[],"openingHoursSpecification":[{"@type":"OpeningHoursSpecification","dayOfWeek":["Monday","Tuesday","Wednesday","Thursday","Friday","Saturday","Sunday"],"opens":"09:00","closes":"17:00"}]},{"@type":"ImageObject","inLanguage":"en-US","@id":"https:\/\/spawlab.pl\/en\/produkt\/bohler-welding-rear-cap-medium-82-10-065\/#local-main-organization-logo","url":"https:\/\/spawlab.pl\/wp-content\/uploads\/2022\/01\/olx.jpg","contentUrl":"https:\/\/spawlab.pl\/wp-content\/uploads\/2022\/01\/olx.jpg","width":200,"height":200,"caption":"Spawlab.pl"}]},"product_brand":"B\u00f6hler","product_price_amount":"12.43","product_price_currency":"PLN","og_availability":"backorder","product_availability":"available for order","product_retailer_item_id":"82.10.065","product_condition":"new"},"_links":{"self":[{"href":"https:\/\/spawlab.pl\/en\/wp-json\/wp\/v2\/product\/42481","targetHints":{"allow":["GET"]}}],"collection":[{"href":"https:\/\/spawlab.pl\/en\/wp-json\/wp\/v2\/product"}],"about":[{"href":"https:\/\/spawlab.pl\/en\/wp-json\/wp\/v2\/types\/product"}],"wp:featuredmedia":[{"embeddable":true,"href":"https:\/\/spawlab.pl\/en\/wp-json\/wp\/v2\/media\/41175"}],"wp:attachment":[{"href":"https:\/\/spawlab.pl\/en\/wp-json\/wp\/v2\/media?parent=42481"}],"wp:term":[{"taxonomy":"product_brand","embeddable":true,"href":"https:\/\/spawlab.pl\/en\/wp-json\/wp\/v2\/product_brand?post=42481"},{"taxonomy":"product_cat","embeddable":true,"href":"https:\/\/spawlab.pl\/en\/wp-json\/wp\/v2\/product_cat?post=42481"},{"taxonomy":"product_tag","embeddable":true,"href":"https:\/\/spawlab.pl\/en\/wp-json\/wp\/v2\/product_tag?post=42481"}],"curies":[{"name":"wp","href":"https:\/\/api.w.org\/{rel}","templated":true}]}}