{"id":42552,"date":"2025-07-09T23:38:44","date_gmt":"2025-07-09T21:38:44","guid":{"rendered":"https:\/\/spawlab.pl\/produkt\/bohler-welding-welding-program-package-g3-4-si1-m21-ar-18co2-rapideep-79-i2-00061\/"},"modified":"2025-07-09T23:38:44","modified_gmt":"2025-07-09T21:38:44","slug":"bohler-welding-welding-program-package-g3-4-si1-m21-ar-18co2-rapideep-79-i2-00061","status":"publish","type":"product","link":"https:\/\/spawlab.pl\/en\/produkt\/bohler-welding-welding-program-package-g3-4-si1-m21-ar-18co2-rapideep-79-i2-00061\/","title":{"rendered":"B\u00f6hler Welding Welding Program Package G3\/4 Si1 M21 (Ar 18%CO2) &#8211; RapiDeep &#8211; 79.I2.00061"},"content":{"rendered":"<div class=\"custom-product-section distributor-info spawlab-info\">\n<p><strong>SpawLab &#8211; your Authorized Voestalpine B\u00f6hler Welding Partner in Poland!<\/strong><\/p>\n<p>We are <strong>an official distributor of<\/strong> Voestalpine B\u00f6hler Welding equipment and <strong>an Authorized Service Center in Poland<\/strong>. Our team has undergone <strong>rigorous technical training directly in Italy<\/strong> at the manufacturer&#8217;s centers. <\/p>\n<p>When you choose SpawLab, you are assured of original products, access to B\u00f6hler Welding solutions, professional advice and service support.<\/p>\n<\/div>\n<div class=\"custom-product-section product-intro\">\n<h2 class=\"product-section-title main-product-title\">B\u00f6hler Welding Welding Program Package G3\/4 Si1 M21 (Ar 18%CO2) &#8211; RapiDeep &#8211; 79.I2.00061<\/h2>\n<div class=\"description-content product-marketing-description\">\n<p>Unlock the full potential of the advanced RapiDeep process in your B\u00f6hler Welding machine! This dedicated suite of welding programs has been precisely optimized for welding with G3\/4 Si1 wire in M21 gas (Ar 18% CO2). <\/p>\n<p>Install the package to access synergistic curves that maximize RapiDeep process performance &#8211; increasing welding speeds by up to 50% and guaranteeing deeper penetration with reduced heat input. It&#8217;s the solution for professionals demanding the highest productivity and weld quality when welding steel, working on compatible B\u00f6hler Welding equipment from the URANOS NX or TERRA NX series. <\/p>\n<\/div>\n<\/div>\n<h3 class=\"custom-product-heading advanced-features-heading\">Explore Advanced Welding Programs Package &#8211; G3\/4 Si1 M21 (Ar 18%CO2) &#8211; RapiDeep<\/h3>\n<div class=\"custom-accordion advanced-features-accordion\">\n<details class=\"custom-accordion-item\">\n<summary class=\"custom-subtitle accordion-title\">\u2699\ufe0f Innovative Welding Process RapiDeep<\/summary>\n<div class=\"accordion-content\">\n<p>RapiDeep is B\u00f6hler Welding&#8217;s revolutionary patented MIG\/MAG welding process designed to <strong>maximize speed and penetration depth<\/strong>. It features <strong>an exceptionally concentrated and stable arc<\/strong> that allows for a significant increase in welding efficiency, especially when joining carbon and low-alloy steels. <\/p>\n<p>Thanks to its unique arc control, RapiDeep makes it possible to <strong>increase welding speed by up to 50%<\/strong> compared to traditional pulsed methods, while <strong>reducing linear welding energy (Heat Input)<\/strong>. This translates into less distortion of the welded material, a narrower heat affected zone (HAZ) and improved mechanical properties of the joint. Deep penetration often reduces the number of stitches or changes in joint preparation, further <strong>optimizing cost and production time<\/strong>. This program package provides ideal synergistic settings for the RapiDeep process using G3\/4 Si1 wire and M21 gas.   <\/p>\n<\/div>\n<\/details>\n<\/div>\n<div class=\"custom-product-section product-specs\">\n<h3 class=\"custom-product-heading specs-heading\">Technical Specifications<\/h3>\n<table class=\"specs-table\">\n<thead>\n<tr>\n<th>Parameter<\/th>\n<th>Value<\/th>\n<\/tr>\n<\/thead>\n<tbody>\n<tr>\n<td>Product Type<\/td>\n<td>Welding Software Package (Software)<\/td>\n<\/tr>\n<tr>\n<td>Catalog Number<\/td>\n<td>79.I2.00061<\/td>\n<\/tr>\n<tr>\n<td>Welding Process<\/td>\n<td>MIG\/MAG (RapiDeep optimization).<\/td>\n<\/tr>\n<tr>\n<td>Compatible Wire<\/td>\n<td>G3\/4 Si1 (Steel)<\/td>\n<\/tr>\n<tr>\n<td>Compatible Shielding Gas<\/td>\n<td>M21 (Argon 18% CO2)<\/td>\n<\/tr>\n<tr>\n<td>Equipment Compatibility<\/td>\n<td>Selected B\u00f6hler Welding URANOS NX \/ TERRA NX models that support the RapiDeep process (requires verification with device documentation)<\/td>\n<\/tr>\n<\/tbody>\n<\/table>\n<\/div>\n<div class=\"custom-product-section product-set-contents\">\n<h3 class=\"custom-product-heading set-contents-heading\">Kit Contents \/ Packaging<\/h3>\n<p>? The product (Welding Programs Package &#8211; G3\/4 Si1 M21 (Ar 18%CO2) &#8211; RapiDeep) is supplied as a single piece (data file\/license), according to the manufacturer&#8217;s standard Voestalpine B\u00f6hler Welding. Additional accessories are usually available separately. <\/p>\n<\/div>\n<div class=\"custom-product-section product-features\">\n<h3 class=\"custom-product-heading features-heading\">Key Features and Benefits<\/h3>\n<ul class=\"custom-product-list features-list\">\n<li>? O <strong>ptimized RapiDeep Parameters:<\/strong> Access finely tuned synergy curves for G3\/4 Si1 wire and M21 gas combinations, providing reproducible, top-quality results without time-consuming testing.<\/li>\n<li>\u23f1\ufe0f <strong>Radical Increase in Welding Speed:<\/strong> Reduce job turnaround time with the ability to weld up to 50% faster compared to the standard MIG\/MAG pulse process, directly reducing production costs.<\/li>\n<li>? <strong>Deeper Penetration and Less Heat Introduction:<\/strong> Achieve excellent penetration and strong welds while reducing material distortion with a concentrated arc and reduced linear energy input.<\/li>\n<li>? F <strong>ull B\u00f6hler System Integration:<\/strong> Seamless installation and activation on compatible B\u00f6hler Welding equipment, instantly expanding its capabilities with an optimized RapiDeep process for specific applications.<\/li>\n<\/ul>\n<\/div>\n<div class=\"custom-product-section product-application\">\n<h3 class=\"custom-product-heading application-heading\">Product Application<\/h3>\n<ul class=\"custom-product-list application-list\">\n<li>? This suite of programs is ideal for professionals and companies dealing with:<\/li>\n<li>Production of steel structures<\/li>\n<li>Construction of machinery and equipment<\/li>\n<li>Shipbuilding and offshore industry<\/li>\n<li>Manufacturing of tanks and pipelines<\/li>\n<li>Automated and robotic welding, where speed and repeatability are important<\/li>\n<li>Work requiring deep penetration when welding steel with G3\/4 Si1 wire in M21 shielding<\/li>\n<\/ul>\n<\/div>\n<div class=\"custom-product-section product-summary conclusion\">\n<h3 class=\"custom-product-heading summary-heading\">Summary: Welding Programs Package &#8211; G3\/4 Si1 M21 (Ar 18%CO2) &#8211; RapiDeep &#8211; Your Investment in Quality B\u00f6hler Welding<\/h3>\n<div class=\"summary-content\">\n<p>? Get the most out of RapiDeep technology with B\u00f6hler Welding&#8217;s 79.I2.00061 program package! Optimize your steel welding processes with G3\/4 Si1 wire in M21 shielding, achieving unprecedented speed and penetration depth. It&#8217;s an investment in productivity and quality that quickly pays for itself. To discover the full capabilities of B\u00f6hler Welding Welding Programs Package &#8211; G3\/4 Si1 M21 (Ar 18%CO2) &#8211; RapiDeep and get the best deal, contact the experts at SpawLab &#8211; the official distributor and authorized service provider of Voestalpine B\u00f6hler Welding in Poland. Our team, trained in Italy, is at your service.    <\/p>\n<\/div>\n<\/div>\n<div class=\"custom-product-section product-codes-info\">\n<p><strong>Part number (Art. No.):<\/strong> 79.I2.00061<\/p>\n<\/div>\n","protected":false},"excerpt":{"rendered":"<p>B\u00f6hler Welding Welding Program Package G3\/4 Si1 M21 (Ar 18%CO2) &#8211; RapiDeep (79.I2.00061) &#8211; Maximum RapiDeep Welding Performance. Professional welding solutions. <\/p>\n","protected":false},"featured_media":38560,"template":"","meta":{"inline_featured_image":false},"product_brand":[772],"product_cat":[11536,5686],"product_tag":[13198,12313,13196,13197,3397,12291,11547],"class_list":{"0":"post-42552","1":"product","2":"type-product","3":"status-publish","4":"has-post-thumbnail","6":"product_brand-bohler","7":"product_cat-bohler-en-2","8":"product_cat-brand-zone","9":"product_tag-79-i2-00061-en","10":"product_tag-bohler-welding-rapideep-en","11":"product_tag-g3-4-si1-en","12":"product_tag-m21-gas-en","13":"product_tag-mig-mag-welding","14":"product_tag-optimization-of-welding","15":"product_tag-welding-software-package","17":"first","18":"onbackorder","19":"taxable","20":"shipping-taxable","21":"purchasable","22":"product-type-simple"},"yoast_head":"<!-- This site is optimized with the Yoast SEO Premium plugin v27.5 (Yoast SEO v27.6) - https:\/\/yoast.com\/product\/yoast-seo-premium-wordpress\/ -->\n<title>B\u00f6hler Welding RapiDeep G3\/4 Si1 M21 Program Package - 79.I2.00061<\/title>\n<meta name=\"description\" content=\"[B\u00f6hler Welding Program Package G3\/4 Si1 M21 (Ar 18%CO2) - RapiDeep (79.I2.00061) - Maximum RapiDeep Welding Performance. Check it out at SpawLab!]\" \/>\n<meta name=\"robots\" content=\"index, follow, max-snippet:-1, max-image-preview:large, max-video-preview:-1\" \/>\n<link rel=\"canonical\" href=\"https:\/\/spawlab.pl\/en\/produkt\/bohler-welding-welding-program-package-g3-4-si1-m21-ar-18co2-rapideep-79-i2-00061\/\" \/>\n<meta property=\"og:locale\" content=\"en_US\" \/>\n<meta property=\"og:type\" content=\"article\" \/>\n<meta property=\"og:title\" content=\"B\u00f6hler Welding Welding Program Package G3\/4 Si1 M21 (Ar 18%CO2) - RapiDeep - 79.I2.00061\" \/>\n<meta property=\"og:description\" content=\"Lider sprzeda\u017cy, Oficjalny Dystrybutor Premium i Serwis na Polsk\u0119 Migatronic, Gys, Voestalpine Bohler Welding. Nowe i u\u017cywane Spawarki, Przecinarki Plazmowe, Kompresory. Mgr in\u017c. Jaros\u0142aw Ko\u0142aski, IWE\" \/>\n<meta property=\"og:url\" content=\"https:\/\/spawlab.pl\/en\/produkt\/bohler-welding-welding-program-package-g3-4-si1-m21-ar-18co2-rapideep-79-i2-00061\/\" \/>\n<meta property=\"og:site_name\" content=\"SpawLab - Welding equipment and plasma cutters - store and service\" \/>\n<meta property=\"article:publisher\" content=\"https:\/\/www.facebook.com\/Spawlab\/\" \/>\n<meta property=\"og:image\" content=\"https:\/\/spawlab.pl\/wp-content\/uploads\/2025\/06\/Frame-1-scaled.png\" \/>\n\t<meta property=\"og:image:width\" content=\"2560\" \/>\n\t<meta property=\"og:image:height\" content=\"2197\" \/>\n\t<meta property=\"og:image:type\" content=\"image\/png\" \/>\n<meta name=\"twitter:label1\" content=\"Price\" \/>\n\t<meta name=\"twitter:data1\" content=\"1 311,67&nbsp;&#122;&#322; (1 066,40&nbsp;&#122;&#322; netto)\" \/>\n\t<meta name=\"twitter:label2\" content=\"Availability\" \/>\n\t<meta name=\"twitter:data2\" content=\"On backorder\" \/>\n<script type=\"application\/ld+json\" class=\"yoast-schema-graph\">{\"@context\":\"https:\\\/\\\/schema.org\",\"@graph\":[{\"@type\":[\"WebPage\",\"ItemPage\"],\"@id\":\"https:\\\/\\\/spawlab.pl\\\/en\\\/produkt\\\/bohler-welding-welding-program-package-g3-4-si1-m21-ar-18co2-rapideep-79-i2-00061\\\/\",\"url\":\"https:\\\/\\\/spawlab.pl\\\/en\\\/produkt\\\/bohler-welding-welding-program-package-g3-4-si1-m21-ar-18co2-rapideep-79-i2-00061\\\/\",\"name\":\"B\u00f6hler Welding RapiDeep G3\\\/4 Si1 M21 Program Package - 79.I2.00061\",\"isPartOf\":{\"@id\":\"https:\\\/\\\/spawlab.pl\\\/en\\\/#website\"},\"primaryImageOfPage\":{\"@id\":\"https:\\\/\\\/spawlab.pl\\\/en\\\/produkt\\\/bohler-welding-welding-program-package-g3-4-si1-m21-ar-18co2-rapideep-79-i2-00061\\\/#primaryimage\"},\"image\":{\"@id\":\"https:\\\/\\\/spawlab.pl\\\/en\\\/produkt\\\/bohler-welding-welding-program-package-g3-4-si1-m21-ar-18co2-rapideep-79-i2-00061\\\/#primaryimage\"},\"thumbnailUrl\":\"https:\\\/\\\/spawlab.pl\\\/wp-content\\\/uploads\\\/2025\\\/06\\\/Frame-1-scaled.png\",\"datePublished\":\"2025-07-09T21:38:44+00:00\",\"description\":\"[B\u00f6hler Welding Program Package G3\\\/4 Si1 M21 (Ar 18%CO2) - RapiDeep (79.I2.00061) - Maximum RapiDeep Welding Performance. Check it out at SpawLab!]\",\"breadcrumb\":{\"@id\":\"https:\\\/\\\/spawlab.pl\\\/en\\\/produkt\\\/bohler-welding-welding-program-package-g3-4-si1-m21-ar-18co2-rapideep-79-i2-00061\\\/#breadcrumb\"},\"inLanguage\":\"en-US\",\"potentialAction\":[{\"@type\":\"ReadAction\",\"target\":[\"https:\\\/\\\/spawlab.pl\\\/en\\\/produkt\\\/bohler-welding-welding-program-package-g3-4-si1-m21-ar-18co2-rapideep-79-i2-00061\\\/\"]}]},{\"@type\":\"ImageObject\",\"inLanguage\":\"en-US\",\"@id\":\"https:\\\/\\\/spawlab.pl\\\/en\\\/produkt\\\/bohler-welding-welding-program-package-g3-4-si1-m21-ar-18co2-rapideep-79-i2-00061\\\/#primaryimage\",\"url\":\"https:\\\/\\\/spawlab.pl\\\/wp-content\\\/uploads\\\/2025\\\/06\\\/Frame-1-scaled.png\",\"contentUrl\":\"https:\\\/\\\/spawlab.pl\\\/wp-content\\\/uploads\\\/2025\\\/06\\\/Frame-1-scaled.png\",\"width\":2560,\"height\":2197},{\"@type\":\"BreadcrumbList\",\"@id\":\"https:\\\/\\\/spawlab.pl\\\/en\\\/produkt\\\/bohler-welding-welding-program-package-g3-4-si1-m21-ar-18co2-rapideep-79-i2-00061\\\/#breadcrumb\",\"itemListElement\":[{\"@type\":\"ListItem\",\"position\":1,\"name\":\"Strona g\u0142\u00f3wna\",\"item\":\"https:\\\/\\\/spawlab.pl\\\/en\\\/\"},{\"@type\":\"ListItem\",\"position\":2,\"name\":\"Store\",\"item\":\"https:\\\/\\\/spawlab.pl\\\/en\\\/shop\\\/\"},{\"@type\":\"ListItem\",\"position\":3,\"name\":\"B\u00f6hler Welding Welding Program Package G3\\\/4 Si1 M21 (Ar 18%CO2) &#8211; RapiDeep &#8211; 79.I2.00061\"}]},{\"@type\":\"WebSite\",\"@id\":\"https:\\\/\\\/spawlab.pl\\\/en\\\/#website\",\"url\":\"https:\\\/\\\/spawlab.pl\\\/en\\\/\",\"name\":\"Spawlab.pl Lider - Spawarki, Przecinarki Plazmowe, Kompresory\",\"description\":\"Urz\u0105dzenia spawalnicze i Przecinarki plazmowe\\\/ nowe i u\u017cywane \\\/ Profesjonalny serwis\",\"publisher\":{\"@id\":\"https:\\\/\\\/spawlab.pl\\\/en\\\/#organization\"},\"alternateName\":\"Spawlab.pl - Dystrybutor Premium i Serwis na Polske Migatronic, Gys, Voestalpine Bohler Welding\",\"potentialAction\":[{\"@type\":\"SearchAction\",\"target\":{\"@type\":\"EntryPoint\",\"urlTemplate\":\"https:\\\/\\\/spawlab.pl\\\/en\\\/?s={search_term_string}\"},\"query-input\":{\"@type\":\"PropertyValueSpecification\",\"valueRequired\":true,\"valueName\":\"search_term_string\"}}],\"inLanguage\":\"en-US\"},{\"@type\":[\"Organization\",\"Place\"],\"@id\":\"https:\\\/\\\/spawlab.pl\\\/en\\\/#organization\",\"name\":\"Spawlab.pl\",\"url\":\"https:\\\/\\\/spawlab.pl\\\/en\\\/\",\"logo\":{\"@id\":\"https:\\\/\\\/spawlab.pl\\\/en\\\/produkt\\\/bohler-welding-welding-program-package-g3-4-si1-m21-ar-18co2-rapideep-79-i2-00061\\\/#local-main-organization-logo\"},\"image\":{\"@id\":\"https:\\\/\\\/spawlab.pl\\\/en\\\/produkt\\\/bohler-welding-welding-program-package-g3-4-si1-m21-ar-18co2-rapideep-79-i2-00061\\\/#local-main-organization-logo\"},\"sameAs\":[\"https:\\\/\\\/www.facebook.com\\\/Spawlab\\\/\",\"https:\\\/\\\/www.linkedin.com\\\/company\\\/spawlab\",\"https:\\\/\\\/www.instagram.com\\\/spawlab.pl\",\"https:\\\/\\\/www.tiktok.com\\\/@spawlab\"],\"description\":\"Lider sprzeda\u017cy, Oficjalny Dystrybutor Premium i Serwis na Polsk\u0119 Migatronic, Gys, Voestalpine Bohler Welding. Nowe i u\u017cywane Spawarki, Przecinarki Plazmowe, Kompresory. Mgr in\u017c. Jaros\u0142aw Ko\u0142aski, IWE\",\"hasMerchantReturnPolicy\":{\"@type\":\"MerchantReturnPolicy\",\"merchantReturnLink\":\"https:\\\/\\\/spawlab.pl\\\/polityka-prywatnosci-2\\\/\"},\"telephone\":[],\"openingHoursSpecification\":[{\"@type\":\"OpeningHoursSpecification\",\"dayOfWeek\":[\"Monday\",\"Tuesday\",\"Wednesday\",\"Thursday\",\"Friday\",\"Saturday\",\"Sunday\"],\"opens\":\"09:00\",\"closes\":\"17:00\"}]},{\"@type\":\"ImageObject\",\"inLanguage\":\"en-US\",\"@id\":\"https:\\\/\\\/spawlab.pl\\\/en\\\/produkt\\\/bohler-welding-welding-program-package-g3-4-si1-m21-ar-18co2-rapideep-79-i2-00061\\\/#local-main-organization-logo\",\"url\":\"https:\\\/\\\/spawlab.pl\\\/wp-content\\\/uploads\\\/2022\\\/01\\\/olx.jpg\",\"contentUrl\":\"https:\\\/\\\/spawlab.pl\\\/wp-content\\\/uploads\\\/2022\\\/01\\\/olx.jpg\",\"width\":200,\"height\":200,\"caption\":\"Spawlab.pl\"}]}<\/script>\n<meta property=\"product:brand\" content=\"B\u00f6hler\" \/>\n<meta property=\"product:price:amount\" content=\"1311.67\" \/>\n<meta property=\"product:price:currency\" content=\"PLN\" \/>\n<meta property=\"og:availability\" content=\"backorder\" \/>\n<meta property=\"product:availability\" content=\"available for order\" \/>\n<meta property=\"product:retailer_item_id\" content=\"79.I2.00061\" \/>\n<meta property=\"product:condition\" content=\"new\" \/>\n<!-- \/ Yoast SEO Premium plugin. -->","yoast_head_json":{"title":"B\u00f6hler Welding RapiDeep G3\/4 Si1 M21 Program Package - 79.I2.00061","description":"[B\u00f6hler Welding Program Package G3\/4 Si1 M21 (Ar 18%CO2) - RapiDeep (79.I2.00061) - Maximum RapiDeep Welding Performance. Check it out at SpawLab!]","robots":{"index":"index","follow":"follow","max-snippet":"max-snippet:-1","max-image-preview":"max-image-preview:large","max-video-preview":"max-video-preview:-1"},"canonical":"https:\/\/spawlab.pl\/en\/produkt\/bohler-welding-welding-program-package-g3-4-si1-m21-ar-18co2-rapideep-79-i2-00061\/","og_locale":"en_US","og_type":"article","og_title":"B\u00f6hler Welding Welding Program Package G3\/4 Si1 M21 (Ar 18%CO2) - RapiDeep - 79.I2.00061","og_description":"Lider sprzeda\u017cy, Oficjalny Dystrybutor Premium i Serwis na Polsk\u0119 Migatronic, Gys, Voestalpine Bohler Welding. Nowe i u\u017cywane Spawarki, Przecinarki Plazmowe, Kompresory. Mgr in\u017c. Jaros\u0142aw Ko\u0142aski, IWE","og_url":"https:\/\/spawlab.pl\/en\/produkt\/bohler-welding-welding-program-package-g3-4-si1-m21-ar-18co2-rapideep-79-i2-00061\/","og_site_name":"SpawLab - Welding equipment and plasma cutters - store and service","article_publisher":"https:\/\/www.facebook.com\/Spawlab\/","og_image":[{"width":2560,"height":2197,"url":"https:\/\/spawlab.pl\/wp-content\/uploads\/2025\/06\/Frame-1-scaled.png","type":"image\/png"}],"twitter_misc":{"Price":"1 311,67&nbsp;&#122;&#322; (1 066,40&nbsp;&#122;&#322; netto)","Availability":"On backorder"},"schema":{"@context":"https:\/\/schema.org","@graph":[{"@type":["WebPage","ItemPage"],"@id":"https:\/\/spawlab.pl\/en\/produkt\/bohler-welding-welding-program-package-g3-4-si1-m21-ar-18co2-rapideep-79-i2-00061\/","url":"https:\/\/spawlab.pl\/en\/produkt\/bohler-welding-welding-program-package-g3-4-si1-m21-ar-18co2-rapideep-79-i2-00061\/","name":"B\u00f6hler Welding RapiDeep G3\/4 Si1 M21 Program Package - 79.I2.00061","isPartOf":{"@id":"https:\/\/spawlab.pl\/en\/#website"},"primaryImageOfPage":{"@id":"https:\/\/spawlab.pl\/en\/produkt\/bohler-welding-welding-program-package-g3-4-si1-m21-ar-18co2-rapideep-79-i2-00061\/#primaryimage"},"image":{"@id":"https:\/\/spawlab.pl\/en\/produkt\/bohler-welding-welding-program-package-g3-4-si1-m21-ar-18co2-rapideep-79-i2-00061\/#primaryimage"},"thumbnailUrl":"https:\/\/spawlab.pl\/wp-content\/uploads\/2025\/06\/Frame-1-scaled.png","datePublished":"2025-07-09T21:38:44+00:00","description":"[B\u00f6hler Welding Program Package G3\/4 Si1 M21 (Ar 18%CO2) - RapiDeep (79.I2.00061) - Maximum RapiDeep Welding Performance. Check it out at SpawLab!]","breadcrumb":{"@id":"https:\/\/spawlab.pl\/en\/produkt\/bohler-welding-welding-program-package-g3-4-si1-m21-ar-18co2-rapideep-79-i2-00061\/#breadcrumb"},"inLanguage":"en-US","potentialAction":[{"@type":"ReadAction","target":["https:\/\/spawlab.pl\/en\/produkt\/bohler-welding-welding-program-package-g3-4-si1-m21-ar-18co2-rapideep-79-i2-00061\/"]}]},{"@type":"ImageObject","inLanguage":"en-US","@id":"https:\/\/spawlab.pl\/en\/produkt\/bohler-welding-welding-program-package-g3-4-si1-m21-ar-18co2-rapideep-79-i2-00061\/#primaryimage","url":"https:\/\/spawlab.pl\/wp-content\/uploads\/2025\/06\/Frame-1-scaled.png","contentUrl":"https:\/\/spawlab.pl\/wp-content\/uploads\/2025\/06\/Frame-1-scaled.png","width":2560,"height":2197},{"@type":"BreadcrumbList","@id":"https:\/\/spawlab.pl\/en\/produkt\/bohler-welding-welding-program-package-g3-4-si1-m21-ar-18co2-rapideep-79-i2-00061\/#breadcrumb","itemListElement":[{"@type":"ListItem","position":1,"name":"Strona g\u0142\u00f3wna","item":"https:\/\/spawlab.pl\/en\/"},{"@type":"ListItem","position":2,"name":"Store","item":"https:\/\/spawlab.pl\/en\/shop\/"},{"@type":"ListItem","position":3,"name":"B\u00f6hler Welding Welding Program Package G3\/4 Si1 M21 (Ar 18%CO2) &#8211; RapiDeep &#8211; 79.I2.00061"}]},{"@type":"WebSite","@id":"https:\/\/spawlab.pl\/en\/#website","url":"https:\/\/spawlab.pl\/en\/","name":"Spawlab.pl Lider - Spawarki, Przecinarki Plazmowe, Kompresory","description":"Urz\u0105dzenia spawalnicze i Przecinarki plazmowe\/ nowe i u\u017cywane \/ Profesjonalny serwis","publisher":{"@id":"https:\/\/spawlab.pl\/en\/#organization"},"alternateName":"Spawlab.pl - Dystrybutor Premium i Serwis na Polske Migatronic, Gys, Voestalpine Bohler Welding","potentialAction":[{"@type":"SearchAction","target":{"@type":"EntryPoint","urlTemplate":"https:\/\/spawlab.pl\/en\/?s={search_term_string}"},"query-input":{"@type":"PropertyValueSpecification","valueRequired":true,"valueName":"search_term_string"}}],"inLanguage":"en-US"},{"@type":["Organization","Place"],"@id":"https:\/\/spawlab.pl\/en\/#organization","name":"Spawlab.pl","url":"https:\/\/spawlab.pl\/en\/","logo":{"@id":"https:\/\/spawlab.pl\/en\/produkt\/bohler-welding-welding-program-package-g3-4-si1-m21-ar-18co2-rapideep-79-i2-00061\/#local-main-organization-logo"},"image":{"@id":"https:\/\/spawlab.pl\/en\/produkt\/bohler-welding-welding-program-package-g3-4-si1-m21-ar-18co2-rapideep-79-i2-00061\/#local-main-organization-logo"},"sameAs":["https:\/\/www.facebook.com\/Spawlab\/","https:\/\/www.linkedin.com\/company\/spawlab","https:\/\/www.instagram.com\/spawlab.pl","https:\/\/www.tiktok.com\/@spawlab"],"description":"Lider sprzeda\u017cy, Oficjalny Dystrybutor Premium i Serwis na Polsk\u0119 Migatronic, Gys, Voestalpine Bohler Welding. Nowe i u\u017cywane Spawarki, Przecinarki Plazmowe, Kompresory. Mgr in\u017c. Jaros\u0142aw Ko\u0142aski, IWE","hasMerchantReturnPolicy":{"@type":"MerchantReturnPolicy","merchantReturnLink":"https:\/\/spawlab.pl\/polityka-prywatnosci-2\/"},"telephone":[],"openingHoursSpecification":[{"@type":"OpeningHoursSpecification","dayOfWeek":["Monday","Tuesday","Wednesday","Thursday","Friday","Saturday","Sunday"],"opens":"09:00","closes":"17:00"}]},{"@type":"ImageObject","inLanguage":"en-US","@id":"https:\/\/spawlab.pl\/en\/produkt\/bohler-welding-welding-program-package-g3-4-si1-m21-ar-18co2-rapideep-79-i2-00061\/#local-main-organization-logo","url":"https:\/\/spawlab.pl\/wp-content\/uploads\/2022\/01\/olx.jpg","contentUrl":"https:\/\/spawlab.pl\/wp-content\/uploads\/2022\/01\/olx.jpg","width":200,"height":200,"caption":"Spawlab.pl"}]},"product_brand":"B\u00f6hler","product_price_amount":"1311.67","product_price_currency":"PLN","og_availability":"backorder","product_availability":"available for order","product_retailer_item_id":"79.I2.00061","product_condition":"new"},"_links":{"self":[{"href":"https:\/\/spawlab.pl\/en\/wp-json\/wp\/v2\/product\/42552","targetHints":{"allow":["GET"]}}],"collection":[{"href":"https:\/\/spawlab.pl\/en\/wp-json\/wp\/v2\/product"}],"about":[{"href":"https:\/\/spawlab.pl\/en\/wp-json\/wp\/v2\/types\/product"}],"wp:featuredmedia":[{"embeddable":true,"href":"https:\/\/spawlab.pl\/en\/wp-json\/wp\/v2\/media\/38560"}],"wp:attachment":[{"href":"https:\/\/spawlab.pl\/en\/wp-json\/wp\/v2\/media?parent=42552"}],"wp:term":[{"taxonomy":"product_brand","embeddable":true,"href":"https:\/\/spawlab.pl\/en\/wp-json\/wp\/v2\/product_brand?post=42552"},{"taxonomy":"product_cat","embeddable":true,"href":"https:\/\/spawlab.pl\/en\/wp-json\/wp\/v2\/product_cat?post=42552"},{"taxonomy":"product_tag","embeddable":true,"href":"https:\/\/spawlab.pl\/en\/wp-json\/wp\/v2\/product_tag?post=42552"}],"curies":[{"name":"wp","href":"https:\/\/api.w.org\/{rel}","templated":true}]}}