{"id":42564,"date":"2025-07-09T23:38:32","date_gmt":"2025-07-09T21:38:32","guid":{"rendered":"https:\/\/spawlab.pl\/produkt\/bohler-welding-welding-program-package-diamondspark-700mc-m21-ar-15%c3%b725co2-pulsdrive-79-i2-00158\/"},"modified":"2025-07-09T23:38:32","modified_gmt":"2025-07-09T21:38:32","slug":"bohler-welding-welding-program-package-diamondspark-700mc-m21-ar-15%c3%b725co2-pulsdrive-79-i2-00158","status":"publish","type":"product","link":"https:\/\/spawlab.pl\/en\/produkt\/bohler-welding-welding-program-package-diamondspark-700mc-m21-ar-15%c3%b725co2-pulsdrive-79-i2-00158\/","title":{"rendered":"B\u00f6hler Welding Welding Program Package diamondspark 700MC M21 (Ar 15\u00f725%CO2) &#8211; PulsDrive &#8211; 79.I2.00158"},"content":{"rendered":"<div class=\"custom-product-section distributor-info spawlab-info\">\n<p><strong>SpawLab &#8211; your Authorized Voestalpine B\u00f6hler Welding Partner in Poland!<\/strong><\/p>\n<p>We are <strong>an official distributor of<\/strong> Voestalpine B\u00f6hler Welding equipment and <strong>an Authorized Service Center in Poland<\/strong>. Our team has undergone <strong>rigorous technical training directly in Italy<\/strong> at the manufacturer&#8217;s centers. <\/p>\n<p>When you choose SpawLab, you are assured of original products, access to B\u00f6hler Welding solutions, professional advice and service support.<\/p>\n<\/div>\n<div class=\"custom-product-section product-intro\">\n<h2 class=\"product-section-title main-product-title\">B\u00f6hler Welding Welding Program Package diamondspark 700MC M21 (Ar 15\u00f725%CO2) &#8211; PulsDrive &#8211; 79.I2.00158<\/h2>\n<div class=\"description-content product-marketing-description\">\n<p>This specialized Welding Software Package from B\u00f6hler Welding has been precisely developed to unlock the full potential of the advanced PulsDrive process for diamondspark 700MC cored wire in M21 gas shielding (Ar 15-25% CO2). It is key software for professionals seeking to achieve superior weld quality, minimize spatter and optimize productivity when welding high-strength MIG\/MAG steels with pulse on B\u00f6hler Welding equipment. <\/p>\n<p>Thanks to dedicated synergy curves, this program package guarantees perfect control of the welding arc and ideal weld formation, which directly translates into the reduction of time-consuming post-processing and minimization of material costs. Investing in this package is a conscious step towards precise, reproducible and highly efficient welding of demanding steel structures, in accordance with the highest &#8216;Made in Europe&#8217; quality standards of the B\u00f6hler Welding brand. <\/p>\n<\/div>\n<\/div>\n<h3 class=\"custom-product-heading advanced-features-heading\">Explore Advanced Capabilities _x000D_Welding Programs Package &#8211; diamondspark 700MC M21 (Ar 15\u00f725%CO2) -_x000D_PulsDrive_x000D_.<\/h3>\n<div class=\"custom-accordion advanced-features-accordion\">\n<details class=\"custom-accordion-item\">\n<summary class=\"custom-subtitle accordion-title\">\u26a1\ufe0f Advanced Welding Process PulsDrive<\/summary>\n<div class=\"accordion-content\">\n<p>PulsDrive is <strong>B\u00f6hler Welding&#8217;s patented digital MIG\/MAG pulse welding process<\/strong> that revolutionizes the approach to joining metals with its &#8220;one pulse &#8211; one drop&#8221; principle. This advanced technology provides <strong>exceptional, precise control over the transfer of metal into the weld pool<\/strong>, which translates <strong>into<\/strong> a number of tangible benefits for the professional <strong>welder<\/strong>. By precisely controlling each current pulse, PulsDrive <strong>minimizes weld spatter<\/strong>, significantly reducing the time and cost associated with cleaning and post-treating the weld.  <\/p>\n<p>The PulsDrive process guarantees <strong>excellent control of the welding arc and its high stability<\/strong>, even when welding in forced positions or on thin materials. It makes it possible to obtain a smooth weld face with an impeccable appearance, which is particularly important in applications requiring the highest aesthetics (e.g. stainless steel, aluminum). PulsDrive is ideal for welding materials such as high-strength steels (e.g., with diamondspark 700MC wire), stainless steels and aluminum alloys, providing <strong>optimal fusion, excellent metallurgical quality of the joint while reducing heat input and minimizing distortion.<\/strong>  <\/p>\n<\/div>\n<\/details>\n<\/div>\n<div class=\"custom-product-section product-specs\">\n<h3 class=\"custom-product-heading specs-heading\">Technical Specifications<\/h3>\n<table class=\"specs-table\">\n<thead>\n<tr>\n<th>Parameter<\/th>\n<th>Value<\/th>\n<\/tr>\n<\/thead>\n<tbody>\n<tr>\n<td>Product type<\/td>\n<td>Welding Software Package (software)<\/td>\n<\/tr>\n<tr>\n<td>Purpose<\/td>\n<td>Activation and optimization of the MIG\/MAG welding process with pulse<\/td>\n<\/tr>\n<tr>\n<td>Compatible welding wire<\/td>\n<td>B\u00f6hler Welding diamondspark 700MC (or materials with similar characteristics)<\/td>\n<\/tr>\n<tr>\n<td>Compatible shielding gas<\/td>\n<td>M21 (Argon 15-25% CO2)<\/td>\n<\/tr>\n<tr>\n<td>Activated\/Optimized Welding Process<\/td>\n<td>B\u00f6hler Welding PulsDrive<\/td>\n<\/tr>\n<tr>\n<td>Brand<\/td>\n<td>B\u00f6hler Welding (part of Voestalpine B\u00f6hler Welding)<\/td>\n<\/tr>\n<tr>\n<td>Part number (Art. No.)<\/td>\n<td>79.I2.00158<\/td>\n<\/tr>\n<tr>\n<td>Media<\/td>\n<td>Software (requires a compatible B\u00f6hler Welding NX Series or other supporting software package)<\/td>\n<\/tr>\n<\/tbody>\n<\/table>\n<\/div>\n<div class=\"custom-product-section product-set-contents\">\n<h3 class=\"custom-product-heading set-contents-heading\">Kit Contents \/ Packaging<\/h3>\n<p>The product (Welding Program Package &#8211; diamondspark 700MC M21 (Ar 15\u00f725%CO2) &#8211; PulsDrive) is supplied as a single piece (activation software), according to the standard of the manufacturer Voestalpine B\u00f6hler Welding. Additional accessories and compatible welding equipment are available separately. <\/p>\n<\/div>\n<div class=\"custom-product-section product-features\">\n<h3 class=\"custom-product-heading features-heading\">Key Features and Benefits<\/h3>\n<ul class=\"custom-product-list features-list\">\n<li>? <strong>Dedicated Synergy for diamondspark 700MC:<\/strong> Precision-tuned welding parameters for 700MC high-strength wire and M21 gas, guaranteeing optimum results, repeatability, and superior joint quality.<\/li>\n<li>\u26a1 A <strong>dvanced PulsDrive Process:<\/strong> Unlocks the patented &#8220;one-pulse-one-drop&#8221; digital pulse for superior arc control, minimal spatter (reducing machining by up to X%) and perfect weld finish on 700MC steel.<\/li>\n<li>? <strong>Increased Productivity and Efficiency:<\/strong> Significantly improves process stability and weld quality from the first placement, reducing the need for costly touch-ups and shortening the overall turnaround time of welding tasks.<\/li>\n<li>?\ufe0f <strong>Precision Control for Professionals:<\/strong> Enables welders to take full advantage of B\u00f6hler Welding&#8217;s advanced equipment, tailoring the PulsDrive process to the specific requirements of applications on high-strength steels, resulting in better fusion and a smaller heat-affected zone.<\/li>\n<\/ul>\n<\/div>\n<div class=\"custom-product-section product-application\">\n<h3 class=\"custom-product-heading application-heading\">Product Application<\/h3>\n<ul class=\"custom-product-list application-list\">\n<li>The B\u00f6hler Welding diamondspark 700MC M21 &#8211; PulsDrive Welding Program Package is dedicated to professionals performing advanced welding tasks, including:<\/li>\n<li>? Welding of responsible structures made of high-strength steels (e.g., S690, S700 and similar grades) with diamondspark 700MC core wire.<\/li>\n<li>?\ufe0f Manufacturing of construction, agricultural machinery and heavy industry equipment, where maximum quality and strength of welded joints are required.<\/li>\n<li>? Construction of specialized vehicles, trailers, crane frames and other mobile structures subjected to high loads.<\/li>\n<li>?\ufe0f MIG\/MAG pulse welding applications with M21 gas shielding, with an emphasis on minimizing spatter, excellent weld face appearance and reduced post-weld machining.<\/li>\n<li>? Joining of components where precise control of line energy, fusion depth and welding parameters for repeatability and WPS compliance is critical.<\/li>\n<\/ul>\n<\/div>\n<div class=\"custom-product-section product-summary conclusion\">\n<h3 class=\"custom-product-heading summary-heading\">Summary: _x000D_Welding Programs Package &#8211; diamondspark 700MC M21 (Ar 15\u00f725%CO2) -_x000D_PulsDrive_x000D_ &#8211; Your Investment in Quality B\u00f6hler Welding.<\/h3>\n<div class=\"summary-content\">\n<p>? B\u00f6hler Welding&#8217;s Welding Program Package for diamondspark 700MC with PulsDrive is an investment in <strong>uncompromising quality, precision and productivity for welding high-strength steels.<\/strong> Unlock the full potential of your B\u00f6hler Welding machine and achieve superior welding results with the precisely optimized, advanced PulsDrive process. To discover the full capabilities of the B\u00f6hler Welding Welding Program Package &#8211; diamondspark 700MC M21 (Ar 15\u00f725%CO2) &#8211; PulsDrive and get the best deal, contact the experts at SpawLab &#8211; the official distributor and authorized service provider of Voestalpine B\u00f6hler Welding in Poland. Our team, trained in Italy, is at your service.  <\/p>\n<\/div>\n<\/div>\n<div class=\"custom-product-section product-codes-info\">\n<p><strong>Part number (Art. No.):<\/strong> 79.I2.00158<\/p>\n<\/div>\n","protected":false},"excerpt":{"rendered":"<p>B\u00f6hler Welding Diamondspark 700MC M21 PulsDrive Program Package (79.I2.00158) &#8211; PulsDrive optimization for 700MC steel. Professional welding. <\/p>\n","protected":false},"featured_media":38560,"template":"","meta":{"inline_featured_image":false},"product_brand":[772],"product_cat":[11536,5686],"product_tag":[13215,13214,12037,12100,11553,4431,11547],"class_list":{"0":"post-42564","1":"product","2":"type-product","3":"status-publish","4":"has-post-thumbnail","6":"product_brand-bohler","7":"product_cat-bohler-en-2","8":"product_cat-brand-zone","9":"product_tag-700mc-steel-welding","10":"product_tag-bohler-welding-pulsdrive-en","11":"product_tag-bohler-welding-software-en","12":"product_tag-diamondspark-700mc-en","13":"product_tag-m21-en","14":"product_tag-voestalpine-bohler-welding-en","15":"product_tag-welding-software-package","17":"first","18":"onbackorder","19":"taxable","20":"shipping-taxable","21":"purchasable","22":"product-type-simple"},"yoast_head":"<!-- This site is optimized with the Yoast SEO Premium plugin v27.0 (Yoast SEO v27.3) - https:\/\/yoast.com\/product\/yoast-seo-premium-wordpress\/ -->\n<title>B\u00f6hler diamondspark 700MC M21 PulsDrive package (79.I2.00158)<\/title>\n<meta name=\"description\" content=\"B\u00f6hler Welding Diamondspark 700MC M21 PulsDrive Program Package (79.I2.00158) - PulsDrive optimization for 700MC steel. Professional welding. Check it out at SpawLab!\" \/>\n<meta name=\"robots\" content=\"index, follow, max-snippet:-1, max-image-preview:large, max-video-preview:-1\" \/>\n<link rel=\"canonical\" href=\"https:\/\/spawlab.pl\/en\/produkt\/bohler-welding-welding-program-package-diamondspark-700mc-m21-ar-15%c3%b725co2-pulsdrive-79-i2-00158\/\" \/>\n<meta property=\"og:locale\" content=\"en_US\" \/>\n<meta property=\"og:type\" content=\"article\" \/>\n<meta property=\"og:title\" content=\"B\u00f6hler Welding Welding Program Package diamondspark 700MC M21 (Ar 15\u00f725%CO2) - PulsDrive - 79.I2.00158\" \/>\n<meta property=\"og:description\" content=\"Lider sprzeda\u017cy, Oficjalny Dystrybutor Premium i Serwis na Polsk\u0119 Migatronic, Gys, Voestalpine Bohler Welding. Nowe i u\u017cywane Spawarki, Przecinarki Plazmowe, Kompresory. Mgr in\u017c. Jaros\u0142aw Ko\u0142aski, IWE\" \/>\n<meta property=\"og:url\" content=\"https:\/\/spawlab.pl\/en\/produkt\/bohler-welding-welding-program-package-diamondspark-700mc-m21-ar-15%c3%b725co2-pulsdrive-79-i2-00158\/\" \/>\n<meta property=\"og:site_name\" content=\"SpawLab - Welding equipment and plasma cutters - store and service\" \/>\n<meta property=\"article:publisher\" content=\"https:\/\/www.facebook.com\/Spawlab\/\" \/>\n<meta property=\"og:image\" content=\"https:\/\/spawlab.pl\/wp-content\/uploads\/2025\/06\/Frame-1-scaled.png\" \/>\n\t<meta property=\"og:image:width\" content=\"2560\" \/>\n\t<meta property=\"og:image:height\" content=\"2197\" \/>\n\t<meta property=\"og:image:type\" content=\"image\/png\" \/>\n<meta name=\"twitter:label1\" content=\"Price\" \/>\n\t<meta name=\"twitter:data1\" content=\"1 195,31&nbsp;&#122;&#322; (971,80&nbsp;&#122;&#322; netto)\" \/>\n\t<meta name=\"twitter:label2\" content=\"Availability\" \/>\n\t<meta name=\"twitter:data2\" content=\"On backorder\" \/>\n<script type=\"application\/ld+json\" class=\"yoast-schema-graph\">{\"@context\":\"https:\\\/\\\/schema.org\",\"@graph\":[{\"@type\":[\"WebPage\",\"ItemPage\"],\"@id\":\"https:\\\/\\\/spawlab.pl\\\/en\\\/produkt\\\/bohler-welding-welding-program-package-diamondspark-700mc-m21-ar-15%c3%b725co2-pulsdrive-79-i2-00158\\\/\",\"url\":\"https:\\\/\\\/spawlab.pl\\\/en\\\/produkt\\\/bohler-welding-welding-program-package-diamondspark-700mc-m21-ar-15%c3%b725co2-pulsdrive-79-i2-00158\\\/\",\"name\":\"B\u00f6hler diamondspark 700MC M21 PulsDrive package (79.I2.00158)\",\"isPartOf\":{\"@id\":\"https:\\\/\\\/spawlab.pl\\\/en\\\/#website\"},\"primaryImageOfPage\":{\"@id\":\"https:\\\/\\\/spawlab.pl\\\/en\\\/produkt\\\/bohler-welding-welding-program-package-diamondspark-700mc-m21-ar-15%c3%b725co2-pulsdrive-79-i2-00158\\\/#primaryimage\"},\"image\":{\"@id\":\"https:\\\/\\\/spawlab.pl\\\/en\\\/produkt\\\/bohler-welding-welding-program-package-diamondspark-700mc-m21-ar-15%c3%b725co2-pulsdrive-79-i2-00158\\\/#primaryimage\"},\"thumbnailUrl\":\"https:\\\/\\\/spawlab.pl\\\/wp-content\\\/uploads\\\/2025\\\/06\\\/Frame-1-scaled.png\",\"datePublished\":\"2025-07-09T21:38:32+00:00\",\"description\":\"B\u00f6hler Welding Diamondspark 700MC M21 PulsDrive Program Package (79.I2.00158) - PulsDrive optimization for 700MC steel. Professional welding. Check it out at SpawLab!\",\"breadcrumb\":{\"@id\":\"https:\\\/\\\/spawlab.pl\\\/en\\\/produkt\\\/bohler-welding-welding-program-package-diamondspark-700mc-m21-ar-15%c3%b725co2-pulsdrive-79-i2-00158\\\/#breadcrumb\"},\"inLanguage\":\"en-US\",\"potentialAction\":[{\"@type\":\"ReadAction\",\"target\":[\"https:\\\/\\\/spawlab.pl\\\/en\\\/produkt\\\/bohler-welding-welding-program-package-diamondspark-700mc-m21-ar-15%c3%b725co2-pulsdrive-79-i2-00158\\\/\"]}]},{\"@type\":\"ImageObject\",\"inLanguage\":\"en-US\",\"@id\":\"https:\\\/\\\/spawlab.pl\\\/en\\\/produkt\\\/bohler-welding-welding-program-package-diamondspark-700mc-m21-ar-15%c3%b725co2-pulsdrive-79-i2-00158\\\/#primaryimage\",\"url\":\"https:\\\/\\\/spawlab.pl\\\/wp-content\\\/uploads\\\/2025\\\/06\\\/Frame-1-scaled.png\",\"contentUrl\":\"https:\\\/\\\/spawlab.pl\\\/wp-content\\\/uploads\\\/2025\\\/06\\\/Frame-1-scaled.png\",\"width\":2560,\"height\":2197},{\"@type\":\"BreadcrumbList\",\"@id\":\"https:\\\/\\\/spawlab.pl\\\/en\\\/produkt\\\/bohler-welding-welding-program-package-diamondspark-700mc-m21-ar-15%c3%b725co2-pulsdrive-79-i2-00158\\\/#breadcrumb\",\"itemListElement\":[{\"@type\":\"ListItem\",\"position\":1,\"name\":\"Strona g\u0142\u00f3wna\",\"item\":\"https:\\\/\\\/spawlab.pl\\\/en\\\/\"},{\"@type\":\"ListItem\",\"position\":2,\"name\":\"Store\",\"item\":\"https:\\\/\\\/spawlab.pl\\\/en\\\/shop\\\/\"},{\"@type\":\"ListItem\",\"position\":3,\"name\":\"B\u00f6hler Welding Welding Program Package diamondspark 700MC M21 (Ar 15\u00f725%CO2) &#8211; PulsDrive &#8211; 79.I2.00158\"}]},{\"@type\":\"WebSite\",\"@id\":\"https:\\\/\\\/spawlab.pl\\\/en\\\/#website\",\"url\":\"https:\\\/\\\/spawlab.pl\\\/en\\\/\",\"name\":\"Spawlab.pl Lider - Spawarki, Przecinarki Plazmowe, Kompresory\",\"description\":\"Urz\u0105dzenia spawalnicze i Przecinarki plazmowe\\\/ nowe i u\u017cywane \\\/ Profesjonalny serwis\",\"publisher\":{\"@id\":\"https:\\\/\\\/spawlab.pl\\\/en\\\/#organization\"},\"alternateName\":\"Spawlab.pl - Dystrybutor Premium i Serwis na Polske Migatronic, Gys, Voestalpine Bohler Welding\",\"potentialAction\":[{\"@type\":\"SearchAction\",\"target\":{\"@type\":\"EntryPoint\",\"urlTemplate\":\"https:\\\/\\\/spawlab.pl\\\/en\\\/?s={search_term_string}\"},\"query-input\":{\"@type\":\"PropertyValueSpecification\",\"valueRequired\":true,\"valueName\":\"search_term_string\"}}],\"inLanguage\":\"en-US\"},{\"@type\":[\"Organization\",\"Place\"],\"@id\":\"https:\\\/\\\/spawlab.pl\\\/en\\\/#organization\",\"name\":\"Spawlab.pl\",\"url\":\"https:\\\/\\\/spawlab.pl\\\/en\\\/\",\"logo\":{\"@id\":\"https:\\\/\\\/spawlab.pl\\\/en\\\/produkt\\\/bohler-welding-welding-program-package-diamondspark-700mc-m21-ar-15%c3%b725co2-pulsdrive-79-i2-00158\\\/#local-main-organization-logo\"},\"image\":{\"@id\":\"https:\\\/\\\/spawlab.pl\\\/en\\\/produkt\\\/bohler-welding-welding-program-package-diamondspark-700mc-m21-ar-15%c3%b725co2-pulsdrive-79-i2-00158\\\/#local-main-organization-logo\"},\"sameAs\":[\"https:\\\/\\\/www.facebook.com\\\/Spawlab\\\/\",\"https:\\\/\\\/www.linkedin.com\\\/company\\\/spawlab\",\"https:\\\/\\\/www.instagram.com\\\/spawlab.pl\",\"https:\\\/\\\/www.tiktok.com\\\/@spawlab\"],\"description\":\"Lider sprzeda\u017cy, Oficjalny Dystrybutor Premium i Serwis na Polsk\u0119 Migatronic, Gys, Voestalpine Bohler Welding. Nowe i u\u017cywane Spawarki, Przecinarki Plazmowe, Kompresory. Mgr in\u017c. Jaros\u0142aw Ko\u0142aski, IWE\",\"hasMerchantReturnPolicy\":{\"@type\":\"MerchantReturnPolicy\",\"merchantReturnLink\":\"https:\\\/\\\/spawlab.pl\\\/polityka-prywatnosci-2\\\/\"},\"telephone\":[],\"openingHoursSpecification\":[{\"@type\":\"OpeningHoursSpecification\",\"dayOfWeek\":[\"Monday\",\"Tuesday\",\"Wednesday\",\"Thursday\",\"Friday\",\"Saturday\",\"Sunday\"],\"opens\":\"09:00\",\"closes\":\"17:00\"}]},{\"@type\":\"ImageObject\",\"inLanguage\":\"en-US\",\"@id\":\"https:\\\/\\\/spawlab.pl\\\/en\\\/produkt\\\/bohler-welding-welding-program-package-diamondspark-700mc-m21-ar-15%c3%b725co2-pulsdrive-79-i2-00158\\\/#local-main-organization-logo\",\"url\":\"https:\\\/\\\/spawlab.pl\\\/wp-content\\\/uploads\\\/2022\\\/01\\\/olx.jpg\",\"contentUrl\":\"https:\\\/\\\/spawlab.pl\\\/wp-content\\\/uploads\\\/2022\\\/01\\\/olx.jpg\",\"width\":200,\"height\":200,\"caption\":\"Spawlab.pl\"}]}<\/script>\n<meta property=\"product:brand\" content=\"B\u00f6hler\" \/>\n<meta property=\"product:price:amount\" content=\"1195.31\" \/>\n<meta property=\"product:price:currency\" content=\"PLN\" \/>\n<meta property=\"og:availability\" content=\"backorder\" \/>\n<meta property=\"product:availability\" content=\"available for order\" \/>\n<meta property=\"product:retailer_item_id\" content=\"79.I2.00158\" \/>\n<meta property=\"product:condition\" content=\"new\" \/>\n<!-- \/ Yoast SEO Premium plugin. -->","yoast_head_json":{"title":"B\u00f6hler diamondspark 700MC M21 PulsDrive package (79.I2.00158)","description":"B\u00f6hler Welding Diamondspark 700MC M21 PulsDrive Program Package (79.I2.00158) - PulsDrive optimization for 700MC steel. Professional welding. Check it out at SpawLab!","robots":{"index":"index","follow":"follow","max-snippet":"max-snippet:-1","max-image-preview":"max-image-preview:large","max-video-preview":"max-video-preview:-1"},"canonical":"https:\/\/spawlab.pl\/en\/produkt\/bohler-welding-welding-program-package-diamondspark-700mc-m21-ar-15%c3%b725co2-pulsdrive-79-i2-00158\/","og_locale":"en_US","og_type":"article","og_title":"B\u00f6hler Welding Welding Program Package diamondspark 700MC M21 (Ar 15\u00f725%CO2) - PulsDrive - 79.I2.00158","og_description":"Lider sprzeda\u017cy, Oficjalny Dystrybutor Premium i Serwis na Polsk\u0119 Migatronic, Gys, Voestalpine Bohler Welding. Nowe i u\u017cywane Spawarki, Przecinarki Plazmowe, Kompresory. Mgr in\u017c. Jaros\u0142aw Ko\u0142aski, IWE","og_url":"https:\/\/spawlab.pl\/en\/produkt\/bohler-welding-welding-program-package-diamondspark-700mc-m21-ar-15%c3%b725co2-pulsdrive-79-i2-00158\/","og_site_name":"SpawLab - Welding equipment and plasma cutters - store and service","article_publisher":"https:\/\/www.facebook.com\/Spawlab\/","og_image":[{"width":2560,"height":2197,"url":"https:\/\/spawlab.pl\/wp-content\/uploads\/2025\/06\/Frame-1-scaled.png","type":"image\/png"}],"twitter_misc":{"Price":"1 195,31&nbsp;&#122;&#322; (971,80&nbsp;&#122;&#322; netto)","Availability":"On backorder"},"schema":{"@context":"https:\/\/schema.org","@graph":[{"@type":["WebPage","ItemPage"],"@id":"https:\/\/spawlab.pl\/en\/produkt\/bohler-welding-welding-program-package-diamondspark-700mc-m21-ar-15%c3%b725co2-pulsdrive-79-i2-00158\/","url":"https:\/\/spawlab.pl\/en\/produkt\/bohler-welding-welding-program-package-diamondspark-700mc-m21-ar-15%c3%b725co2-pulsdrive-79-i2-00158\/","name":"B\u00f6hler diamondspark 700MC M21 PulsDrive package (79.I2.00158)","isPartOf":{"@id":"https:\/\/spawlab.pl\/en\/#website"},"primaryImageOfPage":{"@id":"https:\/\/spawlab.pl\/en\/produkt\/bohler-welding-welding-program-package-diamondspark-700mc-m21-ar-15%c3%b725co2-pulsdrive-79-i2-00158\/#primaryimage"},"image":{"@id":"https:\/\/spawlab.pl\/en\/produkt\/bohler-welding-welding-program-package-diamondspark-700mc-m21-ar-15%c3%b725co2-pulsdrive-79-i2-00158\/#primaryimage"},"thumbnailUrl":"https:\/\/spawlab.pl\/wp-content\/uploads\/2025\/06\/Frame-1-scaled.png","datePublished":"2025-07-09T21:38:32+00:00","description":"B\u00f6hler Welding Diamondspark 700MC M21 PulsDrive Program Package (79.I2.00158) - PulsDrive optimization for 700MC steel. Professional welding. Check it out at SpawLab!","breadcrumb":{"@id":"https:\/\/spawlab.pl\/en\/produkt\/bohler-welding-welding-program-package-diamondspark-700mc-m21-ar-15%c3%b725co2-pulsdrive-79-i2-00158\/#breadcrumb"},"inLanguage":"en-US","potentialAction":[{"@type":"ReadAction","target":["https:\/\/spawlab.pl\/en\/produkt\/bohler-welding-welding-program-package-diamondspark-700mc-m21-ar-15%c3%b725co2-pulsdrive-79-i2-00158\/"]}]},{"@type":"ImageObject","inLanguage":"en-US","@id":"https:\/\/spawlab.pl\/en\/produkt\/bohler-welding-welding-program-package-diamondspark-700mc-m21-ar-15%c3%b725co2-pulsdrive-79-i2-00158\/#primaryimage","url":"https:\/\/spawlab.pl\/wp-content\/uploads\/2025\/06\/Frame-1-scaled.png","contentUrl":"https:\/\/spawlab.pl\/wp-content\/uploads\/2025\/06\/Frame-1-scaled.png","width":2560,"height":2197},{"@type":"BreadcrumbList","@id":"https:\/\/spawlab.pl\/en\/produkt\/bohler-welding-welding-program-package-diamondspark-700mc-m21-ar-15%c3%b725co2-pulsdrive-79-i2-00158\/#breadcrumb","itemListElement":[{"@type":"ListItem","position":1,"name":"Strona g\u0142\u00f3wna","item":"https:\/\/spawlab.pl\/en\/"},{"@type":"ListItem","position":2,"name":"Store","item":"https:\/\/spawlab.pl\/en\/shop\/"},{"@type":"ListItem","position":3,"name":"B\u00f6hler Welding Welding Program Package diamondspark 700MC M21 (Ar 15\u00f725%CO2) &#8211; PulsDrive &#8211; 79.I2.00158"}]},{"@type":"WebSite","@id":"https:\/\/spawlab.pl\/en\/#website","url":"https:\/\/spawlab.pl\/en\/","name":"Spawlab.pl Lider - Spawarki, Przecinarki Plazmowe, Kompresory","description":"Urz\u0105dzenia spawalnicze i Przecinarki plazmowe\/ nowe i u\u017cywane \/ Profesjonalny serwis","publisher":{"@id":"https:\/\/spawlab.pl\/en\/#organization"},"alternateName":"Spawlab.pl - Dystrybutor Premium i Serwis na Polske Migatronic, Gys, Voestalpine Bohler Welding","potentialAction":[{"@type":"SearchAction","target":{"@type":"EntryPoint","urlTemplate":"https:\/\/spawlab.pl\/en\/?s={search_term_string}"},"query-input":{"@type":"PropertyValueSpecification","valueRequired":true,"valueName":"search_term_string"}}],"inLanguage":"en-US"},{"@type":["Organization","Place"],"@id":"https:\/\/spawlab.pl\/en\/#organization","name":"Spawlab.pl","url":"https:\/\/spawlab.pl\/en\/","logo":{"@id":"https:\/\/spawlab.pl\/en\/produkt\/bohler-welding-welding-program-package-diamondspark-700mc-m21-ar-15%c3%b725co2-pulsdrive-79-i2-00158\/#local-main-organization-logo"},"image":{"@id":"https:\/\/spawlab.pl\/en\/produkt\/bohler-welding-welding-program-package-diamondspark-700mc-m21-ar-15%c3%b725co2-pulsdrive-79-i2-00158\/#local-main-organization-logo"},"sameAs":["https:\/\/www.facebook.com\/Spawlab\/","https:\/\/www.linkedin.com\/company\/spawlab","https:\/\/www.instagram.com\/spawlab.pl","https:\/\/www.tiktok.com\/@spawlab"],"description":"Lider sprzeda\u017cy, Oficjalny Dystrybutor Premium i Serwis na Polsk\u0119 Migatronic, Gys, Voestalpine Bohler Welding. Nowe i u\u017cywane Spawarki, Przecinarki Plazmowe, Kompresory. Mgr in\u017c. Jaros\u0142aw Ko\u0142aski, IWE","hasMerchantReturnPolicy":{"@type":"MerchantReturnPolicy","merchantReturnLink":"https:\/\/spawlab.pl\/polityka-prywatnosci-2\/"},"telephone":[],"openingHoursSpecification":[{"@type":"OpeningHoursSpecification","dayOfWeek":["Monday","Tuesday","Wednesday","Thursday","Friday","Saturday","Sunday"],"opens":"09:00","closes":"17:00"}]},{"@type":"ImageObject","inLanguage":"en-US","@id":"https:\/\/spawlab.pl\/en\/produkt\/bohler-welding-welding-program-package-diamondspark-700mc-m21-ar-15%c3%b725co2-pulsdrive-79-i2-00158\/#local-main-organization-logo","url":"https:\/\/spawlab.pl\/wp-content\/uploads\/2022\/01\/olx.jpg","contentUrl":"https:\/\/spawlab.pl\/wp-content\/uploads\/2022\/01\/olx.jpg","width":200,"height":200,"caption":"Spawlab.pl"}]},"product_brand":"B\u00f6hler","product_price_amount":"1195.31","product_price_currency":"PLN","og_availability":"backorder","product_availability":"available for order","product_retailer_item_id":"79.I2.00158","product_condition":"new"},"_links":{"self":[{"href":"https:\/\/spawlab.pl\/en\/wp-json\/wp\/v2\/product\/42564","targetHints":{"allow":["GET"]}}],"collection":[{"href":"https:\/\/spawlab.pl\/en\/wp-json\/wp\/v2\/product"}],"about":[{"href":"https:\/\/spawlab.pl\/en\/wp-json\/wp\/v2\/types\/product"}],"wp:featuredmedia":[{"embeddable":true,"href":"https:\/\/spawlab.pl\/en\/wp-json\/wp\/v2\/media\/38560"}],"wp:attachment":[{"href":"https:\/\/spawlab.pl\/en\/wp-json\/wp\/v2\/media?parent=42564"}],"wp:term":[{"taxonomy":"product_brand","embeddable":true,"href":"https:\/\/spawlab.pl\/en\/wp-json\/wp\/v2\/product_brand?post=42564"},{"taxonomy":"product_cat","embeddable":true,"href":"https:\/\/spawlab.pl\/en\/wp-json\/wp\/v2\/product_cat?post=42564"},{"taxonomy":"product_tag","embeddable":true,"href":"https:\/\/spawlab.pl\/en\/wp-json\/wp\/v2\/product_tag?post=42564"}],"curies":[{"name":"wp","href":"https:\/\/api.w.org\/{rel}","templated":true}]}}