{"id":42572,"date":"2025-07-09T23:38:34","date_gmt":"2025-07-09T21:38:34","guid":{"rendered":"https:\/\/spawlab.pl\/produkt\/bohler-welding-welding-program-package-diamondspark-1100mc-m20-ar-5%c3%b715co2-pulsdrive-79-i2-00186\/"},"modified":"2025-07-09T23:38:34","modified_gmt":"2025-07-09T21:38:34","slug":"bohler-welding-welding-program-package-diamondspark-1100mc-m20-ar-5%c3%b715co2-pulsdrive-79-i2-00186","status":"publish","type":"product","link":"https:\/\/spawlab.pl\/en\/produkt\/bohler-welding-welding-program-package-diamondspark-1100mc-m20-ar-5%c3%b715co2-pulsdrive-79-i2-00186\/","title":{"rendered":"B\u00f6hler Welding Welding Program Package diamondspark 1100MC M20 (Ar 5\u00f715%CO2) &#8211; PulsDrive &#8211; 79.I2.00186"},"content":{"rendered":"<div class=\"custom-product-section distributor-info spawlab-info\">\n<p><strong>SpawLab &#8211; your Authorized Voestalpine B\u00f6hler Welding Partner in Poland!<\/strong><\/p>\n<p>We are <strong>an official distributor of<\/strong> Voestalpine B\u00f6hler Welding equipment and <strong>an Authorized Service Center in Poland<\/strong>. Our team has undergone <strong>rigorous technical training directly in Italy<\/strong> at the manufacturer&#8217;s centers. <\/p>\n<p>When you choose SpawLab, you are assured of original products, access to B\u00f6hler Welding solutions, professional advice and service support.<\/p>\n<\/div>\n<div class=\"custom-product-section product-intro\">\n<h2 class=\"product-section-title main-product-title\">B\u00f6hler Welding Welding Program Package diamondspark 1100MC M20 (Ar 5\u00f715%CO2) &#8211; PulsDrive &#8211; 79.I2.00186<\/h2>\n<div class=\"description-content product-marketing-description\">\n<p>B\u00f6hler Welding&#8217;s specialized welding program package, precisely designed to optimize MIG\/MAG welding processes using B\u00f6hler Welding diamondspark 1100MC cored wire in M20 gas shielding (Argon 5-15% CO2). Using advanced PulsDrive technology, this package enables professionals to achieve the highest precision and repeatability of welds. <\/p>\n<p>It is ideal for welders and companies seeking to maximize the productivity and quality of welding high-strength materials, valuing dedicated synergistic curves and full control of the advanced pulsed arc, guaranteeing excellent results in demanding industrial applications.<\/p>\n<\/div>\n<\/div>\n<h3 class=\"custom-product-heading advanced-features-heading\">Explore Advanced Capabilities _x000D_Welding Programs Package &#8211; diamondspark 1100MC M20 (Ar 5\u00f715%CO2) -_x000D_PulsDrive_x000D_.<\/h3>\n<div class=\"custom-accordion advanced-features-accordion\">\n<details class=\"custom-accordion-item\">\n<summary class=\"custom-subtitle accordion-title\">\u26a1 PulsedDrive Welding Process.<\/summary>\n<div class=\"accordion-content\">\n<p>PulsDrive is an advanced, digitally controlled MIG\/MAG pulse welding process developed by B\u00f6hler Welding that revolutionizes arc control and material transfer. The key principle of PulsDrive is to precisely control the current pulses so that each pulse is responsible for detaching and transferring exactly one drop of liquid metal from the end of the electrode wire to the weld pool. Such <strong>&#8220;one-pulse-one-drop&#8221; control<\/strong> ensures exceptional arc stability, minimizes spatter and guarantees excellent quality and appearance of the weld face.  <\/p>\n<p>PulsDrive technology is particularly advantageous for welding thin materials, where control of heat input is critical, and for welding in forced positions, where a stable and manageable arc is essential. <strong>It provides excellent controllability of the weld pool<\/strong>, resulting in welds of high metallurgical and aesthetic quality. Reduced spatter significantly <strong>reduces post-treatment costs<\/strong>, and precise weld formation minimizes the risk of welding defects, <strong>increasing the overall productivity and reliability of the welding process<\/strong>. <\/p>\n<\/div>\n<\/details>\n<\/div>\n<div class=\"custom-product-section product-specs\">\n<h3 class=\"custom-product-heading specs-heading\">Technical Specifications<\/h3>\n<table class=\"specs-table\">\n<thead>\n<tr>\n<th>Parameter<\/th>\n<th>Value<\/th>\n<\/tr>\n<\/thead>\n<tbody>\n<tr>\n<td>Product type<\/td>\n<td>Welding program package<\/td>\n<\/tr>\n<tr>\n<td>Catalog number<\/td>\n<td>79.I2.00186<\/td>\n<\/tr>\n<tr>\n<td>Brand<\/td>\n<td>B\u00f6hler Welding (Voestalpine B\u00f6hler Welding)<\/td>\n<\/tr>\n<tr>\n<td>Compatibility<\/td>\n<td>B\u00f6hler Welding equipment equipped with PulsDrive technology and supporting dedicated program packages.<\/td>\n<\/tr>\n<tr>\n<td>Dedicated welding wire<\/td>\n<td>B\u00f6hler Welding diamondspark 1100MC<\/td>\n<\/tr>\n<tr>\n<td>Dedicated shielding gas<\/td>\n<td>M20 (Argon 5-15% CO2)<\/td>\n<\/tr>\n<tr>\n<td>Key technology<\/td>\n<td>Programs optimized for the PulsDrive process<\/td>\n<\/tr>\n<\/tbody>\n<\/table>\n<\/div>\n<div class=\"custom-product-section product-set-contents\">\n<h3 class=\"custom-product-heading set-contents-heading\">Kit Contents \/ Packaging<\/h3>\n<p>The product (Welding Program Package diamondspark 1100MC M20 (Ar 5\u00f715%CO2) &#8211; PulsDrive) is supplied as a single item (license\/program file), according to the manufacturer&#8217;s standard Voestalpine B\u00f6hler Welding. Additional accessories are usually available separately. <\/p>\n<\/div>\n<div class=\"custom-product-section product-features\">\n<h3 class=\"custom-product-heading features-heading\">Key Features and Benefits<\/h3>\n<ul class=\"custom-product-list features-list\">\n<li>? <strong>Optimization for diamondspark 1100MC:<\/strong> Dedicated synergy curves ensure ideal welding parameters, minimizing the risk of errors and guaranteeing top-quality welds on high-strength steels.<\/li>\n<li>\u26a1 A <strong>dvanced PulsDrive:<\/strong> Full use of PulsDrive technology for precise drop-by-drop material transfer, resulting in excellent pond control, minimal splatter and an aesthetically pleasing weld finish.<\/li>\n<li>\u2699\ufe0f <strong>Synergy for M20:<\/strong> Automatically adjusts parameters for Ar gas mixtures of 5-15% CO2, simplifying setup and providing a stable, optimized welding arc for superior mechanical properties.<\/li>\n<li>? <strong>Increased Productivity and Repeatability:<\/strong> Precisely defined programs reduce preparation time, reduce the need for costly rework, and ensure consistent, high quality welds, which directly impacts production efficiency.<\/li>\n<\/ul>\n<\/div>\n<div class=\"custom-product-section product-application\">\n<h3 class=\"custom-product-heading application-heading\">Product Application<\/h3>\n<ul class=\"custom-product-list application-list\">\n<li>The B\u00f6hler Welding diamondspark 1100MC M20 &#8211; PulsDrive program package is designed for professionals striving for perfection in MIG\/MAG welding with pulse:<\/li>\n<li>? Welding of high-strength steel structures (e.g. S960QL, S1100QL) using B\u00f6hler Welding diamondspark 1100MC core wire.<\/li>\n<li>? Manufacturing of machinery and equipment requiring precise, repeatable and aesthetic welds with the highest strength parameters.<\/li>\n<li>?\ufe0f Advanced work in heavy industry, offshore, automotive and shipbuilding where reliability of connections is a priority.<\/li>\n<li>?\ufe0f Repairs and reconditioning of high-strength steel components where control of line energy and weld quality are critical.<\/li>\n<li>? Optimization of M20 gas-shielded welding (Ar 5-15% CO2) for best mechanical properties of the joint and minimization of rework.<\/li>\n<\/ul>\n<\/div>\n<div class=\"custom-product-section product-summary conclusion\">\n<h3 class=\"custom-product-heading summary-heading\">Summary: _x000D_Welding Programs Package &#8211; diamondspark 1100MC M20 (Ar 5\u00f715%CO2) -_x000D_PulsDrive_x000D_ &#8211; Your Investment in Quality B\u00f6hler Welding.<\/h3>\n<div class=\"summary-content\">\n<p>? The B\u00f6hler Welding diamondspark 1100MC M20 &#8211; PulsDrive program package is the key to <strong>uncompromising quality and productivity in<\/strong> high-strength wire <strong>welding<\/strong> with advanced PulsDrive technology. Ensure <strong>superior control, repeatability, and the highest weld performance<\/strong> with precisely matched &#8216;Made in Europe&#8217; synergy curves. To learn more about the full capabilities of the B\u00f6hler Welding Program Package diamondspark 1100MC M20 (Ar 5\u00f715%CO2) &#8211; PulsDrive and get the best deal, contact the experts at SpawLab &#8211; the official distributor and authorized service provider of Voestalpine B\u00f6hler Welding in Poland. Our team, trained in Italy, is at your service.   <\/p>\n<\/div>\n<\/div>\n<div class=\"custom-product-section product-codes-info\">\n<p><strong>Part number (Art. No.):<\/strong> 79.I2.00186<\/p>\n<\/div>\n","protected":false},"excerpt":{"rendered":"<p>B\u00f6hler Welding Diamondspark 1100MC M20 PulsDrive Program Package (79.I2.00186) &#8211; PulsDrive Welding Optimization. Professional welding solutions. <\/p>\n","protected":false},"featured_media":38560,"template":"","meta":{"inline_featured_image":false},"product_brand":[772],"product_cat":[11536,5686],"product_tag":[13229,4432,13189,13228,13227,12622,12131,11547],"class_list":{"0":"post-42572","1":"product","2":"type-product","3":"status-publish","4":"has-post-thumbnail","6":"product_brand-bohler","7":"product_cat-bohler-en-2","8":"product_cat-brand-zone","9":"product_tag-79-i2-00186-en","10":"product_tag-bohler-welding-en-2","11":"product_tag-diamondspark-1100mc-en","12":"product_tag-m20-arco2-en","13":"product_tag-mig-mag-puls-welding","14":"product_tag-pulsdrive-en","15":"product_tag-synergy-programs","16":"product_tag-welding-software-package","18":"first","19":"onbackorder","20":"taxable","21":"shipping-taxable","22":"purchasable","23":"product-type-simple"},"yoast_head":"<!-- This site is optimized with the Yoast SEO Premium plugin v27.5 (Yoast SEO v27.6) - https:\/\/yoast.com\/product\/yoast-seo-premium-wordpress\/ -->\n<title>B\u00f6hler Welding programs diamondspark 1100MC PulsDrive - 79.I2.00186<\/title>\n<meta name=\"description\" content=\"B\u00f6hler Welding Diamondspark 1100MC M20 PulsDrive Program Package (79.I2.00186) - PulsDrive Welding Optimization. Professional solutions. Check it out!\" \/>\n<meta name=\"robots\" content=\"index, follow, max-snippet:-1, max-image-preview:large, max-video-preview:-1\" \/>\n<link rel=\"canonical\" href=\"https:\/\/spawlab.pl\/en\/produkt\/bohler-welding-welding-program-package-diamondspark-1100mc-m20-ar-5%c3%b715co2-pulsdrive-79-i2-00186\/\" \/>\n<meta property=\"og:locale\" content=\"en_US\" \/>\n<meta property=\"og:type\" content=\"article\" \/>\n<meta property=\"og:title\" content=\"B\u00f6hler Welding Welding Program Package diamondspark 1100MC M20 (Ar 5\u00f715%CO2) - PulsDrive - 79.I2.00186\" \/>\n<meta property=\"og:description\" content=\"Lider sprzeda\u017cy, Oficjalny Dystrybutor Premium i Serwis na Polsk\u0119 Migatronic, Gys, Voestalpine Bohler Welding. Nowe i u\u017cywane Spawarki, Przecinarki Plazmowe, Kompresory. Mgr in\u017c. Jaros\u0142aw Ko\u0142aski, IWE\" \/>\n<meta property=\"og:url\" content=\"https:\/\/spawlab.pl\/en\/produkt\/bohler-welding-welding-program-package-diamondspark-1100mc-m20-ar-5%c3%b715co2-pulsdrive-79-i2-00186\/\" \/>\n<meta property=\"og:site_name\" content=\"SpawLab - Welding equipment and plasma cutters - store and service\" \/>\n<meta property=\"article:publisher\" content=\"https:\/\/www.facebook.com\/Spawlab\/\" \/>\n<meta property=\"og:image\" content=\"https:\/\/spawlab.pl\/wp-content\/uploads\/2025\/06\/Frame-1-scaled.png\" \/>\n\t<meta property=\"og:image:width\" content=\"2560\" \/>\n\t<meta property=\"og:image:height\" content=\"2197\" \/>\n\t<meta property=\"og:image:type\" content=\"image\/png\" \/>\n<meta name=\"twitter:label1\" content=\"Price\" \/>\n\t<meta name=\"twitter:data1\" content=\"1 195,31&nbsp;&#122;&#322; (971,80&nbsp;&#122;&#322; netto)\" \/>\n\t<meta name=\"twitter:label2\" content=\"Availability\" \/>\n\t<meta name=\"twitter:data2\" content=\"On backorder\" \/>\n<script type=\"application\/ld+json\" class=\"yoast-schema-graph\">{\"@context\":\"https:\\\/\\\/schema.org\",\"@graph\":[{\"@type\":[\"WebPage\",\"ItemPage\"],\"@id\":\"https:\\\/\\\/spawlab.pl\\\/en\\\/produkt\\\/bohler-welding-welding-program-package-diamondspark-1100mc-m20-ar-5%c3%b715co2-pulsdrive-79-i2-00186\\\/\",\"url\":\"https:\\\/\\\/spawlab.pl\\\/en\\\/produkt\\\/bohler-welding-welding-program-package-diamondspark-1100mc-m20-ar-5%c3%b715co2-pulsdrive-79-i2-00186\\\/\",\"name\":\"B\u00f6hler Welding programs diamondspark 1100MC PulsDrive - 79.I2.00186\",\"isPartOf\":{\"@id\":\"https:\\\/\\\/spawlab.pl\\\/en\\\/#website\"},\"primaryImageOfPage\":{\"@id\":\"https:\\\/\\\/spawlab.pl\\\/en\\\/produkt\\\/bohler-welding-welding-program-package-diamondspark-1100mc-m20-ar-5%c3%b715co2-pulsdrive-79-i2-00186\\\/#primaryimage\"},\"image\":{\"@id\":\"https:\\\/\\\/spawlab.pl\\\/en\\\/produkt\\\/bohler-welding-welding-program-package-diamondspark-1100mc-m20-ar-5%c3%b715co2-pulsdrive-79-i2-00186\\\/#primaryimage\"},\"thumbnailUrl\":\"https:\\\/\\\/spawlab.pl\\\/wp-content\\\/uploads\\\/2025\\\/06\\\/Frame-1-scaled.png\",\"datePublished\":\"2025-07-09T21:38:34+00:00\",\"description\":\"B\u00f6hler Welding Diamondspark 1100MC M20 PulsDrive Program Package (79.I2.00186) - PulsDrive Welding Optimization. Professional solutions. Check it out!\",\"breadcrumb\":{\"@id\":\"https:\\\/\\\/spawlab.pl\\\/en\\\/produkt\\\/bohler-welding-welding-program-package-diamondspark-1100mc-m20-ar-5%c3%b715co2-pulsdrive-79-i2-00186\\\/#breadcrumb\"},\"inLanguage\":\"en-US\",\"potentialAction\":[{\"@type\":\"ReadAction\",\"target\":[\"https:\\\/\\\/spawlab.pl\\\/en\\\/produkt\\\/bohler-welding-welding-program-package-diamondspark-1100mc-m20-ar-5%c3%b715co2-pulsdrive-79-i2-00186\\\/\"]}]},{\"@type\":\"ImageObject\",\"inLanguage\":\"en-US\",\"@id\":\"https:\\\/\\\/spawlab.pl\\\/en\\\/produkt\\\/bohler-welding-welding-program-package-diamondspark-1100mc-m20-ar-5%c3%b715co2-pulsdrive-79-i2-00186\\\/#primaryimage\",\"url\":\"https:\\\/\\\/spawlab.pl\\\/wp-content\\\/uploads\\\/2025\\\/06\\\/Frame-1-scaled.png\",\"contentUrl\":\"https:\\\/\\\/spawlab.pl\\\/wp-content\\\/uploads\\\/2025\\\/06\\\/Frame-1-scaled.png\",\"width\":2560,\"height\":2197},{\"@type\":\"BreadcrumbList\",\"@id\":\"https:\\\/\\\/spawlab.pl\\\/en\\\/produkt\\\/bohler-welding-welding-program-package-diamondspark-1100mc-m20-ar-5%c3%b715co2-pulsdrive-79-i2-00186\\\/#breadcrumb\",\"itemListElement\":[{\"@type\":\"ListItem\",\"position\":1,\"name\":\"Strona g\u0142\u00f3wna\",\"item\":\"https:\\\/\\\/spawlab.pl\\\/en\\\/\"},{\"@type\":\"ListItem\",\"position\":2,\"name\":\"Store\",\"item\":\"https:\\\/\\\/spawlab.pl\\\/en\\\/shop\\\/\"},{\"@type\":\"ListItem\",\"position\":3,\"name\":\"B\u00f6hler Welding Welding Program Package diamondspark 1100MC M20 (Ar 5\u00f715%CO2) &#8211; PulsDrive &#8211; 79.I2.00186\"}]},{\"@type\":\"WebSite\",\"@id\":\"https:\\\/\\\/spawlab.pl\\\/en\\\/#website\",\"url\":\"https:\\\/\\\/spawlab.pl\\\/en\\\/\",\"name\":\"Spawlab.pl Lider - Spawarki, Przecinarki Plazmowe, Kompresory\",\"description\":\"Urz\u0105dzenia spawalnicze i Przecinarki plazmowe\\\/ nowe i u\u017cywane \\\/ Profesjonalny serwis\",\"publisher\":{\"@id\":\"https:\\\/\\\/spawlab.pl\\\/en\\\/#organization\"},\"alternateName\":\"Spawlab.pl - Dystrybutor Premium i Serwis na Polske Migatronic, Gys, Voestalpine Bohler Welding\",\"potentialAction\":[{\"@type\":\"SearchAction\",\"target\":{\"@type\":\"EntryPoint\",\"urlTemplate\":\"https:\\\/\\\/spawlab.pl\\\/en\\\/?s={search_term_string}\"},\"query-input\":{\"@type\":\"PropertyValueSpecification\",\"valueRequired\":true,\"valueName\":\"search_term_string\"}}],\"inLanguage\":\"en-US\"},{\"@type\":[\"Organization\",\"Place\"],\"@id\":\"https:\\\/\\\/spawlab.pl\\\/en\\\/#organization\",\"name\":\"Spawlab.pl\",\"url\":\"https:\\\/\\\/spawlab.pl\\\/en\\\/\",\"logo\":{\"@id\":\"https:\\\/\\\/spawlab.pl\\\/en\\\/produkt\\\/bohler-welding-welding-program-package-diamondspark-1100mc-m20-ar-5%c3%b715co2-pulsdrive-79-i2-00186\\\/#local-main-organization-logo\"},\"image\":{\"@id\":\"https:\\\/\\\/spawlab.pl\\\/en\\\/produkt\\\/bohler-welding-welding-program-package-diamondspark-1100mc-m20-ar-5%c3%b715co2-pulsdrive-79-i2-00186\\\/#local-main-organization-logo\"},\"sameAs\":[\"https:\\\/\\\/www.facebook.com\\\/Spawlab\\\/\",\"https:\\\/\\\/www.linkedin.com\\\/company\\\/spawlab\",\"https:\\\/\\\/www.instagram.com\\\/spawlab.pl\",\"https:\\\/\\\/www.tiktok.com\\\/@spawlab\"],\"description\":\"Lider sprzeda\u017cy, Oficjalny Dystrybutor Premium i Serwis na Polsk\u0119 Migatronic, Gys, Voestalpine Bohler Welding. Nowe i u\u017cywane Spawarki, Przecinarki Plazmowe, Kompresory. Mgr in\u017c. Jaros\u0142aw Ko\u0142aski, IWE\",\"hasMerchantReturnPolicy\":{\"@type\":\"MerchantReturnPolicy\",\"merchantReturnLink\":\"https:\\\/\\\/spawlab.pl\\\/polityka-prywatnosci-2\\\/\"},\"telephone\":[],\"openingHoursSpecification\":[{\"@type\":\"OpeningHoursSpecification\",\"dayOfWeek\":[\"Monday\",\"Tuesday\",\"Wednesday\",\"Thursday\",\"Friday\",\"Saturday\",\"Sunday\"],\"opens\":\"09:00\",\"closes\":\"17:00\"}]},{\"@type\":\"ImageObject\",\"inLanguage\":\"en-US\",\"@id\":\"https:\\\/\\\/spawlab.pl\\\/en\\\/produkt\\\/bohler-welding-welding-program-package-diamondspark-1100mc-m20-ar-5%c3%b715co2-pulsdrive-79-i2-00186\\\/#local-main-organization-logo\",\"url\":\"https:\\\/\\\/spawlab.pl\\\/wp-content\\\/uploads\\\/2022\\\/01\\\/olx.jpg\",\"contentUrl\":\"https:\\\/\\\/spawlab.pl\\\/wp-content\\\/uploads\\\/2022\\\/01\\\/olx.jpg\",\"width\":200,\"height\":200,\"caption\":\"Spawlab.pl\"}]}<\/script>\n<meta property=\"product:brand\" content=\"B\u00f6hler\" \/>\n<meta property=\"product:price:amount\" content=\"1195.31\" \/>\n<meta property=\"product:price:currency\" content=\"PLN\" \/>\n<meta property=\"og:availability\" content=\"backorder\" \/>\n<meta property=\"product:availability\" content=\"available for order\" \/>\n<meta property=\"product:retailer_item_id\" content=\"79.I2.00186\" \/>\n<meta property=\"product:condition\" content=\"new\" \/>\n<!-- \/ Yoast SEO Premium plugin. -->","yoast_head_json":{"title":"B\u00f6hler Welding programs diamondspark 1100MC PulsDrive - 79.I2.00186","description":"B\u00f6hler Welding Diamondspark 1100MC M20 PulsDrive Program Package (79.I2.00186) - PulsDrive Welding Optimization. Professional solutions. Check it out!","robots":{"index":"index","follow":"follow","max-snippet":"max-snippet:-1","max-image-preview":"max-image-preview:large","max-video-preview":"max-video-preview:-1"},"canonical":"https:\/\/spawlab.pl\/en\/produkt\/bohler-welding-welding-program-package-diamondspark-1100mc-m20-ar-5%c3%b715co2-pulsdrive-79-i2-00186\/","og_locale":"en_US","og_type":"article","og_title":"B\u00f6hler Welding Welding Program Package diamondspark 1100MC M20 (Ar 5\u00f715%CO2) - PulsDrive - 79.I2.00186","og_description":"Lider sprzeda\u017cy, Oficjalny Dystrybutor Premium i Serwis na Polsk\u0119 Migatronic, Gys, Voestalpine Bohler Welding. Nowe i u\u017cywane Spawarki, Przecinarki Plazmowe, Kompresory. Mgr in\u017c. Jaros\u0142aw Ko\u0142aski, IWE","og_url":"https:\/\/spawlab.pl\/en\/produkt\/bohler-welding-welding-program-package-diamondspark-1100mc-m20-ar-5%c3%b715co2-pulsdrive-79-i2-00186\/","og_site_name":"SpawLab - Welding equipment and plasma cutters - store and service","article_publisher":"https:\/\/www.facebook.com\/Spawlab\/","og_image":[{"width":2560,"height":2197,"url":"https:\/\/spawlab.pl\/wp-content\/uploads\/2025\/06\/Frame-1-scaled.png","type":"image\/png"}],"twitter_misc":{"Price":"1 195,31&nbsp;&#122;&#322; (971,80&nbsp;&#122;&#322; netto)","Availability":"On backorder"},"schema":{"@context":"https:\/\/schema.org","@graph":[{"@type":["WebPage","ItemPage"],"@id":"https:\/\/spawlab.pl\/en\/produkt\/bohler-welding-welding-program-package-diamondspark-1100mc-m20-ar-5%c3%b715co2-pulsdrive-79-i2-00186\/","url":"https:\/\/spawlab.pl\/en\/produkt\/bohler-welding-welding-program-package-diamondspark-1100mc-m20-ar-5%c3%b715co2-pulsdrive-79-i2-00186\/","name":"B\u00f6hler Welding programs diamondspark 1100MC PulsDrive - 79.I2.00186","isPartOf":{"@id":"https:\/\/spawlab.pl\/en\/#website"},"primaryImageOfPage":{"@id":"https:\/\/spawlab.pl\/en\/produkt\/bohler-welding-welding-program-package-diamondspark-1100mc-m20-ar-5%c3%b715co2-pulsdrive-79-i2-00186\/#primaryimage"},"image":{"@id":"https:\/\/spawlab.pl\/en\/produkt\/bohler-welding-welding-program-package-diamondspark-1100mc-m20-ar-5%c3%b715co2-pulsdrive-79-i2-00186\/#primaryimage"},"thumbnailUrl":"https:\/\/spawlab.pl\/wp-content\/uploads\/2025\/06\/Frame-1-scaled.png","datePublished":"2025-07-09T21:38:34+00:00","description":"B\u00f6hler Welding Diamondspark 1100MC M20 PulsDrive Program Package (79.I2.00186) - PulsDrive Welding Optimization. Professional solutions. Check it out!","breadcrumb":{"@id":"https:\/\/spawlab.pl\/en\/produkt\/bohler-welding-welding-program-package-diamondspark-1100mc-m20-ar-5%c3%b715co2-pulsdrive-79-i2-00186\/#breadcrumb"},"inLanguage":"en-US","potentialAction":[{"@type":"ReadAction","target":["https:\/\/spawlab.pl\/en\/produkt\/bohler-welding-welding-program-package-diamondspark-1100mc-m20-ar-5%c3%b715co2-pulsdrive-79-i2-00186\/"]}]},{"@type":"ImageObject","inLanguage":"en-US","@id":"https:\/\/spawlab.pl\/en\/produkt\/bohler-welding-welding-program-package-diamondspark-1100mc-m20-ar-5%c3%b715co2-pulsdrive-79-i2-00186\/#primaryimage","url":"https:\/\/spawlab.pl\/wp-content\/uploads\/2025\/06\/Frame-1-scaled.png","contentUrl":"https:\/\/spawlab.pl\/wp-content\/uploads\/2025\/06\/Frame-1-scaled.png","width":2560,"height":2197},{"@type":"BreadcrumbList","@id":"https:\/\/spawlab.pl\/en\/produkt\/bohler-welding-welding-program-package-diamondspark-1100mc-m20-ar-5%c3%b715co2-pulsdrive-79-i2-00186\/#breadcrumb","itemListElement":[{"@type":"ListItem","position":1,"name":"Strona g\u0142\u00f3wna","item":"https:\/\/spawlab.pl\/en\/"},{"@type":"ListItem","position":2,"name":"Store","item":"https:\/\/spawlab.pl\/en\/shop\/"},{"@type":"ListItem","position":3,"name":"B\u00f6hler Welding Welding Program Package diamondspark 1100MC M20 (Ar 5\u00f715%CO2) &#8211; PulsDrive &#8211; 79.I2.00186"}]},{"@type":"WebSite","@id":"https:\/\/spawlab.pl\/en\/#website","url":"https:\/\/spawlab.pl\/en\/","name":"Spawlab.pl Lider - Spawarki, Przecinarki Plazmowe, Kompresory","description":"Urz\u0105dzenia spawalnicze i Przecinarki plazmowe\/ nowe i u\u017cywane \/ Profesjonalny serwis","publisher":{"@id":"https:\/\/spawlab.pl\/en\/#organization"},"alternateName":"Spawlab.pl - Dystrybutor Premium i Serwis na Polske Migatronic, Gys, Voestalpine Bohler Welding","potentialAction":[{"@type":"SearchAction","target":{"@type":"EntryPoint","urlTemplate":"https:\/\/spawlab.pl\/en\/?s={search_term_string}"},"query-input":{"@type":"PropertyValueSpecification","valueRequired":true,"valueName":"search_term_string"}}],"inLanguage":"en-US"},{"@type":["Organization","Place"],"@id":"https:\/\/spawlab.pl\/en\/#organization","name":"Spawlab.pl","url":"https:\/\/spawlab.pl\/en\/","logo":{"@id":"https:\/\/spawlab.pl\/en\/produkt\/bohler-welding-welding-program-package-diamondspark-1100mc-m20-ar-5%c3%b715co2-pulsdrive-79-i2-00186\/#local-main-organization-logo"},"image":{"@id":"https:\/\/spawlab.pl\/en\/produkt\/bohler-welding-welding-program-package-diamondspark-1100mc-m20-ar-5%c3%b715co2-pulsdrive-79-i2-00186\/#local-main-organization-logo"},"sameAs":["https:\/\/www.facebook.com\/Spawlab\/","https:\/\/www.linkedin.com\/company\/spawlab","https:\/\/www.instagram.com\/spawlab.pl","https:\/\/www.tiktok.com\/@spawlab"],"description":"Lider sprzeda\u017cy, Oficjalny Dystrybutor Premium i Serwis na Polsk\u0119 Migatronic, Gys, Voestalpine Bohler Welding. Nowe i u\u017cywane Spawarki, Przecinarki Plazmowe, Kompresory. Mgr in\u017c. Jaros\u0142aw Ko\u0142aski, IWE","hasMerchantReturnPolicy":{"@type":"MerchantReturnPolicy","merchantReturnLink":"https:\/\/spawlab.pl\/polityka-prywatnosci-2\/"},"telephone":[],"openingHoursSpecification":[{"@type":"OpeningHoursSpecification","dayOfWeek":["Monday","Tuesday","Wednesday","Thursday","Friday","Saturday","Sunday"],"opens":"09:00","closes":"17:00"}]},{"@type":"ImageObject","inLanguage":"en-US","@id":"https:\/\/spawlab.pl\/en\/produkt\/bohler-welding-welding-program-package-diamondspark-1100mc-m20-ar-5%c3%b715co2-pulsdrive-79-i2-00186\/#local-main-organization-logo","url":"https:\/\/spawlab.pl\/wp-content\/uploads\/2022\/01\/olx.jpg","contentUrl":"https:\/\/spawlab.pl\/wp-content\/uploads\/2022\/01\/olx.jpg","width":200,"height":200,"caption":"Spawlab.pl"}]},"product_brand":"B\u00f6hler","product_price_amount":"1195.31","product_price_currency":"PLN","og_availability":"backorder","product_availability":"available for order","product_retailer_item_id":"79.I2.00186","product_condition":"new"},"_links":{"self":[{"href":"https:\/\/spawlab.pl\/en\/wp-json\/wp\/v2\/product\/42572","targetHints":{"allow":["GET"]}}],"collection":[{"href":"https:\/\/spawlab.pl\/en\/wp-json\/wp\/v2\/product"}],"about":[{"href":"https:\/\/spawlab.pl\/en\/wp-json\/wp\/v2\/types\/product"}],"wp:featuredmedia":[{"embeddable":true,"href":"https:\/\/spawlab.pl\/en\/wp-json\/wp\/v2\/media\/38560"}],"wp:attachment":[{"href":"https:\/\/spawlab.pl\/en\/wp-json\/wp\/v2\/media?parent=42572"}],"wp:term":[{"taxonomy":"product_brand","embeddable":true,"href":"https:\/\/spawlab.pl\/en\/wp-json\/wp\/v2\/product_brand?post=42572"},{"taxonomy":"product_cat","embeddable":true,"href":"https:\/\/spawlab.pl\/en\/wp-json\/wp\/v2\/product_cat?post=42572"},{"taxonomy":"product_tag","embeddable":true,"href":"https:\/\/spawlab.pl\/en\/wp-json\/wp\/v2\/product_tag?post=42572"}],"curies":[{"name":"wp","href":"https:\/\/api.w.org\/{rel}","templated":true}]}}