{"id":42579,"date":"2025-07-09T23:38:28","date_gmt":"2025-07-09T21:38:28","guid":{"rendered":"https:\/\/spawlab.pl\/produkt\/bohler-welding-diamondspark-960mc-m20-pulsdrive-program-package-79-i2-00178\/"},"modified":"2025-07-09T23:38:28","modified_gmt":"2025-07-09T21:38:28","slug":"bohler-welding-diamondspark-960mc-m20-pulsdrive-program-package-79-i2-00178","status":"publish","type":"product","link":"https:\/\/spawlab.pl\/en\/produkt\/bohler-welding-diamondspark-960mc-m20-pulsdrive-program-package-79-i2-00178\/","title":{"rendered":"B\u00f6hler Welding diamondspark 960MC M20 PulsDrive Program Package &#8211; 79.I2.00178"},"content":{"rendered":"<div class=\"custom-product-section distributor-info spawlab-info\">\n<p><strong>SpawLab &#8211; your Authorized Voestalpine B\u00f6hler Welding Partner in Poland!<\/strong><\/p>\n<p>We are <strong>an official distributor of<\/strong> Voestalpine B\u00f6hler Welding equipment and <strong>an Authorized Service Center in Poland<\/strong>. Our team has undergone <strong>rigorous technical training directly in Italy<\/strong> at the manufacturer&#8217;s centers. <\/p>\n<p>When you choose SpawLab, you are assured of original products, access to B\u00f6hler Welding solutions, professional advice and service support.<\/p>\n<\/div>\n<div class=\"custom-product-section product-intro\">\n<h2 class=\"product-section-title main-product-title\">B\u00f6hler Welding MIG\/MAG Pulse Welding Program &#8211; Nibas 625 IG \u00d81.2mm Ar-2%CO2 &#8211; 79.P1.12099<\/h2>\n<div class=\"description-content product-marketing-description\">\n<p>B\u00f6hler Welding&#8217;s precision-engineered MIG\/MAG Pulse welding program is dedicated to welding Nibas 625 IG nickel alloy (or its equivalents, such as Inconel 625) with 1.2 mm diameter wire in Ar-2%CO2 gas shielding. This specialized synergy program is the key to achieving the highest quality welded joints on demanding materials, guaranteeing optimum performance and repeatability of the process. <\/p>\n<p>Developed for professionals seeking uncompromising quality and performance in the welding of advanced nickel alloys, this program incorporates B\u00f6hler Welding&#8217;s innovative pulse technology. It provides superior weld pool control, minimized spatter and reduced heat introduction, which is critical to maintaining the metallurgical properties of Nibas 625. Ideal for the chemical, energy, aerospace and offshore industries.  <\/p>\n<\/div>\n<\/div>\n<h3 class=\"custom-product-heading advanced-features-heading\">Explore the Advanced Possibilities of Welding Program MIG\/MAG Pulse &#8211; Nibas 625 IG \u00d81.2mm Ar-2%CO2<\/h3>\n<div class=\"custom-accordion advanced-features-accordion\">\n<details class=\"custom-accordion-item\">\n<summary class=\"custom-subtitle accordion-title\">\u2728 PulsDrive Advanced Welding Process.<\/summary>\n<div class=\"accordion-content\">\n<p>The welding program for the Nibas 625 IG \u00d81.2mm harnesses the potential of the patented <strong>PulsDrive<\/strong> process from B\u00f6hler Welding. This is a digitally controlled pulsed MIG\/MAG process characterized by a &#8220;one pulse &#8211; one drop&#8221; material transfer. Such precision ensures <strong>exceptional controllability of the welding arc<\/strong> and <strong>excellent weld finish<\/strong>, which is extremely important when welding such demanding materials as nickel alloys.  <\/p>\n<p>The benefits of PulsDrive in this program are primarily <strong>minimized spatter<\/strong>, which reduces post-weld machining time and costs. In addition, precise control of linear energy translates into <strong>a smaller heat affected zone (HAZ)<\/strong>, which is key to maintaining the structural integrity and corrosion resistance of Nibas 625 alloy. Ideal for welding in forced positions and where superior aesthetics and joint quality are required.  <\/p>\n<\/div>\n<\/details>\n<details class=\"custom-accordion-item\">\n<summary class=\"custom-subtitle accordion-title\">? B\u00f6hler Arc Synergy: Intelligent Welding<\/summary>\n<div class=\"accordion-content\">\n<p>This welding program is an integral part of the <strong>B\u00f6hler Arc<\/strong> system, an advanced platform of synergy programs available on B\u00f6hler Welding equipment. B\u00f6hler Arc offers hundreds of optimized synergy lines for a variety of materials, wire diameters and shielding gases, including specialized programs like this one for the Nibas 625. The system <strong>simplifies the setting of welding parameters<\/strong> by automatically adjusting arc voltage to wire feed speed.  <\/p>\n<p>With B\u00f6hler Arc, the professional is <strong>guaranteed reproducible, high-quality results<\/strong> without the need for manual fine-tuning of many variables. This not only saves time, but also <strong>reduces the risk of errors and increases overall productivity<\/strong>. With the program for Nibas 625 within B\u00f6hler Arc, you can rest assured that you are welding under optimal conditions, as defined by B\u00f6hler Welding experts.  <\/p>\n<\/div>\n<\/details>\n<\/div>\n<div class=\"custom-product-section product-specs\">\n<h3 class=\"custom-product-heading specs-heading\">Technical Specifications<\/h3>\n<table class=\"specs-table\">\n<thead>\n<tr>\n<th>Parameter<\/th>\n<th>Value<\/th>\n<\/tr>\n<\/thead>\n<tbody>\n<tr>\n<td>Program type<\/td>\n<td>Synergistic MIG\/MAG Pulse welding program (part of the B\u00f6hler Arc system).<\/td>\n<\/tr>\n<tr>\n<td>Catalog number<\/td>\n<td>79.P1.12099<\/td>\n<\/tr>\n<tr>\n<td>Dedicated material<\/td>\n<td>Nibas 625 IG (nickel alloys, e.g. Alloy 625, Inconel 625).<\/td>\n<\/tr>\n<tr>\n<td>Welding process<\/td>\n<td>Pulsed MIG\/MAG<\/td>\n<\/tr>\n<tr>\n<td>Wire diameter<\/td>\n<td>\u00d81.2 mm<\/td>\n<\/tr>\n<tr>\n<td>Shielding gas<\/td>\n<td>Ar-2%CO2 (Argon + 2% Carbon Dioxide)<\/td>\n<\/tr>\n<tr>\n<td>Compatibility<\/td>\n<td>Selected B\u00f6hler Welding equipment equipped with advanced digital controls and the B\u00f6hler Arc synergy program system.<\/td>\n<\/tr>\n<\/tbody>\n<\/table>\n<\/div>\n<div class=\"custom-product-section product-set-contents\">\n<h3 class=\"custom-product-heading set-contents-heading\">Kit Contents \/ Packaging<\/h3>\n<p>? The product (Welding Program MIG\/MAG Pulse &#8211; Nibas 625 IG \u00d81.2mm Ar-2%CO2, Cat. No. 79.P1.12099) is supplied as a single piece (file or media with the program to be uploaded to a compatible B\u00f6hler Welding device), according to the manufacturer&#8217;s standard Voestalpine B\u00f6hler Welding. Additional accessories and compatible welding equipment are available separately. The product is sold by the piece.  <\/p>\n<\/div>\n<div class=\"custom-product-section product-features\">\n<h3 class=\"custom-product-heading features-heading\">Key Features and Benefits<\/h3>\n<ul class=\"custom-product-list features-list\">\n<li>? <strong>Precision Optimization for Nibas 625 IG:<\/strong> Guarantees perfectly matched welding parameters for nickel alloys, resulting in welds of superior quality, perfect geometry and minimal defects.<\/li>\n<li>? A <strong>dvanced Pulsed Welding:<\/strong> Utilizing B\u00f6hler Welding&#8217;s specialized pulse characteristics (e.g., PulsDrive) provides superior arc control, reducing heat input by up to 30% and reducing spatter, minimizing the need for post-treatment.<\/li>\n<li>\u2699\ufe0f <strong>Repeatability and Process Efficiency:<\/strong> Synergistic program operation ensures consistent welding results with every use, eliminating the need for time-consuming tests and adjustments, which directly improves productivity.<\/li>\n<li>?\ufe0f <strong>Protecting Material Properties:<\/strong> Optimized thermal cycling through precise pulse control protects the unique mechanical and corrosion properties of Nibas 625 alloy, crucial in demanding industrial applications.<\/li>\n<\/ul>\n<\/div>\n<div class=\"custom-product-section product-application\">\n<h3 class=\"custom-product-heading application-heading\">Product Application<\/h3>\n<ul class=\"custom-product-list application-list\">\n<li>B\u00f6hler Welding&#8217;s welding program for Nibas 625 IG is ideal for:<\/li>\n<li>? Chemical and petrochemical industry (reactors, heat exchangers, pipelines)<\/li>\n<li>\u26a1 Power industry, including nuclear (turbine components, flue gas desulfurization systems)<\/li>\n<li>\u2708\ufe0f Aerospace industry (engine components, high-temperature structures)<\/li>\n<li>? Marine and offshore industry (seawater corrosion resistant installations)<\/li>\n<li>? Repair and reconditioning of machine parts exposed to extreme conditions (high temperature, corrosion)<\/li>\n<li>? Cryogenic applications requiring high strength materials at low temperatures<\/li>\n<\/ul>\n<\/div>\n<div class=\"custom-product-section product-summary conclusion\">\n<h3 class=\"custom-product-heading summary-heading\">Summary: Welding Program MIG\/MAG Pulse &#8211; Nibas 625 IG \u00d81.2mm Ar-2%CO2 &#8211; Your Investment in Quality B\u00f6hler Welding<\/h3>\n<div class=\"summary-content\">\n<p>? When you choose B\u00f6hler Welding&#8217;s MIG\/MAG Pulse welding program for Nibas 625 IG, you are investing in <strong>uncompromising quality and precision in welding<\/strong> one of the most demanding nickel alloys. Optimized parameters and the use of advanced pulse technology guarantee excellent results, saving time and materials. This is a professional tool for professionals who value reliability and innovation &#8216;Made in Europe&#8217;.  <\/p>\n<p>To discover the full capabilities of the B\u00f6hler Welding MIG\/MAG Pulse Welding Program &#8211; Nibas 625 IG \u00d81.2mm Ar-2%CO2 and get the best deal, contact the experts at SpawLab &#8211; the official distributor and authorized service provider of Voestalpine B\u00f6hler Welding in Poland. Our team, trained in Italy, is at your service. <\/p>\n<\/div>\n<\/div>\n<div class=\"custom-product-section product-codes-info\">\n<p><strong>Part number (Art. No.):<\/strong> 79.P1.12099<\/p>\n<\/div>\n","protected":false},"excerpt":{"rendered":"<p>B\u00f6hler Welding Program package diamondspark 960MC M20 PulsDrive (79.I2.00178) &#8211; Optimizing pulse welding of steel. Professional solutions. <\/p>\n","protected":false},"featured_media":38560,"template":"","meta":{"inline_featured_image":false},"product_brand":[772],"product_cat":[11536,5686],"product_tag":[4432,12037,12103,12265,12055,12622,3509,11547],"class_list":{"0":"post-42579","1":"product","2":"type-product","3":"status-publish","4":"has-post-thumbnail","6":"product_brand-bohler","7":"product_cat-bohler-en-2","8":"product_cat-brand-zone","9":"product_tag-bohler-welding-en-2","10":"product_tag-bohler-welding-software-en","11":"product_tag-diamondspark-960mc-en","12":"product_tag-high-strength-steels","13":"product_tag-m20-en","14":"product_tag-pulsdrive-en","15":"product_tag-pulse-welding-en","16":"product_tag-welding-software-package","18":"first","19":"onbackorder","20":"taxable","21":"shipping-taxable","22":"purchasable","23":"product-type-simple"},"yoast_head":"<!-- This site is optimized with the Yoast SEO Premium plugin v27.0 (Yoast SEO v27.3) - https:\/\/yoast.com\/product\/yoast-seo-premium-wordpress\/ -->\n<title>B\u00f6hler diamondspark 960MC M20 PulsDrive Package - 79.I2.00178<\/title>\n<meta name=\"description\" content=\"B\u00f6hler Welding Program package diamondspark 960MC M20 PulsDrive (79.I2.00178) - Optimizing pulse welding of steel. Professional solutions. Check it out at SpawLab!\" \/>\n<meta name=\"robots\" content=\"index, follow, max-snippet:-1, max-image-preview:large, max-video-preview:-1\" \/>\n<link rel=\"canonical\" href=\"https:\/\/spawlab.pl\/en\/produkt\/bohler-welding-diamondspark-960mc-m20-pulsdrive-program-package-79-i2-00178\/\" \/>\n<meta property=\"og:locale\" content=\"en_US\" \/>\n<meta property=\"og:type\" content=\"article\" \/>\n<meta property=\"og:title\" content=\"B\u00f6hler Welding diamondspark 960MC M20 PulsDrive Program Package - 79.I2.00178\" \/>\n<meta property=\"og:description\" content=\"Lider sprzeda\u017cy, Oficjalny Dystrybutor Premium i Serwis na Polsk\u0119 Migatronic, Gys, Voestalpine Bohler Welding. Nowe i u\u017cywane Spawarki, Przecinarki Plazmowe, Kompresory. Mgr in\u017c. Jaros\u0142aw Ko\u0142aski, IWE\" \/>\n<meta property=\"og:url\" content=\"https:\/\/spawlab.pl\/en\/produkt\/bohler-welding-diamondspark-960mc-m20-pulsdrive-program-package-79-i2-00178\/\" \/>\n<meta property=\"og:site_name\" content=\"SpawLab - Welding equipment and plasma cutters - store and service\" \/>\n<meta property=\"article:publisher\" content=\"https:\/\/www.facebook.com\/Spawlab\/\" \/>\n<meta property=\"og:image\" content=\"https:\/\/spawlab.pl\/wp-content\/uploads\/2025\/06\/Frame-1-scaled.png\" \/>\n\t<meta property=\"og:image:width\" content=\"2560\" \/>\n\t<meta property=\"og:image:height\" content=\"2197\" \/>\n\t<meta property=\"og:image:type\" content=\"image\/png\" \/>\n<meta name=\"twitter:label1\" content=\"Price\" \/>\n\t<meta name=\"twitter:data1\" content=\"1 195,31&nbsp;&#122;&#322; (971,80&nbsp;&#122;&#322; netto)\" \/>\n\t<meta name=\"twitter:label2\" content=\"Availability\" \/>\n\t<meta name=\"twitter:data2\" content=\"On backorder\" \/>\n<script type=\"application\/ld+json\" class=\"yoast-schema-graph\">{\"@context\":\"https:\\\/\\\/schema.org\",\"@graph\":[{\"@type\":[\"WebPage\",\"ItemPage\"],\"@id\":\"https:\\\/\\\/spawlab.pl\\\/en\\\/produkt\\\/bohler-welding-diamondspark-960mc-m20-pulsdrive-program-package-79-i2-00178\\\/\",\"url\":\"https:\\\/\\\/spawlab.pl\\\/en\\\/produkt\\\/bohler-welding-diamondspark-960mc-m20-pulsdrive-program-package-79-i2-00178\\\/\",\"name\":\"B\u00f6hler diamondspark 960MC M20 PulsDrive Package - 79.I2.00178\",\"isPartOf\":{\"@id\":\"https:\\\/\\\/spawlab.pl\\\/en\\\/#website\"},\"primaryImageOfPage\":{\"@id\":\"https:\\\/\\\/spawlab.pl\\\/en\\\/produkt\\\/bohler-welding-diamondspark-960mc-m20-pulsdrive-program-package-79-i2-00178\\\/#primaryimage\"},\"image\":{\"@id\":\"https:\\\/\\\/spawlab.pl\\\/en\\\/produkt\\\/bohler-welding-diamondspark-960mc-m20-pulsdrive-program-package-79-i2-00178\\\/#primaryimage\"},\"thumbnailUrl\":\"https:\\\/\\\/spawlab.pl\\\/wp-content\\\/uploads\\\/2025\\\/06\\\/Frame-1-scaled.png\",\"datePublished\":\"2025-07-09T21:38:28+00:00\",\"description\":\"B\u00f6hler Welding Program package diamondspark 960MC M20 PulsDrive (79.I2.00178) - Optimizing pulse welding of steel. Professional solutions. Check it out at SpawLab!\",\"breadcrumb\":{\"@id\":\"https:\\\/\\\/spawlab.pl\\\/en\\\/produkt\\\/bohler-welding-diamondspark-960mc-m20-pulsdrive-program-package-79-i2-00178\\\/#breadcrumb\"},\"inLanguage\":\"en-US\",\"potentialAction\":[{\"@type\":\"ReadAction\",\"target\":[\"https:\\\/\\\/spawlab.pl\\\/en\\\/produkt\\\/bohler-welding-diamondspark-960mc-m20-pulsdrive-program-package-79-i2-00178\\\/\"]}]},{\"@type\":\"ImageObject\",\"inLanguage\":\"en-US\",\"@id\":\"https:\\\/\\\/spawlab.pl\\\/en\\\/produkt\\\/bohler-welding-diamondspark-960mc-m20-pulsdrive-program-package-79-i2-00178\\\/#primaryimage\",\"url\":\"https:\\\/\\\/spawlab.pl\\\/wp-content\\\/uploads\\\/2025\\\/06\\\/Frame-1-scaled.png\",\"contentUrl\":\"https:\\\/\\\/spawlab.pl\\\/wp-content\\\/uploads\\\/2025\\\/06\\\/Frame-1-scaled.png\",\"width\":2560,\"height\":2197},{\"@type\":\"BreadcrumbList\",\"@id\":\"https:\\\/\\\/spawlab.pl\\\/en\\\/produkt\\\/bohler-welding-diamondspark-960mc-m20-pulsdrive-program-package-79-i2-00178\\\/#breadcrumb\",\"itemListElement\":[{\"@type\":\"ListItem\",\"position\":1,\"name\":\"Strona g\u0142\u00f3wna\",\"item\":\"https:\\\/\\\/spawlab.pl\\\/en\\\/\"},{\"@type\":\"ListItem\",\"position\":2,\"name\":\"Store\",\"item\":\"https:\\\/\\\/spawlab.pl\\\/en\\\/shop\\\/\"},{\"@type\":\"ListItem\",\"position\":3,\"name\":\"B\u00f6hler Welding diamondspark 960MC M20 PulsDrive Program Package &#8211; 79.I2.00178\"}]},{\"@type\":\"WebSite\",\"@id\":\"https:\\\/\\\/spawlab.pl\\\/en\\\/#website\",\"url\":\"https:\\\/\\\/spawlab.pl\\\/en\\\/\",\"name\":\"Spawlab.pl Lider - Spawarki, Przecinarki Plazmowe, Kompresory\",\"description\":\"Urz\u0105dzenia spawalnicze i Przecinarki plazmowe\\\/ nowe i u\u017cywane \\\/ Profesjonalny serwis\",\"publisher\":{\"@id\":\"https:\\\/\\\/spawlab.pl\\\/en\\\/#organization\"},\"alternateName\":\"Spawlab.pl - Dystrybutor Premium i Serwis na Polske Migatronic, Gys, Voestalpine Bohler Welding\",\"potentialAction\":[{\"@type\":\"SearchAction\",\"target\":{\"@type\":\"EntryPoint\",\"urlTemplate\":\"https:\\\/\\\/spawlab.pl\\\/en\\\/?s={search_term_string}\"},\"query-input\":{\"@type\":\"PropertyValueSpecification\",\"valueRequired\":true,\"valueName\":\"search_term_string\"}}],\"inLanguage\":\"en-US\"},{\"@type\":[\"Organization\",\"Place\"],\"@id\":\"https:\\\/\\\/spawlab.pl\\\/en\\\/#organization\",\"name\":\"Spawlab.pl\",\"url\":\"https:\\\/\\\/spawlab.pl\\\/en\\\/\",\"logo\":{\"@id\":\"https:\\\/\\\/spawlab.pl\\\/en\\\/produkt\\\/bohler-welding-diamondspark-960mc-m20-pulsdrive-program-package-79-i2-00178\\\/#local-main-organization-logo\"},\"image\":{\"@id\":\"https:\\\/\\\/spawlab.pl\\\/en\\\/produkt\\\/bohler-welding-diamondspark-960mc-m20-pulsdrive-program-package-79-i2-00178\\\/#local-main-organization-logo\"},\"sameAs\":[\"https:\\\/\\\/www.facebook.com\\\/Spawlab\\\/\",\"https:\\\/\\\/www.linkedin.com\\\/company\\\/spawlab\",\"https:\\\/\\\/www.instagram.com\\\/spawlab.pl\",\"https:\\\/\\\/www.tiktok.com\\\/@spawlab\"],\"description\":\"Lider sprzeda\u017cy, Oficjalny Dystrybutor Premium i Serwis na Polsk\u0119 Migatronic, Gys, Voestalpine Bohler Welding. Nowe i u\u017cywane Spawarki, Przecinarki Plazmowe, Kompresory. Mgr in\u017c. Jaros\u0142aw Ko\u0142aski, IWE\",\"hasMerchantReturnPolicy\":{\"@type\":\"MerchantReturnPolicy\",\"merchantReturnLink\":\"https:\\\/\\\/spawlab.pl\\\/polityka-prywatnosci-2\\\/\"},\"telephone\":[],\"openingHoursSpecification\":[{\"@type\":\"OpeningHoursSpecification\",\"dayOfWeek\":[\"Monday\",\"Tuesday\",\"Wednesday\",\"Thursday\",\"Friday\",\"Saturday\",\"Sunday\"],\"opens\":\"09:00\",\"closes\":\"17:00\"}]},{\"@type\":\"ImageObject\",\"inLanguage\":\"en-US\",\"@id\":\"https:\\\/\\\/spawlab.pl\\\/en\\\/produkt\\\/bohler-welding-diamondspark-960mc-m20-pulsdrive-program-package-79-i2-00178\\\/#local-main-organization-logo\",\"url\":\"https:\\\/\\\/spawlab.pl\\\/wp-content\\\/uploads\\\/2022\\\/01\\\/olx.jpg\",\"contentUrl\":\"https:\\\/\\\/spawlab.pl\\\/wp-content\\\/uploads\\\/2022\\\/01\\\/olx.jpg\",\"width\":200,\"height\":200,\"caption\":\"Spawlab.pl\"}]}<\/script>\n<meta property=\"product:brand\" content=\"B\u00f6hler\" \/>\n<meta property=\"product:price:amount\" content=\"1195.31\" \/>\n<meta property=\"product:price:currency\" content=\"PLN\" \/>\n<meta property=\"og:availability\" content=\"backorder\" \/>\n<meta property=\"product:availability\" content=\"available for order\" \/>\n<meta property=\"product:retailer_item_id\" content=\"79.I2.00178\" \/>\n<meta property=\"product:condition\" content=\"new\" \/>\n<!-- \/ Yoast SEO Premium plugin. -->","yoast_head_json":{"title":"B\u00f6hler diamondspark 960MC M20 PulsDrive Package - 79.I2.00178","description":"B\u00f6hler Welding Program package diamondspark 960MC M20 PulsDrive (79.I2.00178) - Optimizing pulse welding of steel. Professional solutions. Check it out at SpawLab!","robots":{"index":"index","follow":"follow","max-snippet":"max-snippet:-1","max-image-preview":"max-image-preview:large","max-video-preview":"max-video-preview:-1"},"canonical":"https:\/\/spawlab.pl\/en\/produkt\/bohler-welding-diamondspark-960mc-m20-pulsdrive-program-package-79-i2-00178\/","og_locale":"en_US","og_type":"article","og_title":"B\u00f6hler Welding diamondspark 960MC M20 PulsDrive Program Package - 79.I2.00178","og_description":"Lider sprzeda\u017cy, Oficjalny Dystrybutor Premium i Serwis na Polsk\u0119 Migatronic, Gys, Voestalpine Bohler Welding. Nowe i u\u017cywane Spawarki, Przecinarki Plazmowe, Kompresory. Mgr in\u017c. Jaros\u0142aw Ko\u0142aski, IWE","og_url":"https:\/\/spawlab.pl\/en\/produkt\/bohler-welding-diamondspark-960mc-m20-pulsdrive-program-package-79-i2-00178\/","og_site_name":"SpawLab - Welding equipment and plasma cutters - store and service","article_publisher":"https:\/\/www.facebook.com\/Spawlab\/","og_image":[{"width":2560,"height":2197,"url":"https:\/\/spawlab.pl\/wp-content\/uploads\/2025\/06\/Frame-1-scaled.png","type":"image\/png"}],"twitter_misc":{"Price":"1 195,31&nbsp;&#122;&#322; (971,80&nbsp;&#122;&#322; netto)","Availability":"On backorder"},"schema":{"@context":"https:\/\/schema.org","@graph":[{"@type":["WebPage","ItemPage"],"@id":"https:\/\/spawlab.pl\/en\/produkt\/bohler-welding-diamondspark-960mc-m20-pulsdrive-program-package-79-i2-00178\/","url":"https:\/\/spawlab.pl\/en\/produkt\/bohler-welding-diamondspark-960mc-m20-pulsdrive-program-package-79-i2-00178\/","name":"B\u00f6hler diamondspark 960MC M20 PulsDrive Package - 79.I2.00178","isPartOf":{"@id":"https:\/\/spawlab.pl\/en\/#website"},"primaryImageOfPage":{"@id":"https:\/\/spawlab.pl\/en\/produkt\/bohler-welding-diamondspark-960mc-m20-pulsdrive-program-package-79-i2-00178\/#primaryimage"},"image":{"@id":"https:\/\/spawlab.pl\/en\/produkt\/bohler-welding-diamondspark-960mc-m20-pulsdrive-program-package-79-i2-00178\/#primaryimage"},"thumbnailUrl":"https:\/\/spawlab.pl\/wp-content\/uploads\/2025\/06\/Frame-1-scaled.png","datePublished":"2025-07-09T21:38:28+00:00","description":"B\u00f6hler Welding Program package diamondspark 960MC M20 PulsDrive (79.I2.00178) - Optimizing pulse welding of steel. Professional solutions. Check it out at SpawLab!","breadcrumb":{"@id":"https:\/\/spawlab.pl\/en\/produkt\/bohler-welding-diamondspark-960mc-m20-pulsdrive-program-package-79-i2-00178\/#breadcrumb"},"inLanguage":"en-US","potentialAction":[{"@type":"ReadAction","target":["https:\/\/spawlab.pl\/en\/produkt\/bohler-welding-diamondspark-960mc-m20-pulsdrive-program-package-79-i2-00178\/"]}]},{"@type":"ImageObject","inLanguage":"en-US","@id":"https:\/\/spawlab.pl\/en\/produkt\/bohler-welding-diamondspark-960mc-m20-pulsdrive-program-package-79-i2-00178\/#primaryimage","url":"https:\/\/spawlab.pl\/wp-content\/uploads\/2025\/06\/Frame-1-scaled.png","contentUrl":"https:\/\/spawlab.pl\/wp-content\/uploads\/2025\/06\/Frame-1-scaled.png","width":2560,"height":2197},{"@type":"BreadcrumbList","@id":"https:\/\/spawlab.pl\/en\/produkt\/bohler-welding-diamondspark-960mc-m20-pulsdrive-program-package-79-i2-00178\/#breadcrumb","itemListElement":[{"@type":"ListItem","position":1,"name":"Strona g\u0142\u00f3wna","item":"https:\/\/spawlab.pl\/en\/"},{"@type":"ListItem","position":2,"name":"Store","item":"https:\/\/spawlab.pl\/en\/shop\/"},{"@type":"ListItem","position":3,"name":"B\u00f6hler Welding diamondspark 960MC M20 PulsDrive Program Package &#8211; 79.I2.00178"}]},{"@type":"WebSite","@id":"https:\/\/spawlab.pl\/en\/#website","url":"https:\/\/spawlab.pl\/en\/","name":"Spawlab.pl Lider - Spawarki, Przecinarki Plazmowe, Kompresory","description":"Urz\u0105dzenia spawalnicze i Przecinarki plazmowe\/ nowe i u\u017cywane \/ Profesjonalny serwis","publisher":{"@id":"https:\/\/spawlab.pl\/en\/#organization"},"alternateName":"Spawlab.pl - Dystrybutor Premium i Serwis na Polske Migatronic, Gys, Voestalpine Bohler Welding","potentialAction":[{"@type":"SearchAction","target":{"@type":"EntryPoint","urlTemplate":"https:\/\/spawlab.pl\/en\/?s={search_term_string}"},"query-input":{"@type":"PropertyValueSpecification","valueRequired":true,"valueName":"search_term_string"}}],"inLanguage":"en-US"},{"@type":["Organization","Place"],"@id":"https:\/\/spawlab.pl\/en\/#organization","name":"Spawlab.pl","url":"https:\/\/spawlab.pl\/en\/","logo":{"@id":"https:\/\/spawlab.pl\/en\/produkt\/bohler-welding-diamondspark-960mc-m20-pulsdrive-program-package-79-i2-00178\/#local-main-organization-logo"},"image":{"@id":"https:\/\/spawlab.pl\/en\/produkt\/bohler-welding-diamondspark-960mc-m20-pulsdrive-program-package-79-i2-00178\/#local-main-organization-logo"},"sameAs":["https:\/\/www.facebook.com\/Spawlab\/","https:\/\/www.linkedin.com\/company\/spawlab","https:\/\/www.instagram.com\/spawlab.pl","https:\/\/www.tiktok.com\/@spawlab"],"description":"Lider sprzeda\u017cy, Oficjalny Dystrybutor Premium i Serwis na Polsk\u0119 Migatronic, Gys, Voestalpine Bohler Welding. Nowe i u\u017cywane Spawarki, Przecinarki Plazmowe, Kompresory. Mgr in\u017c. Jaros\u0142aw Ko\u0142aski, IWE","hasMerchantReturnPolicy":{"@type":"MerchantReturnPolicy","merchantReturnLink":"https:\/\/spawlab.pl\/polityka-prywatnosci-2\/"},"telephone":[],"openingHoursSpecification":[{"@type":"OpeningHoursSpecification","dayOfWeek":["Monday","Tuesday","Wednesday","Thursday","Friday","Saturday","Sunday"],"opens":"09:00","closes":"17:00"}]},{"@type":"ImageObject","inLanguage":"en-US","@id":"https:\/\/spawlab.pl\/en\/produkt\/bohler-welding-diamondspark-960mc-m20-pulsdrive-program-package-79-i2-00178\/#local-main-organization-logo","url":"https:\/\/spawlab.pl\/wp-content\/uploads\/2022\/01\/olx.jpg","contentUrl":"https:\/\/spawlab.pl\/wp-content\/uploads\/2022\/01\/olx.jpg","width":200,"height":200,"caption":"Spawlab.pl"}]},"product_brand":"B\u00f6hler","product_price_amount":"1195.31","product_price_currency":"PLN","og_availability":"backorder","product_availability":"available for order","product_retailer_item_id":"79.I2.00178","product_condition":"new"},"_links":{"self":[{"href":"https:\/\/spawlab.pl\/en\/wp-json\/wp\/v2\/product\/42579","targetHints":{"allow":["GET"]}}],"collection":[{"href":"https:\/\/spawlab.pl\/en\/wp-json\/wp\/v2\/product"}],"about":[{"href":"https:\/\/spawlab.pl\/en\/wp-json\/wp\/v2\/types\/product"}],"wp:featuredmedia":[{"embeddable":true,"href":"https:\/\/spawlab.pl\/en\/wp-json\/wp\/v2\/media\/38560"}],"wp:attachment":[{"href":"https:\/\/spawlab.pl\/en\/wp-json\/wp\/v2\/media?parent=42579"}],"wp:term":[{"taxonomy":"product_brand","embeddable":true,"href":"https:\/\/spawlab.pl\/en\/wp-json\/wp\/v2\/product_brand?post=42579"},{"taxonomy":"product_cat","embeddable":true,"href":"https:\/\/spawlab.pl\/en\/wp-json\/wp\/v2\/product_cat?post=42579"},{"taxonomy":"product_tag","embeddable":true,"href":"https:\/\/spawlab.pl\/en\/wp-json\/wp\/v2\/product_tag?post=42579"}],"curies":[{"name":"wp","href":"https:\/\/api.w.org\/{rel}","templated":true}]}}