{"id":42581,"date":"2025-07-09T23:38:27","date_gmt":"2025-07-09T21:38:27","guid":{"rendered":"https:\/\/spawlab.pl\/produkt\/bohler-welding-program-package-diamondspark-900mc-m20-ar-5-15co2-pulsdrive-79-i2-00170\/"},"modified":"2025-07-09T23:38:27","modified_gmt":"2025-07-09T21:38:27","slug":"bohler-welding-program-package-diamondspark-900mc-m20-ar-5-15co2-pulsdrive-79-i2-00170","status":"publish","type":"product","link":"https:\/\/spawlab.pl\/en\/produkt\/bohler-welding-program-package-diamondspark-900mc-m20-ar-5-15co2-pulsdrive-79-i2-00170\/","title":{"rendered":"B\u00f6hler Welding Program Package diamondspark 900MC M20 (Ar 5-15%CO2) PulsDrive &#8211; 79.I2.00170"},"content":{"rendered":"<div class=\"custom-product-section distributor-info spawlab-info\">\n<p><strong>SpawLab &#8211; your Authorized Voestalpine B\u00f6hler Welding Partner in Poland!<\/strong><\/p>\n<p>We are <strong>an official distributor of<\/strong> Voestalpine B\u00f6hler Welding equipment and <strong>an Authorized Service Center in Poland<\/strong>. Our team has undergone <strong>rigorous technical training directly in Italy<\/strong> at the manufacturer&#8217;s centers. <\/p>\n<p>When you choose SpawLab, you are assured of original products, access to B\u00f6hler Welding solutions, professional advice and service support.<\/p>\n<\/div>\n<div class=\"custom-product-section product-intro\">\n<h2 class=\"product-section-title main-product-title\">B\u00f6hler Welding Program Package diamondspark 900MC M20 (Ar 5-15%CO2) PulsDrive &#8211; 79.I2.00170<\/h2>\n<div class=\"description-content product-marketing-description\">\n<p>B\u00f6hler Welding&#8217;s Welding Program Package dedicated to <strong>diamondspark 900MC<\/strong> wire with <strong>M20<\/strong> shielding gas <strong>(Ar 5-15%CO2)<\/strong> and the advanced <strong>PulsDrive<\/strong> process is the key to achieving the highest precision and weld quality in professional applications. This specialized set of synergies was developed by Voestalpine B\u00f6hler Welding experts to maximize welding productivity and repeatability, especially when working with high-strength steels. <\/p>\n<p>With this package, your B\u00f6hler Welding machine gains optimized synergy curves that perfectly match the arc parameters to the specific characteristics of diamondspark 900MC wire and the PulsDrive process. The result is excellent weld pool control, minimal spatter, and welds of exceptional metallurgical quality and aesthetics that meet stringent industry standards. <\/p>\n<\/div>\n<\/div>\n<h3 class=\"custom-product-heading advanced-features-heading\">Explore Advanced Capabilities _x000D_Welding Programs Package &#8211; diamondspark 900MC M20 (Ar 5\u00f715%CO2) -_x000D_PulsDrive_x000D_.<\/h3>\n<div class=\"custom-accordion advanced-features-accordion\">\n<details class=\"custom-accordion-item\">\n<summary class=\"custom-subtitle accordion-title\">pulse_stream: PulsDrive Advanced Welding Process.<\/summary>\n<div class=\"accordion-content\">\n<p><strong>PulsDrive<\/strong> is B\u00f6hler Welding&#8217;s patented digital pulsed MIG\/MAG welding process, designed to provide <strong>superior weld quality and precise arc control<\/strong>. A key feature of PulsDrive is the &#8220;one-pulse-one-drop&#8221; principle, which means that each pulse of current precisely extracts one drop of molten metal from the electrode wire and transfers it to the welding pool. Such characteristics ensure an extremely stable arc, minimal spatter and perfect fusion.  <\/p>\n<p>The benefits to the professional of a program package optimized for PulsDrive are measurable:<br \/>\n* <strong>Exceptional weld quality:<\/strong> Smooth face, perfect fusion and minimized risk of welding defects.<br \/>\n* <strong>Excellent controllability:<\/strong> Easier welding in forced positions and precise control of the weld pool, even when welding thin materials or high-strength steels.<br \/>\n* <strong>Splinter Reduction:<\/strong> Significant reduction in weld spatter, which minimizes the need for grinding work and reduces finishing costs.<br \/>\n* <strong>Reduced heat input:<\/strong> The pulsating process reduces the amount of heat introduced into the material, which is crucial when welding stainless steels, aluminum and overheat-sensitive materials, reducing distortion.<br \/>\nWith PulsDrive programs for diamondspark 900MC wire, welders can achieve excellent results, especially when welding high-strength structural steels where parameter control and joint quality are critical.<\/p>\n<\/div>\n<\/details>\n<\/div>\n<div class=\"custom-product-section product-specs\">\n<h3 class=\"custom-product-heading specs-heading\">Technical Specifications<\/h3>\n<table class=\"specs-table\">\n<thead>\n<tr>\n<th>Parameter<\/th>\n<th>Value<\/th>\n<\/tr>\n<\/thead>\n<tbody>\n<tr>\n<td>Product type<\/td>\n<td>Welding Software Package (synergy software)<\/td>\n<\/tr>\n<tr>\n<td>Catalog number<\/td>\n<td>79.I2.00170<\/td>\n<\/tr>\n<tr>\n<td>Brand<\/td>\n<td>B\u00f6hler Welding (Voestalpine B\u00f6hler Welding)<\/td>\n<\/tr>\n<tr>\n<td>Compatible welding wire<\/td>\n<td>diamondspark 900MC<\/td>\n<\/tr>\n<tr>\n<td>Recommended shielding gas<\/td>\n<td>M20 (Argon 5-15% CO2)<\/td>\n<\/tr>\n<tr>\n<td>Optimized welding process<\/td>\n<td>PulsDrive (MIG\/MAG Puls)<\/td>\n<\/tr>\n<tr>\n<td>Purpose<\/td>\n<td>To extend the functionality of compatible B\u00f6hler Welding equipment<\/td>\n<\/tr>\n<\/tbody>\n<\/table>\n<\/div>\n<div class=\"custom-product-section product-set-contents\">\n<h3 class=\"custom-product-heading set-contents-heading\">Kit Contents \/ Packaging<\/h3>\n<p>? The product (B\u00f6hler Welding Welding Program Package diamondspark 900MC M20 (Ar 5-15%CO2) PulsDrive) is supplied as a single piece (license\/data file), according to the manufacturer&#8217;s standard Voestalpine B\u00f6hler Welding. Additional accessories are usually available separately. <\/p>\n<\/div>\n<div class=\"custom-product-section product-features\">\n<h3 class=\"custom-product-heading features-heading\">Key Features and Benefits<\/h3>\n<ul class=\"custom-product-list features-list\">\n<li>? <strong>Optimization for diamondspark 900MC:<\/strong> Guaranteed perfectly matched welding parameters for this specialized wire, resulting in the highest quality and repeatability of welds.<\/li>\n<li>? <strong>Synergy with M20 gas (Ar 5-15%CO2):<\/strong> Precise adjustment of arc characteristics to the gas mixture, minimizing spatter and ensuring a stable process.<\/li>\n<li>\u2699\ufe0f <strong>Perfectly integrated with PulsDrive:<\/strong> Harness the full potential of B\u00f6hler Welding&#8217;s advanced pulse welding for superior control and weld appearance.<\/li>\n<li>? <strong>Increased productivity and versatility:<\/strong> expand the capabilities of your B\u00f6hler Welding machine, enabling you to complete more demanding welding tasks with guaranteed optimal results.<\/li>\n<\/ul>\n<\/div>\n<div class=\"custom-product-section product-application\">\n<h3 class=\"custom-product-heading application-heading\">Product Application<\/h3>\n<ul class=\"custom-product-list application-list\">\n<li>The B\u00f6hler Welding diamondspark 900MC M20 PulsDrive Welding Program Package is ideal for professionals in sectors requiring the highest quality and precision:<\/li>\n<li>?\ufe0f <strong>High strength steel structures:<\/strong> Welding of machine components, vehicles, cranes, where load-bearing capacity and durability of connections are crucial.<\/li>\n<li>? <strong>Machinery and manufacturing industry:<\/strong> Production of components requiring precise and aesthetic welds with minimal finishing.<\/li>\n<li>? <strong>Automotive and rail industry:<\/strong> joining high-strength steel components where heat control and minimizing distortion are a priority.<\/li>\n<li>?\ufe0f <strong>Specialty welding workshops:<\/strong> making responsible welded joints where synergy and optimization are required for specific materials and wires like diamondspark 900MC.<\/li>\n<li>? <strong>Applications requiring low splatter:<\/strong> Reduce cleaning costs and improve the work environment.<\/li>\n<\/ul>\n<\/div>\n<div class=\"custom-product-section product-summary conclusion\">\n<h3 class=\"custom-product-heading summary-heading\">Summary: _x000D_Welding Programs Package &#8211; diamondspark 900MC M20 (Ar 5\u00f715%CO2) -_x000D_PulsDrive_x000D_ &#8211; Your Investment in Quality B\u00f6hler Welding.<\/h3>\n<div class=\"summary-content\">\n<p>? When you choose the B\u00f6hler Welding diamondspark 900MC M20 PulsDrive Welding Program Package, you are investing in <strong>uncompromising welding quality and precision<\/strong>. This specialized set of synergies, optimized for the PulsDrive process, guarantees excellent results when welding high-strength steels with diamondspark 900MC wire. To learn more about the full capabilities of the B\u00f6hler Welding Program Package diamondspark 900MC M20 (Ar 5-15%CO2) PulsDrive and get the best deal, contact the experts at SpawLab &#8211; the official distributor and authorized service provider of Voestalpine B\u00f6hler Welding in Poland. Our team, trained in Italy, is at your service.   <\/p>\n<\/div>\n<\/div>\n<div class=\"custom-product-section product-codes-info\">\n<p><strong>Part number (Art. No.):<\/strong> 79.I2.00170<\/p>\n<\/div>\n","protected":false},"excerpt":{"rendered":"<p>B\u00f6hler Welding Program package diamondspark 900MC PulsDrive (79.I2.00170) &#8211; optimal pulse welding of steel. Professional welding solutions. <\/p>\n","protected":false},"featured_media":38560,"template":"","meta":{"inline_featured_image":false},"product_brand":[772],"product_cat":[11536,5686],"product_tag":[13239,4432,12104,12616,12622,11542,11547,8809],"class_list":{"0":"post-42581","1":"product","2":"type-product","3":"status-publish","4":"has-post-thumbnail","6":"product_brand-bohler","7":"product_cat-bohler-en-2","8":"product_cat-brand-zone","9":"product_tag-79-i2-00170-en","10":"product_tag-bohler-welding-en-2","11":"product_tag-diamondspark-900mc-en","12":"product_tag-mig-mag-pulse-welding","13":"product_tag-pulsdrive-en","14":"product_tag-welding-software","15":"product_tag-welding-software-package","16":"product_tag-welding-synergy-en","18":"first","19":"onbackorder","20":"taxable","21":"shipping-taxable","22":"purchasable","23":"product-type-simple"},"yoast_head":"<!-- This site is optimized with the Yoast SEO Premium plugin v27.0 (Yoast SEO v27.3) - https:\/\/yoast.com\/product\/yoast-seo-premium-wordpress\/ -->\n<title>B\u00f6hler Welding Program package diamondspark 900MC PulsDrive - 79.I2.00170<\/title>\n<meta name=\"description\" content=\"B\u00f6hler Welding Program package diamondspark 900MC PulsDrive (79.I2.00170) - optimal pulse welding of steel. Professional welding solutions. Check it out at SpawLab!\" \/>\n<meta name=\"robots\" content=\"index, follow, max-snippet:-1, max-image-preview:large, max-video-preview:-1\" \/>\n<link rel=\"canonical\" href=\"https:\/\/spawlab.pl\/en\/produkt\/bohler-welding-program-package-diamondspark-900mc-m20-ar-5-15co2-pulsdrive-79-i2-00170\/\" \/>\n<meta property=\"og:locale\" content=\"en_US\" \/>\n<meta property=\"og:type\" content=\"article\" \/>\n<meta property=\"og:title\" content=\"B\u00f6hler Welding Program Package diamondspark 900MC M20 (Ar 5-15%CO2) PulsDrive - 79.I2.00170\" \/>\n<meta property=\"og:description\" content=\"Lider sprzeda\u017cy, Oficjalny Dystrybutor Premium i Serwis na Polsk\u0119 Migatronic, Gys, Voestalpine Bohler Welding. Nowe i u\u017cywane Spawarki, Przecinarki Plazmowe, Kompresory. Mgr in\u017c. Jaros\u0142aw Ko\u0142aski, IWE\" \/>\n<meta property=\"og:url\" content=\"https:\/\/spawlab.pl\/en\/produkt\/bohler-welding-program-package-diamondspark-900mc-m20-ar-5-15co2-pulsdrive-79-i2-00170\/\" \/>\n<meta property=\"og:site_name\" content=\"SpawLab - Welding equipment and plasma cutters - store and service\" \/>\n<meta property=\"article:publisher\" content=\"https:\/\/www.facebook.com\/Spawlab\/\" \/>\n<meta property=\"og:image\" content=\"https:\/\/spawlab.pl\/wp-content\/uploads\/2025\/06\/Frame-1-scaled.png\" \/>\n\t<meta property=\"og:image:width\" content=\"2560\" \/>\n\t<meta property=\"og:image:height\" content=\"2197\" \/>\n\t<meta property=\"og:image:type\" content=\"image\/png\" \/>\n<meta name=\"twitter:label1\" content=\"Price\" \/>\n\t<meta name=\"twitter:data1\" content=\"1 195,31&nbsp;&#122;&#322; (971,80&nbsp;&#122;&#322; netto)\" \/>\n\t<meta name=\"twitter:label2\" content=\"Availability\" \/>\n\t<meta name=\"twitter:data2\" content=\"On backorder\" \/>\n<script type=\"application\/ld+json\" class=\"yoast-schema-graph\">{\"@context\":\"https:\\\/\\\/schema.org\",\"@graph\":[{\"@type\":[\"WebPage\",\"ItemPage\"],\"@id\":\"https:\\\/\\\/spawlab.pl\\\/en\\\/produkt\\\/bohler-welding-program-package-diamondspark-900mc-m20-ar-5-15co2-pulsdrive-79-i2-00170\\\/\",\"url\":\"https:\\\/\\\/spawlab.pl\\\/en\\\/produkt\\\/bohler-welding-program-package-diamondspark-900mc-m20-ar-5-15co2-pulsdrive-79-i2-00170\\\/\",\"name\":\"B\u00f6hler Welding Program package diamondspark 900MC PulsDrive - 79.I2.00170\",\"isPartOf\":{\"@id\":\"https:\\\/\\\/spawlab.pl\\\/en\\\/#website\"},\"primaryImageOfPage\":{\"@id\":\"https:\\\/\\\/spawlab.pl\\\/en\\\/produkt\\\/bohler-welding-program-package-diamondspark-900mc-m20-ar-5-15co2-pulsdrive-79-i2-00170\\\/#primaryimage\"},\"image\":{\"@id\":\"https:\\\/\\\/spawlab.pl\\\/en\\\/produkt\\\/bohler-welding-program-package-diamondspark-900mc-m20-ar-5-15co2-pulsdrive-79-i2-00170\\\/#primaryimage\"},\"thumbnailUrl\":\"https:\\\/\\\/spawlab.pl\\\/wp-content\\\/uploads\\\/2025\\\/06\\\/Frame-1-scaled.png\",\"datePublished\":\"2025-07-09T21:38:27+00:00\",\"description\":\"B\u00f6hler Welding Program package diamondspark 900MC PulsDrive (79.I2.00170) - optimal pulse welding of steel. Professional welding solutions. Check it out at SpawLab!\",\"breadcrumb\":{\"@id\":\"https:\\\/\\\/spawlab.pl\\\/en\\\/produkt\\\/bohler-welding-program-package-diamondspark-900mc-m20-ar-5-15co2-pulsdrive-79-i2-00170\\\/#breadcrumb\"},\"inLanguage\":\"en-US\",\"potentialAction\":[{\"@type\":\"ReadAction\",\"target\":[\"https:\\\/\\\/spawlab.pl\\\/en\\\/produkt\\\/bohler-welding-program-package-diamondspark-900mc-m20-ar-5-15co2-pulsdrive-79-i2-00170\\\/\"]}]},{\"@type\":\"ImageObject\",\"inLanguage\":\"en-US\",\"@id\":\"https:\\\/\\\/spawlab.pl\\\/en\\\/produkt\\\/bohler-welding-program-package-diamondspark-900mc-m20-ar-5-15co2-pulsdrive-79-i2-00170\\\/#primaryimage\",\"url\":\"https:\\\/\\\/spawlab.pl\\\/wp-content\\\/uploads\\\/2025\\\/06\\\/Frame-1-scaled.png\",\"contentUrl\":\"https:\\\/\\\/spawlab.pl\\\/wp-content\\\/uploads\\\/2025\\\/06\\\/Frame-1-scaled.png\",\"width\":2560,\"height\":2197},{\"@type\":\"BreadcrumbList\",\"@id\":\"https:\\\/\\\/spawlab.pl\\\/en\\\/produkt\\\/bohler-welding-program-package-diamondspark-900mc-m20-ar-5-15co2-pulsdrive-79-i2-00170\\\/#breadcrumb\",\"itemListElement\":[{\"@type\":\"ListItem\",\"position\":1,\"name\":\"Strona g\u0142\u00f3wna\",\"item\":\"https:\\\/\\\/spawlab.pl\\\/en\\\/\"},{\"@type\":\"ListItem\",\"position\":2,\"name\":\"Store\",\"item\":\"https:\\\/\\\/spawlab.pl\\\/en\\\/shop\\\/\"},{\"@type\":\"ListItem\",\"position\":3,\"name\":\"B\u00f6hler Welding Program Package diamondspark 900MC M20 (Ar 5-15%CO2) PulsDrive &#8211; 79.I2.00170\"}]},{\"@type\":\"WebSite\",\"@id\":\"https:\\\/\\\/spawlab.pl\\\/en\\\/#website\",\"url\":\"https:\\\/\\\/spawlab.pl\\\/en\\\/\",\"name\":\"Spawlab.pl Lider - Spawarki, Przecinarki Plazmowe, Kompresory\",\"description\":\"Urz\u0105dzenia spawalnicze i Przecinarki plazmowe\\\/ nowe i u\u017cywane \\\/ Profesjonalny serwis\",\"publisher\":{\"@id\":\"https:\\\/\\\/spawlab.pl\\\/en\\\/#organization\"},\"alternateName\":\"Spawlab.pl - Dystrybutor Premium i Serwis na Polske Migatronic, Gys, Voestalpine Bohler Welding\",\"potentialAction\":[{\"@type\":\"SearchAction\",\"target\":{\"@type\":\"EntryPoint\",\"urlTemplate\":\"https:\\\/\\\/spawlab.pl\\\/en\\\/?s={search_term_string}\"},\"query-input\":{\"@type\":\"PropertyValueSpecification\",\"valueRequired\":true,\"valueName\":\"search_term_string\"}}],\"inLanguage\":\"en-US\"},{\"@type\":[\"Organization\",\"Place\"],\"@id\":\"https:\\\/\\\/spawlab.pl\\\/en\\\/#organization\",\"name\":\"Spawlab.pl\",\"url\":\"https:\\\/\\\/spawlab.pl\\\/en\\\/\",\"logo\":{\"@id\":\"https:\\\/\\\/spawlab.pl\\\/en\\\/produkt\\\/bohler-welding-program-package-diamondspark-900mc-m20-ar-5-15co2-pulsdrive-79-i2-00170\\\/#local-main-organization-logo\"},\"image\":{\"@id\":\"https:\\\/\\\/spawlab.pl\\\/en\\\/produkt\\\/bohler-welding-program-package-diamondspark-900mc-m20-ar-5-15co2-pulsdrive-79-i2-00170\\\/#local-main-organization-logo\"},\"sameAs\":[\"https:\\\/\\\/www.facebook.com\\\/Spawlab\\\/\",\"https:\\\/\\\/www.linkedin.com\\\/company\\\/spawlab\",\"https:\\\/\\\/www.instagram.com\\\/spawlab.pl\",\"https:\\\/\\\/www.tiktok.com\\\/@spawlab\"],\"description\":\"Lider sprzeda\u017cy, Oficjalny Dystrybutor Premium i Serwis na Polsk\u0119 Migatronic, Gys, Voestalpine Bohler Welding. Nowe i u\u017cywane Spawarki, Przecinarki Plazmowe, Kompresory. Mgr in\u017c. Jaros\u0142aw Ko\u0142aski, IWE\",\"hasMerchantReturnPolicy\":{\"@type\":\"MerchantReturnPolicy\",\"merchantReturnLink\":\"https:\\\/\\\/spawlab.pl\\\/polityka-prywatnosci-2\\\/\"},\"telephone\":[],\"openingHoursSpecification\":[{\"@type\":\"OpeningHoursSpecification\",\"dayOfWeek\":[\"Monday\",\"Tuesday\",\"Wednesday\",\"Thursday\",\"Friday\",\"Saturday\",\"Sunday\"],\"opens\":\"09:00\",\"closes\":\"17:00\"}]},{\"@type\":\"ImageObject\",\"inLanguage\":\"en-US\",\"@id\":\"https:\\\/\\\/spawlab.pl\\\/en\\\/produkt\\\/bohler-welding-program-package-diamondspark-900mc-m20-ar-5-15co2-pulsdrive-79-i2-00170\\\/#local-main-organization-logo\",\"url\":\"https:\\\/\\\/spawlab.pl\\\/wp-content\\\/uploads\\\/2022\\\/01\\\/olx.jpg\",\"contentUrl\":\"https:\\\/\\\/spawlab.pl\\\/wp-content\\\/uploads\\\/2022\\\/01\\\/olx.jpg\",\"width\":200,\"height\":200,\"caption\":\"Spawlab.pl\"}]}<\/script>\n<meta property=\"product:brand\" content=\"B\u00f6hler\" \/>\n<meta property=\"product:price:amount\" content=\"1195.31\" \/>\n<meta property=\"product:price:currency\" content=\"PLN\" \/>\n<meta property=\"og:availability\" content=\"backorder\" \/>\n<meta property=\"product:availability\" content=\"available for order\" \/>\n<meta property=\"product:retailer_item_id\" content=\"79.I2.00170\" \/>\n<meta property=\"product:condition\" content=\"new\" \/>\n<!-- \/ Yoast SEO Premium plugin. -->","yoast_head_json":{"title":"B\u00f6hler Welding Program package diamondspark 900MC PulsDrive - 79.I2.00170","description":"B\u00f6hler Welding Program package diamondspark 900MC PulsDrive (79.I2.00170) - optimal pulse welding of steel. Professional welding solutions. Check it out at SpawLab!","robots":{"index":"index","follow":"follow","max-snippet":"max-snippet:-1","max-image-preview":"max-image-preview:large","max-video-preview":"max-video-preview:-1"},"canonical":"https:\/\/spawlab.pl\/en\/produkt\/bohler-welding-program-package-diamondspark-900mc-m20-ar-5-15co2-pulsdrive-79-i2-00170\/","og_locale":"en_US","og_type":"article","og_title":"B\u00f6hler Welding Program Package diamondspark 900MC M20 (Ar 5-15%CO2) PulsDrive - 79.I2.00170","og_description":"Lider sprzeda\u017cy, Oficjalny Dystrybutor Premium i Serwis na Polsk\u0119 Migatronic, Gys, Voestalpine Bohler Welding. Nowe i u\u017cywane Spawarki, Przecinarki Plazmowe, Kompresory. Mgr in\u017c. Jaros\u0142aw Ko\u0142aski, IWE","og_url":"https:\/\/spawlab.pl\/en\/produkt\/bohler-welding-program-package-diamondspark-900mc-m20-ar-5-15co2-pulsdrive-79-i2-00170\/","og_site_name":"SpawLab - Welding equipment and plasma cutters - store and service","article_publisher":"https:\/\/www.facebook.com\/Spawlab\/","og_image":[{"width":2560,"height":2197,"url":"https:\/\/spawlab.pl\/wp-content\/uploads\/2025\/06\/Frame-1-scaled.png","type":"image\/png"}],"twitter_misc":{"Price":"1 195,31&nbsp;&#122;&#322; (971,80&nbsp;&#122;&#322; netto)","Availability":"On backorder"},"schema":{"@context":"https:\/\/schema.org","@graph":[{"@type":["WebPage","ItemPage"],"@id":"https:\/\/spawlab.pl\/en\/produkt\/bohler-welding-program-package-diamondspark-900mc-m20-ar-5-15co2-pulsdrive-79-i2-00170\/","url":"https:\/\/spawlab.pl\/en\/produkt\/bohler-welding-program-package-diamondspark-900mc-m20-ar-5-15co2-pulsdrive-79-i2-00170\/","name":"B\u00f6hler Welding Program package diamondspark 900MC PulsDrive - 79.I2.00170","isPartOf":{"@id":"https:\/\/spawlab.pl\/en\/#website"},"primaryImageOfPage":{"@id":"https:\/\/spawlab.pl\/en\/produkt\/bohler-welding-program-package-diamondspark-900mc-m20-ar-5-15co2-pulsdrive-79-i2-00170\/#primaryimage"},"image":{"@id":"https:\/\/spawlab.pl\/en\/produkt\/bohler-welding-program-package-diamondspark-900mc-m20-ar-5-15co2-pulsdrive-79-i2-00170\/#primaryimage"},"thumbnailUrl":"https:\/\/spawlab.pl\/wp-content\/uploads\/2025\/06\/Frame-1-scaled.png","datePublished":"2025-07-09T21:38:27+00:00","description":"B\u00f6hler Welding Program package diamondspark 900MC PulsDrive (79.I2.00170) - optimal pulse welding of steel. Professional welding solutions. Check it out at SpawLab!","breadcrumb":{"@id":"https:\/\/spawlab.pl\/en\/produkt\/bohler-welding-program-package-diamondspark-900mc-m20-ar-5-15co2-pulsdrive-79-i2-00170\/#breadcrumb"},"inLanguage":"en-US","potentialAction":[{"@type":"ReadAction","target":["https:\/\/spawlab.pl\/en\/produkt\/bohler-welding-program-package-diamondspark-900mc-m20-ar-5-15co2-pulsdrive-79-i2-00170\/"]}]},{"@type":"ImageObject","inLanguage":"en-US","@id":"https:\/\/spawlab.pl\/en\/produkt\/bohler-welding-program-package-diamondspark-900mc-m20-ar-5-15co2-pulsdrive-79-i2-00170\/#primaryimage","url":"https:\/\/spawlab.pl\/wp-content\/uploads\/2025\/06\/Frame-1-scaled.png","contentUrl":"https:\/\/spawlab.pl\/wp-content\/uploads\/2025\/06\/Frame-1-scaled.png","width":2560,"height":2197},{"@type":"BreadcrumbList","@id":"https:\/\/spawlab.pl\/en\/produkt\/bohler-welding-program-package-diamondspark-900mc-m20-ar-5-15co2-pulsdrive-79-i2-00170\/#breadcrumb","itemListElement":[{"@type":"ListItem","position":1,"name":"Strona g\u0142\u00f3wna","item":"https:\/\/spawlab.pl\/en\/"},{"@type":"ListItem","position":2,"name":"Store","item":"https:\/\/spawlab.pl\/en\/shop\/"},{"@type":"ListItem","position":3,"name":"B\u00f6hler Welding Program Package diamondspark 900MC M20 (Ar 5-15%CO2) PulsDrive &#8211; 79.I2.00170"}]},{"@type":"WebSite","@id":"https:\/\/spawlab.pl\/en\/#website","url":"https:\/\/spawlab.pl\/en\/","name":"Spawlab.pl Lider - Spawarki, Przecinarki Plazmowe, Kompresory","description":"Urz\u0105dzenia spawalnicze i Przecinarki plazmowe\/ nowe i u\u017cywane \/ Profesjonalny serwis","publisher":{"@id":"https:\/\/spawlab.pl\/en\/#organization"},"alternateName":"Spawlab.pl - Dystrybutor Premium i Serwis na Polske Migatronic, Gys, Voestalpine Bohler Welding","potentialAction":[{"@type":"SearchAction","target":{"@type":"EntryPoint","urlTemplate":"https:\/\/spawlab.pl\/en\/?s={search_term_string}"},"query-input":{"@type":"PropertyValueSpecification","valueRequired":true,"valueName":"search_term_string"}}],"inLanguage":"en-US"},{"@type":["Organization","Place"],"@id":"https:\/\/spawlab.pl\/en\/#organization","name":"Spawlab.pl","url":"https:\/\/spawlab.pl\/en\/","logo":{"@id":"https:\/\/spawlab.pl\/en\/produkt\/bohler-welding-program-package-diamondspark-900mc-m20-ar-5-15co2-pulsdrive-79-i2-00170\/#local-main-organization-logo"},"image":{"@id":"https:\/\/spawlab.pl\/en\/produkt\/bohler-welding-program-package-diamondspark-900mc-m20-ar-5-15co2-pulsdrive-79-i2-00170\/#local-main-organization-logo"},"sameAs":["https:\/\/www.facebook.com\/Spawlab\/","https:\/\/www.linkedin.com\/company\/spawlab","https:\/\/www.instagram.com\/spawlab.pl","https:\/\/www.tiktok.com\/@spawlab"],"description":"Lider sprzeda\u017cy, Oficjalny Dystrybutor Premium i Serwis na Polsk\u0119 Migatronic, Gys, Voestalpine Bohler Welding. Nowe i u\u017cywane Spawarki, Przecinarki Plazmowe, Kompresory. Mgr in\u017c. Jaros\u0142aw Ko\u0142aski, IWE","hasMerchantReturnPolicy":{"@type":"MerchantReturnPolicy","merchantReturnLink":"https:\/\/spawlab.pl\/polityka-prywatnosci-2\/"},"telephone":[],"openingHoursSpecification":[{"@type":"OpeningHoursSpecification","dayOfWeek":["Monday","Tuesday","Wednesday","Thursday","Friday","Saturday","Sunday"],"opens":"09:00","closes":"17:00"}]},{"@type":"ImageObject","inLanguage":"en-US","@id":"https:\/\/spawlab.pl\/en\/produkt\/bohler-welding-program-package-diamondspark-900mc-m20-ar-5-15co2-pulsdrive-79-i2-00170\/#local-main-organization-logo","url":"https:\/\/spawlab.pl\/wp-content\/uploads\/2022\/01\/olx.jpg","contentUrl":"https:\/\/spawlab.pl\/wp-content\/uploads\/2022\/01\/olx.jpg","width":200,"height":200,"caption":"Spawlab.pl"}]},"product_brand":"B\u00f6hler","product_price_amount":"1195.31","product_price_currency":"PLN","og_availability":"backorder","product_availability":"available for order","product_retailer_item_id":"79.I2.00170","product_condition":"new"},"_links":{"self":[{"href":"https:\/\/spawlab.pl\/en\/wp-json\/wp\/v2\/product\/42581","targetHints":{"allow":["GET"]}}],"collection":[{"href":"https:\/\/spawlab.pl\/en\/wp-json\/wp\/v2\/product"}],"about":[{"href":"https:\/\/spawlab.pl\/en\/wp-json\/wp\/v2\/types\/product"}],"wp:featuredmedia":[{"embeddable":true,"href":"https:\/\/spawlab.pl\/en\/wp-json\/wp\/v2\/media\/38560"}],"wp:attachment":[{"href":"https:\/\/spawlab.pl\/en\/wp-json\/wp\/v2\/media?parent=42581"}],"wp:term":[{"taxonomy":"product_brand","embeddable":true,"href":"https:\/\/spawlab.pl\/en\/wp-json\/wp\/v2\/product_brand?post=42581"},{"taxonomy":"product_cat","embeddable":true,"href":"https:\/\/spawlab.pl\/en\/wp-json\/wp\/v2\/product_cat?post=42581"},{"taxonomy":"product_tag","embeddable":true,"href":"https:\/\/spawlab.pl\/en\/wp-json\/wp\/v2\/product_tag?post=42581"}],"curies":[{"name":"wp","href":"https:\/\/api.w.org\/{rel}","templated":true}]}}