{"id":42604,"date":"2025-07-09T23:36:28","date_gmt":"2025-07-09T21:36:28","guid":{"rendered":"https:\/\/spawlab.pl\/produkt\/bohler-welding-mig-mag-puls-welding-program-foxcore-625-t1-o1-2mm-ar-18co2-79-p1-14499\/"},"modified":"2025-07-09T23:36:28","modified_gmt":"2025-07-09T21:36:28","slug":"bohler-welding-mig-mag-puls-welding-program-foxcore-625-t1-o1-2mm-ar-18co2-79-p1-14499","status":"publish","type":"product","link":"https:\/\/spawlab.pl\/en\/produkt\/bohler-welding-mig-mag-puls-welding-program-foxcore-625-t1-o1-2mm-ar-18co2-79-p1-14499\/","title":{"rendered":"B\u00f6hler Welding MIG\/MAG Puls Welding Program &#8211; FOXcore 625 T1 \u00d81.2mm Ar-18%CO2 &#8211; 79.P1.14499"},"content":{"rendered":"<div class=\"custom-product-section distributor-info spawlab-info\">\n<p><strong>SpawLab &#8211; your Authorized Voestalpine B\u00f6hler Welding Partner in Poland!<\/strong><\/p>\n<p>We are <strong>an official distributor of<\/strong> Voestalpine B\u00f6hler Welding equipment and <strong>an Authorized Service Center in Poland<\/strong>. Our team has undergone <strong>rigorous technical training directly in Italy<\/strong> at the manufacturer&#8217;s centers. <\/p>\n<p>When you choose SpawLab, you are assured of original products, access to B\u00f6hler Welding solutions, professional advice and service support.<\/p>\n<\/div>\n<div class=\"custom-product-section product-intro\">\n<h2 class=\"product-section-title main-product-title\">B\u00f6hler Welding MIG\/MAG Puls Welding Program &#8211; FOXcore 625 T1 \u00d81.2mm Ar-18%CO2 &#8211; 79.P1.14499<\/h2>\n<div class=\"description-content product-marketing-description\">\n<p>B\u00f6hler Welding&#8217;s specialized MIG\/MAG Puls welding program, precisely calibrated for FOXcore 625 T1 (\u00d81.2mm) core wire with Ar-18%CO2 shielding gas. This advanced synergistic program guarantees optimum pulse welding performance for Alloy 625 nickel alloys, providing professionals with excellent weld quality, exceptional weld pool control and minimized spatter. It is a key solution for demanding industrial applications where reliability and repeatability of parameters are a priority.  <\/p>\n<p>The program was developed by Voestalpine&#8217;s B\u00f6hler Welding experts to maximize productivity and facilitate the welding of advanced materials, reducing the risk of errors and the need for time-consuming post-weld processing. Choose B\u00f6hler Welding&#8217;s dedicated program for FOXcore 625 T1 to realize the full potential of your welding machine and achieve first-class results. <\/p>\n<\/div>\n<\/div>\n<h3 class=\"custom-product-heading advanced-features-heading\">Explore Advanced Welding Capabilities MIG\/MAG Pulse Program &#8211; FOXcore 625 T1 \u00d81.2mm Ar-18%CO2<\/h3>\n<div class=\"custom-accordion advanced-features-accordion\">\n<details class=\"custom-accordion-item\">\n<summary class=\"custom-subtitle accordion-title\">? B\u00f6hler Arc Synergy Programs: Intelligent Welding.<\/summary>\n<div class=\"accordion-content\">\n<p>The welding program for the FOXcore 625 T1 is part of the advanced <strong>B\u00f6hler Arc<\/strong> system, which includes hundreds of optimized synergy curves for different materials, wires and shielding gases. <strong>Synergy<\/strong> in B\u00f6hler Welding&#8217;s programs means that after selecting the type of material, wire diameter and gas, the machine automatically selects the optimal welding parameters (voltage, wire feed speed, pulse characteristics). The professional only needs to adjust one main parameter (e.g. welding current or material thickness), and the rest is precisely adjusted by the system. <strong>The benefits for the welder are tangible:<\/strong> significant simplification of settings, reduced preparation time, lower risk of errors, guarantee of repeatability and high weld quality even when welding complex materials like nickel alloys. B\u00f6hler Arc programs are the result of intensive research and testing, ensuring that the capabilities of B\u00f6hler Welding&#8217;s advanced current sources are fully utilized.  <\/p>\n<\/div>\n<\/details>\n<details class=\"custom-accordion-item\">\n<summary class=\"custom-subtitle accordion-title\">pulse Pulsed MIG\/MAG Welding: Control and Quality for Nickel Alloys.<\/summary>\n<div class=\"accordion-content\">\n<p>This dedicated welding program utilizes B\u00f6hler Welding&#8217;s advanced <strong>MIG\/MAG pulse welding<\/strong> technology, often realized through processes such as <strong>PulsDrive<\/strong>. It features a digitally controlled, precise current pulse that ensures optimal material transfer with a &#8220;one-pulse-one-drop&#8221; method. <strong>For welding nickel alloys with FOXcore 625 T1 wire, this means:<\/strong><br \/>\n* <strong>Excellent control of the weld pool<\/strong>, even in forced positions and when welding thin parts.<br \/>\n* <strong>Minimized heat input (Low Heat Input)<\/strong>, which is critical to maintaining the mechanical properties and corrosion resistance of nickel alloys, reducing the risk of overheating, deformation and hot cracking.<br \/>\n* <strong>Exceptional weld quality and aesthetics<\/strong> with a smooth face and regular fusion, while minimizing spatter.<br \/>\n* Ability to effectively weld materials of varying thicknesses, providing deeper penetration with less risk of waterlogging.<br \/>\nThe advanced pulse in B\u00f6hler Welding&#8217;s programs is a guarantee of the highest precision and performance in the most demanding applications.<\/p>\n<\/div>\n<\/details>\n<\/div>\n<div class=\"custom-product-section product-specs\">\n<h3 class=\"custom-product-heading specs-heading\">Technical Specifications<\/h3>\n<table class=\"specs-table\">\n<thead>\n<tr>\n<th>Parameter<\/th>\n<th>Value<\/th>\n<\/tr>\n<\/thead>\n<tbody>\n<tr>\n<td>Program type<\/td>\n<td>Synergistic MIG\/MAG Puls welding program<\/td>\n<\/tr>\n<tr>\n<td>Dedicated wire<\/td>\n<td>B\u00f6hler Welding FOXcore 625 T1<\/td>\n<\/tr>\n<tr>\n<td>Wire diameter<\/td>\n<td>1.2 mm<\/td>\n<\/tr>\n<tr>\n<td>Recommended shielding gas<\/td>\n<td>Ar-18%CO2 (Argon\/CO2 mixture, e.g. M12 according to ISO 14175).<\/td>\n<\/tr>\n<tr>\n<td>Welding method<\/td>\n<td>MIG\/MAG with pulse<\/td>\n<\/tr>\n<tr>\n<td>Main welded material<\/td>\n<td>Nickel alloys (e.g., Inconel 625, UNS N06625).<\/td>\n<\/tr>\n<tr>\n<td>Part number (Art. No.)<\/td>\n<td>79.P1.14499<\/td>\n<\/tr>\n<tr>\n<td>Compatibility<\/td>\n<td>Advanced welding equipment from B\u00f6hler Welding with Puls MIG\/MAG function and support for B\u00f6hler Arc synergy programs.<\/td>\n<\/tr>\n<\/tbody>\n<\/table>\n<\/div>\n<div class=\"custom-product-section product-set-contents\">\n<h3 class=\"custom-product-heading set-contents-heading\">Kit Contents \/ Packaging<\/h3>\n<p>? The product (Welding Program MIG\/MAG Pulse &#8211; FOXcore 625 T1 \u00d81.2mm Ar-18%CO2, Cat. No. 79.P1.14499) is supplied as a welding program license or as a software update for compatible B\u00f6hler Welding equipment, according to the manufacturer&#8217;s standard Voestalpine B\u00f6hler Welding. Consult the device&#8217;s documentation or your distributor for details on how to implement the program. Additional accessories, such as FOXcore 625 T1 welding wire, are available separately.  <\/p>\n<\/div>\n<div class=\"custom-product-section product-features\">\n<h3 class=\"custom-product-heading features-heading\">Key Features and Benefits<\/h3>\n<ul class=\"custom-product-list features-list\">\n<li>? <strong>Precision Optimization for FOXcore 625 T1:<\/strong> Guarantees perfectly matched pulse welding parameters, resulting in superior weld quality and repeatability on nickel alloys, eliminating the need for manual adjustments.<\/li>\n<li>? <strong>Advanced Pulse MIG\/MAG:<\/strong> Enables excellent arc control and material transfer (&#8220;drop by drop&#8221;), reduces heat introduction (HAZ), which is crucial when welding nickel alloys, minimizing the risk of distortion and structural changes.<\/li>\n<li>\u2728 <strong>Perfect Weld Finish:<\/strong> Significant reduction in spatters and fretting due to optimized pulse characteristics, reducing finishing time and costs by up to tens of percent.<\/li>\n<li>?? <strong>Quality &#8216;Made in Europe&#8217;:<\/strong> A program developed by Voestalpine B\u00f6hler Welding&#8217;s leading engineers, based on years of experience and advanced research, ensuring reliability and the highest industry standards.<\/li>\n<\/ul>\n<\/div>\n<div class=\"custom-product-section product-application\">\n<h3 class=\"custom-product-heading application-heading\">Product Application<\/h3>\n<ul class=\"custom-product-list application-list\">\n<li>The B\u00f6hler Welding program for FOXcore 625 T1 \u00d81.2mm Ar-18%CO2 is ideal for:<\/li>\n<li>? Welding of responsible nickel alloy structures (e.g. Alloy 625, 2.4856) in the chemical and petrochemical industries (reactors, heat exchangers, pipelines).<\/li>\n<li>? Production of components for the power industry, including flue gas desulfurization (FGD) plants and the nuclear industry.<\/li>\n<li>\u2708\ufe0f Aerospace applications where the highest reliability of connections is required.<\/li>\n<li>? Construction and repair in the marine and offshore sector (e.g., oil rigs, ship installations).<\/li>\n<li>?\ufe0f Repair and reconditioning of machine parts operating in aggressive corrosive environments and at high temperatures.<\/li>\n<li>? Joining of unalloyed and low-alloy steels with nickel alloys and stainless steels.<\/li>\n<\/ul>\n<\/div>\n<div class=\"custom-product-section product-summary conclusion\">\n<h3 class=\"custom-product-heading summary-heading\">Summary: Welding Program MIG\/MAG Pulse &#8211; FOXcore 625 T1 \u00d81.2mm Ar-18%CO2 &#8211; Your Investment in Quality B\u00f6hler Welding<\/h3>\n<div class=\"summary-content\">\n<p>? When you choose B\u00f6hler Welding&#8217;s MIG\/MAG Puls welding program for FOXcore 625 T1 wire, you are investing in <strong>precision, repeatability and superior weld quality<\/strong> on demanding nickel alloys. The optimized pulse welding parameters, developed by Voestalpine B\u00f6hler Welding experts, guarantee excellent process control and minimize welding defects, resulting in time and cost savings. To learn about the full capabilities of the B\u00f6hler Welding MIG\/MAG Pulse Welding Program &#8211; FOXcore 625 T1 \u00d81.2mm Ar-18%CO2 and get the best deal, contact the experts at SpawLab &#8211; the official distributor and authorized service provider of Voestalpine B\u00f6hler Welding in Poland. Our team, trained in Italy, is at your service.   <\/p>\n<\/div>\n<\/div>\n<div class=\"custom-product-section product-codes-info\">\n<p><strong>Part number (Art. No.):<\/strong> 79.P1.14499<\/p>\n<\/div>\n","protected":false},"excerpt":{"rendered":"<p>B\u00f6hler Welding Program MIG\/MAG Puls &#8211; FOXcore 625 T1 \u00d81.2mm Ar-18%CO2 (79.P1.14499) &#8211; optimizing pulse welding of nickel alloys. Professional solutions. <\/p>\n","protected":false},"featured_media":38560,"template":"","meta":{"inline_featured_image":false},"product_brand":[772],"product_cat":[11536,5686],"product_tag":[13289,4432,12147,6100,13288,12118,11921,8809],"class_list":{"0":"post-42604","1":"product","2":"type-product","3":"status-publish","4":"has-post-thumbnail","6":"product_brand-bohler","7":"product_cat-bohler-en-2","8":"product_cat-brand-zone","9":"product_tag-79-p1-14499-en","10":"product_tag-bohler-welding-en-2","11":"product_tag-foxcore-625-t1-en","12":"product_tag-mig-mag-pulse","13":"product_tag-nickel-core-wire","14":"product_tag-welding-of-nickel-alloys","15":"product_tag-welding-program","16":"product_tag-welding-synergy-en","18":"first","19":"onbackorder","20":"taxable","21":"shipping-taxable","22":"purchasable","23":"product-type-simple"},"yoast_head":"<!-- This site is optimized with the Yoast SEO Premium plugin v27.5 (Yoast SEO v27.6) - https:\/\/yoast.com\/product\/yoast-seo-premium-wordpress\/ -->\n<title>B\u00f6hler Welding Program FOXcore 625 T1 Pulse - 79.P1.14499 | SpawLab<\/title>\n<meta name=\"description\" content=\"B\u00f6hler Welding Program MIG\/MAG Puls - FOXcore 625 T1 \u00d81.2mm Ar-18%CO2 (79.P1.14499) - optimizing pulse welding of nickel alloys. Check it out at SpawLab!\" \/>\n<meta name=\"robots\" content=\"index, follow, max-snippet:-1, max-image-preview:large, max-video-preview:-1\" \/>\n<link rel=\"canonical\" href=\"https:\/\/spawlab.pl\/en\/produkt\/bohler-welding-mig-mag-puls-welding-program-foxcore-625-t1-o1-2mm-ar-18co2-79-p1-14499\/\" \/>\n<meta property=\"og:locale\" content=\"en_US\" \/>\n<meta property=\"og:type\" content=\"article\" \/>\n<meta property=\"og:title\" content=\"B\u00f6hler Welding MIG\/MAG Puls Welding Program - FOXcore 625 T1 \u00d81.2mm Ar-18%CO2 - 79.P1.14499\" \/>\n<meta property=\"og:description\" content=\"Lider sprzeda\u017cy, Oficjalny Dystrybutor Premium i Serwis na Polsk\u0119 Migatronic, Gys, Voestalpine Bohler Welding. Nowe i u\u017cywane Spawarki, Przecinarki Plazmowe, Kompresory. Mgr in\u017c. Jaros\u0142aw Ko\u0142aski, IWE\" \/>\n<meta property=\"og:url\" content=\"https:\/\/spawlab.pl\/en\/produkt\/bohler-welding-mig-mag-puls-welding-program-foxcore-625-t1-o1-2mm-ar-18co2-79-p1-14499\/\" \/>\n<meta property=\"og:site_name\" content=\"SpawLab - Welding equipment and plasma cutters - store and service\" \/>\n<meta property=\"article:publisher\" content=\"https:\/\/www.facebook.com\/Spawlab\/\" \/>\n<meta property=\"og:image\" content=\"https:\/\/spawlab.pl\/wp-content\/uploads\/2025\/06\/Frame-1-scaled.png\" \/>\n\t<meta property=\"og:image:width\" content=\"2560\" \/>\n\t<meta property=\"og:image:height\" content=\"2197\" \/>\n\t<meta property=\"og:image:type\" content=\"image\/png\" \/>\n<meta name=\"twitter:label1\" content=\"Price\" \/>\n\t<meta name=\"twitter:data1\" content=\"1 105,40&nbsp;&#122;&#322; (898,70&nbsp;&#122;&#322; netto)\" \/>\n\t<meta name=\"twitter:label2\" content=\"Availability\" \/>\n\t<meta name=\"twitter:data2\" content=\"On backorder\" \/>\n<script type=\"application\/ld+json\" class=\"yoast-schema-graph\">{\"@context\":\"https:\\\/\\\/schema.org\",\"@graph\":[{\"@type\":[\"WebPage\",\"ItemPage\"],\"@id\":\"https:\\\/\\\/spawlab.pl\\\/en\\\/produkt\\\/bohler-welding-mig-mag-puls-welding-program-foxcore-625-t1-o1-2mm-ar-18co2-79-p1-14499\\\/\",\"url\":\"https:\\\/\\\/spawlab.pl\\\/en\\\/produkt\\\/bohler-welding-mig-mag-puls-welding-program-foxcore-625-t1-o1-2mm-ar-18co2-79-p1-14499\\\/\",\"name\":\"B\u00f6hler Welding Program FOXcore 625 T1 Pulse - 79.P1.14499 | SpawLab\",\"isPartOf\":{\"@id\":\"https:\\\/\\\/spawlab.pl\\\/en\\\/#website\"},\"primaryImageOfPage\":{\"@id\":\"https:\\\/\\\/spawlab.pl\\\/en\\\/produkt\\\/bohler-welding-mig-mag-puls-welding-program-foxcore-625-t1-o1-2mm-ar-18co2-79-p1-14499\\\/#primaryimage\"},\"image\":{\"@id\":\"https:\\\/\\\/spawlab.pl\\\/en\\\/produkt\\\/bohler-welding-mig-mag-puls-welding-program-foxcore-625-t1-o1-2mm-ar-18co2-79-p1-14499\\\/#primaryimage\"},\"thumbnailUrl\":\"https:\\\/\\\/spawlab.pl\\\/wp-content\\\/uploads\\\/2025\\\/06\\\/Frame-1-scaled.png\",\"datePublished\":\"2025-07-09T21:36:28+00:00\",\"description\":\"B\u00f6hler Welding Program MIG\\\/MAG Puls - FOXcore 625 T1 \u00d81.2mm Ar-18%CO2 (79.P1.14499) - optimizing pulse welding of nickel alloys. Check it out at SpawLab!\",\"breadcrumb\":{\"@id\":\"https:\\\/\\\/spawlab.pl\\\/en\\\/produkt\\\/bohler-welding-mig-mag-puls-welding-program-foxcore-625-t1-o1-2mm-ar-18co2-79-p1-14499\\\/#breadcrumb\"},\"inLanguage\":\"en-US\",\"potentialAction\":[{\"@type\":\"ReadAction\",\"target\":[\"https:\\\/\\\/spawlab.pl\\\/en\\\/produkt\\\/bohler-welding-mig-mag-puls-welding-program-foxcore-625-t1-o1-2mm-ar-18co2-79-p1-14499\\\/\"]}]},{\"@type\":\"ImageObject\",\"inLanguage\":\"en-US\",\"@id\":\"https:\\\/\\\/spawlab.pl\\\/en\\\/produkt\\\/bohler-welding-mig-mag-puls-welding-program-foxcore-625-t1-o1-2mm-ar-18co2-79-p1-14499\\\/#primaryimage\",\"url\":\"https:\\\/\\\/spawlab.pl\\\/wp-content\\\/uploads\\\/2025\\\/06\\\/Frame-1-scaled.png\",\"contentUrl\":\"https:\\\/\\\/spawlab.pl\\\/wp-content\\\/uploads\\\/2025\\\/06\\\/Frame-1-scaled.png\",\"width\":2560,\"height\":2197},{\"@type\":\"BreadcrumbList\",\"@id\":\"https:\\\/\\\/spawlab.pl\\\/en\\\/produkt\\\/bohler-welding-mig-mag-puls-welding-program-foxcore-625-t1-o1-2mm-ar-18co2-79-p1-14499\\\/#breadcrumb\",\"itemListElement\":[{\"@type\":\"ListItem\",\"position\":1,\"name\":\"Strona g\u0142\u00f3wna\",\"item\":\"https:\\\/\\\/spawlab.pl\\\/en\\\/\"},{\"@type\":\"ListItem\",\"position\":2,\"name\":\"Store\",\"item\":\"https:\\\/\\\/spawlab.pl\\\/en\\\/shop\\\/\"},{\"@type\":\"ListItem\",\"position\":3,\"name\":\"B\u00f6hler Welding MIG\\\/MAG Puls Welding Program &#8211; FOXcore 625 T1 \u00d81.2mm Ar-18%CO2 &#8211; 79.P1.14499\"}]},{\"@type\":\"WebSite\",\"@id\":\"https:\\\/\\\/spawlab.pl\\\/en\\\/#website\",\"url\":\"https:\\\/\\\/spawlab.pl\\\/en\\\/\",\"name\":\"Spawlab.pl Lider - Spawarki, Przecinarki Plazmowe, Kompresory\",\"description\":\"Urz\u0105dzenia spawalnicze i Przecinarki plazmowe\\\/ nowe i u\u017cywane \\\/ Profesjonalny serwis\",\"publisher\":{\"@id\":\"https:\\\/\\\/spawlab.pl\\\/en\\\/#organization\"},\"alternateName\":\"Spawlab.pl - Dystrybutor Premium i Serwis na Polske Migatronic, Gys, Voestalpine Bohler Welding\",\"potentialAction\":[{\"@type\":\"SearchAction\",\"target\":{\"@type\":\"EntryPoint\",\"urlTemplate\":\"https:\\\/\\\/spawlab.pl\\\/en\\\/?s={search_term_string}\"},\"query-input\":{\"@type\":\"PropertyValueSpecification\",\"valueRequired\":true,\"valueName\":\"search_term_string\"}}],\"inLanguage\":\"en-US\"},{\"@type\":[\"Organization\",\"Place\"],\"@id\":\"https:\\\/\\\/spawlab.pl\\\/en\\\/#organization\",\"name\":\"Spawlab.pl\",\"url\":\"https:\\\/\\\/spawlab.pl\\\/en\\\/\",\"logo\":{\"@id\":\"https:\\\/\\\/spawlab.pl\\\/en\\\/produkt\\\/bohler-welding-mig-mag-puls-welding-program-foxcore-625-t1-o1-2mm-ar-18co2-79-p1-14499\\\/#local-main-organization-logo\"},\"image\":{\"@id\":\"https:\\\/\\\/spawlab.pl\\\/en\\\/produkt\\\/bohler-welding-mig-mag-puls-welding-program-foxcore-625-t1-o1-2mm-ar-18co2-79-p1-14499\\\/#local-main-organization-logo\"},\"sameAs\":[\"https:\\\/\\\/www.facebook.com\\\/Spawlab\\\/\",\"https:\\\/\\\/www.linkedin.com\\\/company\\\/spawlab\",\"https:\\\/\\\/www.instagram.com\\\/spawlab.pl\",\"https:\\\/\\\/www.tiktok.com\\\/@spawlab\"],\"description\":\"Lider sprzeda\u017cy, Oficjalny Dystrybutor Premium i Serwis na Polsk\u0119 Migatronic, Gys, Voestalpine Bohler Welding. Nowe i u\u017cywane Spawarki, Przecinarki Plazmowe, Kompresory. Mgr in\u017c. Jaros\u0142aw Ko\u0142aski, IWE\",\"hasMerchantReturnPolicy\":{\"@type\":\"MerchantReturnPolicy\",\"merchantReturnLink\":\"https:\\\/\\\/spawlab.pl\\\/polityka-prywatnosci-2\\\/\"},\"telephone\":[],\"openingHoursSpecification\":[{\"@type\":\"OpeningHoursSpecification\",\"dayOfWeek\":[\"Monday\",\"Tuesday\",\"Wednesday\",\"Thursday\",\"Friday\",\"Saturday\",\"Sunday\"],\"opens\":\"09:00\",\"closes\":\"17:00\"}]},{\"@type\":\"ImageObject\",\"inLanguage\":\"en-US\",\"@id\":\"https:\\\/\\\/spawlab.pl\\\/en\\\/produkt\\\/bohler-welding-mig-mag-puls-welding-program-foxcore-625-t1-o1-2mm-ar-18co2-79-p1-14499\\\/#local-main-organization-logo\",\"url\":\"https:\\\/\\\/spawlab.pl\\\/wp-content\\\/uploads\\\/2022\\\/01\\\/olx.jpg\",\"contentUrl\":\"https:\\\/\\\/spawlab.pl\\\/wp-content\\\/uploads\\\/2022\\\/01\\\/olx.jpg\",\"width\":200,\"height\":200,\"caption\":\"Spawlab.pl\"}]}<\/script>\n<meta property=\"product:brand\" content=\"B\u00f6hler\" \/>\n<meta property=\"product:price:amount\" content=\"1105.40\" \/>\n<meta property=\"product:price:currency\" content=\"PLN\" \/>\n<meta property=\"og:availability\" content=\"backorder\" \/>\n<meta property=\"product:availability\" content=\"available for order\" \/>\n<meta property=\"product:retailer_item_id\" content=\"79.P1.14499\" \/>\n<meta property=\"product:condition\" content=\"new\" \/>\n<!-- \/ Yoast SEO Premium plugin. -->","yoast_head_json":{"title":"B\u00f6hler Welding Program FOXcore 625 T1 Pulse - 79.P1.14499 | SpawLab","description":"B\u00f6hler Welding Program MIG\/MAG Puls - FOXcore 625 T1 \u00d81.2mm Ar-18%CO2 (79.P1.14499) - optimizing pulse welding of nickel alloys. Check it out at SpawLab!","robots":{"index":"index","follow":"follow","max-snippet":"max-snippet:-1","max-image-preview":"max-image-preview:large","max-video-preview":"max-video-preview:-1"},"canonical":"https:\/\/spawlab.pl\/en\/produkt\/bohler-welding-mig-mag-puls-welding-program-foxcore-625-t1-o1-2mm-ar-18co2-79-p1-14499\/","og_locale":"en_US","og_type":"article","og_title":"B\u00f6hler Welding MIG\/MAG Puls Welding Program - FOXcore 625 T1 \u00d81.2mm Ar-18%CO2 - 79.P1.14499","og_description":"Lider sprzeda\u017cy, Oficjalny Dystrybutor Premium i Serwis na Polsk\u0119 Migatronic, Gys, Voestalpine Bohler Welding. Nowe i u\u017cywane Spawarki, Przecinarki Plazmowe, Kompresory. Mgr in\u017c. Jaros\u0142aw Ko\u0142aski, IWE","og_url":"https:\/\/spawlab.pl\/en\/produkt\/bohler-welding-mig-mag-puls-welding-program-foxcore-625-t1-o1-2mm-ar-18co2-79-p1-14499\/","og_site_name":"SpawLab - Welding equipment and plasma cutters - store and service","article_publisher":"https:\/\/www.facebook.com\/Spawlab\/","og_image":[{"width":2560,"height":2197,"url":"https:\/\/spawlab.pl\/wp-content\/uploads\/2025\/06\/Frame-1-scaled.png","type":"image\/png"}],"twitter_misc":{"Price":"1 105,40&nbsp;&#122;&#322; (898,70&nbsp;&#122;&#322; netto)","Availability":"On backorder"},"schema":{"@context":"https:\/\/schema.org","@graph":[{"@type":["WebPage","ItemPage"],"@id":"https:\/\/spawlab.pl\/en\/produkt\/bohler-welding-mig-mag-puls-welding-program-foxcore-625-t1-o1-2mm-ar-18co2-79-p1-14499\/","url":"https:\/\/spawlab.pl\/en\/produkt\/bohler-welding-mig-mag-puls-welding-program-foxcore-625-t1-o1-2mm-ar-18co2-79-p1-14499\/","name":"B\u00f6hler Welding Program FOXcore 625 T1 Pulse - 79.P1.14499 | SpawLab","isPartOf":{"@id":"https:\/\/spawlab.pl\/en\/#website"},"primaryImageOfPage":{"@id":"https:\/\/spawlab.pl\/en\/produkt\/bohler-welding-mig-mag-puls-welding-program-foxcore-625-t1-o1-2mm-ar-18co2-79-p1-14499\/#primaryimage"},"image":{"@id":"https:\/\/spawlab.pl\/en\/produkt\/bohler-welding-mig-mag-puls-welding-program-foxcore-625-t1-o1-2mm-ar-18co2-79-p1-14499\/#primaryimage"},"thumbnailUrl":"https:\/\/spawlab.pl\/wp-content\/uploads\/2025\/06\/Frame-1-scaled.png","datePublished":"2025-07-09T21:36:28+00:00","description":"B\u00f6hler Welding Program MIG\/MAG Puls - FOXcore 625 T1 \u00d81.2mm Ar-18%CO2 (79.P1.14499) - optimizing pulse welding of nickel alloys. Check it out at SpawLab!","breadcrumb":{"@id":"https:\/\/spawlab.pl\/en\/produkt\/bohler-welding-mig-mag-puls-welding-program-foxcore-625-t1-o1-2mm-ar-18co2-79-p1-14499\/#breadcrumb"},"inLanguage":"en-US","potentialAction":[{"@type":"ReadAction","target":["https:\/\/spawlab.pl\/en\/produkt\/bohler-welding-mig-mag-puls-welding-program-foxcore-625-t1-o1-2mm-ar-18co2-79-p1-14499\/"]}]},{"@type":"ImageObject","inLanguage":"en-US","@id":"https:\/\/spawlab.pl\/en\/produkt\/bohler-welding-mig-mag-puls-welding-program-foxcore-625-t1-o1-2mm-ar-18co2-79-p1-14499\/#primaryimage","url":"https:\/\/spawlab.pl\/wp-content\/uploads\/2025\/06\/Frame-1-scaled.png","contentUrl":"https:\/\/spawlab.pl\/wp-content\/uploads\/2025\/06\/Frame-1-scaled.png","width":2560,"height":2197},{"@type":"BreadcrumbList","@id":"https:\/\/spawlab.pl\/en\/produkt\/bohler-welding-mig-mag-puls-welding-program-foxcore-625-t1-o1-2mm-ar-18co2-79-p1-14499\/#breadcrumb","itemListElement":[{"@type":"ListItem","position":1,"name":"Strona g\u0142\u00f3wna","item":"https:\/\/spawlab.pl\/en\/"},{"@type":"ListItem","position":2,"name":"Store","item":"https:\/\/spawlab.pl\/en\/shop\/"},{"@type":"ListItem","position":3,"name":"B\u00f6hler Welding MIG\/MAG Puls Welding Program &#8211; FOXcore 625 T1 \u00d81.2mm Ar-18%CO2 &#8211; 79.P1.14499"}]},{"@type":"WebSite","@id":"https:\/\/spawlab.pl\/en\/#website","url":"https:\/\/spawlab.pl\/en\/","name":"Spawlab.pl Lider - Spawarki, Przecinarki Plazmowe, Kompresory","description":"Urz\u0105dzenia spawalnicze i Przecinarki plazmowe\/ nowe i u\u017cywane \/ Profesjonalny serwis","publisher":{"@id":"https:\/\/spawlab.pl\/en\/#organization"},"alternateName":"Spawlab.pl - Dystrybutor Premium i Serwis na Polske Migatronic, Gys, Voestalpine Bohler Welding","potentialAction":[{"@type":"SearchAction","target":{"@type":"EntryPoint","urlTemplate":"https:\/\/spawlab.pl\/en\/?s={search_term_string}"},"query-input":{"@type":"PropertyValueSpecification","valueRequired":true,"valueName":"search_term_string"}}],"inLanguage":"en-US"},{"@type":["Organization","Place"],"@id":"https:\/\/spawlab.pl\/en\/#organization","name":"Spawlab.pl","url":"https:\/\/spawlab.pl\/en\/","logo":{"@id":"https:\/\/spawlab.pl\/en\/produkt\/bohler-welding-mig-mag-puls-welding-program-foxcore-625-t1-o1-2mm-ar-18co2-79-p1-14499\/#local-main-organization-logo"},"image":{"@id":"https:\/\/spawlab.pl\/en\/produkt\/bohler-welding-mig-mag-puls-welding-program-foxcore-625-t1-o1-2mm-ar-18co2-79-p1-14499\/#local-main-organization-logo"},"sameAs":["https:\/\/www.facebook.com\/Spawlab\/","https:\/\/www.linkedin.com\/company\/spawlab","https:\/\/www.instagram.com\/spawlab.pl","https:\/\/www.tiktok.com\/@spawlab"],"description":"Lider sprzeda\u017cy, Oficjalny Dystrybutor Premium i Serwis na Polsk\u0119 Migatronic, Gys, Voestalpine Bohler Welding. Nowe i u\u017cywane Spawarki, Przecinarki Plazmowe, Kompresory. Mgr in\u017c. Jaros\u0142aw Ko\u0142aski, IWE","hasMerchantReturnPolicy":{"@type":"MerchantReturnPolicy","merchantReturnLink":"https:\/\/spawlab.pl\/polityka-prywatnosci-2\/"},"telephone":[],"openingHoursSpecification":[{"@type":"OpeningHoursSpecification","dayOfWeek":["Monday","Tuesday","Wednesday","Thursday","Friday","Saturday","Sunday"],"opens":"09:00","closes":"17:00"}]},{"@type":"ImageObject","inLanguage":"en-US","@id":"https:\/\/spawlab.pl\/en\/produkt\/bohler-welding-mig-mag-puls-welding-program-foxcore-625-t1-o1-2mm-ar-18co2-79-p1-14499\/#local-main-organization-logo","url":"https:\/\/spawlab.pl\/wp-content\/uploads\/2022\/01\/olx.jpg","contentUrl":"https:\/\/spawlab.pl\/wp-content\/uploads\/2022\/01\/olx.jpg","width":200,"height":200,"caption":"Spawlab.pl"}]},"product_brand":"B\u00f6hler","product_price_amount":"1105.40","product_price_currency":"PLN","og_availability":"backorder","product_availability":"available for order","product_retailer_item_id":"79.P1.14499","product_condition":"new"},"_links":{"self":[{"href":"https:\/\/spawlab.pl\/en\/wp-json\/wp\/v2\/product\/42604","targetHints":{"allow":["GET"]}}],"collection":[{"href":"https:\/\/spawlab.pl\/en\/wp-json\/wp\/v2\/product"}],"about":[{"href":"https:\/\/spawlab.pl\/en\/wp-json\/wp\/v2\/types\/product"}],"wp:featuredmedia":[{"embeddable":true,"href":"https:\/\/spawlab.pl\/en\/wp-json\/wp\/v2\/media\/38560"}],"wp:attachment":[{"href":"https:\/\/spawlab.pl\/en\/wp-json\/wp\/v2\/media?parent=42604"}],"wp:term":[{"taxonomy":"product_brand","embeddable":true,"href":"https:\/\/spawlab.pl\/en\/wp-json\/wp\/v2\/product_brand?post=42604"},{"taxonomy":"product_cat","embeddable":true,"href":"https:\/\/spawlab.pl\/en\/wp-json\/wp\/v2\/product_cat?post=42604"},{"taxonomy":"product_tag","embeddable":true,"href":"https:\/\/spawlab.pl\/en\/wp-json\/wp\/v2\/product_tag?post=42604"}],"curies":[{"name":"wp","href":"https:\/\/api.w.org\/{rel}","templated":true}]}}