{"id":42606,"date":"2025-07-09T23:36:27","date_gmt":"2025-07-09T21:36:27","guid":{"rendered":"https:\/\/spawlab.pl\/produkt\/bohler-welding-mig-mag-puls-welding-program-er2509-o1-2mm-arheco2-79-p1-072\/"},"modified":"2025-07-09T23:36:27","modified_gmt":"2025-07-09T21:36:27","slug":"bohler-welding-mig-mag-puls-welding-program-er2509-o1-2mm-arheco2-79-p1-072","status":"publish","type":"product","link":"https:\/\/spawlab.pl\/en\/produkt\/bohler-welding-mig-mag-puls-welding-program-er2509-o1-2mm-arheco2-79-p1-072\/","title":{"rendered":"B\u00f6hler Welding MIG\/MAG Puls Welding Program ER2509 \u00d81.2mm (ArHeCO2) &#8211; 79.P1.072"},"content":{"rendered":"<div class=\"custom-product-section distributor-info spawlab-info\">\n<p><strong>SpawLab &#8211; your Authorized Voestalpine B\u00f6hler Welding Partner in Poland!<\/strong><\/p>\n<p>We are <strong>an official distributor of<\/strong> Voestalpine B\u00f6hler Welding equipment and <strong>an Authorized Service Center in Poland<\/strong>. Our team has undergone <strong>rigorous technical training directly in Italy<\/strong> at the manufacturer&#8217;s centers. <\/p>\n<p>When you choose SpawLab, you are assured of original products, access to B\u00f6hler Welding solutions, professional advice and service support.<\/p>\n<\/div>\n<div class=\"custom-product-section product-intro\">\n<h2 class=\"product-section-title main-product-title\">B\u00f6hler Welding MIG\/MAG Puls Welding Program ER2509 \u00d81.2mm (ArHeCO2) &#8211; 79.P1.072<\/h2>\n<div class=\"description-content product-marketing-description\">\n<p>B\u00f6hler Welding&#8217;s precisely defined welding program, dedicated to MIG\/MAG pulse welding of super duplex stainless steels (e.g. ER2509 \/ CrNi 25 09) with 1.2 mm diameter wire, using a specialized gas mixture (68%Ar-30%He-2%CO2). This program is the key to achieving the highest quality welded joints on demanding materials, guaranteeing optimal process parameters, repeatability and minimizing the risk of errors. Created for professionals seeking uncompromising solutions in critical industrial applications where reliability and weld excellence are a priority.  <\/p>\n<p>The program is an integral part of Voestalpine B\u00f6hler Welding&#8217;s &#8220;Full Welding Solutions&#8221; philosophy, providing the perfect synergy between weld material, equipment and process, resulting in tangible benefits in the form of increased productivity and superior quality.<\/p>\n<\/div>\n<\/div>\n<h3 class=\"custom-product-heading advanced-features-heading\">Explore Advanced Welding Capabilities MIG\/MAG Pulse Program &#8211; CrNi 25 09 (ER2509) \u00d81.2mm 68%Ar-30%He- 2%CO2<\/h3>\n<div class=\"custom-accordion advanced-features-accordion\">\n<details class=\"custom-accordion-item\">\n<summary class=\"custom-subtitle accordion-title\">pulsing_heart: PulsDrive Advanced Welding Process (MIG\/MAG Puls).<\/summary>\n<div class=\"accordion-content\">\n<p>This B\u00f6hler Welding program for ER2509 material has been optimized to work with the advanced <strong>PulsDrive<\/strong> process. This is a digitally controlled MIG\/MAG pulse welding process characterized by the &#8220;one pulse &#8211; one drop&#8221; principle. Each pulse of current is precisely synchronized with the detachment of the metal droplet, providing <strong>exceptional arc stability and excellent weld pool control<\/strong>.  <\/p>\n<p>With PulsDrive, welding super duplex steels becomes more controllable, even in difficult positions. <strong>Reduced spatter<\/strong> minimizes the need for post-weld machining, and <strong>reduced heat input<\/strong> reduces the risk of distortion and adverse metallurgical changes in the heat-affected zone (SWC), which is critical to maintaining the properties of duplex and super duplex steels. The result is <strong>excellent weld quality, a smooth face and optimal fusion depth<\/strong>. <\/p>\n<\/div>\n<\/details>\n<details class=\"custom-accordion-item\">\n<summary class=\"custom-subtitle accordion-title\">? B\u00f6hler Arc Synergy Program System<\/summary>\n<div class=\"accordion-content\">\n<p>The presented welding program for ER2509 is part of the comprehensive <strong>B\u00f6hler Arc<\/strong> system, which includes hundreds of optimized synergy programs for different materials, wires, gases and welding processes. The B\u00f6hler Arc system, implemented in B\u00f6hler Welding&#8217;s advanced equipment, <strong>simplifies and speeds up the selection of welding parameters<\/strong>, ensuring that they are optimized by Voestalpine B\u00f6hler Welding experts. <\/p>\n<p>The user selects only the basic data (e.g., material type, wire diameter, gas type), and the device automatically adjusts all other parameters, including arc dynamics. This particular program (79.P1.072) is a <strong>precisely calibrated synergy curve for MIG\/MAG pulse welding of ER2509 super duplex steel<\/strong>, which ensures <strong>repeatable results, reduced preparation time and minimized risk of errors,<\/strong> even when welding such demanding materials. <\/p>\n<\/div>\n<\/details>\n<\/div>\n<div class=\"custom-product-section product-specs\">\n<h3 class=\"custom-product-heading specs-heading\">Technical Specifications<\/h3>\n<table class=\"specs-table\">\n<thead>\n<tr>\n<th>Parameter<\/th>\n<th>Value<\/th>\n<\/tr>\n<\/thead>\n<tbody>\n<tr>\n<td>Purpose<\/td>\n<td>Synergy program (welding curve)<\/td>\n<\/tr>\n<tr>\n<td>Welding method<\/td>\n<td>MIG\/MAG Puls<\/td>\n<\/tr>\n<tr>\n<td>Optimization for the material<\/td>\n<td>Super duplex stainless steel (e.g., S32750, S32760, 1.4410, 1.4501)<\/td>\n<\/tr>\n<tr>\n<td>Recommended welding wire<\/td>\n<td>Type ER2509 (e.g., B\u00f6hler Welding ER2509, UTP A 6500).<\/td>\n<\/tr>\n<tr>\n<td>Recommended wire diameter<\/td>\n<td>\u00d8 1.2 mm<\/td>\n<\/tr>\n<tr>\n<td>Optimized shielding gas<\/td>\n<td>Ar\/He\/CO2 mixture (68% Argon &#8211; 30% Helium &#8211; 2% Carbon Dioxide)<\/td>\n<\/tr>\n<tr>\n<td>Compatibility<\/td>\n<td>Selected B\u00f6hler Welding equipment equipped with advanced MIG\/MAG Puls and B\u00f6hler Arc synergy program system (e.g., URANOS NX PMC series, URANOS NX MTE series, URANOS NX GSM series).<\/td>\n<\/tr>\n<tr>\n<td>Part number (Art. No.)<\/td>\n<td>79.P1.072<\/td>\n<\/tr>\n<tr>\n<td>Brand<\/td>\n<td>B\u00f6hler Welding (part of Voestalpine B\u00f6hler Welding)<\/td>\n<\/tr>\n<\/tbody>\n<\/table>\n<\/div>\n<div class=\"custom-product-section product-set-contents\">\n<h3 class=\"custom-product-heading set-contents-heading\">Kit Contents \/ Packaging<\/h3>\n<p>The product (Welding Program MIG\/MAG Pulse &#8211; CrNi 25 09 (ER2509) \u00d81.2mm 68%Ar-30%He- 2%CO2, Cat. No. 79.P1.072) is supplied as a single piece, according to manufacturer Voestalpine B\u00f6hler Welding&#8217;s standard. Additional accessories, such as welding wire or equipment, are usually available separately. The product is sold by the piece.   <\/p>\n<\/div>\n<div class=\"custom-product-section product-features\">\n<h3 class=\"custom-product-heading features-heading\">Key Features and Benefits<\/h3>\n<ul class=\"custom-product-list features-list\">\n<li>? <strong>Specialized Optimization for Super Duplex ER2509:<\/strong> Guaranteeing precision welding of one of the most demanding materials, providing excellent mechanical properties and corrosion resistance of the weld, crucial in aggressive environments.<\/li>\n<li>\u26a1 <strong>Pulsed Welding Perfection:<\/strong> The use of advanced pulse welding for \u00d81.2mm wire and ArHeCO2 compound reduces spatter, minimizes heat introduction (lowering the risk of deformation and structural changes), and ensures a perfect weld face appearance.<\/li>\n<li>\u2699\ufe0f <strong>Predefined, Repeatable Parameters:<\/strong> The program eliminates the need for time-consuming selection of settings, guaranteeing optimal welding conditions from the first use and consistent, high quality connections on every job.<\/li>\n<li>? <strong>Increased Performance and Quality with ArHeCO2 Blend:<\/strong> A specially selected gas mixture combined with a pulse program provides deeper fusion, better weld pool control and higher welding speed for super duplex steels.<\/li>\n<\/ul>\n<\/div>\n<div class=\"custom-product-section product-application\">\n<h3 class=\"custom-product-heading application-heading\">Product Application<\/h3>\n<ul class=\"custom-product-list application-list\">\n<li>The B\u00f6hler Welding 79.P1.072 welding program is a key solution for professionals working on advanced welding projects, including:<\/li>\n<li>? Welding of structures and installations in the chemical and petrochemical industries (e.g. tanks, reactors, pipelines).<\/li>\n<li>? Construction and repair of offshore installations, offshore platforms and components working in the marine environment.<\/li>\n<li>? Production of components for water desalination plants and wastewater treatment plants.<\/li>\n<li>? Welding of components for the paper, pulp and mining industries.<\/li>\n<li>?\ufe0f Connecting pipelines that transport aggressive media.<\/li>\n<li>?\ufe0f Hardfacing and reconditioning of machine and equipment parts subject to crevice, pitting and stress corrosion cracking in super duplex steel.<\/li>\n<\/ul>\n<\/div>\n<div class=\"custom-product-section product-summary conclusion\">\n<h3 class=\"custom-product-heading summary-heading\">Summary: Welding Program MIG\/MAG Pulse &#8211; CrNi 25 09 (ER2509) \u00d81.2mm 68%Ar-30%He- 2%CO2 &#8211; Your Investment in Quality B\u00f6hler Welding<\/h3>\n<div class=\"summary-content\">\n<p>? Choose B\u00f6hler Welding&#8217;s 79.P1.072 Welding Program to achieve mastery in MIG\/MAG pulse welding of ER2509 super duplex steel. The optimized parameters and synergy with B\u00f6hler Welding&#8217;s technologies, such as PulsDrive, guarantee unmatched quality, repeatability and productivity even in the most demanding applications. It&#8217;s an investment in the confidence and excellence of every joint. To discover the full capabilities of the B\u00f6hler Welding MIG\/MAG Pulse Welding Program &#8211; CrNi 25 09 (ER2509) \u00d81.2mm 68%Ar-30%He- 2%CO2 and get the best deal, contact the experts at SpawLab &#8211; the official distributor and authorized service provider of Voestalpine B\u00f6hler Welding in Poland. Our team, trained in Italy, is at your service.    <\/p>\n<\/div>\n<\/div>\n<div class=\"custom-product-section product-codes-info\">\n<p><strong>Part number (Art. No.):<\/strong> 79.P1.072<\/p>\n<\/div>\n","protected":false},"excerpt":{"rendered":"<p>B\u00f6hler Welding MIG\/MAG Puls ER2509 \u00d81.2mm (79.P1.072) welding program &#8211; optimized for super duplex steel, ArHeCO2. Professional welding. <\/p>\n","protected":false},"featured_media":38560,"template":"","meta":{"inline_featured_image":false},"product_brand":[772],"product_cat":[11536,5686],"product_tag":[13292,4432,12157,12156,6100,3509,13291,11921],"class_list":{"0":"post-42606","1":"product","2":"type-product","3":"status-publish","4":"has-post-thumbnail","6":"product_brand-bohler","7":"product_cat-bohler-en-2","8":"product_cat-brand-zone","9":"product_tag-79-p1-072-en","10":"product_tag-bohler-welding-en-2","11":"product_tag-crni-25-09-en","12":"product_tag-er2509-en","13":"product_tag-mig-mag-pulse","14":"product_tag-pulse-welding-en","15":"product_tag-super-duplex-steel","16":"product_tag-welding-program","18":"first","19":"onbackorder","20":"taxable","21":"shipping-taxable","22":"purchasable","23":"product-type-simple"},"yoast_head":"<!-- This site is optimized with the Yoast SEO Premium plugin v27.5 (Yoast SEO v27.6) - https:\/\/yoast.com\/product\/yoast-seo-premium-wordpress\/ -->\n<title>B\u00f6hler Welding Program MIG\/MAG Puls ER2509 \u00d81.2mm - 79.P1.072 | SpawLab<\/title>\n<meta name=\"description\" content=\"B\u00f6hler Welding MIG\/MAG Puls ER2509 \u00d81.2mm (79.P1.072) welding program - optimized for super duplex steel, ArHeCO2. Professional welding. Check it out at SpawLab!\" \/>\n<meta name=\"robots\" content=\"index, follow, max-snippet:-1, max-image-preview:large, max-video-preview:-1\" \/>\n<link rel=\"canonical\" href=\"https:\/\/spawlab.pl\/en\/produkt\/bohler-welding-mig-mag-puls-welding-program-er2509-o1-2mm-arheco2-79-p1-072\/\" \/>\n<meta property=\"og:locale\" content=\"en_US\" \/>\n<meta property=\"og:type\" content=\"article\" \/>\n<meta property=\"og:title\" content=\"B\u00f6hler Welding MIG\/MAG Puls Welding Program ER2509 \u00d81.2mm (ArHeCO2) - 79.P1.072\" \/>\n<meta property=\"og:description\" content=\"Lider sprzeda\u017cy, Oficjalny Dystrybutor Premium i Serwis na Polsk\u0119 Migatronic, Gys, Voestalpine Bohler Welding. Nowe i u\u017cywane Spawarki, Przecinarki Plazmowe, Kompresory. Mgr in\u017c. Jaros\u0142aw Ko\u0142aski, IWE\" \/>\n<meta property=\"og:url\" content=\"https:\/\/spawlab.pl\/en\/produkt\/bohler-welding-mig-mag-puls-welding-program-er2509-o1-2mm-arheco2-79-p1-072\/\" \/>\n<meta property=\"og:site_name\" content=\"SpawLab - Welding equipment and plasma cutters - store and service\" \/>\n<meta property=\"article:publisher\" content=\"https:\/\/www.facebook.com\/Spawlab\/\" \/>\n<meta property=\"og:image\" content=\"https:\/\/spawlab.pl\/wp-content\/uploads\/2025\/06\/Frame-1-scaled.png\" \/>\n\t<meta property=\"og:image:width\" content=\"2560\" \/>\n\t<meta property=\"og:image:height\" content=\"2197\" \/>\n\t<meta property=\"og:image:type\" content=\"image\/png\" \/>\n<meta name=\"twitter:label1\" content=\"Price\" \/>\n\t<meta name=\"twitter:data1\" content=\"1 105,40&nbsp;&#122;&#322; (898,70&nbsp;&#122;&#322; netto)\" \/>\n\t<meta name=\"twitter:label2\" content=\"Availability\" \/>\n\t<meta name=\"twitter:data2\" content=\"On backorder\" \/>\n<script type=\"application\/ld+json\" class=\"yoast-schema-graph\">{\"@context\":\"https:\\\/\\\/schema.org\",\"@graph\":[{\"@type\":[\"WebPage\",\"ItemPage\"],\"@id\":\"https:\\\/\\\/spawlab.pl\\\/en\\\/produkt\\\/bohler-welding-mig-mag-puls-welding-program-er2509-o1-2mm-arheco2-79-p1-072\\\/\",\"url\":\"https:\\\/\\\/spawlab.pl\\\/en\\\/produkt\\\/bohler-welding-mig-mag-puls-welding-program-er2509-o1-2mm-arheco2-79-p1-072\\\/\",\"name\":\"B\u00f6hler Welding Program MIG\\\/MAG Puls ER2509 \u00d81.2mm - 79.P1.072 | SpawLab\",\"isPartOf\":{\"@id\":\"https:\\\/\\\/spawlab.pl\\\/en\\\/#website\"},\"primaryImageOfPage\":{\"@id\":\"https:\\\/\\\/spawlab.pl\\\/en\\\/produkt\\\/bohler-welding-mig-mag-puls-welding-program-er2509-o1-2mm-arheco2-79-p1-072\\\/#primaryimage\"},\"image\":{\"@id\":\"https:\\\/\\\/spawlab.pl\\\/en\\\/produkt\\\/bohler-welding-mig-mag-puls-welding-program-er2509-o1-2mm-arheco2-79-p1-072\\\/#primaryimage\"},\"thumbnailUrl\":\"https:\\\/\\\/spawlab.pl\\\/wp-content\\\/uploads\\\/2025\\\/06\\\/Frame-1-scaled.png\",\"datePublished\":\"2025-07-09T21:36:27+00:00\",\"description\":\"B\u00f6hler Welding MIG\\\/MAG Puls ER2509 \u00d81.2mm (79.P1.072) welding program - optimized for super duplex steel, ArHeCO2. Professional welding. Check it out at SpawLab!\",\"breadcrumb\":{\"@id\":\"https:\\\/\\\/spawlab.pl\\\/en\\\/produkt\\\/bohler-welding-mig-mag-puls-welding-program-er2509-o1-2mm-arheco2-79-p1-072\\\/#breadcrumb\"},\"inLanguage\":\"en-US\",\"potentialAction\":[{\"@type\":\"ReadAction\",\"target\":[\"https:\\\/\\\/spawlab.pl\\\/en\\\/produkt\\\/bohler-welding-mig-mag-puls-welding-program-er2509-o1-2mm-arheco2-79-p1-072\\\/\"]}]},{\"@type\":\"ImageObject\",\"inLanguage\":\"en-US\",\"@id\":\"https:\\\/\\\/spawlab.pl\\\/en\\\/produkt\\\/bohler-welding-mig-mag-puls-welding-program-er2509-o1-2mm-arheco2-79-p1-072\\\/#primaryimage\",\"url\":\"https:\\\/\\\/spawlab.pl\\\/wp-content\\\/uploads\\\/2025\\\/06\\\/Frame-1-scaled.png\",\"contentUrl\":\"https:\\\/\\\/spawlab.pl\\\/wp-content\\\/uploads\\\/2025\\\/06\\\/Frame-1-scaled.png\",\"width\":2560,\"height\":2197},{\"@type\":\"BreadcrumbList\",\"@id\":\"https:\\\/\\\/spawlab.pl\\\/en\\\/produkt\\\/bohler-welding-mig-mag-puls-welding-program-er2509-o1-2mm-arheco2-79-p1-072\\\/#breadcrumb\",\"itemListElement\":[{\"@type\":\"ListItem\",\"position\":1,\"name\":\"Strona g\u0142\u00f3wna\",\"item\":\"https:\\\/\\\/spawlab.pl\\\/en\\\/\"},{\"@type\":\"ListItem\",\"position\":2,\"name\":\"Store\",\"item\":\"https:\\\/\\\/spawlab.pl\\\/en\\\/shop\\\/\"},{\"@type\":\"ListItem\",\"position\":3,\"name\":\"B\u00f6hler Welding MIG\\\/MAG Puls Welding Program ER2509 \u00d81.2mm (ArHeCO2) &#8211; 79.P1.072\"}]},{\"@type\":\"WebSite\",\"@id\":\"https:\\\/\\\/spawlab.pl\\\/en\\\/#website\",\"url\":\"https:\\\/\\\/spawlab.pl\\\/en\\\/\",\"name\":\"Spawlab.pl Lider - Spawarki, Przecinarki Plazmowe, Kompresory\",\"description\":\"Urz\u0105dzenia spawalnicze i Przecinarki plazmowe\\\/ nowe i u\u017cywane \\\/ Profesjonalny serwis\",\"publisher\":{\"@id\":\"https:\\\/\\\/spawlab.pl\\\/en\\\/#organization\"},\"alternateName\":\"Spawlab.pl - Dystrybutor Premium i Serwis na Polske Migatronic, Gys, Voestalpine Bohler Welding\",\"potentialAction\":[{\"@type\":\"SearchAction\",\"target\":{\"@type\":\"EntryPoint\",\"urlTemplate\":\"https:\\\/\\\/spawlab.pl\\\/en\\\/?s={search_term_string}\"},\"query-input\":{\"@type\":\"PropertyValueSpecification\",\"valueRequired\":true,\"valueName\":\"search_term_string\"}}],\"inLanguage\":\"en-US\"},{\"@type\":[\"Organization\",\"Place\"],\"@id\":\"https:\\\/\\\/spawlab.pl\\\/en\\\/#organization\",\"name\":\"Spawlab.pl\",\"url\":\"https:\\\/\\\/spawlab.pl\\\/en\\\/\",\"logo\":{\"@id\":\"https:\\\/\\\/spawlab.pl\\\/en\\\/produkt\\\/bohler-welding-mig-mag-puls-welding-program-er2509-o1-2mm-arheco2-79-p1-072\\\/#local-main-organization-logo\"},\"image\":{\"@id\":\"https:\\\/\\\/spawlab.pl\\\/en\\\/produkt\\\/bohler-welding-mig-mag-puls-welding-program-er2509-o1-2mm-arheco2-79-p1-072\\\/#local-main-organization-logo\"},\"sameAs\":[\"https:\\\/\\\/www.facebook.com\\\/Spawlab\\\/\",\"https:\\\/\\\/www.linkedin.com\\\/company\\\/spawlab\",\"https:\\\/\\\/www.instagram.com\\\/spawlab.pl\",\"https:\\\/\\\/www.tiktok.com\\\/@spawlab\"],\"description\":\"Lider sprzeda\u017cy, Oficjalny Dystrybutor Premium i Serwis na Polsk\u0119 Migatronic, Gys, Voestalpine Bohler Welding. Nowe i u\u017cywane Spawarki, Przecinarki Plazmowe, Kompresory. Mgr in\u017c. Jaros\u0142aw Ko\u0142aski, IWE\",\"hasMerchantReturnPolicy\":{\"@type\":\"MerchantReturnPolicy\",\"merchantReturnLink\":\"https:\\\/\\\/spawlab.pl\\\/polityka-prywatnosci-2\\\/\"},\"telephone\":[],\"openingHoursSpecification\":[{\"@type\":\"OpeningHoursSpecification\",\"dayOfWeek\":[\"Monday\",\"Tuesday\",\"Wednesday\",\"Thursday\",\"Friday\",\"Saturday\",\"Sunday\"],\"opens\":\"09:00\",\"closes\":\"17:00\"}]},{\"@type\":\"ImageObject\",\"inLanguage\":\"en-US\",\"@id\":\"https:\\\/\\\/spawlab.pl\\\/en\\\/produkt\\\/bohler-welding-mig-mag-puls-welding-program-er2509-o1-2mm-arheco2-79-p1-072\\\/#local-main-organization-logo\",\"url\":\"https:\\\/\\\/spawlab.pl\\\/wp-content\\\/uploads\\\/2022\\\/01\\\/olx.jpg\",\"contentUrl\":\"https:\\\/\\\/spawlab.pl\\\/wp-content\\\/uploads\\\/2022\\\/01\\\/olx.jpg\",\"width\":200,\"height\":200,\"caption\":\"Spawlab.pl\"}]}<\/script>\n<meta property=\"product:brand\" content=\"B\u00f6hler\" \/>\n<meta property=\"product:price:amount\" content=\"1105.40\" \/>\n<meta property=\"product:price:currency\" content=\"PLN\" \/>\n<meta property=\"og:availability\" content=\"backorder\" \/>\n<meta property=\"product:availability\" content=\"available for order\" \/>\n<meta property=\"product:retailer_item_id\" content=\"79.P1.072\" \/>\n<meta property=\"product:condition\" content=\"new\" \/>\n<!-- \/ Yoast SEO Premium plugin. -->","yoast_head_json":{"title":"B\u00f6hler Welding Program MIG\/MAG Puls ER2509 \u00d81.2mm - 79.P1.072 | SpawLab","description":"B\u00f6hler Welding MIG\/MAG Puls ER2509 \u00d81.2mm (79.P1.072) welding program - optimized for super duplex steel, ArHeCO2. Professional welding. Check it out at SpawLab!","robots":{"index":"index","follow":"follow","max-snippet":"max-snippet:-1","max-image-preview":"max-image-preview:large","max-video-preview":"max-video-preview:-1"},"canonical":"https:\/\/spawlab.pl\/en\/produkt\/bohler-welding-mig-mag-puls-welding-program-er2509-o1-2mm-arheco2-79-p1-072\/","og_locale":"en_US","og_type":"article","og_title":"B\u00f6hler Welding MIG\/MAG Puls Welding Program ER2509 \u00d81.2mm (ArHeCO2) - 79.P1.072","og_description":"Lider sprzeda\u017cy, Oficjalny Dystrybutor Premium i Serwis na Polsk\u0119 Migatronic, Gys, Voestalpine Bohler Welding. Nowe i u\u017cywane Spawarki, Przecinarki Plazmowe, Kompresory. Mgr in\u017c. Jaros\u0142aw Ko\u0142aski, IWE","og_url":"https:\/\/spawlab.pl\/en\/produkt\/bohler-welding-mig-mag-puls-welding-program-er2509-o1-2mm-arheco2-79-p1-072\/","og_site_name":"SpawLab - Welding equipment and plasma cutters - store and service","article_publisher":"https:\/\/www.facebook.com\/Spawlab\/","og_image":[{"width":2560,"height":2197,"url":"https:\/\/spawlab.pl\/wp-content\/uploads\/2025\/06\/Frame-1-scaled.png","type":"image\/png"}],"twitter_misc":{"Price":"1 105,40&nbsp;&#122;&#322; (898,70&nbsp;&#122;&#322; netto)","Availability":"On backorder"},"schema":{"@context":"https:\/\/schema.org","@graph":[{"@type":["WebPage","ItemPage"],"@id":"https:\/\/spawlab.pl\/en\/produkt\/bohler-welding-mig-mag-puls-welding-program-er2509-o1-2mm-arheco2-79-p1-072\/","url":"https:\/\/spawlab.pl\/en\/produkt\/bohler-welding-mig-mag-puls-welding-program-er2509-o1-2mm-arheco2-79-p1-072\/","name":"B\u00f6hler Welding Program MIG\/MAG Puls ER2509 \u00d81.2mm - 79.P1.072 | SpawLab","isPartOf":{"@id":"https:\/\/spawlab.pl\/en\/#website"},"primaryImageOfPage":{"@id":"https:\/\/spawlab.pl\/en\/produkt\/bohler-welding-mig-mag-puls-welding-program-er2509-o1-2mm-arheco2-79-p1-072\/#primaryimage"},"image":{"@id":"https:\/\/spawlab.pl\/en\/produkt\/bohler-welding-mig-mag-puls-welding-program-er2509-o1-2mm-arheco2-79-p1-072\/#primaryimage"},"thumbnailUrl":"https:\/\/spawlab.pl\/wp-content\/uploads\/2025\/06\/Frame-1-scaled.png","datePublished":"2025-07-09T21:36:27+00:00","description":"B\u00f6hler Welding MIG\/MAG Puls ER2509 \u00d81.2mm (79.P1.072) welding program - optimized for super duplex steel, ArHeCO2. Professional welding. Check it out at SpawLab!","breadcrumb":{"@id":"https:\/\/spawlab.pl\/en\/produkt\/bohler-welding-mig-mag-puls-welding-program-er2509-o1-2mm-arheco2-79-p1-072\/#breadcrumb"},"inLanguage":"en-US","potentialAction":[{"@type":"ReadAction","target":["https:\/\/spawlab.pl\/en\/produkt\/bohler-welding-mig-mag-puls-welding-program-er2509-o1-2mm-arheco2-79-p1-072\/"]}]},{"@type":"ImageObject","inLanguage":"en-US","@id":"https:\/\/spawlab.pl\/en\/produkt\/bohler-welding-mig-mag-puls-welding-program-er2509-o1-2mm-arheco2-79-p1-072\/#primaryimage","url":"https:\/\/spawlab.pl\/wp-content\/uploads\/2025\/06\/Frame-1-scaled.png","contentUrl":"https:\/\/spawlab.pl\/wp-content\/uploads\/2025\/06\/Frame-1-scaled.png","width":2560,"height":2197},{"@type":"BreadcrumbList","@id":"https:\/\/spawlab.pl\/en\/produkt\/bohler-welding-mig-mag-puls-welding-program-er2509-o1-2mm-arheco2-79-p1-072\/#breadcrumb","itemListElement":[{"@type":"ListItem","position":1,"name":"Strona g\u0142\u00f3wna","item":"https:\/\/spawlab.pl\/en\/"},{"@type":"ListItem","position":2,"name":"Store","item":"https:\/\/spawlab.pl\/en\/shop\/"},{"@type":"ListItem","position":3,"name":"B\u00f6hler Welding MIG\/MAG Puls Welding Program ER2509 \u00d81.2mm (ArHeCO2) &#8211; 79.P1.072"}]},{"@type":"WebSite","@id":"https:\/\/spawlab.pl\/en\/#website","url":"https:\/\/spawlab.pl\/en\/","name":"Spawlab.pl Lider - Spawarki, Przecinarki Plazmowe, Kompresory","description":"Urz\u0105dzenia spawalnicze i Przecinarki plazmowe\/ nowe i u\u017cywane \/ Profesjonalny serwis","publisher":{"@id":"https:\/\/spawlab.pl\/en\/#organization"},"alternateName":"Spawlab.pl - Dystrybutor Premium i Serwis na Polske Migatronic, Gys, Voestalpine Bohler Welding","potentialAction":[{"@type":"SearchAction","target":{"@type":"EntryPoint","urlTemplate":"https:\/\/spawlab.pl\/en\/?s={search_term_string}"},"query-input":{"@type":"PropertyValueSpecification","valueRequired":true,"valueName":"search_term_string"}}],"inLanguage":"en-US"},{"@type":["Organization","Place"],"@id":"https:\/\/spawlab.pl\/en\/#organization","name":"Spawlab.pl","url":"https:\/\/spawlab.pl\/en\/","logo":{"@id":"https:\/\/spawlab.pl\/en\/produkt\/bohler-welding-mig-mag-puls-welding-program-er2509-o1-2mm-arheco2-79-p1-072\/#local-main-organization-logo"},"image":{"@id":"https:\/\/spawlab.pl\/en\/produkt\/bohler-welding-mig-mag-puls-welding-program-er2509-o1-2mm-arheco2-79-p1-072\/#local-main-organization-logo"},"sameAs":["https:\/\/www.facebook.com\/Spawlab\/","https:\/\/www.linkedin.com\/company\/spawlab","https:\/\/www.instagram.com\/spawlab.pl","https:\/\/www.tiktok.com\/@spawlab"],"description":"Lider sprzeda\u017cy, Oficjalny Dystrybutor Premium i Serwis na Polsk\u0119 Migatronic, Gys, Voestalpine Bohler Welding. Nowe i u\u017cywane Spawarki, Przecinarki Plazmowe, Kompresory. Mgr in\u017c. Jaros\u0142aw Ko\u0142aski, IWE","hasMerchantReturnPolicy":{"@type":"MerchantReturnPolicy","merchantReturnLink":"https:\/\/spawlab.pl\/polityka-prywatnosci-2\/"},"telephone":[],"openingHoursSpecification":[{"@type":"OpeningHoursSpecification","dayOfWeek":["Monday","Tuesday","Wednesday","Thursday","Friday","Saturday","Sunday"],"opens":"09:00","closes":"17:00"}]},{"@type":"ImageObject","inLanguage":"en-US","@id":"https:\/\/spawlab.pl\/en\/produkt\/bohler-welding-mig-mag-puls-welding-program-er2509-o1-2mm-arheco2-79-p1-072\/#local-main-organization-logo","url":"https:\/\/spawlab.pl\/wp-content\/uploads\/2022\/01\/olx.jpg","contentUrl":"https:\/\/spawlab.pl\/wp-content\/uploads\/2022\/01\/olx.jpg","width":200,"height":200,"caption":"Spawlab.pl"}]},"product_brand":"B\u00f6hler","product_price_amount":"1105.40","product_price_currency":"PLN","og_availability":"backorder","product_availability":"available for order","product_retailer_item_id":"79.P1.072","product_condition":"new"},"_links":{"self":[{"href":"https:\/\/spawlab.pl\/en\/wp-json\/wp\/v2\/product\/42606","targetHints":{"allow":["GET"]}}],"collection":[{"href":"https:\/\/spawlab.pl\/en\/wp-json\/wp\/v2\/product"}],"about":[{"href":"https:\/\/spawlab.pl\/en\/wp-json\/wp\/v2\/types\/product"}],"wp:featuredmedia":[{"embeddable":true,"href":"https:\/\/spawlab.pl\/en\/wp-json\/wp\/v2\/media\/38560"}],"wp:attachment":[{"href":"https:\/\/spawlab.pl\/en\/wp-json\/wp\/v2\/media?parent=42606"}],"wp:term":[{"taxonomy":"product_brand","embeddable":true,"href":"https:\/\/spawlab.pl\/en\/wp-json\/wp\/v2\/product_brand?post=42606"},{"taxonomy":"product_cat","embeddable":true,"href":"https:\/\/spawlab.pl\/en\/wp-json\/wp\/v2\/product_cat?post=42606"},{"taxonomy":"product_tag","embeddable":true,"href":"https:\/\/spawlab.pl\/en\/wp-json\/wp\/v2\/product_tag?post=42606"}],"curies":[{"name":"wp","href":"https:\/\/api.w.org\/{rel}","templated":true}]}}