{"id":42609,"date":"2025-07-09T23:36:32","date_gmt":"2025-07-09T21:36:32","guid":{"rendered":"https:\/\/spawlab.pl\/produkt\/bohler-welding-program-pulsedrive-thermanit-ats-4-o1-2mm-m12-ar-0-5%c3%b75co2-79-p1-25799\/"},"modified":"2025-07-09T23:36:32","modified_gmt":"2025-07-09T21:36:32","slug":"bohler-welding-program-pulsedrive-thermanit-ats-4-o1-2mm-m12-ar-0-5%c3%b75co2-79-p1-25799","status":"publish","type":"product","link":"https:\/\/spawlab.pl\/en\/produkt\/bohler-welding-program-pulsedrive-thermanit-ats-4-o1-2mm-m12-ar-0-5%c3%b75co2-79-p1-25799\/","title":{"rendered":"B\u00f6hler Welding Program PulseDrive &#8211; Thermanit ATS 4 \u00d81.2mm M12 (Ar 0.5\u00f75%CO2) &#8211; 79.P1.25799"},"content":{"rendered":"<div class=\"custom-product-section distributor-info spawlab-info\">\n<p><strong>SpawLab &#8211; your Authorized Voestalpine B\u00f6hler Welding Partner in Poland!<\/strong><\/p>\n<p>We are <strong>an official distributor of<\/strong> Voestalpine B\u00f6hler Welding equipment and <strong>an Authorized Service Center in Poland<\/strong>. Our team has undergone <strong>rigorous technical training directly in Italy<\/strong> at the manufacturer&#8217;s centers. <\/p>\n<p>When you choose SpawLab, you are assured of original products, access to B\u00f6hler Welding solutions, professional advice and service support.<\/p>\n<\/div>\n<div class=\"custom-product-section product-intro\">\n<h2 class=\"product-section-title main-product-title\">B\u00f6hler Welding Program PulseDrive &#8211; Thermanit ATS 4 \u00d81.2mm M12 (Ar 0.5\u00f75%CO2) &#8211; 79.P1.25799<\/h2>\n<div class=\"description-content product-marketing-description\">\n<p>The B\u00f6hler Welding PulseDrive welding program for Thermanit ATS 4 (\u00d81.2mm) wire in M12 gas shielding (Ar + 0.5-5% CO2) is a precisely calibrated synergistic line designed to maximize the productivity and quality of pulsed MIG\/MAG welding of austenitic stainless steels. This specialized program unleashes the full potential of B\u00f6hler Welding&#8217;s advanced welding equipment equipped with PulseDrive technology, guaranteeing professionals excellent process control, minimized spatter and welds with impeccable geometry and metallurgy. <\/p>\n<p>The product is dedicated to professionals seeking repeatable, top-notch results in the welding of demanding stainless steel structures where every detail counts &#8211; from aesthetics to joint integrity.<\/p>\n<\/div>\n<\/div>\n<h3 class=\"custom-product-heading advanced-features-heading\">Explore the Advanced Capabilities of PulseDrive Welding Program &#8211; Thermanit ATS 4 \u00d81.2mm M12 (Ar 0.5\u00f75%CO2)<\/h3>\n<div class=\"custom-accordion advanced-features-accordion\">\n<details class=\"custom-accordion-item\">\n<summary class=\"custom-subtitle accordion-title\">? PulseDrive Advanced Welding Process.<\/summary>\n<div class=\"accordion-content\">\n<p><strong>B\u00f6hler Welding<\/strong> &#8216;s <strong>PulseDrive<\/strong> technology is a digitally controlled pulsed MIG\/MAG process that revolutionizes welding by precisely forming metal droplets in a &#8220;one-pulse-one-drop&#8221; concept. This provides <strong>exceptional control of the welding arc<\/strong> and produces welds with an excellent finish and virtually no spatter. PulseDrive is ideal for welding a wide range of materials, including carbon steels, stainless steels (as in the case of the program for Thermanit ATS 4), aluminum and cored wires.  <\/p>\n<p>The benefits for the professional using a program optimized under PulseDrive are measurable: <strong>a significant reduction in labor-intensive post-welding processing<\/strong> (grinding, cleaning), <strong>better control over the heat input<\/strong> (which is crucial for thin materials and stainless steels, minimizing distortion), and <strong>the ability to weld in difficult positions<\/strong> with high quality. The welding program for Thermanit ATS 4 with PulseDrive technology is a guarantee of repeatable, top-quality results. <\/p>\n<\/div>\n<\/details>\n<\/div>\n<div class=\"custom-product-section product-specs\">\n<h3 class=\"custom-product-heading specs-heading\">Technical Specifications<\/h3>\n<table class=\"specs-table\">\n<thead>\n<tr>\n<th>Parameter<\/th>\n<th>Value<\/th>\n<\/tr>\n<\/thead>\n<tbody>\n<tr>\n<td>Product type<\/td>\n<td>Welding program (synergy line)<\/td>\n<\/tr>\n<tr>\n<td>Catalog number<\/td>\n<td>79.P1.25799<\/td>\n<\/tr>\n<tr>\n<td>Brand<\/td>\n<td>B\u00f6hler Welding (Voestalpine B\u00f6hler Welding)<\/td>\n<\/tr>\n<tr>\n<td>Intended use for wire<\/td>\n<td>B\u00f6hler Welding Thermanit ATS 4<\/td>\n<\/tr>\n<tr>\n<td>Wire diameter<\/td>\n<td>1.2 mm<\/td>\n<\/tr>\n<tr>\n<td>Recommended shielding gas<\/td>\n<td>M12 (Argon + 0.5-5% CO2)<\/td>\n<\/tr>\n<tr>\n<td>Welding process<\/td>\n<td>Optimized MIG\/MAG with pulse (PulseDrive)<\/td>\n<\/tr>\n<tr>\n<td>Compatibility<\/td>\n<td>Selected B\u00f6hler Welding equipment equipped with PulseDrive technology and the ability to upload dedicated welding programs (e.g., URANOS NX PMC\/PME\/MTE\/GSM series, TERRA NX PMC\/PME series)<\/td>\n<\/tr>\n<\/tbody>\n<\/table>\n<\/div>\n<div class=\"custom-product-section product-set-contents\">\n<h3 class=\"custom-product-heading set-contents-heading\">Kit Contents \/ Packaging<\/h3>\n<p>The product (PulseDrive Welding Program &#8211; Thermanit ATS 4 \u00d81.2mm M12 (Ar 0.5\u00f75%CO2)) is delivered as a single piece (data file\/welding program license), according to the standard of the manufacturer Voestalpine B\u00f6hler Welding. The program is designed to be uploaded to compatible B\u00f6hler Welding equipment. Additional accessories and the welding device itself are available separately.  <\/p>\n<\/div>\n<div class=\"custom-product-section product-features\">\n<h3 class=\"custom-product-heading features-heading\">Key Features and Benefits<\/h3>\n<ul class=\"custom-product-list features-list\">\n<li>? <strong>Precision Synergy for Thermanit ATS 4:<\/strong> Guaranteed optimal, predefined welding parameters for Thermanit ATS 4 \u00d81.2mm wire and M12 gas, ensuring excellent weld quality and repeatability on austenitic stainless steels without time-consuming testing.<\/li>\n<li>\u2699\ufe0f <strong>Maximizing Potential PulseDrive:<\/strong> The program takes full advantage of B\u00f6hler Welding&#8217;s advanced PulseDrive technology, providing &#8220;one pulse &#8211; one drop&#8221; digital process control, resulting in exceptional arc stability, minimal spatter and excellent weld pool control.<\/li>\n<li>\u23f1\ufe0f <strong>Increased Efficiency and Ease of Use:<\/strong> Immediate access to optimized settings significantly reduces weld station preparation time and reduces the risk of errors, allowing welders to focus on getting the job done accurately.<\/li>\n<li>? <strong>Impeccable Weld Quality:<\/strong> Through optimization, the program produces smooth, even welds with excellent fusion and a minimal heat-affected zone, reducing the need for post-processing and enhancing the aesthetics of the final product.<\/li>\n<\/ul>\n<\/div>\n<div class=\"custom-product-section product-application\">\n<h3 class=\"custom-product-heading application-heading\">Product Application<\/h3>\n<ul class=\"custom-product-list application-list\">\n<li>The B\u00f6hler Welding PulseDrive &#8211; Thermanit ATS 4 \u00d81.2mm M12 welding program is ideal for:<\/li>\n<li>? Precision MIG\/MAG pulse welding of austenitic stainless steels (e.g. AISI 304, 304L, 316, 316L, 321) using B\u00f6hler Welding Thermanit ATS 4 wire (\u00d81.2mm).<\/li>\n<li>\u2728 Applications requiring superior weld aesthetics, minimal rework and excellent joint geometry.<\/li>\n<li>? Food, chemical and pharmaceutical industries &#8211; for the construction and repair of tanks, reactors, pipelines and other stainless steel structures.<\/li>\n<li>?\ufe0f Producing high-quality stainless steel components for the energy, environmental, marine and architectural industries.<\/li>\n<li>?\ufe0f Workshops specializing in stainless steel machining, where repeatability, efficiency and top quality count.<\/li>\n<\/ul>\n<\/div>\n<div class=\"custom-product-section product-summary conclusion\">\n<h3 class=\"custom-product-heading summary-heading\">Summary: PulseDrive Welding Program &#8211; Thermanit ATS 4 \u00d81.2mm M12 (Ar 0.5\u00f75%CO2) &#8211; Your Investment in Quality B\u00f6hler Welding<\/h3>\n<div class=\"summary-content\">\n<p>? When you choose the B\u00f6hler Welding PulseDrive Welding Program &#8211; Thermanit ATS 4 \u00d81.2mm M12, you are investing in <strong>uncompromising quality and precision in stainless steel welding<\/strong>. This dedicated synergy program guarantees optimal use of PulseDrive technology, providing superior results and increased productivity. To learn the full capabilities of the B\u00f6hler Welding PulseDrive Welding Program &#8211; Thermanit ATS 4 \u00d81.2mm M12 (Ar 0.5\u00f75%CO2) and get the best deal, contact the experts at SpawLab &#8211; the official distributor and authorized service provider of Voestalpine B\u00f6hler Welding in Poland. Our team, trained in Italy, is at your service.   <\/p>\n<\/div>\n<\/div>\n<div class=\"custom-product-section product-codes-info\">\n<p><strong>Part number (Art. No.):<\/strong> 79.P1.25799<\/p>\n<\/div>\n","protected":false},"excerpt":{"rendered":"<p>B\u00f6hler Welding Program PulseDrive &#8211; Thermanit ATS 4 \u00d81.2mm M12 (79.P1.25799) &#8211; optimal pulse welding of stainless steel. Professional solutions. <\/p>\n","protected":false},"featured_media":38560,"template":"","meta":{"inline_featured_image":false},"product_brand":[772],"product_cat":[11536,5686],"product_tag":[13298,11924,8763,12305,3473,12076,13297],"class_list":{"0":"post-42609","1":"product","2":"type-product","3":"status-publish","4":"has-post-thumbnail","6":"product_brand-bohler","7":"product_cat-bohler-en-2","8":"product_cat-brand-zone","9":"product_tag-bohler-welding-79-p1-25799-en","10":"product_tag-bohler-welding-program","11":"product_tag-mig-mag-synergy","12":"product_tag-pulsedrive-en","13":"product_tag-stainless-steel-welding","14":"product_tag-synergy-program","15":"product_tag-thermanit-ats-4-en","17":"first","18":"onbackorder","19":"taxable","20":"shipping-taxable","21":"purchasable","22":"product-type-simple"},"yoast_head":"<!-- This site is optimized with the Yoast SEO Premium plugin v27.5 (Yoast SEO v27.6) - https:\/\/yoast.com\/product\/yoast-seo-premium-wordpress\/ -->\n<title>B\u00f6hler Welding Program PulseDrive Thermanit ATS 4 \u00d81.2mm - 79.P1.25799<\/title>\n<meta name=\"description\" content=\"B\u00f6hler Welding Program PulseDrive - Thermanit ATS 4 \u00d81.2mm M12 (79.P1.25799) - optimal pulse welding of stainless steel. Check it out at SpawLab!\" \/>\n<meta name=\"robots\" content=\"index, follow, max-snippet:-1, max-image-preview:large, max-video-preview:-1\" \/>\n<link rel=\"canonical\" href=\"https:\/\/spawlab.pl\/en\/produkt\/bohler-welding-program-pulsedrive-thermanit-ats-4-o1-2mm-m12-ar-0-5%c3%b75co2-79-p1-25799\/\" \/>\n<meta property=\"og:locale\" content=\"en_US\" \/>\n<meta property=\"og:type\" content=\"article\" \/>\n<meta property=\"og:title\" content=\"B\u00f6hler Welding Program PulseDrive - Thermanit ATS 4 \u00d81.2mm M12 (Ar 0.5\u00f75%CO2) - 79.P1.25799\" \/>\n<meta property=\"og:description\" content=\"Lider sprzeda\u017cy, Oficjalny Dystrybutor Premium i Serwis na Polsk\u0119 Migatronic, Gys, Voestalpine Bohler Welding. Nowe i u\u017cywane Spawarki, Przecinarki Plazmowe, Kompresory. Mgr in\u017c. Jaros\u0142aw Ko\u0142aski, IWE\" \/>\n<meta property=\"og:url\" content=\"https:\/\/spawlab.pl\/en\/produkt\/bohler-welding-program-pulsedrive-thermanit-ats-4-o1-2mm-m12-ar-0-5%c3%b75co2-79-p1-25799\/\" \/>\n<meta property=\"og:site_name\" content=\"SpawLab - Welding equipment and plasma cutters - store and service\" \/>\n<meta property=\"article:publisher\" content=\"https:\/\/www.facebook.com\/Spawlab\/\" \/>\n<meta property=\"og:image\" content=\"https:\/\/spawlab.pl\/wp-content\/uploads\/2025\/06\/Frame-1-scaled.png\" \/>\n\t<meta property=\"og:image:width\" content=\"2560\" \/>\n\t<meta property=\"og:image:height\" content=\"2197\" \/>\n\t<meta property=\"og:image:type\" content=\"image\/png\" \/>\n<meta name=\"twitter:label1\" content=\"Price\" \/>\n\t<meta name=\"twitter:data1\" content=\"1 105,40&nbsp;&#122;&#322; (898,70&nbsp;&#122;&#322; netto)\" \/>\n\t<meta name=\"twitter:label2\" content=\"Availability\" \/>\n\t<meta name=\"twitter:data2\" content=\"On backorder\" \/>\n<script type=\"application\/ld+json\" class=\"yoast-schema-graph\">{\"@context\":\"https:\\\/\\\/schema.org\",\"@graph\":[{\"@type\":[\"WebPage\",\"ItemPage\"],\"@id\":\"https:\\\/\\\/spawlab.pl\\\/en\\\/produkt\\\/bohler-welding-program-pulsedrive-thermanit-ats-4-o1-2mm-m12-ar-0-5%c3%b75co2-79-p1-25799\\\/\",\"url\":\"https:\\\/\\\/spawlab.pl\\\/en\\\/produkt\\\/bohler-welding-program-pulsedrive-thermanit-ats-4-o1-2mm-m12-ar-0-5%c3%b75co2-79-p1-25799\\\/\",\"name\":\"B\u00f6hler Welding Program PulseDrive Thermanit ATS 4 \u00d81.2mm - 79.P1.25799\",\"isPartOf\":{\"@id\":\"https:\\\/\\\/spawlab.pl\\\/en\\\/#website\"},\"primaryImageOfPage\":{\"@id\":\"https:\\\/\\\/spawlab.pl\\\/en\\\/produkt\\\/bohler-welding-program-pulsedrive-thermanit-ats-4-o1-2mm-m12-ar-0-5%c3%b75co2-79-p1-25799\\\/#primaryimage\"},\"image\":{\"@id\":\"https:\\\/\\\/spawlab.pl\\\/en\\\/produkt\\\/bohler-welding-program-pulsedrive-thermanit-ats-4-o1-2mm-m12-ar-0-5%c3%b75co2-79-p1-25799\\\/#primaryimage\"},\"thumbnailUrl\":\"https:\\\/\\\/spawlab.pl\\\/wp-content\\\/uploads\\\/2025\\\/06\\\/Frame-1-scaled.png\",\"datePublished\":\"2025-07-09T21:36:32+00:00\",\"description\":\"B\u00f6hler Welding Program PulseDrive - Thermanit ATS 4 \u00d81.2mm M12 (79.P1.25799) - optimal pulse welding of stainless steel. Check it out at SpawLab!\",\"breadcrumb\":{\"@id\":\"https:\\\/\\\/spawlab.pl\\\/en\\\/produkt\\\/bohler-welding-program-pulsedrive-thermanit-ats-4-o1-2mm-m12-ar-0-5%c3%b75co2-79-p1-25799\\\/#breadcrumb\"},\"inLanguage\":\"en-US\",\"potentialAction\":[{\"@type\":\"ReadAction\",\"target\":[\"https:\\\/\\\/spawlab.pl\\\/en\\\/produkt\\\/bohler-welding-program-pulsedrive-thermanit-ats-4-o1-2mm-m12-ar-0-5%c3%b75co2-79-p1-25799\\\/\"]}]},{\"@type\":\"ImageObject\",\"inLanguage\":\"en-US\",\"@id\":\"https:\\\/\\\/spawlab.pl\\\/en\\\/produkt\\\/bohler-welding-program-pulsedrive-thermanit-ats-4-o1-2mm-m12-ar-0-5%c3%b75co2-79-p1-25799\\\/#primaryimage\",\"url\":\"https:\\\/\\\/spawlab.pl\\\/wp-content\\\/uploads\\\/2025\\\/06\\\/Frame-1-scaled.png\",\"contentUrl\":\"https:\\\/\\\/spawlab.pl\\\/wp-content\\\/uploads\\\/2025\\\/06\\\/Frame-1-scaled.png\",\"width\":2560,\"height\":2197},{\"@type\":\"BreadcrumbList\",\"@id\":\"https:\\\/\\\/spawlab.pl\\\/en\\\/produkt\\\/bohler-welding-program-pulsedrive-thermanit-ats-4-o1-2mm-m12-ar-0-5%c3%b75co2-79-p1-25799\\\/#breadcrumb\",\"itemListElement\":[{\"@type\":\"ListItem\",\"position\":1,\"name\":\"Strona g\u0142\u00f3wna\",\"item\":\"https:\\\/\\\/spawlab.pl\\\/en\\\/\"},{\"@type\":\"ListItem\",\"position\":2,\"name\":\"Store\",\"item\":\"https:\\\/\\\/spawlab.pl\\\/en\\\/shop\\\/\"},{\"@type\":\"ListItem\",\"position\":3,\"name\":\"B\u00f6hler Welding Program PulseDrive &#8211; Thermanit ATS 4 \u00d81.2mm M12 (Ar 0.5\u00f75%CO2) &#8211; 79.P1.25799\"}]},{\"@type\":\"WebSite\",\"@id\":\"https:\\\/\\\/spawlab.pl\\\/en\\\/#website\",\"url\":\"https:\\\/\\\/spawlab.pl\\\/en\\\/\",\"name\":\"Spawlab.pl Lider - Spawarki, Przecinarki Plazmowe, Kompresory\",\"description\":\"Urz\u0105dzenia spawalnicze i Przecinarki plazmowe\\\/ nowe i u\u017cywane \\\/ Profesjonalny serwis\",\"publisher\":{\"@id\":\"https:\\\/\\\/spawlab.pl\\\/en\\\/#organization\"},\"alternateName\":\"Spawlab.pl - Dystrybutor Premium i Serwis na Polske Migatronic, Gys, Voestalpine Bohler Welding\",\"potentialAction\":[{\"@type\":\"SearchAction\",\"target\":{\"@type\":\"EntryPoint\",\"urlTemplate\":\"https:\\\/\\\/spawlab.pl\\\/en\\\/?s={search_term_string}\"},\"query-input\":{\"@type\":\"PropertyValueSpecification\",\"valueRequired\":true,\"valueName\":\"search_term_string\"}}],\"inLanguage\":\"en-US\"},{\"@type\":[\"Organization\",\"Place\"],\"@id\":\"https:\\\/\\\/spawlab.pl\\\/en\\\/#organization\",\"name\":\"Spawlab.pl\",\"url\":\"https:\\\/\\\/spawlab.pl\\\/en\\\/\",\"logo\":{\"@id\":\"https:\\\/\\\/spawlab.pl\\\/en\\\/produkt\\\/bohler-welding-program-pulsedrive-thermanit-ats-4-o1-2mm-m12-ar-0-5%c3%b75co2-79-p1-25799\\\/#local-main-organization-logo\"},\"image\":{\"@id\":\"https:\\\/\\\/spawlab.pl\\\/en\\\/produkt\\\/bohler-welding-program-pulsedrive-thermanit-ats-4-o1-2mm-m12-ar-0-5%c3%b75co2-79-p1-25799\\\/#local-main-organization-logo\"},\"sameAs\":[\"https:\\\/\\\/www.facebook.com\\\/Spawlab\\\/\",\"https:\\\/\\\/www.linkedin.com\\\/company\\\/spawlab\",\"https:\\\/\\\/www.instagram.com\\\/spawlab.pl\",\"https:\\\/\\\/www.tiktok.com\\\/@spawlab\"],\"description\":\"Lider sprzeda\u017cy, Oficjalny Dystrybutor Premium i Serwis na Polsk\u0119 Migatronic, Gys, Voestalpine Bohler Welding. Nowe i u\u017cywane Spawarki, Przecinarki Plazmowe, Kompresory. Mgr in\u017c. Jaros\u0142aw Ko\u0142aski, IWE\",\"hasMerchantReturnPolicy\":{\"@type\":\"MerchantReturnPolicy\",\"merchantReturnLink\":\"https:\\\/\\\/spawlab.pl\\\/polityka-prywatnosci-2\\\/\"},\"telephone\":[],\"openingHoursSpecification\":[{\"@type\":\"OpeningHoursSpecification\",\"dayOfWeek\":[\"Monday\",\"Tuesday\",\"Wednesday\",\"Thursday\",\"Friday\",\"Saturday\",\"Sunday\"],\"opens\":\"09:00\",\"closes\":\"17:00\"}]},{\"@type\":\"ImageObject\",\"inLanguage\":\"en-US\",\"@id\":\"https:\\\/\\\/spawlab.pl\\\/en\\\/produkt\\\/bohler-welding-program-pulsedrive-thermanit-ats-4-o1-2mm-m12-ar-0-5%c3%b75co2-79-p1-25799\\\/#local-main-organization-logo\",\"url\":\"https:\\\/\\\/spawlab.pl\\\/wp-content\\\/uploads\\\/2022\\\/01\\\/olx.jpg\",\"contentUrl\":\"https:\\\/\\\/spawlab.pl\\\/wp-content\\\/uploads\\\/2022\\\/01\\\/olx.jpg\",\"width\":200,\"height\":200,\"caption\":\"Spawlab.pl\"}]}<\/script>\n<meta property=\"product:brand\" content=\"B\u00f6hler\" \/>\n<meta property=\"product:price:amount\" content=\"1105.40\" \/>\n<meta property=\"product:price:currency\" content=\"PLN\" \/>\n<meta property=\"og:availability\" content=\"backorder\" \/>\n<meta property=\"product:availability\" content=\"available for order\" \/>\n<meta property=\"product:retailer_item_id\" content=\"79.P1.25799\" \/>\n<meta property=\"product:condition\" content=\"new\" \/>\n<!-- \/ Yoast SEO Premium plugin. -->","yoast_head_json":{"title":"B\u00f6hler Welding Program PulseDrive Thermanit ATS 4 \u00d81.2mm - 79.P1.25799","description":"B\u00f6hler Welding Program PulseDrive - Thermanit ATS 4 \u00d81.2mm M12 (79.P1.25799) - optimal pulse welding of stainless steel. Check it out at SpawLab!","robots":{"index":"index","follow":"follow","max-snippet":"max-snippet:-1","max-image-preview":"max-image-preview:large","max-video-preview":"max-video-preview:-1"},"canonical":"https:\/\/spawlab.pl\/en\/produkt\/bohler-welding-program-pulsedrive-thermanit-ats-4-o1-2mm-m12-ar-0-5%c3%b75co2-79-p1-25799\/","og_locale":"en_US","og_type":"article","og_title":"B\u00f6hler Welding Program PulseDrive - Thermanit ATS 4 \u00d81.2mm M12 (Ar 0.5\u00f75%CO2) - 79.P1.25799","og_description":"Lider sprzeda\u017cy, Oficjalny Dystrybutor Premium i Serwis na Polsk\u0119 Migatronic, Gys, Voestalpine Bohler Welding. Nowe i u\u017cywane Spawarki, Przecinarki Plazmowe, Kompresory. Mgr in\u017c. Jaros\u0142aw Ko\u0142aski, IWE","og_url":"https:\/\/spawlab.pl\/en\/produkt\/bohler-welding-program-pulsedrive-thermanit-ats-4-o1-2mm-m12-ar-0-5%c3%b75co2-79-p1-25799\/","og_site_name":"SpawLab - Welding equipment and plasma cutters - store and service","article_publisher":"https:\/\/www.facebook.com\/Spawlab\/","og_image":[{"width":2560,"height":2197,"url":"https:\/\/spawlab.pl\/wp-content\/uploads\/2025\/06\/Frame-1-scaled.png","type":"image\/png"}],"twitter_misc":{"Price":"1 105,40&nbsp;&#122;&#322; (898,70&nbsp;&#122;&#322; netto)","Availability":"On backorder"},"schema":{"@context":"https:\/\/schema.org","@graph":[{"@type":["WebPage","ItemPage"],"@id":"https:\/\/spawlab.pl\/en\/produkt\/bohler-welding-program-pulsedrive-thermanit-ats-4-o1-2mm-m12-ar-0-5%c3%b75co2-79-p1-25799\/","url":"https:\/\/spawlab.pl\/en\/produkt\/bohler-welding-program-pulsedrive-thermanit-ats-4-o1-2mm-m12-ar-0-5%c3%b75co2-79-p1-25799\/","name":"B\u00f6hler Welding Program PulseDrive Thermanit ATS 4 \u00d81.2mm - 79.P1.25799","isPartOf":{"@id":"https:\/\/spawlab.pl\/en\/#website"},"primaryImageOfPage":{"@id":"https:\/\/spawlab.pl\/en\/produkt\/bohler-welding-program-pulsedrive-thermanit-ats-4-o1-2mm-m12-ar-0-5%c3%b75co2-79-p1-25799\/#primaryimage"},"image":{"@id":"https:\/\/spawlab.pl\/en\/produkt\/bohler-welding-program-pulsedrive-thermanit-ats-4-o1-2mm-m12-ar-0-5%c3%b75co2-79-p1-25799\/#primaryimage"},"thumbnailUrl":"https:\/\/spawlab.pl\/wp-content\/uploads\/2025\/06\/Frame-1-scaled.png","datePublished":"2025-07-09T21:36:32+00:00","description":"B\u00f6hler Welding Program PulseDrive - Thermanit ATS 4 \u00d81.2mm M12 (79.P1.25799) - optimal pulse welding of stainless steel. Check it out at SpawLab!","breadcrumb":{"@id":"https:\/\/spawlab.pl\/en\/produkt\/bohler-welding-program-pulsedrive-thermanit-ats-4-o1-2mm-m12-ar-0-5%c3%b75co2-79-p1-25799\/#breadcrumb"},"inLanguage":"en-US","potentialAction":[{"@type":"ReadAction","target":["https:\/\/spawlab.pl\/en\/produkt\/bohler-welding-program-pulsedrive-thermanit-ats-4-o1-2mm-m12-ar-0-5%c3%b75co2-79-p1-25799\/"]}]},{"@type":"ImageObject","inLanguage":"en-US","@id":"https:\/\/spawlab.pl\/en\/produkt\/bohler-welding-program-pulsedrive-thermanit-ats-4-o1-2mm-m12-ar-0-5%c3%b75co2-79-p1-25799\/#primaryimage","url":"https:\/\/spawlab.pl\/wp-content\/uploads\/2025\/06\/Frame-1-scaled.png","contentUrl":"https:\/\/spawlab.pl\/wp-content\/uploads\/2025\/06\/Frame-1-scaled.png","width":2560,"height":2197},{"@type":"BreadcrumbList","@id":"https:\/\/spawlab.pl\/en\/produkt\/bohler-welding-program-pulsedrive-thermanit-ats-4-o1-2mm-m12-ar-0-5%c3%b75co2-79-p1-25799\/#breadcrumb","itemListElement":[{"@type":"ListItem","position":1,"name":"Strona g\u0142\u00f3wna","item":"https:\/\/spawlab.pl\/en\/"},{"@type":"ListItem","position":2,"name":"Store","item":"https:\/\/spawlab.pl\/en\/shop\/"},{"@type":"ListItem","position":3,"name":"B\u00f6hler Welding Program PulseDrive &#8211; Thermanit ATS 4 \u00d81.2mm M12 (Ar 0.5\u00f75%CO2) &#8211; 79.P1.25799"}]},{"@type":"WebSite","@id":"https:\/\/spawlab.pl\/en\/#website","url":"https:\/\/spawlab.pl\/en\/","name":"Spawlab.pl Lider - Spawarki, Przecinarki Plazmowe, Kompresory","description":"Urz\u0105dzenia spawalnicze i Przecinarki plazmowe\/ nowe i u\u017cywane \/ Profesjonalny serwis","publisher":{"@id":"https:\/\/spawlab.pl\/en\/#organization"},"alternateName":"Spawlab.pl - Dystrybutor Premium i Serwis na Polske Migatronic, Gys, Voestalpine Bohler Welding","potentialAction":[{"@type":"SearchAction","target":{"@type":"EntryPoint","urlTemplate":"https:\/\/spawlab.pl\/en\/?s={search_term_string}"},"query-input":{"@type":"PropertyValueSpecification","valueRequired":true,"valueName":"search_term_string"}}],"inLanguage":"en-US"},{"@type":["Organization","Place"],"@id":"https:\/\/spawlab.pl\/en\/#organization","name":"Spawlab.pl","url":"https:\/\/spawlab.pl\/en\/","logo":{"@id":"https:\/\/spawlab.pl\/en\/produkt\/bohler-welding-program-pulsedrive-thermanit-ats-4-o1-2mm-m12-ar-0-5%c3%b75co2-79-p1-25799\/#local-main-organization-logo"},"image":{"@id":"https:\/\/spawlab.pl\/en\/produkt\/bohler-welding-program-pulsedrive-thermanit-ats-4-o1-2mm-m12-ar-0-5%c3%b75co2-79-p1-25799\/#local-main-organization-logo"},"sameAs":["https:\/\/www.facebook.com\/Spawlab\/","https:\/\/www.linkedin.com\/company\/spawlab","https:\/\/www.instagram.com\/spawlab.pl","https:\/\/www.tiktok.com\/@spawlab"],"description":"Lider sprzeda\u017cy, Oficjalny Dystrybutor Premium i Serwis na Polsk\u0119 Migatronic, Gys, Voestalpine Bohler Welding. Nowe i u\u017cywane Spawarki, Przecinarki Plazmowe, Kompresory. Mgr in\u017c. Jaros\u0142aw Ko\u0142aski, IWE","hasMerchantReturnPolicy":{"@type":"MerchantReturnPolicy","merchantReturnLink":"https:\/\/spawlab.pl\/polityka-prywatnosci-2\/"},"telephone":[],"openingHoursSpecification":[{"@type":"OpeningHoursSpecification","dayOfWeek":["Monday","Tuesday","Wednesday","Thursday","Friday","Saturday","Sunday"],"opens":"09:00","closes":"17:00"}]},{"@type":"ImageObject","inLanguage":"en-US","@id":"https:\/\/spawlab.pl\/en\/produkt\/bohler-welding-program-pulsedrive-thermanit-ats-4-o1-2mm-m12-ar-0-5%c3%b75co2-79-p1-25799\/#local-main-organization-logo","url":"https:\/\/spawlab.pl\/wp-content\/uploads\/2022\/01\/olx.jpg","contentUrl":"https:\/\/spawlab.pl\/wp-content\/uploads\/2022\/01\/olx.jpg","width":200,"height":200,"caption":"Spawlab.pl"}]},"product_brand":"B\u00f6hler","product_price_amount":"1105.40","product_price_currency":"PLN","og_availability":"backorder","product_availability":"available for order","product_retailer_item_id":"79.P1.25799","product_condition":"new"},"_links":{"self":[{"href":"https:\/\/spawlab.pl\/en\/wp-json\/wp\/v2\/product\/42609","targetHints":{"allow":["GET"]}}],"collection":[{"href":"https:\/\/spawlab.pl\/en\/wp-json\/wp\/v2\/product"}],"about":[{"href":"https:\/\/spawlab.pl\/en\/wp-json\/wp\/v2\/types\/product"}],"wp:featuredmedia":[{"embeddable":true,"href":"https:\/\/spawlab.pl\/en\/wp-json\/wp\/v2\/media\/38560"}],"wp:attachment":[{"href":"https:\/\/spawlab.pl\/en\/wp-json\/wp\/v2\/media?parent=42609"}],"wp:term":[{"taxonomy":"product_brand","embeddable":true,"href":"https:\/\/spawlab.pl\/en\/wp-json\/wp\/v2\/product_brand?post=42609"},{"taxonomy":"product_cat","embeddable":true,"href":"https:\/\/spawlab.pl\/en\/wp-json\/wp\/v2\/product_cat?post=42609"},{"taxonomy":"product_tag","embeddable":true,"href":"https:\/\/spawlab.pl\/en\/wp-json\/wp\/v2\/product_tag?post=42609"}],"curies":[{"name":"wp","href":"https:\/\/api.w.org\/{rel}","templated":true}]}}