{"id":42653,"date":"2025-07-09T23:35:46","date_gmt":"2025-07-09T21:35:46","guid":{"rendered":"https:\/\/spawlab.pl\/produkt\/bohler-welding-crni-19-9-m12-ar-2co2-arcdrive-program-package-79-i2-00083\/"},"modified":"2025-07-09T23:35:46","modified_gmt":"2025-07-09T21:35:46","slug":"bohler-welding-crni-19-9-m12-ar-2co2-arcdrive-program-package-79-i2-00083","status":"publish","type":"product","link":"https:\/\/spawlab.pl\/en\/produkt\/bohler-welding-crni-19-9-m12-ar-2co2-arcdrive-program-package-79-i2-00083\/","title":{"rendered":"B\u00f6hler Welding CrNi 19 9 M12 (Ar 2%CO2) ArcDrive Program Package &#8211; 79.I2.00083"},"content":{"rendered":"<div class=\"custom-product-section distributor-info spawlab-info\">\n<p><strong>SpawLab &#8211; your Authorized Voestalpine B\u00f6hler Welding Partner in Poland!<\/strong><\/p>\n<p>We are <strong>an official distributor of<\/strong> Voestalpine B\u00f6hler Welding equipment and <strong>an Authorized Service Center in Poland<\/strong>. Our team has undergone <strong>rigorous technical training directly in Italy<\/strong> at the manufacturer&#8217;s centers. <\/p>\n<p>When you choose SpawLab, you are assured of original products, access to B\u00f6hler Welding solutions, professional advice and service support.<\/p>\n<\/div>\n<div class=\"custom-product-section product-intro\">\n<h2 class=\"product-section-title main-product-title\">B\u00f6hler Welding CrNi 19 9 M12 (Ar 2%CO2) ArcDrive Program Package &#8211; 79.I2.00083<\/h2>\n<div class=\"description-content product-marketing-description\">\n<p>The B\u00f6hler Welding CrNi 19 9 M12 (Ar 2%CO2) ArcDrive Welding Program Package is specialized software designed for professionals who strive for the highest quality and repeatability in welding CrNi 19 9 stainless steels. Optimized for M12 shielding gas (Ar + 2% CO2) and using ArcDrive&#8217;s advanced arc control technology, this precisely calibrated set of parameters guarantees excellent results, minimizing the need for corrections and increasing productivity. <\/p>\n<p>Dedicated to demanding industrial applications, this program package from Voestalpine B\u00f6hler Welding is the key to realizing the full potential of B\u00f6hler Welding&#8217;s advanced welding equipment, ensuring a stable process and welds with impeccable characteristics.<\/p>\n<\/div>\n<\/div>\n<h3 class=\"custom-product-heading advanced-features-heading\">Explore Advanced Welding Programs Package &#8211; CrNi 19 9 M12 (Ar 2%CO2) &#8211; ArcDrive<\/h3>\n<div class=\"custom-accordion advanced-features-accordion\">\n<details class=\"custom-accordion-item\">\n<summary class=\"custom-subtitle accordion-title\">\u2699\ufe0f Advanced ArcDrive Welding Process<\/summary>\n<div class=\"accordion-content\">\n<p><strong>ArcDrive<\/strong> technology is a fundamental improved MIG\/MAG process developed by B\u00f6hler Welding, designed to provide maximum welding arc stability and dynamics. It is characterized by <strong>a highly reactive arc<\/strong> that responds precisely to changes in welding conditions, which greatly facilitates the welder&#8217;s work, especially when welding in forced positions and with variable free wire exit lengths. <\/p>\n<p>A key benefit of ArcDrive is <strong>a significant reduction in weld spatter<\/strong>. This translates directly into time and cost savings in weld finishing, eliminating or minimizing the need for grinding. The ArcDrive process is ideally suited for welding a wide range of materials, including carbon steels, <strong>stainless steels (such as CrNi 19 9 in this package)<\/strong>, aluminum and cored wires, ensuring excellent weld face quality and appearance.  <\/p>\n<\/div>\n<\/details>\n<\/div>\n<div class=\"custom-product-section product-specs\">\n<h3 class=\"custom-product-heading specs-heading\">Technical Specifications<\/h3>\n<table class=\"specs-table\">\n<thead>\n<tr>\n<th>Parameter<\/th>\n<th>Value<\/th>\n<\/tr>\n<\/thead>\n<tbody>\n<tr>\n<td>Product type<\/td>\n<td>Welding software package (software\/calibration data)<\/td>\n<\/tr>\n<tr>\n<td>Catalog number<\/td>\n<td>79.I2.00083<\/td>\n<\/tr>\n<tr>\n<td>Material purpose<\/td>\n<td>CrNi 19 9 stainless steels (e.g. 308L equivalents)<\/td>\n<\/tr>\n<tr>\n<td>Recommended shielding gas<\/td>\n<td>M12 (Argon + 2% CO2)<\/td>\n<\/tr>\n<tr>\n<td>Key welding technology<\/td>\n<td>B\u00f6hler Welding ArcDrive (MIG\/MAG)<\/td>\n<\/tr>\n<tr>\n<td>Compatibility<\/td>\n<td>Selected B\u00f6hler Welding equipment supporting dedicated software packages and ArcDrive process (e.g., URANOS NX series, TERRA NX series with corresponding software versions).<\/td>\n<\/tr>\n<\/tbody>\n<\/table>\n<\/div>\n<div class=\"custom-product-section product-set-contents\">\n<h3 class=\"custom-product-heading set-contents-heading\">Kit Contents \/ Packaging<\/h3>\n<p>? The product (B\u00f6hler Welding CrNi 19 9 M12 (Ar 2%CO2) Welding Program Package &#8211; ArcDrive, Cat. No. 79.I2.00083) is supplied as a digital data package or software, designed to be activated on a compatible B\u00f6hler Welding machine. Installation and activation is carried out in accordance with the standards and instructions of the manufacturer Voestalpine B\u00f6hler Welding. Possible data carriers or special interfaces, if required, are usually available separately.   <\/p>\n<\/div>\n<div class=\"custom-product-section product-features\">\n<h3 class=\"custom-product-heading features-heading\">Key Features and Benefits<\/h3>\n<ul class=\"custom-product-list features-list\">\n<li>? <strong>Precision Optimization for CrNi 19 9:<\/strong> Guaranteeing perfectly matched, synergistic welding parameters for stainless steel, resulting in welds of excellent metallurgical and aesthetic quality and minimizing the risk of errors.<\/li>\n<li>? <strong>Specialization for M12 Gas (Ar 2%CO2):<\/strong> Programs tailored to one of the most popular shielding gases for stainless steels, providing optimal arc stability, weld pool control and excellent joint mechanical properties.<\/li>\n<li>\u2699\ufe0f <strong>Integration with ArcDrive Technology:<\/strong> The use of ArcDrive advanced arc control (described below) results in a significant reduction in spatter, better fusion, and easier process guidance, which reduces finishing costs.<\/li>\n<li>? <strong>Increased Repeatability and Efficiency:<\/strong> Standardized, factory-optimized programs ensure consistent, high-quality welding results every time you use them, which is critical in volume production and reduces the time needed to set parameters.<\/li>\n<\/ul>\n<\/div>\n<div class=\"custom-product-section product-application\">\n<h3 class=\"custom-product-heading application-heading\">Product Application<\/h3>\n<ul class=\"custom-product-list application-list\">\n<li>This suite of welding programs from B\u00f6hler Welding is ideal for professionals involved in:<\/li>\n<li>? Welding of structures and components made of CrNi 19 9 type stainless steels.<\/li>\n<li>? Manufacturing in the food, chemical, pharmaceutical industries, where high quality and cleanliness of welds is required.<\/li>\n<li>?\ufe0f Applications requiring impeccable aesthetics and minimal post-weld processing.<\/li>\n<li>\u2699\ufe0f Welding work with M12 shielding gas (Ar + 2% CO2) on stainless materials.<\/li>\n<li>?\ufe0f Ensuring the highest repeatability and quality in production processes involving the welding of CrNi steel.<\/li>\n<\/ul>\n<\/div>\n<div class=\"custom-product-section product-summary conclusion\">\n<h3 class=\"custom-product-heading summary-heading\">Summary: Welding Programs Package &#8211; CrNi 19 9 M12 (Ar 2%CO2) &#8211; ArcDrive &#8211; Your Investment in Quality B\u00f6hler Welding<\/h3>\n<div class=\"summary-content\">\n<p>? When you choose the B\u00f6hler Welding CrNi 19 9 M12 ArcDrive Welding Program Package, you are investing in precision and top quality &#8216;Made in Europe&#8217;. Using ArcDrive technology, this specialized parameter set is your guarantee of optimal results, reduced costs and increased productivity when welding stainless steel. To discover the full capabilities of the B\u00f6hler Welding Programs Package &#8211; CrNi 19 9 M12 (Ar 2%CO2) &#8211; ArcDrive and get the best deal, contact the experts at SpawLab &#8211; the official distributor and authorized service provider of Voestalpine B\u00f6hler Welding in Poland. Our team, trained in Italy, is at your service.   <\/p>\n<\/div>\n<\/div>\n<div class=\"custom-product-section product-codes-info\">\n<p><strong>Part number (Art. No.):<\/strong> 79.I2.00083<\/p>\n<\/div>\n","protected":false},"excerpt":{"rendered":"<p>B\u00f6hler Welding CrNi 19 9 M12 ArcDrive Program Package (79.I2.00083) &#8211; optimizing stainless steel welding. B\u00f6hler Quality Guarantee. <\/p>\n","protected":false},"featured_media":38560,"template":"","meta":{"inline_featured_image":false},"product_brand":[772],"product_cat":[11536,5686],"product_tag":[13360,11541,4432,12613,12035,3473,11547],"class_list":{"0":"post-42653","1":"product","2":"type-product","3":"status-publish","4":"has-post-thumbnail","6":"product_brand-bohler","7":"product_cat-bohler-en-2","8":"product_cat-brand-zone","9":"product_tag-79-i2-00083-en","10":"product_tag-arcdrive-en","11":"product_tag-bohler-welding-en-2","12":"product_tag-crni-19-9-en","13":"product_tag-m12-en","14":"product_tag-stainless-steel-welding","15":"product_tag-welding-software-package","17":"first","18":"onbackorder","19":"taxable","20":"shipping-taxable","21":"purchasable","22":"product-type-simple"},"yoast_head":"<!-- This site is optimized with the Yoast SEO Premium plugin v27.5 (Yoast SEO v27.6) - https:\/\/yoast.com\/product\/yoast-seo-premium-wordpress\/ -->\n<title>B\u00f6hler Welding CrNi 19 9 M12 ArcDrive Program Package 79.I2.00083<\/title>\n<meta name=\"description\" content=\"B\u00f6hler Welding CrNi 19 9 M12 ArcDrive Program Package (79.I2.00083) - optimizing stainless steel welding. B\u00f6hler Quality Guarantee. Check it out!\" \/>\n<meta name=\"robots\" content=\"index, follow, max-snippet:-1, max-image-preview:large, max-video-preview:-1\" \/>\n<link rel=\"canonical\" href=\"https:\/\/spawlab.pl\/en\/produkt\/bohler-welding-crni-19-9-m12-ar-2co2-arcdrive-program-package-79-i2-00083\/\" \/>\n<meta property=\"og:locale\" content=\"en_US\" \/>\n<meta property=\"og:type\" content=\"article\" \/>\n<meta property=\"og:title\" content=\"B\u00f6hler Welding CrNi 19 9 M12 (Ar 2%CO2) ArcDrive Program Package - 79.I2.00083\" \/>\n<meta property=\"og:description\" content=\"Lider sprzeda\u017cy, Oficjalny Dystrybutor Premium i Serwis na Polsk\u0119 Migatronic, Gys, Voestalpine Bohler Welding. Nowe i u\u017cywane Spawarki, Przecinarki Plazmowe, Kompresory. Mgr in\u017c. Jaros\u0142aw Ko\u0142aski, IWE\" \/>\n<meta property=\"og:url\" content=\"https:\/\/spawlab.pl\/en\/produkt\/bohler-welding-crni-19-9-m12-ar-2co2-arcdrive-program-package-79-i2-00083\/\" \/>\n<meta property=\"og:site_name\" content=\"SpawLab - Welding equipment and plasma cutters - store and service\" \/>\n<meta property=\"article:publisher\" content=\"https:\/\/www.facebook.com\/Spawlab\/\" \/>\n<meta property=\"og:image\" content=\"https:\/\/spawlab.pl\/wp-content\/uploads\/2025\/06\/Frame-1-scaled.png\" \/>\n\t<meta property=\"og:image:width\" content=\"2560\" \/>\n\t<meta property=\"og:image:height\" content=\"2197\" \/>\n\t<meta property=\"og:image:type\" content=\"image\/png\" \/>\n<meta name=\"twitter:label1\" content=\"Price\" \/>\n\t<meta name=\"twitter:data1\" content=\"899,13&nbsp;&#122;&#322; (731,00&nbsp;&#122;&#322; netto)\" \/>\n\t<meta name=\"twitter:label2\" content=\"Availability\" \/>\n\t<meta name=\"twitter:data2\" content=\"On backorder\" \/>\n<script type=\"application\/ld+json\" class=\"yoast-schema-graph\">{\"@context\":\"https:\\\/\\\/schema.org\",\"@graph\":[{\"@type\":[\"WebPage\",\"ItemPage\"],\"@id\":\"https:\\\/\\\/spawlab.pl\\\/en\\\/produkt\\\/bohler-welding-crni-19-9-m12-ar-2co2-arcdrive-program-package-79-i2-00083\\\/\",\"url\":\"https:\\\/\\\/spawlab.pl\\\/en\\\/produkt\\\/bohler-welding-crni-19-9-m12-ar-2co2-arcdrive-program-package-79-i2-00083\\\/\",\"name\":\"B\u00f6hler Welding CrNi 19 9 M12 ArcDrive Program Package 79.I2.00083\",\"isPartOf\":{\"@id\":\"https:\\\/\\\/spawlab.pl\\\/en\\\/#website\"},\"primaryImageOfPage\":{\"@id\":\"https:\\\/\\\/spawlab.pl\\\/en\\\/produkt\\\/bohler-welding-crni-19-9-m12-ar-2co2-arcdrive-program-package-79-i2-00083\\\/#primaryimage\"},\"image\":{\"@id\":\"https:\\\/\\\/spawlab.pl\\\/en\\\/produkt\\\/bohler-welding-crni-19-9-m12-ar-2co2-arcdrive-program-package-79-i2-00083\\\/#primaryimage\"},\"thumbnailUrl\":\"https:\\\/\\\/spawlab.pl\\\/wp-content\\\/uploads\\\/2025\\\/06\\\/Frame-1-scaled.png\",\"datePublished\":\"2025-07-09T21:35:46+00:00\",\"description\":\"B\u00f6hler Welding CrNi 19 9 M12 ArcDrive Program Package (79.I2.00083) - optimizing stainless steel welding. B\u00f6hler Quality Guarantee. Check it out!\",\"breadcrumb\":{\"@id\":\"https:\\\/\\\/spawlab.pl\\\/en\\\/produkt\\\/bohler-welding-crni-19-9-m12-ar-2co2-arcdrive-program-package-79-i2-00083\\\/#breadcrumb\"},\"inLanguage\":\"en-US\",\"potentialAction\":[{\"@type\":\"ReadAction\",\"target\":[\"https:\\\/\\\/spawlab.pl\\\/en\\\/produkt\\\/bohler-welding-crni-19-9-m12-ar-2co2-arcdrive-program-package-79-i2-00083\\\/\"]}]},{\"@type\":\"ImageObject\",\"inLanguage\":\"en-US\",\"@id\":\"https:\\\/\\\/spawlab.pl\\\/en\\\/produkt\\\/bohler-welding-crni-19-9-m12-ar-2co2-arcdrive-program-package-79-i2-00083\\\/#primaryimage\",\"url\":\"https:\\\/\\\/spawlab.pl\\\/wp-content\\\/uploads\\\/2025\\\/06\\\/Frame-1-scaled.png\",\"contentUrl\":\"https:\\\/\\\/spawlab.pl\\\/wp-content\\\/uploads\\\/2025\\\/06\\\/Frame-1-scaled.png\",\"width\":2560,\"height\":2197},{\"@type\":\"BreadcrumbList\",\"@id\":\"https:\\\/\\\/spawlab.pl\\\/en\\\/produkt\\\/bohler-welding-crni-19-9-m12-ar-2co2-arcdrive-program-package-79-i2-00083\\\/#breadcrumb\",\"itemListElement\":[{\"@type\":\"ListItem\",\"position\":1,\"name\":\"Strona g\u0142\u00f3wna\",\"item\":\"https:\\\/\\\/spawlab.pl\\\/en\\\/\"},{\"@type\":\"ListItem\",\"position\":2,\"name\":\"Store\",\"item\":\"https:\\\/\\\/spawlab.pl\\\/en\\\/shop\\\/\"},{\"@type\":\"ListItem\",\"position\":3,\"name\":\"B\u00f6hler Welding CrNi 19 9 M12 (Ar 2%CO2) ArcDrive Program Package &#8211; 79.I2.00083\"}]},{\"@type\":\"WebSite\",\"@id\":\"https:\\\/\\\/spawlab.pl\\\/en\\\/#website\",\"url\":\"https:\\\/\\\/spawlab.pl\\\/en\\\/\",\"name\":\"Spawlab.pl Lider - Spawarki, Przecinarki Plazmowe, Kompresory\",\"description\":\"Urz\u0105dzenia spawalnicze i Przecinarki plazmowe\\\/ nowe i u\u017cywane \\\/ Profesjonalny serwis\",\"publisher\":{\"@id\":\"https:\\\/\\\/spawlab.pl\\\/en\\\/#organization\"},\"alternateName\":\"Spawlab.pl - Dystrybutor Premium i Serwis na Polske Migatronic, Gys, Voestalpine Bohler Welding\",\"potentialAction\":[{\"@type\":\"SearchAction\",\"target\":{\"@type\":\"EntryPoint\",\"urlTemplate\":\"https:\\\/\\\/spawlab.pl\\\/en\\\/?s={search_term_string}\"},\"query-input\":{\"@type\":\"PropertyValueSpecification\",\"valueRequired\":true,\"valueName\":\"search_term_string\"}}],\"inLanguage\":\"en-US\"},{\"@type\":[\"Organization\",\"Place\"],\"@id\":\"https:\\\/\\\/spawlab.pl\\\/en\\\/#organization\",\"name\":\"Spawlab.pl\",\"url\":\"https:\\\/\\\/spawlab.pl\\\/en\\\/\",\"logo\":{\"@id\":\"https:\\\/\\\/spawlab.pl\\\/en\\\/produkt\\\/bohler-welding-crni-19-9-m12-ar-2co2-arcdrive-program-package-79-i2-00083\\\/#local-main-organization-logo\"},\"image\":{\"@id\":\"https:\\\/\\\/spawlab.pl\\\/en\\\/produkt\\\/bohler-welding-crni-19-9-m12-ar-2co2-arcdrive-program-package-79-i2-00083\\\/#local-main-organization-logo\"},\"sameAs\":[\"https:\\\/\\\/www.facebook.com\\\/Spawlab\\\/\",\"https:\\\/\\\/www.linkedin.com\\\/company\\\/spawlab\",\"https:\\\/\\\/www.instagram.com\\\/spawlab.pl\",\"https:\\\/\\\/www.tiktok.com\\\/@spawlab\"],\"description\":\"Lider sprzeda\u017cy, Oficjalny Dystrybutor Premium i Serwis na Polsk\u0119 Migatronic, Gys, Voestalpine Bohler Welding. Nowe i u\u017cywane Spawarki, Przecinarki Plazmowe, Kompresory. Mgr in\u017c. Jaros\u0142aw Ko\u0142aski, IWE\",\"hasMerchantReturnPolicy\":{\"@type\":\"MerchantReturnPolicy\",\"merchantReturnLink\":\"https:\\\/\\\/spawlab.pl\\\/polityka-prywatnosci-2\\\/\"},\"telephone\":[],\"openingHoursSpecification\":[{\"@type\":\"OpeningHoursSpecification\",\"dayOfWeek\":[\"Monday\",\"Tuesday\",\"Wednesday\",\"Thursday\",\"Friday\",\"Saturday\",\"Sunday\"],\"opens\":\"09:00\",\"closes\":\"17:00\"}]},{\"@type\":\"ImageObject\",\"inLanguage\":\"en-US\",\"@id\":\"https:\\\/\\\/spawlab.pl\\\/en\\\/produkt\\\/bohler-welding-crni-19-9-m12-ar-2co2-arcdrive-program-package-79-i2-00083\\\/#local-main-organization-logo\",\"url\":\"https:\\\/\\\/spawlab.pl\\\/wp-content\\\/uploads\\\/2022\\\/01\\\/olx.jpg\",\"contentUrl\":\"https:\\\/\\\/spawlab.pl\\\/wp-content\\\/uploads\\\/2022\\\/01\\\/olx.jpg\",\"width\":200,\"height\":200,\"caption\":\"Spawlab.pl\"}]}<\/script>\n<meta property=\"product:brand\" content=\"B\u00f6hler\" \/>\n<meta property=\"product:price:amount\" content=\"899.13\" \/>\n<meta property=\"product:price:currency\" content=\"PLN\" \/>\n<meta property=\"og:availability\" content=\"backorder\" \/>\n<meta property=\"product:availability\" content=\"available for order\" \/>\n<meta property=\"product:retailer_item_id\" content=\"79.I2.00083\" \/>\n<meta property=\"product:condition\" content=\"new\" \/>\n<!-- \/ Yoast SEO Premium plugin. -->","yoast_head_json":{"title":"B\u00f6hler Welding CrNi 19 9 M12 ArcDrive Program Package 79.I2.00083","description":"B\u00f6hler Welding CrNi 19 9 M12 ArcDrive Program Package (79.I2.00083) - optimizing stainless steel welding. B\u00f6hler Quality Guarantee. Check it out!","robots":{"index":"index","follow":"follow","max-snippet":"max-snippet:-1","max-image-preview":"max-image-preview:large","max-video-preview":"max-video-preview:-1"},"canonical":"https:\/\/spawlab.pl\/en\/produkt\/bohler-welding-crni-19-9-m12-ar-2co2-arcdrive-program-package-79-i2-00083\/","og_locale":"en_US","og_type":"article","og_title":"B\u00f6hler Welding CrNi 19 9 M12 (Ar 2%CO2) ArcDrive Program Package - 79.I2.00083","og_description":"Lider sprzeda\u017cy, Oficjalny Dystrybutor Premium i Serwis na Polsk\u0119 Migatronic, Gys, Voestalpine Bohler Welding. Nowe i u\u017cywane Spawarki, Przecinarki Plazmowe, Kompresory. Mgr in\u017c. Jaros\u0142aw Ko\u0142aski, IWE","og_url":"https:\/\/spawlab.pl\/en\/produkt\/bohler-welding-crni-19-9-m12-ar-2co2-arcdrive-program-package-79-i2-00083\/","og_site_name":"SpawLab - Welding equipment and plasma cutters - store and service","article_publisher":"https:\/\/www.facebook.com\/Spawlab\/","og_image":[{"width":2560,"height":2197,"url":"https:\/\/spawlab.pl\/wp-content\/uploads\/2025\/06\/Frame-1-scaled.png","type":"image\/png"}],"twitter_misc":{"Price":"899,13&nbsp;&#122;&#322; (731,00&nbsp;&#122;&#322; netto)","Availability":"On backorder"},"schema":{"@context":"https:\/\/schema.org","@graph":[{"@type":["WebPage","ItemPage"],"@id":"https:\/\/spawlab.pl\/en\/produkt\/bohler-welding-crni-19-9-m12-ar-2co2-arcdrive-program-package-79-i2-00083\/","url":"https:\/\/spawlab.pl\/en\/produkt\/bohler-welding-crni-19-9-m12-ar-2co2-arcdrive-program-package-79-i2-00083\/","name":"B\u00f6hler Welding CrNi 19 9 M12 ArcDrive Program Package 79.I2.00083","isPartOf":{"@id":"https:\/\/spawlab.pl\/en\/#website"},"primaryImageOfPage":{"@id":"https:\/\/spawlab.pl\/en\/produkt\/bohler-welding-crni-19-9-m12-ar-2co2-arcdrive-program-package-79-i2-00083\/#primaryimage"},"image":{"@id":"https:\/\/spawlab.pl\/en\/produkt\/bohler-welding-crni-19-9-m12-ar-2co2-arcdrive-program-package-79-i2-00083\/#primaryimage"},"thumbnailUrl":"https:\/\/spawlab.pl\/wp-content\/uploads\/2025\/06\/Frame-1-scaled.png","datePublished":"2025-07-09T21:35:46+00:00","description":"B\u00f6hler Welding CrNi 19 9 M12 ArcDrive Program Package (79.I2.00083) - optimizing stainless steel welding. B\u00f6hler Quality Guarantee. Check it out!","breadcrumb":{"@id":"https:\/\/spawlab.pl\/en\/produkt\/bohler-welding-crni-19-9-m12-ar-2co2-arcdrive-program-package-79-i2-00083\/#breadcrumb"},"inLanguage":"en-US","potentialAction":[{"@type":"ReadAction","target":["https:\/\/spawlab.pl\/en\/produkt\/bohler-welding-crni-19-9-m12-ar-2co2-arcdrive-program-package-79-i2-00083\/"]}]},{"@type":"ImageObject","inLanguage":"en-US","@id":"https:\/\/spawlab.pl\/en\/produkt\/bohler-welding-crni-19-9-m12-ar-2co2-arcdrive-program-package-79-i2-00083\/#primaryimage","url":"https:\/\/spawlab.pl\/wp-content\/uploads\/2025\/06\/Frame-1-scaled.png","contentUrl":"https:\/\/spawlab.pl\/wp-content\/uploads\/2025\/06\/Frame-1-scaled.png","width":2560,"height":2197},{"@type":"BreadcrumbList","@id":"https:\/\/spawlab.pl\/en\/produkt\/bohler-welding-crni-19-9-m12-ar-2co2-arcdrive-program-package-79-i2-00083\/#breadcrumb","itemListElement":[{"@type":"ListItem","position":1,"name":"Strona g\u0142\u00f3wna","item":"https:\/\/spawlab.pl\/en\/"},{"@type":"ListItem","position":2,"name":"Store","item":"https:\/\/spawlab.pl\/en\/shop\/"},{"@type":"ListItem","position":3,"name":"B\u00f6hler Welding CrNi 19 9 M12 (Ar 2%CO2) ArcDrive Program Package &#8211; 79.I2.00083"}]},{"@type":"WebSite","@id":"https:\/\/spawlab.pl\/en\/#website","url":"https:\/\/spawlab.pl\/en\/","name":"Spawlab.pl Lider - Spawarki, Przecinarki Plazmowe, Kompresory","description":"Urz\u0105dzenia spawalnicze i Przecinarki plazmowe\/ nowe i u\u017cywane \/ Profesjonalny serwis","publisher":{"@id":"https:\/\/spawlab.pl\/en\/#organization"},"alternateName":"Spawlab.pl - Dystrybutor Premium i Serwis na Polske Migatronic, Gys, Voestalpine Bohler Welding","potentialAction":[{"@type":"SearchAction","target":{"@type":"EntryPoint","urlTemplate":"https:\/\/spawlab.pl\/en\/?s={search_term_string}"},"query-input":{"@type":"PropertyValueSpecification","valueRequired":true,"valueName":"search_term_string"}}],"inLanguage":"en-US"},{"@type":["Organization","Place"],"@id":"https:\/\/spawlab.pl\/en\/#organization","name":"Spawlab.pl","url":"https:\/\/spawlab.pl\/en\/","logo":{"@id":"https:\/\/spawlab.pl\/en\/produkt\/bohler-welding-crni-19-9-m12-ar-2co2-arcdrive-program-package-79-i2-00083\/#local-main-organization-logo"},"image":{"@id":"https:\/\/spawlab.pl\/en\/produkt\/bohler-welding-crni-19-9-m12-ar-2co2-arcdrive-program-package-79-i2-00083\/#local-main-organization-logo"},"sameAs":["https:\/\/www.facebook.com\/Spawlab\/","https:\/\/www.linkedin.com\/company\/spawlab","https:\/\/www.instagram.com\/spawlab.pl","https:\/\/www.tiktok.com\/@spawlab"],"description":"Lider sprzeda\u017cy, Oficjalny Dystrybutor Premium i Serwis na Polsk\u0119 Migatronic, Gys, Voestalpine Bohler Welding. Nowe i u\u017cywane Spawarki, Przecinarki Plazmowe, Kompresory. Mgr in\u017c. Jaros\u0142aw Ko\u0142aski, IWE","hasMerchantReturnPolicy":{"@type":"MerchantReturnPolicy","merchantReturnLink":"https:\/\/spawlab.pl\/polityka-prywatnosci-2\/"},"telephone":[],"openingHoursSpecification":[{"@type":"OpeningHoursSpecification","dayOfWeek":["Monday","Tuesday","Wednesday","Thursday","Friday","Saturday","Sunday"],"opens":"09:00","closes":"17:00"}]},{"@type":"ImageObject","inLanguage":"en-US","@id":"https:\/\/spawlab.pl\/en\/produkt\/bohler-welding-crni-19-9-m12-ar-2co2-arcdrive-program-package-79-i2-00083\/#local-main-organization-logo","url":"https:\/\/spawlab.pl\/wp-content\/uploads\/2022\/01\/olx.jpg","contentUrl":"https:\/\/spawlab.pl\/wp-content\/uploads\/2022\/01\/olx.jpg","width":200,"height":200,"caption":"Spawlab.pl"}]},"product_brand":"B\u00f6hler","product_price_amount":"899.13","product_price_currency":"PLN","og_availability":"backorder","product_availability":"available for order","product_retailer_item_id":"79.I2.00083","product_condition":"new"},"_links":{"self":[{"href":"https:\/\/spawlab.pl\/en\/wp-json\/wp\/v2\/product\/42653","targetHints":{"allow":["GET"]}}],"collection":[{"href":"https:\/\/spawlab.pl\/en\/wp-json\/wp\/v2\/product"}],"about":[{"href":"https:\/\/spawlab.pl\/en\/wp-json\/wp\/v2\/types\/product"}],"wp:featuredmedia":[{"embeddable":true,"href":"https:\/\/spawlab.pl\/en\/wp-json\/wp\/v2\/media\/38560"}],"wp:attachment":[{"href":"https:\/\/spawlab.pl\/en\/wp-json\/wp\/v2\/media?parent=42653"}],"wp:term":[{"taxonomy":"product_brand","embeddable":true,"href":"https:\/\/spawlab.pl\/en\/wp-json\/wp\/v2\/product_brand?post=42653"},{"taxonomy":"product_cat","embeddable":true,"href":"https:\/\/spawlab.pl\/en\/wp-json\/wp\/v2\/product_cat?post=42653"},{"taxonomy":"product_tag","embeddable":true,"href":"https:\/\/spawlab.pl\/en\/wp-json\/wp\/v2\/product_tag?post=42653"}],"curies":[{"name":"wp","href":"https:\/\/api.w.org\/{rel}","templated":true}]}}