{"id":42705,"date":"2025-07-09T23:35:28","date_gmt":"2025-07-09T21:35:28","guid":{"rendered":"https:\/\/spawlab.pl\/produkt\/bohler-welding-program-pulsedrive-fcw-crni-19-12-3-e316l-o1-2-m21-79-p1-089\/"},"modified":"2025-07-09T23:35:28","modified_gmt":"2025-07-09T21:35:28","slug":"bohler-welding-program-pulsedrive-fcw-crni-19-12-3-e316l-o1-2-m21-79-p1-089","status":"publish","type":"product","link":"https:\/\/spawlab.pl\/en\/produkt\/bohler-welding-program-pulsedrive-fcw-crni-19-12-3-e316l-o1-2-m21-79-p1-089\/","title":{"rendered":"B\u00f6hler Welding Program PulseDrive FCW CrNi 19 12 3 (E316L) \u00d81.2 M21 &#8211; 79.P1.089"},"content":{"rendered":"<p>&#8221;<\/p>\n<div class=\"custom-product-section distributor-info spawlab-info\">\n<p><strong>SpawLab &#8211; your Authorized Voestalpine B\u00f6hler Welding Partner in Poland!<\/strong><\/p>\n<p>We are <strong>an official distributor of<\/strong> Voestalpine B\u00f6hler Welding equipment and <strong>an Authorized Service Center in Poland<\/strong>. Our team has undergone <strong>rigorous technical training directly in Italy<\/strong> at the manufacturer&#8217;s centers. <\/p>\n<p>When you choose SpawLab, you are assured of original products, access to B\u00f6hler Welding solutions, professional advice and service support.<\/p>\n<\/div>\n<div class=\"custom-product-section product-intro\">\n<h2 class=\"product-section-title main-product-title\">B\u00f6hler Welding Program PulseDrive FCW CrNi 19 12 3 (E316L) \u00d81.2 M21 &#8211; 79.P1.089<\/h2>\n<div class=\"description-content product-marketing-description\">\n<p>The precisely calibrated B\u00f6hler Welding PulseDrive Welding Program, dedicated to welding type 316L austenitic stainless steels (e.g. CrNi 19 12 3) with 1.2 mm diameter cored wire (FCW) in M21 gas shielding (Ar 15-25% CO2). This specialized synergy program has been developed to take full advantage of the potential of PulseDrive&#8217;s advanced pulse process, guaranteeing professionals repeatable, top-quality welds with minimal effort. <\/p>\n<p>The optimized program parameters significantly simplify the workflow, eliminating the need for time-consuming tests and adjustments, resulting in increased productivity and reduced costs. It is ideal for demanding industrial applications where reliability, precision and excellent mechanical properties of the welded joint matter. <\/p>\n<\/div>\n<\/div>\n<h3 class=\"custom-product-heading advanced-features-heading\">Explore the Advanced Capabilities of PulseDrive Welding Program &#8211; FCW CrNi 19 12 3 (E316L) \u00d81.2mm M21 (Ar 15\u00f725%CO2)<\/h3>\n<div class=\"custom-accordion advanced-features-accordion\">\n<details class=\"custom-accordion-item\">\n<summary class=\"custom-subtitle accordion-title\">pulsing_wave: the B\u00f6hler Welding PulseDrive Advanced Welding Process<\/summary>\n<div class=\"accordion-content\">\n<p>PulseDrive is a digitally controlled pulsed MIG\/MAG process developed by B\u00f6hler Welding, characterized by the principle of <strong>&#8220;&#8221;one pulse of current &#8211; one drop of molten metal&#8221;&#8221;<\/strong>. This precise control of material transfer into the weld pool ensures exceptional arc stability, excellent controllability and minimal spatter. The PulseDrive process is ideal for welding high-alloyed stainless steels such as 316L, where control of heat input and weld quality are critical.  <\/p>\n<p>The benefits of PulseDrive technology, optimized by this dedicated welding program, are primarily <strong>a significant reduction in spatter<\/strong>, which minimizes the need for post-treatment and reduces costs. In addition, PulseDrive allows for <strong>deeper fusion with less linear heat input<\/strong>, which reduces material distortion and preserves mechanical properties. The result is <strong>an excellent weld surface finish<\/strong> and the ability to weld efficiently in a variety of positions.  <\/p>\n<\/div>\n<\/details>\n<\/div>\n<div class=\"custom-product-section product-specs\">\n<h3 class=\"custom-product-heading specs-heading\">Technical Specifications<\/h3>\n<table class=\"specs-table\">\n<thead>\n<tr>\n<th>Parameter<\/th>\n<th>Value<\/th>\n<\/tr>\n<\/thead>\n<tbody>\n<tr>\n<td>Program name<\/td>\n<td>PulseDrive Welding Program &#8211; FCW CrNi 19 12 3 (E316L) \u00d81.2mm M21<\/td>\n<\/tr>\n<tr>\n<td>Catalog number<\/td>\n<td>79.P1.089<\/td>\n<\/tr>\n<tr>\n<td>Target welding process<\/td>\n<td>B\u00f6hler Welding PulseDrive (Pulse MIG\/MAG).<\/td>\n<\/tr>\n<tr>\n<td>Welded material<\/td>\n<td>Austenitic stainless steels of type 316L (e.g. CrNi 19 12 3)<\/td>\n<\/tr>\n<tr>\n<td>Type of welding wire<\/td>\n<td>Flux cored wire (FCW)<\/td>\n<\/tr>\n<tr>\n<td>Recommended wire diameter<\/td>\n<td>1.2 mm<\/td>\n<\/tr>\n<tr>\n<td>Shielding gas<\/td>\n<td>M21 (Mixture of Argon + 15-25% CO2)<\/td>\n<\/tr>\n<tr>\n<td>Compatibility<\/td>\n<td>Selected B\u00f6hler Welding equipment equipped with PulseDrive technology and the B\u00f6hler Arc synergy program system (e.g., URANOS NX PMC, PME, MTE, GSM series; TERRA NX PMC, PME).<\/td>\n<\/tr>\n<\/tbody>\n<\/table>\n<\/div>\n<div class=\"custom-product-section product-set-contents\">\n<h3 class=\"custom-product-heading set-contents-heading\">Kit Contents \/ Packaging<\/h3>\n<p>? The product (PulseDrive Welding Program &#8211; FCW CrNi 19 12 3 (E316L) \u00d81.2mm M21 (Ar 15\u00f725%CO2)) is supplied as a single piece (digital file or data carrier, depending on how Voestalpine B\u00f6hler Welding implements it), according to the manufacturer&#8217;s standard. The product is sold by the piece. Additional accessories, such as welding equipment or consumables, are available separately.  <\/p>\n<\/div>\n<div class=\"custom-product-section product-features\">\n<h3 class=\"custom-product-heading features-heading\">Key Features and Benefits<\/h3>\n<ul class=\"custom-product-list features-list\">\n<li>\u2728 <strong>Optimization for Stainless Steel 316L:<\/strong> The program provides perfectly matched parameters for FCW E316L \u00d81.2mm wire, resulting in welds with excellent quality, aesthetics and metallurgical properties, minimizing the risk of defects.<\/li>\n<li>? <strong>Exploiting the Full Potential of PulseDrive:<\/strong> The program precisely controls the pulsating process &#8220;&#8221;one pulse &#8211; one drop&#8221;&#8221;, guaranteeing excellent arc control, minimal spatter and reduced heat introduction.<\/li>\n<li>\u23f1\ufe0f <strong>Increased Labor Efficiency:<\/strong> Ready-made, proven settings eliminate the need for manual setup, reducing preparation time and increasing actual welding time, which directly impacts productivity.<\/li>\n<li>?\ufe0f <strong>Repeatability and Process Reliability:<\/strong> Guaranteed to produce consistent, high-quality welding results every time the program is used, crucial in batch production and critical applications.<\/li>\n<\/ul>\n<\/div>\n<div class=\"custom-product-section product-application\">\n<h3 class=\"custom-product-heading application-heading\">Product Application<\/h3>\n<ul class=\"custom-product-list application-list\">\n<li>The B\u00f6hler Welding PulseDrive welding program for FCW CrNi 19 12 3 (E316L) \u00d81.2mm M21 is ideal for professionals in the following areas:<\/li>\n<li>? Welding of structures and components made of type 316L austenitic stainless steels in the chemical and petrochemical industries.<\/li>\n<li>? Production of pressure vessels, pipelines, heat exchangers and process equipment.<\/li>\n<li>? Applications in the food, pharmaceutical and cryogenic industries that require superior weld quality and corrosion resistance.<\/li>\n<li>? Shipbuilding and offshore industry, in the construction of components exposed to aggressive marine environments.<\/li>\n<li>?\ufe0f Responsible metal structures in stainless steel, where durability and aesthetics of connections are key.<\/li>\n<li>?\ufe0f Welding with 1.2 mm diameter cored wire (FCW) in M21 gas shielding on B\u00f6hler Welding equipment with PulseDrive process.<\/li>\n<\/ul>\n<\/div>\n<div class=\"custom-product-section product-summary conclusion\">\n<h3 class=\"custom-product-heading summary-heading\">Summary: PulseDrive Welding Program &#8211; FCW CrNi 19 12 3 (E316L) \u00d81.2mm M21 (Ar 15\u00f725%CO2) &#8211; Your Investment in Quality B\u00f6hler Welding<\/h3>\n<div class=\"summary-content\">\n<p>? When you choose B\u00f6hler Welding PulseDrive welding software for 316L stainless steel, you invest in precision, repeatability and superior weld quality, maximizing the efficiency of the PulseDrive process. This specialized software is a guarantee of optimal results and time savings for any professional. To learn about the full capabilities of B\u00f6hler Welding PulseDrive Welding Program &#8211; FCW CrNi 19 12 3 (E316L) \u00d81.2mm M21 (Ar 15\u00f725%CO2) and get the best deal, contact the experts at SpawLab &#8211; the official distributor and authorized service provider of Voestalpine B\u00f6hler Welding in Poland. Our team, trained in Italy, is at your service.   <\/p>\n<\/div>\n<\/div>\n<div class=\"custom-product-section product-codes-info\">\n<p><strong>Part number (Art. No.):<\/strong> 79.P1.089<\/p>\n<\/div>\n<p>&#8220;<\/p>\n","protected":false},"excerpt":{"rendered":"<p><span data-sheets-root=\"1\">B\u00f6hler Welding Program PulseDrive FCW CrNi 19 12 3 (E316L) \u00d81.2 M21 (79.P1.089) &#8211; optimizing the welding of stainless steel. Professional solutions. <\/span><\/p>\n","protected":false},"featured_media":38560,"template":"","meta":{"inline_featured_image":false},"product_brand":[772],"product_cat":[11536,5686],"product_tag":[13404,4432,13403,11553,12305,3473,11921],"class_list":{"0":"post-42705","1":"product","2":"type-product","3":"status-publish","4":"has-post-thumbnail","6":"product_brand-bohler","7":"product_cat-bohler-en-2","8":"product_cat-brand-zone","9":"product_tag-79-p1-089-en","10":"product_tag-bohler-welding-en-2","11":"product_tag-fcw-e316l-en","12":"product_tag-m21-en","13":"product_tag-pulsedrive-en","14":"product_tag-stainless-steel-welding","15":"product_tag-welding-program","17":"first","18":"onbackorder","19":"taxable","20":"shipping-taxable","21":"purchasable","22":"product-type-simple"},"yoast_head":"<!-- This site is optimized with the Yoast SEO Premium plugin v27.0 (Yoast SEO v27.3) - https:\/\/yoast.com\/product\/yoast-seo-premium-wordpress\/ -->\n<title>B\u00f6hler Welding Program PulseDrive FCW CrNi 19 12 3 (E316L) \u00d81.2 M21 - 79.P1.089<\/title>\n<meta name=\"description\" content=\"B\u00f6hler Welding Program PulseDrive FCW CrNi 19 12 3 (E316L) \u00d81.2 M21 (79.P1.089) - optimizing the welding of stainless steel. Professional solutions. Check it out at SpawLab!\" \/>\n<meta name=\"robots\" content=\"index, follow, max-snippet:-1, max-image-preview:large, max-video-preview:-1\" \/>\n<link rel=\"canonical\" href=\"https:\/\/spawlab.pl\/en\/produkt\/bohler-welding-program-pulsedrive-fcw-crni-19-12-3-e316l-o1-2-m21-79-p1-089\/\" \/>\n<meta property=\"og:locale\" content=\"en_US\" \/>\n<meta property=\"og:type\" content=\"article\" \/>\n<meta property=\"og:title\" content=\"B\u00f6hler Welding Program PulseDrive FCW CrNi 19 12 3 (E316L) \u00d81.2 M21 - 79.P1.089\" \/>\n<meta property=\"og:description\" content=\"Lider sprzeda\u017cy, Oficjalny Dystrybutor Premium i Serwis na Polsk\u0119 Migatronic, Gys, Voestalpine Bohler Welding. Nowe i u\u017cywane Spawarki, Przecinarki Plazmowe, Kompresory. Mgr in\u017c. Jaros\u0142aw Ko\u0142aski, IWE\" \/>\n<meta property=\"og:url\" content=\"https:\/\/spawlab.pl\/en\/produkt\/bohler-welding-program-pulsedrive-fcw-crni-19-12-3-e316l-o1-2-m21-79-p1-089\/\" \/>\n<meta property=\"og:site_name\" content=\"SpawLab - Welding equipment and plasma cutters - store and service\" \/>\n<meta property=\"article:publisher\" content=\"https:\/\/www.facebook.com\/Spawlab\/\" \/>\n<meta property=\"og:image\" content=\"https:\/\/spawlab.pl\/wp-content\/uploads\/2025\/06\/Frame-1-scaled.png\" \/>\n\t<meta property=\"og:image:width\" content=\"2560\" \/>\n\t<meta property=\"og:image:height\" content=\"2197\" \/>\n\t<meta property=\"og:image:type\" content=\"image\/png\" \/>\n<meta name=\"twitter:label1\" content=\"Price\" \/>\n\t<meta name=\"twitter:data1\" content=\"856,82&nbsp;&#122;&#322; (696,60&nbsp;&#122;&#322; netto)\" \/>\n\t<meta name=\"twitter:label2\" content=\"Availability\" \/>\n\t<meta name=\"twitter:data2\" content=\"On backorder\" \/>\n<script type=\"application\/ld+json\" class=\"yoast-schema-graph\">{\"@context\":\"https:\\\/\\\/schema.org\",\"@graph\":[{\"@type\":[\"WebPage\",\"ItemPage\"],\"@id\":\"https:\\\/\\\/spawlab.pl\\\/en\\\/produkt\\\/bohler-welding-program-pulsedrive-fcw-crni-19-12-3-e316l-o1-2-m21-79-p1-089\\\/\",\"url\":\"https:\\\/\\\/spawlab.pl\\\/en\\\/produkt\\\/bohler-welding-program-pulsedrive-fcw-crni-19-12-3-e316l-o1-2-m21-79-p1-089\\\/\",\"name\":\"B\u00f6hler Welding Program PulseDrive FCW CrNi 19 12 3 (E316L) \u00d81.2 M21 - 79.P1.089\",\"isPartOf\":{\"@id\":\"https:\\\/\\\/spawlab.pl\\\/en\\\/#website\"},\"primaryImageOfPage\":{\"@id\":\"https:\\\/\\\/spawlab.pl\\\/en\\\/produkt\\\/bohler-welding-program-pulsedrive-fcw-crni-19-12-3-e316l-o1-2-m21-79-p1-089\\\/#primaryimage\"},\"image\":{\"@id\":\"https:\\\/\\\/spawlab.pl\\\/en\\\/produkt\\\/bohler-welding-program-pulsedrive-fcw-crni-19-12-3-e316l-o1-2-m21-79-p1-089\\\/#primaryimage\"},\"thumbnailUrl\":\"https:\\\/\\\/spawlab.pl\\\/wp-content\\\/uploads\\\/2025\\\/06\\\/Frame-1-scaled.png\",\"datePublished\":\"2025-07-09T21:35:28+00:00\",\"description\":\"B\u00f6hler Welding Program PulseDrive FCW CrNi 19 12 3 (E316L) \u00d81.2 M21 (79.P1.089) - optimizing the welding of stainless steel. Professional solutions. Check it out at SpawLab!\",\"breadcrumb\":{\"@id\":\"https:\\\/\\\/spawlab.pl\\\/en\\\/produkt\\\/bohler-welding-program-pulsedrive-fcw-crni-19-12-3-e316l-o1-2-m21-79-p1-089\\\/#breadcrumb\"},\"inLanguage\":\"en-US\",\"potentialAction\":[{\"@type\":\"ReadAction\",\"target\":[\"https:\\\/\\\/spawlab.pl\\\/en\\\/produkt\\\/bohler-welding-program-pulsedrive-fcw-crni-19-12-3-e316l-o1-2-m21-79-p1-089\\\/\"]}]},{\"@type\":\"ImageObject\",\"inLanguage\":\"en-US\",\"@id\":\"https:\\\/\\\/spawlab.pl\\\/en\\\/produkt\\\/bohler-welding-program-pulsedrive-fcw-crni-19-12-3-e316l-o1-2-m21-79-p1-089\\\/#primaryimage\",\"url\":\"https:\\\/\\\/spawlab.pl\\\/wp-content\\\/uploads\\\/2025\\\/06\\\/Frame-1-scaled.png\",\"contentUrl\":\"https:\\\/\\\/spawlab.pl\\\/wp-content\\\/uploads\\\/2025\\\/06\\\/Frame-1-scaled.png\",\"width\":2560,\"height\":2197},{\"@type\":\"BreadcrumbList\",\"@id\":\"https:\\\/\\\/spawlab.pl\\\/en\\\/produkt\\\/bohler-welding-program-pulsedrive-fcw-crni-19-12-3-e316l-o1-2-m21-79-p1-089\\\/#breadcrumb\",\"itemListElement\":[{\"@type\":\"ListItem\",\"position\":1,\"name\":\"Strona g\u0142\u00f3wna\",\"item\":\"https:\\\/\\\/spawlab.pl\\\/en\\\/\"},{\"@type\":\"ListItem\",\"position\":2,\"name\":\"Store\",\"item\":\"https:\\\/\\\/spawlab.pl\\\/en\\\/shop\\\/\"},{\"@type\":\"ListItem\",\"position\":3,\"name\":\"B\u00f6hler Welding Program PulseDrive FCW CrNi 19 12 3 (E316L) \u00d81.2 M21 &#8211; 79.P1.089\"}]},{\"@type\":\"WebSite\",\"@id\":\"https:\\\/\\\/spawlab.pl\\\/en\\\/#website\",\"url\":\"https:\\\/\\\/spawlab.pl\\\/en\\\/\",\"name\":\"Spawlab.pl Lider - Spawarki, Przecinarki Plazmowe, Kompresory\",\"description\":\"Urz\u0105dzenia spawalnicze i Przecinarki plazmowe\\\/ nowe i u\u017cywane \\\/ Profesjonalny serwis\",\"publisher\":{\"@id\":\"https:\\\/\\\/spawlab.pl\\\/en\\\/#organization\"},\"alternateName\":\"Spawlab.pl - Dystrybutor Premium i Serwis na Polske Migatronic, Gys, Voestalpine Bohler Welding\",\"potentialAction\":[{\"@type\":\"SearchAction\",\"target\":{\"@type\":\"EntryPoint\",\"urlTemplate\":\"https:\\\/\\\/spawlab.pl\\\/en\\\/?s={search_term_string}\"},\"query-input\":{\"@type\":\"PropertyValueSpecification\",\"valueRequired\":true,\"valueName\":\"search_term_string\"}}],\"inLanguage\":\"en-US\"},{\"@type\":[\"Organization\",\"Place\"],\"@id\":\"https:\\\/\\\/spawlab.pl\\\/en\\\/#organization\",\"name\":\"Spawlab.pl\",\"url\":\"https:\\\/\\\/spawlab.pl\\\/en\\\/\",\"logo\":{\"@id\":\"https:\\\/\\\/spawlab.pl\\\/en\\\/produkt\\\/bohler-welding-program-pulsedrive-fcw-crni-19-12-3-e316l-o1-2-m21-79-p1-089\\\/#local-main-organization-logo\"},\"image\":{\"@id\":\"https:\\\/\\\/spawlab.pl\\\/en\\\/produkt\\\/bohler-welding-program-pulsedrive-fcw-crni-19-12-3-e316l-o1-2-m21-79-p1-089\\\/#local-main-organization-logo\"},\"sameAs\":[\"https:\\\/\\\/www.facebook.com\\\/Spawlab\\\/\",\"https:\\\/\\\/www.linkedin.com\\\/company\\\/spawlab\",\"https:\\\/\\\/www.instagram.com\\\/spawlab.pl\",\"https:\\\/\\\/www.tiktok.com\\\/@spawlab\"],\"description\":\"Lider sprzeda\u017cy, Oficjalny Dystrybutor Premium i Serwis na Polsk\u0119 Migatronic, Gys, Voestalpine Bohler Welding. Nowe i u\u017cywane Spawarki, Przecinarki Plazmowe, Kompresory. Mgr in\u017c. Jaros\u0142aw Ko\u0142aski, IWE\",\"hasMerchantReturnPolicy\":{\"@type\":\"MerchantReturnPolicy\",\"merchantReturnLink\":\"https:\\\/\\\/spawlab.pl\\\/polityka-prywatnosci-2\\\/\"},\"telephone\":[],\"openingHoursSpecification\":[{\"@type\":\"OpeningHoursSpecification\",\"dayOfWeek\":[\"Monday\",\"Tuesday\",\"Wednesday\",\"Thursday\",\"Friday\",\"Saturday\",\"Sunday\"],\"opens\":\"09:00\",\"closes\":\"17:00\"}]},{\"@type\":\"ImageObject\",\"inLanguage\":\"en-US\",\"@id\":\"https:\\\/\\\/spawlab.pl\\\/en\\\/produkt\\\/bohler-welding-program-pulsedrive-fcw-crni-19-12-3-e316l-o1-2-m21-79-p1-089\\\/#local-main-organization-logo\",\"url\":\"https:\\\/\\\/spawlab.pl\\\/wp-content\\\/uploads\\\/2022\\\/01\\\/olx.jpg\",\"contentUrl\":\"https:\\\/\\\/spawlab.pl\\\/wp-content\\\/uploads\\\/2022\\\/01\\\/olx.jpg\",\"width\":200,\"height\":200,\"caption\":\"Spawlab.pl\"}]}<\/script>\n<meta property=\"product:brand\" content=\"B\u00f6hler\" \/>\n<meta property=\"product:price:amount\" content=\"856.82\" \/>\n<meta property=\"product:price:currency\" content=\"PLN\" \/>\n<meta property=\"og:availability\" content=\"backorder\" \/>\n<meta property=\"product:availability\" content=\"available for order\" \/>\n<meta property=\"product:retailer_item_id\" content=\"79.P1.089\" \/>\n<meta property=\"product:condition\" content=\"new\" \/>\n<!-- \/ Yoast SEO Premium plugin. -->","yoast_head_json":{"title":"B\u00f6hler Welding Program PulseDrive FCW CrNi 19 12 3 (E316L) \u00d81.2 M21 - 79.P1.089","description":"B\u00f6hler Welding Program PulseDrive FCW CrNi 19 12 3 (E316L) \u00d81.2 M21 (79.P1.089) - optimizing the welding of stainless steel. Professional solutions. Check it out at SpawLab!","robots":{"index":"index","follow":"follow","max-snippet":"max-snippet:-1","max-image-preview":"max-image-preview:large","max-video-preview":"max-video-preview:-1"},"canonical":"https:\/\/spawlab.pl\/en\/produkt\/bohler-welding-program-pulsedrive-fcw-crni-19-12-3-e316l-o1-2-m21-79-p1-089\/","og_locale":"en_US","og_type":"article","og_title":"B\u00f6hler Welding Program PulseDrive FCW CrNi 19 12 3 (E316L) \u00d81.2 M21 - 79.P1.089","og_description":"Lider sprzeda\u017cy, Oficjalny Dystrybutor Premium i Serwis na Polsk\u0119 Migatronic, Gys, Voestalpine Bohler Welding. Nowe i u\u017cywane Spawarki, Przecinarki Plazmowe, Kompresory. Mgr in\u017c. Jaros\u0142aw Ko\u0142aski, IWE","og_url":"https:\/\/spawlab.pl\/en\/produkt\/bohler-welding-program-pulsedrive-fcw-crni-19-12-3-e316l-o1-2-m21-79-p1-089\/","og_site_name":"SpawLab - Welding equipment and plasma cutters - store and service","article_publisher":"https:\/\/www.facebook.com\/Spawlab\/","og_image":[{"width":2560,"height":2197,"url":"https:\/\/spawlab.pl\/wp-content\/uploads\/2025\/06\/Frame-1-scaled.png","type":"image\/png"}],"twitter_misc":{"Price":"856,82&nbsp;&#122;&#322; (696,60&nbsp;&#122;&#322; netto)","Availability":"On backorder"},"schema":{"@context":"https:\/\/schema.org","@graph":[{"@type":["WebPage","ItemPage"],"@id":"https:\/\/spawlab.pl\/en\/produkt\/bohler-welding-program-pulsedrive-fcw-crni-19-12-3-e316l-o1-2-m21-79-p1-089\/","url":"https:\/\/spawlab.pl\/en\/produkt\/bohler-welding-program-pulsedrive-fcw-crni-19-12-3-e316l-o1-2-m21-79-p1-089\/","name":"B\u00f6hler Welding Program PulseDrive FCW CrNi 19 12 3 (E316L) \u00d81.2 M21 - 79.P1.089","isPartOf":{"@id":"https:\/\/spawlab.pl\/en\/#website"},"primaryImageOfPage":{"@id":"https:\/\/spawlab.pl\/en\/produkt\/bohler-welding-program-pulsedrive-fcw-crni-19-12-3-e316l-o1-2-m21-79-p1-089\/#primaryimage"},"image":{"@id":"https:\/\/spawlab.pl\/en\/produkt\/bohler-welding-program-pulsedrive-fcw-crni-19-12-3-e316l-o1-2-m21-79-p1-089\/#primaryimage"},"thumbnailUrl":"https:\/\/spawlab.pl\/wp-content\/uploads\/2025\/06\/Frame-1-scaled.png","datePublished":"2025-07-09T21:35:28+00:00","description":"B\u00f6hler Welding Program PulseDrive FCW CrNi 19 12 3 (E316L) \u00d81.2 M21 (79.P1.089) - optimizing the welding of stainless steel. Professional solutions. Check it out at SpawLab!","breadcrumb":{"@id":"https:\/\/spawlab.pl\/en\/produkt\/bohler-welding-program-pulsedrive-fcw-crni-19-12-3-e316l-o1-2-m21-79-p1-089\/#breadcrumb"},"inLanguage":"en-US","potentialAction":[{"@type":"ReadAction","target":["https:\/\/spawlab.pl\/en\/produkt\/bohler-welding-program-pulsedrive-fcw-crni-19-12-3-e316l-o1-2-m21-79-p1-089\/"]}]},{"@type":"ImageObject","inLanguage":"en-US","@id":"https:\/\/spawlab.pl\/en\/produkt\/bohler-welding-program-pulsedrive-fcw-crni-19-12-3-e316l-o1-2-m21-79-p1-089\/#primaryimage","url":"https:\/\/spawlab.pl\/wp-content\/uploads\/2025\/06\/Frame-1-scaled.png","contentUrl":"https:\/\/spawlab.pl\/wp-content\/uploads\/2025\/06\/Frame-1-scaled.png","width":2560,"height":2197},{"@type":"BreadcrumbList","@id":"https:\/\/spawlab.pl\/en\/produkt\/bohler-welding-program-pulsedrive-fcw-crni-19-12-3-e316l-o1-2-m21-79-p1-089\/#breadcrumb","itemListElement":[{"@type":"ListItem","position":1,"name":"Strona g\u0142\u00f3wna","item":"https:\/\/spawlab.pl\/en\/"},{"@type":"ListItem","position":2,"name":"Store","item":"https:\/\/spawlab.pl\/en\/shop\/"},{"@type":"ListItem","position":3,"name":"B\u00f6hler Welding Program PulseDrive FCW CrNi 19 12 3 (E316L) \u00d81.2 M21 &#8211; 79.P1.089"}]},{"@type":"WebSite","@id":"https:\/\/spawlab.pl\/en\/#website","url":"https:\/\/spawlab.pl\/en\/","name":"Spawlab.pl Lider - Spawarki, Przecinarki Plazmowe, Kompresory","description":"Urz\u0105dzenia spawalnicze i Przecinarki plazmowe\/ nowe i u\u017cywane \/ Profesjonalny serwis","publisher":{"@id":"https:\/\/spawlab.pl\/en\/#organization"},"alternateName":"Spawlab.pl - Dystrybutor Premium i Serwis na Polske Migatronic, Gys, Voestalpine Bohler Welding","potentialAction":[{"@type":"SearchAction","target":{"@type":"EntryPoint","urlTemplate":"https:\/\/spawlab.pl\/en\/?s={search_term_string}"},"query-input":{"@type":"PropertyValueSpecification","valueRequired":true,"valueName":"search_term_string"}}],"inLanguage":"en-US"},{"@type":["Organization","Place"],"@id":"https:\/\/spawlab.pl\/en\/#organization","name":"Spawlab.pl","url":"https:\/\/spawlab.pl\/en\/","logo":{"@id":"https:\/\/spawlab.pl\/en\/produkt\/bohler-welding-program-pulsedrive-fcw-crni-19-12-3-e316l-o1-2-m21-79-p1-089\/#local-main-organization-logo"},"image":{"@id":"https:\/\/spawlab.pl\/en\/produkt\/bohler-welding-program-pulsedrive-fcw-crni-19-12-3-e316l-o1-2-m21-79-p1-089\/#local-main-organization-logo"},"sameAs":["https:\/\/www.facebook.com\/Spawlab\/","https:\/\/www.linkedin.com\/company\/spawlab","https:\/\/www.instagram.com\/spawlab.pl","https:\/\/www.tiktok.com\/@spawlab"],"description":"Lider sprzeda\u017cy, Oficjalny Dystrybutor Premium i Serwis na Polsk\u0119 Migatronic, Gys, Voestalpine Bohler Welding. Nowe i u\u017cywane Spawarki, Przecinarki Plazmowe, Kompresory. Mgr in\u017c. Jaros\u0142aw Ko\u0142aski, IWE","hasMerchantReturnPolicy":{"@type":"MerchantReturnPolicy","merchantReturnLink":"https:\/\/spawlab.pl\/polityka-prywatnosci-2\/"},"telephone":[],"openingHoursSpecification":[{"@type":"OpeningHoursSpecification","dayOfWeek":["Monday","Tuesday","Wednesday","Thursday","Friday","Saturday","Sunday"],"opens":"09:00","closes":"17:00"}]},{"@type":"ImageObject","inLanguage":"en-US","@id":"https:\/\/spawlab.pl\/en\/produkt\/bohler-welding-program-pulsedrive-fcw-crni-19-12-3-e316l-o1-2-m21-79-p1-089\/#local-main-organization-logo","url":"https:\/\/spawlab.pl\/wp-content\/uploads\/2022\/01\/olx.jpg","contentUrl":"https:\/\/spawlab.pl\/wp-content\/uploads\/2022\/01\/olx.jpg","width":200,"height":200,"caption":"Spawlab.pl"}]},"product_brand":"B\u00f6hler","product_price_amount":"856.82","product_price_currency":"PLN","og_availability":"backorder","product_availability":"available for order","product_retailer_item_id":"79.P1.089","product_condition":"new"},"_links":{"self":[{"href":"https:\/\/spawlab.pl\/en\/wp-json\/wp\/v2\/product\/42705","targetHints":{"allow":["GET"]}}],"collection":[{"href":"https:\/\/spawlab.pl\/en\/wp-json\/wp\/v2\/product"}],"about":[{"href":"https:\/\/spawlab.pl\/en\/wp-json\/wp\/v2\/types\/product"}],"wp:featuredmedia":[{"embeddable":true,"href":"https:\/\/spawlab.pl\/en\/wp-json\/wp\/v2\/media\/38560"}],"wp:attachment":[{"href":"https:\/\/spawlab.pl\/en\/wp-json\/wp\/v2\/media?parent=42705"}],"wp:term":[{"taxonomy":"product_brand","embeddable":true,"href":"https:\/\/spawlab.pl\/en\/wp-json\/wp\/v2\/product_brand?post=42705"},{"taxonomy":"product_cat","embeddable":true,"href":"https:\/\/spawlab.pl\/en\/wp-json\/wp\/v2\/product_cat?post=42705"},{"taxonomy":"product_tag","embeddable":true,"href":"https:\/\/spawlab.pl\/en\/wp-json\/wp\/v2\/product_tag?post=42705"}],"curies":[{"name":"wp","href":"https:\/\/api.w.org\/{rel}","templated":true}]}}