{"id":42733,"date":"2025-07-09T23:33:23","date_gmt":"2025-07-09T21:33:23","guid":{"rendered":"https:\/\/spawlab.pl\/produkt\/bohler-welding-bracket-cable-bracket-set-2-pcs-for-gt400-gt500-71-03-094-2\/"},"modified":"2025-07-09T23:33:23","modified_gmt":"2025-07-09T21:33:23","slug":"bohler-welding-bracket-cable-bracket-set-2-pcs-for-gt400-gt500-71-03-094-2","status":"publish","type":"product","link":"https:\/\/spawlab.pl\/en\/produkt\/bohler-welding-bracket-cable-bracket-set-2-pcs-for-gt400-gt500-71-03-094-2\/","title":{"rendered":"B\u00f6hler Welding Bracket\/cable bracket set (2 pcs.) for GT400-GT500 &#8211; 71.03.094"},"content":{"rendered":"<div class=\"custom-product-section distributor-info spawlab-info\">\n<p><strong>SpawLab &#8211; your Authorized Voestalpine B\u00f6hler Welding Partner in Poland!<\/strong><\/p>\n<p>We are <strong>an official distributor of<\/strong> Voestalpine B\u00f6hler Welding equipment and <strong>an Authorized Service Center in Poland<\/strong>. Our team has undergone <strong>rigorous technical training directly in Italy<\/strong> at the manufacturer&#8217;s centers. <\/p>\n<p>When you choose SpawLab, you are assured of original products, access to B\u00f6hler Welding solutions, professional advice and service support.<\/p>\n<\/div>\n<div class=\"custom-product-section product-intro\">\n<h2 class=\"product-section-title main-product-title\">B\u00f6hler Welding Bracket\/cable bracket set (2 pcs.) for GT400-GT500 &#8211; 71.03.094<\/h2>\n<div class=\"description-content product-marketing-description\">\n<p>The original B\u00f6hler Welding TORCHE\/CABLE SUPPORT KIT (71.03.094) is an indispensable accessory for professionals using GT400 and GT500 series welding torches. Designed for maximum protection and organization, this two-piece kit significantly extends the life of welding cables and chucks, minimizing the risk of mechanical damage and abrasion. Investing in this product translates directly into increased working comfort, better organization of the welding station and reduced costs associated with premature wear and tear of equipment.  <\/p>\n<p>A product dedicated to welders who value reliability and &#8216;Made in Europe&#8217; solutions from Voestalpine B\u00f6hler Welding that guarantee a perfect fit and durability even in demanding industrial conditions.<\/p>\n<\/div>\n<\/div>\n<div class=\"custom-product-section product-specs\">\n<h3 class=\"custom-product-heading specs-heading\">Technical Specifications<\/h3>\n<table class=\"specs-table\">\n<thead>\n<tr>\n<th>Parameter<\/th>\n<th>Value<\/th>\n<\/tr>\n<\/thead>\n<tbody>\n<tr>\n<td>Catalog number<\/td>\n<td>71.03.094<\/td>\n<\/tr>\n<tr>\n<td>Product name<\/td>\n<td>TORCHE\/CABLE SUPPORT KIT (2 pieces) (GT400-GT500)<\/td>\n<\/tr>\n<tr>\n<td>Compatibility<\/td>\n<td>B\u00f6hler Welding torches GT400, GT500 series.<\/td>\n<\/tr>\n<tr>\n<td>Quantity included<\/td>\n<td>2 pieces<\/td>\n<\/tr>\n<tr>\n<td>Brand<\/td>\n<td>B\u00f6hler Welding (part of Voestalpine B\u00f6hler Welding)<\/td>\n<\/tr>\n<\/tbody>\n<\/table>\n<\/div>\n<div class=\"custom-product-section product-set-contents\">\n<h3 class=\"custom-product-heading set-contents-heading\">Kit Contents \/ Packaging<\/h3>\n<ul class=\"custom-product-list set-contents-list\">\n<li>? The B\u00f6hler Welding TORCHE\/CABLE SUPPORT KIT (GT400-GT500), part number 71.03.094, includes:<\/li>\n<li>Two (2) pieces of bracket\/cable supports.<\/li>\n<li>The product is supplied as a complete set (2 pieces) according to the manufacturer&#8217;s standard Voestalpine B\u00f6hler Welding. Additional accessories, not included in the set, are available separately. Product sold as one set containing two items.  <\/li>\n<\/ul>\n<\/div>\n<div class=\"custom-product-section product-features\">\n<h3 class=\"custom-product-heading features-heading\">Key Features and Benefits<\/h3>\n<ul class=\"custom-product-list features-list\">\n<li>\u2b50 <strong>Original B\u00f6hler Welding Accessory:<\/strong> Guaranteed to fit perfectly on the GT400\/GT500 handles for optimal support and protection.<\/li>\n<li>?\ufe0f <strong>Extended Equipment Life:<\/strong> Effectively reduces mechanical stress on cables and bracket connections, significantly reducing the risk of abrasion and damage, resulting in lower operating costs.<\/li>\n<li>? B <strong>etter Organization and Ergonomics:<\/strong> Keeps cables in the optimal position, preventing tangling and making the handle easier to maneuver for increased comfort and safety.<\/li>\n<li>?\ufe0f DURABLE DESIGN <strong>:<\/strong> Made of high-quality materials, resistant to harsh workshop conditions, guarantee long-lasting and reliable use.<\/li>\n<\/ul>\n<\/div>\n<div class=\"custom-product-section product-application\">\n<h3 class=\"custom-product-heading application-heading\">Product Application<\/h3>\n<ul class=\"custom-product-list application-list\">\n<li>The B\u00f6hler Welding TORCHE\/CABLE SUPPORT KIT is ideal for professionals in the following areas:<\/li>\n<li>? <strong>Industrial production and welding workshops:<\/strong> Ensure order and protect equipment in heavy use of MIG\/MAG fixtures.<\/li>\n<li>?\ufe0f <strong>Assembly and construction work:<\/strong> Increase mobility and reduce the risk of damage to cables in the field.<\/li>\n<li>? <strong>Repairs and maintenance:<\/strong> Making work easier and protecting expensive welding fixtures.<\/li>\n<li><strong>? Welding workstations requiring high organization:<\/strong> Optimize workspace and increase efficiency.<\/li>\n<li>\u2705 Compatible with <strong>B\u00f6hler Welding GT400 and GT500<\/strong> welding guns.<\/li>\n<\/ul>\n<\/div>\n<div class=\"custom-product-section product-summary conclusion\">\n<h3 class=\"custom-product-heading summary-heading\">Summary: TORCHE\/CABLE SUPPORT KIT (2 pieces) (GT400-GT500) &#8211; Your Investment in Quality B\u00f6hler Welding.<\/h3>\n<div class=\"summary-content\">\n<p>? The B\u00f6hler Welding TORCHE\/CABLE SUPPORT KIT (71.03.094) is a simple but highly effective investment in the longevity of your GT400\/GT500 welding fixtures and professional workstation organization. By choosing genuine Voestalpine B\u00f6hler Welding accessories, you are betting on uncompromising quality and reliability. To learn more about the full capabilities of the B\u00f6hler Welding TORCHE\/CABLE SUPPORT KIT (2 pieces) (GT400-GT500) and get the best deal, contact the experts at SpawLab &#8211; the official distributor and authorized service provider of Voestalpine B\u00f6hler Welding in Poland. Our team, trained in Italy, is at your service.   <\/p>\n<\/div>\n<\/div>\n<div class=\"custom-product-section product-codes-info\">\n<p><strong>Part number (Art. No.):<\/strong> 71.03.094<\/p>\n<\/div>\n","protected":false},"excerpt":{"rendered":"<p>B\u00f6hler Welding TORCHE\/CABLE SUPPORT KIT (2 pieces) (GT400-GT500) (71.03.094) &#8211; Optimal handle support, greater durability. Professional accessories. <\/p>\n","protected":false},"featured_media":41166,"template":"","meta":{"inline_featured_image":false},"product_brand":[772],"product_cat":[11536,5686],"product_tag":[12301,12018,12185,12186,12170,12299,12300],"class_list":{"0":"post-42733","1":"product","2":"type-product","3":"status-publish","4":"has-post-thumbnail","6":"product_brand-bohler","7":"product_cat-bohler-en-2","8":"product_cat-brand-zone","9":"product_tag-71-03-094-en","10":"product_tag-bohler-welding-accessories-en-3","11":"product_tag-gt400-en","12":"product_tag-gt500-en","13":"product_tag-organization-of-the-welding-station","14":"product_tag-welding-bracket-en","15":"product_tag-welding-cable-protection","17":"first","18":"onbackorder","19":"taxable","20":"shipping-taxable","21":"purchasable","22":"product-type-simple"},"yoast_head":"<!-- This site is optimized with the Yoast SEO Premium plugin v27.0 (Yoast SEO v27.3) - https:\/\/yoast.com\/product\/yoast-seo-premium-wordpress\/ -->\n<title>B\u00f6hler Welding Bracket\/cable bracket set (2 pcs.) for GT400-GT500 - 71.03.094<\/title>\n<meta name=\"description\" content=\"B\u00f6hler Welding TORCHE\/CABLE SUPPORT KIT (2 Pieces) (GT400-GT500) (71.03.094) - optimal handle support, greater durability. Check it out at SpawLab!\" \/>\n<meta name=\"robots\" content=\"index, follow, max-snippet:-1, max-image-preview:large, max-video-preview:-1\" \/>\n<link rel=\"canonical\" href=\"https:\/\/spawlab.pl\/en\/produkt\/bohler-welding-bracket-cable-bracket-set-2-pcs-for-gt400-gt500-71-03-094-2\/\" \/>\n<meta property=\"og:locale\" content=\"en_US\" \/>\n<meta property=\"og:type\" content=\"article\" \/>\n<meta property=\"og:title\" content=\"B\u00f6hler Welding Bracket\/cable bracket set (2 pcs.) for GT400-GT500 - 71.03.094\" \/>\n<meta property=\"og:description\" content=\"Lider sprzeda\u017cy, Oficjalny Dystrybutor Premium i Serwis na Polsk\u0119 Migatronic, Gys, Voestalpine Bohler Welding. Nowe i u\u017cywane Spawarki, Przecinarki Plazmowe, Kompresory. Mgr in\u017c. Jaros\u0142aw Ko\u0142aski, IWE\" \/>\n<meta property=\"og:url\" content=\"https:\/\/spawlab.pl\/en\/produkt\/bohler-welding-bracket-cable-bracket-set-2-pcs-for-gt400-gt500-71-03-094-2\/\" \/>\n<meta property=\"og:site_name\" content=\"SpawLab - Welding equipment and plasma cutters - store and service\" \/>\n<meta property=\"article:publisher\" content=\"https:\/\/www.facebook.com\/Spawlab\/\" \/>\n<meta property=\"og:image\" content=\"https:\/\/spawlab.pl\/wp-content\/uploads\/2025\/06\/71-03-094-1200x1200px.515Wx515H.jpg\" \/>\n\t<meta property=\"og:image:width\" content=\"515\" \/>\n\t<meta property=\"og:image:height\" content=\"515\" \/>\n\t<meta property=\"og:image:type\" content=\"image\/jpeg\" \/>\n<meta name=\"twitter:label1\" content=\"Price\" \/>\n\t<meta name=\"twitter:data1\" content=\"639,97&nbsp;&#122;&#322; (520,30&nbsp;&#122;&#322; netto)\" \/>\n\t<meta name=\"twitter:label2\" content=\"Availability\" \/>\n\t<meta name=\"twitter:data2\" content=\"On backorder\" \/>\n<script type=\"application\/ld+json\" class=\"yoast-schema-graph\">{\"@context\":\"https:\\\/\\\/schema.org\",\"@graph\":[{\"@type\":[\"WebPage\",\"ItemPage\"],\"@id\":\"https:\\\/\\\/spawlab.pl\\\/en\\\/produkt\\\/bohler-welding-bracket-cable-bracket-set-2-pcs-for-gt400-gt500-71-03-094-2\\\/\",\"url\":\"https:\\\/\\\/spawlab.pl\\\/en\\\/produkt\\\/bohler-welding-bracket-cable-bracket-set-2-pcs-for-gt400-gt500-71-03-094-2\\\/\",\"name\":\"B\u00f6hler Welding Bracket\\\/cable bracket set (2 pcs.) for GT400-GT500 - 71.03.094\",\"isPartOf\":{\"@id\":\"https:\\\/\\\/spawlab.pl\\\/en\\\/#website\"},\"primaryImageOfPage\":{\"@id\":\"https:\\\/\\\/spawlab.pl\\\/en\\\/produkt\\\/bohler-welding-bracket-cable-bracket-set-2-pcs-for-gt400-gt500-71-03-094-2\\\/#primaryimage\"},\"image\":{\"@id\":\"https:\\\/\\\/spawlab.pl\\\/en\\\/produkt\\\/bohler-welding-bracket-cable-bracket-set-2-pcs-for-gt400-gt500-71-03-094-2\\\/#primaryimage\"},\"thumbnailUrl\":\"https:\\\/\\\/spawlab.pl\\\/wp-content\\\/uploads\\\/2025\\\/06\\\/71-03-094-1200x1200px.515Wx515H.jpg\",\"datePublished\":\"2025-07-09T21:33:23+00:00\",\"description\":\"B\u00f6hler Welding TORCHE\\\/CABLE SUPPORT KIT (2 Pieces) (GT400-GT500) (71.03.094) - optimal handle support, greater durability. Check it out at SpawLab!\",\"breadcrumb\":{\"@id\":\"https:\\\/\\\/spawlab.pl\\\/en\\\/produkt\\\/bohler-welding-bracket-cable-bracket-set-2-pcs-for-gt400-gt500-71-03-094-2\\\/#breadcrumb\"},\"inLanguage\":\"en-US\",\"potentialAction\":[{\"@type\":\"ReadAction\",\"target\":[\"https:\\\/\\\/spawlab.pl\\\/en\\\/produkt\\\/bohler-welding-bracket-cable-bracket-set-2-pcs-for-gt400-gt500-71-03-094-2\\\/\"]}]},{\"@type\":\"ImageObject\",\"inLanguage\":\"en-US\",\"@id\":\"https:\\\/\\\/spawlab.pl\\\/en\\\/produkt\\\/bohler-welding-bracket-cable-bracket-set-2-pcs-for-gt400-gt500-71-03-094-2\\\/#primaryimage\",\"url\":\"https:\\\/\\\/spawlab.pl\\\/wp-content\\\/uploads\\\/2025\\\/06\\\/71-03-094-1200x1200px.515Wx515H.jpg\",\"contentUrl\":\"https:\\\/\\\/spawlab.pl\\\/wp-content\\\/uploads\\\/2025\\\/06\\\/71-03-094-1200x1200px.515Wx515H.jpg\",\"width\":515,\"height\":515},{\"@type\":\"BreadcrumbList\",\"@id\":\"https:\\\/\\\/spawlab.pl\\\/en\\\/produkt\\\/bohler-welding-bracket-cable-bracket-set-2-pcs-for-gt400-gt500-71-03-094-2\\\/#breadcrumb\",\"itemListElement\":[{\"@type\":\"ListItem\",\"position\":1,\"name\":\"Strona g\u0142\u00f3wna\",\"item\":\"https:\\\/\\\/spawlab.pl\\\/en\\\/\"},{\"@type\":\"ListItem\",\"position\":2,\"name\":\"Store\",\"item\":\"https:\\\/\\\/spawlab.pl\\\/en\\\/shop\\\/\"},{\"@type\":\"ListItem\",\"position\":3,\"name\":\"B\u00f6hler Welding Bracket\\\/cable bracket set (2 pcs.) for GT400-GT500 &#8211; 71.03.094\"}]},{\"@type\":\"WebSite\",\"@id\":\"https:\\\/\\\/spawlab.pl\\\/en\\\/#website\",\"url\":\"https:\\\/\\\/spawlab.pl\\\/en\\\/\",\"name\":\"Spawlab.pl Lider - Spawarki, Przecinarki Plazmowe, Kompresory\",\"description\":\"Urz\u0105dzenia spawalnicze i Przecinarki plazmowe\\\/ nowe i u\u017cywane \\\/ Profesjonalny serwis\",\"publisher\":{\"@id\":\"https:\\\/\\\/spawlab.pl\\\/en\\\/#organization\"},\"alternateName\":\"Spawlab.pl - Dystrybutor Premium i Serwis na Polske Migatronic, Gys, Voestalpine Bohler Welding\",\"potentialAction\":[{\"@type\":\"SearchAction\",\"target\":{\"@type\":\"EntryPoint\",\"urlTemplate\":\"https:\\\/\\\/spawlab.pl\\\/en\\\/?s={search_term_string}\"},\"query-input\":{\"@type\":\"PropertyValueSpecification\",\"valueRequired\":true,\"valueName\":\"search_term_string\"}}],\"inLanguage\":\"en-US\"},{\"@type\":[\"Organization\",\"Place\"],\"@id\":\"https:\\\/\\\/spawlab.pl\\\/en\\\/#organization\",\"name\":\"Spawlab.pl\",\"url\":\"https:\\\/\\\/spawlab.pl\\\/en\\\/\",\"logo\":{\"@id\":\"https:\\\/\\\/spawlab.pl\\\/en\\\/produkt\\\/bohler-welding-bracket-cable-bracket-set-2-pcs-for-gt400-gt500-71-03-094-2\\\/#local-main-organization-logo\"},\"image\":{\"@id\":\"https:\\\/\\\/spawlab.pl\\\/en\\\/produkt\\\/bohler-welding-bracket-cable-bracket-set-2-pcs-for-gt400-gt500-71-03-094-2\\\/#local-main-organization-logo\"},\"sameAs\":[\"https:\\\/\\\/www.facebook.com\\\/Spawlab\\\/\",\"https:\\\/\\\/www.linkedin.com\\\/company\\\/spawlab\",\"https:\\\/\\\/www.instagram.com\\\/spawlab.pl\",\"https:\\\/\\\/www.tiktok.com\\\/@spawlab\"],\"description\":\"Lider sprzeda\u017cy, Oficjalny Dystrybutor Premium i Serwis na Polsk\u0119 Migatronic, Gys, Voestalpine Bohler Welding. Nowe i u\u017cywane Spawarki, Przecinarki Plazmowe, Kompresory. Mgr in\u017c. Jaros\u0142aw Ko\u0142aski, IWE\",\"hasMerchantReturnPolicy\":{\"@type\":\"MerchantReturnPolicy\",\"merchantReturnLink\":\"https:\\\/\\\/spawlab.pl\\\/polityka-prywatnosci-2\\\/\"},\"telephone\":[],\"openingHoursSpecification\":[{\"@type\":\"OpeningHoursSpecification\",\"dayOfWeek\":[\"Monday\",\"Tuesday\",\"Wednesday\",\"Thursday\",\"Friday\",\"Saturday\",\"Sunday\"],\"opens\":\"09:00\",\"closes\":\"17:00\"}]},{\"@type\":\"ImageObject\",\"inLanguage\":\"en-US\",\"@id\":\"https:\\\/\\\/spawlab.pl\\\/en\\\/produkt\\\/bohler-welding-bracket-cable-bracket-set-2-pcs-for-gt400-gt500-71-03-094-2\\\/#local-main-organization-logo\",\"url\":\"https:\\\/\\\/spawlab.pl\\\/wp-content\\\/uploads\\\/2022\\\/01\\\/olx.jpg\",\"contentUrl\":\"https:\\\/\\\/spawlab.pl\\\/wp-content\\\/uploads\\\/2022\\\/01\\\/olx.jpg\",\"width\":200,\"height\":200,\"caption\":\"Spawlab.pl\"}]}<\/script>\n<meta property=\"product:brand\" content=\"B\u00f6hler\" \/>\n<meta property=\"product:price:amount\" content=\"639.97\" \/>\n<meta property=\"product:price:currency\" content=\"PLN\" \/>\n<meta property=\"og:availability\" content=\"backorder\" \/>\n<meta property=\"product:availability\" content=\"available for order\" \/>\n<meta property=\"product:retailer_item_id\" content=\"71.03.094\" \/>\n<meta property=\"product:condition\" content=\"new\" \/>\n<!-- \/ Yoast SEO Premium plugin. -->","yoast_head_json":{"title":"B\u00f6hler Welding Bracket\/cable bracket set (2 pcs.) for GT400-GT500 - 71.03.094","description":"B\u00f6hler Welding TORCHE\/CABLE SUPPORT KIT (2 Pieces) (GT400-GT500) (71.03.094) - optimal handle support, greater durability. Check it out at SpawLab!","robots":{"index":"index","follow":"follow","max-snippet":"max-snippet:-1","max-image-preview":"max-image-preview:large","max-video-preview":"max-video-preview:-1"},"canonical":"https:\/\/spawlab.pl\/en\/produkt\/bohler-welding-bracket-cable-bracket-set-2-pcs-for-gt400-gt500-71-03-094-2\/","og_locale":"en_US","og_type":"article","og_title":"B\u00f6hler Welding Bracket\/cable bracket set (2 pcs.) for GT400-GT500 - 71.03.094","og_description":"Lider sprzeda\u017cy, Oficjalny Dystrybutor Premium i Serwis na Polsk\u0119 Migatronic, Gys, Voestalpine Bohler Welding. Nowe i u\u017cywane Spawarki, Przecinarki Plazmowe, Kompresory. Mgr in\u017c. Jaros\u0142aw Ko\u0142aski, IWE","og_url":"https:\/\/spawlab.pl\/en\/produkt\/bohler-welding-bracket-cable-bracket-set-2-pcs-for-gt400-gt500-71-03-094-2\/","og_site_name":"SpawLab - Welding equipment and plasma cutters - store and service","article_publisher":"https:\/\/www.facebook.com\/Spawlab\/","og_image":[{"width":515,"height":515,"url":"https:\/\/spawlab.pl\/wp-content\/uploads\/2025\/06\/71-03-094-1200x1200px.515Wx515H.jpg","type":"image\/jpeg"}],"twitter_misc":{"Price":"639,97&nbsp;&#122;&#322; (520,30&nbsp;&#122;&#322; netto)","Availability":"On backorder"},"schema":{"@context":"https:\/\/schema.org","@graph":[{"@type":["WebPage","ItemPage"],"@id":"https:\/\/spawlab.pl\/en\/produkt\/bohler-welding-bracket-cable-bracket-set-2-pcs-for-gt400-gt500-71-03-094-2\/","url":"https:\/\/spawlab.pl\/en\/produkt\/bohler-welding-bracket-cable-bracket-set-2-pcs-for-gt400-gt500-71-03-094-2\/","name":"B\u00f6hler Welding Bracket\/cable bracket set (2 pcs.) for GT400-GT500 - 71.03.094","isPartOf":{"@id":"https:\/\/spawlab.pl\/en\/#website"},"primaryImageOfPage":{"@id":"https:\/\/spawlab.pl\/en\/produkt\/bohler-welding-bracket-cable-bracket-set-2-pcs-for-gt400-gt500-71-03-094-2\/#primaryimage"},"image":{"@id":"https:\/\/spawlab.pl\/en\/produkt\/bohler-welding-bracket-cable-bracket-set-2-pcs-for-gt400-gt500-71-03-094-2\/#primaryimage"},"thumbnailUrl":"https:\/\/spawlab.pl\/wp-content\/uploads\/2025\/06\/71-03-094-1200x1200px.515Wx515H.jpg","datePublished":"2025-07-09T21:33:23+00:00","description":"B\u00f6hler Welding TORCHE\/CABLE SUPPORT KIT (2 Pieces) (GT400-GT500) (71.03.094) - optimal handle support, greater durability. Check it out at SpawLab!","breadcrumb":{"@id":"https:\/\/spawlab.pl\/en\/produkt\/bohler-welding-bracket-cable-bracket-set-2-pcs-for-gt400-gt500-71-03-094-2\/#breadcrumb"},"inLanguage":"en-US","potentialAction":[{"@type":"ReadAction","target":["https:\/\/spawlab.pl\/en\/produkt\/bohler-welding-bracket-cable-bracket-set-2-pcs-for-gt400-gt500-71-03-094-2\/"]}]},{"@type":"ImageObject","inLanguage":"en-US","@id":"https:\/\/spawlab.pl\/en\/produkt\/bohler-welding-bracket-cable-bracket-set-2-pcs-for-gt400-gt500-71-03-094-2\/#primaryimage","url":"https:\/\/spawlab.pl\/wp-content\/uploads\/2025\/06\/71-03-094-1200x1200px.515Wx515H.jpg","contentUrl":"https:\/\/spawlab.pl\/wp-content\/uploads\/2025\/06\/71-03-094-1200x1200px.515Wx515H.jpg","width":515,"height":515},{"@type":"BreadcrumbList","@id":"https:\/\/spawlab.pl\/en\/produkt\/bohler-welding-bracket-cable-bracket-set-2-pcs-for-gt400-gt500-71-03-094-2\/#breadcrumb","itemListElement":[{"@type":"ListItem","position":1,"name":"Strona g\u0142\u00f3wna","item":"https:\/\/spawlab.pl\/en\/"},{"@type":"ListItem","position":2,"name":"Store","item":"https:\/\/spawlab.pl\/en\/shop\/"},{"@type":"ListItem","position":3,"name":"B\u00f6hler Welding Bracket\/cable bracket set (2 pcs.) for GT400-GT500 &#8211; 71.03.094"}]},{"@type":"WebSite","@id":"https:\/\/spawlab.pl\/en\/#website","url":"https:\/\/spawlab.pl\/en\/","name":"Spawlab.pl Lider - Spawarki, Przecinarki Plazmowe, Kompresory","description":"Urz\u0105dzenia spawalnicze i Przecinarki plazmowe\/ nowe i u\u017cywane \/ Profesjonalny serwis","publisher":{"@id":"https:\/\/spawlab.pl\/en\/#organization"},"alternateName":"Spawlab.pl - Dystrybutor Premium i Serwis na Polske Migatronic, Gys, Voestalpine Bohler Welding","potentialAction":[{"@type":"SearchAction","target":{"@type":"EntryPoint","urlTemplate":"https:\/\/spawlab.pl\/en\/?s={search_term_string}"},"query-input":{"@type":"PropertyValueSpecification","valueRequired":true,"valueName":"search_term_string"}}],"inLanguage":"en-US"},{"@type":["Organization","Place"],"@id":"https:\/\/spawlab.pl\/en\/#organization","name":"Spawlab.pl","url":"https:\/\/spawlab.pl\/en\/","logo":{"@id":"https:\/\/spawlab.pl\/en\/produkt\/bohler-welding-bracket-cable-bracket-set-2-pcs-for-gt400-gt500-71-03-094-2\/#local-main-organization-logo"},"image":{"@id":"https:\/\/spawlab.pl\/en\/produkt\/bohler-welding-bracket-cable-bracket-set-2-pcs-for-gt400-gt500-71-03-094-2\/#local-main-organization-logo"},"sameAs":["https:\/\/www.facebook.com\/Spawlab\/","https:\/\/www.linkedin.com\/company\/spawlab","https:\/\/www.instagram.com\/spawlab.pl","https:\/\/www.tiktok.com\/@spawlab"],"description":"Lider sprzeda\u017cy, Oficjalny Dystrybutor Premium i Serwis na Polsk\u0119 Migatronic, Gys, Voestalpine Bohler Welding. Nowe i u\u017cywane Spawarki, Przecinarki Plazmowe, Kompresory. Mgr in\u017c. Jaros\u0142aw Ko\u0142aski, IWE","hasMerchantReturnPolicy":{"@type":"MerchantReturnPolicy","merchantReturnLink":"https:\/\/spawlab.pl\/polityka-prywatnosci-2\/"},"telephone":[],"openingHoursSpecification":[{"@type":"OpeningHoursSpecification","dayOfWeek":["Monday","Tuesday","Wednesday","Thursday","Friday","Saturday","Sunday"],"opens":"09:00","closes":"17:00"}]},{"@type":"ImageObject","inLanguage":"en-US","@id":"https:\/\/spawlab.pl\/en\/produkt\/bohler-welding-bracket-cable-bracket-set-2-pcs-for-gt400-gt500-71-03-094-2\/#local-main-organization-logo","url":"https:\/\/spawlab.pl\/wp-content\/uploads\/2022\/01\/olx.jpg","contentUrl":"https:\/\/spawlab.pl\/wp-content\/uploads\/2022\/01\/olx.jpg","width":200,"height":200,"caption":"Spawlab.pl"}]},"product_brand":"B\u00f6hler","product_price_amount":"639.97","product_price_currency":"PLN","og_availability":"backorder","product_availability":"available for order","product_retailer_item_id":"71.03.094","product_condition":"new"},"_links":{"self":[{"href":"https:\/\/spawlab.pl\/en\/wp-json\/wp\/v2\/product\/42733","targetHints":{"allow":["GET"]}}],"collection":[{"href":"https:\/\/spawlab.pl\/en\/wp-json\/wp\/v2\/product"}],"about":[{"href":"https:\/\/spawlab.pl\/en\/wp-json\/wp\/v2\/types\/product"}],"wp:featuredmedia":[{"embeddable":true,"href":"https:\/\/spawlab.pl\/en\/wp-json\/wp\/v2\/media\/41166"}],"wp:attachment":[{"href":"https:\/\/spawlab.pl\/en\/wp-json\/wp\/v2\/media?parent=42733"}],"wp:term":[{"taxonomy":"product_brand","embeddable":true,"href":"https:\/\/spawlab.pl\/en\/wp-json\/wp\/v2\/product_brand?post=42733"},{"taxonomy":"product_cat","embeddable":true,"href":"https:\/\/spawlab.pl\/en\/wp-json\/wp\/v2\/product_cat?post=42733"},{"taxonomy":"product_tag","embeddable":true,"href":"https:\/\/spawlab.pl\/en\/wp-json\/wp\/v2\/product_tag?post=42733"}],"curies":[{"name":"wp","href":"https:\/\/api.w.org\/{rel}","templated":true}]}}