{"id":43074,"date":"2025-07-09T23:39:03","date_gmt":"2025-07-09T21:39:03","guid":{"rendered":"https:\/\/spawlab.pl\/produkt\/bohler-welding-rapideep-bohler-q-g3-m21-program-package-79-i2-00218\/"},"modified":"2025-07-09T23:39:03","modified_gmt":"2025-07-09T21:39:03","slug":"bohler-welding-rapideep-bohler-q-g3-m21-program-package-79-i2-00218","status":"publish","type":"product","link":"https:\/\/spawlab.pl\/en\/produkt\/bohler-welding-rapideep-bohler-q-g3-m21-program-package-79-i2-00218\/","title":{"rendered":"B\u00f6hler Welding RapiDeep BOHLER Q G3 M21 Program Package &#8211; 79.I2.00218"},"content":{"rendered":"<div class=\"custom-product-section distributor-info spawlab-info\">\n<p><strong>SpawLab &#8211; your Authorized Voestalpine B\u00f6hler Welding Partner in Poland!<\/strong><\/p>\n<p>We are <strong>an official distributor of<\/strong> Voestalpine B\u00f6hler Welding equipment and <strong>an Authorized Service Center in Poland<\/strong>. Our team has undergone <strong>rigorous technical training directly in Italy<\/strong> at the manufacturer&#8217;s centers. <\/p>\n<p>When you choose SpawLab, you are assured of original products, access to B\u00f6hler Welding solutions, professional advice and service support.<\/p>\n<\/div>\n<div class=\"custom-product-section product-intro\">\n<h2 class=\"product-section-title main-product-title\">B\u00f6hler Welding RapiDeep BOHLER Q G3 M21 Program Package &#8211; 79.I2.00218<\/h2>\n<div class=\"description-content product-marketing-description\">\n<p>Unlock the full potential of RapiDeep&#8217;s advanced welding process on your B\u00f6hler Welding machine with the specialized BOHLER Q G3 M21 (Ar 15-25%CO2) Welding Program Package. This precisely calibrated set of synergistic programs is designed to maximize the productivity, speed and quality of MIG\/MAG welding with BOHLER Q G3 gas shielded M21 (a mixture of Argon with 15-25% CO2) wire. <\/p>\n<p>Dedicated to professionals striving for excellent, deep-penetrating welds while reducing working time, this program package is the key to optimizing your welding processes. Take advantage of B\u00f6hler Welding&#8217;s innovation and reach new levels of precision and efficiency. <\/p>\n<\/div>\n<\/div>\n<h3 class=\"custom-product-heading advanced-features-heading\">Explore Advanced Capabilities _x000D_Welding Programs Package &#8211; BOHLER Q G3 M21 (Ar 15\u00f725%CO2) &#8211; RapiDeep_x000D_.<\/h3>\n<div class=\"custom-accordion advanced-features-accordion\">\n<details class=\"custom-accordion-item\">\n<summary class=\"custom-subtitle accordion-title\">\u2699\ufe0f Innovative Welding Process RapiDeep<\/summary>\n<div class=\"accordion-content\">\n<p><strong>RapiDeep<\/strong> is B\u00f6hler Welding&#8217;s patented advanced MIG\/MAG welding process, designed to maximize productivity and quality. It features <strong>an extremely concentrated and stable welding arc<\/strong> that provides <strong>significantly deeper material penetration<\/strong> compared to standard MIG\/MAG methods. A key advantage of RapiDeep is its ability to <strong>increase welding speeds by up to 50%<\/strong>, which directly translates into faster turnaround times and lower production costs.  <\/p>\n<p>In addition, the RapiDeep process minimizes the amount of heat input into the welded part (low H.I. &#8211; Heat Input). This results in <strong>reduced deformation of the material<\/strong> and preservation of its original mechanical properties in the heat affected zone. Less heat input also means <strong>reduced welding spatter<\/strong>, reducing the need for time-consuming post-processing. The BOHLER Q G3 M21 &#8211; RapiDeep program package precisely calibrates this process for optimal results with dedicated wire and gas.   <\/p>\n<\/div>\n<\/details>\n<\/div>\n<div class=\"custom-product-section product-specs\">\n<h3 class=\"custom-product-heading specs-heading\">Technical Specifications<\/h3>\n<table class=\"specs-table\">\n<thead>\n<tr>\n<th>Parameter<\/th>\n<th>Value<\/th>\n<\/tr>\n<\/thead>\n<tbody>\n<tr>\n<td>Product name<\/td>\n<td>Welding Program Package &#8211; BOHLER Q G3 M21 (Ar 15\u00f725%CO2) &#8211; RapiDeep<\/td>\n<\/tr>\n<tr>\n<td>Part number (Art. No.)<\/td>\n<td>79.I2.00218<\/td>\n<\/tr>\n<tr>\n<td>Manufacturer<\/td>\n<td>Voestalpine B\u00f6hler Welding<\/td>\n<\/tr>\n<tr>\n<td>Brand<\/td>\n<td>B\u00f6hler Welding<\/td>\n<\/tr>\n<tr>\n<td>Product type<\/td>\n<td>Software \/ Synergy program package<\/td>\n<\/tr>\n<tr>\n<td>Target welding process<\/td>\n<td>MIG\/MAG with RapiDeep technology<\/td>\n<\/tr>\n<tr>\n<td>Compatible welding wire<\/td>\n<td>BOHLER Q G3<\/td>\n<\/tr>\n<tr>\n<td>Compatible shielding gas<\/td>\n<td>M21 (Argon 15-25% CO2)<\/td>\n<\/tr>\n<tr>\n<td>Purpose<\/td>\n<td>Optimization of welding parameters for B\u00f6hler Welding equipment equipped with the RapiDeep process (e.g. selected models of the TERRA NX SteelDrive series, URANOS NX PMC, MTE, GSM).<\/td>\n<\/tr>\n<\/tbody>\n<\/table>\n<\/div>\n<div class=\"custom-product-section product-set-contents\">\n<h3 class=\"custom-product-heading set-contents-heading\">Kit Contents \/ Packaging<\/h3>\n<p>The product (Welding Program Package &#8211; BOHLER Q G3 M21 (Ar 15\u00f725%CO2) &#8211; RapiDeep) is delivered as a single piece, according to the manufacturer&#8217;s standard Voestalpine B\u00f6hler Welding. The program package is supplied in a form that allows its implementation in compatible B\u00f6hler Welding equipment. Additional accessories are usually available separately.  <\/p>\n<\/div>\n<div class=\"custom-product-section product-features\">\n<h3 class=\"custom-product-heading features-heading\">Key Features and Benefits<\/h3>\n<ul class=\"custom-product-list features-list\">\n<li><strong>? RapiDeep Process Optimization:<\/strong> finely tuned synergy programs for BOHLER Q G3 wire and M21 gas, ensuring that the potential of RapiDeep technology is maximized, resulting in deeper fusion and higher welding speeds by up to 50%.<\/li>\n<li>? <strong>Perfect Synergy:<\/strong> Ensures that the welding parameters (voltage, wire feed speed, arc dynamics) are perfectly matched to the specific material and gas, eliminating the need for time-consuming testing and guaranteeing reproducible, superior weld quality.<\/li>\n<li>\u23f1\ufe0f <strong>Increased Productivity:<\/strong> With optimized settings and process characteristics, RapiDeep significantly reduces welding cycle time, reduces spatter and minimizes post-weld machining, directly impacting profitability.<\/li>\n<li>?\ufe0f <strong>Highest Quality Welds:<\/strong> Enables welds with excellent profile, deep penetration and minimal heat input (HAZ), which is key to maintaining the mechanical properties of welded structures, especially when welding carbon steels.<\/li>\n<\/ul>\n<\/div>\n<div class=\"custom-product-section product-application\">\n<h3 class=\"custom-product-heading application-heading\">Product Application<\/h3>\n<ul class=\"custom-product-list application-list\">\n<li>This specialized RapiDeep program package is ideal for professionals in sectors that require the highest quality and productivity in MIG\/MAG welding of carbon steels using BOHLER Q G3 wire and M21 gas:<\/li>\n<li>? Production of steel structures and heavy machinery<\/li>\n<li>? Automotive and railroad industry<\/li>\n<li>?\ufe0f High-volume production and repair workshops<\/li>\n<li>?\ufe0f Industrial and infrastructure construction<\/li>\n<li>\uc870\uc120\uc18c (Shipyards).<\/li>\n<li>? Welding of parts requiring deep penetration and high speed<\/li>\n<li>\u2699\ufe0f Applications where minimal heat input and strain reduction are key<\/li>\n<\/ul>\n<\/div>\n<div class=\"custom-product-section product-summary conclusion\">\n<h3 class=\"custom-product-heading summary-heading\">Summary: _x000D_Welding Programs Package &#8211; BOHLER Q G3 M21 (Ar 15\u00f725%CO2) &#8211; RapiDeep_x000D_ &#8211; Your Investment in Quality B\u00f6hler Welding.<\/h3>\n<div class=\"summary-content\">\n<p>? Take full advantage of RapiDeep technology with the dedicated B\u00f6hler Welding BOHLER Q G3 M21 Welding Program Package. Achieve unparalleled penetration depth, weld speed and excellent weld quality while optimizing cost and labor time. This is the professional &#8216;Made in Europe&#8217; solution for the most demanding welding applications.  <\/p>\n<p>To discover the full capabilities of B\u00f6hler Welding&#8217;s BOHLER Q G3 M21 (Ar 15\u00f725%CO2) Welding Program Package &#8211; RapiDeep and get the best deal, contact the experts at SpawLab &#8211; the official distributor and authorized service provider of Voestalpine B\u00f6hler Welding in Poland. Our team, trained in Italy, is at your service. <\/p>\n<\/div>\n<\/div>\n<div class=\"custom-product-section product-codes-info\">\n<p><strong>Part number (Art. No.):<\/strong> 79.I2.00218<\/p>\n<\/div>\n","protected":false},"excerpt":{"rendered":"<p>B\u00f6hler Welding RapiDeep BOHLER Q G3 M21 Program Package (79.I2.00218) &#8211; deeper penetration, faster welding. Professional solutions. <\/p>\n","protected":false},"featured_media":38560,"template":"","meta":{"inline_featured_image":false},"product_brand":[772],"product_cat":[11536,5686],"product_tag":[13361,4432,12106,13413,8746,11542,11547],"class_list":{"0":"post-43074","1":"product","2":"type-product","3":"status-publish","4":"has-post-thumbnail","6":"product_brand-bohler","7":"product_cat-bohler-en-2","8":"product_cat-brand-zone","9":"product_tag-bohler-q-g3-en","10":"product_tag-bohler-welding-en-2","11":"product_tag-m21-gas","12":"product_tag-mig-mag-steel-welding","13":"product_tag-rapideep-en","14":"product_tag-welding-software","15":"product_tag-welding-software-package","17":"first","18":"onbackorder","19":"taxable","20":"shipping-taxable","21":"purchasable","22":"product-type-simple"},"yoast_head":"<!-- This site is optimized with the Yoast SEO Premium plugin v27.5 (Yoast SEO v27.6) - https:\/\/yoast.com\/product\/yoast-seo-premium-wordpress\/ -->\n<title>B\u00f6hler Welding RapiDeep Program Package 79.I2.00218<\/title>\n<meta name=\"description\" content=\"B\u00f6hler Welding RapiDeep BOHLER Q G3 M21 Program Package (79.I2.00218) - deeper penetration, faster welding. Professional solutions. Check it out at SpawLab!\" \/>\n<meta name=\"robots\" content=\"index, follow, max-snippet:-1, max-image-preview:large, max-video-preview:-1\" \/>\n<link rel=\"canonical\" href=\"https:\/\/spawlab.pl\/en\/produkt\/bohler-welding-rapideep-bohler-q-g3-m21-program-package-79-i2-00218\/\" \/>\n<meta property=\"og:locale\" content=\"en_US\" \/>\n<meta property=\"og:type\" content=\"article\" \/>\n<meta property=\"og:title\" content=\"B\u00f6hler Welding RapiDeep BOHLER Q G3 M21 Program Package - 79.I2.00218\" \/>\n<meta property=\"og:description\" content=\"Lider sprzeda\u017cy, Oficjalny Dystrybutor Premium i Serwis na Polsk\u0119 Migatronic, Gys, Voestalpine Bohler Welding. Nowe i u\u017cywane Spawarki, Przecinarki Plazmowe, Kompresory. Mgr in\u017c. Jaros\u0142aw Ko\u0142aski, IWE\" \/>\n<meta property=\"og:url\" content=\"https:\/\/spawlab.pl\/en\/produkt\/bohler-welding-rapideep-bohler-q-g3-m21-program-package-79-i2-00218\/\" \/>\n<meta property=\"og:site_name\" content=\"SpawLab - Welding equipment and plasma cutters - store and service\" \/>\n<meta property=\"article:publisher\" content=\"https:\/\/www.facebook.com\/Spawlab\/\" \/>\n<meta property=\"og:image\" content=\"https:\/\/spawlab.pl\/wp-content\/uploads\/2025\/06\/Frame-1-scaled.png\" \/>\n\t<meta property=\"og:image:width\" content=\"2560\" \/>\n\t<meta property=\"og:image:height\" content=\"2197\" \/>\n\t<meta property=\"og:image:type\" content=\"image\/png\" \/>\n<meta name=\"twitter:label1\" content=\"Price\" \/>\n\t<meta name=\"twitter:data1\" content=\"1 311,67&nbsp;&#122;&#322; (1 066,40&nbsp;&#122;&#322; netto)\" \/>\n\t<meta name=\"twitter:label2\" content=\"Availability\" \/>\n\t<meta name=\"twitter:data2\" content=\"On backorder\" \/>\n<script type=\"application\/ld+json\" class=\"yoast-schema-graph\">{\"@context\":\"https:\\\/\\\/schema.org\",\"@graph\":[{\"@type\":[\"WebPage\",\"ItemPage\"],\"@id\":\"https:\\\/\\\/spawlab.pl\\\/en\\\/produkt\\\/bohler-welding-rapideep-bohler-q-g3-m21-program-package-79-i2-00218\\\/\",\"url\":\"https:\\\/\\\/spawlab.pl\\\/en\\\/produkt\\\/bohler-welding-rapideep-bohler-q-g3-m21-program-package-79-i2-00218\\\/\",\"name\":\"B\u00f6hler Welding RapiDeep Program Package 79.I2.00218\",\"isPartOf\":{\"@id\":\"https:\\\/\\\/spawlab.pl\\\/en\\\/#website\"},\"primaryImageOfPage\":{\"@id\":\"https:\\\/\\\/spawlab.pl\\\/en\\\/produkt\\\/bohler-welding-rapideep-bohler-q-g3-m21-program-package-79-i2-00218\\\/#primaryimage\"},\"image\":{\"@id\":\"https:\\\/\\\/spawlab.pl\\\/en\\\/produkt\\\/bohler-welding-rapideep-bohler-q-g3-m21-program-package-79-i2-00218\\\/#primaryimage\"},\"thumbnailUrl\":\"https:\\\/\\\/spawlab.pl\\\/wp-content\\\/uploads\\\/2025\\\/06\\\/Frame-1-scaled.png\",\"datePublished\":\"2025-07-09T21:39:03+00:00\",\"description\":\"B\u00f6hler Welding RapiDeep BOHLER Q G3 M21 Program Package (79.I2.00218) - deeper penetration, faster welding. Professional solutions. Check it out at SpawLab!\",\"breadcrumb\":{\"@id\":\"https:\\\/\\\/spawlab.pl\\\/en\\\/produkt\\\/bohler-welding-rapideep-bohler-q-g3-m21-program-package-79-i2-00218\\\/#breadcrumb\"},\"inLanguage\":\"en-US\",\"potentialAction\":[{\"@type\":\"ReadAction\",\"target\":[\"https:\\\/\\\/spawlab.pl\\\/en\\\/produkt\\\/bohler-welding-rapideep-bohler-q-g3-m21-program-package-79-i2-00218\\\/\"]}]},{\"@type\":\"ImageObject\",\"inLanguage\":\"en-US\",\"@id\":\"https:\\\/\\\/spawlab.pl\\\/en\\\/produkt\\\/bohler-welding-rapideep-bohler-q-g3-m21-program-package-79-i2-00218\\\/#primaryimage\",\"url\":\"https:\\\/\\\/spawlab.pl\\\/wp-content\\\/uploads\\\/2025\\\/06\\\/Frame-1-scaled.png\",\"contentUrl\":\"https:\\\/\\\/spawlab.pl\\\/wp-content\\\/uploads\\\/2025\\\/06\\\/Frame-1-scaled.png\",\"width\":2560,\"height\":2197},{\"@type\":\"BreadcrumbList\",\"@id\":\"https:\\\/\\\/spawlab.pl\\\/en\\\/produkt\\\/bohler-welding-rapideep-bohler-q-g3-m21-program-package-79-i2-00218\\\/#breadcrumb\",\"itemListElement\":[{\"@type\":\"ListItem\",\"position\":1,\"name\":\"Strona g\u0142\u00f3wna\",\"item\":\"https:\\\/\\\/spawlab.pl\\\/en\\\/\"},{\"@type\":\"ListItem\",\"position\":2,\"name\":\"Store\",\"item\":\"https:\\\/\\\/spawlab.pl\\\/en\\\/shop\\\/\"},{\"@type\":\"ListItem\",\"position\":3,\"name\":\"B\u00f6hler Welding RapiDeep BOHLER Q G3 M21 Program Package &#8211; 79.I2.00218\"}]},{\"@type\":\"WebSite\",\"@id\":\"https:\\\/\\\/spawlab.pl\\\/en\\\/#website\",\"url\":\"https:\\\/\\\/spawlab.pl\\\/en\\\/\",\"name\":\"Spawlab.pl Lider - Spawarki, Przecinarki Plazmowe, Kompresory\",\"description\":\"Urz\u0105dzenia spawalnicze i Przecinarki plazmowe\\\/ nowe i u\u017cywane \\\/ Profesjonalny serwis\",\"publisher\":{\"@id\":\"https:\\\/\\\/spawlab.pl\\\/en\\\/#organization\"},\"alternateName\":\"Spawlab.pl - Dystrybutor Premium i Serwis na Polske Migatronic, Gys, Voestalpine Bohler Welding\",\"potentialAction\":[{\"@type\":\"SearchAction\",\"target\":{\"@type\":\"EntryPoint\",\"urlTemplate\":\"https:\\\/\\\/spawlab.pl\\\/en\\\/?s={search_term_string}\"},\"query-input\":{\"@type\":\"PropertyValueSpecification\",\"valueRequired\":true,\"valueName\":\"search_term_string\"}}],\"inLanguage\":\"en-US\"},{\"@type\":[\"Organization\",\"Place\"],\"@id\":\"https:\\\/\\\/spawlab.pl\\\/en\\\/#organization\",\"name\":\"Spawlab.pl\",\"url\":\"https:\\\/\\\/spawlab.pl\\\/en\\\/\",\"logo\":{\"@id\":\"https:\\\/\\\/spawlab.pl\\\/en\\\/produkt\\\/bohler-welding-rapideep-bohler-q-g3-m21-program-package-79-i2-00218\\\/#local-main-organization-logo\"},\"image\":{\"@id\":\"https:\\\/\\\/spawlab.pl\\\/en\\\/produkt\\\/bohler-welding-rapideep-bohler-q-g3-m21-program-package-79-i2-00218\\\/#local-main-organization-logo\"},\"sameAs\":[\"https:\\\/\\\/www.facebook.com\\\/Spawlab\\\/\",\"https:\\\/\\\/www.linkedin.com\\\/company\\\/spawlab\",\"https:\\\/\\\/www.instagram.com\\\/spawlab.pl\",\"https:\\\/\\\/www.tiktok.com\\\/@spawlab\"],\"description\":\"Lider sprzeda\u017cy, Oficjalny Dystrybutor Premium i Serwis na Polsk\u0119 Migatronic, Gys, Voestalpine Bohler Welding. Nowe i u\u017cywane Spawarki, Przecinarki Plazmowe, Kompresory. Mgr in\u017c. Jaros\u0142aw Ko\u0142aski, IWE\",\"hasMerchantReturnPolicy\":{\"@type\":\"MerchantReturnPolicy\",\"merchantReturnLink\":\"https:\\\/\\\/spawlab.pl\\\/polityka-prywatnosci-2\\\/\"},\"telephone\":[],\"openingHoursSpecification\":[{\"@type\":\"OpeningHoursSpecification\",\"dayOfWeek\":[\"Monday\",\"Tuesday\",\"Wednesday\",\"Thursday\",\"Friday\",\"Saturday\",\"Sunday\"],\"opens\":\"09:00\",\"closes\":\"17:00\"}]},{\"@type\":\"ImageObject\",\"inLanguage\":\"en-US\",\"@id\":\"https:\\\/\\\/spawlab.pl\\\/en\\\/produkt\\\/bohler-welding-rapideep-bohler-q-g3-m21-program-package-79-i2-00218\\\/#local-main-organization-logo\",\"url\":\"https:\\\/\\\/spawlab.pl\\\/wp-content\\\/uploads\\\/2022\\\/01\\\/olx.jpg\",\"contentUrl\":\"https:\\\/\\\/spawlab.pl\\\/wp-content\\\/uploads\\\/2022\\\/01\\\/olx.jpg\",\"width\":200,\"height\":200,\"caption\":\"Spawlab.pl\"}]}<\/script>\n<meta property=\"product:brand\" content=\"B\u00f6hler\" \/>\n<meta property=\"product:price:amount\" content=\"1311.67\" \/>\n<meta property=\"product:price:currency\" content=\"PLN\" \/>\n<meta property=\"og:availability\" content=\"backorder\" \/>\n<meta property=\"product:availability\" content=\"available for order\" \/>\n<meta property=\"product:retailer_item_id\" content=\"79.I2.00218\" \/>\n<meta property=\"product:condition\" content=\"new\" \/>\n<!-- \/ Yoast SEO Premium plugin. -->","yoast_head_json":{"title":"B\u00f6hler Welding RapiDeep Program Package 79.I2.00218","description":"B\u00f6hler Welding RapiDeep BOHLER Q G3 M21 Program Package (79.I2.00218) - deeper penetration, faster welding. Professional solutions. Check it out at SpawLab!","robots":{"index":"index","follow":"follow","max-snippet":"max-snippet:-1","max-image-preview":"max-image-preview:large","max-video-preview":"max-video-preview:-1"},"canonical":"https:\/\/spawlab.pl\/en\/produkt\/bohler-welding-rapideep-bohler-q-g3-m21-program-package-79-i2-00218\/","og_locale":"en_US","og_type":"article","og_title":"B\u00f6hler Welding RapiDeep BOHLER Q G3 M21 Program Package - 79.I2.00218","og_description":"Lider sprzeda\u017cy, Oficjalny Dystrybutor Premium i Serwis na Polsk\u0119 Migatronic, Gys, Voestalpine Bohler Welding. Nowe i u\u017cywane Spawarki, Przecinarki Plazmowe, Kompresory. Mgr in\u017c. Jaros\u0142aw Ko\u0142aski, IWE","og_url":"https:\/\/spawlab.pl\/en\/produkt\/bohler-welding-rapideep-bohler-q-g3-m21-program-package-79-i2-00218\/","og_site_name":"SpawLab - Welding equipment and plasma cutters - store and service","article_publisher":"https:\/\/www.facebook.com\/Spawlab\/","og_image":[{"width":2560,"height":2197,"url":"https:\/\/spawlab.pl\/wp-content\/uploads\/2025\/06\/Frame-1-scaled.png","type":"image\/png"}],"twitter_misc":{"Price":"1 311,67&nbsp;&#122;&#322; (1 066,40&nbsp;&#122;&#322; netto)","Availability":"On backorder"},"schema":{"@context":"https:\/\/schema.org","@graph":[{"@type":["WebPage","ItemPage"],"@id":"https:\/\/spawlab.pl\/en\/produkt\/bohler-welding-rapideep-bohler-q-g3-m21-program-package-79-i2-00218\/","url":"https:\/\/spawlab.pl\/en\/produkt\/bohler-welding-rapideep-bohler-q-g3-m21-program-package-79-i2-00218\/","name":"B\u00f6hler Welding RapiDeep Program Package 79.I2.00218","isPartOf":{"@id":"https:\/\/spawlab.pl\/en\/#website"},"primaryImageOfPage":{"@id":"https:\/\/spawlab.pl\/en\/produkt\/bohler-welding-rapideep-bohler-q-g3-m21-program-package-79-i2-00218\/#primaryimage"},"image":{"@id":"https:\/\/spawlab.pl\/en\/produkt\/bohler-welding-rapideep-bohler-q-g3-m21-program-package-79-i2-00218\/#primaryimage"},"thumbnailUrl":"https:\/\/spawlab.pl\/wp-content\/uploads\/2025\/06\/Frame-1-scaled.png","datePublished":"2025-07-09T21:39:03+00:00","description":"B\u00f6hler Welding RapiDeep BOHLER Q G3 M21 Program Package (79.I2.00218) - deeper penetration, faster welding. Professional solutions. Check it out at SpawLab!","breadcrumb":{"@id":"https:\/\/spawlab.pl\/en\/produkt\/bohler-welding-rapideep-bohler-q-g3-m21-program-package-79-i2-00218\/#breadcrumb"},"inLanguage":"en-US","potentialAction":[{"@type":"ReadAction","target":["https:\/\/spawlab.pl\/en\/produkt\/bohler-welding-rapideep-bohler-q-g3-m21-program-package-79-i2-00218\/"]}]},{"@type":"ImageObject","inLanguage":"en-US","@id":"https:\/\/spawlab.pl\/en\/produkt\/bohler-welding-rapideep-bohler-q-g3-m21-program-package-79-i2-00218\/#primaryimage","url":"https:\/\/spawlab.pl\/wp-content\/uploads\/2025\/06\/Frame-1-scaled.png","contentUrl":"https:\/\/spawlab.pl\/wp-content\/uploads\/2025\/06\/Frame-1-scaled.png","width":2560,"height":2197},{"@type":"BreadcrumbList","@id":"https:\/\/spawlab.pl\/en\/produkt\/bohler-welding-rapideep-bohler-q-g3-m21-program-package-79-i2-00218\/#breadcrumb","itemListElement":[{"@type":"ListItem","position":1,"name":"Strona g\u0142\u00f3wna","item":"https:\/\/spawlab.pl\/en\/"},{"@type":"ListItem","position":2,"name":"Store","item":"https:\/\/spawlab.pl\/en\/shop\/"},{"@type":"ListItem","position":3,"name":"B\u00f6hler Welding RapiDeep BOHLER Q G3 M21 Program Package &#8211; 79.I2.00218"}]},{"@type":"WebSite","@id":"https:\/\/spawlab.pl\/en\/#website","url":"https:\/\/spawlab.pl\/en\/","name":"Spawlab.pl Lider - Spawarki, Przecinarki Plazmowe, Kompresory","description":"Urz\u0105dzenia spawalnicze i Przecinarki plazmowe\/ nowe i u\u017cywane \/ Profesjonalny serwis","publisher":{"@id":"https:\/\/spawlab.pl\/en\/#organization"},"alternateName":"Spawlab.pl - Dystrybutor Premium i Serwis na Polske Migatronic, Gys, Voestalpine Bohler Welding","potentialAction":[{"@type":"SearchAction","target":{"@type":"EntryPoint","urlTemplate":"https:\/\/spawlab.pl\/en\/?s={search_term_string}"},"query-input":{"@type":"PropertyValueSpecification","valueRequired":true,"valueName":"search_term_string"}}],"inLanguage":"en-US"},{"@type":["Organization","Place"],"@id":"https:\/\/spawlab.pl\/en\/#organization","name":"Spawlab.pl","url":"https:\/\/spawlab.pl\/en\/","logo":{"@id":"https:\/\/spawlab.pl\/en\/produkt\/bohler-welding-rapideep-bohler-q-g3-m21-program-package-79-i2-00218\/#local-main-organization-logo"},"image":{"@id":"https:\/\/spawlab.pl\/en\/produkt\/bohler-welding-rapideep-bohler-q-g3-m21-program-package-79-i2-00218\/#local-main-organization-logo"},"sameAs":["https:\/\/www.facebook.com\/Spawlab\/","https:\/\/www.linkedin.com\/company\/spawlab","https:\/\/www.instagram.com\/spawlab.pl","https:\/\/www.tiktok.com\/@spawlab"],"description":"Lider sprzeda\u017cy, Oficjalny Dystrybutor Premium i Serwis na Polsk\u0119 Migatronic, Gys, Voestalpine Bohler Welding. Nowe i u\u017cywane Spawarki, Przecinarki Plazmowe, Kompresory. Mgr in\u017c. Jaros\u0142aw Ko\u0142aski, IWE","hasMerchantReturnPolicy":{"@type":"MerchantReturnPolicy","merchantReturnLink":"https:\/\/spawlab.pl\/polityka-prywatnosci-2\/"},"telephone":[],"openingHoursSpecification":[{"@type":"OpeningHoursSpecification","dayOfWeek":["Monday","Tuesday","Wednesday","Thursday","Friday","Saturday","Sunday"],"opens":"09:00","closes":"17:00"}]},{"@type":"ImageObject","inLanguage":"en-US","@id":"https:\/\/spawlab.pl\/en\/produkt\/bohler-welding-rapideep-bohler-q-g3-m21-program-package-79-i2-00218\/#local-main-organization-logo","url":"https:\/\/spawlab.pl\/wp-content\/uploads\/2022\/01\/olx.jpg","contentUrl":"https:\/\/spawlab.pl\/wp-content\/uploads\/2022\/01\/olx.jpg","width":200,"height":200,"caption":"Spawlab.pl"}]},"product_brand":"B\u00f6hler","product_price_amount":"1311.67","product_price_currency":"PLN","og_availability":"backorder","product_availability":"available for order","product_retailer_item_id":"79.I2.00218","product_condition":"new"},"_links":{"self":[{"href":"https:\/\/spawlab.pl\/en\/wp-json\/wp\/v2\/product\/43074","targetHints":{"allow":["GET"]}}],"collection":[{"href":"https:\/\/spawlab.pl\/en\/wp-json\/wp\/v2\/product"}],"about":[{"href":"https:\/\/spawlab.pl\/en\/wp-json\/wp\/v2\/types\/product"}],"wp:featuredmedia":[{"embeddable":true,"href":"https:\/\/spawlab.pl\/en\/wp-json\/wp\/v2\/media\/38560"}],"wp:attachment":[{"href":"https:\/\/spawlab.pl\/en\/wp-json\/wp\/v2\/media?parent=43074"}],"wp:term":[{"taxonomy":"product_brand","embeddable":true,"href":"https:\/\/spawlab.pl\/en\/wp-json\/wp\/v2\/product_brand?post=43074"},{"taxonomy":"product_cat","embeddable":true,"href":"https:\/\/spawlab.pl\/en\/wp-json\/wp\/v2\/product_cat?post=43074"},{"taxonomy":"product_tag","embeddable":true,"href":"https:\/\/spawlab.pl\/en\/wp-json\/wp\/v2\/product_tag?post=43074"}],"curies":[{"name":"wp","href":"https:\/\/api.w.org\/{rel}","templated":true}]}}