{"id":43106,"date":"2025-07-16T09:14:12","date_gmt":"2025-07-16T07:14:12","guid":{"rendered":"https:\/\/spawlab.pl\/produkt\/bohler-terra-nx-320-mse-3x400v-55-13-008\/"},"modified":"2025-07-16T09:14:12","modified_gmt":"2025-07-16T07:14:12","slug":"bohler-terra-nx-320-mse-3x400v-55-13-008","status":"publish","type":"product","link":"https:\/\/spawlab.pl\/en\/produkt\/bohler-terra-nx-320-mse-3x400v-55-13-008\/","title":{"rendered":"B\u00f6hler TERRA NX 320 MSE 3x400V 55.13.008"},"content":{"rendered":"<h2 class=\"custom-product-title\"><img fetchpriority=\"high\" decoding=\"async\" class=\"aligncenter wp-image-22483 size-full\" src=\"https:\/\/spawlab.pl\/wp-content\/uploads\/2025\/01\/bohler-uranos-2700-smc-spawarka-galeria4-%E2%80%94-kopia.jpg\" alt=\"B\u00f6hler manufacturer's logo\" width=\"800\" height=\"348\"><\/h2>\n<h1 style=\"text-align: center\">We are the official distributor of voestalpine B\u00f6hler Welding brand and authorized service in Poland.<\/h1>\n<p data-pm-slice=\"1 1 []\"><strong>B\u00f6hler TERRA NX 320 MSE &#8211; Professional MIG\/MAG welder with advanced process control.<\/strong><\/p>\n<p>The B\u00f6hler TERRA NX 320 MSE is a state-of-the-art MIG\/MAG welder designed for demanding industrial environments. Equipped with advanced arc control functions and digital process management technology, it provides excellent weld quality and optimal productivity. Its compact design, low weight and extensive adaptability make it ideal for workshop production, construction, railroad industry and machine repair and inspection.  <\/p>\n<hr>\n<h3 data-pm-slice=\"1 3 []\"><strong>\u2692 Technical Specifications<\/strong><\/h3>\n<h4><strong>Model and power supply:<\/strong><\/h4>\n<ul data-spread=\"false\">\n<li><strong>Model:<\/strong> B\u00f6hler TERRA NX 320 MSE<\/li>\n<li><strong>Power supply:<\/strong> 3x400V \u00b115% \/ 50-60 Hz<\/li>\n<li><strong>Maximum input power:<\/strong> 16.2 kVA<\/li>\n<li><strong>Maximum input current:<\/strong> 23.2 A<\/li>\n<li><strong>Efficiency:<\/strong> 88%<\/li>\n<li><strong>Fuse:<\/strong> 25 A<\/li>\n<li><strong>Idle voltage:<\/strong> 61 V DC<\/li>\n<li><strong>Protection class:<\/strong> IP23S<\/li>\n<li><strong>Class of insulation:<\/strong> H<\/li>\n<li><strong>Power cable:<\/strong> 4&#215;2.5mm\u00b2 &#8211; 5m<\/li>\n<\/ul>\n<h4><strong>Welding methods:<\/strong><\/h4>\n<ul data-spread=\"false\">\n<li>MIG\/MAG (including ArcDrive)<\/li>\n<li>MMA (covered electrode)<\/li>\n<li>TIG DC Lift<\/li>\n<\/ul>\n<h4><strong>Welding parameters:<\/strong><\/h4>\n<ul data-spread=\"false\">\n<li><strong>Current regulation:<\/strong> 3A &#8211; 320A<\/li>\n<li><strong>Duty cycle (MIG\/MAG &#8211; 40\u00b0C):<\/strong>\n<ul data-spread=\"false\">\n<li>50% @ 320 A<\/li>\n<li>60% @ 310 A<\/li>\n<li>100% @ 260 A<\/li>\n<\/ul>\n<\/li>\n<li><strong>Duty cycle (MIG\/MAG &#8211; 25\u00b0C):<\/strong>\n<ul data-spread=\"false\">\n<li>90% @ 320 A<\/li>\n<li>100% @ 310 A<\/li>\n<\/ul>\n<\/li>\n<\/ul>\n<h4><strong>Wire feeder:<\/strong><\/h4>\n<ul data-spread=\"false\">\n<li><strong>Number of rolls:<\/strong> 4<\/li>\n<li><strong>Spool diameter:<\/strong> 200\/300 mm (200 mm WF NX 230)<\/li>\n<li><strong>Wire diameter:<\/strong>\n<ul data-spread=\"false\">\n<li><strong>Steel:<\/strong> 1.0 &#8211; 1.2 mm (optional 0.6 &#8211; 1.6 mm)<\/li>\n<li><strong>Core:<\/strong> 0.9 &#8211; 1.6 mm<\/li>\n<li><strong>Aluminum:<\/strong> 0.8 &#8211; 1.6 mm<\/li>\n<\/ul>\n<\/li>\n<li><strong>Wire feed speed:<\/strong> 0.5 &#8211; 22.0 m\/min<\/li>\n<\/ul>\n<h4><strong>Compatibility:<\/strong><\/h4>\n<ul data-spread=\"false\">\n<li><strong>Remote controls:<\/strong> yes<\/li>\n<li><strong>U\/D MIG\/MAG holders:<\/strong> yes (SteelDrive)<\/li>\n<li><strong>Push-Pull handles:<\/strong> Yes<\/li>\n<\/ul>\n<p><img decoding=\"async\" class=\"wp-image-25902 size-full aligncenter lazyload\" data-src=\"https:\/\/spawlab.pl\/wp-content\/smush-avif\/2025\/04\/TERRA_NX_320_MSE_WF_330_SteelDrive.jpg.avif\" alt=\"\" width=\"450\" height=\"732\" data-srcset=\"https:\/\/spawlab.pl\/wp-content\/smush-avif\/2025\/04\/TERRA_NX_320_MSE_WF_330_SteelDrive.jpg.avif 450w, https:\/\/spawlab.pl\/wp-content\/smush-avif\/2025\/04\/TERRA_NX_320_MSE_WF_330_SteelDrive-184x300.jpg.avif 184w, https:\/\/spawlab.pl\/wp-content\/smush-avif\/2025\/04\/TERRA_NX_320_MSE_WF_330_SteelDrive-64x104.jpg.avif 64w\" data-sizes=\"(max-width: 450px) 100vw, 450px\" src=\"data:image\/svg+xml;base64,PHN2ZyB3aWR0aD0iMSIgaGVpZ2h0PSIxIiB4bWxucz0iaHR0cDovL3d3dy53My5vcmcvMjAwMC9zdmciPjwvc3ZnPg==\" style=\"--smush-placeholder-width: 450px; --smush-placeholder-aspect-ratio: 450\/732;\" data-smush-avif-fallback=\"{&quot;data-src&quot;:&quot;https:\\\/\\\/spawlab.pl\\\/wp-content\\\/uploads\\\/2025\\\/04\\\/TERRA_NX_320_MSE_WF_330_SteelDrive.jpg&quot;,&quot;data-srcset&quot;:&quot;https:\\\/\\\/spawlab.pl\\\/wp-content\\\/uploads\\\/2025\\\/04\\\/TERRA_NX_320_MSE_WF_330_SteelDrive.jpg 450w, https:\\\/\\\/spawlab.pl\\\/wp-content\\\/uploads\\\/2025\\\/04\\\/TERRA_NX_320_MSE_WF_330_SteelDrive-184x300.jpg 184w, https:\\\/\\\/spawlab.pl\\\/wp-content\\\/uploads\\\/2025\\\/04\\\/TERRA_NX_320_MSE_WF_330_SteelDrive-64x104.jpg 64w&quot;}\" \/><\/p>\n<h3>? Features and solutions<\/h3>\n<p>\u26a1 ArcDrive<\/p>\n<p>ArcDrive is an advanced arc length control system that provides dynamic adjustment and real-time parameter adjustment. This feature eliminates sudden voltage changes and reduces spatter, resulting in better weld quality. <\/p>\n<p>? RapidDeep<\/p>\n<p>RapidDeep optimizes arc fusion depth, enabling more efficient remelting at lower current levels. This feature is particularly useful when welding thick sheet metal and steel structures. <\/p>\n<p>\u2728 HotStart and Arc Force<\/p>\n<p>Built-in HotStart and Arc Force functions improve arc stability and facilitate electrode ignition in MMA welding. This avoids ignition problems and accidental arc extinction in difficult conditions. <\/p>\n<h4><strong>\u2699 Full process control<\/strong><\/h4>\n<ul data-spread=\"false\">\n<li>Synergistic settings for MIG\/MAG<\/li>\n<li>Advanced control of arc dynamics<\/li>\n<li>Voltage and inductance regulation<\/li>\n<li>Compatibility with Weldnet 4.0 digital management system<\/li>\n<\/ul>\n<h4><strong>?\ufe0f Generator Ready<\/strong><\/h4>\n<p>The ability to power from generators without the risk of damaging the control electronics. This is an excellent solution for field work and construction sites. <\/p>\n<h4><strong>\u26a1 VRD (Voltage Reduction Device).<\/strong><\/h4>\n<p>The idle voltage reduction (VRD) function enhances welder safety by reducing the risk of electrocution in harsh environments.<\/p>\n<p>&nbsp;<\/p>\n<hr>\n<h3>? Why is it worth it?<\/h3>\n<p>The B\u00f6hler TERRA NX 320 PMC SteelDrive welder is a complete system for professional welding. It is ideal for industry, service and workshops. It combines quality, power, digital control and advanced arc technology. It runs on a power unit, communicates with the network, supports less experienced operators and offers aesthetic welds with the latest features.   <\/p>\n<ul data-spread=\"false\" data-pm-slice=\"3 1 []\">\n<li>State-of-the-art ArcDrive and RapidDeep technology for better fusion and less splintering<\/li>\n<li>High power and efficiency &#8211; up to 320 A at 50% duty cycle<\/li>\n<li>Compatible with U\/D and Push-Pull handles for complete process control<\/li>\n<li>Ability to run on a generator without the risk of failure<\/li>\n<li>Ideal for industry, workshops and repair of steel structures<\/li>\n<\/ul>\n<p>The B\u00f6hler TERRA NX 320 MSE is a reliable solution for professionals who demand the highest quality, performance and safety in all working conditions.<\/p>\n<h3><strong data-start=\"2942\" data-end=\"2964\">Standard set:<\/strong><\/h3>\n<div class=\"flex max-w-full flex-col flex-grow\">\n<div class=\"min-h-8 text-message flex w-full flex-col items-end gap-2 whitespace-normal break-words text-start [.text-message+&amp;]:mt-5\" dir=\"auto\" data-message-author-role=\"assistant\" data-message-id=\"a1d568d8-71d3-44c2-abad-dc1c9f774973\" data-message-model-slug=\"gpt-4o-mini\">\n<div class=\"flex w-full flex-col gap-1 empty:hidden first:pt-[3px]\">\n<div class=\"markdown prose w-full break-words dark:prose-invert light\">\n<div class=\"flex max-w-full flex-col flex-grow\">\n<div class=\"min-h-8 text-message relative flex w-full flex-col items-end gap-2 whitespace-normal break-words text-start [.text-message+&amp;]:mt-5\" dir=\"auto\" data-message-author-role=\"assistant\" data-message-id=\"b2d27208-8e7e-4220-97ff-2bae069c378d\" data-message-model-slug=\"gpt-4o\">\n<div class=\"flex w-full flex-col gap-1 empty:hidden first:pt-[3px]\">\n<div class=\"markdown prose w-full break-words dark:prose-invert dark\">\n<p class=\"\" data-start=\"2967\" data-end=\"3091\">\u2714 B\u00f6hler TERRA NX 320 MSE 1x400V<br data-start=\"3001\" data-end=\"3004\">\u2714 WF NX 330 CLASSIC wire feeder<br data-start=\"3033\" data-end=\"3036\">\u2714 Current cable (air) 50mm\u00b2 4m<br data-start=\"3033\" data-end=\"3036\">\u2714 GT 400 WF cart<br data-start=\"3033\" data-end=\"3036\">\u2714 Ground cable 50mm\u00b2 &#8211; L.4m<\/p>\n<\/div>\n<\/div>\n<\/div>\n<\/div>\n<\/div>\n<\/div>\n<\/div>\n<\/div>\n<p>Symbol: <span class=\"editable\">55.13.008<\/span><\/p>\n","protected":false},"excerpt":{"rendered":"<p><span data-sheets-root=\"1\">B\u00f6hler Welding TERRA NX 320 MSE (55.13.008) &#8211; Industrial MIG\/MAG source with MultiLine inverter. Professional steel welding. <\/span><\/p>\n","protected":false},"featured_media":25901,"template":"","meta":{"inline_featured_image":false},"product_brand":[772],"product_cat":[498,512,474],"product_tag":[11541,13424,8299,3522,13425,13456,3600],"class_list":{"0":"post-43106","1":"product","2":"type-product","3":"status-publish","4":"has-post-thumbnail","6":"product_brand-bohler","7":"product_cat-gas-cooled-en-7","8":"product_cat-mig-mag-en-2","9":"product_cat-new","10":"product_tag-arcdrive-en","11":"product_tag-bohler-welding-terra-nx-en","12":"product_tag-industrial-welding-en","13":"product_tag-mig-mag-welder","14":"product_tag-mse-welding-source","15":"product_tag-multiline-inverter","16":"product_tag-welding-of-steel","18":"first","19":"onbackorder","20":"taxable","21":"shipping-taxable","22":"purchasable","23":"product-type-simple"},"yoast_head":"<!-- This site is optimized with the Yoast SEO Premium plugin v27.0 (Yoast SEO v27.3) - https:\/\/yoast.com\/product\/yoast-seo-premium-wordpress\/ -->\n<title>B\u00f6hler TERRA NX 320 MSE 3x400V 55.13.008<\/title>\n<meta name=\"description\" content=\"B\u00f6hler Welding TERRA NX 320 MSE (55.13.008) - Industrial MIG\/MAG source with MultiLine inverter. Professional steel welding. Check it out at SpawLab!\" \/>\n<meta name=\"robots\" content=\"index, follow, max-snippet:-1, max-image-preview:large, max-video-preview:-1\" \/>\n<link rel=\"canonical\" href=\"https:\/\/spawlab.pl\/en\/produkt\/bohler-terra-nx-320-mse-3x400v-55-13-008\/\" \/>\n<meta property=\"og:locale\" content=\"en_US\" \/>\n<meta property=\"og:type\" content=\"article\" \/>\n<meta property=\"og:title\" content=\"B\u00f6hler TERRA NX 320 MSE 3x400V 55.13.008\" \/>\n<meta property=\"og:description\" content=\"Lider sprzeda\u017cy, Oficjalny Dystrybutor Premium i Serwis na Polsk\u0119 Migatronic, Gys, Voestalpine Bohler Welding. Nowe i u\u017cywane Spawarki, Przecinarki Plazmowe, Kompresory. Mgr in\u017c. Jaros\u0142aw Ko\u0142aski, IWE\" \/>\n<meta property=\"og:url\" content=\"https:\/\/spawlab.pl\/en\/produkt\/bohler-terra-nx-320-mse-3x400v-55-13-008\/\" \/>\n<meta property=\"og:site_name\" content=\"SpawLab - Welding equipment and plasma cutters - store and service\" \/>\n<meta property=\"article:publisher\" content=\"https:\/\/www.facebook.com\/Spawlab\/\" \/>\n<meta property=\"og:image\" content=\"https:\/\/spawlab.pl\/wp-content\/uploads\/2025\/04\/TERRA_NX_320_MSE__Icons.jpg\" \/>\n\t<meta property=\"og:image:width\" content=\"700\" \/>\n\t<meta property=\"og:image:height\" content=\"570\" \/>\n\t<meta property=\"og:image:type\" content=\"image\/jpeg\" \/>\n<meta name=\"twitter:label1\" content=\"Price\" \/>\n\t<meta name=\"twitter:data1\" content=\"21 025,93&nbsp;&#122;&#322; (17 094,25&nbsp;&#122;&#322; netto)\" \/>\n\t<meta name=\"twitter:label2\" content=\"Availability\" \/>\n\t<meta name=\"twitter:data2\" content=\"On backorder\" \/>\n<script type=\"application\/ld+json\" class=\"yoast-schema-graph\">{\"@context\":\"https:\\\/\\\/schema.org\",\"@graph\":[{\"@type\":[\"WebPage\",\"ItemPage\"],\"@id\":\"https:\\\/\\\/spawlab.pl\\\/en\\\/produkt\\\/bohler-terra-nx-320-mse-3x400v-55-13-008\\\/\",\"url\":\"https:\\\/\\\/spawlab.pl\\\/en\\\/produkt\\\/bohler-terra-nx-320-mse-3x400v-55-13-008\\\/\",\"name\":\"B\u00f6hler TERRA NX 320 MSE 3x400V 55.13.008\",\"isPartOf\":{\"@id\":\"https:\\\/\\\/spawlab.pl\\\/en\\\/#website\"},\"primaryImageOfPage\":{\"@id\":\"https:\\\/\\\/spawlab.pl\\\/en\\\/produkt\\\/bohler-terra-nx-320-mse-3x400v-55-13-008\\\/#primaryimage\"},\"image\":{\"@id\":\"https:\\\/\\\/spawlab.pl\\\/en\\\/produkt\\\/bohler-terra-nx-320-mse-3x400v-55-13-008\\\/#primaryimage\"},\"thumbnailUrl\":\"https:\\\/\\\/spawlab.pl\\\/wp-content\\\/uploads\\\/2025\\\/04\\\/TERRA_NX_320_MSE__Icons.jpg\",\"datePublished\":\"2025-07-16T07:14:12+00:00\",\"description\":\"B\u00f6hler Welding TERRA NX 320 MSE (55.13.008) - Industrial MIG\\\/MAG source with MultiLine inverter. Professional steel welding. Check it out at SpawLab!\",\"breadcrumb\":{\"@id\":\"https:\\\/\\\/spawlab.pl\\\/en\\\/produkt\\\/bohler-terra-nx-320-mse-3x400v-55-13-008\\\/#breadcrumb\"},\"inLanguage\":\"en-US\",\"potentialAction\":[{\"@type\":\"ReadAction\",\"target\":[\"https:\\\/\\\/spawlab.pl\\\/en\\\/produkt\\\/bohler-terra-nx-320-mse-3x400v-55-13-008\\\/\"]}]},{\"@type\":\"ImageObject\",\"inLanguage\":\"en-US\",\"@id\":\"https:\\\/\\\/spawlab.pl\\\/en\\\/produkt\\\/bohler-terra-nx-320-mse-3x400v-55-13-008\\\/#primaryimage\",\"url\":\"https:\\\/\\\/spawlab.pl\\\/wp-content\\\/uploads\\\/2025\\\/04\\\/TERRA_NX_320_MSE__Icons.jpg\",\"contentUrl\":\"https:\\\/\\\/spawlab.pl\\\/wp-content\\\/uploads\\\/2025\\\/04\\\/TERRA_NX_320_MSE__Icons.jpg\",\"width\":700,\"height\":570},{\"@type\":\"BreadcrumbList\",\"@id\":\"https:\\\/\\\/spawlab.pl\\\/en\\\/produkt\\\/bohler-terra-nx-320-mse-3x400v-55-13-008\\\/#breadcrumb\",\"itemListElement\":[{\"@type\":\"ListItem\",\"position\":1,\"name\":\"Strona g\u0142\u00f3wna\",\"item\":\"https:\\\/\\\/spawlab.pl\\\/en\\\/\"},{\"@type\":\"ListItem\",\"position\":2,\"name\":\"Store\",\"item\":\"https:\\\/\\\/spawlab.pl\\\/en\\\/shop\\\/\"},{\"@type\":\"ListItem\",\"position\":3,\"name\":\"B\u00f6hler TERRA NX 320 MSE 3x400V 55.13.008\"}]},{\"@type\":\"WebSite\",\"@id\":\"https:\\\/\\\/spawlab.pl\\\/en\\\/#website\",\"url\":\"https:\\\/\\\/spawlab.pl\\\/en\\\/\",\"name\":\"Spawlab.pl Lider - Spawarki, Przecinarki Plazmowe, Kompresory\",\"description\":\"Urz\u0105dzenia spawalnicze i Przecinarki plazmowe\\\/ nowe i u\u017cywane \\\/ Profesjonalny serwis\",\"publisher\":{\"@id\":\"https:\\\/\\\/spawlab.pl\\\/en\\\/#organization\"},\"alternateName\":\"Spawlab.pl - Dystrybutor Premium i Serwis na Polske Migatronic, Gys, Voestalpine Bohler Welding\",\"potentialAction\":[{\"@type\":\"SearchAction\",\"target\":{\"@type\":\"EntryPoint\",\"urlTemplate\":\"https:\\\/\\\/spawlab.pl\\\/en\\\/?s={search_term_string}\"},\"query-input\":{\"@type\":\"PropertyValueSpecification\",\"valueRequired\":true,\"valueName\":\"search_term_string\"}}],\"inLanguage\":\"en-US\"},{\"@type\":[\"Organization\",\"Place\"],\"@id\":\"https:\\\/\\\/spawlab.pl\\\/en\\\/#organization\",\"name\":\"Spawlab.pl\",\"url\":\"https:\\\/\\\/spawlab.pl\\\/en\\\/\",\"logo\":{\"@id\":\"https:\\\/\\\/spawlab.pl\\\/en\\\/produkt\\\/bohler-terra-nx-320-mse-3x400v-55-13-008\\\/#local-main-organization-logo\"},\"image\":{\"@id\":\"https:\\\/\\\/spawlab.pl\\\/en\\\/produkt\\\/bohler-terra-nx-320-mse-3x400v-55-13-008\\\/#local-main-organization-logo\"},\"sameAs\":[\"https:\\\/\\\/www.facebook.com\\\/Spawlab\\\/\",\"https:\\\/\\\/www.linkedin.com\\\/company\\\/spawlab\",\"https:\\\/\\\/www.instagram.com\\\/spawlab.pl\",\"https:\\\/\\\/www.tiktok.com\\\/@spawlab\"],\"description\":\"Lider sprzeda\u017cy, Oficjalny Dystrybutor Premium i Serwis na Polsk\u0119 Migatronic, Gys, Voestalpine Bohler Welding. Nowe i u\u017cywane Spawarki, Przecinarki Plazmowe, Kompresory. Mgr in\u017c. Jaros\u0142aw Ko\u0142aski, IWE\",\"hasMerchantReturnPolicy\":{\"@type\":\"MerchantReturnPolicy\",\"merchantReturnLink\":\"https:\\\/\\\/spawlab.pl\\\/polityka-prywatnosci-2\\\/\"},\"telephone\":[],\"openingHoursSpecification\":[{\"@type\":\"OpeningHoursSpecification\",\"dayOfWeek\":[\"Monday\",\"Tuesday\",\"Wednesday\",\"Thursday\",\"Friday\",\"Saturday\",\"Sunday\"],\"opens\":\"09:00\",\"closes\":\"17:00\"}]},{\"@type\":\"ImageObject\",\"inLanguage\":\"en-US\",\"@id\":\"https:\\\/\\\/spawlab.pl\\\/en\\\/produkt\\\/bohler-terra-nx-320-mse-3x400v-55-13-008\\\/#local-main-organization-logo\",\"url\":\"https:\\\/\\\/spawlab.pl\\\/wp-content\\\/uploads\\\/2022\\\/01\\\/olx.jpg\",\"contentUrl\":\"https:\\\/\\\/spawlab.pl\\\/wp-content\\\/uploads\\\/2022\\\/01\\\/olx.jpg\",\"width\":200,\"height\":200,\"caption\":\"Spawlab.pl\"}]}<\/script>\n<meta property=\"product:brand\" content=\"B\u00f6hler\" \/>\n<meta property=\"product:price:amount\" content=\"21025.93\" \/>\n<meta property=\"product:price:currency\" content=\"PLN\" \/>\n<meta property=\"og:availability\" content=\"backorder\" \/>\n<meta property=\"product:availability\" content=\"available for order\" \/>\n<meta property=\"product:retailer_item_id\" content=\"55.13.008\" \/>\n<meta property=\"product:condition\" content=\"new\" \/>\n<!-- \/ Yoast SEO Premium plugin. -->","yoast_head_json":{"title":"B\u00f6hler TERRA NX 320 MSE 3x400V 55.13.008","description":"B\u00f6hler Welding TERRA NX 320 MSE (55.13.008) - Industrial MIG\/MAG source with MultiLine inverter. Professional steel welding. Check it out at SpawLab!","robots":{"index":"index","follow":"follow","max-snippet":"max-snippet:-1","max-image-preview":"max-image-preview:large","max-video-preview":"max-video-preview:-1"},"canonical":"https:\/\/spawlab.pl\/en\/produkt\/bohler-terra-nx-320-mse-3x400v-55-13-008\/","og_locale":"en_US","og_type":"article","og_title":"B\u00f6hler TERRA NX 320 MSE 3x400V 55.13.008","og_description":"Lider sprzeda\u017cy, Oficjalny Dystrybutor Premium i Serwis na Polsk\u0119 Migatronic, Gys, Voestalpine Bohler Welding. Nowe i u\u017cywane Spawarki, Przecinarki Plazmowe, Kompresory. Mgr in\u017c. Jaros\u0142aw Ko\u0142aski, IWE","og_url":"https:\/\/spawlab.pl\/en\/produkt\/bohler-terra-nx-320-mse-3x400v-55-13-008\/","og_site_name":"SpawLab - Welding equipment and plasma cutters - store and service","article_publisher":"https:\/\/www.facebook.com\/Spawlab\/","og_image":[{"width":700,"height":570,"url":"https:\/\/spawlab.pl\/wp-content\/uploads\/2025\/04\/TERRA_NX_320_MSE__Icons.jpg","type":"image\/jpeg"}],"twitter_misc":{"Price":"21 025,93&nbsp;&#122;&#322; (17 094,25&nbsp;&#122;&#322; netto)","Availability":"On backorder"},"schema":{"@context":"https:\/\/schema.org","@graph":[{"@type":["WebPage","ItemPage"],"@id":"https:\/\/spawlab.pl\/en\/produkt\/bohler-terra-nx-320-mse-3x400v-55-13-008\/","url":"https:\/\/spawlab.pl\/en\/produkt\/bohler-terra-nx-320-mse-3x400v-55-13-008\/","name":"B\u00f6hler TERRA NX 320 MSE 3x400V 55.13.008","isPartOf":{"@id":"https:\/\/spawlab.pl\/en\/#website"},"primaryImageOfPage":{"@id":"https:\/\/spawlab.pl\/en\/produkt\/bohler-terra-nx-320-mse-3x400v-55-13-008\/#primaryimage"},"image":{"@id":"https:\/\/spawlab.pl\/en\/produkt\/bohler-terra-nx-320-mse-3x400v-55-13-008\/#primaryimage"},"thumbnailUrl":"https:\/\/spawlab.pl\/wp-content\/uploads\/2025\/04\/TERRA_NX_320_MSE__Icons.jpg","datePublished":"2025-07-16T07:14:12+00:00","description":"B\u00f6hler Welding TERRA NX 320 MSE (55.13.008) - Industrial MIG\/MAG source with MultiLine inverter. Professional steel welding. Check it out at SpawLab!","breadcrumb":{"@id":"https:\/\/spawlab.pl\/en\/produkt\/bohler-terra-nx-320-mse-3x400v-55-13-008\/#breadcrumb"},"inLanguage":"en-US","potentialAction":[{"@type":"ReadAction","target":["https:\/\/spawlab.pl\/en\/produkt\/bohler-terra-nx-320-mse-3x400v-55-13-008\/"]}]},{"@type":"ImageObject","inLanguage":"en-US","@id":"https:\/\/spawlab.pl\/en\/produkt\/bohler-terra-nx-320-mse-3x400v-55-13-008\/#primaryimage","url":"https:\/\/spawlab.pl\/wp-content\/uploads\/2025\/04\/TERRA_NX_320_MSE__Icons.jpg","contentUrl":"https:\/\/spawlab.pl\/wp-content\/uploads\/2025\/04\/TERRA_NX_320_MSE__Icons.jpg","width":700,"height":570},{"@type":"BreadcrumbList","@id":"https:\/\/spawlab.pl\/en\/produkt\/bohler-terra-nx-320-mse-3x400v-55-13-008\/#breadcrumb","itemListElement":[{"@type":"ListItem","position":1,"name":"Strona g\u0142\u00f3wna","item":"https:\/\/spawlab.pl\/en\/"},{"@type":"ListItem","position":2,"name":"Store","item":"https:\/\/spawlab.pl\/en\/shop\/"},{"@type":"ListItem","position":3,"name":"B\u00f6hler TERRA NX 320 MSE 3x400V 55.13.008"}]},{"@type":"WebSite","@id":"https:\/\/spawlab.pl\/en\/#website","url":"https:\/\/spawlab.pl\/en\/","name":"Spawlab.pl Lider - Spawarki, Przecinarki Plazmowe, Kompresory","description":"Urz\u0105dzenia spawalnicze i Przecinarki plazmowe\/ nowe i u\u017cywane \/ Profesjonalny serwis","publisher":{"@id":"https:\/\/spawlab.pl\/en\/#organization"},"alternateName":"Spawlab.pl - Dystrybutor Premium i Serwis na Polske Migatronic, Gys, Voestalpine Bohler Welding","potentialAction":[{"@type":"SearchAction","target":{"@type":"EntryPoint","urlTemplate":"https:\/\/spawlab.pl\/en\/?s={search_term_string}"},"query-input":{"@type":"PropertyValueSpecification","valueRequired":true,"valueName":"search_term_string"}}],"inLanguage":"en-US"},{"@type":["Organization","Place"],"@id":"https:\/\/spawlab.pl\/en\/#organization","name":"Spawlab.pl","url":"https:\/\/spawlab.pl\/en\/","logo":{"@id":"https:\/\/spawlab.pl\/en\/produkt\/bohler-terra-nx-320-mse-3x400v-55-13-008\/#local-main-organization-logo"},"image":{"@id":"https:\/\/spawlab.pl\/en\/produkt\/bohler-terra-nx-320-mse-3x400v-55-13-008\/#local-main-organization-logo"},"sameAs":["https:\/\/www.facebook.com\/Spawlab\/","https:\/\/www.linkedin.com\/company\/spawlab","https:\/\/www.instagram.com\/spawlab.pl","https:\/\/www.tiktok.com\/@spawlab"],"description":"Lider sprzeda\u017cy, Oficjalny Dystrybutor Premium i Serwis na Polsk\u0119 Migatronic, Gys, Voestalpine Bohler Welding. Nowe i u\u017cywane Spawarki, Przecinarki Plazmowe, Kompresory. Mgr in\u017c. Jaros\u0142aw Ko\u0142aski, IWE","hasMerchantReturnPolicy":{"@type":"MerchantReturnPolicy","merchantReturnLink":"https:\/\/spawlab.pl\/polityka-prywatnosci-2\/"},"telephone":[],"openingHoursSpecification":[{"@type":"OpeningHoursSpecification","dayOfWeek":["Monday","Tuesday","Wednesday","Thursday","Friday","Saturday","Sunday"],"opens":"09:00","closes":"17:00"}]},{"@type":"ImageObject","inLanguage":"en-US","@id":"https:\/\/spawlab.pl\/en\/produkt\/bohler-terra-nx-320-mse-3x400v-55-13-008\/#local-main-organization-logo","url":"https:\/\/spawlab.pl\/wp-content\/uploads\/2022\/01\/olx.jpg","contentUrl":"https:\/\/spawlab.pl\/wp-content\/uploads\/2022\/01\/olx.jpg","width":200,"height":200,"caption":"Spawlab.pl"}]},"product_brand":"B\u00f6hler","product_price_amount":"21025.93","product_price_currency":"PLN","og_availability":"backorder","product_availability":"available for order","product_retailer_item_id":"55.13.008","product_condition":"new"},"_links":{"self":[{"href":"https:\/\/spawlab.pl\/en\/wp-json\/wp\/v2\/product\/43106","targetHints":{"allow":["GET"]}}],"collection":[{"href":"https:\/\/spawlab.pl\/en\/wp-json\/wp\/v2\/product"}],"about":[{"href":"https:\/\/spawlab.pl\/en\/wp-json\/wp\/v2\/types\/product"}],"wp:featuredmedia":[{"embeddable":true,"href":"https:\/\/spawlab.pl\/en\/wp-json\/wp\/v2\/media\/25901"}],"wp:attachment":[{"href":"https:\/\/spawlab.pl\/en\/wp-json\/wp\/v2\/media?parent=43106"}],"wp:term":[{"taxonomy":"product_brand","embeddable":true,"href":"https:\/\/spawlab.pl\/en\/wp-json\/wp\/v2\/product_brand?post=43106"},{"taxonomy":"product_cat","embeddable":true,"href":"https:\/\/spawlab.pl\/en\/wp-json\/wp\/v2\/product_cat?post=43106"},{"taxonomy":"product_tag","embeddable":true,"href":"https:\/\/spawlab.pl\/en\/wp-json\/wp\/v2\/product_tag?post=43106"}],"curies":[{"name":"wp","href":"https:\/\/api.w.org\/{rel}","templated":true}]}}