{"id":43129,"date":"2025-07-16T09:34:54","date_gmt":"2025-07-16T07:34:54","guid":{"rendered":"https:\/\/spawlab.pl\/produkt\/bohler-welding-terra-350-rc-3x400v-55-12-015\/"},"modified":"2025-07-16T09:34:54","modified_gmt":"2025-07-16T07:34:54","slug":"bohler-welding-terra-350-rc-3x400v-55-12-015","status":"publish","type":"product","link":"https:\/\/spawlab.pl\/en\/produkt\/bohler-welding-terra-350-rc-3x400v-55-12-015\/","title":{"rendered":"B\u00f6hler Welding TERRA 350 RC 3X400V &#8211; 55.12.015"},"content":{"rendered":"<div class=\"custom-product-section distributor-info spawlab-info\">\n<p><strong>SpawLab &#8211; your Authorized Voestalpine B\u00f6hler Welding Partner in Poland!<\/strong><\/p>\n<p>We are <strong>an official distributor of<\/strong> Voestalpine B\u00f6hler Welding equipment and <strong>an Authorized Service Center in Poland<\/strong>. Our team has undergone <strong>rigorous technical training directly in Italy<\/strong> at the manufacturer&#8217;s centers. <\/p>\n<p>When you choose SpawLab, you are assured of original products, access to B\u00f6hler Welding solutions, professional advice and service support.<\/p>\n<\/div>\n<div class=\"custom-product-section product-intro\">\n<h2 class=\"product-section-title main-product-title\">B\u00f6hler Welding TERRA 350 RC 3X400V &#8211; 55.12.015<\/h2>\n<div class=\"description-content product-marketing-description\">\n<p>B\u00f6hler Welding TERRA 350 RC 3X400V is a professional electrode welding (MMA) machine designed for the most demanding industrial and assembly applications. With a power output of 350 A and advanced MultiLine Three Level\u00ae inverter technology, the unit guarantees outstanding performance, reliability and excellent weld quality even in difficult conditions. TERRA 350 RC is the ideal choice for welders who value the robustness of &#8216;Made in Europe&#8217; construction, precision control and the ability to work with long welding leads.  <\/p>\n<p>This model also offers a TIG DC Lift function, increasing its versatility, and remote control (RC) capability for greater convenience and precision. It&#8217;s a complete solution for professionals looking for uncompromising quality and durability in their daily work. <\/p>\n<\/div>\n<\/div>\n<h3 class=\"custom-product-heading advanced-features-heading\">Explore the Advanced Capabilities of the TERRA 350 RC 3X400V<\/h3>\n<div class=\"custom-accordion advanced-features-accordion\">\n<details class=\"custom-accordion-item\">\n<summary class=\"custom-subtitle accordion-title\">\u2699\ufe0f Innovative MultiLine Three Level\u00ae Inverter<\/summary>\n<div class=\"accordion-content\">\n<p><strong>The MultiLine Three Level\u00ae in<\/strong> verter is B\u00f6hler Welding&#8217;s patented technology at the heart of the TERRA 350 RC. This advanced inverter system provides <strong>significantly higher energy efficiency<\/strong> compared to conventional solutions, resulting in lower operating costs. A key advantage is the <strong>reliability and stability of welding parameters<\/strong>, even when operating with long power cables or unstable mains voltage.  <\/p>\n<p>The technology also enables <strong>faster response and precise control of the welding arc<\/strong>, which is essential for the highest quality <strong>welds<\/strong>. In addition, the MultiLine Three Level\u00ae contributes to a <strong>reduction in unit size and weight<\/strong>, making the TERRA 350 RC more portable and easier to transport to the job site. <\/p>\n<\/div>\n<\/details>\n<details class=\"custom-accordion-item\">\n<summary class=\"custom-subtitle accordion-title\">? Full Digital Technology<\/summary>\n<div class=\"accordion-content\">\n<p>The <strong>full digital process control (Full Digital Technology)<\/strong> of the TERRA 350 RC welder means that all welding parameters are managed and monitored by an advanced microprocessor. Thanks to communication via CANBUS, the system provides <strong>instant response to changes in welding conditions<\/strong> and exceptional precision in settings. <\/p>\n<p>For the professional, this means <strong>excellent repeatability of welding results<\/strong>, easier adaptation of the machine to specific tasks, and a stable and optimized arc. Digital control minimizes the impact of external factors on the process, guaranteeing <strong>high weld quality and increased productivity<\/strong>. The technology also supports advanced MMA functions for optimal performance.  <\/p>\n<\/div>\n<\/details>\n<\/div>\n<div class=\"custom-product-section product-specs\">\n<h3 class=\"custom-product-heading specs-heading\">Technical Specifications<\/h3>\n<table class=\"specs-table\">\n<thead>\n<tr>\n<th>Parameter<\/th>\n<th>Value<\/th>\n<\/tr>\n<\/thead>\n<tbody>\n<tr>\n<td>Supply voltage<\/td>\n<td>3x400V \u00b115%<\/td>\n<\/tr>\n<tr>\n<td>Maximum input power<\/td>\n<td>17.1 kVA<\/td>\n<\/tr>\n<tr>\n<td>Maximum input current<\/td>\n<td>24.7 A<\/td>\n<\/tr>\n<tr>\n<td>Efficiency<\/td>\n<td>86%<\/td>\n<\/tr>\n<tr>\n<td>Recommended fuse<\/td>\n<td>20 A (delayed)<\/td>\n<\/tr>\n<tr>\n<td>Welding current adjustment range<\/td>\n<td>3 &#8211; 350 A<\/td>\n<\/tr>\n<tr>\n<td>MMA duty cycle (40\u00b0C)<\/td>\n<td>35% @ 350A \/ 100% @ 280A<\/td>\n<\/tr>\n<tr>\n<td>TIG DC Lift duty cycle (40\u00b0C)<\/td>\n<td>35% @ 350A \/ 100% @ 280A<\/td>\n<\/tr>\n<tr>\n<td>Idling voltage (standard)<\/td>\n<td>65 V<\/td>\n<\/tr>\n<tr>\n<td>Dimensions (L x W x H)<\/td>\n<td>510 x 190 x 400 mm<\/td>\n<\/tr>\n<tr>\n<td>Weight<\/td>\n<td>17.9 kg<\/td>\n<\/tr>\n<tr>\n<td>Degree of protection<\/td>\n<td>IP23S<\/td>\n<\/tr>\n<tr>\n<td>Insulation class<\/td>\n<td>H<\/td>\n<\/tr>\n<tr>\n<td>Compatibility with generator set<\/td>\n<td>21.4 kVA<\/td>\n<\/tr>\n<\/tbody>\n<\/table>\n<\/div>\n<div class=\"custom-product-section product-set-contents\">\n<h3 class=\"custom-product-heading set-contents-heading\">Kit Contents \/ Packaging<\/h3>\n<p>? The product (TERRA 350 RC 3X400V, cat. no. 55.12.015) is supplied as a single piece (power source), according to the manufacturer&#8217;s standard Voestalpine B\u00f6hler Welding. Additional accessories, such as welding cables, electrode holder or remote control, are usually available separately. <\/p>\n<\/div>\n<div class=\"custom-product-section product-features\">\n<h3 class=\"custom-product-heading features-heading\">Key Features and Benefits<\/h3>\n<ul class=\"custom-product-list features-list\">\n<li>? <strong>High Power and Efficiency:<\/strong> Welding current up to 350A with excellent duty cycle (100% @ 280A) ensures that the most demanding welding tasks can be completed without interruption.<\/li>\n<li>? A <strong>dvanced MMA Features:<\/strong> Standard equipped with Hot Start (easy arc ignition), Arc Force (arc stabilization and fusion depth control) and Anti-sticking (preventing electrode sticking), resulting in higher weld quality and comfort.<\/li>\n<li>?\ufe0f <strong>Remote Control (RC):<\/strong> The ability to connect a remote control allows precise adjustment of welding parameters without having to stop work and walk up to the machine, which is crucial for assembly and high-altitude work.<\/li>\n<li>?\ufe0f <strong>Robust Industrial Design:<\/strong> Designed for harsh environments, the rugged housing and high quality &#8216;Made in Europe&#8217; components ensure long life and reliability of the device.<\/li>\n<\/ul>\n<\/div>\n<div class=\"custom-product-section product-application\">\n<h3 class=\"custom-product-heading application-heading\">Product Application<\/h3>\n<ul class=\"custom-product-list application-list\">\n<li>? <strong>Heavy steel structures:<\/strong> construction of bridges, industrial halls, offshore platforms.<\/li>\n<li>?\ufe0f <strong>Installation work on construction sites:<\/strong> Installation of structures, installations, work at heights.<\/li>\n<li>? S <strong>hipbuilding:<\/strong> welding of hulls, ship sections, equipment.<\/li>\n<li>\u2699\ufe0f <strong>Construction of machinery and equipment:<\/strong> Manufacturing of machine components, industrial equipment.<\/li>\n<li>\u092a\u093e\u0907\u092a <strong>Pipelines and industrial installations:<\/strong> Welding of pipes of various diameters and wall thicknesses.<\/li>\n<li>? <strong>Repairs and remanufacturing:<\/strong> intensive repair work, remanufacturing of worn out machine parts.<\/li>\n<\/ul>\n<\/div>\n<div class=\"custom-product-section product-summary conclusion\">\n<h3 class=\"custom-product-heading summary-heading\">Summary: TERRA 350 RC 3X400V &#8211; Your Investment in Quality by B\u00f6hler Welding<\/h3>\n<div class=\"summary-content\">\n<p>? The B\u00f6hler Welding TERRA 350 RC 3X400V is synonymous with industrial power and reliability for professional MMA welding. Thanks to its innovative MultiLine Three Level\u00ae Inverter Technology and full digital control, this unit delivers not only exceptional performance, but also the precision and repeatability needed for the most demanding projects. Choose European quality and confidence in all conditions.  <\/p>\n<p>To explore the full capabilities of the B\u00f6hler Welding TERRA 350 RC 3X400V and get the best deal, contact the experts at SpawLab &#8211; the official distributor and authorized service provider of Voestalpine B\u00f6hler Welding in Poland. Our team, trained in Italy, is at your service. <\/p>\n<\/div>\n<\/div>\n<div class=\"custom-product-section product-codes-info\">\n<p><strong>Part number (Art. No.):<\/strong> 55.12.015<\/p>\n<\/div>\n","protected":false},"excerpt":{"rendered":"<p>B\u00f6hler Welding TERRA 350 RC 3X400V (55.12.015) &#8211; 350A industrial MMA welder with MultiLine Three Level\u00ae technology. Professional welding solutions. <\/p>\n","protected":false},"featured_media":41252,"template":"","meta":{"inline_featured_image":false},"product_brand":[772],"product_cat":[499,474],"product_tag":[13488,4432,5017,8299,4831,13447,13487],"class_list":{"0":"post-43129","1":"product","2":"type-product","3":"status-publish","4":"has-post-thumbnail","6":"product_brand-bohler","7":"product_cat-mma-en-2","8":"product_cat-new","9":"product_tag-350a-inverter-welder","10":"product_tag-bohler-welding-en-2","11":"product_tag-electrode-welding","12":"product_tag-industrial-welding-en","13":"product_tag-mma-welder","14":"product_tag-multiline-three-level-en","15":"product_tag-terra-350-rc-en","17":"first","18":"onbackorder","19":"taxable","20":"shipping-taxable","21":"purchasable","22":"product-type-simple"},"yoast_head":"<!-- This site is optimized with the Yoast SEO Premium plugin v27.0 (Yoast SEO v27.3) - https:\/\/yoast.com\/product\/yoast-seo-premium-wordpress\/ -->\n<title>B\u00f6hler Welding TERRA 350 RC 3X400V - 55.12.015<\/title>\n<meta name=\"description\" content=\"B\u00f6hler Welding TERRA 350 RC 3X400V (55.12.015) - 350A industrial MMA welder with MultiLine Three Level\u00ae technology. Professional welding solutions. Check it out at SpawLab!\" \/>\n<meta name=\"robots\" content=\"index, follow, max-snippet:-1, max-image-preview:large, max-video-preview:-1\" \/>\n<link rel=\"canonical\" href=\"https:\/\/spawlab.pl\/en\/produkt\/bohler-welding-terra-350-rc-3x400v-55-12-015\/\" \/>\n<meta property=\"og:locale\" content=\"en_US\" \/>\n<meta property=\"og:type\" content=\"article\" \/>\n<meta property=\"og:title\" content=\"B\u00f6hler Welding TERRA 350 RC 3X400V - 55.12.015\" \/>\n<meta property=\"og:description\" content=\"Lider sprzeda\u017cy, Oficjalny Dystrybutor Premium i Serwis na Polsk\u0119 Migatronic, Gys, Voestalpine Bohler Welding. Nowe i u\u017cywane Spawarki, Przecinarki Plazmowe, Kompresory. Mgr in\u017c. Jaros\u0142aw Ko\u0142aski, IWE\" \/>\n<meta property=\"og:url\" content=\"https:\/\/spawlab.pl\/en\/produkt\/bohler-welding-terra-350-rc-3x400v-55-12-015\/\" \/>\n<meta property=\"og:site_name\" content=\"SpawLab - Welding equipment and plasma cutters - store and service\" \/>\n<meta property=\"article:publisher\" content=\"https:\/\/www.facebook.com\/Spawlab\/\" \/>\n<meta property=\"og:image\" content=\"https:\/\/spawlab.pl\/wp-content\/uploads\/2025\/06\/Terra_350_Rc.jpg\" \/>\n\t<meta property=\"og:image:width\" content=\"700\" \/>\n\t<meta property=\"og:image:height\" content=\"570\" \/>\n\t<meta property=\"og:image:type\" content=\"image\/jpeg\" \/>\n<meta name=\"twitter:label1\" content=\"Price\" \/>\n\t<meta name=\"twitter:data1\" content=\"18 749,51&nbsp;&#122;&#322; (15 243,50&nbsp;&#122;&#322; netto)\" \/>\n\t<meta name=\"twitter:label2\" content=\"Availability\" \/>\n\t<meta name=\"twitter:data2\" content=\"On backorder\" \/>\n<script type=\"application\/ld+json\" class=\"yoast-schema-graph\">{\"@context\":\"https:\\\/\\\/schema.org\",\"@graph\":[{\"@type\":[\"WebPage\",\"ItemPage\"],\"@id\":\"https:\\\/\\\/spawlab.pl\\\/en\\\/produkt\\\/bohler-welding-terra-350-rc-3x400v-55-12-015\\\/\",\"url\":\"https:\\\/\\\/spawlab.pl\\\/en\\\/produkt\\\/bohler-welding-terra-350-rc-3x400v-55-12-015\\\/\",\"name\":\"B\u00f6hler Welding TERRA 350 RC 3X400V - 55.12.015\",\"isPartOf\":{\"@id\":\"https:\\\/\\\/spawlab.pl\\\/en\\\/#website\"},\"primaryImageOfPage\":{\"@id\":\"https:\\\/\\\/spawlab.pl\\\/en\\\/produkt\\\/bohler-welding-terra-350-rc-3x400v-55-12-015\\\/#primaryimage\"},\"image\":{\"@id\":\"https:\\\/\\\/spawlab.pl\\\/en\\\/produkt\\\/bohler-welding-terra-350-rc-3x400v-55-12-015\\\/#primaryimage\"},\"thumbnailUrl\":\"https:\\\/\\\/spawlab.pl\\\/wp-content\\\/uploads\\\/2025\\\/06\\\/Terra_350_Rc.jpg\",\"datePublished\":\"2025-07-16T07:34:54+00:00\",\"description\":\"B\u00f6hler Welding TERRA 350 RC 3X400V (55.12.015) - 350A industrial MMA welder with MultiLine Three Level\u00ae technology. Professional welding solutions. Check it out at SpawLab!\",\"breadcrumb\":{\"@id\":\"https:\\\/\\\/spawlab.pl\\\/en\\\/produkt\\\/bohler-welding-terra-350-rc-3x400v-55-12-015\\\/#breadcrumb\"},\"inLanguage\":\"en-US\",\"potentialAction\":[{\"@type\":\"ReadAction\",\"target\":[\"https:\\\/\\\/spawlab.pl\\\/en\\\/produkt\\\/bohler-welding-terra-350-rc-3x400v-55-12-015\\\/\"]}]},{\"@type\":\"ImageObject\",\"inLanguage\":\"en-US\",\"@id\":\"https:\\\/\\\/spawlab.pl\\\/en\\\/produkt\\\/bohler-welding-terra-350-rc-3x400v-55-12-015\\\/#primaryimage\",\"url\":\"https:\\\/\\\/spawlab.pl\\\/wp-content\\\/uploads\\\/2025\\\/06\\\/Terra_350_Rc.jpg\",\"contentUrl\":\"https:\\\/\\\/spawlab.pl\\\/wp-content\\\/uploads\\\/2025\\\/06\\\/Terra_350_Rc.jpg\",\"width\":700,\"height\":570},{\"@type\":\"BreadcrumbList\",\"@id\":\"https:\\\/\\\/spawlab.pl\\\/en\\\/produkt\\\/bohler-welding-terra-350-rc-3x400v-55-12-015\\\/#breadcrumb\",\"itemListElement\":[{\"@type\":\"ListItem\",\"position\":1,\"name\":\"Strona g\u0142\u00f3wna\",\"item\":\"https:\\\/\\\/spawlab.pl\\\/en\\\/\"},{\"@type\":\"ListItem\",\"position\":2,\"name\":\"Store\",\"item\":\"https:\\\/\\\/spawlab.pl\\\/en\\\/shop\\\/\"},{\"@type\":\"ListItem\",\"position\":3,\"name\":\"B\u00f6hler Welding TERRA 350 RC 3X400V &#8211; 55.12.015\"}]},{\"@type\":\"WebSite\",\"@id\":\"https:\\\/\\\/spawlab.pl\\\/en\\\/#website\",\"url\":\"https:\\\/\\\/spawlab.pl\\\/en\\\/\",\"name\":\"Spawlab.pl Lider - Spawarki, Przecinarki Plazmowe, Kompresory\",\"description\":\"Urz\u0105dzenia spawalnicze i Przecinarki plazmowe\\\/ nowe i u\u017cywane \\\/ Profesjonalny serwis\",\"publisher\":{\"@id\":\"https:\\\/\\\/spawlab.pl\\\/en\\\/#organization\"},\"alternateName\":\"Spawlab.pl - Dystrybutor Premium i Serwis na Polske Migatronic, Gys, Voestalpine Bohler Welding\",\"potentialAction\":[{\"@type\":\"SearchAction\",\"target\":{\"@type\":\"EntryPoint\",\"urlTemplate\":\"https:\\\/\\\/spawlab.pl\\\/en\\\/?s={search_term_string}\"},\"query-input\":{\"@type\":\"PropertyValueSpecification\",\"valueRequired\":true,\"valueName\":\"search_term_string\"}}],\"inLanguage\":\"en-US\"},{\"@type\":[\"Organization\",\"Place\"],\"@id\":\"https:\\\/\\\/spawlab.pl\\\/en\\\/#organization\",\"name\":\"Spawlab.pl\",\"url\":\"https:\\\/\\\/spawlab.pl\\\/en\\\/\",\"logo\":{\"@id\":\"https:\\\/\\\/spawlab.pl\\\/en\\\/produkt\\\/bohler-welding-terra-350-rc-3x400v-55-12-015\\\/#local-main-organization-logo\"},\"image\":{\"@id\":\"https:\\\/\\\/spawlab.pl\\\/en\\\/produkt\\\/bohler-welding-terra-350-rc-3x400v-55-12-015\\\/#local-main-organization-logo\"},\"sameAs\":[\"https:\\\/\\\/www.facebook.com\\\/Spawlab\\\/\",\"https:\\\/\\\/www.linkedin.com\\\/company\\\/spawlab\",\"https:\\\/\\\/www.instagram.com\\\/spawlab.pl\",\"https:\\\/\\\/www.tiktok.com\\\/@spawlab\"],\"description\":\"Lider sprzeda\u017cy, Oficjalny Dystrybutor Premium i Serwis na Polsk\u0119 Migatronic, Gys, Voestalpine Bohler Welding. Nowe i u\u017cywane Spawarki, Przecinarki Plazmowe, Kompresory. Mgr in\u017c. Jaros\u0142aw Ko\u0142aski, IWE\",\"hasMerchantReturnPolicy\":{\"@type\":\"MerchantReturnPolicy\",\"merchantReturnLink\":\"https:\\\/\\\/spawlab.pl\\\/polityka-prywatnosci-2\\\/\"},\"telephone\":[],\"openingHoursSpecification\":[{\"@type\":\"OpeningHoursSpecification\",\"dayOfWeek\":[\"Monday\",\"Tuesday\",\"Wednesday\",\"Thursday\",\"Friday\",\"Saturday\",\"Sunday\"],\"opens\":\"09:00\",\"closes\":\"17:00\"}]},{\"@type\":\"ImageObject\",\"inLanguage\":\"en-US\",\"@id\":\"https:\\\/\\\/spawlab.pl\\\/en\\\/produkt\\\/bohler-welding-terra-350-rc-3x400v-55-12-015\\\/#local-main-organization-logo\",\"url\":\"https:\\\/\\\/spawlab.pl\\\/wp-content\\\/uploads\\\/2022\\\/01\\\/olx.jpg\",\"contentUrl\":\"https:\\\/\\\/spawlab.pl\\\/wp-content\\\/uploads\\\/2022\\\/01\\\/olx.jpg\",\"width\":200,\"height\":200,\"caption\":\"Spawlab.pl\"}]}<\/script>\n<meta property=\"product:brand\" content=\"B\u00f6hler\" \/>\n<meta property=\"product:price:amount\" content=\"18749.51\" \/>\n<meta property=\"product:price:currency\" content=\"PLN\" \/>\n<meta property=\"og:availability\" content=\"backorder\" \/>\n<meta property=\"product:availability\" content=\"available for order\" \/>\n<meta property=\"product:retailer_item_id\" content=\"55.12.015\" \/>\n<meta property=\"product:condition\" content=\"new\" \/>\n<!-- \/ Yoast SEO Premium plugin. -->","yoast_head_json":{"title":"B\u00f6hler Welding TERRA 350 RC 3X400V - 55.12.015","description":"B\u00f6hler Welding TERRA 350 RC 3X400V (55.12.015) - 350A industrial MMA welder with MultiLine Three Level\u00ae technology. Professional welding solutions. Check it out at SpawLab!","robots":{"index":"index","follow":"follow","max-snippet":"max-snippet:-1","max-image-preview":"max-image-preview:large","max-video-preview":"max-video-preview:-1"},"canonical":"https:\/\/spawlab.pl\/en\/produkt\/bohler-welding-terra-350-rc-3x400v-55-12-015\/","og_locale":"en_US","og_type":"article","og_title":"B\u00f6hler Welding TERRA 350 RC 3X400V - 55.12.015","og_description":"Lider sprzeda\u017cy, Oficjalny Dystrybutor Premium i Serwis na Polsk\u0119 Migatronic, Gys, Voestalpine Bohler Welding. Nowe i u\u017cywane Spawarki, Przecinarki Plazmowe, Kompresory. Mgr in\u017c. Jaros\u0142aw Ko\u0142aski, IWE","og_url":"https:\/\/spawlab.pl\/en\/produkt\/bohler-welding-terra-350-rc-3x400v-55-12-015\/","og_site_name":"SpawLab - Welding equipment and plasma cutters - store and service","article_publisher":"https:\/\/www.facebook.com\/Spawlab\/","og_image":[{"width":700,"height":570,"url":"https:\/\/spawlab.pl\/wp-content\/uploads\/2025\/06\/Terra_350_Rc.jpg","type":"image\/jpeg"}],"twitter_misc":{"Price":"18 749,51&nbsp;&#122;&#322; (15 243,50&nbsp;&#122;&#322; netto)","Availability":"On backorder"},"schema":{"@context":"https:\/\/schema.org","@graph":[{"@type":["WebPage","ItemPage"],"@id":"https:\/\/spawlab.pl\/en\/produkt\/bohler-welding-terra-350-rc-3x400v-55-12-015\/","url":"https:\/\/spawlab.pl\/en\/produkt\/bohler-welding-terra-350-rc-3x400v-55-12-015\/","name":"B\u00f6hler Welding TERRA 350 RC 3X400V - 55.12.015","isPartOf":{"@id":"https:\/\/spawlab.pl\/en\/#website"},"primaryImageOfPage":{"@id":"https:\/\/spawlab.pl\/en\/produkt\/bohler-welding-terra-350-rc-3x400v-55-12-015\/#primaryimage"},"image":{"@id":"https:\/\/spawlab.pl\/en\/produkt\/bohler-welding-terra-350-rc-3x400v-55-12-015\/#primaryimage"},"thumbnailUrl":"https:\/\/spawlab.pl\/wp-content\/uploads\/2025\/06\/Terra_350_Rc.jpg","datePublished":"2025-07-16T07:34:54+00:00","description":"B\u00f6hler Welding TERRA 350 RC 3X400V (55.12.015) - 350A industrial MMA welder with MultiLine Three Level\u00ae technology. Professional welding solutions. Check it out at SpawLab!","breadcrumb":{"@id":"https:\/\/spawlab.pl\/en\/produkt\/bohler-welding-terra-350-rc-3x400v-55-12-015\/#breadcrumb"},"inLanguage":"en-US","potentialAction":[{"@type":"ReadAction","target":["https:\/\/spawlab.pl\/en\/produkt\/bohler-welding-terra-350-rc-3x400v-55-12-015\/"]}]},{"@type":"ImageObject","inLanguage":"en-US","@id":"https:\/\/spawlab.pl\/en\/produkt\/bohler-welding-terra-350-rc-3x400v-55-12-015\/#primaryimage","url":"https:\/\/spawlab.pl\/wp-content\/uploads\/2025\/06\/Terra_350_Rc.jpg","contentUrl":"https:\/\/spawlab.pl\/wp-content\/uploads\/2025\/06\/Terra_350_Rc.jpg","width":700,"height":570},{"@type":"BreadcrumbList","@id":"https:\/\/spawlab.pl\/en\/produkt\/bohler-welding-terra-350-rc-3x400v-55-12-015\/#breadcrumb","itemListElement":[{"@type":"ListItem","position":1,"name":"Strona g\u0142\u00f3wna","item":"https:\/\/spawlab.pl\/en\/"},{"@type":"ListItem","position":2,"name":"Store","item":"https:\/\/spawlab.pl\/en\/shop\/"},{"@type":"ListItem","position":3,"name":"B\u00f6hler Welding TERRA 350 RC 3X400V &#8211; 55.12.015"}]},{"@type":"WebSite","@id":"https:\/\/spawlab.pl\/en\/#website","url":"https:\/\/spawlab.pl\/en\/","name":"Spawlab.pl Lider - Spawarki, Przecinarki Plazmowe, Kompresory","description":"Urz\u0105dzenia spawalnicze i Przecinarki plazmowe\/ nowe i u\u017cywane \/ Profesjonalny serwis","publisher":{"@id":"https:\/\/spawlab.pl\/en\/#organization"},"alternateName":"Spawlab.pl - Dystrybutor Premium i Serwis na Polske Migatronic, Gys, Voestalpine Bohler Welding","potentialAction":[{"@type":"SearchAction","target":{"@type":"EntryPoint","urlTemplate":"https:\/\/spawlab.pl\/en\/?s={search_term_string}"},"query-input":{"@type":"PropertyValueSpecification","valueRequired":true,"valueName":"search_term_string"}}],"inLanguage":"en-US"},{"@type":["Organization","Place"],"@id":"https:\/\/spawlab.pl\/en\/#organization","name":"Spawlab.pl","url":"https:\/\/spawlab.pl\/en\/","logo":{"@id":"https:\/\/spawlab.pl\/en\/produkt\/bohler-welding-terra-350-rc-3x400v-55-12-015\/#local-main-organization-logo"},"image":{"@id":"https:\/\/spawlab.pl\/en\/produkt\/bohler-welding-terra-350-rc-3x400v-55-12-015\/#local-main-organization-logo"},"sameAs":["https:\/\/www.facebook.com\/Spawlab\/","https:\/\/www.linkedin.com\/company\/spawlab","https:\/\/www.instagram.com\/spawlab.pl","https:\/\/www.tiktok.com\/@spawlab"],"description":"Lider sprzeda\u017cy, Oficjalny Dystrybutor Premium i Serwis na Polsk\u0119 Migatronic, Gys, Voestalpine Bohler Welding. Nowe i u\u017cywane Spawarki, Przecinarki Plazmowe, Kompresory. Mgr in\u017c. Jaros\u0142aw Ko\u0142aski, IWE","hasMerchantReturnPolicy":{"@type":"MerchantReturnPolicy","merchantReturnLink":"https:\/\/spawlab.pl\/polityka-prywatnosci-2\/"},"telephone":[],"openingHoursSpecification":[{"@type":"OpeningHoursSpecification","dayOfWeek":["Monday","Tuesday","Wednesday","Thursday","Friday","Saturday","Sunday"],"opens":"09:00","closes":"17:00"}]},{"@type":"ImageObject","inLanguage":"en-US","@id":"https:\/\/spawlab.pl\/en\/produkt\/bohler-welding-terra-350-rc-3x400v-55-12-015\/#local-main-organization-logo","url":"https:\/\/spawlab.pl\/wp-content\/uploads\/2022\/01\/olx.jpg","contentUrl":"https:\/\/spawlab.pl\/wp-content\/uploads\/2022\/01\/olx.jpg","width":200,"height":200,"caption":"Spawlab.pl"}]},"product_brand":"B\u00f6hler","product_price_amount":"18749.51","product_price_currency":"PLN","og_availability":"backorder","product_availability":"available for order","product_retailer_item_id":"55.12.015","product_condition":"new"},"_links":{"self":[{"href":"https:\/\/spawlab.pl\/en\/wp-json\/wp\/v2\/product\/43129","targetHints":{"allow":["GET"]}}],"collection":[{"href":"https:\/\/spawlab.pl\/en\/wp-json\/wp\/v2\/product"}],"about":[{"href":"https:\/\/spawlab.pl\/en\/wp-json\/wp\/v2\/types\/product"}],"wp:featuredmedia":[{"embeddable":true,"href":"https:\/\/spawlab.pl\/en\/wp-json\/wp\/v2\/media\/41252"}],"wp:attachment":[{"href":"https:\/\/spawlab.pl\/en\/wp-json\/wp\/v2\/media?parent=43129"}],"wp:term":[{"taxonomy":"product_brand","embeddable":true,"href":"https:\/\/spawlab.pl\/en\/wp-json\/wp\/v2\/product_brand?post=43129"},{"taxonomy":"product_cat","embeddable":true,"href":"https:\/\/spawlab.pl\/en\/wp-json\/wp\/v2\/product_cat?post=43129"},{"taxonomy":"product_tag","embeddable":true,"href":"https:\/\/spawlab.pl\/en\/wp-json\/wp\/v2\/product_tag?post=43129"}],"curies":[{"name":"wp","href":"https:\/\/api.w.org\/{rel}","templated":true}]}}