{"id":43154,"date":"2025-07-16T09:34:38","date_gmt":"2025-07-16T07:34:38","guid":{"rendered":"https:\/\/spawlab.pl\/produkt\/bohler-welding-terra-180-tlh-tig-handle-st1700mp-4m-77-57-00613\/"},"modified":"2025-07-16T09:34:38","modified_gmt":"2025-07-16T07:34:38","slug":"bohler-welding-terra-180-tlh-tig-handle-st1700mp-4m-77-57-00613","status":"publish","type":"product","link":"https:\/\/spawlab.pl\/en\/produkt\/bohler-welding-terra-180-tlh-tig-handle-st1700mp-4m-77-57-00613\/","title":{"rendered":"B\u00f6hler Welding TERRA 180 TLH + TIG handle ST1700MP 4M &#8211; 77.57.00613"},"content":{"rendered":"<div class=\"custom-product-section distributor-info spawlab-info\">\n<p><strong>SpawLab &#8211; your Authorized Voestalpine B\u00f6hler Welding Partner in Poland!<\/strong><\/p>\n<p>We are <strong>an official distributor of<\/strong> Voestalpine B\u00f6hler Welding equipment and <strong>an Authorized Service Center in Poland<\/strong>. Our team has undergone <strong>rigorous technical training directly in Italy<\/strong> at the manufacturer&#8217;s centers. <\/p>\n<p>When you choose SpawLab, you are assured of original products, access to B\u00f6hler Welding solutions, professional advice and service support.<\/p>\n<\/div>\n<div class=\"custom-product-section product-intro\">\n<h2 class=\"product-section-title main-product-title\">B\u00f6hler Welding TERRA 180 TLH + TIG handle ST1700MP 4M &#8211; 77.57.00613<\/h2>\n<div class=\"description-content product-marketing-description\">\n<p>The B\u00f6hler Welding TERRA 180 TLH is a professional, compact DC TIG welding source designed for professionals who value mobility, precision and advanced features. With the latest generation of inverter technology and digital control, the TERRA 180 TLH provides excellent arc characteristics for both TIG (with HF or Lift ignition) and MMA welding. It is ideal for precision assembly, workshop and field tasks where reliability and high quality welded joints are important.  <\/p>\n<p>The unit offers advanced TIG features such as Fast Puls (up to 2.5 kHz) for increased speed and minimized distortion, Spot TIG for precise tacking, and Easy Joining to make work easier. It&#8217;s a versatile tool for demanding welders working with stainless steel, carbon steel and other DC weldable materials. <\/p>\n<\/div>\n<\/div>\n<h3 class=\"custom-product-heading advanced-features-heading\">Explore the Advanced Capabilities of TERRA 180 TLH + TIG TORCH ST1700MP 4M<\/h3>\n<div class=\"custom-accordion advanced-features-accordion\">\n<details class=\"custom-accordion-item\">\n<summary class=\"custom-subtitle accordion-title\">\u26a1\ufe0f Precision Fast Puls TIG (up to 2.5 kHz)<\/summary>\n<div class=\"accordion-content\">\n<p>The <strong>Fast Puls TIG<\/strong> function of the B\u00f6hler Welding TERRA 180 TLH, with a pulsation frequency of <strong>up to 2,500 Hz<\/strong>, is revolutionizing DC welding. It ensures <strong>maximum focus of the welding arc<\/strong> and its exceptional stability, even at low currents. <\/p>\n<p>The key benefit for the professional is <strong>a significant increase in welding speed (up to 65-90% compared to traditional TIG)<\/strong> and <strong>a drastic reduction in the heat affected zone (HAZ)<\/strong>. This translates into minimal weld distortion, which is critical when working with thin sheet metal, stainless steel and overheat-sensitive materials. The result is excellent weld quality, better control of the weld pool and an aesthetically pleasing appearance of the joint.  <\/p>\n<\/div>\n<\/details>\n<details class=\"custom-accordion-item\">\n<summary class=\"custom-subtitle accordion-title\">? Spot TIG Precision Spot Welding<\/summary>\n<div class=\"accordion-content\">\n<p>The <strong>Spot TIG<\/strong> function implemented on the TERRA 180 TLH enables <strong>highly precise and repeatable<\/strong> TIG <strong>spot welds<\/strong>. It is an invaluable tool for quickly and accurately tacking <strong>thin sheets of metal prior to basic welding<\/strong> and for creating small, clean and aesthetically pleasing joints. <\/p>\n<p>Thanks to the precise digital control of spot welding time, the user obtains <strong>homogeneous points with minimal heat input<\/strong>, effectively preventing deformation and overheating of the material. The Spot TIG function significantly <strong>speeds up preparation and assembly work<\/strong>, increasing efficiency and quality at every stage of production. <\/p>\n<\/div>\n<\/details>\n<details class=\"custom-accordion-item\">\n<summary class=\"custom-subtitle accordion-title\">? Simplified Easy Joining<\/summary>\n<div class=\"accordion-content\">\n<p>The <strong>Easy Joining<\/strong> function of the B\u00f6hler Welding TERRA 180 TLH has been specially developed to <strong>make the process of TIG welding materials significantly easier and faster<\/strong>. This is particularly beneficial for welders performing serial, repetitive tasks or for those who want to achieve excellent results quickly. <\/p>\n<p>The system <strong>optimizes the parameters of the arc<\/strong>, ensuring <strong>an extremely stable and easy initial formation of the weld pool and smooth guidance of the weld<\/strong>. This reduces the time required to produce an aesthetically pleasing and metallurgically correct joint, while minimizing the risk of errors. Easy Joining is a guarantee of a high-quality weld with less effort and effort on the part of the operator.  <\/p>\n<\/div>\n<\/details>\n<\/div>\n<div class=\"custom-product-section product-specs\">\n<h3 class=\"custom-product-heading specs-heading\">Technical Specifications<\/h3>\n<table class=\"specs-table\">\n<thead>\n<tr>\n<th>Parameter<\/th>\n<th>Value<\/th>\n<\/tr>\n<\/thead>\n<tbody>\n<tr>\n<td>Power supply voltage<\/td>\n<td>1x230V \u00b115% (50\/60 Hz)<\/td>\n<\/tr>\n<tr>\n<td>DC TIG welding current adjustment range<\/td>\n<td>3 A &#8211; 170 A<\/td>\n<\/tr>\n<tr>\n<td>TIG duty cycle (40\u00b0C, EN 60974-1)<\/td>\n<td>45% @ 170 A<\/td>\n<\/tr>\n<tr>\n<td>TIG duty cycle (40\u00b0C, EN 60974-1)<\/td>\n<td>100% @ 140 A<\/td>\n<\/tr>\n<tr>\n<td>MMA welding current control range<\/td>\n<td>3 A &#8211; 170 A<\/td>\n<\/tr>\n<tr>\n<td>MMA duty cycle (40\u00b0C, EN 60974-1)<\/td>\n<td>35% @ 170 A<\/td>\n<\/tr>\n<tr>\n<td>MMA duty cycle (40\u00b0C, EN 60974-1)<\/td>\n<td>100% @ 120 A<\/td>\n<\/tr>\n<tr>\n<td>TIG arc ignition<\/td>\n<td>High Frequency (HF) \/ Lift<\/td>\n<\/tr>\n<tr>\n<td>Maximum pulse frequency (Fast Puls)<\/td>\n<td>Up to 2.5 kHz<\/td>\n<\/tr>\n<tr>\n<td>Dimensions (L x S x W)<\/td>\n<td>410 x 150 x 330 mm<\/td>\n<\/tr>\n<tr>\n<td>Weight<\/td>\n<td>8.4 kg<\/td>\n<\/tr>\n<tr>\n<td>Degree of protection<\/td>\n<td>IP23S<\/td>\n<\/tr>\n<tr>\n<td>Insulation class<\/td>\n<td>H<\/td>\n<\/tr>\n<\/tbody>\n<\/table>\n<\/div>\n<div class=\"custom-product-section product-set-contents\">\n<h3 class=\"custom-product-heading set-contents-heading\">Kit Contents \/ Packaging<\/h3>\n<p>The product (TERRA 180 TLH + TIG handle ST1700MP 4M) is supplied as a single piece, according to the standard of manufacturer Voestalpine B\u00f6hler Welding. The set includes the TERRA 180 TLH power source and a 4-meter-long TIG ST1700MP welding handle. Additional accessories, such as the ground wire and TIG starter kit, are usually available separately.  <\/p>\n<\/div>\n<div class=\"custom-product-section product-features\">\n<h3 class=\"custom-product-heading features-heading\">Key Features and Benefits<\/h3>\n<ul class=\"custom-product-list features-list\">\n<li>? <strong>Compact and Lightweight Design:<\/strong> Weighing just 8.4 kg and compact in size, the TERRA 180 TLH is ideal for mobile work and hard-to-reach areas, increasing operational flexibility.<\/li>\n<li>? A <strong>dvanced DC TIG Features:<\/strong> Access to Fast Puls TIG, Spot TIG and Easy Joining allows for precision welding of thin materials, stainless steel and specialty applications, guaranteeing excellent weld quality and minimal distortion.<\/li>\n<li>?\ufe0f <strong>Reliability and Quality from B\u00f6hler Welding:<\/strong> Designed and manufactured to the highest &#8220;Made in Europe&#8221; standards, the device ensures long life and trouble-free operation even in demanding industrial conditions.<\/li>\n<li>versatile <strong>Versatility of Applications:<\/strong> The ability to TIG DC (HF\/Lift) and MMA (shielded electrode) welding makes this device a versatile tool for a wide range of welding jobs.<\/li>\n<\/ul>\n<\/div>\n<div class=\"custom-product-section product-application\">\n<h3 class=\"custom-product-heading application-heading\">Product Application<\/h3>\n<ul class=\"custom-product-list application-list\">\n<li>?\ufe0f Light workshop and production work<\/li>\n<li>? Assembly of stainless and carbon steel structures<\/li>\n<li>? Bicycle industry and frame manufacturing<\/li>\n<li>\u7ba1\u9053 Repairs and maintenance of pipelines.<\/li>\n<li>? Construction and installation work (plumbing, ventilation)<\/li>\n<li>? Chemical and food industry (stainless steel components)<\/li>\n<li>? Minor automotive repairs<\/li>\n<\/ul>\n<\/div>\n<div class=\"custom-product-section product-summary conclusion\">\n<h3 class=\"custom-product-heading summary-heading\">Summary: TERRA 180 TLH + TIG TORCH ST1700MP 4M &#8211; Your Investment in Quality B\u00f6hler Welding.<\/h3>\n<div class=\"summary-content\">\n<p>? The B\u00f6hler Welding TERRA 180 TLH with ST1700MP 4M TIG handle is synonymous with precision, mobility and advanced DC TIG technology in a compact form. Features such as Fast Pulse, Spot TIG and Easy Joining dramatically improve welding quality and efficiency, making this device an indispensable tool for professionals. When you choose the TERRA 180 TLH, you are investing in &#8220;Made in Europe&#8221; reliability and innovation.  <\/p>\n<p>To discover the full capabilities of the B\u00f6hler Welding TERRA 180 TLH + TIG TORCH ST1700MP 4M and get the best deal, contact the experts at SpawLab &#8211; the official distributor and authorized service center of Voestalpine B\u00f6hler Welding in Poland. Our team, trained in Italy, is at your service. <\/p>\n<\/div>\n<\/div>\n<div class=\"custom-product-section product-codes-info\">\n<p><strong>Part number (Art. No.):<\/strong> 77.57.00613<\/p>\n<\/div>\n","protected":false},"excerpt":{"rendered":"<p>B\u00f6hler Welding TERRA 180 TLH + TIG Handle ST1700MP 4M (77.57.00613) &#8211; Precision DC TIG welding with Fast Puls and Spot TIG. Professional welding solutions. <\/p>\n","protected":false},"featured_media":39001,"template":"","meta":{"inline_featured_image":false},"product_brand":[772],"product_cat":[505,495,474,507],"product_tag":[13531,13427,13499,5015,13500,3473,13502],"class_list":{"0":"post-43154","1":"product","2":"type-product","3":"status-publish","4":"has-post-thumbnail","6":"product_brand-bohler","7":"product_cat-dc-en","8":"product_cat-gas-cooled-en-4","9":"product_cat-new","10":"product_cat-tig-en-2","11":"product_tag-77-57-00613-en","12":"product_tag-bohler-welding-machine","13":"product_tag-bohler-welding-terra-180-tlh-en","14":"product_tag-dc-tig-welder","15":"product_tag-fast-puls-tig-en","16":"product_tag-stainless-steel-welding","17":"product_tag-tig-spot-en","19":"first","20":"onbackorder","21":"taxable","22":"shipping-taxable","23":"purchasable","24":"product-type-simple"},"yoast_head":"<!-- This site is optimized with the Yoast SEO Premium plugin v27.0 (Yoast SEO v27.3) - https:\/\/yoast.com\/product\/yoast-seo-premium-wordpress\/ -->\n<title>B\u00f6hler Welding TERRA 180 TLH + TIG handle ST1700MP 4M - 77.57.00613<\/title>\n<meta name=\"description\" content=\"[B\u00f6hler Welding TERRA 180 TLH + TIG Handle ST1700MP 4M (77.57.00613) - Precision DC TIG welding with Fast Puls and Spot TIG. Professional welding solutions. Check it out at SpawLab!]\" \/>\n<meta name=\"robots\" content=\"index, follow, max-snippet:-1, max-image-preview:large, max-video-preview:-1\" \/>\n<link rel=\"canonical\" href=\"https:\/\/spawlab.pl\/en\/produkt\/bohler-welding-terra-180-tlh-tig-handle-st1700mp-4m-77-57-00613\/\" \/>\n<meta property=\"og:locale\" content=\"en_US\" \/>\n<meta property=\"og:type\" content=\"article\" \/>\n<meta property=\"og:title\" content=\"B\u00f6hler Welding TERRA 180 TLH + TIG handle ST1700MP 4M - 77.57.00613\" \/>\n<meta property=\"og:description\" content=\"Lider sprzeda\u017cy, Oficjalny Dystrybutor Premium i Serwis na Polsk\u0119 Migatronic, Gys, Voestalpine Bohler Welding. Nowe i u\u017cywane Spawarki, Przecinarki Plazmowe, Kompresory. Mgr in\u017c. Jaros\u0142aw Ko\u0142aski, IWE\" \/>\n<meta property=\"og:url\" content=\"https:\/\/spawlab.pl\/en\/produkt\/bohler-welding-terra-180-tlh-tig-handle-st1700mp-4m-77-57-00613\/\" \/>\n<meta property=\"og:site_name\" content=\"SpawLab - Welding equipment and plasma cutters - store and service\" \/>\n<meta property=\"article:publisher\" content=\"https:\/\/www.facebook.com\/Spawlab\/\" \/>\n<meta property=\"og:image\" content=\"https:\/\/spawlab.pl\/wp-content\/uploads\/2025\/06\/77.57.00601-BW-515.jpg\" \/>\n\t<meta property=\"og:image:width\" content=\"515\" \/>\n\t<meta property=\"og:image:height\" content=\"515\" \/>\n\t<meta property=\"og:image:type\" content=\"image\/jpeg\" \/>\n<meta name=\"twitter:label1\" content=\"Price\" \/>\n\t<meta name=\"twitter:data1\" content=\"10 710,23&nbsp;&#122;&#322; (8 707,50&nbsp;&#122;&#322; netto)\" \/>\n\t<meta name=\"twitter:label2\" content=\"Availability\" \/>\n\t<meta name=\"twitter:data2\" content=\"On backorder\" \/>\n<script type=\"application\/ld+json\" class=\"yoast-schema-graph\">{\"@context\":\"https:\\\/\\\/schema.org\",\"@graph\":[{\"@type\":[\"WebPage\",\"ItemPage\"],\"@id\":\"https:\\\/\\\/spawlab.pl\\\/en\\\/produkt\\\/bohler-welding-terra-180-tlh-tig-handle-st1700mp-4m-77-57-00613\\\/\",\"url\":\"https:\\\/\\\/spawlab.pl\\\/en\\\/produkt\\\/bohler-welding-terra-180-tlh-tig-handle-st1700mp-4m-77-57-00613\\\/\",\"name\":\"B\u00f6hler Welding TERRA 180 TLH + TIG handle ST1700MP 4M - 77.57.00613\",\"isPartOf\":{\"@id\":\"https:\\\/\\\/spawlab.pl\\\/en\\\/#website\"},\"primaryImageOfPage\":{\"@id\":\"https:\\\/\\\/spawlab.pl\\\/en\\\/produkt\\\/bohler-welding-terra-180-tlh-tig-handle-st1700mp-4m-77-57-00613\\\/#primaryimage\"},\"image\":{\"@id\":\"https:\\\/\\\/spawlab.pl\\\/en\\\/produkt\\\/bohler-welding-terra-180-tlh-tig-handle-st1700mp-4m-77-57-00613\\\/#primaryimage\"},\"thumbnailUrl\":\"https:\\\/\\\/spawlab.pl\\\/wp-content\\\/uploads\\\/2025\\\/06\\\/77.57.00601-BW-515.jpg\",\"datePublished\":\"2025-07-16T07:34:38+00:00\",\"description\":\"[B\u00f6hler Welding TERRA 180 TLH + TIG Handle ST1700MP 4M (77.57.00613) - Precision DC TIG welding with Fast Puls and Spot TIG. Professional welding solutions. Check it out at SpawLab!]\",\"breadcrumb\":{\"@id\":\"https:\\\/\\\/spawlab.pl\\\/en\\\/produkt\\\/bohler-welding-terra-180-tlh-tig-handle-st1700mp-4m-77-57-00613\\\/#breadcrumb\"},\"inLanguage\":\"en-US\",\"potentialAction\":[{\"@type\":\"ReadAction\",\"target\":[\"https:\\\/\\\/spawlab.pl\\\/en\\\/produkt\\\/bohler-welding-terra-180-tlh-tig-handle-st1700mp-4m-77-57-00613\\\/\"]}]},{\"@type\":\"ImageObject\",\"inLanguage\":\"en-US\",\"@id\":\"https:\\\/\\\/spawlab.pl\\\/en\\\/produkt\\\/bohler-welding-terra-180-tlh-tig-handle-st1700mp-4m-77-57-00613\\\/#primaryimage\",\"url\":\"https:\\\/\\\/spawlab.pl\\\/wp-content\\\/uploads\\\/2025\\\/06\\\/77.57.00601-BW-515.jpg\",\"contentUrl\":\"https:\\\/\\\/spawlab.pl\\\/wp-content\\\/uploads\\\/2025\\\/06\\\/77.57.00601-BW-515.jpg\",\"width\":515,\"height\":515},{\"@type\":\"BreadcrumbList\",\"@id\":\"https:\\\/\\\/spawlab.pl\\\/en\\\/produkt\\\/bohler-welding-terra-180-tlh-tig-handle-st1700mp-4m-77-57-00613\\\/#breadcrumb\",\"itemListElement\":[{\"@type\":\"ListItem\",\"position\":1,\"name\":\"Strona g\u0142\u00f3wna\",\"item\":\"https:\\\/\\\/spawlab.pl\\\/en\\\/\"},{\"@type\":\"ListItem\",\"position\":2,\"name\":\"Store\",\"item\":\"https:\\\/\\\/spawlab.pl\\\/en\\\/shop\\\/\"},{\"@type\":\"ListItem\",\"position\":3,\"name\":\"B\u00f6hler Welding TERRA 180 TLH + TIG handle ST1700MP 4M &#8211; 77.57.00613\"}]},{\"@type\":\"WebSite\",\"@id\":\"https:\\\/\\\/spawlab.pl\\\/en\\\/#website\",\"url\":\"https:\\\/\\\/spawlab.pl\\\/en\\\/\",\"name\":\"Spawlab.pl Lider - Spawarki, Przecinarki Plazmowe, Kompresory\",\"description\":\"Urz\u0105dzenia spawalnicze i Przecinarki plazmowe\\\/ nowe i u\u017cywane \\\/ Profesjonalny serwis\",\"publisher\":{\"@id\":\"https:\\\/\\\/spawlab.pl\\\/en\\\/#organization\"},\"alternateName\":\"Spawlab.pl - Dystrybutor Premium i Serwis na Polske Migatronic, Gys, Voestalpine Bohler Welding\",\"potentialAction\":[{\"@type\":\"SearchAction\",\"target\":{\"@type\":\"EntryPoint\",\"urlTemplate\":\"https:\\\/\\\/spawlab.pl\\\/en\\\/?s={search_term_string}\"},\"query-input\":{\"@type\":\"PropertyValueSpecification\",\"valueRequired\":true,\"valueName\":\"search_term_string\"}}],\"inLanguage\":\"en-US\"},{\"@type\":[\"Organization\",\"Place\"],\"@id\":\"https:\\\/\\\/spawlab.pl\\\/en\\\/#organization\",\"name\":\"Spawlab.pl\",\"url\":\"https:\\\/\\\/spawlab.pl\\\/en\\\/\",\"logo\":{\"@id\":\"https:\\\/\\\/spawlab.pl\\\/en\\\/produkt\\\/bohler-welding-terra-180-tlh-tig-handle-st1700mp-4m-77-57-00613\\\/#local-main-organization-logo\"},\"image\":{\"@id\":\"https:\\\/\\\/spawlab.pl\\\/en\\\/produkt\\\/bohler-welding-terra-180-tlh-tig-handle-st1700mp-4m-77-57-00613\\\/#local-main-organization-logo\"},\"sameAs\":[\"https:\\\/\\\/www.facebook.com\\\/Spawlab\\\/\",\"https:\\\/\\\/www.linkedin.com\\\/company\\\/spawlab\",\"https:\\\/\\\/www.instagram.com\\\/spawlab.pl\",\"https:\\\/\\\/www.tiktok.com\\\/@spawlab\"],\"description\":\"Lider sprzeda\u017cy, Oficjalny Dystrybutor Premium i Serwis na Polsk\u0119 Migatronic, Gys, Voestalpine Bohler Welding. Nowe i u\u017cywane Spawarki, Przecinarki Plazmowe, Kompresory. Mgr in\u017c. Jaros\u0142aw Ko\u0142aski, IWE\",\"hasMerchantReturnPolicy\":{\"@type\":\"MerchantReturnPolicy\",\"merchantReturnLink\":\"https:\\\/\\\/spawlab.pl\\\/polityka-prywatnosci-2\\\/\"},\"telephone\":[],\"openingHoursSpecification\":[{\"@type\":\"OpeningHoursSpecification\",\"dayOfWeek\":[\"Monday\",\"Tuesday\",\"Wednesday\",\"Thursday\",\"Friday\",\"Saturday\",\"Sunday\"],\"opens\":\"09:00\",\"closes\":\"17:00\"}]},{\"@type\":\"ImageObject\",\"inLanguage\":\"en-US\",\"@id\":\"https:\\\/\\\/spawlab.pl\\\/en\\\/produkt\\\/bohler-welding-terra-180-tlh-tig-handle-st1700mp-4m-77-57-00613\\\/#local-main-organization-logo\",\"url\":\"https:\\\/\\\/spawlab.pl\\\/wp-content\\\/uploads\\\/2022\\\/01\\\/olx.jpg\",\"contentUrl\":\"https:\\\/\\\/spawlab.pl\\\/wp-content\\\/uploads\\\/2022\\\/01\\\/olx.jpg\",\"width\":200,\"height\":200,\"caption\":\"Spawlab.pl\"}]}<\/script>\n<meta property=\"product:brand\" content=\"B\u00f6hler\" \/>\n<meta property=\"product:price:amount\" content=\"10710.23\" \/>\n<meta property=\"product:price:currency\" content=\"PLN\" \/>\n<meta property=\"og:availability\" content=\"backorder\" \/>\n<meta property=\"product:availability\" content=\"available for order\" \/>\n<meta property=\"product:retailer_item_id\" content=\"77.57.00613\" \/>\n<meta property=\"product:condition\" content=\"new\" \/>\n<!-- \/ Yoast SEO Premium plugin. -->","yoast_head_json":{"title":"B\u00f6hler Welding TERRA 180 TLH + TIG handle ST1700MP 4M - 77.57.00613","description":"[B\u00f6hler Welding TERRA 180 TLH + TIG Handle ST1700MP 4M (77.57.00613) - Precision DC TIG welding with Fast Puls and Spot TIG. Professional welding solutions. Check it out at SpawLab!]","robots":{"index":"index","follow":"follow","max-snippet":"max-snippet:-1","max-image-preview":"max-image-preview:large","max-video-preview":"max-video-preview:-1"},"canonical":"https:\/\/spawlab.pl\/en\/produkt\/bohler-welding-terra-180-tlh-tig-handle-st1700mp-4m-77-57-00613\/","og_locale":"en_US","og_type":"article","og_title":"B\u00f6hler Welding TERRA 180 TLH + TIG handle ST1700MP 4M - 77.57.00613","og_description":"Lider sprzeda\u017cy, Oficjalny Dystrybutor Premium i Serwis na Polsk\u0119 Migatronic, Gys, Voestalpine Bohler Welding. Nowe i u\u017cywane Spawarki, Przecinarki Plazmowe, Kompresory. Mgr in\u017c. Jaros\u0142aw Ko\u0142aski, IWE","og_url":"https:\/\/spawlab.pl\/en\/produkt\/bohler-welding-terra-180-tlh-tig-handle-st1700mp-4m-77-57-00613\/","og_site_name":"SpawLab - Welding equipment and plasma cutters - store and service","article_publisher":"https:\/\/www.facebook.com\/Spawlab\/","og_image":[{"width":515,"height":515,"url":"https:\/\/spawlab.pl\/wp-content\/uploads\/2025\/06\/77.57.00601-BW-515.jpg","type":"image\/jpeg"}],"twitter_misc":{"Price":"10 710,23&nbsp;&#122;&#322; (8 707,50&nbsp;&#122;&#322; netto)","Availability":"On backorder"},"schema":{"@context":"https:\/\/schema.org","@graph":[{"@type":["WebPage","ItemPage"],"@id":"https:\/\/spawlab.pl\/en\/produkt\/bohler-welding-terra-180-tlh-tig-handle-st1700mp-4m-77-57-00613\/","url":"https:\/\/spawlab.pl\/en\/produkt\/bohler-welding-terra-180-tlh-tig-handle-st1700mp-4m-77-57-00613\/","name":"B\u00f6hler Welding TERRA 180 TLH + TIG handle ST1700MP 4M - 77.57.00613","isPartOf":{"@id":"https:\/\/spawlab.pl\/en\/#website"},"primaryImageOfPage":{"@id":"https:\/\/spawlab.pl\/en\/produkt\/bohler-welding-terra-180-tlh-tig-handle-st1700mp-4m-77-57-00613\/#primaryimage"},"image":{"@id":"https:\/\/spawlab.pl\/en\/produkt\/bohler-welding-terra-180-tlh-tig-handle-st1700mp-4m-77-57-00613\/#primaryimage"},"thumbnailUrl":"https:\/\/spawlab.pl\/wp-content\/uploads\/2025\/06\/77.57.00601-BW-515.jpg","datePublished":"2025-07-16T07:34:38+00:00","description":"[B\u00f6hler Welding TERRA 180 TLH + TIG Handle ST1700MP 4M (77.57.00613) - Precision DC TIG welding with Fast Puls and Spot TIG. Professional welding solutions. Check it out at SpawLab!]","breadcrumb":{"@id":"https:\/\/spawlab.pl\/en\/produkt\/bohler-welding-terra-180-tlh-tig-handle-st1700mp-4m-77-57-00613\/#breadcrumb"},"inLanguage":"en-US","potentialAction":[{"@type":"ReadAction","target":["https:\/\/spawlab.pl\/en\/produkt\/bohler-welding-terra-180-tlh-tig-handle-st1700mp-4m-77-57-00613\/"]}]},{"@type":"ImageObject","inLanguage":"en-US","@id":"https:\/\/spawlab.pl\/en\/produkt\/bohler-welding-terra-180-tlh-tig-handle-st1700mp-4m-77-57-00613\/#primaryimage","url":"https:\/\/spawlab.pl\/wp-content\/uploads\/2025\/06\/77.57.00601-BW-515.jpg","contentUrl":"https:\/\/spawlab.pl\/wp-content\/uploads\/2025\/06\/77.57.00601-BW-515.jpg","width":515,"height":515},{"@type":"BreadcrumbList","@id":"https:\/\/spawlab.pl\/en\/produkt\/bohler-welding-terra-180-tlh-tig-handle-st1700mp-4m-77-57-00613\/#breadcrumb","itemListElement":[{"@type":"ListItem","position":1,"name":"Strona g\u0142\u00f3wna","item":"https:\/\/spawlab.pl\/en\/"},{"@type":"ListItem","position":2,"name":"Store","item":"https:\/\/spawlab.pl\/en\/shop\/"},{"@type":"ListItem","position":3,"name":"B\u00f6hler Welding TERRA 180 TLH + TIG handle ST1700MP 4M &#8211; 77.57.00613"}]},{"@type":"WebSite","@id":"https:\/\/spawlab.pl\/en\/#website","url":"https:\/\/spawlab.pl\/en\/","name":"Spawlab.pl Lider - Spawarki, Przecinarki Plazmowe, Kompresory","description":"Urz\u0105dzenia spawalnicze i Przecinarki plazmowe\/ nowe i u\u017cywane \/ Profesjonalny serwis","publisher":{"@id":"https:\/\/spawlab.pl\/en\/#organization"},"alternateName":"Spawlab.pl - Dystrybutor Premium i Serwis na Polske Migatronic, Gys, Voestalpine Bohler Welding","potentialAction":[{"@type":"SearchAction","target":{"@type":"EntryPoint","urlTemplate":"https:\/\/spawlab.pl\/en\/?s={search_term_string}"},"query-input":{"@type":"PropertyValueSpecification","valueRequired":true,"valueName":"search_term_string"}}],"inLanguage":"en-US"},{"@type":["Organization","Place"],"@id":"https:\/\/spawlab.pl\/en\/#organization","name":"Spawlab.pl","url":"https:\/\/spawlab.pl\/en\/","logo":{"@id":"https:\/\/spawlab.pl\/en\/produkt\/bohler-welding-terra-180-tlh-tig-handle-st1700mp-4m-77-57-00613\/#local-main-organization-logo"},"image":{"@id":"https:\/\/spawlab.pl\/en\/produkt\/bohler-welding-terra-180-tlh-tig-handle-st1700mp-4m-77-57-00613\/#local-main-organization-logo"},"sameAs":["https:\/\/www.facebook.com\/Spawlab\/","https:\/\/www.linkedin.com\/company\/spawlab","https:\/\/www.instagram.com\/spawlab.pl","https:\/\/www.tiktok.com\/@spawlab"],"description":"Lider sprzeda\u017cy, Oficjalny Dystrybutor Premium i Serwis na Polsk\u0119 Migatronic, Gys, Voestalpine Bohler Welding. Nowe i u\u017cywane Spawarki, Przecinarki Plazmowe, Kompresory. Mgr in\u017c. Jaros\u0142aw Ko\u0142aski, IWE","hasMerchantReturnPolicy":{"@type":"MerchantReturnPolicy","merchantReturnLink":"https:\/\/spawlab.pl\/polityka-prywatnosci-2\/"},"telephone":[],"openingHoursSpecification":[{"@type":"OpeningHoursSpecification","dayOfWeek":["Monday","Tuesday","Wednesday","Thursday","Friday","Saturday","Sunday"],"opens":"09:00","closes":"17:00"}]},{"@type":"ImageObject","inLanguage":"en-US","@id":"https:\/\/spawlab.pl\/en\/produkt\/bohler-welding-terra-180-tlh-tig-handle-st1700mp-4m-77-57-00613\/#local-main-organization-logo","url":"https:\/\/spawlab.pl\/wp-content\/uploads\/2022\/01\/olx.jpg","contentUrl":"https:\/\/spawlab.pl\/wp-content\/uploads\/2022\/01\/olx.jpg","width":200,"height":200,"caption":"Spawlab.pl"}]},"product_brand":"B\u00f6hler","product_price_amount":"10710.23","product_price_currency":"PLN","og_availability":"backorder","product_availability":"available for order","product_retailer_item_id":"77.57.00613","product_condition":"new"},"_links":{"self":[{"href":"https:\/\/spawlab.pl\/en\/wp-json\/wp\/v2\/product\/43154","targetHints":{"allow":["GET"]}}],"collection":[{"href":"https:\/\/spawlab.pl\/en\/wp-json\/wp\/v2\/product"}],"about":[{"href":"https:\/\/spawlab.pl\/en\/wp-json\/wp\/v2\/types\/product"}],"wp:featuredmedia":[{"embeddable":true,"href":"https:\/\/spawlab.pl\/en\/wp-json\/wp\/v2\/media\/39001"}],"wp:attachment":[{"href":"https:\/\/spawlab.pl\/en\/wp-json\/wp\/v2\/media?parent=43154"}],"wp:term":[{"taxonomy":"product_brand","embeddable":true,"href":"https:\/\/spawlab.pl\/en\/wp-json\/wp\/v2\/product_brand?post=43154"},{"taxonomy":"product_cat","embeddable":true,"href":"https:\/\/spawlab.pl\/en\/wp-json\/wp\/v2\/product_cat?post=43154"},{"taxonomy":"product_tag","embeddable":true,"href":"https:\/\/spawlab.pl\/en\/wp-json\/wp\/v2\/product_tag?post=43154"}],"curies":[{"name":"wp","href":"https:\/\/api.w.org\/{rel}","templated":true}]}}