{"id":43168,"date":"2025-07-09T23:45:40","date_gmt":"2025-07-09T21:45:40","guid":{"rendered":"https:\/\/spawlab.pl\/produkt\/bohler-welding-st-4000-fx-u-d-tig-welding-gun-4m-liquid-cooled-81-32-271\/"},"modified":"2025-07-09T23:45:40","modified_gmt":"2025-07-09T21:45:40","slug":"bohler-welding-st-4000-fx-u-d-tig-welding-gun-4m-liquid-cooled-81-32-271","status":"publish","type":"product","link":"https:\/\/spawlab.pl\/en\/produkt\/bohler-welding-st-4000-fx-u-d-tig-welding-gun-4m-liquid-cooled-81-32-271\/","title":{"rendered":"B\u00f6hler Welding ST 4000 FX U\/D TIG welding gun &#8211; 4m &#8211; Liquid-cooled &#8211; 81.32.271"},"content":{"rendered":"<div class=\"custom-product-section distributor-info spawlab-info\">\n<p><strong>SpawLab &#8211; your Authorized Voestalpine B\u00f6hler Welding Partner in Poland!<\/strong><\/p>\n<p>We are <strong>an official distributor of<\/strong> Voestalpine B\u00f6hler Welding equipment and <strong>an Authorized Service Center in Poland<\/strong>. Our team has undergone <strong>rigorous technical training directly in Italy<\/strong> at the manufacturer&#8217;s centers. <\/p>\n<p>When you choose SpawLab, you are assured of original products, access to B\u00f6hler Welding solutions, professional advice and service support.<\/p>\n<\/div>\n<div class=\"custom-product-section product-intro\">\n<h2 class=\"product-section-title main-product-title\">B\u00f6hler Welding ST 4000 FX U\/D TIG welding gun &#8211; 4m &#8211; Liquid-cooled &#8211; 81.32.271<\/h2>\n<div class=\"description-content product-marketing-description\">\n<p>The B\u00f6hler Welding ST 4000 FX U\/D TIG professional liquid-cooled 4-meter long welding handle is designed for the most demanding industrial applications. Featuring intuitive Up\/Down (U\/D) welding parameter control directly on the handle, it gives the welder maximum control over the process without interrupting the work. Its robust design and powerful liquid cooling guarantee reliability and high performance even when welding with high currents, making it the ideal tool for professionals who expect the highest quality and precision from Voestalpine B\u00f6hler Welding.  <\/p>\n<p>The ST 4000 FX U\/D TIG chuck is a key component of B\u00f6hler Welding&#8217;s &#8216;Full Welding Solutions&#8217;, designed to work optimally with the brand&#8217;s advanced TIG welding sources, enabling full use of their innovative features. Dedicated to professionals in industries such as heavy industry, power generation, shipyards and automotive, where every detail and uncompromising weld quality counts. <\/p>\n<\/div>\n<\/div>\n<h3 class=\"custom-product-heading advanced-features-heading\">Explore the Advanced Capabilities of the ST 4000 FX U\/D TIG WELDING TORCH &#8211; 4m &#8211; LIQUID COOLED<\/h3>\n<div class=\"custom-accordion advanced-features-accordion\">\n<details class=\"custom-accordion-item\">\n<summary class=\"custom-subtitle accordion-title\">\u2b06\ufe0f\u2b07\ufe0f Precision Up\/Down Parameter Control (U\/D)<\/summary>\n<div class=\"accordion-content\">\n<p>The integrated Up\/Down (U\/D) function on the B\u00f6hler Welding ST 4000 FX TIG handle is the key to <strong>maximum control over the welding process without taking your hands off the job<\/strong>. Buttons ergonomically located on the handle allow you to <strong>instantly adjust the welding current or other selected parameters<\/strong> (depending on the capabilities of the B\u00f6hler Welding power source). <\/p>\n<p>For the professional, this means <strong>a significant increase in efficiency and precision<\/strong>, especially when welding workpieces with variable thicknesses, in forced positions or when using the advanced pulse functions of B\u00f6hler Welding&#8217;s TIG sources. The ability to fine-tune parameters &#8220;on the fly&#8221; <strong>minimizes the risk of errors, reduces the number of corrections and produces welds of excellent quality and repeatability<\/strong>. This technology is invaluable for jobs requiring focus and the highest quality, such as welding stainless steels, aluminum or special alloys.  <\/p>\n<\/div>\n<\/details>\n<details class=\"custom-accordion-item\">\n<summary class=\"custom-subtitle accordion-title\">? Flexible Torch Body FX (Flexible Torch Body)<\/summary>\n<div class=\"accordion-content\">\n<p>The FX design, or Flexible Torch Body, in the B\u00f6hler Welding ST 4000 FX U\/D TIG <strong>torch<\/strong> holder is an innovative solution that significantly improves comfort and ergonomics. Thanks to the ability to <strong>easily adjust the angle of the torch head<\/strong>, the welder gains <strong>unparalleled freedom of maneuverability and optimal access to welds in hard-to-reach places<\/strong> and with complex joint geometries. <\/p>\n<p>The benefits for the professional are tangible: <strong>reduced operator fatigue<\/strong> during prolonged work, <strong>the ability to maintain a more stable arc<\/strong> due to better torch alignment, and <strong>improved weld quality and aesthetics<\/strong> through more precise electrode guidance. The flexibility of the FX body, combined with the quality of B\u00f6hler Welding&#8217;s workmanship, makes this holder a tool that <strong>adapts to the welder and<\/strong> the <strong>task<\/strong>, not the other way around, which is crucial in demanding industries. <\/p>\n<\/div>\n<\/details>\n<\/div>\n<div class=\"custom-product-section product-specs\">\n<h3 class=\"custom-product-heading specs-heading\">Technical Specifications<\/h3>\n<table class=\"specs-table\">\n<thead>\n<tr>\n<th>Parameter<\/th>\n<th>Value<\/th>\n<\/tr>\n<\/thead>\n<tbody>\n<tr>\n<td>Catalog Number (Art. No.)<\/td>\n<td>81.32.271<\/td>\n<\/tr>\n<tr>\n<td>Model<\/td>\n<td>ST 4000 FX U\/D TIG<\/td>\n<\/tr>\n<tr>\n<td>Cooling<\/td>\n<td>Liquid Cooled<\/td>\n<\/tr>\n<tr>\n<td>Cable package length<\/td>\n<td>4 m<\/td>\n<\/tr>\n<tr>\n<td>Current carrying capacity (100% duty cycle)<\/td>\n<td>400 A (DC) \/ 280 A (AC)<\/td>\n<\/tr>\n<tr>\n<td>Recommended diameters of tungsten electrodes<\/td>\n<td>0.5 &#8211; 4.0 mm<\/td>\n<\/tr>\n<tr>\n<td>Type of control<\/td>\n<td>Integrated Up\/Down (U\/D) buttons for parameter adjustment<\/td>\n<\/tr>\n<tr>\n<td>Torch body<\/td>\n<td>Flexible (FX &#8211; Flexible Torch Body)<\/td>\n<\/tr>\n<\/tbody>\n<\/table>\n<\/div>\n<div class=\"custom-product-section product-set-contents\">\n<h3 class=\"custom-product-heading set-contents-heading\">Kit Contents \/ Packaging<\/h3>\n<p>? The product (ST 4000 FX U\/D TIG WELDING TORCH &#8211; 4m &#8211; LIQUID COOLED) is supplied as a single piece, according to the standard of manufacturer Voestalpine B\u00f6hler Welding. Additional accessories, such as tungsten electrodes, ceramic nozzles or collets, are usually available separately. The product is sold by the piece.  <\/p>\n<\/div>\n<div class=\"custom-product-section product-features\">\n<h3 class=\"custom-product-heading features-heading\">Key Features and Benefits<\/h3>\n<ul class=\"custom-product-list features-list\">\n<li>?\ufe0f <strong>Integrated Up\/Down (U\/D) control:<\/strong> Direct control of welding parameters on the handle allows smooth adjustment of current during operation, which reduces operation time and increases weld precision.<\/li>\n<li>? <strong>Efficient liquid cooling:<\/strong> Ensures optimum torch operating temperature even when welding with high currents and long cycles, resulting in longer life of consumable parts and higher welder comfort.<\/li>\n<li>? F <strong>lexible FX torch body:<\/strong> Guarantees excellent maneuverability and access to hard-to-reach welding areas, minimizing operator fatigue and improving joint quality.<\/li>\n<li>?? <strong>Quality &#8216;Made in Europe&#8217; by B\u00f6hler Welding:<\/strong> Robust construction and the use of the highest quality materials ensure the chuck&#8217;s exceptional durability and reliability under demanding industrial conditions, reducing downtime and service costs.<\/li>\n<\/ul>\n<\/div>\n<div class=\"custom-product-section product-application\">\n<h3 class=\"custom-product-heading application-heading\">Product Application<\/h3>\n<ul class=\"custom-product-list application-list\">\n<li>The professional TIG chuck B\u00f6hler Welding ST 4000 FX U\/D is used in:<\/li>\n<li>? High-performance welding of structural, stainless and acid-resistant steels.<\/li>\n<li>\u2708\ufe0f Welding of aluminum, magnesium and their alloys (in cooperation with AC\/DC sources).<\/li>\n<li>?\ufe0f Manufacturing and assembly of pipelines, pressure vessels and heat exchangers.<\/li>\n<li>\u2699\ufe0f Heavy industry, shipbuilding, energy, chemical and petrochemical industries.<\/li>\n<li>? Building machinery, rail vehicles and steel structures with high quality requirements.<\/li>\n<li>? Overhaul and reconditioning work requiring precision and control of the TIG process.<\/li>\n<\/ul>\n<\/div>\n<div class=\"custom-product-section product-summary conclusion\">\n<h3 class=\"custom-product-heading summary-heading\">Summary: ST 4000 FX U\/D TIG WELDING TORCH &#8211; 4m &#8211; LIQUID COOLED &#8211; Your Investment in Quality B\u00f6hler Welding.<\/h3>\n<div class=\"summary-content\">\n<p>? The B\u00f6hler Welding ST 4000 FX U\/D TIG chuck is synonymous with precision, power and reliability for professional TIG welding. The integrated Up\/Down control and powerful liquid cooling allow you to fully exploit the potential of B\u00f6hler Welding&#8217;s advanced welding sources, guaranteeing top quality welds and optimized uptime. When you choose this fixture, you are investing in &#8216;Made in Europe&#8217; technology that meets the toughest industrial challenges.  <\/p>\n<p>To discover the full capabilities of the B\u00f6hler Welding ST 4000 FX U\/D TIG WELDING TORCH &#8211; 4m &#8211; LIQUID COOLED and get the best deal, contact the experts at SpawLab &#8211; the official distributor and authorized service provider of Voestalpine B\u00f6hler Welding in Poland. Our team, trained in Italy, is at your service. <\/p>\n<\/div>\n<\/div>\n<div class=\"custom-product-section product-codes-info\">\n<p><strong>Part number (Art. No.):<\/strong> 81.32.271<\/p>\n<\/div>\n","protected":false},"excerpt":{"rendered":"<p>B\u00f6hler Welding ST 4000 FX U\/D Liquid-Cooled TIG Handle 4m (81.32.271) &#8211; Precision control and high current welding. Professional solutions. <\/p>\n","protected":false},"featured_media":38560,"template":"","meta":{"inline_featured_image":false},"product_brand":[772],"product_cat":[11536,5686],"product_tag":[13556,11739,13554,3663,11947,3585,13552],"class_list":{"0":"post-43168","1":"product","2":"type-product","3":"status-publish","4":"has-post-thumbnail","6":"product_brand-bohler","7":"product_cat-bohler-en-2","8":"product_cat-brand-zone","9":"product_tag-81-32-271-en","10":"product_tag-bohler-welding-accessories-en","11":"product_tag-bohler-welding-st-4000-fx-en","12":"product_tag-liquid-cooling","13":"product_tag-tig-handle","14":"product_tag-tig-welding","15":"product_tag-u-d-tig-handle","17":"first","18":"onbackorder","19":"taxable","20":"shipping-taxable","21":"purchasable","22":"product-type-simple"},"yoast_head":"<!-- This site is optimized with the Yoast SEO Premium plugin v27.5 (Yoast SEO v27.6) - https:\/\/yoast.com\/product\/yoast-seo-premium-wordpress\/ -->\n<title>B\u00f6hler Welding ST 4000 FX U\/D TIG welding gun - 4m - Liquid-cooled - 81.32.271<\/title>\n<meta name=\"description\" content=\"B\u00f6hler Welding ST 4000 FX U\/D Liquid-Cooled TIG Handle 4m (81.32.271) - Precision control and high current welding. Professional solutions. Check it out at SpawLab!\" \/>\n<meta name=\"robots\" content=\"index, follow, max-snippet:-1, max-image-preview:large, max-video-preview:-1\" \/>\n<link rel=\"canonical\" href=\"https:\/\/spawlab.pl\/en\/produkt\/bohler-welding-st-4000-fx-u-d-tig-welding-gun-4m-liquid-cooled-81-32-271\/\" \/>\n<meta property=\"og:locale\" content=\"en_US\" \/>\n<meta property=\"og:type\" content=\"article\" \/>\n<meta property=\"og:title\" content=\"B\u00f6hler Welding ST 4000 FX U\/D TIG welding gun - 4m - Liquid-cooled - 81.32.271\" \/>\n<meta property=\"og:description\" content=\"Lider sprzeda\u017cy, Oficjalny Dystrybutor Premium i Serwis na Polsk\u0119 Migatronic, Gys, Voestalpine Bohler Welding. Nowe i u\u017cywane Spawarki, Przecinarki Plazmowe, Kompresory. Mgr in\u017c. Jaros\u0142aw Ko\u0142aski, IWE\" \/>\n<meta property=\"og:url\" content=\"https:\/\/spawlab.pl\/en\/produkt\/bohler-welding-st-4000-fx-u-d-tig-welding-gun-4m-liquid-cooled-81-32-271\/\" \/>\n<meta property=\"og:site_name\" content=\"SpawLab - Welding equipment and plasma cutters - store and service\" \/>\n<meta property=\"article:publisher\" content=\"https:\/\/www.facebook.com\/Spawlab\/\" \/>\n<meta property=\"og:image\" content=\"https:\/\/spawlab.pl\/wp-content\/uploads\/2025\/06\/Frame-1-scaled.png\" \/>\n\t<meta property=\"og:image:width\" content=\"2560\" \/>\n\t<meta property=\"og:image:height\" content=\"2197\" \/>\n\t<meta property=\"og:image:type\" content=\"image\/png\" \/>\n<meta name=\"twitter:label1\" content=\"Price\" \/>\n\t<meta name=\"twitter:data1\" content=\"2 422,36&nbsp;&#122;&#322; (1 969,40&nbsp;&#122;&#322; netto)\" \/>\n\t<meta name=\"twitter:label2\" content=\"Availability\" \/>\n\t<meta name=\"twitter:data2\" content=\"On backorder\" \/>\n<script type=\"application\/ld+json\" class=\"yoast-schema-graph\">{\"@context\":\"https:\\\/\\\/schema.org\",\"@graph\":[{\"@type\":[\"WebPage\",\"ItemPage\"],\"@id\":\"https:\\\/\\\/spawlab.pl\\\/en\\\/produkt\\\/bohler-welding-st-4000-fx-u-d-tig-welding-gun-4m-liquid-cooled-81-32-271\\\/\",\"url\":\"https:\\\/\\\/spawlab.pl\\\/en\\\/produkt\\\/bohler-welding-st-4000-fx-u-d-tig-welding-gun-4m-liquid-cooled-81-32-271\\\/\",\"name\":\"B\u00f6hler Welding ST 4000 FX U\\\/D TIG welding gun - 4m - Liquid-cooled - 81.32.271\",\"isPartOf\":{\"@id\":\"https:\\\/\\\/spawlab.pl\\\/en\\\/#website\"},\"primaryImageOfPage\":{\"@id\":\"https:\\\/\\\/spawlab.pl\\\/en\\\/produkt\\\/bohler-welding-st-4000-fx-u-d-tig-welding-gun-4m-liquid-cooled-81-32-271\\\/#primaryimage\"},\"image\":{\"@id\":\"https:\\\/\\\/spawlab.pl\\\/en\\\/produkt\\\/bohler-welding-st-4000-fx-u-d-tig-welding-gun-4m-liquid-cooled-81-32-271\\\/#primaryimage\"},\"thumbnailUrl\":\"https:\\\/\\\/spawlab.pl\\\/wp-content\\\/uploads\\\/2025\\\/06\\\/Frame-1-scaled.png\",\"datePublished\":\"2025-07-09T21:45:40+00:00\",\"description\":\"B\u00f6hler Welding ST 4000 FX U\\\/D Liquid-Cooled TIG Handle 4m (81.32.271) - Precision control and high current welding. Professional solutions. Check it out at SpawLab!\",\"breadcrumb\":{\"@id\":\"https:\\\/\\\/spawlab.pl\\\/en\\\/produkt\\\/bohler-welding-st-4000-fx-u-d-tig-welding-gun-4m-liquid-cooled-81-32-271\\\/#breadcrumb\"},\"inLanguage\":\"en-US\",\"potentialAction\":[{\"@type\":\"ReadAction\",\"target\":[\"https:\\\/\\\/spawlab.pl\\\/en\\\/produkt\\\/bohler-welding-st-4000-fx-u-d-tig-welding-gun-4m-liquid-cooled-81-32-271\\\/\"]}]},{\"@type\":\"ImageObject\",\"inLanguage\":\"en-US\",\"@id\":\"https:\\\/\\\/spawlab.pl\\\/en\\\/produkt\\\/bohler-welding-st-4000-fx-u-d-tig-welding-gun-4m-liquid-cooled-81-32-271\\\/#primaryimage\",\"url\":\"https:\\\/\\\/spawlab.pl\\\/wp-content\\\/uploads\\\/2025\\\/06\\\/Frame-1-scaled.png\",\"contentUrl\":\"https:\\\/\\\/spawlab.pl\\\/wp-content\\\/uploads\\\/2025\\\/06\\\/Frame-1-scaled.png\",\"width\":2560,\"height\":2197},{\"@type\":\"BreadcrumbList\",\"@id\":\"https:\\\/\\\/spawlab.pl\\\/en\\\/produkt\\\/bohler-welding-st-4000-fx-u-d-tig-welding-gun-4m-liquid-cooled-81-32-271\\\/#breadcrumb\",\"itemListElement\":[{\"@type\":\"ListItem\",\"position\":1,\"name\":\"Strona g\u0142\u00f3wna\",\"item\":\"https:\\\/\\\/spawlab.pl\\\/en\\\/\"},{\"@type\":\"ListItem\",\"position\":2,\"name\":\"Store\",\"item\":\"https:\\\/\\\/spawlab.pl\\\/en\\\/shop\\\/\"},{\"@type\":\"ListItem\",\"position\":3,\"name\":\"B\u00f6hler Welding ST 4000 FX U\\\/D TIG welding gun &#8211; 4m &#8211; Liquid-cooled &#8211; 81.32.271\"}]},{\"@type\":\"WebSite\",\"@id\":\"https:\\\/\\\/spawlab.pl\\\/en\\\/#website\",\"url\":\"https:\\\/\\\/spawlab.pl\\\/en\\\/\",\"name\":\"Spawlab.pl Lider - Spawarki, Przecinarki Plazmowe, Kompresory\",\"description\":\"Urz\u0105dzenia spawalnicze i Przecinarki plazmowe\\\/ nowe i u\u017cywane \\\/ Profesjonalny serwis\",\"publisher\":{\"@id\":\"https:\\\/\\\/spawlab.pl\\\/en\\\/#organization\"},\"alternateName\":\"Spawlab.pl - Dystrybutor Premium i Serwis na Polske Migatronic, Gys, Voestalpine Bohler Welding\",\"potentialAction\":[{\"@type\":\"SearchAction\",\"target\":{\"@type\":\"EntryPoint\",\"urlTemplate\":\"https:\\\/\\\/spawlab.pl\\\/en\\\/?s={search_term_string}\"},\"query-input\":{\"@type\":\"PropertyValueSpecification\",\"valueRequired\":true,\"valueName\":\"search_term_string\"}}],\"inLanguage\":\"en-US\"},{\"@type\":[\"Organization\",\"Place\"],\"@id\":\"https:\\\/\\\/spawlab.pl\\\/en\\\/#organization\",\"name\":\"Spawlab.pl\",\"url\":\"https:\\\/\\\/spawlab.pl\\\/en\\\/\",\"logo\":{\"@id\":\"https:\\\/\\\/spawlab.pl\\\/en\\\/produkt\\\/bohler-welding-st-4000-fx-u-d-tig-welding-gun-4m-liquid-cooled-81-32-271\\\/#local-main-organization-logo\"},\"image\":{\"@id\":\"https:\\\/\\\/spawlab.pl\\\/en\\\/produkt\\\/bohler-welding-st-4000-fx-u-d-tig-welding-gun-4m-liquid-cooled-81-32-271\\\/#local-main-organization-logo\"},\"sameAs\":[\"https:\\\/\\\/www.facebook.com\\\/Spawlab\\\/\",\"https:\\\/\\\/www.linkedin.com\\\/company\\\/spawlab\",\"https:\\\/\\\/www.instagram.com\\\/spawlab.pl\",\"https:\\\/\\\/www.tiktok.com\\\/@spawlab\"],\"description\":\"Lider sprzeda\u017cy, Oficjalny Dystrybutor Premium i Serwis na Polsk\u0119 Migatronic, Gys, Voestalpine Bohler Welding. Nowe i u\u017cywane Spawarki, Przecinarki Plazmowe, Kompresory. Mgr in\u017c. Jaros\u0142aw Ko\u0142aski, IWE\",\"hasMerchantReturnPolicy\":{\"@type\":\"MerchantReturnPolicy\",\"merchantReturnLink\":\"https:\\\/\\\/spawlab.pl\\\/polityka-prywatnosci-2\\\/\"},\"telephone\":[],\"openingHoursSpecification\":[{\"@type\":\"OpeningHoursSpecification\",\"dayOfWeek\":[\"Monday\",\"Tuesday\",\"Wednesday\",\"Thursday\",\"Friday\",\"Saturday\",\"Sunday\"],\"opens\":\"09:00\",\"closes\":\"17:00\"}]},{\"@type\":\"ImageObject\",\"inLanguage\":\"en-US\",\"@id\":\"https:\\\/\\\/spawlab.pl\\\/en\\\/produkt\\\/bohler-welding-st-4000-fx-u-d-tig-welding-gun-4m-liquid-cooled-81-32-271\\\/#local-main-organization-logo\",\"url\":\"https:\\\/\\\/spawlab.pl\\\/wp-content\\\/uploads\\\/2022\\\/01\\\/olx.jpg\",\"contentUrl\":\"https:\\\/\\\/spawlab.pl\\\/wp-content\\\/uploads\\\/2022\\\/01\\\/olx.jpg\",\"width\":200,\"height\":200,\"caption\":\"Spawlab.pl\"}]}<\/script>\n<meta property=\"product:brand\" content=\"B\u00f6hler\" \/>\n<meta property=\"product:price:amount\" content=\"2422.36\" \/>\n<meta property=\"product:price:currency\" content=\"PLN\" \/>\n<meta property=\"og:availability\" content=\"backorder\" \/>\n<meta property=\"product:availability\" content=\"available for order\" \/>\n<meta property=\"product:retailer_item_id\" content=\"81.32.271\" \/>\n<meta property=\"product:condition\" content=\"new\" \/>\n<!-- \/ Yoast SEO Premium plugin. -->","yoast_head_json":{"title":"B\u00f6hler Welding ST 4000 FX U\/D TIG welding gun - 4m - Liquid-cooled - 81.32.271","description":"B\u00f6hler Welding ST 4000 FX U\/D Liquid-Cooled TIG Handle 4m (81.32.271) - Precision control and high current welding. Professional solutions. Check it out at SpawLab!","robots":{"index":"index","follow":"follow","max-snippet":"max-snippet:-1","max-image-preview":"max-image-preview:large","max-video-preview":"max-video-preview:-1"},"canonical":"https:\/\/spawlab.pl\/en\/produkt\/bohler-welding-st-4000-fx-u-d-tig-welding-gun-4m-liquid-cooled-81-32-271\/","og_locale":"en_US","og_type":"article","og_title":"B\u00f6hler Welding ST 4000 FX U\/D TIG welding gun - 4m - Liquid-cooled - 81.32.271","og_description":"Lider sprzeda\u017cy, Oficjalny Dystrybutor Premium i Serwis na Polsk\u0119 Migatronic, Gys, Voestalpine Bohler Welding. Nowe i u\u017cywane Spawarki, Przecinarki Plazmowe, Kompresory. Mgr in\u017c. Jaros\u0142aw Ko\u0142aski, IWE","og_url":"https:\/\/spawlab.pl\/en\/produkt\/bohler-welding-st-4000-fx-u-d-tig-welding-gun-4m-liquid-cooled-81-32-271\/","og_site_name":"SpawLab - Welding equipment and plasma cutters - store and service","article_publisher":"https:\/\/www.facebook.com\/Spawlab\/","og_image":[{"width":2560,"height":2197,"url":"https:\/\/spawlab.pl\/wp-content\/uploads\/2025\/06\/Frame-1-scaled.png","type":"image\/png"}],"twitter_misc":{"Price":"2 422,36&nbsp;&#122;&#322; (1 969,40&nbsp;&#122;&#322; netto)","Availability":"On backorder"},"schema":{"@context":"https:\/\/schema.org","@graph":[{"@type":["WebPage","ItemPage"],"@id":"https:\/\/spawlab.pl\/en\/produkt\/bohler-welding-st-4000-fx-u-d-tig-welding-gun-4m-liquid-cooled-81-32-271\/","url":"https:\/\/spawlab.pl\/en\/produkt\/bohler-welding-st-4000-fx-u-d-tig-welding-gun-4m-liquid-cooled-81-32-271\/","name":"B\u00f6hler Welding ST 4000 FX U\/D TIG welding gun - 4m - Liquid-cooled - 81.32.271","isPartOf":{"@id":"https:\/\/spawlab.pl\/en\/#website"},"primaryImageOfPage":{"@id":"https:\/\/spawlab.pl\/en\/produkt\/bohler-welding-st-4000-fx-u-d-tig-welding-gun-4m-liquid-cooled-81-32-271\/#primaryimage"},"image":{"@id":"https:\/\/spawlab.pl\/en\/produkt\/bohler-welding-st-4000-fx-u-d-tig-welding-gun-4m-liquid-cooled-81-32-271\/#primaryimage"},"thumbnailUrl":"https:\/\/spawlab.pl\/wp-content\/uploads\/2025\/06\/Frame-1-scaled.png","datePublished":"2025-07-09T21:45:40+00:00","description":"B\u00f6hler Welding ST 4000 FX U\/D Liquid-Cooled TIG Handle 4m (81.32.271) - Precision control and high current welding. Professional solutions. Check it out at SpawLab!","breadcrumb":{"@id":"https:\/\/spawlab.pl\/en\/produkt\/bohler-welding-st-4000-fx-u-d-tig-welding-gun-4m-liquid-cooled-81-32-271\/#breadcrumb"},"inLanguage":"en-US","potentialAction":[{"@type":"ReadAction","target":["https:\/\/spawlab.pl\/en\/produkt\/bohler-welding-st-4000-fx-u-d-tig-welding-gun-4m-liquid-cooled-81-32-271\/"]}]},{"@type":"ImageObject","inLanguage":"en-US","@id":"https:\/\/spawlab.pl\/en\/produkt\/bohler-welding-st-4000-fx-u-d-tig-welding-gun-4m-liquid-cooled-81-32-271\/#primaryimage","url":"https:\/\/spawlab.pl\/wp-content\/uploads\/2025\/06\/Frame-1-scaled.png","contentUrl":"https:\/\/spawlab.pl\/wp-content\/uploads\/2025\/06\/Frame-1-scaled.png","width":2560,"height":2197},{"@type":"BreadcrumbList","@id":"https:\/\/spawlab.pl\/en\/produkt\/bohler-welding-st-4000-fx-u-d-tig-welding-gun-4m-liquid-cooled-81-32-271\/#breadcrumb","itemListElement":[{"@type":"ListItem","position":1,"name":"Strona g\u0142\u00f3wna","item":"https:\/\/spawlab.pl\/en\/"},{"@type":"ListItem","position":2,"name":"Store","item":"https:\/\/spawlab.pl\/en\/shop\/"},{"@type":"ListItem","position":3,"name":"B\u00f6hler Welding ST 4000 FX U\/D TIG welding gun &#8211; 4m &#8211; Liquid-cooled &#8211; 81.32.271"}]},{"@type":"WebSite","@id":"https:\/\/spawlab.pl\/en\/#website","url":"https:\/\/spawlab.pl\/en\/","name":"Spawlab.pl Lider - Spawarki, Przecinarki Plazmowe, Kompresory","description":"Urz\u0105dzenia spawalnicze i Przecinarki plazmowe\/ nowe i u\u017cywane \/ Profesjonalny serwis","publisher":{"@id":"https:\/\/spawlab.pl\/en\/#organization"},"alternateName":"Spawlab.pl - Dystrybutor Premium i Serwis na Polske Migatronic, Gys, Voestalpine Bohler Welding","potentialAction":[{"@type":"SearchAction","target":{"@type":"EntryPoint","urlTemplate":"https:\/\/spawlab.pl\/en\/?s={search_term_string}"},"query-input":{"@type":"PropertyValueSpecification","valueRequired":true,"valueName":"search_term_string"}}],"inLanguage":"en-US"},{"@type":["Organization","Place"],"@id":"https:\/\/spawlab.pl\/en\/#organization","name":"Spawlab.pl","url":"https:\/\/spawlab.pl\/en\/","logo":{"@id":"https:\/\/spawlab.pl\/en\/produkt\/bohler-welding-st-4000-fx-u-d-tig-welding-gun-4m-liquid-cooled-81-32-271\/#local-main-organization-logo"},"image":{"@id":"https:\/\/spawlab.pl\/en\/produkt\/bohler-welding-st-4000-fx-u-d-tig-welding-gun-4m-liquid-cooled-81-32-271\/#local-main-organization-logo"},"sameAs":["https:\/\/www.facebook.com\/Spawlab\/","https:\/\/www.linkedin.com\/company\/spawlab","https:\/\/www.instagram.com\/spawlab.pl","https:\/\/www.tiktok.com\/@spawlab"],"description":"Lider sprzeda\u017cy, Oficjalny Dystrybutor Premium i Serwis na Polsk\u0119 Migatronic, Gys, Voestalpine Bohler Welding. Nowe i u\u017cywane Spawarki, Przecinarki Plazmowe, Kompresory. Mgr in\u017c. Jaros\u0142aw Ko\u0142aski, IWE","hasMerchantReturnPolicy":{"@type":"MerchantReturnPolicy","merchantReturnLink":"https:\/\/spawlab.pl\/polityka-prywatnosci-2\/"},"telephone":[],"openingHoursSpecification":[{"@type":"OpeningHoursSpecification","dayOfWeek":["Monday","Tuesday","Wednesday","Thursday","Friday","Saturday","Sunday"],"opens":"09:00","closes":"17:00"}]},{"@type":"ImageObject","inLanguage":"en-US","@id":"https:\/\/spawlab.pl\/en\/produkt\/bohler-welding-st-4000-fx-u-d-tig-welding-gun-4m-liquid-cooled-81-32-271\/#local-main-organization-logo","url":"https:\/\/spawlab.pl\/wp-content\/uploads\/2022\/01\/olx.jpg","contentUrl":"https:\/\/spawlab.pl\/wp-content\/uploads\/2022\/01\/olx.jpg","width":200,"height":200,"caption":"Spawlab.pl"}]},"product_brand":"B\u00f6hler","product_price_amount":"2422.36","product_price_currency":"PLN","og_availability":"backorder","product_availability":"available for order","product_retailer_item_id":"81.32.271","product_condition":"new"},"_links":{"self":[{"href":"https:\/\/spawlab.pl\/en\/wp-json\/wp\/v2\/product\/43168","targetHints":{"allow":["GET"]}}],"collection":[{"href":"https:\/\/spawlab.pl\/en\/wp-json\/wp\/v2\/product"}],"about":[{"href":"https:\/\/spawlab.pl\/en\/wp-json\/wp\/v2\/types\/product"}],"wp:featuredmedia":[{"embeddable":true,"href":"https:\/\/spawlab.pl\/en\/wp-json\/wp\/v2\/media\/38560"}],"wp:attachment":[{"href":"https:\/\/spawlab.pl\/en\/wp-json\/wp\/v2\/media?parent=43168"}],"wp:term":[{"taxonomy":"product_brand","embeddable":true,"href":"https:\/\/spawlab.pl\/en\/wp-json\/wp\/v2\/product_brand?post=43168"},{"taxonomy":"product_cat","embeddable":true,"href":"https:\/\/spawlab.pl\/en\/wp-json\/wp\/v2\/product_cat?post=43168"},{"taxonomy":"product_tag","embeddable":true,"href":"https:\/\/spawlab.pl\/en\/wp-json\/wp\/v2\/product_tag?post=43168"}],"curies":[{"name":"wp","href":"https:\/\/api.w.org\/{rel}","templated":true}]}}