{"id":43190,"date":"2025-07-09T23:41:52","date_gmt":"2025-07-09T21:41:52","guid":{"rendered":"https:\/\/spawlab.pl\/produkt\/bohler-welding-welding-program-package-union-k-56-m20-ar-5%c3%b715co2-quickpulse-79-i2-00243\/"},"modified":"2025-07-09T23:41:52","modified_gmt":"2025-07-09T21:41:52","slug":"bohler-welding-welding-program-package-union-k-56-m20-ar-5%c3%b715co2-quickpulse-79-i2-00243","status":"publish","type":"product","link":"https:\/\/spawlab.pl\/en\/produkt\/bohler-welding-welding-program-package-union-k-56-m20-ar-5%c3%b715co2-quickpulse-79-i2-00243\/","title":{"rendered":"B\u00f6hler Welding Welding Program Package Union K 56 M20 (Ar 5\u00f715%CO2) &#8211; QuickPulse &#8211; 79.I2.00243"},"content":{"rendered":"<div class=\"custom-product-section distributor-info spawlab-info\">\n<p><strong>SpawLab &#8211; your Authorized Voestalpine B\u00f6hler Welding Partner in Poland!<\/strong><\/p>\n<p>We are <strong>an official distributor of<\/strong> Voestalpine B\u00f6hler Welding equipment and <strong>an Authorized Service Center in Poland<\/strong>. Our team has undergone <strong>rigorous technical training directly in Italy<\/strong> at the manufacturer&#8217;s centers. <\/p>\n<p>When you choose SpawLab, you are assured of original products, access to B\u00f6hler Welding solutions, professional advice and service support.<\/p>\n<\/div>\n<div class=\"custom-product-section product-intro\">\n<h2 class=\"product-section-title main-product-title\">B\u00f6hler Welding Welding Program Package Union K 56 M20 (Ar 5\u00f715%CO2) &#8211; QuickPulse &#8211; 79.I2.00243<\/h2>\n<div class=\"description-content product-marketing-description\">\n<p>B\u00f6hler Welding&#8217;s Union K 56 M20 (Ar 5\u00f715%CO2) Welding Program Package &#8211; QuickPulse (Cat. No. 79.I2.00243) is specialized software that expands the synergistic capabilities of B\u00f6hler Welding equipment. This package unlocks optimized synergy curves for the advanced QuickPulse process, dedicated to welding with Union K 56 wire in M20 gas (Ar 5-15% CO2). This guarantees superior joint quality, repeatability and maximum productivity, precisely tailored to the specific characteristics of these consumables.  <\/p>\n<p>This package is designed for welding professionals who expect uncompromising precision and efficiency from their B\u00f6hler Welding equipment, maximizing its potential in specific industrial applications.<\/p>\n<\/div>\n<\/div>\n<h3 class=\"custom-product-heading advanced-features-heading\">Explore Advanced Capabilities _x000D_Welding Programs Package &#8211; Union K 56 M20 (Ar 5\u00f715%CO2) &#8211; QuickPulse_x000D_.<\/h3>\n<div class=\"custom-accordion advanced-features-accordion\">\n<details class=\"custom-accordion-item\">\n<summary class=\"custom-subtitle accordion-title\">\u26a1 QuickPulse Advanced Welding Process.<\/summary>\n<div class=\"accordion-content\">\n<p><strong>QuickPulse<\/strong> is B\u00f6hler Welding&#8217;s innovative, patented MIG\/MAG welding process that revolutionizes productivity and joint quality. It combines the advantages of deep penetration characteristic of the RapiDeep\u00ae process and the precise control and excellent weld appearance typical of PulsDrive\u00ae. <\/p>\n<p>Through the synergy of these technologies, <strong>QuickPulse<\/strong> enables welding at <strong>speeds up to 50% higher<\/strong> than traditional pulse welding. The process is characterized by <strong>deeper penetration<\/strong> while <strong>significantly reducing the linear arc energy (Heat Input)<\/strong>. This results in less distortion of the welded material, a narrower heat-affected zone and excellent weld quality, even when welding thin sheets or materials sensitive to overheating. This program package provides perfect QuickPulse process tuning for Union K 56 wire and M20 gas.   <\/p>\n<\/div>\n<\/details>\n<\/div>\n<div class=\"custom-product-section product-specs\">\n<h3 class=\"custom-product-heading specs-heading\">Technical Specifications<\/h3>\n<table class=\"specs-table\">\n<thead>\n<tr>\n<th>Parameter<\/th>\n<th>Value<\/th>\n<\/tr>\n<\/thead>\n<tbody>\n<tr>\n<td>Purpose<\/td>\n<td>Synergistic welding program package<\/td>\n<\/tr>\n<tr>\n<td>Dedicated process<\/td>\n<td>QuickPulse<\/td>\n<\/tr>\n<tr>\n<td>Compatible welding wire<\/td>\n<td>Union K 56 (G3Si1\/ER70S-6)<\/td>\n<\/tr>\n<tr>\n<td>Compatible shielding gas<\/td>\n<td>M20 (Argon + 5\u00f715% CO2)<\/td>\n<\/tr>\n<tr>\n<td>Catalog number<\/td>\n<td>79.I2.00243<\/td>\n<\/tr>\n<tr>\n<td>Manufacturer<\/td>\n<td>Voestalpine B\u00f6hler Welding<\/td>\n<\/tr>\n<tr>\n<td>Quantity<\/td>\n<td>1 pc.<\/td>\n<\/tr>\n<\/tbody>\n<\/table>\n<\/div>\n<div class=\"custom-product-section product-set-contents\">\n<h3 class=\"custom-product-heading set-contents-heading\">Kit Contents \/ Packaging<\/h3>\n<p>The product (Welding Programs Package &#8211; Union K 56 M20 (Ar 5\u00f715%CO2) &#8211; QuickPulse) is supplied as a single piece, according to the manufacturer&#8217;s standard Voestalpine B\u00f6hler Welding. Additional accessories are usually available separately. <\/p>\n<\/div>\n<div class=\"custom-product-section product-features\">\n<h3 class=\"custom-product-heading features-heading\">Key Features and Benefits<\/h3>\n<ul class=\"custom-product-list features-list\">\n<li>? <strong>Precision QuickPulse Process Optimization:<\/strong> The package provides dedicated synergy curves for the QuickPulse process, ensuring its maximum efficiency and stability using Union K 56 wire and M20 gas.<\/li>\n<li>\u2699\ufe0f <strong>Ideal Material Synergy:<\/strong> Specially developed programs for Union K 56 wire and Ar\/CO2 mix (5-15% CO2) guarantee reproducible, high-quality welds without the need for time-consuming manual testing.<\/li>\n<li>? <strong>Increased Productivity and Quality:<\/strong> The use of optimized QuickPulse parameters significantly speeds up welding, reduces spatter and ensures perfect fusion, resulting in lower costs and higher quality of the final product.<\/li>\n<li>? <strong>Innovation &#8216;Made in Europe&#8217;:<\/strong> Software developed based on Voestalpine B\u00f6hler Welding&#8217;s years of experience and advanced research, guaranteeing the highest standards.<\/li>\n<\/ul>\n<\/div>\n<div class=\"custom-product-section product-application\">\n<h3 class=\"custom-product-heading application-heading\">Product Application<\/h3>\n<ul class=\"custom-product-list application-list\">\n<li>? This specialized welding program package is a must-have for professionals seeking to achieve the highest productivity and quality of welding with Union K 56 wire and M20 gas (Ar 5\u00f715% CO2) in the QuickPulse process on compatible B\u00f6hler Welding equipment. Ideal for: <\/li>\n<li>Production of steel structures with high quality requirements.<\/li>\n<li>The automotive industry, where speed and repetition are important.<\/li>\n<li>Construction of machinery and equipment requiring precise and durable welds.<\/li>\n<li>Welding of thin and medium thicknesses of carbon and low alloy steels.<\/li>\n<li>Applications where it is critical to minimize spatter and post-weld machining.<\/li>\n<\/ul>\n<\/div>\n<div class=\"custom-product-section product-summary conclusion\">\n<h3 class=\"custom-product-heading summary-heading\">Summary: _x000D_Welding Programs Package &#8211; Union K 56 M20 (Ar 5\u00f715%CO2) &#8211; QuickPulse_x000D_ &#8211; Your Investment in Quality B\u00f6hler Welding.<\/h3>\n<div class=\"summary-content\">\n<p>? B\u00f6hler Welding&#8217;s Welding Program Package for Union K 56 and M20 gas with QuickPulse process is the key to realizing the full potential of your advanced welding equipment. Invest in finely tuned parameters to achieve unmatched weld quality, higher welding speeds and reduced operating costs. To explore the full capabilities of B\u00f6hler Welding&#8217;s Union K 56 M20 (Ar 5\u00f715%CO2) Welding Program Package &#8211; QuickPulse and get the best deal, contact the experts at SpawLab &#8211; the official distributor and authorized service provider of Voestalpine B\u00f6hler Welding in Poland. Our team, trained in Italy, is at your service.   <\/p>\n<\/div>\n<\/div>\n<div class=\"custom-product-section product-codes-info\">\n<p><strong>Part number (Art. No.):<\/strong> 79.I2.00243<\/p>\n<\/div>\n","protected":false},"excerpt":{"rendered":"<p>B\u00f6hler Welding Welding Program Package Union K 56 M20 (Ar 5\u00f715%CO2) &#8211; QuickPulse (79.I2.00243) &#8211; QuickPulse Process Optimization. Professional solutions. <\/p>\n","protected":false},"featured_media":38560,"template":"","meta":{"inline_featured_image":false},"product_brand":[772],"product_cat":[11536,5686],"product_tag":[4432,12037,12055,8747,12319,11547,8809],"class_list":{"0":"post-43190","1":"product","2":"type-product","3":"status-publish","4":"has-post-thumbnail","6":"product_brand-bohler","7":"product_cat-bohler-en-2","8":"product_cat-brand-zone","9":"product_tag-bohler-welding-en-2","10":"product_tag-bohler-welding-software-en","11":"product_tag-m20-en","12":"product_tag-quickpulse-en","13":"product_tag-union-k-56-en","14":"product_tag-welding-software-package","15":"product_tag-welding-synergy-en","17":"first","18":"onbackorder","19":"taxable","20":"shipping-taxable","21":"purchasable","22":"product-type-simple"},"yoast_head":"<!-- This site is optimized with the Yoast SEO Premium plugin v27.0 (Yoast SEO v27.3) - https:\/\/yoast.com\/product\/yoast-seo-premium-wordpress\/ -->\n<title>B\u00f6hler Welding Program Package Union K 56 M20 QuickPulse - 79.I2.00243<\/title>\n<meta name=\"description\" content=\"B\u00f6hler Welding Welding Program Package Union K 56 M20 (Ar 5\u00f715%CO2) - QuickPulse (79.I2.00243) - QuickPulse process optimization. Check it out at SpawLab!\" \/>\n<meta name=\"robots\" content=\"index, follow, max-snippet:-1, max-image-preview:large, max-video-preview:-1\" \/>\n<link rel=\"canonical\" href=\"https:\/\/spawlab.pl\/en\/produkt\/bohler-welding-welding-program-package-union-k-56-m20-ar-5%c3%b715co2-quickpulse-79-i2-00243\/\" \/>\n<meta property=\"og:locale\" content=\"en_US\" \/>\n<meta property=\"og:type\" content=\"article\" \/>\n<meta property=\"og:title\" content=\"B\u00f6hler Welding Welding Program Package Union K 56 M20 (Ar 5\u00f715%CO2) - QuickPulse - 79.I2.00243\" \/>\n<meta property=\"og:description\" content=\"Lider sprzeda\u017cy, Oficjalny Dystrybutor Premium i Serwis na Polsk\u0119 Migatronic, Gys, Voestalpine Bohler Welding. Nowe i u\u017cywane Spawarki, Przecinarki Plazmowe, Kompresory. Mgr in\u017c. Jaros\u0142aw Ko\u0142aski, IWE\" \/>\n<meta property=\"og:url\" content=\"https:\/\/spawlab.pl\/en\/produkt\/bohler-welding-welding-program-package-union-k-56-m20-ar-5%c3%b715co2-quickpulse-79-i2-00243\/\" \/>\n<meta property=\"og:site_name\" content=\"SpawLab - Welding equipment and plasma cutters - store and service\" \/>\n<meta property=\"article:publisher\" content=\"https:\/\/www.facebook.com\/Spawlab\/\" \/>\n<meta property=\"og:image\" content=\"https:\/\/spawlab.pl\/wp-content\/uploads\/2025\/06\/Frame-1-scaled.png\" \/>\n\t<meta property=\"og:image:width\" content=\"2560\" \/>\n\t<meta property=\"og:image:height\" content=\"2197\" \/>\n\t<meta property=\"og:image:type\" content=\"image\/png\" \/>\n<meta name=\"twitter:label1\" content=\"Price\" \/>\n\t<meta name=\"twitter:data1\" content=\"1 676,61&nbsp;&#122;&#322; (1 363,10&nbsp;&#122;&#322; netto)\" \/>\n\t<meta name=\"twitter:label2\" content=\"Availability\" \/>\n\t<meta name=\"twitter:data2\" content=\"On backorder\" \/>\n<script type=\"application\/ld+json\" class=\"yoast-schema-graph\">{\"@context\":\"https:\\\/\\\/schema.org\",\"@graph\":[{\"@type\":[\"WebPage\",\"ItemPage\"],\"@id\":\"https:\\\/\\\/spawlab.pl\\\/en\\\/produkt\\\/bohler-welding-welding-program-package-union-k-56-m20-ar-5%c3%b715co2-quickpulse-79-i2-00243\\\/\",\"url\":\"https:\\\/\\\/spawlab.pl\\\/en\\\/produkt\\\/bohler-welding-welding-program-package-union-k-56-m20-ar-5%c3%b715co2-quickpulse-79-i2-00243\\\/\",\"name\":\"B\u00f6hler Welding Program Package Union K 56 M20 QuickPulse - 79.I2.00243\",\"isPartOf\":{\"@id\":\"https:\\\/\\\/spawlab.pl\\\/en\\\/#website\"},\"primaryImageOfPage\":{\"@id\":\"https:\\\/\\\/spawlab.pl\\\/en\\\/produkt\\\/bohler-welding-welding-program-package-union-k-56-m20-ar-5%c3%b715co2-quickpulse-79-i2-00243\\\/#primaryimage\"},\"image\":{\"@id\":\"https:\\\/\\\/spawlab.pl\\\/en\\\/produkt\\\/bohler-welding-welding-program-package-union-k-56-m20-ar-5%c3%b715co2-quickpulse-79-i2-00243\\\/#primaryimage\"},\"thumbnailUrl\":\"https:\\\/\\\/spawlab.pl\\\/wp-content\\\/uploads\\\/2025\\\/06\\\/Frame-1-scaled.png\",\"datePublished\":\"2025-07-09T21:41:52+00:00\",\"description\":\"B\u00f6hler Welding Welding Program Package Union K 56 M20 (Ar 5\u00f715%CO2) - QuickPulse (79.I2.00243) - QuickPulse process optimization. Check it out at SpawLab!\",\"breadcrumb\":{\"@id\":\"https:\\\/\\\/spawlab.pl\\\/en\\\/produkt\\\/bohler-welding-welding-program-package-union-k-56-m20-ar-5%c3%b715co2-quickpulse-79-i2-00243\\\/#breadcrumb\"},\"inLanguage\":\"en-US\",\"potentialAction\":[{\"@type\":\"ReadAction\",\"target\":[\"https:\\\/\\\/spawlab.pl\\\/en\\\/produkt\\\/bohler-welding-welding-program-package-union-k-56-m20-ar-5%c3%b715co2-quickpulse-79-i2-00243\\\/\"]}]},{\"@type\":\"ImageObject\",\"inLanguage\":\"en-US\",\"@id\":\"https:\\\/\\\/spawlab.pl\\\/en\\\/produkt\\\/bohler-welding-welding-program-package-union-k-56-m20-ar-5%c3%b715co2-quickpulse-79-i2-00243\\\/#primaryimage\",\"url\":\"https:\\\/\\\/spawlab.pl\\\/wp-content\\\/uploads\\\/2025\\\/06\\\/Frame-1-scaled.png\",\"contentUrl\":\"https:\\\/\\\/spawlab.pl\\\/wp-content\\\/uploads\\\/2025\\\/06\\\/Frame-1-scaled.png\",\"width\":2560,\"height\":2197},{\"@type\":\"BreadcrumbList\",\"@id\":\"https:\\\/\\\/spawlab.pl\\\/en\\\/produkt\\\/bohler-welding-welding-program-package-union-k-56-m20-ar-5%c3%b715co2-quickpulse-79-i2-00243\\\/#breadcrumb\",\"itemListElement\":[{\"@type\":\"ListItem\",\"position\":1,\"name\":\"Strona g\u0142\u00f3wna\",\"item\":\"https:\\\/\\\/spawlab.pl\\\/en\\\/\"},{\"@type\":\"ListItem\",\"position\":2,\"name\":\"Store\",\"item\":\"https:\\\/\\\/spawlab.pl\\\/en\\\/shop\\\/\"},{\"@type\":\"ListItem\",\"position\":3,\"name\":\"B\u00f6hler Welding Welding Program Package Union K 56 M20 (Ar 5\u00f715%CO2) &#8211; QuickPulse &#8211; 79.I2.00243\"}]},{\"@type\":\"WebSite\",\"@id\":\"https:\\\/\\\/spawlab.pl\\\/en\\\/#website\",\"url\":\"https:\\\/\\\/spawlab.pl\\\/en\\\/\",\"name\":\"Spawlab.pl Lider - Spawarki, Przecinarki Plazmowe, Kompresory\",\"description\":\"Urz\u0105dzenia spawalnicze i Przecinarki plazmowe\\\/ nowe i u\u017cywane \\\/ Profesjonalny serwis\",\"publisher\":{\"@id\":\"https:\\\/\\\/spawlab.pl\\\/en\\\/#organization\"},\"alternateName\":\"Spawlab.pl - Dystrybutor Premium i Serwis na Polske Migatronic, Gys, Voestalpine Bohler Welding\",\"potentialAction\":[{\"@type\":\"SearchAction\",\"target\":{\"@type\":\"EntryPoint\",\"urlTemplate\":\"https:\\\/\\\/spawlab.pl\\\/en\\\/?s={search_term_string}\"},\"query-input\":{\"@type\":\"PropertyValueSpecification\",\"valueRequired\":true,\"valueName\":\"search_term_string\"}}],\"inLanguage\":\"en-US\"},{\"@type\":[\"Organization\",\"Place\"],\"@id\":\"https:\\\/\\\/spawlab.pl\\\/en\\\/#organization\",\"name\":\"Spawlab.pl\",\"url\":\"https:\\\/\\\/spawlab.pl\\\/en\\\/\",\"logo\":{\"@id\":\"https:\\\/\\\/spawlab.pl\\\/en\\\/produkt\\\/bohler-welding-welding-program-package-union-k-56-m20-ar-5%c3%b715co2-quickpulse-79-i2-00243\\\/#local-main-organization-logo\"},\"image\":{\"@id\":\"https:\\\/\\\/spawlab.pl\\\/en\\\/produkt\\\/bohler-welding-welding-program-package-union-k-56-m20-ar-5%c3%b715co2-quickpulse-79-i2-00243\\\/#local-main-organization-logo\"},\"sameAs\":[\"https:\\\/\\\/www.facebook.com\\\/Spawlab\\\/\",\"https:\\\/\\\/www.linkedin.com\\\/company\\\/spawlab\",\"https:\\\/\\\/www.instagram.com\\\/spawlab.pl\",\"https:\\\/\\\/www.tiktok.com\\\/@spawlab\"],\"description\":\"Lider sprzeda\u017cy, Oficjalny Dystrybutor Premium i Serwis na Polsk\u0119 Migatronic, Gys, Voestalpine Bohler Welding. Nowe i u\u017cywane Spawarki, Przecinarki Plazmowe, Kompresory. Mgr in\u017c. Jaros\u0142aw Ko\u0142aski, IWE\",\"hasMerchantReturnPolicy\":{\"@type\":\"MerchantReturnPolicy\",\"merchantReturnLink\":\"https:\\\/\\\/spawlab.pl\\\/polityka-prywatnosci-2\\\/\"},\"telephone\":[],\"openingHoursSpecification\":[{\"@type\":\"OpeningHoursSpecification\",\"dayOfWeek\":[\"Monday\",\"Tuesday\",\"Wednesday\",\"Thursday\",\"Friday\",\"Saturday\",\"Sunday\"],\"opens\":\"09:00\",\"closes\":\"17:00\"}]},{\"@type\":\"ImageObject\",\"inLanguage\":\"en-US\",\"@id\":\"https:\\\/\\\/spawlab.pl\\\/en\\\/produkt\\\/bohler-welding-welding-program-package-union-k-56-m20-ar-5%c3%b715co2-quickpulse-79-i2-00243\\\/#local-main-organization-logo\",\"url\":\"https:\\\/\\\/spawlab.pl\\\/wp-content\\\/uploads\\\/2022\\\/01\\\/olx.jpg\",\"contentUrl\":\"https:\\\/\\\/spawlab.pl\\\/wp-content\\\/uploads\\\/2022\\\/01\\\/olx.jpg\",\"width\":200,\"height\":200,\"caption\":\"Spawlab.pl\"}]}<\/script>\n<meta property=\"product:brand\" content=\"B\u00f6hler\" \/>\n<meta property=\"product:price:amount\" content=\"1676.61\" \/>\n<meta property=\"product:price:currency\" content=\"PLN\" \/>\n<meta property=\"og:availability\" content=\"backorder\" \/>\n<meta property=\"product:availability\" content=\"available for order\" \/>\n<meta property=\"product:retailer_item_id\" content=\"79.I2.00243\" \/>\n<meta property=\"product:condition\" content=\"new\" \/>\n<!-- \/ Yoast SEO Premium plugin. -->","yoast_head_json":{"title":"B\u00f6hler Welding Program Package Union K 56 M20 QuickPulse - 79.I2.00243","description":"B\u00f6hler Welding Welding Program Package Union K 56 M20 (Ar 5\u00f715%CO2) - QuickPulse (79.I2.00243) - QuickPulse process optimization. Check it out at SpawLab!","robots":{"index":"index","follow":"follow","max-snippet":"max-snippet:-1","max-image-preview":"max-image-preview:large","max-video-preview":"max-video-preview:-1"},"canonical":"https:\/\/spawlab.pl\/en\/produkt\/bohler-welding-welding-program-package-union-k-56-m20-ar-5%c3%b715co2-quickpulse-79-i2-00243\/","og_locale":"en_US","og_type":"article","og_title":"B\u00f6hler Welding Welding Program Package Union K 56 M20 (Ar 5\u00f715%CO2) - QuickPulse - 79.I2.00243","og_description":"Lider sprzeda\u017cy, Oficjalny Dystrybutor Premium i Serwis na Polsk\u0119 Migatronic, Gys, Voestalpine Bohler Welding. Nowe i u\u017cywane Spawarki, Przecinarki Plazmowe, Kompresory. Mgr in\u017c. Jaros\u0142aw Ko\u0142aski, IWE","og_url":"https:\/\/spawlab.pl\/en\/produkt\/bohler-welding-welding-program-package-union-k-56-m20-ar-5%c3%b715co2-quickpulse-79-i2-00243\/","og_site_name":"SpawLab - Welding equipment and plasma cutters - store and service","article_publisher":"https:\/\/www.facebook.com\/Spawlab\/","og_image":[{"width":2560,"height":2197,"url":"https:\/\/spawlab.pl\/wp-content\/uploads\/2025\/06\/Frame-1-scaled.png","type":"image\/png"}],"twitter_misc":{"Price":"1 676,61&nbsp;&#122;&#322; (1 363,10&nbsp;&#122;&#322; netto)","Availability":"On backorder"},"schema":{"@context":"https:\/\/schema.org","@graph":[{"@type":["WebPage","ItemPage"],"@id":"https:\/\/spawlab.pl\/en\/produkt\/bohler-welding-welding-program-package-union-k-56-m20-ar-5%c3%b715co2-quickpulse-79-i2-00243\/","url":"https:\/\/spawlab.pl\/en\/produkt\/bohler-welding-welding-program-package-union-k-56-m20-ar-5%c3%b715co2-quickpulse-79-i2-00243\/","name":"B\u00f6hler Welding Program Package Union K 56 M20 QuickPulse - 79.I2.00243","isPartOf":{"@id":"https:\/\/spawlab.pl\/en\/#website"},"primaryImageOfPage":{"@id":"https:\/\/spawlab.pl\/en\/produkt\/bohler-welding-welding-program-package-union-k-56-m20-ar-5%c3%b715co2-quickpulse-79-i2-00243\/#primaryimage"},"image":{"@id":"https:\/\/spawlab.pl\/en\/produkt\/bohler-welding-welding-program-package-union-k-56-m20-ar-5%c3%b715co2-quickpulse-79-i2-00243\/#primaryimage"},"thumbnailUrl":"https:\/\/spawlab.pl\/wp-content\/uploads\/2025\/06\/Frame-1-scaled.png","datePublished":"2025-07-09T21:41:52+00:00","description":"B\u00f6hler Welding Welding Program Package Union K 56 M20 (Ar 5\u00f715%CO2) - QuickPulse (79.I2.00243) - QuickPulse process optimization. Check it out at SpawLab!","breadcrumb":{"@id":"https:\/\/spawlab.pl\/en\/produkt\/bohler-welding-welding-program-package-union-k-56-m20-ar-5%c3%b715co2-quickpulse-79-i2-00243\/#breadcrumb"},"inLanguage":"en-US","potentialAction":[{"@type":"ReadAction","target":["https:\/\/spawlab.pl\/en\/produkt\/bohler-welding-welding-program-package-union-k-56-m20-ar-5%c3%b715co2-quickpulse-79-i2-00243\/"]}]},{"@type":"ImageObject","inLanguage":"en-US","@id":"https:\/\/spawlab.pl\/en\/produkt\/bohler-welding-welding-program-package-union-k-56-m20-ar-5%c3%b715co2-quickpulse-79-i2-00243\/#primaryimage","url":"https:\/\/spawlab.pl\/wp-content\/uploads\/2025\/06\/Frame-1-scaled.png","contentUrl":"https:\/\/spawlab.pl\/wp-content\/uploads\/2025\/06\/Frame-1-scaled.png","width":2560,"height":2197},{"@type":"BreadcrumbList","@id":"https:\/\/spawlab.pl\/en\/produkt\/bohler-welding-welding-program-package-union-k-56-m20-ar-5%c3%b715co2-quickpulse-79-i2-00243\/#breadcrumb","itemListElement":[{"@type":"ListItem","position":1,"name":"Strona g\u0142\u00f3wna","item":"https:\/\/spawlab.pl\/en\/"},{"@type":"ListItem","position":2,"name":"Store","item":"https:\/\/spawlab.pl\/en\/shop\/"},{"@type":"ListItem","position":3,"name":"B\u00f6hler Welding Welding Program Package Union K 56 M20 (Ar 5\u00f715%CO2) &#8211; QuickPulse &#8211; 79.I2.00243"}]},{"@type":"WebSite","@id":"https:\/\/spawlab.pl\/en\/#website","url":"https:\/\/spawlab.pl\/en\/","name":"Spawlab.pl Lider - Spawarki, Przecinarki Plazmowe, Kompresory","description":"Urz\u0105dzenia spawalnicze i Przecinarki plazmowe\/ nowe i u\u017cywane \/ Profesjonalny serwis","publisher":{"@id":"https:\/\/spawlab.pl\/en\/#organization"},"alternateName":"Spawlab.pl - Dystrybutor Premium i Serwis na Polske Migatronic, Gys, Voestalpine Bohler Welding","potentialAction":[{"@type":"SearchAction","target":{"@type":"EntryPoint","urlTemplate":"https:\/\/spawlab.pl\/en\/?s={search_term_string}"},"query-input":{"@type":"PropertyValueSpecification","valueRequired":true,"valueName":"search_term_string"}}],"inLanguage":"en-US"},{"@type":["Organization","Place"],"@id":"https:\/\/spawlab.pl\/en\/#organization","name":"Spawlab.pl","url":"https:\/\/spawlab.pl\/en\/","logo":{"@id":"https:\/\/spawlab.pl\/en\/produkt\/bohler-welding-welding-program-package-union-k-56-m20-ar-5%c3%b715co2-quickpulse-79-i2-00243\/#local-main-organization-logo"},"image":{"@id":"https:\/\/spawlab.pl\/en\/produkt\/bohler-welding-welding-program-package-union-k-56-m20-ar-5%c3%b715co2-quickpulse-79-i2-00243\/#local-main-organization-logo"},"sameAs":["https:\/\/www.facebook.com\/Spawlab\/","https:\/\/www.linkedin.com\/company\/spawlab","https:\/\/www.instagram.com\/spawlab.pl","https:\/\/www.tiktok.com\/@spawlab"],"description":"Lider sprzeda\u017cy, Oficjalny Dystrybutor Premium i Serwis na Polsk\u0119 Migatronic, Gys, Voestalpine Bohler Welding. Nowe i u\u017cywane Spawarki, Przecinarki Plazmowe, Kompresory. Mgr in\u017c. Jaros\u0142aw Ko\u0142aski, IWE","hasMerchantReturnPolicy":{"@type":"MerchantReturnPolicy","merchantReturnLink":"https:\/\/spawlab.pl\/polityka-prywatnosci-2\/"},"telephone":[],"openingHoursSpecification":[{"@type":"OpeningHoursSpecification","dayOfWeek":["Monday","Tuesday","Wednesday","Thursday","Friday","Saturday","Sunday"],"opens":"09:00","closes":"17:00"}]},{"@type":"ImageObject","inLanguage":"en-US","@id":"https:\/\/spawlab.pl\/en\/produkt\/bohler-welding-welding-program-package-union-k-56-m20-ar-5%c3%b715co2-quickpulse-79-i2-00243\/#local-main-organization-logo","url":"https:\/\/spawlab.pl\/wp-content\/uploads\/2022\/01\/olx.jpg","contentUrl":"https:\/\/spawlab.pl\/wp-content\/uploads\/2022\/01\/olx.jpg","width":200,"height":200,"caption":"Spawlab.pl"}]},"product_brand":"B\u00f6hler","product_price_amount":"1676.61","product_price_currency":"PLN","og_availability":"backorder","product_availability":"available for order","product_retailer_item_id":"79.I2.00243","product_condition":"new"},"_links":{"self":[{"href":"https:\/\/spawlab.pl\/en\/wp-json\/wp\/v2\/product\/43190","targetHints":{"allow":["GET"]}}],"collection":[{"href":"https:\/\/spawlab.pl\/en\/wp-json\/wp\/v2\/product"}],"about":[{"href":"https:\/\/spawlab.pl\/en\/wp-json\/wp\/v2\/types\/product"}],"wp:featuredmedia":[{"embeddable":true,"href":"https:\/\/spawlab.pl\/en\/wp-json\/wp\/v2\/media\/38560"}],"wp:attachment":[{"href":"https:\/\/spawlab.pl\/en\/wp-json\/wp\/v2\/media?parent=43190"}],"wp:term":[{"taxonomy":"product_brand","embeddable":true,"href":"https:\/\/spawlab.pl\/en\/wp-json\/wp\/v2\/product_brand?post=43190"},{"taxonomy":"product_cat","embeddable":true,"href":"https:\/\/spawlab.pl\/en\/wp-json\/wp\/v2\/product_cat?post=43190"},{"taxonomy":"product_tag","embeddable":true,"href":"https:\/\/spawlab.pl\/en\/wp-json\/wp\/v2\/product_tag?post=43190"}],"curies":[{"name":"wp","href":"https:\/\/api.w.org\/{rel}","templated":true}]}}