{"id":43240,"date":"2025-07-09T23:43:01","date_gmt":"2025-07-09T21:43:01","guid":{"rendered":"https:\/\/spawlab.pl\/produkt\/bohler-welding-implementation-of-robot-welding-parameters-79-rb-001\/"},"modified":"2025-07-09T23:43:01","modified_gmt":"2025-07-09T21:43:01","slug":"bohler-welding-implementation-of-robot-welding-parameters-79-rb-001","status":"publish","type":"product","link":"https:\/\/spawlab.pl\/en\/produkt\/bohler-welding-implementation-of-robot-welding-parameters-79-rb-001\/","title":{"rendered":"B\u00f6hler Welding Implementation of Robot Welding Parameters &#8211; 79.RB.001"},"content":{"rendered":"<div class=\"custom-product-section distributor-info spawlab-info\">\n<p><strong>SpawLab &#8211; your Authorized Voestalpine B\u00f6hler Welding Partner in Poland!<\/strong><\/p>\n<p>We are <strong>an official distributor of<\/strong> Voestalpine B\u00f6hler Welding equipment and <strong>an Authorized Service Center in Poland<\/strong>. Our team has undergone <strong>rigorous technical training directly in Italy<\/strong> at the manufacturer&#8217;s centers. <\/p>\n<p>When you choose SpawLab, you are assured of original products, access to B\u00f6hler Welding solutions, professional advice and service support.<\/p>\n<\/div>\n<div class=\"custom-product-section product-intro\">\n<h2 class=\"product-section-title main-product-title\">B\u00f6hler Welding Implementation of Robot Welding Parameters &#8211; 79.RB.001<\/h2>\n<div class=\"description-content product-marketing-description\">\n<p>B\u00f6hler Welding WELDING ROBOT PARAMETER IMPLEMENTATION (79.RB.001) is a specialized service or software package designed to precisely implement and optimize B\u00f6hler Welding&#8217;s advanced welding parameters on robotic production workstations. This product is the key to fully realizing the potential of innovative &#8216;Made in Europe&#8217; welding technologies in automated processes, guaranteeing maximum productivity, repeatability and highest weld quality. <\/p>\n<p>The solution is aimed at professionals and companies striving for excellence in robotic welding, enabling them to reduce setup time, reduce errors and achieve tangible production benefits by perfectly tuning the synergy between the robot and the B\u00f6hler Welding power source.<\/p>\n<\/div>\n<\/div>\n<h3 class=\"custom-product-heading advanced-features-heading\">Explore the Advanced Capabilities of WELDING ROBOT PARAMETER IMPLEMENTATION.<\/h3>\n<div class=\"custom-accordion advanced-features-accordion\">\n<details class=\"custom-accordion-item\">\n<summary class=\"custom-subtitle accordion-title\">\u2699\ufe0f Effective ArcDrive Process Implementation with B\u00f6hler Welding<\/summary>\n<div class=\"accordion-content\">\n<p>ArcDrive is B\u00f6hler Welding&#8217;s fundamental enhanced MIG\/MAG process, featuring <strong>an exceptionally stable and dynamically responsive welding arc<\/strong>. The parameter implementation package (79.RB.001) ensures that it is precisely set up on the robot, which is crucial for reproducible quality. <\/p>\n<p>With ArcDrive, the welding robot can work with greater confidence, especially in difficult positions. The process <strong>significantly reduces the amount of welding spatter<\/strong>, minimizing the time and cost involved in finishing workpieces. It is ideal for welding carbon steels, stainless steels, aluminum and core wires, ensuring <strong>excellent weld quality and appearance<\/strong> in automated production.  <\/p>\n<\/div>\n<\/details>\n<details class=\"custom-accordion-item\">\n<summary class=\"custom-subtitle accordion-title\">? Optimizing Robotic Welding with the RapiDeep Process<\/summary>\n<div class=\"accordion-content\">\n<p>RapiDeep is an innovative MIG\/MAG process from B\u00f6hler Welding, designed to <strong>maximize fusion depth while reducing heat input<\/strong>. By implementing the parameters for RapiDeep on a robotic workstation, <strong>a significant increase in welding speed<\/strong> can be achieved <strong>&#8211; by up to 50%<\/strong> compared to traditional methods. <\/p>\n<p>A key advantage of RapiDeep in robotic welding is the ability to weld thicker materials without beveling or with less edge preparation, <strong>reducing material preparation costs and cycle time<\/strong>. Less heat input minimizes distortion of the welded part, which is especially important for precision structures. Package 79.RB.001 enables precise implementation of this efficient process.  <\/p>\n<\/div>\n<\/details>\n<details class=\"custom-accordion-item\">\n<summary class=\"custom-subtitle accordion-title\">\u26a1 Precision Implementation of the QuickPulse Process for Robots.<\/summary>\n<div class=\"accordion-content\">\n<p>QuickPulse is an advanced MIG\/MAG pulse process that combines the advantages of deep penetration characteristic of RapiDeep with the excellent control and quality typical of PulsDrive. By implementing QuickPulse parameters on the robot, <strong>extremely high welding speeds (up to 50% faster than standard pulse)<\/strong>, deep penetration and <strong>minimal heat introduction (Low H.I.)<\/strong> are achieved. <\/p>\n<p>The process is ideal for robotic welding of thin and medium-thick materials <strong>,<\/strong> where <strong>excellent weld quality, aesthetic face appearance and minimal distortion<\/strong> are required. QuickPulse provides excellent control of the weld pool, which is crucial when welding in forced positions and with complex part geometries. The 79.RB.001 product facilitates its optimal implementation.  <\/p>\n<\/div>\n<\/details>\n<details class=\"custom-accordion-item\">\n<summary class=\"custom-subtitle accordion-title\">?\ufe0f Robotic Welding with CladPulse Process<\/summary>\n<div class=\"accordion-content\">\n<p>CladPulse is a specialized MIG\/MAG process developed by B\u00f6hler Welding for <strong>surfacing (cladding) applications<\/strong>. It is characterized by <strong>low dilution (melting of the parent material)<\/strong>, a soft, stable arc, and high melt efficiency. The implementation of CladPulse parameters on welding robots paves the way for automation of corrosion-, abrasion- or heat-resistant deposition processes.  <\/p>\n<p>With CladPulse, it is possible to achieve <strong>the desired surfacing properties in the first layer<\/strong>, which significantly reduces material costs and time consumption of the process. Package 79.RB.001 allows the parameters of this advanced process to be fine-tuned to the specifics of the robotic station, ensuring repeatability and high quality of surfacing. <\/p>\n<\/div>\n<\/details>\n<\/div>\n<div class=\"custom-product-section product-specs\">\n<h3 class=\"custom-product-heading specs-heading\">Technical Specifications<\/h3>\n<table class=\"specs-table\">\n<thead>\n<tr>\n<th>Parameter<\/th>\n<th>Value<\/th>\n<\/tr>\n<\/thead>\n<tbody>\n<tr>\n<td>Catalog Number<\/td>\n<td>79.RB.001<\/td>\n<\/tr>\n<tr>\n<td>Brand<\/td>\n<td>B\u00f6hler Welding (part of the Voestalpine B\u00f6hler Welding concern)<\/td>\n<\/tr>\n<tr>\n<td>Product<\/td>\n<td>Welding Parameter Implementation Package for Robots<\/td>\n<\/tr>\n<tr>\n<td>Purpose<\/td>\n<td>To optimize and precisely implement B\u00f6hler Welding&#8217;s advanced welding processes on robotic welding workstations.<\/td>\n<\/tr>\n<tr>\n<td>Compatibility<\/td>\n<td>Robotic systems that work with B\u00f6hler Welding welding sources equipped with the appropriate interfaces and software.<\/td>\n<\/tr>\n<tr>\n<td>Quantity<\/td>\n<td>1 pc.<\/td>\n<\/tr>\n<\/tbody>\n<\/table>\n<\/div>\n<div class=\"custom-product-section product-set-contents\">\n<h3 class=\"custom-product-heading set-contents-heading\">Kit Contents \/ Packaging<\/h3>\n<p>? The product (WELDING ROBOT PARAMETER IMPLEMENTATION, cat. no. 79.RB.001) is delivered as a single piece (service\/package), according to the manufacturer&#8217;s standard Voestalpine B\u00f6hler Welding. Additional accessories and specific software modules may be available separately, depending on the scope of implementation. <\/p>\n<\/div>\n<div class=\"custom-product-section product-features\">\n<h3 class=\"custom-product-heading features-heading\">Key Features and Benefits<\/h3>\n<ul class=\"custom-product-list features-list\">\n<li>? <strong>Precision Process Tuning:<\/strong> Enables the full potential of B\u00f6hler Welding&#8217;s advanced welding processes (e.g. RapiDeep, QuickPulse) on robots, resulting in excellent weld quality and optimized parameters for specific applications.<\/li>\n<li>\u23f1\ufe0f <strong>Reduced Deployment Time:<\/strong> Significantly accelerates the setup and commissioning of robotic welding stations, minimizing downtime and implementation costs for new production tasks.<\/li>\n<li>? <strong>Maximizing Production Efficiency:<\/strong> Optimized welding parameters implemented with this solution lead to increased welding speeds, reduced spatter and less need for post-processing, directly increasing productivity.<\/li>\n<li>?\ufe0f <strong>Expert Support and Know-How:<\/strong> Builds on B\u00f6hler Welding&#8217;s years of experience and innovation in welding technology, providing access to proven solutions and best practices in welding automation.<\/li>\n<\/ul>\n<\/div>\n<div class=\"custom-product-section product-application\">\n<h3 class=\"custom-product-heading application-heading\">Product Application<\/h3>\n<ul class=\"custom-product-list application-list\">\n<li>? <strong>Automotive industry:<\/strong> manufacturing of components, frames, exhaust systems.<\/li>\n<li>?\ufe0f <strong>Manufacturing of machinery and equipment:<\/strong> Welding of steel structures, bodies, precision parts.<\/li>\n<li>? S <strong>hipbuilding and offshore:<\/strong> Automation of welding of hull sections and <strong>offshore<\/strong> structures.<\/li>\n<li>? S <strong>eries production:<\/strong> Wherever high repeatability, quality and welding performance are required.<\/li>\n<li>? <strong>Integration of new production lines:<\/strong> Effective implementation of robotic welding stations from B\u00f6hler Welding.<\/li>\n<li>? <strong>Optimization of existing robotic workstations:<\/strong> Increase productivity and quality by implementing advanced B\u00f6hler Welding parameters and processes.<\/li>\n<\/ul>\n<\/div>\n<div class=\"custom-product-section product-summary conclusion\">\n<h3 class=\"custom-product-heading summary-heading\">Summary: WELDING ROBOT PARAMETER IMPLEMENTATION &#8211; Your Investment in Quality by B\u00f6hler Welding.<\/h3>\n<div class=\"summary-content\">\n<p>? B\u00f6hler Welding WELDING ROBOT PARAMETER IMPLEMENTATION (79.RB.001) is your path to <strong>maximum efficiency and quality in robotic welding<\/strong>. Use the full potential of B\u00f6hler Welding&#8217;s innovative welding technologies to optimize your processes and make your production more competitive. To learn the full capabilities of B\u00f6hler Welding WELDING ROBOT PARAMETER IMPLEMENTATION and get the best deal, contact the experts at SpawLab &#8211; the official distributor and authorized service provider of Voestalpine B\u00f6hler Welding in Poland. Our team, trained in Italy, is at your service.   <\/p>\n<\/div>\n<\/div>\n<div class=\"custom-product-section product-codes-info\">\n<p><strong>Part Number (Art. No.):<\/strong> 79.RB.001<\/p>\n<\/div>\n","protected":false},"excerpt":{"rendered":"<p>B\u00f6hler Welding WELDING ROBOT PARAMETER IMPLEMENTATION (79.RB.001) &#8211; Precision parameter implementation for robots. Professional welding solutions. <\/p>\n","protected":false},"featured_media":38560,"template":"","meta":{"inline_featured_image":false},"product_brand":[772],"product_cat":[11536,5686],"product_tag":[4432,13674,12291,13666,4431,6236,11542],"class_list":{"0":"post-43240","1":"product","2":"type-product","3":"status-publish","4":"has-post-thumbnail","6":"product_brand-bohler","7":"product_cat-bohler-en-2","8":"product_cat-brand-zone","9":"product_tag-bohler-welding-en-2","10":"product_tag-implementation-of-welding-parameters","11":"product_tag-optimization-of-welding","12":"product_tag-robotization-of-welding","13":"product_tag-voestalpine-bohler-welding-en","14":"product_tag-welding-automation","15":"product_tag-welding-software","17":"first","18":"onbackorder","19":"taxable","20":"shipping-taxable","21":"purchasable","22":"product-type-simple"},"yoast_head":"<!-- This site is optimized with the Yoast SEO Premium plugin v27.0 (Yoast SEO v27.3) - https:\/\/yoast.com\/product\/yoast-seo-premium-wordpress\/ -->\n<title>B\u00f6hler Welding Implementation of Robot Welding Parameters | 79.RB.001<\/title>\n<meta name=\"description\" content=\"[B\u00f6hler Welding WELDING ROBOT PARAMETER IMPLEMENTATION (79.RB.001) - Precise parameter implementation for robots. Professional solutions. Check it out at SpawLab!]\" \/>\n<meta name=\"robots\" content=\"index, follow, max-snippet:-1, max-image-preview:large, max-video-preview:-1\" \/>\n<link rel=\"canonical\" href=\"https:\/\/spawlab.pl\/en\/produkt\/bohler-welding-implementation-of-robot-welding-parameters-79-rb-001\/\" \/>\n<meta property=\"og:locale\" content=\"en_US\" \/>\n<meta property=\"og:type\" content=\"article\" \/>\n<meta property=\"og:title\" content=\"B\u00f6hler Welding Implementation of Robot Welding Parameters - 79.RB.001\" \/>\n<meta property=\"og:description\" content=\"Lider sprzeda\u017cy, Oficjalny Dystrybutor Premium i Serwis na Polsk\u0119 Migatronic, Gys, Voestalpine Bohler Welding. Nowe i u\u017cywane Spawarki, Przecinarki Plazmowe, Kompresory. Mgr in\u017c. Jaros\u0142aw Ko\u0142aski, IWE\" \/>\n<meta property=\"og:url\" content=\"https:\/\/spawlab.pl\/en\/produkt\/bohler-welding-implementation-of-robot-welding-parameters-79-rb-001\/\" \/>\n<meta property=\"og:site_name\" content=\"SpawLab - Welding equipment and plasma cutters - store and service\" \/>\n<meta property=\"article:publisher\" content=\"https:\/\/www.facebook.com\/Spawlab\/\" \/>\n<meta property=\"og:image\" content=\"https:\/\/spawlab.pl\/wp-content\/uploads\/2025\/06\/Frame-1-scaled.png\" \/>\n\t<meta property=\"og:image:width\" content=\"2560\" \/>\n\t<meta property=\"og:image:height\" content=\"2197\" \/>\n\t<meta property=\"og:image:type\" content=\"image\/png\" \/>\n<meta name=\"twitter:label1\" content=\"Price\" \/>\n\t<meta name=\"twitter:data1\" content=\"2 623,34&nbsp;&#122;&#322; (2 132,80&nbsp;&#122;&#322; netto)\" \/>\n\t<meta name=\"twitter:label2\" content=\"Availability\" \/>\n\t<meta name=\"twitter:data2\" content=\"On backorder\" \/>\n<script type=\"application\/ld+json\" class=\"yoast-schema-graph\">{\"@context\":\"https:\\\/\\\/schema.org\",\"@graph\":[{\"@type\":[\"WebPage\",\"ItemPage\"],\"@id\":\"https:\\\/\\\/spawlab.pl\\\/en\\\/produkt\\\/bohler-welding-implementation-of-robot-welding-parameters-79-rb-001\\\/\",\"url\":\"https:\\\/\\\/spawlab.pl\\\/en\\\/produkt\\\/bohler-welding-implementation-of-robot-welding-parameters-79-rb-001\\\/\",\"name\":\"B\u00f6hler Welding Implementation of Robot Welding Parameters | 79.RB.001\",\"isPartOf\":{\"@id\":\"https:\\\/\\\/spawlab.pl\\\/en\\\/#website\"},\"primaryImageOfPage\":{\"@id\":\"https:\\\/\\\/spawlab.pl\\\/en\\\/produkt\\\/bohler-welding-implementation-of-robot-welding-parameters-79-rb-001\\\/#primaryimage\"},\"image\":{\"@id\":\"https:\\\/\\\/spawlab.pl\\\/en\\\/produkt\\\/bohler-welding-implementation-of-robot-welding-parameters-79-rb-001\\\/#primaryimage\"},\"thumbnailUrl\":\"https:\\\/\\\/spawlab.pl\\\/wp-content\\\/uploads\\\/2025\\\/06\\\/Frame-1-scaled.png\",\"datePublished\":\"2025-07-09T21:43:01+00:00\",\"description\":\"[B\u00f6hler Welding WELDING ROBOT PARAMETER IMPLEMENTATION (79.RB.001) - Precise parameter implementation for robots. Professional solutions. Check it out at SpawLab!]\",\"breadcrumb\":{\"@id\":\"https:\\\/\\\/spawlab.pl\\\/en\\\/produkt\\\/bohler-welding-implementation-of-robot-welding-parameters-79-rb-001\\\/#breadcrumb\"},\"inLanguage\":\"en-US\",\"potentialAction\":[{\"@type\":\"ReadAction\",\"target\":[\"https:\\\/\\\/spawlab.pl\\\/en\\\/produkt\\\/bohler-welding-implementation-of-robot-welding-parameters-79-rb-001\\\/\"]}]},{\"@type\":\"ImageObject\",\"inLanguage\":\"en-US\",\"@id\":\"https:\\\/\\\/spawlab.pl\\\/en\\\/produkt\\\/bohler-welding-implementation-of-robot-welding-parameters-79-rb-001\\\/#primaryimage\",\"url\":\"https:\\\/\\\/spawlab.pl\\\/wp-content\\\/uploads\\\/2025\\\/06\\\/Frame-1-scaled.png\",\"contentUrl\":\"https:\\\/\\\/spawlab.pl\\\/wp-content\\\/uploads\\\/2025\\\/06\\\/Frame-1-scaled.png\",\"width\":2560,\"height\":2197},{\"@type\":\"BreadcrumbList\",\"@id\":\"https:\\\/\\\/spawlab.pl\\\/en\\\/produkt\\\/bohler-welding-implementation-of-robot-welding-parameters-79-rb-001\\\/#breadcrumb\",\"itemListElement\":[{\"@type\":\"ListItem\",\"position\":1,\"name\":\"Strona g\u0142\u00f3wna\",\"item\":\"https:\\\/\\\/spawlab.pl\\\/en\\\/\"},{\"@type\":\"ListItem\",\"position\":2,\"name\":\"Store\",\"item\":\"https:\\\/\\\/spawlab.pl\\\/en\\\/shop\\\/\"},{\"@type\":\"ListItem\",\"position\":3,\"name\":\"B\u00f6hler Welding Implementation of Robot Welding Parameters &#8211; 79.RB.001\"}]},{\"@type\":\"WebSite\",\"@id\":\"https:\\\/\\\/spawlab.pl\\\/en\\\/#website\",\"url\":\"https:\\\/\\\/spawlab.pl\\\/en\\\/\",\"name\":\"Spawlab.pl Lider - Spawarki, Przecinarki Plazmowe, Kompresory\",\"description\":\"Urz\u0105dzenia spawalnicze i Przecinarki plazmowe\\\/ nowe i u\u017cywane \\\/ Profesjonalny serwis\",\"publisher\":{\"@id\":\"https:\\\/\\\/spawlab.pl\\\/en\\\/#organization\"},\"alternateName\":\"Spawlab.pl - Dystrybutor Premium i Serwis na Polske Migatronic, Gys, Voestalpine Bohler Welding\",\"potentialAction\":[{\"@type\":\"SearchAction\",\"target\":{\"@type\":\"EntryPoint\",\"urlTemplate\":\"https:\\\/\\\/spawlab.pl\\\/en\\\/?s={search_term_string}\"},\"query-input\":{\"@type\":\"PropertyValueSpecification\",\"valueRequired\":true,\"valueName\":\"search_term_string\"}}],\"inLanguage\":\"en-US\"},{\"@type\":[\"Organization\",\"Place\"],\"@id\":\"https:\\\/\\\/spawlab.pl\\\/en\\\/#organization\",\"name\":\"Spawlab.pl\",\"url\":\"https:\\\/\\\/spawlab.pl\\\/en\\\/\",\"logo\":{\"@id\":\"https:\\\/\\\/spawlab.pl\\\/en\\\/produkt\\\/bohler-welding-implementation-of-robot-welding-parameters-79-rb-001\\\/#local-main-organization-logo\"},\"image\":{\"@id\":\"https:\\\/\\\/spawlab.pl\\\/en\\\/produkt\\\/bohler-welding-implementation-of-robot-welding-parameters-79-rb-001\\\/#local-main-organization-logo\"},\"sameAs\":[\"https:\\\/\\\/www.facebook.com\\\/Spawlab\\\/\",\"https:\\\/\\\/www.linkedin.com\\\/company\\\/spawlab\",\"https:\\\/\\\/www.instagram.com\\\/spawlab.pl\",\"https:\\\/\\\/www.tiktok.com\\\/@spawlab\"],\"description\":\"Lider sprzeda\u017cy, Oficjalny Dystrybutor Premium i Serwis na Polsk\u0119 Migatronic, Gys, Voestalpine Bohler Welding. Nowe i u\u017cywane Spawarki, Przecinarki Plazmowe, Kompresory. Mgr in\u017c. Jaros\u0142aw Ko\u0142aski, IWE\",\"hasMerchantReturnPolicy\":{\"@type\":\"MerchantReturnPolicy\",\"merchantReturnLink\":\"https:\\\/\\\/spawlab.pl\\\/polityka-prywatnosci-2\\\/\"},\"telephone\":[],\"openingHoursSpecification\":[{\"@type\":\"OpeningHoursSpecification\",\"dayOfWeek\":[\"Monday\",\"Tuesday\",\"Wednesday\",\"Thursday\",\"Friday\",\"Saturday\",\"Sunday\"],\"opens\":\"09:00\",\"closes\":\"17:00\"}]},{\"@type\":\"ImageObject\",\"inLanguage\":\"en-US\",\"@id\":\"https:\\\/\\\/spawlab.pl\\\/en\\\/produkt\\\/bohler-welding-implementation-of-robot-welding-parameters-79-rb-001\\\/#local-main-organization-logo\",\"url\":\"https:\\\/\\\/spawlab.pl\\\/wp-content\\\/uploads\\\/2022\\\/01\\\/olx.jpg\",\"contentUrl\":\"https:\\\/\\\/spawlab.pl\\\/wp-content\\\/uploads\\\/2022\\\/01\\\/olx.jpg\",\"width\":200,\"height\":200,\"caption\":\"Spawlab.pl\"}]}<\/script>\n<meta property=\"product:brand\" content=\"B\u00f6hler\" \/>\n<meta property=\"product:price:amount\" content=\"2623.34\" \/>\n<meta property=\"product:price:currency\" content=\"PLN\" \/>\n<meta property=\"og:availability\" content=\"backorder\" \/>\n<meta property=\"product:availability\" content=\"available for order\" \/>\n<meta property=\"product:retailer_item_id\" content=\"79.RB.001\" \/>\n<meta property=\"product:condition\" content=\"new\" \/>\n<!-- \/ Yoast SEO Premium plugin. -->","yoast_head_json":{"title":"B\u00f6hler Welding Implementation of Robot Welding Parameters | 79.RB.001","description":"[B\u00f6hler Welding WELDING ROBOT PARAMETER IMPLEMENTATION (79.RB.001) - Precise parameter implementation for robots. Professional solutions. Check it out at SpawLab!]","robots":{"index":"index","follow":"follow","max-snippet":"max-snippet:-1","max-image-preview":"max-image-preview:large","max-video-preview":"max-video-preview:-1"},"canonical":"https:\/\/spawlab.pl\/en\/produkt\/bohler-welding-implementation-of-robot-welding-parameters-79-rb-001\/","og_locale":"en_US","og_type":"article","og_title":"B\u00f6hler Welding Implementation of Robot Welding Parameters - 79.RB.001","og_description":"Lider sprzeda\u017cy, Oficjalny Dystrybutor Premium i Serwis na Polsk\u0119 Migatronic, Gys, Voestalpine Bohler Welding. Nowe i u\u017cywane Spawarki, Przecinarki Plazmowe, Kompresory. Mgr in\u017c. Jaros\u0142aw Ko\u0142aski, IWE","og_url":"https:\/\/spawlab.pl\/en\/produkt\/bohler-welding-implementation-of-robot-welding-parameters-79-rb-001\/","og_site_name":"SpawLab - Welding equipment and plasma cutters - store and service","article_publisher":"https:\/\/www.facebook.com\/Spawlab\/","og_image":[{"width":2560,"height":2197,"url":"https:\/\/spawlab.pl\/wp-content\/uploads\/2025\/06\/Frame-1-scaled.png","type":"image\/png"}],"twitter_misc":{"Price":"2 623,34&nbsp;&#122;&#322; (2 132,80&nbsp;&#122;&#322; netto)","Availability":"On backorder"},"schema":{"@context":"https:\/\/schema.org","@graph":[{"@type":["WebPage","ItemPage"],"@id":"https:\/\/spawlab.pl\/en\/produkt\/bohler-welding-implementation-of-robot-welding-parameters-79-rb-001\/","url":"https:\/\/spawlab.pl\/en\/produkt\/bohler-welding-implementation-of-robot-welding-parameters-79-rb-001\/","name":"B\u00f6hler Welding Implementation of Robot Welding Parameters | 79.RB.001","isPartOf":{"@id":"https:\/\/spawlab.pl\/en\/#website"},"primaryImageOfPage":{"@id":"https:\/\/spawlab.pl\/en\/produkt\/bohler-welding-implementation-of-robot-welding-parameters-79-rb-001\/#primaryimage"},"image":{"@id":"https:\/\/spawlab.pl\/en\/produkt\/bohler-welding-implementation-of-robot-welding-parameters-79-rb-001\/#primaryimage"},"thumbnailUrl":"https:\/\/spawlab.pl\/wp-content\/uploads\/2025\/06\/Frame-1-scaled.png","datePublished":"2025-07-09T21:43:01+00:00","description":"[B\u00f6hler Welding WELDING ROBOT PARAMETER IMPLEMENTATION (79.RB.001) - Precise parameter implementation for robots. Professional solutions. Check it out at SpawLab!]","breadcrumb":{"@id":"https:\/\/spawlab.pl\/en\/produkt\/bohler-welding-implementation-of-robot-welding-parameters-79-rb-001\/#breadcrumb"},"inLanguage":"en-US","potentialAction":[{"@type":"ReadAction","target":["https:\/\/spawlab.pl\/en\/produkt\/bohler-welding-implementation-of-robot-welding-parameters-79-rb-001\/"]}]},{"@type":"ImageObject","inLanguage":"en-US","@id":"https:\/\/spawlab.pl\/en\/produkt\/bohler-welding-implementation-of-robot-welding-parameters-79-rb-001\/#primaryimage","url":"https:\/\/spawlab.pl\/wp-content\/uploads\/2025\/06\/Frame-1-scaled.png","contentUrl":"https:\/\/spawlab.pl\/wp-content\/uploads\/2025\/06\/Frame-1-scaled.png","width":2560,"height":2197},{"@type":"BreadcrumbList","@id":"https:\/\/spawlab.pl\/en\/produkt\/bohler-welding-implementation-of-robot-welding-parameters-79-rb-001\/#breadcrumb","itemListElement":[{"@type":"ListItem","position":1,"name":"Strona g\u0142\u00f3wna","item":"https:\/\/spawlab.pl\/en\/"},{"@type":"ListItem","position":2,"name":"Store","item":"https:\/\/spawlab.pl\/en\/shop\/"},{"@type":"ListItem","position":3,"name":"B\u00f6hler Welding Implementation of Robot Welding Parameters &#8211; 79.RB.001"}]},{"@type":"WebSite","@id":"https:\/\/spawlab.pl\/en\/#website","url":"https:\/\/spawlab.pl\/en\/","name":"Spawlab.pl Lider - Spawarki, Przecinarki Plazmowe, Kompresory","description":"Urz\u0105dzenia spawalnicze i Przecinarki plazmowe\/ nowe i u\u017cywane \/ Profesjonalny serwis","publisher":{"@id":"https:\/\/spawlab.pl\/en\/#organization"},"alternateName":"Spawlab.pl - Dystrybutor Premium i Serwis na Polske Migatronic, Gys, Voestalpine Bohler Welding","potentialAction":[{"@type":"SearchAction","target":{"@type":"EntryPoint","urlTemplate":"https:\/\/spawlab.pl\/en\/?s={search_term_string}"},"query-input":{"@type":"PropertyValueSpecification","valueRequired":true,"valueName":"search_term_string"}}],"inLanguage":"en-US"},{"@type":["Organization","Place"],"@id":"https:\/\/spawlab.pl\/en\/#organization","name":"Spawlab.pl","url":"https:\/\/spawlab.pl\/en\/","logo":{"@id":"https:\/\/spawlab.pl\/en\/produkt\/bohler-welding-implementation-of-robot-welding-parameters-79-rb-001\/#local-main-organization-logo"},"image":{"@id":"https:\/\/spawlab.pl\/en\/produkt\/bohler-welding-implementation-of-robot-welding-parameters-79-rb-001\/#local-main-organization-logo"},"sameAs":["https:\/\/www.facebook.com\/Spawlab\/","https:\/\/www.linkedin.com\/company\/spawlab","https:\/\/www.instagram.com\/spawlab.pl","https:\/\/www.tiktok.com\/@spawlab"],"description":"Lider sprzeda\u017cy, Oficjalny Dystrybutor Premium i Serwis na Polsk\u0119 Migatronic, Gys, Voestalpine Bohler Welding. Nowe i u\u017cywane Spawarki, Przecinarki Plazmowe, Kompresory. Mgr in\u017c. Jaros\u0142aw Ko\u0142aski, IWE","hasMerchantReturnPolicy":{"@type":"MerchantReturnPolicy","merchantReturnLink":"https:\/\/spawlab.pl\/polityka-prywatnosci-2\/"},"telephone":[],"openingHoursSpecification":[{"@type":"OpeningHoursSpecification","dayOfWeek":["Monday","Tuesday","Wednesday","Thursday","Friday","Saturday","Sunday"],"opens":"09:00","closes":"17:00"}]},{"@type":"ImageObject","inLanguage":"en-US","@id":"https:\/\/spawlab.pl\/en\/produkt\/bohler-welding-implementation-of-robot-welding-parameters-79-rb-001\/#local-main-organization-logo","url":"https:\/\/spawlab.pl\/wp-content\/uploads\/2022\/01\/olx.jpg","contentUrl":"https:\/\/spawlab.pl\/wp-content\/uploads\/2022\/01\/olx.jpg","width":200,"height":200,"caption":"Spawlab.pl"}]},"product_brand":"B\u00f6hler","product_price_amount":"2623.34","product_price_currency":"PLN","og_availability":"backorder","product_availability":"available for order","product_retailer_item_id":"79.RB.001","product_condition":"new"},"_links":{"self":[{"href":"https:\/\/spawlab.pl\/en\/wp-json\/wp\/v2\/product\/43240","targetHints":{"allow":["GET"]}}],"collection":[{"href":"https:\/\/spawlab.pl\/en\/wp-json\/wp\/v2\/product"}],"about":[{"href":"https:\/\/spawlab.pl\/en\/wp-json\/wp\/v2\/types\/product"}],"wp:featuredmedia":[{"embeddable":true,"href":"https:\/\/spawlab.pl\/en\/wp-json\/wp\/v2\/media\/38560"}],"wp:attachment":[{"href":"https:\/\/spawlab.pl\/en\/wp-json\/wp\/v2\/media?parent=43240"}],"wp:term":[{"taxonomy":"product_brand","embeddable":true,"href":"https:\/\/spawlab.pl\/en\/wp-json\/wp\/v2\/product_brand?post=43240"},{"taxonomy":"product_cat","embeddable":true,"href":"https:\/\/spawlab.pl\/en\/wp-json\/wp\/v2\/product_cat?post=43240"},{"taxonomy":"product_tag","embeddable":true,"href":"https:\/\/spawlab.pl\/en\/wp-json\/wp\/v2\/product_tag?post=43240"}],"curies":[{"name":"wp","href":"https:\/\/api.w.org\/{rel}","templated":true}]}}