{"id":43253,"date":"2025-07-09T23:42:56","date_gmt":"2025-07-09T21:42:56","guid":{"rendered":"https:\/\/spawlab.pl\/produkt\/bohler-welding-plasma-cutting-clamp-sp-70-6m-81-20-057\/"},"modified":"2025-07-09T23:42:56","modified_gmt":"2025-07-09T21:42:56","slug":"bohler-welding-plasma-cutting-clamp-sp-70-6m-81-20-057","status":"publish","type":"product","link":"https:\/\/spawlab.pl\/en\/produkt\/bohler-welding-plasma-cutting-clamp-sp-70-6m-81-20-057\/","title":{"rendered":"B\u00f6hler Welding Plasma cutting clamp SP 70 &#8211; 6m &#8211; 81.20.057"},"content":{"rendered":"<div class=\"custom-product-section distributor-info spawlab-info\">\n<p><strong>SpawLab &#8211; your Authorized Voestalpine B\u00f6hler Welding Partner in Poland!<\/strong><\/p>\n<p>We are <strong>an official distributor of<\/strong> Voestalpine B\u00f6hler Welding equipment and <strong>an Authorized Service Center in Poland<\/strong>. Our team has undergone <strong>rigorous technical training directly in Italy<\/strong> at the manufacturer&#8217;s centers. <\/p>\n<p>When you choose SpawLab, you are assured of original products, access to B\u00f6hler Welding solutions, professional advice and service support.<\/p>\n<\/div>\n<div class=\"custom-product-section product-intro\">\n<h2 class=\"product-section-title main-product-title\">B\u00f6hler Welding Plasma cutting clamp SP 70 &#8211; 6m &#8211; 81.20.057<\/h2>\n<div class=\"description-content product-marketing-description\">\n<p>The B\u00f6hler Welding SP 70 6-meter professional plasma cutting chuck (Cat. No. 81.20.057) is designed for maximum precision, performance and durability in demanding industrial applications. It is a key component of the plasma cutting system, working perfectly with B\u00f6hler Welding&#8217;s advanced plasma cutters such as the SABER 70 CHP. Its ergonomic design and high-quality components guarantee excellent control over the cutting process and minimize operating costs, making it the preferred choice for professionals expecting reliability and top quality &#8216;Made in Europe&#8217;.  <\/p>\n<p>The SP 70 chuck allows you to take full advantage of the advanced cutting features offered by B\u00f6hler Welding sources, providing clean, fast cutting of a wide range of electrically conductive materials. It is an indispensable tool for professionals in the manufacturing, construction and repair industries, where every detail and efficiency counts. <\/p>\n<\/div>\n<\/div>\n<h3 class=\"custom-product-heading advanced-features-heading\">Explore the Advanced Capabilities of the SP 70 PLASMA CUTTING TORCH &#8211; 6m<\/h3>\n<div class=\"custom-accordion advanced-features-accordion\">\n<details class=\"custom-accordion-item\">\n<summary class=\"custom-subtitle accordion-title\">\u26a1\ufe0f Plasma Arc Occlusion &#8220;Lift Mode&#8221;<\/summary>\n<div class=\"accordion-content\">\n<p>The SP 70 holder is fully compatible with the &#8220;Lift Mode&#8221; arc ignition technology available on B\u00f6hler Welding&#8217;s advanced plasma sources, such as the SABER 70 CHP. This arc initiation mode involves touching the material with the electrode and then lifting it slightly, which generates a pilot arc without the use of high frequency (HF). <strong>The main benefit is a significant reduction in electromagnetic interference (EMI)<\/strong>, which is crucial when working near sensitive electronic equipment or in environments with higher EMC requirements. In addition, Lift Mode ignition contributes to <strong>increased electrode life<\/strong>.  <\/p>\n<\/div>\n<\/details>\n<details class=\"custom-accordion-item\">\n<summary class=\"custom-subtitle accordion-title\">? Automatic Pilot\/Cutting Arc Switching<\/summary>\n<div class=\"accordion-content\">\n<p>The SP 70 fixture effectively supports the automatic switching function between pilot arc and cutting arc implemented in B\u00f6hler Welding equipment. The lower energy pilot arc allows for easy torch positioning and cut initiation, after which the system automatically switches to the full power cutting arc. <strong>A key advantage of this technology is the ability to efficiently cut perforated materials, meshes and intermittent surfaces<\/strong> without the risk of arc stalling. The operator can continue cutting smoothly, <strong>significantly increasing productivity and making it easier to work on complex part geometries<\/strong>.  <\/p>\n<\/div>\n<\/details>\n<details class=\"custom-accordion-item\">\n<summary class=\"custom-subtitle accordion-title\">?\ufe0f Effective Plasma Gouging<\/summary>\n<div class=\"accordion-content\">\n<p>The design of the SP 70 chuck, in combination with suitable operating parts and power source functions (e.g., SABER 70 CHP), also enables efficient plasma gouging. Plasma gouging is the process of removing material from a metal surface using a concentrated plasma arc, which is used, for example, in removing old welds, material defects or preparing edges for welding. <strong>Thanks to the precise guidance of the SP 70 chuck, the operator gains excellent control over the gouging depth and width<\/strong>, resulting in <strong>high-quality surface preparation and material savings<\/strong>. <\/p>\n<\/div>\n<\/details>\n<\/div>\n<div class=\"custom-product-section product-specs\">\n<h3 class=\"custom-product-heading specs-heading\">Technical Specifications<\/h3>\n<table class=\"specs-table\">\n<thead>\n<tr>\n<th>Parameter<\/th>\n<th>Value<\/th>\n<\/tr>\n<\/thead>\n<tbody>\n<tr>\n<td>Catalog Number<\/td>\n<td>81.20.057<\/td>\n<\/tr>\n<tr>\n<td>Handle Model<\/td>\n<td>SP 70<\/td>\n<\/tr>\n<tr>\n<td>Cable length<\/td>\n<td>6 m<\/td>\n<\/tr>\n<tr>\n<td>Process Type<\/td>\n<td>Plasma cutting (PAC)<\/td>\n<\/tr>\n<tr>\n<td>Compatibility (mainly)<\/td>\n<td>B\u00f6hler Welding SABER 70 CHP (and other compatible sources).<\/td>\n<\/tr>\n<tr>\n<td>Maximum Cutting Current (approximate, depending on the source)<\/td>\n<td>Up to 70 A<\/td>\n<\/tr>\n<tr>\n<td>Recommended Cutting Thickness (Steel, with SABER 70 CHP)<\/td>\n<td>Up to 20 mm<\/td>\n<\/tr>\n<tr>\n<td>Maximum Thickness of Quality Cut (Steel, with SABER 70 CHP)<\/td>\n<td>Up to 28 mm<\/td>\n<\/tr>\n<tr>\n<td>Maximum Thickness of Separation Cut (Steel, with SABER 70 CHP)<\/td>\n<td>Up to 35 mm<\/td>\n<\/tr>\n<tr>\n<td>Penetration Capacity (Steel, with SABER 70 CHP)<\/td>\n<td>Up to 15 mm<\/td>\n<\/tr>\n<\/tbody>\n<\/table>\n<\/div>\n<div class=\"custom-product-section product-set-contents\">\n<h3 class=\"custom-product-heading set-contents-heading\">Kit Contents \/ Packaging<\/h3>\n<p>? The product (SP 70 PLASMA CUTTING TORCH &#8211; 6m) is supplied as a single piece, according to the standard of manufacturer Voestalpine B\u00f6hler Welding. Additional accessories and consumable parts are usually available separately. The product is sold by the piece.  <\/p>\n<\/div>\n<div class=\"custom-product-section product-features\">\n<h3 class=\"custom-product-heading features-heading\">Key Features and Benefits<\/h3>\n<ul class=\"custom-product-list features-list\">\n<li>? <strong>High Precision and Quality Cutting:<\/strong> The SP 70&#8217;s optimized torch head design provides a stable and concentrated plasma arc. Benefit: Clean, smooth cut edges with minimal slag, reducing the need for further machining. <\/li>\n<li>?\ufe0f <strong>Durability and Reliability:<\/strong> Made of the highest quality materials to withstand harsh industrial conditions. Benefit: Longer life of wear parts and the chuck itself, resulting in lower maintenance costs and less downtime. <\/li>\n<li>ergonomics <strong>Ergonomic Design:<\/strong> Lightweight and well-balanced handle with comfortable grip. Benefit: Reduced operator fatigue and better process control, even during prolonged operation. <\/li>\n<li>? F <strong>ull Compatibility with B\u00f6hler Welding Systems:<\/strong> Designed to work seamlessly with B\u00f6hler Welding plasma cutting machines, especially the SABER 70 CHP model. Benefit: Guarantee optimum performance and take full advantage of the cutting machine&#8217;s advanced features. <\/li>\n<\/ul>\n<\/div>\n<div class=\"custom-product-section product-application\">\n<h3 class=\"custom-product-heading application-heading\">Product Application<\/h3>\n<ul class=\"custom-product-list application-list\">\n<li>The B\u00f6hler Welding SP 70 &#8211; 6m chuck is the ideal tool for:<\/li>\n<li>? Precision cutting of carbon steel, stainless steel, aluminum, copper and other conductive metals.<\/li>\n<li>?\ufe0f Construction, assembly and dismantling works in the construction industry.<\/li>\n<li>\u2699\ufe0f Production and processing of metal parts in locksmith workshops and industrial plants.<\/li>\n<li>? Applications in shipbuilding and mechanical engineering.<\/li>\n<li>? Repairs and modifications in the automotive sector.<\/li>\n<li>? Preparing edges for welding and removing welding defects by gouging.<\/li>\n<li>? Maintenance and repair work in various industries.<\/li>\n<\/ul>\n<\/div>\n<div class=\"custom-product-section product-summary conclusion\">\n<h3 class=\"custom-product-heading summary-heading\">Summary: SP 70 PLASMA CUTTING TORCH &#8211; 6m &#8211; Your Investment in Quality B\u00f6hler Welding.<\/h3>\n<div class=\"summary-content\">\n<p>? The B\u00f6hler Welding SP 70 &#8211; 6m Plasma Cutting Holder (81.20.057) is a guarantee of the reliability, precision and performance needed for professional metal cutting. Its ergonomics and optimization for use with B\u00f6hler Welding&#8217;s advanced sources ensure excellent results and working comfort. To learn more about the full capabilities of the B\u00f6hler Welding SP 70 PLASMA CUTTING TORCH &#8211; 6m and get the best deal, contact the experts at SpawLab &#8211; the official distributor and authorized service provider of Voestalpine B\u00f6hler Welding in Poland. Our team, trained in Italy, is at your service.   <\/p>\n<\/div>\n<\/div>\n<div class=\"custom-product-section product-codes-info\">\n<p><strong>Part number (Art. No.):<\/strong> 81.20.057<\/p>\n<\/div>\n","protected":false},"excerpt":{"rendered":"<p>B\u00f6hler Welding SP 70 PLASMA CUTTING TORCH &#8211; 6m (81.20.057) &#8211; precision plasma cutting, high durability. Professional welding solutions. <\/p>\n","protected":false},"featured_media":38560,"template":"","meta":{"inline_featured_image":false},"product_brand":[772],"product_cat":[11536,5686],"product_tag":[13693,5256,5255,5336,13695,13696,4431],"class_list":{"0":"post-43253","1":"product","2":"type-product","3":"status-publish","4":"has-post-thumbnail","6":"product_brand-bohler","7":"product_cat-bohler-en-2","8":"product_cat-brand-zone","9":"product_tag-bohler-welding-sp70-en","10":"product_tag-cutting-steel","11":"product_tag-plasma-cutting","12":"product_tag-plasma-holder","13":"product_tag-plasma-torch-6m","14":"product_tag-saber-parts-en","15":"product_tag-voestalpine-bohler-welding-en","17":"first","18":"onbackorder","19":"taxable","20":"shipping-taxable","21":"purchasable","22":"product-type-simple"},"yoast_head":"<!-- This site is optimized with the Yoast SEO Premium plugin v27.5 (Yoast SEO v27.6) - https:\/\/yoast.com\/product\/yoast-seo-premium-wordpress\/ -->\n<title>B\u00f6hler Welding Plasma cutting clamp SP 70 - 6m - 81.20.057<\/title>\n<meta name=\"description\" content=\"B\u00f6hler Welding SP 70 PLASMA CUTTING TORCH - 6m (81.20.057) - precision plasma cutting, high durability. Professional welding solutions. Check it out at SpawLab!\" \/>\n<meta name=\"robots\" content=\"index, follow, max-snippet:-1, max-image-preview:large, max-video-preview:-1\" \/>\n<link rel=\"canonical\" href=\"https:\/\/spawlab.pl\/en\/produkt\/bohler-welding-plasma-cutting-clamp-sp-70-6m-81-20-057\/\" \/>\n<meta property=\"og:locale\" content=\"en_US\" \/>\n<meta property=\"og:type\" content=\"article\" \/>\n<meta property=\"og:title\" content=\"B\u00f6hler Welding Plasma cutting clamp SP 70 - 6m - 81.20.057\" \/>\n<meta property=\"og:description\" content=\"Lider sprzeda\u017cy, Oficjalny Dystrybutor Premium i Serwis na Polsk\u0119 Migatronic, Gys, Voestalpine Bohler Welding. Nowe i u\u017cywane Spawarki, Przecinarki Plazmowe, Kompresory. Mgr in\u017c. Jaros\u0142aw Ko\u0142aski, IWE\" \/>\n<meta property=\"og:url\" content=\"https:\/\/spawlab.pl\/en\/produkt\/bohler-welding-plasma-cutting-clamp-sp-70-6m-81-20-057\/\" \/>\n<meta property=\"og:site_name\" content=\"SpawLab - Welding equipment and plasma cutters - store and service\" \/>\n<meta property=\"article:publisher\" content=\"https:\/\/www.facebook.com\/Spawlab\/\" \/>\n<meta property=\"og:image\" content=\"https:\/\/spawlab.pl\/wp-content\/uploads\/2025\/06\/Frame-1-scaled.png\" \/>\n\t<meta property=\"og:image:width\" content=\"2560\" \/>\n\t<meta property=\"og:image:height\" content=\"2197\" \/>\n\t<meta property=\"og:image:type\" content=\"image\/png\" \/>\n<meta name=\"twitter:label1\" content=\"Price\" \/>\n\t<meta name=\"twitter:data1\" content=\"2 961,84&nbsp;&#122;&#322; (2 408,00&nbsp;&#122;&#322; netto)\" \/>\n\t<meta name=\"twitter:label2\" content=\"Availability\" \/>\n\t<meta name=\"twitter:data2\" content=\"On backorder\" \/>\n<script type=\"application\/ld+json\" class=\"yoast-schema-graph\">{\"@context\":\"https:\\\/\\\/schema.org\",\"@graph\":[{\"@type\":[\"WebPage\",\"ItemPage\"],\"@id\":\"https:\\\/\\\/spawlab.pl\\\/en\\\/produkt\\\/bohler-welding-plasma-cutting-clamp-sp-70-6m-81-20-057\\\/\",\"url\":\"https:\\\/\\\/spawlab.pl\\\/en\\\/produkt\\\/bohler-welding-plasma-cutting-clamp-sp-70-6m-81-20-057\\\/\",\"name\":\"B\u00f6hler Welding Plasma cutting clamp SP 70 - 6m - 81.20.057\",\"isPartOf\":{\"@id\":\"https:\\\/\\\/spawlab.pl\\\/en\\\/#website\"},\"primaryImageOfPage\":{\"@id\":\"https:\\\/\\\/spawlab.pl\\\/en\\\/produkt\\\/bohler-welding-plasma-cutting-clamp-sp-70-6m-81-20-057\\\/#primaryimage\"},\"image\":{\"@id\":\"https:\\\/\\\/spawlab.pl\\\/en\\\/produkt\\\/bohler-welding-plasma-cutting-clamp-sp-70-6m-81-20-057\\\/#primaryimage\"},\"thumbnailUrl\":\"https:\\\/\\\/spawlab.pl\\\/wp-content\\\/uploads\\\/2025\\\/06\\\/Frame-1-scaled.png\",\"datePublished\":\"2025-07-09T21:42:56+00:00\",\"description\":\"B\u00f6hler Welding SP 70 PLASMA CUTTING TORCH - 6m (81.20.057) - precision plasma cutting, high durability. Professional welding solutions. Check it out at SpawLab!\",\"breadcrumb\":{\"@id\":\"https:\\\/\\\/spawlab.pl\\\/en\\\/produkt\\\/bohler-welding-plasma-cutting-clamp-sp-70-6m-81-20-057\\\/#breadcrumb\"},\"inLanguage\":\"en-US\",\"potentialAction\":[{\"@type\":\"ReadAction\",\"target\":[\"https:\\\/\\\/spawlab.pl\\\/en\\\/produkt\\\/bohler-welding-plasma-cutting-clamp-sp-70-6m-81-20-057\\\/\"]}]},{\"@type\":\"ImageObject\",\"inLanguage\":\"en-US\",\"@id\":\"https:\\\/\\\/spawlab.pl\\\/en\\\/produkt\\\/bohler-welding-plasma-cutting-clamp-sp-70-6m-81-20-057\\\/#primaryimage\",\"url\":\"https:\\\/\\\/spawlab.pl\\\/wp-content\\\/uploads\\\/2025\\\/06\\\/Frame-1-scaled.png\",\"contentUrl\":\"https:\\\/\\\/spawlab.pl\\\/wp-content\\\/uploads\\\/2025\\\/06\\\/Frame-1-scaled.png\",\"width\":2560,\"height\":2197},{\"@type\":\"BreadcrumbList\",\"@id\":\"https:\\\/\\\/spawlab.pl\\\/en\\\/produkt\\\/bohler-welding-plasma-cutting-clamp-sp-70-6m-81-20-057\\\/#breadcrumb\",\"itemListElement\":[{\"@type\":\"ListItem\",\"position\":1,\"name\":\"Strona g\u0142\u00f3wna\",\"item\":\"https:\\\/\\\/spawlab.pl\\\/en\\\/\"},{\"@type\":\"ListItem\",\"position\":2,\"name\":\"Store\",\"item\":\"https:\\\/\\\/spawlab.pl\\\/en\\\/shop\\\/\"},{\"@type\":\"ListItem\",\"position\":3,\"name\":\"B\u00f6hler Welding Plasma cutting clamp SP 70 &#8211; 6m &#8211; 81.20.057\"}]},{\"@type\":\"WebSite\",\"@id\":\"https:\\\/\\\/spawlab.pl\\\/en\\\/#website\",\"url\":\"https:\\\/\\\/spawlab.pl\\\/en\\\/\",\"name\":\"Spawlab.pl Lider - Spawarki, Przecinarki Plazmowe, Kompresory\",\"description\":\"Urz\u0105dzenia spawalnicze i Przecinarki plazmowe\\\/ nowe i u\u017cywane \\\/ Profesjonalny serwis\",\"publisher\":{\"@id\":\"https:\\\/\\\/spawlab.pl\\\/en\\\/#organization\"},\"alternateName\":\"Spawlab.pl - Dystrybutor Premium i Serwis na Polske Migatronic, Gys, Voestalpine Bohler Welding\",\"potentialAction\":[{\"@type\":\"SearchAction\",\"target\":{\"@type\":\"EntryPoint\",\"urlTemplate\":\"https:\\\/\\\/spawlab.pl\\\/en\\\/?s={search_term_string}\"},\"query-input\":{\"@type\":\"PropertyValueSpecification\",\"valueRequired\":true,\"valueName\":\"search_term_string\"}}],\"inLanguage\":\"en-US\"},{\"@type\":[\"Organization\",\"Place\"],\"@id\":\"https:\\\/\\\/spawlab.pl\\\/en\\\/#organization\",\"name\":\"Spawlab.pl\",\"url\":\"https:\\\/\\\/spawlab.pl\\\/en\\\/\",\"logo\":{\"@id\":\"https:\\\/\\\/spawlab.pl\\\/en\\\/produkt\\\/bohler-welding-plasma-cutting-clamp-sp-70-6m-81-20-057\\\/#local-main-organization-logo\"},\"image\":{\"@id\":\"https:\\\/\\\/spawlab.pl\\\/en\\\/produkt\\\/bohler-welding-plasma-cutting-clamp-sp-70-6m-81-20-057\\\/#local-main-organization-logo\"},\"sameAs\":[\"https:\\\/\\\/www.facebook.com\\\/Spawlab\\\/\",\"https:\\\/\\\/www.linkedin.com\\\/company\\\/spawlab\",\"https:\\\/\\\/www.instagram.com\\\/spawlab.pl\",\"https:\\\/\\\/www.tiktok.com\\\/@spawlab\"],\"description\":\"Lider sprzeda\u017cy, Oficjalny Dystrybutor Premium i Serwis na Polsk\u0119 Migatronic, Gys, Voestalpine Bohler Welding. Nowe i u\u017cywane Spawarki, Przecinarki Plazmowe, Kompresory. Mgr in\u017c. Jaros\u0142aw Ko\u0142aski, IWE\",\"hasMerchantReturnPolicy\":{\"@type\":\"MerchantReturnPolicy\",\"merchantReturnLink\":\"https:\\\/\\\/spawlab.pl\\\/polityka-prywatnosci-2\\\/\"},\"telephone\":[],\"openingHoursSpecification\":[{\"@type\":\"OpeningHoursSpecification\",\"dayOfWeek\":[\"Monday\",\"Tuesday\",\"Wednesday\",\"Thursday\",\"Friday\",\"Saturday\",\"Sunday\"],\"opens\":\"09:00\",\"closes\":\"17:00\"}]},{\"@type\":\"ImageObject\",\"inLanguage\":\"en-US\",\"@id\":\"https:\\\/\\\/spawlab.pl\\\/en\\\/produkt\\\/bohler-welding-plasma-cutting-clamp-sp-70-6m-81-20-057\\\/#local-main-organization-logo\",\"url\":\"https:\\\/\\\/spawlab.pl\\\/wp-content\\\/uploads\\\/2022\\\/01\\\/olx.jpg\",\"contentUrl\":\"https:\\\/\\\/spawlab.pl\\\/wp-content\\\/uploads\\\/2022\\\/01\\\/olx.jpg\",\"width\":200,\"height\":200,\"caption\":\"Spawlab.pl\"}]}<\/script>\n<meta property=\"product:brand\" content=\"B\u00f6hler\" \/>\n<meta property=\"product:price:amount\" content=\"2961.84\" \/>\n<meta property=\"product:price:currency\" content=\"PLN\" \/>\n<meta property=\"og:availability\" content=\"backorder\" \/>\n<meta property=\"product:availability\" content=\"available for order\" \/>\n<meta property=\"product:retailer_item_id\" content=\"81.20.057\" \/>\n<meta property=\"product:condition\" content=\"new\" \/>\n<!-- \/ Yoast SEO Premium plugin. -->","yoast_head_json":{"title":"B\u00f6hler Welding Plasma cutting clamp SP 70 - 6m - 81.20.057","description":"B\u00f6hler Welding SP 70 PLASMA CUTTING TORCH - 6m (81.20.057) - precision plasma cutting, high durability. Professional welding solutions. Check it out at SpawLab!","robots":{"index":"index","follow":"follow","max-snippet":"max-snippet:-1","max-image-preview":"max-image-preview:large","max-video-preview":"max-video-preview:-1"},"canonical":"https:\/\/spawlab.pl\/en\/produkt\/bohler-welding-plasma-cutting-clamp-sp-70-6m-81-20-057\/","og_locale":"en_US","og_type":"article","og_title":"B\u00f6hler Welding Plasma cutting clamp SP 70 - 6m - 81.20.057","og_description":"Lider sprzeda\u017cy, Oficjalny Dystrybutor Premium i Serwis na Polsk\u0119 Migatronic, Gys, Voestalpine Bohler Welding. Nowe i u\u017cywane Spawarki, Przecinarki Plazmowe, Kompresory. Mgr in\u017c. Jaros\u0142aw Ko\u0142aski, IWE","og_url":"https:\/\/spawlab.pl\/en\/produkt\/bohler-welding-plasma-cutting-clamp-sp-70-6m-81-20-057\/","og_site_name":"SpawLab - Welding equipment and plasma cutters - store and service","article_publisher":"https:\/\/www.facebook.com\/Spawlab\/","og_image":[{"width":2560,"height":2197,"url":"https:\/\/spawlab.pl\/wp-content\/uploads\/2025\/06\/Frame-1-scaled.png","type":"image\/png"}],"twitter_misc":{"Price":"2 961,84&nbsp;&#122;&#322; (2 408,00&nbsp;&#122;&#322; netto)","Availability":"On backorder"},"schema":{"@context":"https:\/\/schema.org","@graph":[{"@type":["WebPage","ItemPage"],"@id":"https:\/\/spawlab.pl\/en\/produkt\/bohler-welding-plasma-cutting-clamp-sp-70-6m-81-20-057\/","url":"https:\/\/spawlab.pl\/en\/produkt\/bohler-welding-plasma-cutting-clamp-sp-70-6m-81-20-057\/","name":"B\u00f6hler Welding Plasma cutting clamp SP 70 - 6m - 81.20.057","isPartOf":{"@id":"https:\/\/spawlab.pl\/en\/#website"},"primaryImageOfPage":{"@id":"https:\/\/spawlab.pl\/en\/produkt\/bohler-welding-plasma-cutting-clamp-sp-70-6m-81-20-057\/#primaryimage"},"image":{"@id":"https:\/\/spawlab.pl\/en\/produkt\/bohler-welding-plasma-cutting-clamp-sp-70-6m-81-20-057\/#primaryimage"},"thumbnailUrl":"https:\/\/spawlab.pl\/wp-content\/uploads\/2025\/06\/Frame-1-scaled.png","datePublished":"2025-07-09T21:42:56+00:00","description":"B\u00f6hler Welding SP 70 PLASMA CUTTING TORCH - 6m (81.20.057) - precision plasma cutting, high durability. Professional welding solutions. Check it out at SpawLab!","breadcrumb":{"@id":"https:\/\/spawlab.pl\/en\/produkt\/bohler-welding-plasma-cutting-clamp-sp-70-6m-81-20-057\/#breadcrumb"},"inLanguage":"en-US","potentialAction":[{"@type":"ReadAction","target":["https:\/\/spawlab.pl\/en\/produkt\/bohler-welding-plasma-cutting-clamp-sp-70-6m-81-20-057\/"]}]},{"@type":"ImageObject","inLanguage":"en-US","@id":"https:\/\/spawlab.pl\/en\/produkt\/bohler-welding-plasma-cutting-clamp-sp-70-6m-81-20-057\/#primaryimage","url":"https:\/\/spawlab.pl\/wp-content\/uploads\/2025\/06\/Frame-1-scaled.png","contentUrl":"https:\/\/spawlab.pl\/wp-content\/uploads\/2025\/06\/Frame-1-scaled.png","width":2560,"height":2197},{"@type":"BreadcrumbList","@id":"https:\/\/spawlab.pl\/en\/produkt\/bohler-welding-plasma-cutting-clamp-sp-70-6m-81-20-057\/#breadcrumb","itemListElement":[{"@type":"ListItem","position":1,"name":"Strona g\u0142\u00f3wna","item":"https:\/\/spawlab.pl\/en\/"},{"@type":"ListItem","position":2,"name":"Store","item":"https:\/\/spawlab.pl\/en\/shop\/"},{"@type":"ListItem","position":3,"name":"B\u00f6hler Welding Plasma cutting clamp SP 70 &#8211; 6m &#8211; 81.20.057"}]},{"@type":"WebSite","@id":"https:\/\/spawlab.pl\/en\/#website","url":"https:\/\/spawlab.pl\/en\/","name":"Spawlab.pl Lider - Spawarki, Przecinarki Plazmowe, Kompresory","description":"Urz\u0105dzenia spawalnicze i Przecinarki plazmowe\/ nowe i u\u017cywane \/ Profesjonalny serwis","publisher":{"@id":"https:\/\/spawlab.pl\/en\/#organization"},"alternateName":"Spawlab.pl - Dystrybutor Premium i Serwis na Polske Migatronic, Gys, Voestalpine Bohler Welding","potentialAction":[{"@type":"SearchAction","target":{"@type":"EntryPoint","urlTemplate":"https:\/\/spawlab.pl\/en\/?s={search_term_string}"},"query-input":{"@type":"PropertyValueSpecification","valueRequired":true,"valueName":"search_term_string"}}],"inLanguage":"en-US"},{"@type":["Organization","Place"],"@id":"https:\/\/spawlab.pl\/en\/#organization","name":"Spawlab.pl","url":"https:\/\/spawlab.pl\/en\/","logo":{"@id":"https:\/\/spawlab.pl\/en\/produkt\/bohler-welding-plasma-cutting-clamp-sp-70-6m-81-20-057\/#local-main-organization-logo"},"image":{"@id":"https:\/\/spawlab.pl\/en\/produkt\/bohler-welding-plasma-cutting-clamp-sp-70-6m-81-20-057\/#local-main-organization-logo"},"sameAs":["https:\/\/www.facebook.com\/Spawlab\/","https:\/\/www.linkedin.com\/company\/spawlab","https:\/\/www.instagram.com\/spawlab.pl","https:\/\/www.tiktok.com\/@spawlab"],"description":"Lider sprzeda\u017cy, Oficjalny Dystrybutor Premium i Serwis na Polsk\u0119 Migatronic, Gys, Voestalpine Bohler Welding. Nowe i u\u017cywane Spawarki, Przecinarki Plazmowe, Kompresory. Mgr in\u017c. Jaros\u0142aw Ko\u0142aski, IWE","hasMerchantReturnPolicy":{"@type":"MerchantReturnPolicy","merchantReturnLink":"https:\/\/spawlab.pl\/polityka-prywatnosci-2\/"},"telephone":[],"openingHoursSpecification":[{"@type":"OpeningHoursSpecification","dayOfWeek":["Monday","Tuesday","Wednesday","Thursday","Friday","Saturday","Sunday"],"opens":"09:00","closes":"17:00"}]},{"@type":"ImageObject","inLanguage":"en-US","@id":"https:\/\/spawlab.pl\/en\/produkt\/bohler-welding-plasma-cutting-clamp-sp-70-6m-81-20-057\/#local-main-organization-logo","url":"https:\/\/spawlab.pl\/wp-content\/uploads\/2022\/01\/olx.jpg","contentUrl":"https:\/\/spawlab.pl\/wp-content\/uploads\/2022\/01\/olx.jpg","width":200,"height":200,"caption":"Spawlab.pl"}]},"product_brand":"B\u00f6hler","product_price_amount":"2961.84","product_price_currency":"PLN","og_availability":"backorder","product_availability":"available for order","product_retailer_item_id":"81.20.057","product_condition":"new"},"_links":{"self":[{"href":"https:\/\/spawlab.pl\/en\/wp-json\/wp\/v2\/product\/43253","targetHints":{"allow":["GET"]}}],"collection":[{"href":"https:\/\/spawlab.pl\/en\/wp-json\/wp\/v2\/product"}],"about":[{"href":"https:\/\/spawlab.pl\/en\/wp-json\/wp\/v2\/types\/product"}],"wp:featuredmedia":[{"embeddable":true,"href":"https:\/\/spawlab.pl\/en\/wp-json\/wp\/v2\/media\/38560"}],"wp:attachment":[{"href":"https:\/\/spawlab.pl\/en\/wp-json\/wp\/v2\/media?parent=43253"}],"wp:term":[{"taxonomy":"product_brand","embeddable":true,"href":"https:\/\/spawlab.pl\/en\/wp-json\/wp\/v2\/product_brand?post=43253"},{"taxonomy":"product_cat","embeddable":true,"href":"https:\/\/spawlab.pl\/en\/wp-json\/wp\/v2\/product_cat?post=43253"},{"taxonomy":"product_tag","embeddable":true,"href":"https:\/\/spawlab.pl\/en\/wp-json\/wp\/v2\/product_tag?post=43253"}],"curies":[{"name":"wp","href":"https:\/\/api.w.org\/{rel}","templated":true}]}}