{"id":43282,"date":"2025-07-09T23:41:27","date_gmt":"2025-07-09T21:41:27","guid":{"rendered":"https:\/\/spawlab.pl\/produkt\/bohler-welding-welding-program-package-union-x-90-m21-ar-15-25co2-pulsdrive-79-i2-00200\/"},"modified":"2025-07-09T23:41:27","modified_gmt":"2025-07-09T21:41:27","slug":"bohler-welding-welding-program-package-union-x-90-m21-ar-15-25co2-pulsdrive-79-i2-00200","status":"publish","type":"product","link":"https:\/\/spawlab.pl\/en\/produkt\/bohler-welding-welding-program-package-union-x-90-m21-ar-15-25co2-pulsdrive-79-i2-00200\/","title":{"rendered":"B\u00f6hler Welding Welding Program Package Union X 90 M21 (Ar 15-25%CO2) &#8211; PulsDrive &#8211; 79.I2.00200"},"content":{"rendered":"<div class=\"custom-product-section distributor-info spawlab-info\">\n<p><strong>SpawLab &#8211; your Authorized Voestalpine B\u00f6hler Welding Partner in Poland!<\/strong><\/p>\n<p>We are <strong>an official distributor of<\/strong> Voestalpine B\u00f6hler Welding equipment and <strong>an Authorized Service Center in Poland<\/strong>. Our team has undergone <strong>rigorous technical training directly in Italy<\/strong> at the manufacturer&#8217;s centers. <\/p>\n<p>When you choose SpawLab, you are assured of original products, access to B\u00f6hler Welding solutions, professional advice and service support.<\/p>\n<\/div>\n<div class=\"custom-product-section product-intro\">\n<h2 class=\"product-section-title main-product-title\">B\u00f6hler Welding Welding Program Package Union X 90 M21 (Ar 15-25%CO2) &#8211; PulsDrive &#8211; 79.I2.00200<\/h2>\n<div class=\"description-content product-marketing-description\">\n<p>Unlock the full potential of your B\u00f6hler Welding machine with the dedicated Welding Program Package 79.I2.00200. Optimized for Union X 90 wire, M21 gas (Ar 15-25%CO2) and the PulsDrive process, this synergy package guarantees professionals the highest weld quality, repeatable parameters and intuitive control for advanced pulse welding. <\/p>\n<p>This specialized set of programs is an indispensable tool for welders and technologists striving for perfection in MIG\/MAG Puls welding of high-strength steels, ensuring parameter compatibility with B\u00f6hler Welding materials and maximum process efficiency.<\/p>\n<\/div>\n<\/div>\n<h3 class=\"custom-product-heading advanced-features-heading\">Explore Advanced Capabilities _x000D_Welding Programs Package &#8211; Union X 90 M21 (Ar 15\u00f725%CO2) &#8211; PulsDrive_x000D_.<\/h3>\n<div class=\"custom-accordion advanced-features-accordion\">\n<details class=\"custom-accordion-item\">\n<summary class=\"custom-subtitle accordion-title\">PULSE Advanced Welding Process PulsDrive.<\/summary>\n<div class=\"accordion-content\">\n<p><strong>B\u00f6hler Welding PulsDrive<\/strong> is a digitally controlled MIG\/MAG pulse welding process, operating on the principle of <strong>&#8220;one pulse of current &#8211; one drop of liquid metal.&#8221;<\/strong> This precise control of material transfer ensures <strong>exceptional controllability of the welding arc<\/strong> and excellent weld quality, especially when welding high-strength steels, stainless steels and aluminum. <\/p>\n<p>With PulsDrive, you get <strong>minimal spatter<\/strong>, significantly reducing finishing time and costs. The process allows you to weld with <strong>low heat input (Heat Input)<\/strong>, minimizing deformation of the material and preserving its mechanical properties. This program package allows you to take full advantage of the benefits of PulsDrive when welding with Union X 90 wire in M21 shielding, ensuring <strong>excellent weld finishes and repeatability<\/strong>.  <\/p>\n<\/div>\n<\/details>\n<\/div>\n<div class=\"custom-product-section product-specs\">\n<h3 class=\"custom-product-heading specs-heading\">Technical Specifications<\/h3>\n<table class=\"specs-table\">\n<thead>\n<tr>\n<th>Parameter<\/th>\n<th>Value<\/th>\n<\/tr>\n<\/thead>\n<tbody>\n<tr>\n<td>? Technical Specifications<\/td>\n<td><\/td>\n<\/tr>\n<tr>\n<td>Catalog Number<\/td>\n<td>79.I2.00200<\/td>\n<\/tr>\n<tr>\n<td>Product Type<\/td>\n<td>Welding Software Package (Software)<\/td>\n<\/tr>\n<tr>\n<td>Purpose<\/td>\n<td>Optimization of MIG\/MAG welding<\/td>\n<\/tr>\n<tr>\n<td>Welding Process<\/td>\n<td>PulsDrive (pulsed MIG\/MAG).<\/td>\n<\/tr>\n<tr>\n<td>Dedicated Welding Wire<\/td>\n<td>Union X 90<\/td>\n<\/tr>\n<tr>\n<td>Dedicated Shielding Gas<\/td>\n<td>M21 (Argon + 15-25% CO2)<\/td>\n<\/tr>\n<tr>\n<td>Compatibility<\/td>\n<td>Selected B\u00f6hler Welding equipment with B\u00f6hler Arc technology and PulsDrive process support (e.g. URANOS NX PMC\/PME\/MTE series, TERRA NX PMC\/PME series).<\/td>\n<\/tr>\n<\/tbody>\n<\/table>\n<\/div>\n<div class=\"custom-product-section product-set-contents\">\n<h3 class=\"custom-product-heading set-contents-heading\">Kit Contents \/ Packaging<\/h3>\n<ul class=\"custom-product-list set-contents-list\">\n<li>? Kit Contents:<\/li>\n<li>The product (Welding Program Package Union X 90 M21 (Ar 15-25%CO2) &#8211; PulsDrive, Cat. No. 79.I2.00200) is delivered as a single license\/software file (installation details depend on the device), according to the manufacturer&#8217;s standard Voestalpine B\u00f6hler Welding. The package does not include the welding device or physical accessories.  <\/li>\n<\/ul>\n<\/div>\n<div class=\"custom-product-section product-features\">\n<h3 class=\"custom-product-heading features-heading\">Key Features and Benefits<\/h3>\n<ul class=\"custom-product-list features-list\">\n<li>? <strong>Precision Synergy:<\/strong> Dedicated synergy curves for Union X 90 wire and M21 gas eliminate the need for manual adjustments, guaranteeing optimal performance and repeatable welding results every time.<\/li>\n<li><strong>\u2728 PulsDrive Process Optimization:<\/strong> Harness the full potential of &#8220;one-pulse-one-drop&#8221; digital pulse welding for excellent arc control, minimal spatter and perfect weld appearance on high-strength steels.<\/li>\n<li>\u2699\ufe0f <strong>Simplified Operation:<\/strong> Simply select a program &#8211; Synergy will take care of the rest. Reduces setup time and minimizes the risk of errors, allowing you to focus on quality performance. <\/li>\n<li>\u2705 <strong>B\u00f6hler Welding Quality:<\/strong> Software developed by B\u00f6hler Welding experts to ensure compatibility and maximum performance with the brand&#8217;s compatible welding equipment.<\/li>\n<\/ul>\n<\/div>\n<div class=\"custom-product-section product-application\">\n<h3 class=\"custom-product-heading application-heading\">Product Application<\/h3>\n<ul class=\"custom-product-list application-list\">\n<li>? Ideal for professionals using compatible B\u00f6hler Welding equipment in applications such as:<\/li>\n<li>Welding of high-strength steel structures.<\/li>\n<li>Manufacturing of industrial machinery and equipment.<\/li>\n<li>Automotive and railroad industries.<\/li>\n<li>Construction of pipelines and pressure vessels.<\/li>\n<li>Repairs and reconditioning of challenging components.<\/li>\n<li>Wherever the highest quality and repeatability of MIG\/MAG Puls welds on steel are required using Union X 90 wire and M21 gas.<\/li>\n<\/ul>\n<\/div>\n<div class=\"custom-product-section product-summary conclusion\">\n<h3 class=\"custom-product-heading summary-heading\">Summary: _x000D_Welding Programs Package &#8211; Union X 90 M21 (Ar 15\u00f725%CO2) &#8211; PulsDrive_x000D_ &#8211; Your Investment in Quality B\u00f6hler Welding.<\/h3>\n<div class=\"summary-content\">\n<p>? B\u00f6hler Welding&#8217;s Welding Program Package 79.I2.00200 is the key to <strong>maximizing the productivity and quality of<\/strong> Union X 90 wire <strong>welding<\/strong> with the PulsDrive process. Invest in precise synergy and achieve superior results without compromise. To discover the full capabilities of B\u00f6hler Welding&#8217;s Union X 90 M21 (Ar 15-25%CO2) Welding Program Package &#8211; PulsDrive and get the best deal, contact the experts at SpawLab &#8211; the official distributor and authorized service provider of Voestalpine B\u00f6hler Welding in Poland. Our team, trained in Italy, is at your service.   <\/p>\n<\/div>\n<\/div>\n<div class=\"custom-product-section product-codes-info\">\n<p><strong>Part Number (Art. No.):<\/strong> 79.I2.00200<\/p>\n<\/div>\n","protected":false},"excerpt":{"rendered":"<p>B\u00f6hler Welding Welding Program Package Union X 90 M21 (Ar 15-25%CO2) &#8211; PulsDrive (79.I2.00200) &#8211; Precision PulsDrive Synergy. Professional welding. <\/p>\n","protected":false},"featured_media":38560,"template":"","meta":{"inline_featured_image":false},"product_brand":[772],"product_cat":[11536,5686],"product_tag":[13742,4432,8763,12622,13233,11542,11547],"class_list":{"0":"post-43282","1":"product","2":"type-product","3":"status-publish","4":"has-post-thumbnail","6":"product_brand-bohler","7":"product_cat-bohler-en-2","8":"product_cat-brand-zone","9":"product_tag-79-i2-00200-en","10":"product_tag-bohler-welding-en-2","11":"product_tag-mig-mag-synergy","12":"product_tag-pulsdrive-en","13":"product_tag-union-x-90-en","14":"product_tag-welding-software","15":"product_tag-welding-software-package","17":"first","18":"onbackorder","19":"taxable","20":"shipping-taxable","21":"purchasable","22":"product-type-simple"},"yoast_head":"<!-- This site is optimized with the Yoast SEO Premium plugin v27.0 (Yoast SEO v27.3) - https:\/\/yoast.com\/product\/yoast-seo-premium-wordpress\/ -->\n<title>B\u00f6hler Welding Program Package Union X 90 M21 PulsDrive - 79.I2.00200<\/title>\n<meta name=\"description\" content=\"B\u00f6hler Welding Welding Program Package Union X 90 M21 (Ar 15-25%CO2) - PulsDrive (79.I2.00200) - precise PulsDrive synergy. Check it out at SpawLab!\" \/>\n<meta name=\"robots\" content=\"index, follow, max-snippet:-1, max-image-preview:large, max-video-preview:-1\" \/>\n<link rel=\"canonical\" href=\"https:\/\/spawlab.pl\/en\/produkt\/bohler-welding-welding-program-package-union-x-90-m21-ar-15-25co2-pulsdrive-79-i2-00200\/\" \/>\n<meta property=\"og:locale\" content=\"en_US\" \/>\n<meta property=\"og:type\" content=\"article\" \/>\n<meta property=\"og:title\" content=\"B\u00f6hler Welding Welding Program Package Union X 90 M21 (Ar 15-25%CO2) - PulsDrive - 79.I2.00200\" \/>\n<meta property=\"og:description\" content=\"Lider sprzeda\u017cy, Oficjalny Dystrybutor Premium i Serwis na Polsk\u0119 Migatronic, Gys, Voestalpine Bohler Welding. Nowe i u\u017cywane Spawarki, Przecinarki Plazmowe, Kompresory. Mgr in\u017c. Jaros\u0142aw Ko\u0142aski, IWE\" \/>\n<meta property=\"og:url\" content=\"https:\/\/spawlab.pl\/en\/produkt\/bohler-welding-welding-program-package-union-x-90-m21-ar-15-25co2-pulsdrive-79-i2-00200\/\" \/>\n<meta property=\"og:site_name\" content=\"SpawLab - Welding equipment and plasma cutters - store and service\" \/>\n<meta property=\"article:publisher\" content=\"https:\/\/www.facebook.com\/Spawlab\/\" \/>\n<meta property=\"og:image\" content=\"https:\/\/spawlab.pl\/wp-content\/uploads\/2025\/06\/Frame-1-scaled.png\" \/>\n\t<meta property=\"og:image:width\" content=\"2560\" \/>\n\t<meta property=\"og:image:height\" content=\"2197\" \/>\n\t<meta property=\"og:image:type\" content=\"image\/png\" \/>\n<meta name=\"twitter:label1\" content=\"Price\" \/>\n\t<meta name=\"twitter:data1\" content=\"1 433,32&nbsp;&#122;&#322; (1 165,30&nbsp;&#122;&#322; netto)\" \/>\n\t<meta name=\"twitter:label2\" content=\"Availability\" \/>\n\t<meta name=\"twitter:data2\" content=\"On backorder\" \/>\n<script type=\"application\/ld+json\" class=\"yoast-schema-graph\">{\"@context\":\"https:\\\/\\\/schema.org\",\"@graph\":[{\"@type\":[\"WebPage\",\"ItemPage\"],\"@id\":\"https:\\\/\\\/spawlab.pl\\\/en\\\/produkt\\\/bohler-welding-welding-program-package-union-x-90-m21-ar-15-25co2-pulsdrive-79-i2-00200\\\/\",\"url\":\"https:\\\/\\\/spawlab.pl\\\/en\\\/produkt\\\/bohler-welding-welding-program-package-union-x-90-m21-ar-15-25co2-pulsdrive-79-i2-00200\\\/\",\"name\":\"B\u00f6hler Welding Program Package Union X 90 M21 PulsDrive - 79.I2.00200\",\"isPartOf\":{\"@id\":\"https:\\\/\\\/spawlab.pl\\\/en\\\/#website\"},\"primaryImageOfPage\":{\"@id\":\"https:\\\/\\\/spawlab.pl\\\/en\\\/produkt\\\/bohler-welding-welding-program-package-union-x-90-m21-ar-15-25co2-pulsdrive-79-i2-00200\\\/#primaryimage\"},\"image\":{\"@id\":\"https:\\\/\\\/spawlab.pl\\\/en\\\/produkt\\\/bohler-welding-welding-program-package-union-x-90-m21-ar-15-25co2-pulsdrive-79-i2-00200\\\/#primaryimage\"},\"thumbnailUrl\":\"https:\\\/\\\/spawlab.pl\\\/wp-content\\\/uploads\\\/2025\\\/06\\\/Frame-1-scaled.png\",\"datePublished\":\"2025-07-09T21:41:27+00:00\",\"description\":\"B\u00f6hler Welding Welding Program Package Union X 90 M21 (Ar 15-25%CO2) - PulsDrive (79.I2.00200) - precise PulsDrive synergy. Check it out at SpawLab!\",\"breadcrumb\":{\"@id\":\"https:\\\/\\\/spawlab.pl\\\/en\\\/produkt\\\/bohler-welding-welding-program-package-union-x-90-m21-ar-15-25co2-pulsdrive-79-i2-00200\\\/#breadcrumb\"},\"inLanguage\":\"en-US\",\"potentialAction\":[{\"@type\":\"ReadAction\",\"target\":[\"https:\\\/\\\/spawlab.pl\\\/en\\\/produkt\\\/bohler-welding-welding-program-package-union-x-90-m21-ar-15-25co2-pulsdrive-79-i2-00200\\\/\"]}]},{\"@type\":\"ImageObject\",\"inLanguage\":\"en-US\",\"@id\":\"https:\\\/\\\/spawlab.pl\\\/en\\\/produkt\\\/bohler-welding-welding-program-package-union-x-90-m21-ar-15-25co2-pulsdrive-79-i2-00200\\\/#primaryimage\",\"url\":\"https:\\\/\\\/spawlab.pl\\\/wp-content\\\/uploads\\\/2025\\\/06\\\/Frame-1-scaled.png\",\"contentUrl\":\"https:\\\/\\\/spawlab.pl\\\/wp-content\\\/uploads\\\/2025\\\/06\\\/Frame-1-scaled.png\",\"width\":2560,\"height\":2197},{\"@type\":\"BreadcrumbList\",\"@id\":\"https:\\\/\\\/spawlab.pl\\\/en\\\/produkt\\\/bohler-welding-welding-program-package-union-x-90-m21-ar-15-25co2-pulsdrive-79-i2-00200\\\/#breadcrumb\",\"itemListElement\":[{\"@type\":\"ListItem\",\"position\":1,\"name\":\"Strona g\u0142\u00f3wna\",\"item\":\"https:\\\/\\\/spawlab.pl\\\/en\\\/\"},{\"@type\":\"ListItem\",\"position\":2,\"name\":\"Store\",\"item\":\"https:\\\/\\\/spawlab.pl\\\/en\\\/shop\\\/\"},{\"@type\":\"ListItem\",\"position\":3,\"name\":\"B\u00f6hler Welding Welding Program Package Union X 90 M21 (Ar 15-25%CO2) &#8211; PulsDrive &#8211; 79.I2.00200\"}]},{\"@type\":\"WebSite\",\"@id\":\"https:\\\/\\\/spawlab.pl\\\/en\\\/#website\",\"url\":\"https:\\\/\\\/spawlab.pl\\\/en\\\/\",\"name\":\"Spawlab.pl Lider - Spawarki, Przecinarki Plazmowe, Kompresory\",\"description\":\"Urz\u0105dzenia spawalnicze i Przecinarki plazmowe\\\/ nowe i u\u017cywane \\\/ Profesjonalny serwis\",\"publisher\":{\"@id\":\"https:\\\/\\\/spawlab.pl\\\/en\\\/#organization\"},\"alternateName\":\"Spawlab.pl - Dystrybutor Premium i Serwis na Polske Migatronic, Gys, Voestalpine Bohler Welding\",\"potentialAction\":[{\"@type\":\"SearchAction\",\"target\":{\"@type\":\"EntryPoint\",\"urlTemplate\":\"https:\\\/\\\/spawlab.pl\\\/en\\\/?s={search_term_string}\"},\"query-input\":{\"@type\":\"PropertyValueSpecification\",\"valueRequired\":true,\"valueName\":\"search_term_string\"}}],\"inLanguage\":\"en-US\"},{\"@type\":[\"Organization\",\"Place\"],\"@id\":\"https:\\\/\\\/spawlab.pl\\\/en\\\/#organization\",\"name\":\"Spawlab.pl\",\"url\":\"https:\\\/\\\/spawlab.pl\\\/en\\\/\",\"logo\":{\"@id\":\"https:\\\/\\\/spawlab.pl\\\/en\\\/produkt\\\/bohler-welding-welding-program-package-union-x-90-m21-ar-15-25co2-pulsdrive-79-i2-00200\\\/#local-main-organization-logo\"},\"image\":{\"@id\":\"https:\\\/\\\/spawlab.pl\\\/en\\\/produkt\\\/bohler-welding-welding-program-package-union-x-90-m21-ar-15-25co2-pulsdrive-79-i2-00200\\\/#local-main-organization-logo\"},\"sameAs\":[\"https:\\\/\\\/www.facebook.com\\\/Spawlab\\\/\",\"https:\\\/\\\/www.linkedin.com\\\/company\\\/spawlab\",\"https:\\\/\\\/www.instagram.com\\\/spawlab.pl\",\"https:\\\/\\\/www.tiktok.com\\\/@spawlab\"],\"description\":\"Lider sprzeda\u017cy, Oficjalny Dystrybutor Premium i Serwis na Polsk\u0119 Migatronic, Gys, Voestalpine Bohler Welding. Nowe i u\u017cywane Spawarki, Przecinarki Plazmowe, Kompresory. Mgr in\u017c. Jaros\u0142aw Ko\u0142aski, IWE\",\"hasMerchantReturnPolicy\":{\"@type\":\"MerchantReturnPolicy\",\"merchantReturnLink\":\"https:\\\/\\\/spawlab.pl\\\/polityka-prywatnosci-2\\\/\"},\"telephone\":[],\"openingHoursSpecification\":[{\"@type\":\"OpeningHoursSpecification\",\"dayOfWeek\":[\"Monday\",\"Tuesday\",\"Wednesday\",\"Thursday\",\"Friday\",\"Saturday\",\"Sunday\"],\"opens\":\"09:00\",\"closes\":\"17:00\"}]},{\"@type\":\"ImageObject\",\"inLanguage\":\"en-US\",\"@id\":\"https:\\\/\\\/spawlab.pl\\\/en\\\/produkt\\\/bohler-welding-welding-program-package-union-x-90-m21-ar-15-25co2-pulsdrive-79-i2-00200\\\/#local-main-organization-logo\",\"url\":\"https:\\\/\\\/spawlab.pl\\\/wp-content\\\/uploads\\\/2022\\\/01\\\/olx.jpg\",\"contentUrl\":\"https:\\\/\\\/spawlab.pl\\\/wp-content\\\/uploads\\\/2022\\\/01\\\/olx.jpg\",\"width\":200,\"height\":200,\"caption\":\"Spawlab.pl\"}]}<\/script>\n<meta property=\"product:brand\" content=\"B\u00f6hler\" \/>\n<meta property=\"product:price:amount\" content=\"1433.32\" \/>\n<meta property=\"product:price:currency\" content=\"PLN\" \/>\n<meta property=\"og:availability\" content=\"backorder\" \/>\n<meta property=\"product:availability\" content=\"available for order\" \/>\n<meta property=\"product:retailer_item_id\" content=\"79.I2.00200\" \/>\n<meta property=\"product:condition\" content=\"new\" \/>\n<!-- \/ Yoast SEO Premium plugin. -->","yoast_head_json":{"title":"B\u00f6hler Welding Program Package Union X 90 M21 PulsDrive - 79.I2.00200","description":"B\u00f6hler Welding Welding Program Package Union X 90 M21 (Ar 15-25%CO2) - PulsDrive (79.I2.00200) - precise PulsDrive synergy. Check it out at SpawLab!","robots":{"index":"index","follow":"follow","max-snippet":"max-snippet:-1","max-image-preview":"max-image-preview:large","max-video-preview":"max-video-preview:-1"},"canonical":"https:\/\/spawlab.pl\/en\/produkt\/bohler-welding-welding-program-package-union-x-90-m21-ar-15-25co2-pulsdrive-79-i2-00200\/","og_locale":"en_US","og_type":"article","og_title":"B\u00f6hler Welding Welding Program Package Union X 90 M21 (Ar 15-25%CO2) - PulsDrive - 79.I2.00200","og_description":"Lider sprzeda\u017cy, Oficjalny Dystrybutor Premium i Serwis na Polsk\u0119 Migatronic, Gys, Voestalpine Bohler Welding. Nowe i u\u017cywane Spawarki, Przecinarki Plazmowe, Kompresory. Mgr in\u017c. Jaros\u0142aw Ko\u0142aski, IWE","og_url":"https:\/\/spawlab.pl\/en\/produkt\/bohler-welding-welding-program-package-union-x-90-m21-ar-15-25co2-pulsdrive-79-i2-00200\/","og_site_name":"SpawLab - Welding equipment and plasma cutters - store and service","article_publisher":"https:\/\/www.facebook.com\/Spawlab\/","og_image":[{"width":2560,"height":2197,"url":"https:\/\/spawlab.pl\/wp-content\/uploads\/2025\/06\/Frame-1-scaled.png","type":"image\/png"}],"twitter_misc":{"Price":"1 433,32&nbsp;&#122;&#322; (1 165,30&nbsp;&#122;&#322; netto)","Availability":"On backorder"},"schema":{"@context":"https:\/\/schema.org","@graph":[{"@type":["WebPage","ItemPage"],"@id":"https:\/\/spawlab.pl\/en\/produkt\/bohler-welding-welding-program-package-union-x-90-m21-ar-15-25co2-pulsdrive-79-i2-00200\/","url":"https:\/\/spawlab.pl\/en\/produkt\/bohler-welding-welding-program-package-union-x-90-m21-ar-15-25co2-pulsdrive-79-i2-00200\/","name":"B\u00f6hler Welding Program Package Union X 90 M21 PulsDrive - 79.I2.00200","isPartOf":{"@id":"https:\/\/spawlab.pl\/en\/#website"},"primaryImageOfPage":{"@id":"https:\/\/spawlab.pl\/en\/produkt\/bohler-welding-welding-program-package-union-x-90-m21-ar-15-25co2-pulsdrive-79-i2-00200\/#primaryimage"},"image":{"@id":"https:\/\/spawlab.pl\/en\/produkt\/bohler-welding-welding-program-package-union-x-90-m21-ar-15-25co2-pulsdrive-79-i2-00200\/#primaryimage"},"thumbnailUrl":"https:\/\/spawlab.pl\/wp-content\/uploads\/2025\/06\/Frame-1-scaled.png","datePublished":"2025-07-09T21:41:27+00:00","description":"B\u00f6hler Welding Welding Program Package Union X 90 M21 (Ar 15-25%CO2) - PulsDrive (79.I2.00200) - precise PulsDrive synergy. Check it out at SpawLab!","breadcrumb":{"@id":"https:\/\/spawlab.pl\/en\/produkt\/bohler-welding-welding-program-package-union-x-90-m21-ar-15-25co2-pulsdrive-79-i2-00200\/#breadcrumb"},"inLanguage":"en-US","potentialAction":[{"@type":"ReadAction","target":["https:\/\/spawlab.pl\/en\/produkt\/bohler-welding-welding-program-package-union-x-90-m21-ar-15-25co2-pulsdrive-79-i2-00200\/"]}]},{"@type":"ImageObject","inLanguage":"en-US","@id":"https:\/\/spawlab.pl\/en\/produkt\/bohler-welding-welding-program-package-union-x-90-m21-ar-15-25co2-pulsdrive-79-i2-00200\/#primaryimage","url":"https:\/\/spawlab.pl\/wp-content\/uploads\/2025\/06\/Frame-1-scaled.png","contentUrl":"https:\/\/spawlab.pl\/wp-content\/uploads\/2025\/06\/Frame-1-scaled.png","width":2560,"height":2197},{"@type":"BreadcrumbList","@id":"https:\/\/spawlab.pl\/en\/produkt\/bohler-welding-welding-program-package-union-x-90-m21-ar-15-25co2-pulsdrive-79-i2-00200\/#breadcrumb","itemListElement":[{"@type":"ListItem","position":1,"name":"Strona g\u0142\u00f3wna","item":"https:\/\/spawlab.pl\/en\/"},{"@type":"ListItem","position":2,"name":"Store","item":"https:\/\/spawlab.pl\/en\/shop\/"},{"@type":"ListItem","position":3,"name":"B\u00f6hler Welding Welding Program Package Union X 90 M21 (Ar 15-25%CO2) &#8211; PulsDrive &#8211; 79.I2.00200"}]},{"@type":"WebSite","@id":"https:\/\/spawlab.pl\/en\/#website","url":"https:\/\/spawlab.pl\/en\/","name":"Spawlab.pl Lider - Spawarki, Przecinarki Plazmowe, Kompresory","description":"Urz\u0105dzenia spawalnicze i Przecinarki plazmowe\/ nowe i u\u017cywane \/ Profesjonalny serwis","publisher":{"@id":"https:\/\/spawlab.pl\/en\/#organization"},"alternateName":"Spawlab.pl - Dystrybutor Premium i Serwis na Polske Migatronic, Gys, Voestalpine Bohler Welding","potentialAction":[{"@type":"SearchAction","target":{"@type":"EntryPoint","urlTemplate":"https:\/\/spawlab.pl\/en\/?s={search_term_string}"},"query-input":{"@type":"PropertyValueSpecification","valueRequired":true,"valueName":"search_term_string"}}],"inLanguage":"en-US"},{"@type":["Organization","Place"],"@id":"https:\/\/spawlab.pl\/en\/#organization","name":"Spawlab.pl","url":"https:\/\/spawlab.pl\/en\/","logo":{"@id":"https:\/\/spawlab.pl\/en\/produkt\/bohler-welding-welding-program-package-union-x-90-m21-ar-15-25co2-pulsdrive-79-i2-00200\/#local-main-organization-logo"},"image":{"@id":"https:\/\/spawlab.pl\/en\/produkt\/bohler-welding-welding-program-package-union-x-90-m21-ar-15-25co2-pulsdrive-79-i2-00200\/#local-main-organization-logo"},"sameAs":["https:\/\/www.facebook.com\/Spawlab\/","https:\/\/www.linkedin.com\/company\/spawlab","https:\/\/www.instagram.com\/spawlab.pl","https:\/\/www.tiktok.com\/@spawlab"],"description":"Lider sprzeda\u017cy, Oficjalny Dystrybutor Premium i Serwis na Polsk\u0119 Migatronic, Gys, Voestalpine Bohler Welding. Nowe i u\u017cywane Spawarki, Przecinarki Plazmowe, Kompresory. Mgr in\u017c. Jaros\u0142aw Ko\u0142aski, IWE","hasMerchantReturnPolicy":{"@type":"MerchantReturnPolicy","merchantReturnLink":"https:\/\/spawlab.pl\/polityka-prywatnosci-2\/"},"telephone":[],"openingHoursSpecification":[{"@type":"OpeningHoursSpecification","dayOfWeek":["Monday","Tuesday","Wednesday","Thursday","Friday","Saturday","Sunday"],"opens":"09:00","closes":"17:00"}]},{"@type":"ImageObject","inLanguage":"en-US","@id":"https:\/\/spawlab.pl\/en\/produkt\/bohler-welding-welding-program-package-union-x-90-m21-ar-15-25co2-pulsdrive-79-i2-00200\/#local-main-organization-logo","url":"https:\/\/spawlab.pl\/wp-content\/uploads\/2022\/01\/olx.jpg","contentUrl":"https:\/\/spawlab.pl\/wp-content\/uploads\/2022\/01\/olx.jpg","width":200,"height":200,"caption":"Spawlab.pl"}]},"product_brand":"B\u00f6hler","product_price_amount":"1433.32","product_price_currency":"PLN","og_availability":"backorder","product_availability":"available for order","product_retailer_item_id":"79.I2.00200","product_condition":"new"},"_links":{"self":[{"href":"https:\/\/spawlab.pl\/en\/wp-json\/wp\/v2\/product\/43282","targetHints":{"allow":["GET"]}}],"collection":[{"href":"https:\/\/spawlab.pl\/en\/wp-json\/wp\/v2\/product"}],"about":[{"href":"https:\/\/spawlab.pl\/en\/wp-json\/wp\/v2\/types\/product"}],"wp:featuredmedia":[{"embeddable":true,"href":"https:\/\/spawlab.pl\/en\/wp-json\/wp\/v2\/media\/38560"}],"wp:attachment":[{"href":"https:\/\/spawlab.pl\/en\/wp-json\/wp\/v2\/media?parent=43282"}],"wp:term":[{"taxonomy":"product_brand","embeddable":true,"href":"https:\/\/spawlab.pl\/en\/wp-json\/wp\/v2\/product_brand?post=43282"},{"taxonomy":"product_cat","embeddable":true,"href":"https:\/\/spawlab.pl\/en\/wp-json\/wp\/v2\/product_cat?post=43282"},{"taxonomy":"product_tag","embeddable":true,"href":"https:\/\/spawlab.pl\/en\/wp-json\/wp\/v2\/product_tag?post=43282"}],"curies":[{"name":"wp","href":"https:\/\/api.w.org\/{rel}","templated":true}]}}