{"id":43288,"date":"2025-07-09T23:41:24","date_gmt":"2025-07-09T21:41:24","guid":{"rendered":"https:\/\/spawlab.pl\/produkt\/bohler-welding-welding-program-package-union-x-90-m20-ar-5%c3%b715co2-pulsdrive-79-i2-00202\/"},"modified":"2025-07-09T23:41:24","modified_gmt":"2025-07-09T21:41:24","slug":"bohler-welding-welding-program-package-union-x-90-m20-ar-5%c3%b715co2-pulsdrive-79-i2-00202","status":"publish","type":"product","link":"https:\/\/spawlab.pl\/en\/produkt\/bohler-welding-welding-program-package-union-x-90-m20-ar-5%c3%b715co2-pulsdrive-79-i2-00202\/","title":{"rendered":"B\u00f6hler Welding Welding Program Package Union X 90 M20 (Ar 5\u00f715%CO2) &#8211; PulsDrive &#8211; 79.I2.00202"},"content":{"rendered":"<div class=\"custom-product-section distributor-info spawlab-info\">\n<p><strong>SpawLab &#8211; your Authorized Voestalpine B\u00f6hler Welding Partner in Poland!<\/strong><\/p>\n<p>We are <strong>an official distributor of<\/strong> Voestalpine B\u00f6hler Welding equipment and <strong>an Authorized Service Center in Poland<\/strong>. Our team has undergone <strong>rigorous technical training directly in Italy<\/strong> at the manufacturer&#8217;s centers. <\/p>\n<p>When you choose SpawLab, you are assured of original products, access to B\u00f6hler Welding solutions, professional advice and service support.<\/p>\n<\/div>\n<div class=\"custom-product-section product-intro\">\n<h2 class=\"product-section-title main-product-title\">B\u00f6hler Welding Welding Program Package Union X 90 M20 (Ar 5\u00f715%CO2) &#8211; PulsDrive &#8211; 79.I2.00202<\/h2>\n<div class=\"description-content product-marketing-description\">\n<p>Optimize your welding processes with B\u00f6hler Welding&#8217;s dedicated program package, designed specifically for Union X 90 M20 high-strength steels and Ar shielding gas 5-15% CO2. This package unlocks the full potential of the advanced PulsDrive process on compatible B\u00f6hler Welding equipment, guaranteeing finely tuned parameters for superior weld quality and repeatability. <\/p>\n<p>This solution is ideal for professionals who demand uncompromising performance and excellent results when welding critical high-strength steel structures. Save time on setup and be assured of optimal settings with the synergy of B\u00f6hler Welding. <\/p>\n<\/div>\n<\/div>\n<h3 class=\"custom-product-heading advanced-features-heading\">Explore Advanced Capabilities _x000D_Welding Programs Package &#8211; Union X 90 M20 (Ar 5\u00f715%CO2) &#8211; PulsDrive_x000D_.<\/h3>\n<div class=\"custom-accordion advanced-features-accordion\">\n<details class=\"custom-accordion-item\">\n<summary class=\"custom-subtitle accordion-title\">\u26a1 PulsDrive Advanced Welding Process.<\/summary>\n<div class=\"accordion-content\">\n<p>The package activates a specially calibrated synergy curve for B\u00f6hler Welding&#8217;s <strong>PulsDrive<\/strong> process, dedicated to Union X 90 M20 steel and Ar 5-15% CO2 mix. PulsDrive is a digitally controlled pulsed MIG\/MAG process, operating on the <strong>&#8220;one pulse &#8211; one drop&#8221;<\/strong> principle. <\/p>\n<p>This advanced metal transfer control provides <strong>exceptional weld arc<\/strong> control and precise <strong>weld<\/strong> shaping. Key benefits for the professional are <strong>minimized spatter<\/strong>, which reduces finishing time and costs, and <strong>excellent weld face finish<\/strong>. The PulsDrive process is ideal for welding materials that require precise control of linear energy and high joint quality, such as high-strength steels.  <\/p>\n<\/div>\n<\/details>\n<\/div>\n<div class=\"custom-product-section product-specs\">\n<h3 class=\"custom-product-heading specs-heading\">Technical Specifications<\/h3>\n<table class=\"specs-table\">\n<thead>\n<tr>\n<th>Parameter<\/th>\n<th>Value<\/th>\n<\/tr>\n<\/thead>\n<tbody>\n<tr>\n<td>Catalog Number<\/td>\n<td>79.I2.00202<\/td>\n<\/tr>\n<tr>\n<td>Product<\/td>\n<td>Welding Software Package (software\/license)<\/td>\n<\/tr>\n<tr>\n<td>Welding Process<\/td>\n<td>Pulsed MIG\/MAG (specific PulsDrive program).<\/td>\n<\/tr>\n<tr>\n<td>Material Welded<\/td>\n<td>Union X 90 M20 high-strength steel<\/td>\n<\/tr>\n<tr>\n<td>Shielding Gas<\/td>\n<td>Argon + Carbon Dioxide (Ar 5\u00f715% CO2)<\/td>\n<\/tr>\n<tr>\n<td>Compatibility<\/td>\n<td>Selected B\u00f6hler Welding devices from the URANOS NX (PMC, MTE, GSM) and TERRA NX (PMC, PME) series equipped with the PulsDrive process (requires verification with device documentation).<\/td>\n<\/tr>\n<\/tbody>\n<\/table>\n<\/div>\n<div class=\"custom-product-section product-set-contents\">\n<h3 class=\"custom-product-heading set-contents-heading\">Kit Contents \/ Packaging<\/h3>\n<p>? The product (Welding Program Package &#8211; Union X 90 M20 (Ar 5\u00f715%CO2) &#8211; PulsDrive) is delivered as a single piece (license\/software), according to the standard of the manufacturer Voestalpine B\u00f6hler Welding. How the program is delivered\/activated depends on the specifications of the compatible welding equipment. Additional accessories are usually available separately.  <\/p>\n<\/div>\n<div class=\"custom-product-section product-features\">\n<h3 class=\"custom-product-heading features-heading\">Key Features and Benefits<\/h3>\n<ul class=\"custom-product-list features-list\">\n<li>? <strong>Precision Optimization:<\/strong> Dedicated synergy program for Union X 90 M20 \/ Ar 5-15% CO2 combination guarantees ideal performance and reproducible, high-quality welds without time-consuming testing.<\/li>\n<li>\u26a1 A <strong>dvanced PulsDrive Process:<\/strong> Enables the use of B\u00f6hler Welding&#8217;s patented PulsDrive technology, providing excellent arc control, minimal spatter and optimal fusion when welding high-strength steels.<\/li>\n<li>\u23f1\ufe0f <strong>Instant Readiness:<\/strong> Eliminates the need for manual parameter selection and testing, significantly reducing preparation time and increasing work efficiency.<\/li>\n<li>? <strong>B\u00f6hler Welding Quality Guarantee:<\/strong> The assurance of the best possible welding results, in accordance with Voestalpine B\u00f6hler Welding&#8217;s high standards, for demanding industrial applications.<\/li>\n<\/ul>\n<\/div>\n<div class=\"custom-product-section product-application\">\n<h3 class=\"custom-product-heading application-heading\">Product Application<\/h3>\n<ul class=\"custom-product-list application-list\">\n<li>This suite of programs is essential for professionals performing demanding welding tasks in the trades:<\/li>\n<li>?\ufe0f High strength steel structures<\/li>\n<li>? Construction of industrial machinery and equipment<\/li>\n<li>? Production of specialty vehicles and trucks<\/li>\n<li>?\ufe0f Heavy industry and energy<\/li>\n<li>\u26d3\ufe0f Applications requiring welding of high-strength steels (e.g. Union X 90 M20) by Pulsed MIG\/MAG method using Ar 5-15% CO2 shielding gas.<\/li>\n<\/ul>\n<\/div>\n<div class=\"custom-product-section product-summary conclusion\">\n<h3 class=\"custom-product-heading summary-heading\">Summary: _x000D_Welding Programs Package &#8211; Union X 90 M20 (Ar 5\u00f715%CO2) &#8211; PulsDrive_x000D_ &#8211; Your Investment in Quality B\u00f6hler Welding.<\/h3>\n<div class=\"summary-content\">\n<p>? Realize the full potential of your B\u00f6hler Welding machine with a dedicated program package for Union X 90 M20 steel! Gain unmatched pulse welding quality and repeatability with PulsDrive process optimization. It&#8217;s an investment in precision, productivity and compliance with the highest industry standards. To discover the full capabilities of B\u00f6hler Welding Welding Program Package &#8211; Union X 90 M20 (Ar 5\u00f715%CO2) &#8211; PulsDrive and get the best deal, contact the experts at SpawLab &#8211; the official distributor and authorized service provider of Voestalpine B\u00f6hler Welding in Poland. Our team, trained in Italy, is at your service.    <\/p>\n<\/div>\n<\/div>\n<div class=\"custom-product-section product-codes-info\">\n<p><strong>Part number (Art. No.):<\/strong> 79.I2.00202<\/p>\n<\/div>\n","protected":false},"excerpt":{"rendered":"<p>B\u00f6hler Welding Program Package Union X 90 M20 PulsDrive (79.I2.00202) &#8211; Optimal pulse welding of high-strength steels. Professional programs. <\/p>\n","protected":false},"featured_media":38560,"template":"","meta":{"inline_featured_image":false},"product_brand":[772],"product_cat":[11536,5686],"product_tag":[13755,4432,12098,13227,12622,13753,11547],"class_list":{"0":"post-43288","1":"product","2":"type-product","3":"status-publish","4":"has-post-thumbnail","6":"product_brand-bohler","7":"product_cat-bohler-en-2","8":"product_cat-brand-zone","9":"product_tag-79-i2-00202-en","10":"product_tag-bohler-welding-en-2","11":"product_tag-high-strength-steel","12":"product_tag-mig-mag-puls-welding","13":"product_tag-pulsdrive-en","14":"product_tag-union-x-90-m20-en","15":"product_tag-welding-software-package","17":"first","18":"onbackorder","19":"taxable","20":"shipping-taxable","21":"purchasable","22":"product-type-simple"},"yoast_head":"<!-- This site is optimized with the Yoast SEO Premium plugin v27.0 (Yoast SEO v27.3) - https:\/\/yoast.com\/product\/yoast-seo-premium-wordpress\/ -->\n<title>B\u00f6hler Welding Program Union X 90 M20 PulsDrive | 79.I2.00202<\/title>\n<meta name=\"description\" content=\"B\u00f6hler Welding Program Package Union X 90 M20 PulsDrive (79.I2.00202) - Optimal pulse welding of high-strength steels. Get in touch with SpawLab!\" \/>\n<meta name=\"robots\" content=\"index, follow, max-snippet:-1, max-image-preview:large, max-video-preview:-1\" \/>\n<link rel=\"canonical\" href=\"https:\/\/spawlab.pl\/en\/produkt\/bohler-welding-welding-program-package-union-x-90-m20-ar-5%c3%b715co2-pulsdrive-79-i2-00202\/\" \/>\n<meta property=\"og:locale\" content=\"en_US\" \/>\n<meta property=\"og:type\" content=\"article\" \/>\n<meta property=\"og:title\" content=\"B\u00f6hler Welding Welding Program Package Union X 90 M20 (Ar 5\u00f715%CO2) - PulsDrive - 79.I2.00202\" \/>\n<meta property=\"og:description\" content=\"Lider sprzeda\u017cy, Oficjalny Dystrybutor Premium i Serwis na Polsk\u0119 Migatronic, Gys, Voestalpine Bohler Welding. Nowe i u\u017cywane Spawarki, Przecinarki Plazmowe, Kompresory. Mgr in\u017c. Jaros\u0142aw Ko\u0142aski, IWE\" \/>\n<meta property=\"og:url\" content=\"https:\/\/spawlab.pl\/en\/produkt\/bohler-welding-welding-program-package-union-x-90-m20-ar-5%c3%b715co2-pulsdrive-79-i2-00202\/\" \/>\n<meta property=\"og:site_name\" content=\"SpawLab - Welding equipment and plasma cutters - store and service\" \/>\n<meta property=\"article:publisher\" content=\"https:\/\/www.facebook.com\/Spawlab\/\" \/>\n<meta property=\"og:image\" content=\"https:\/\/spawlab.pl\/wp-content\/uploads\/2025\/06\/Frame-1-scaled.png\" \/>\n\t<meta property=\"og:image:width\" content=\"2560\" \/>\n\t<meta property=\"og:image:height\" content=\"2197\" \/>\n\t<meta property=\"og:image:type\" content=\"image\/png\" \/>\n<meta name=\"twitter:label1\" content=\"Price\" \/>\n\t<meta name=\"twitter:data1\" content=\"1 433,32&nbsp;&#122;&#322; (1 165,30&nbsp;&#122;&#322; netto)\" \/>\n\t<meta name=\"twitter:label2\" content=\"Availability\" \/>\n\t<meta name=\"twitter:data2\" content=\"On backorder\" \/>\n<script type=\"application\/ld+json\" class=\"yoast-schema-graph\">{\"@context\":\"https:\\\/\\\/schema.org\",\"@graph\":[{\"@type\":[\"WebPage\",\"ItemPage\"],\"@id\":\"https:\\\/\\\/spawlab.pl\\\/en\\\/produkt\\\/bohler-welding-welding-program-package-union-x-90-m20-ar-5%c3%b715co2-pulsdrive-79-i2-00202\\\/\",\"url\":\"https:\\\/\\\/spawlab.pl\\\/en\\\/produkt\\\/bohler-welding-welding-program-package-union-x-90-m20-ar-5%c3%b715co2-pulsdrive-79-i2-00202\\\/\",\"name\":\"B\u00f6hler Welding Program Union X 90 M20 PulsDrive | 79.I2.00202\",\"isPartOf\":{\"@id\":\"https:\\\/\\\/spawlab.pl\\\/en\\\/#website\"},\"primaryImageOfPage\":{\"@id\":\"https:\\\/\\\/spawlab.pl\\\/en\\\/produkt\\\/bohler-welding-welding-program-package-union-x-90-m20-ar-5%c3%b715co2-pulsdrive-79-i2-00202\\\/#primaryimage\"},\"image\":{\"@id\":\"https:\\\/\\\/spawlab.pl\\\/en\\\/produkt\\\/bohler-welding-welding-program-package-union-x-90-m20-ar-5%c3%b715co2-pulsdrive-79-i2-00202\\\/#primaryimage\"},\"thumbnailUrl\":\"https:\\\/\\\/spawlab.pl\\\/wp-content\\\/uploads\\\/2025\\\/06\\\/Frame-1-scaled.png\",\"datePublished\":\"2025-07-09T21:41:24+00:00\",\"description\":\"B\u00f6hler Welding Program Package Union X 90 M20 PulsDrive (79.I2.00202) - Optimal pulse welding of high-strength steels. Get in touch with SpawLab!\",\"breadcrumb\":{\"@id\":\"https:\\\/\\\/spawlab.pl\\\/en\\\/produkt\\\/bohler-welding-welding-program-package-union-x-90-m20-ar-5%c3%b715co2-pulsdrive-79-i2-00202\\\/#breadcrumb\"},\"inLanguage\":\"en-US\",\"potentialAction\":[{\"@type\":\"ReadAction\",\"target\":[\"https:\\\/\\\/spawlab.pl\\\/en\\\/produkt\\\/bohler-welding-welding-program-package-union-x-90-m20-ar-5%c3%b715co2-pulsdrive-79-i2-00202\\\/\"]}]},{\"@type\":\"ImageObject\",\"inLanguage\":\"en-US\",\"@id\":\"https:\\\/\\\/spawlab.pl\\\/en\\\/produkt\\\/bohler-welding-welding-program-package-union-x-90-m20-ar-5%c3%b715co2-pulsdrive-79-i2-00202\\\/#primaryimage\",\"url\":\"https:\\\/\\\/spawlab.pl\\\/wp-content\\\/uploads\\\/2025\\\/06\\\/Frame-1-scaled.png\",\"contentUrl\":\"https:\\\/\\\/spawlab.pl\\\/wp-content\\\/uploads\\\/2025\\\/06\\\/Frame-1-scaled.png\",\"width\":2560,\"height\":2197},{\"@type\":\"BreadcrumbList\",\"@id\":\"https:\\\/\\\/spawlab.pl\\\/en\\\/produkt\\\/bohler-welding-welding-program-package-union-x-90-m20-ar-5%c3%b715co2-pulsdrive-79-i2-00202\\\/#breadcrumb\",\"itemListElement\":[{\"@type\":\"ListItem\",\"position\":1,\"name\":\"Strona g\u0142\u00f3wna\",\"item\":\"https:\\\/\\\/spawlab.pl\\\/en\\\/\"},{\"@type\":\"ListItem\",\"position\":2,\"name\":\"Store\",\"item\":\"https:\\\/\\\/spawlab.pl\\\/en\\\/shop\\\/\"},{\"@type\":\"ListItem\",\"position\":3,\"name\":\"B\u00f6hler Welding Welding Program Package Union X 90 M20 (Ar 5\u00f715%CO2) &#8211; PulsDrive &#8211; 79.I2.00202\"}]},{\"@type\":\"WebSite\",\"@id\":\"https:\\\/\\\/spawlab.pl\\\/en\\\/#website\",\"url\":\"https:\\\/\\\/spawlab.pl\\\/en\\\/\",\"name\":\"Spawlab.pl Lider - Spawarki, Przecinarki Plazmowe, Kompresory\",\"description\":\"Urz\u0105dzenia spawalnicze i Przecinarki plazmowe\\\/ nowe i u\u017cywane \\\/ Profesjonalny serwis\",\"publisher\":{\"@id\":\"https:\\\/\\\/spawlab.pl\\\/en\\\/#organization\"},\"alternateName\":\"Spawlab.pl - Dystrybutor Premium i Serwis na Polske Migatronic, Gys, Voestalpine Bohler Welding\",\"potentialAction\":[{\"@type\":\"SearchAction\",\"target\":{\"@type\":\"EntryPoint\",\"urlTemplate\":\"https:\\\/\\\/spawlab.pl\\\/en\\\/?s={search_term_string}\"},\"query-input\":{\"@type\":\"PropertyValueSpecification\",\"valueRequired\":true,\"valueName\":\"search_term_string\"}}],\"inLanguage\":\"en-US\"},{\"@type\":[\"Organization\",\"Place\"],\"@id\":\"https:\\\/\\\/spawlab.pl\\\/en\\\/#organization\",\"name\":\"Spawlab.pl\",\"url\":\"https:\\\/\\\/spawlab.pl\\\/en\\\/\",\"logo\":{\"@id\":\"https:\\\/\\\/spawlab.pl\\\/en\\\/produkt\\\/bohler-welding-welding-program-package-union-x-90-m20-ar-5%c3%b715co2-pulsdrive-79-i2-00202\\\/#local-main-organization-logo\"},\"image\":{\"@id\":\"https:\\\/\\\/spawlab.pl\\\/en\\\/produkt\\\/bohler-welding-welding-program-package-union-x-90-m20-ar-5%c3%b715co2-pulsdrive-79-i2-00202\\\/#local-main-organization-logo\"},\"sameAs\":[\"https:\\\/\\\/www.facebook.com\\\/Spawlab\\\/\",\"https:\\\/\\\/www.linkedin.com\\\/company\\\/spawlab\",\"https:\\\/\\\/www.instagram.com\\\/spawlab.pl\",\"https:\\\/\\\/www.tiktok.com\\\/@spawlab\"],\"description\":\"Lider sprzeda\u017cy, Oficjalny Dystrybutor Premium i Serwis na Polsk\u0119 Migatronic, Gys, Voestalpine Bohler Welding. Nowe i u\u017cywane Spawarki, Przecinarki Plazmowe, Kompresory. Mgr in\u017c. Jaros\u0142aw Ko\u0142aski, IWE\",\"hasMerchantReturnPolicy\":{\"@type\":\"MerchantReturnPolicy\",\"merchantReturnLink\":\"https:\\\/\\\/spawlab.pl\\\/polityka-prywatnosci-2\\\/\"},\"telephone\":[],\"openingHoursSpecification\":[{\"@type\":\"OpeningHoursSpecification\",\"dayOfWeek\":[\"Monday\",\"Tuesday\",\"Wednesday\",\"Thursday\",\"Friday\",\"Saturday\",\"Sunday\"],\"opens\":\"09:00\",\"closes\":\"17:00\"}]},{\"@type\":\"ImageObject\",\"inLanguage\":\"en-US\",\"@id\":\"https:\\\/\\\/spawlab.pl\\\/en\\\/produkt\\\/bohler-welding-welding-program-package-union-x-90-m20-ar-5%c3%b715co2-pulsdrive-79-i2-00202\\\/#local-main-organization-logo\",\"url\":\"https:\\\/\\\/spawlab.pl\\\/wp-content\\\/uploads\\\/2022\\\/01\\\/olx.jpg\",\"contentUrl\":\"https:\\\/\\\/spawlab.pl\\\/wp-content\\\/uploads\\\/2022\\\/01\\\/olx.jpg\",\"width\":200,\"height\":200,\"caption\":\"Spawlab.pl\"}]}<\/script>\n<meta property=\"product:brand\" content=\"B\u00f6hler\" \/>\n<meta property=\"product:price:amount\" content=\"1433.32\" \/>\n<meta property=\"product:price:currency\" content=\"PLN\" \/>\n<meta property=\"og:availability\" content=\"backorder\" \/>\n<meta property=\"product:availability\" content=\"available for order\" \/>\n<meta property=\"product:retailer_item_id\" content=\"79.I2.00202\" \/>\n<meta property=\"product:condition\" content=\"new\" \/>\n<!-- \/ Yoast SEO Premium plugin. -->","yoast_head_json":{"title":"B\u00f6hler Welding Program Union X 90 M20 PulsDrive | 79.I2.00202","description":"B\u00f6hler Welding Program Package Union X 90 M20 PulsDrive (79.I2.00202) - Optimal pulse welding of high-strength steels. Get in touch with SpawLab!","robots":{"index":"index","follow":"follow","max-snippet":"max-snippet:-1","max-image-preview":"max-image-preview:large","max-video-preview":"max-video-preview:-1"},"canonical":"https:\/\/spawlab.pl\/en\/produkt\/bohler-welding-welding-program-package-union-x-90-m20-ar-5%c3%b715co2-pulsdrive-79-i2-00202\/","og_locale":"en_US","og_type":"article","og_title":"B\u00f6hler Welding Welding Program Package Union X 90 M20 (Ar 5\u00f715%CO2) - PulsDrive - 79.I2.00202","og_description":"Lider sprzeda\u017cy, Oficjalny Dystrybutor Premium i Serwis na Polsk\u0119 Migatronic, Gys, Voestalpine Bohler Welding. Nowe i u\u017cywane Spawarki, Przecinarki Plazmowe, Kompresory. Mgr in\u017c. Jaros\u0142aw Ko\u0142aski, IWE","og_url":"https:\/\/spawlab.pl\/en\/produkt\/bohler-welding-welding-program-package-union-x-90-m20-ar-5%c3%b715co2-pulsdrive-79-i2-00202\/","og_site_name":"SpawLab - Welding equipment and plasma cutters - store and service","article_publisher":"https:\/\/www.facebook.com\/Spawlab\/","og_image":[{"width":2560,"height":2197,"url":"https:\/\/spawlab.pl\/wp-content\/uploads\/2025\/06\/Frame-1-scaled.png","type":"image\/png"}],"twitter_misc":{"Price":"1 433,32&nbsp;&#122;&#322; (1 165,30&nbsp;&#122;&#322; netto)","Availability":"On backorder"},"schema":{"@context":"https:\/\/schema.org","@graph":[{"@type":["WebPage","ItemPage"],"@id":"https:\/\/spawlab.pl\/en\/produkt\/bohler-welding-welding-program-package-union-x-90-m20-ar-5%c3%b715co2-pulsdrive-79-i2-00202\/","url":"https:\/\/spawlab.pl\/en\/produkt\/bohler-welding-welding-program-package-union-x-90-m20-ar-5%c3%b715co2-pulsdrive-79-i2-00202\/","name":"B\u00f6hler Welding Program Union X 90 M20 PulsDrive | 79.I2.00202","isPartOf":{"@id":"https:\/\/spawlab.pl\/en\/#website"},"primaryImageOfPage":{"@id":"https:\/\/spawlab.pl\/en\/produkt\/bohler-welding-welding-program-package-union-x-90-m20-ar-5%c3%b715co2-pulsdrive-79-i2-00202\/#primaryimage"},"image":{"@id":"https:\/\/spawlab.pl\/en\/produkt\/bohler-welding-welding-program-package-union-x-90-m20-ar-5%c3%b715co2-pulsdrive-79-i2-00202\/#primaryimage"},"thumbnailUrl":"https:\/\/spawlab.pl\/wp-content\/uploads\/2025\/06\/Frame-1-scaled.png","datePublished":"2025-07-09T21:41:24+00:00","description":"B\u00f6hler Welding Program Package Union X 90 M20 PulsDrive (79.I2.00202) - Optimal pulse welding of high-strength steels. Get in touch with SpawLab!","breadcrumb":{"@id":"https:\/\/spawlab.pl\/en\/produkt\/bohler-welding-welding-program-package-union-x-90-m20-ar-5%c3%b715co2-pulsdrive-79-i2-00202\/#breadcrumb"},"inLanguage":"en-US","potentialAction":[{"@type":"ReadAction","target":["https:\/\/spawlab.pl\/en\/produkt\/bohler-welding-welding-program-package-union-x-90-m20-ar-5%c3%b715co2-pulsdrive-79-i2-00202\/"]}]},{"@type":"ImageObject","inLanguage":"en-US","@id":"https:\/\/spawlab.pl\/en\/produkt\/bohler-welding-welding-program-package-union-x-90-m20-ar-5%c3%b715co2-pulsdrive-79-i2-00202\/#primaryimage","url":"https:\/\/spawlab.pl\/wp-content\/uploads\/2025\/06\/Frame-1-scaled.png","contentUrl":"https:\/\/spawlab.pl\/wp-content\/uploads\/2025\/06\/Frame-1-scaled.png","width":2560,"height":2197},{"@type":"BreadcrumbList","@id":"https:\/\/spawlab.pl\/en\/produkt\/bohler-welding-welding-program-package-union-x-90-m20-ar-5%c3%b715co2-pulsdrive-79-i2-00202\/#breadcrumb","itemListElement":[{"@type":"ListItem","position":1,"name":"Strona g\u0142\u00f3wna","item":"https:\/\/spawlab.pl\/en\/"},{"@type":"ListItem","position":2,"name":"Store","item":"https:\/\/spawlab.pl\/en\/shop\/"},{"@type":"ListItem","position":3,"name":"B\u00f6hler Welding Welding Program Package Union X 90 M20 (Ar 5\u00f715%CO2) &#8211; PulsDrive &#8211; 79.I2.00202"}]},{"@type":"WebSite","@id":"https:\/\/spawlab.pl\/en\/#website","url":"https:\/\/spawlab.pl\/en\/","name":"Spawlab.pl Lider - Spawarki, Przecinarki Plazmowe, Kompresory","description":"Urz\u0105dzenia spawalnicze i Przecinarki plazmowe\/ nowe i u\u017cywane \/ Profesjonalny serwis","publisher":{"@id":"https:\/\/spawlab.pl\/en\/#organization"},"alternateName":"Spawlab.pl - Dystrybutor Premium i Serwis na Polske Migatronic, Gys, Voestalpine Bohler Welding","potentialAction":[{"@type":"SearchAction","target":{"@type":"EntryPoint","urlTemplate":"https:\/\/spawlab.pl\/en\/?s={search_term_string}"},"query-input":{"@type":"PropertyValueSpecification","valueRequired":true,"valueName":"search_term_string"}}],"inLanguage":"en-US"},{"@type":["Organization","Place"],"@id":"https:\/\/spawlab.pl\/en\/#organization","name":"Spawlab.pl","url":"https:\/\/spawlab.pl\/en\/","logo":{"@id":"https:\/\/spawlab.pl\/en\/produkt\/bohler-welding-welding-program-package-union-x-90-m20-ar-5%c3%b715co2-pulsdrive-79-i2-00202\/#local-main-organization-logo"},"image":{"@id":"https:\/\/spawlab.pl\/en\/produkt\/bohler-welding-welding-program-package-union-x-90-m20-ar-5%c3%b715co2-pulsdrive-79-i2-00202\/#local-main-organization-logo"},"sameAs":["https:\/\/www.facebook.com\/Spawlab\/","https:\/\/www.linkedin.com\/company\/spawlab","https:\/\/www.instagram.com\/spawlab.pl","https:\/\/www.tiktok.com\/@spawlab"],"description":"Lider sprzeda\u017cy, Oficjalny Dystrybutor Premium i Serwis na Polsk\u0119 Migatronic, Gys, Voestalpine Bohler Welding. Nowe i u\u017cywane Spawarki, Przecinarki Plazmowe, Kompresory. Mgr in\u017c. Jaros\u0142aw Ko\u0142aski, IWE","hasMerchantReturnPolicy":{"@type":"MerchantReturnPolicy","merchantReturnLink":"https:\/\/spawlab.pl\/polityka-prywatnosci-2\/"},"telephone":[],"openingHoursSpecification":[{"@type":"OpeningHoursSpecification","dayOfWeek":["Monday","Tuesday","Wednesday","Thursday","Friday","Saturday","Sunday"],"opens":"09:00","closes":"17:00"}]},{"@type":"ImageObject","inLanguage":"en-US","@id":"https:\/\/spawlab.pl\/en\/produkt\/bohler-welding-welding-program-package-union-x-90-m20-ar-5%c3%b715co2-pulsdrive-79-i2-00202\/#local-main-organization-logo","url":"https:\/\/spawlab.pl\/wp-content\/uploads\/2022\/01\/olx.jpg","contentUrl":"https:\/\/spawlab.pl\/wp-content\/uploads\/2022\/01\/olx.jpg","width":200,"height":200,"caption":"Spawlab.pl"}]},"product_brand":"B\u00f6hler","product_price_amount":"1433.32","product_price_currency":"PLN","og_availability":"backorder","product_availability":"available for order","product_retailer_item_id":"79.I2.00202","product_condition":"new"},"_links":{"self":[{"href":"https:\/\/spawlab.pl\/en\/wp-json\/wp\/v2\/product\/43288","targetHints":{"allow":["GET"]}}],"collection":[{"href":"https:\/\/spawlab.pl\/en\/wp-json\/wp\/v2\/product"}],"about":[{"href":"https:\/\/spawlab.pl\/en\/wp-json\/wp\/v2\/types\/product"}],"wp:featuredmedia":[{"embeddable":true,"href":"https:\/\/spawlab.pl\/en\/wp-json\/wp\/v2\/media\/38560"}],"wp:attachment":[{"href":"https:\/\/spawlab.pl\/en\/wp-json\/wp\/v2\/media?parent=43288"}],"wp:term":[{"taxonomy":"product_brand","embeddable":true,"href":"https:\/\/spawlab.pl\/en\/wp-json\/wp\/v2\/product_brand?post=43288"},{"taxonomy":"product_cat","embeddable":true,"href":"https:\/\/spawlab.pl\/en\/wp-json\/wp\/v2\/product_cat?post=43288"},{"taxonomy":"product_tag","embeddable":true,"href":"https:\/\/spawlab.pl\/en\/wp-json\/wp\/v2\/product_tag?post=43288"}],"curies":[{"name":"wp","href":"https:\/\/api.w.org\/{rel}","templated":true}]}}