{"id":43330,"date":"2025-07-09T23:42:18","date_gmt":"2025-07-09T21:42:18","guid":{"rendered":"https:\/\/spawlab.pl\/produkt\/bohler-welding-wire-feeder-wf-nx-430-steeldrive-71-01-083\/"},"modified":"2025-07-09T23:42:18","modified_gmt":"2025-07-09T21:42:18","slug":"bohler-welding-wire-feeder-wf-nx-430-steeldrive-71-01-083","status":"publish","type":"product","link":"https:\/\/spawlab.pl\/en\/produkt\/bohler-welding-wire-feeder-wf-nx-430-steeldrive-71-01-083\/","title":{"rendered":"B\u00f6hler Welding Wire Feeder WF NX 430 STEELDRIVE &#8211; 71.01.083"},"content":{"rendered":"<div class=\"custom-product-section distributor-info spawlab-info\">\n<p><strong>SpawLab &#8211; your Authorized Voestalpine B\u00f6hler Welding Partner in Poland!<\/strong><\/p>\n<p>We are <strong>an official distributor of<\/strong> Voestalpine B\u00f6hler Welding equipment and <strong>an Authorized Service Center in Poland<\/strong>. Our team has undergone <strong>rigorous technical training directly in Italy<\/strong> at the manufacturer&#8217;s centers. <\/p>\n<p>When you choose SpawLab, you are assured of original products, access to B\u00f6hler Welding solutions, professional advice and service support.<\/p>\n<\/div>\n<div class=\"custom-product-section product-intro\">\n<h2 class=\"product-section-title main-product-title\">B\u00f6hler Welding Wire Feeder WF NX 430 STEELDRIVE &#8211; 71.01.083<\/h2>\n<div class=\"description-content product-marketing-description\">\n<p>The B\u00f6hler Welding WF NX 430 STEELDRIVE professional wire feeder is a key component of advanced MIG\/MAG welding systems, designed for the most demanding industrial applications. Equipped with the SteelDrive interface, it unlocks the full potential of B\u00f6hler Welding&#8217;s power sources, providing welders with precise control, access to hundreds of B\u00f6hler Arc synergy programs and innovative welding processes such as RapiDeep. It&#8217;s the ideal solution for professionals looking for maximum productivity, repeatability and the highest quality &#8216;Made in Europe&#8217; welds.  <\/p>\n<p>The WF NX 430 STEELDRIVE feeder is designed for intensive use in harsh environments, guaranteeing reliability and stability in wire feeding. It is an integral part of Voestalpine B\u00f6hler Welding&#8217;s &#8220;Full Welding Solutions&#8221; philosophy, ensuring optimal interaction with B\u00f6hler Welding&#8217;s power sources and welding consumables for excellent results. <\/p>\n<\/div>\n<\/div>\n<h3 class=\"custom-product-heading advanced-features-heading\">Explore the Advanced Capabilities of the WIRE FEEDER WF NX 430 STEELDRIVE<\/h3>\n<div class=\"custom-accordion advanced-features-accordion\">\n<details class=\"custom-accordion-item\">\n<summary class=\"custom-subtitle accordion-title\">? SteelDrive Software Package.<\/summary>\n<div class=\"accordion-content\">\n<p>The WF NX 430 STEELDRIVE feeder is fully compatible with B\u00f6hler Welding&#8217;s advanced <strong>SteelDrive<\/strong> software package. This package, activated in the power source, significantly expands the capabilities of the welding system. It gives the user access to <strong>a color LCD display<\/strong> (also integrated into the feeder for easy operation), which facilitates navigation and precise parameter selection.  <\/p>\n<p>A key benefit of SteelDrive is the unlocking of <strong>B\u00f6hler Arc&#8217;s expanded library of synergy programs (up to 600)<\/strong>, optimized for different materials, shielding gases and wire diameters. The SteelDrive package also provides compatibility with <strong>U\/D MIG welding fixtures<\/strong>, allowing remote parameter adjustment directly from the fixture. This solution translates into <strong>greater flexibility, speed of setup and excellent repeatability of welding results<\/strong> in demanding industrial applications.  <\/p>\n<\/div>\n<\/details>\n<details class=\"custom-accordion-item\">\n<summary class=\"custom-subtitle accordion-title\">? RapiDeep Advanced Welding Process<\/summary>\n<div class=\"accordion-content\">\n<p>The B\u00f6hler Welding WF NX 430 STEELDRIVE enables full use of the innovative <strong>RapiDeep<\/strong> MIG\/MAG process, available on B\u00f6hler Welding power sources equipped with the SteelDrive package (such as the TERRA NX series). RapiDeep is an optimized short arc process characterized by <strong>an extremely concentrated and stable welding arc<\/strong>. <\/p>\n<p>The main benefits of the RapiDeep process are <strong>significantly deeper penetration and fusion<\/strong> compared to standard short-circuit welding, while <strong>reducing the amount of heat input (HI)<\/strong> into the material. This allows for <strong>increased welding speeds of up to 30-50%<\/strong>, reduced distortion, and the ability to weld thicker materials with lower currents. RapiDeep is ideal for welding carbon and stainless steels, especially in forced positions and for fillet and butt welds requiring excellent fusion quality.  <\/p>\n<\/div>\n<\/details>\n<details class=\"custom-accordion-item\">\n<summary class=\"custom-subtitle accordion-title\">? B\u00f6hler Arc Synergy Programs (enhanced by SteelDrive)<\/summary>\n<div class=\"accordion-content\">\n<p>The WF NX 430 STEELDRIVE feeder, working with B\u00f6hler Welding sources with the SteelDrive package, provides access to <strong>B\u00f6hler Arc<\/strong>&#8216;s extensive library of <strong>synergy programs &#8211; up to 600 dedicated curves<\/strong>. These advanced programs are the result of Voestalpine B\u00f6hler Welding&#8217;s years of research and experience in metallurgy and welding technology. <\/p>\n<p>Each synergy program is precisely tailored to the specific combination of <strong>weld material (carbon steel, stainless steel, aluminum, core wires), wire diameter and shielding gas type<\/strong>. After selecting the appropriate program, the welder adjusts only one parameter (e.g., wire feed speed or welding current), and the machine automatically adjusts the remaining values, such as arc voltage, ensuring optimal welding conditions. This results in <strong>a significant simplification of operation, a reduction in the time required to set the parameters, a minimization of the risk of errors, and a guarantee of reproducible, high-quality<\/strong> welds by welders with different levels of experience.  <\/p>\n<\/div>\n<\/details>\n<\/div>\n<div class=\"custom-product-section product-specs\">\n<h3 class=\"custom-product-heading specs-heading\">Technical Specifications<\/h3>\n<table class=\"specs-table\">\n<thead>\n<tr>\n<th>Parameter<\/th>\n<th>Value<\/th>\n<\/tr>\n<\/thead>\n<tbody>\n<tr>\n<td>Product Name<\/td>\n<td>WF NX 430 STEELDRIVE wire feeder<\/td>\n<\/tr>\n<tr>\n<td>Catalog Number<\/td>\n<td>71.01.083<\/td>\n<\/tr>\n<tr>\n<td>Manufacturer<\/td>\n<td>B\u00f6hler Welding (Voestalpine B\u00f6hler Welding)<\/td>\n<\/tr>\n<tr>\n<td>Wire feeding system<\/td>\n<td>Precision 4-roll<\/td>\n<\/tr>\n<tr>\n<td>Wire feed speed<\/td>\n<td>0.5 &#8211; 22.0 m\/min (depending on the source)<\/td>\n<\/tr>\n<tr>\n<td>Compatible wire diameters<\/td>\n<td>Steel 0.6-1.6mm, Aluminum 0.8-1.6mm, Core wires (wide range depending on the rolls used)<\/td>\n<\/tr>\n<tr>\n<td>Compatible wire spools<\/td>\n<td>\u00d8200mm \/ \u00d8300mm (up to 18 kg)<\/td>\n<\/tr>\n<tr>\n<td>Display<\/td>\n<td>Color LCD display (compatible with SteelDrive standard)<\/td>\n<\/tr>\n<tr>\n<td>Communication<\/td>\n<td>Digital, CANBUS bus<\/td>\n<\/tr>\n<tr>\n<td>Degree of protection<\/td>\n<td>IP23S<\/td>\n<\/tr>\n<tr>\n<td>Compatibility<\/td>\n<td>B\u00f6hler Welding current sources with the SteelDrive software package (e.g. TERRA NX MSE series, URANOS NX PME\/GSM series).<\/td>\n<\/tr>\n<\/tbody>\n<\/table>\n<\/div>\n<div class=\"custom-product-section product-set-contents\">\n<h3 class=\"custom-product-heading set-contents-heading\">Kit Contents \/ Packaging<\/h3>\n<p>The product (WIRE FEEDER WF NX 430 STEELDRIVE) is supplied as a single piece, according to manufacturer Voestalpine B\u00f6hler Welding&#8217;s standard. Additional accessories, such as feed rollers for specific wires, compound hoses or welding clamps, are usually available separately, allowing the system to be configured to individual needs. <\/p>\n<\/div>\n<div class=\"custom-product-section product-features\">\n<h3 class=\"custom-product-heading features-heading\">Key Features and Benefits<\/h3>\n<ul class=\"custom-product-list features-list\">\n<li>? F <strong>ull Integration with SteelDrive Package:<\/strong> Enables use of advanced B\u00f6hler Welding source functions, including up to 600 B\u00f6hler Arc synergy programs and special processes, resulting in optimized parameters and reduced setup time.<\/li>\n<li>? <strong>Precision 4-roll Feeder:<\/strong> Guarantees stable, smooth and accurate feeding of a wide range of welding wires, minimizing the risk of errors and ensuring the highest quality welds.<\/li>\n<li>?\ufe0f <strong>Robust Industrial Design:<\/strong> Designed for the harshest environments, it provides long-term reliability and minimizes downtime, increasing production efficiency.<\/li>\n<li>\u2699\ufe0f <strong>Advanced User Interface:<\/strong> Intuitive color LCD display and ergonomic controls make it easy to set up and monitor the welding process, even while wearing welding gloves.<\/li>\n<\/ul>\n<\/div>\n<div class=\"custom-product-section product-application\">\n<h3 class=\"custom-product-heading application-heading\">Product Application<\/h3>\n<ul class=\"custom-product-list application-list\">\n<li>The B\u00f6hler Welding WF NX 430 STEELDRIVE wire feeder is dedicated to professional industrial MIG\/MAG applications where precision, performance and access to advanced welding functions are key:<\/li>\n<li>? Production of heavy steel structures and machinery<\/li>\n<li>? Shipbuilding and offshore industry<\/li>\n<li>? Production of rail vehicles and rolling stock<\/li>\n<li>?\ufe0f Manufacture of pressure vessels and pipelines<\/li>\n<li>? Advanced welding and fabrication workshops<\/li>\n<li>?\ufe0f Industrial construction<\/li>\n<li>\u2699\ufe0f Welding of carbon steels, high-strength steels, stainless steels and aluminum (in combination with the appropriate SteelDrive source and programs)<\/li>\n<\/ul>\n<\/div>\n<div class=\"custom-product-section product-summary conclusion\">\n<h3 class=\"custom-product-heading summary-heading\">Summary: WIRE FEEDER WF NX 430 STEELDRIVE &#8211; Your Investment in Quality by B\u00f6hler Welding<\/h3>\n<div class=\"summary-content\">\n<p>? The B\u00f6hler Welding WF NX 430 STEELDRIVE is more than a wire feeder &#8211; it&#8217;s a gateway to the world of advanced MIG\/MAG welding. With full integration with the SteelDrive package and a precision feeding mechanism, it provides unparalleled control, access to hundreds of synergistic programs and innovative processes like RapiDeep, guaranteeing the highest quality and productivity. When you choose the WF NX 430 STEELDRIVE, you are investing in reliability and &#8216;Made in Europe&#8217; technology from Voestalpine B\u00f6hler Welding.  <\/p>\n<p>To discover the full capabilities of the B\u00f6hler Welding WIRE FEEDER WF NX 430 STEELDRIVE and get the best deal, contact the experts at SpawLab &#8211; the official distributor and authorized service center of Voestalpine B\u00f6hler Welding in Poland. Our team, trained in Italy, is at your service. <\/p>\n<\/div>\n<\/div>\n<div class=\"custom-product-section product-codes-info\">\n<p><strong>Part number (Art. No.):<\/strong> 71.01.083<\/p>\n<\/div>\n","protected":false},"excerpt":{"rendered":"<p>B\u00f6hler Welding WF NX 430 STEELDRIVE Wire Feeder (71.01.083) &#8211; precision and access to advanced SteelDrive features. Professional welding solutions. <\/p>\n","protected":false},"featured_media":38560,"template":"","meta":{"inline_featured_image":false},"product_brand":[772],"product_cat":[11536,5686],"product_tag":[3569,11920,4432,3397,8746,13422,4431,13809,6448],"class_list":{"0":"post-43330","1":"product","2":"type-product","3":"status-publish","4":"has-post-thumbnail","6":"product_brand-bohler","7":"product_cat-bohler-en-2","8":"product_cat-brand-zone","9":"product_tag-4-roll-feeder","10":"product_tag-bohler-arc-en","11":"product_tag-bohler-welding-en-2","12":"product_tag-mig-mag-welding","13":"product_tag-rapideep-en","14":"product_tag-steeldrive-en","15":"product_tag-voestalpine-bohler-welding-en","16":"product_tag-wf-nx-430-en","17":"product_tag-wire-feeder-en","19":"first","20":"onbackorder","21":"taxable","22":"shipping-taxable","23":"purchasable","24":"product-type-simple"},"yoast_head":"<!-- This site is optimized with the Yoast SEO Premium plugin v27.5 (Yoast SEO v27.6) - https:\/\/yoast.com\/product\/yoast-seo-premium-wordpress\/ -->\n<title>B\u00f6hler Welding Wire Feeder WF NX 430 STEELDRIVE - 71.01.083<\/title>\n<meta name=\"description\" content=\"B\u00f6hler Welding WF NX 430 STEELDRIVE Wire Feeder (71.01.083) - precision and access to advanced SteelDrive features. Professional welding solutions. Check it out at SpawLab!\" \/>\n<meta name=\"robots\" content=\"index, follow, max-snippet:-1, max-image-preview:large, max-video-preview:-1\" \/>\n<link rel=\"canonical\" href=\"https:\/\/spawlab.pl\/en\/produkt\/bohler-welding-wire-feeder-wf-nx-430-steeldrive-71-01-083\/\" \/>\n<meta property=\"og:locale\" content=\"en_US\" \/>\n<meta property=\"og:type\" content=\"article\" \/>\n<meta property=\"og:title\" content=\"B\u00f6hler Welding Wire Feeder WF NX 430 STEELDRIVE - 71.01.083\" \/>\n<meta property=\"og:description\" content=\"Lider sprzeda\u017cy, Oficjalny Dystrybutor Premium i Serwis na Polsk\u0119 Migatronic, Gys, Voestalpine Bohler Welding. Nowe i u\u017cywane Spawarki, Przecinarki Plazmowe, Kompresory. Mgr in\u017c. Jaros\u0142aw Ko\u0142aski, IWE\" \/>\n<meta property=\"og:url\" content=\"https:\/\/spawlab.pl\/en\/produkt\/bohler-welding-wire-feeder-wf-nx-430-steeldrive-71-01-083\/\" \/>\n<meta property=\"og:site_name\" content=\"SpawLab - Welding equipment and plasma cutters - store and service\" \/>\n<meta property=\"article:publisher\" content=\"https:\/\/www.facebook.com\/Spawlab\/\" \/>\n<meta property=\"og:image\" content=\"https:\/\/spawlab.pl\/wp-content\/uploads\/2025\/06\/Frame-1-scaled.png\" \/>\n\t<meta property=\"og:image:width\" content=\"2560\" \/>\n\t<meta property=\"og:image:height\" content=\"2197\" \/>\n\t<meta property=\"og:image:type\" content=\"image\/png\" \/>\n<meta name=\"twitter:label1\" content=\"Price\" \/>\n\t<meta name=\"twitter:data1\" content=\"8 991,30&nbsp;&#122;&#322; (7 310,00&nbsp;&#122;&#322; netto)\" \/>\n\t<meta name=\"twitter:label2\" content=\"Availability\" \/>\n\t<meta name=\"twitter:data2\" content=\"On backorder\" \/>\n<script type=\"application\/ld+json\" class=\"yoast-schema-graph\">{\"@context\":\"https:\\\/\\\/schema.org\",\"@graph\":[{\"@type\":[\"WebPage\",\"ItemPage\"],\"@id\":\"https:\\\/\\\/spawlab.pl\\\/en\\\/produkt\\\/bohler-welding-wire-feeder-wf-nx-430-steeldrive-71-01-083\\\/\",\"url\":\"https:\\\/\\\/spawlab.pl\\\/en\\\/produkt\\\/bohler-welding-wire-feeder-wf-nx-430-steeldrive-71-01-083\\\/\",\"name\":\"B\u00f6hler Welding Wire Feeder WF NX 430 STEELDRIVE - 71.01.083\",\"isPartOf\":{\"@id\":\"https:\\\/\\\/spawlab.pl\\\/en\\\/#website\"},\"primaryImageOfPage\":{\"@id\":\"https:\\\/\\\/spawlab.pl\\\/en\\\/produkt\\\/bohler-welding-wire-feeder-wf-nx-430-steeldrive-71-01-083\\\/#primaryimage\"},\"image\":{\"@id\":\"https:\\\/\\\/spawlab.pl\\\/en\\\/produkt\\\/bohler-welding-wire-feeder-wf-nx-430-steeldrive-71-01-083\\\/#primaryimage\"},\"thumbnailUrl\":\"https:\\\/\\\/spawlab.pl\\\/wp-content\\\/uploads\\\/2025\\\/06\\\/Frame-1-scaled.png\",\"datePublished\":\"2025-07-09T21:42:18+00:00\",\"description\":\"B\u00f6hler Welding WF NX 430 STEELDRIVE Wire Feeder (71.01.083) - precision and access to advanced SteelDrive features. Professional welding solutions. Check it out at SpawLab!\",\"breadcrumb\":{\"@id\":\"https:\\\/\\\/spawlab.pl\\\/en\\\/produkt\\\/bohler-welding-wire-feeder-wf-nx-430-steeldrive-71-01-083\\\/#breadcrumb\"},\"inLanguage\":\"en-US\",\"potentialAction\":[{\"@type\":\"ReadAction\",\"target\":[\"https:\\\/\\\/spawlab.pl\\\/en\\\/produkt\\\/bohler-welding-wire-feeder-wf-nx-430-steeldrive-71-01-083\\\/\"]}]},{\"@type\":\"ImageObject\",\"inLanguage\":\"en-US\",\"@id\":\"https:\\\/\\\/spawlab.pl\\\/en\\\/produkt\\\/bohler-welding-wire-feeder-wf-nx-430-steeldrive-71-01-083\\\/#primaryimage\",\"url\":\"https:\\\/\\\/spawlab.pl\\\/wp-content\\\/uploads\\\/2025\\\/06\\\/Frame-1-scaled.png\",\"contentUrl\":\"https:\\\/\\\/spawlab.pl\\\/wp-content\\\/uploads\\\/2025\\\/06\\\/Frame-1-scaled.png\",\"width\":2560,\"height\":2197},{\"@type\":\"BreadcrumbList\",\"@id\":\"https:\\\/\\\/spawlab.pl\\\/en\\\/produkt\\\/bohler-welding-wire-feeder-wf-nx-430-steeldrive-71-01-083\\\/#breadcrumb\",\"itemListElement\":[{\"@type\":\"ListItem\",\"position\":1,\"name\":\"Strona g\u0142\u00f3wna\",\"item\":\"https:\\\/\\\/spawlab.pl\\\/en\\\/\"},{\"@type\":\"ListItem\",\"position\":2,\"name\":\"Store\",\"item\":\"https:\\\/\\\/spawlab.pl\\\/en\\\/shop\\\/\"},{\"@type\":\"ListItem\",\"position\":3,\"name\":\"B\u00f6hler Welding Wire Feeder WF NX 430 STEELDRIVE &#8211; 71.01.083\"}]},{\"@type\":\"WebSite\",\"@id\":\"https:\\\/\\\/spawlab.pl\\\/en\\\/#website\",\"url\":\"https:\\\/\\\/spawlab.pl\\\/en\\\/\",\"name\":\"Spawlab.pl Lider - Spawarki, Przecinarki Plazmowe, Kompresory\",\"description\":\"Urz\u0105dzenia spawalnicze i Przecinarki plazmowe\\\/ nowe i u\u017cywane \\\/ Profesjonalny serwis\",\"publisher\":{\"@id\":\"https:\\\/\\\/spawlab.pl\\\/en\\\/#organization\"},\"alternateName\":\"Spawlab.pl - Dystrybutor Premium i Serwis na Polske Migatronic, Gys, Voestalpine Bohler Welding\",\"potentialAction\":[{\"@type\":\"SearchAction\",\"target\":{\"@type\":\"EntryPoint\",\"urlTemplate\":\"https:\\\/\\\/spawlab.pl\\\/en\\\/?s={search_term_string}\"},\"query-input\":{\"@type\":\"PropertyValueSpecification\",\"valueRequired\":true,\"valueName\":\"search_term_string\"}}],\"inLanguage\":\"en-US\"},{\"@type\":[\"Organization\",\"Place\"],\"@id\":\"https:\\\/\\\/spawlab.pl\\\/en\\\/#organization\",\"name\":\"Spawlab.pl\",\"url\":\"https:\\\/\\\/spawlab.pl\\\/en\\\/\",\"logo\":{\"@id\":\"https:\\\/\\\/spawlab.pl\\\/en\\\/produkt\\\/bohler-welding-wire-feeder-wf-nx-430-steeldrive-71-01-083\\\/#local-main-organization-logo\"},\"image\":{\"@id\":\"https:\\\/\\\/spawlab.pl\\\/en\\\/produkt\\\/bohler-welding-wire-feeder-wf-nx-430-steeldrive-71-01-083\\\/#local-main-organization-logo\"},\"sameAs\":[\"https:\\\/\\\/www.facebook.com\\\/Spawlab\\\/\",\"https:\\\/\\\/www.linkedin.com\\\/company\\\/spawlab\",\"https:\\\/\\\/www.instagram.com\\\/spawlab.pl\",\"https:\\\/\\\/www.tiktok.com\\\/@spawlab\"],\"description\":\"Lider sprzeda\u017cy, Oficjalny Dystrybutor Premium i Serwis na Polsk\u0119 Migatronic, Gys, Voestalpine Bohler Welding. Nowe i u\u017cywane Spawarki, Przecinarki Plazmowe, Kompresory. Mgr in\u017c. Jaros\u0142aw Ko\u0142aski, IWE\",\"hasMerchantReturnPolicy\":{\"@type\":\"MerchantReturnPolicy\",\"merchantReturnLink\":\"https:\\\/\\\/spawlab.pl\\\/polityka-prywatnosci-2\\\/\"},\"telephone\":[],\"openingHoursSpecification\":[{\"@type\":\"OpeningHoursSpecification\",\"dayOfWeek\":[\"Monday\",\"Tuesday\",\"Wednesday\",\"Thursday\",\"Friday\",\"Saturday\",\"Sunday\"],\"opens\":\"09:00\",\"closes\":\"17:00\"}]},{\"@type\":\"ImageObject\",\"inLanguage\":\"en-US\",\"@id\":\"https:\\\/\\\/spawlab.pl\\\/en\\\/produkt\\\/bohler-welding-wire-feeder-wf-nx-430-steeldrive-71-01-083\\\/#local-main-organization-logo\",\"url\":\"https:\\\/\\\/spawlab.pl\\\/wp-content\\\/uploads\\\/2022\\\/01\\\/olx.jpg\",\"contentUrl\":\"https:\\\/\\\/spawlab.pl\\\/wp-content\\\/uploads\\\/2022\\\/01\\\/olx.jpg\",\"width\":200,\"height\":200,\"caption\":\"Spawlab.pl\"}]}<\/script>\n<meta property=\"product:brand\" content=\"B\u00f6hler\" \/>\n<meta property=\"product:price:amount\" content=\"8991.30\" \/>\n<meta property=\"product:price:currency\" content=\"PLN\" \/>\n<meta property=\"og:availability\" content=\"backorder\" \/>\n<meta property=\"product:availability\" content=\"available for order\" \/>\n<meta property=\"product:retailer_item_id\" content=\"71.01.083\" \/>\n<meta property=\"product:condition\" content=\"new\" \/>\n<!-- \/ Yoast SEO Premium plugin. -->","yoast_head_json":{"title":"B\u00f6hler Welding Wire Feeder WF NX 430 STEELDRIVE - 71.01.083","description":"B\u00f6hler Welding WF NX 430 STEELDRIVE Wire Feeder (71.01.083) - precision and access to advanced SteelDrive features. Professional welding solutions. Check it out at SpawLab!","robots":{"index":"index","follow":"follow","max-snippet":"max-snippet:-1","max-image-preview":"max-image-preview:large","max-video-preview":"max-video-preview:-1"},"canonical":"https:\/\/spawlab.pl\/en\/produkt\/bohler-welding-wire-feeder-wf-nx-430-steeldrive-71-01-083\/","og_locale":"en_US","og_type":"article","og_title":"B\u00f6hler Welding Wire Feeder WF NX 430 STEELDRIVE - 71.01.083","og_description":"Lider sprzeda\u017cy, Oficjalny Dystrybutor Premium i Serwis na Polsk\u0119 Migatronic, Gys, Voestalpine Bohler Welding. Nowe i u\u017cywane Spawarki, Przecinarki Plazmowe, Kompresory. Mgr in\u017c. Jaros\u0142aw Ko\u0142aski, IWE","og_url":"https:\/\/spawlab.pl\/en\/produkt\/bohler-welding-wire-feeder-wf-nx-430-steeldrive-71-01-083\/","og_site_name":"SpawLab - Welding equipment and plasma cutters - store and service","article_publisher":"https:\/\/www.facebook.com\/Spawlab\/","og_image":[{"width":2560,"height":2197,"url":"https:\/\/spawlab.pl\/wp-content\/uploads\/2025\/06\/Frame-1-scaled.png","type":"image\/png"}],"twitter_misc":{"Price":"8 991,30&nbsp;&#122;&#322; (7 310,00&nbsp;&#122;&#322; netto)","Availability":"On backorder"},"schema":{"@context":"https:\/\/schema.org","@graph":[{"@type":["WebPage","ItemPage"],"@id":"https:\/\/spawlab.pl\/en\/produkt\/bohler-welding-wire-feeder-wf-nx-430-steeldrive-71-01-083\/","url":"https:\/\/spawlab.pl\/en\/produkt\/bohler-welding-wire-feeder-wf-nx-430-steeldrive-71-01-083\/","name":"B\u00f6hler Welding Wire Feeder WF NX 430 STEELDRIVE - 71.01.083","isPartOf":{"@id":"https:\/\/spawlab.pl\/en\/#website"},"primaryImageOfPage":{"@id":"https:\/\/spawlab.pl\/en\/produkt\/bohler-welding-wire-feeder-wf-nx-430-steeldrive-71-01-083\/#primaryimage"},"image":{"@id":"https:\/\/spawlab.pl\/en\/produkt\/bohler-welding-wire-feeder-wf-nx-430-steeldrive-71-01-083\/#primaryimage"},"thumbnailUrl":"https:\/\/spawlab.pl\/wp-content\/uploads\/2025\/06\/Frame-1-scaled.png","datePublished":"2025-07-09T21:42:18+00:00","description":"B\u00f6hler Welding WF NX 430 STEELDRIVE Wire Feeder (71.01.083) - precision and access to advanced SteelDrive features. Professional welding solutions. Check it out at SpawLab!","breadcrumb":{"@id":"https:\/\/spawlab.pl\/en\/produkt\/bohler-welding-wire-feeder-wf-nx-430-steeldrive-71-01-083\/#breadcrumb"},"inLanguage":"en-US","potentialAction":[{"@type":"ReadAction","target":["https:\/\/spawlab.pl\/en\/produkt\/bohler-welding-wire-feeder-wf-nx-430-steeldrive-71-01-083\/"]}]},{"@type":"ImageObject","inLanguage":"en-US","@id":"https:\/\/spawlab.pl\/en\/produkt\/bohler-welding-wire-feeder-wf-nx-430-steeldrive-71-01-083\/#primaryimage","url":"https:\/\/spawlab.pl\/wp-content\/uploads\/2025\/06\/Frame-1-scaled.png","contentUrl":"https:\/\/spawlab.pl\/wp-content\/uploads\/2025\/06\/Frame-1-scaled.png","width":2560,"height":2197},{"@type":"BreadcrumbList","@id":"https:\/\/spawlab.pl\/en\/produkt\/bohler-welding-wire-feeder-wf-nx-430-steeldrive-71-01-083\/#breadcrumb","itemListElement":[{"@type":"ListItem","position":1,"name":"Strona g\u0142\u00f3wna","item":"https:\/\/spawlab.pl\/en\/"},{"@type":"ListItem","position":2,"name":"Store","item":"https:\/\/spawlab.pl\/en\/shop\/"},{"@type":"ListItem","position":3,"name":"B\u00f6hler Welding Wire Feeder WF NX 430 STEELDRIVE &#8211; 71.01.083"}]},{"@type":"WebSite","@id":"https:\/\/spawlab.pl\/en\/#website","url":"https:\/\/spawlab.pl\/en\/","name":"Spawlab.pl Lider - Spawarki, Przecinarki Plazmowe, Kompresory","description":"Urz\u0105dzenia spawalnicze i Przecinarki plazmowe\/ nowe i u\u017cywane \/ Profesjonalny serwis","publisher":{"@id":"https:\/\/spawlab.pl\/en\/#organization"},"alternateName":"Spawlab.pl - Dystrybutor Premium i Serwis na Polske Migatronic, Gys, Voestalpine Bohler Welding","potentialAction":[{"@type":"SearchAction","target":{"@type":"EntryPoint","urlTemplate":"https:\/\/spawlab.pl\/en\/?s={search_term_string}"},"query-input":{"@type":"PropertyValueSpecification","valueRequired":true,"valueName":"search_term_string"}}],"inLanguage":"en-US"},{"@type":["Organization","Place"],"@id":"https:\/\/spawlab.pl\/en\/#organization","name":"Spawlab.pl","url":"https:\/\/spawlab.pl\/en\/","logo":{"@id":"https:\/\/spawlab.pl\/en\/produkt\/bohler-welding-wire-feeder-wf-nx-430-steeldrive-71-01-083\/#local-main-organization-logo"},"image":{"@id":"https:\/\/spawlab.pl\/en\/produkt\/bohler-welding-wire-feeder-wf-nx-430-steeldrive-71-01-083\/#local-main-organization-logo"},"sameAs":["https:\/\/www.facebook.com\/Spawlab\/","https:\/\/www.linkedin.com\/company\/spawlab","https:\/\/www.instagram.com\/spawlab.pl","https:\/\/www.tiktok.com\/@spawlab"],"description":"Lider sprzeda\u017cy, Oficjalny Dystrybutor Premium i Serwis na Polsk\u0119 Migatronic, Gys, Voestalpine Bohler Welding. Nowe i u\u017cywane Spawarki, Przecinarki Plazmowe, Kompresory. Mgr in\u017c. Jaros\u0142aw Ko\u0142aski, IWE","hasMerchantReturnPolicy":{"@type":"MerchantReturnPolicy","merchantReturnLink":"https:\/\/spawlab.pl\/polityka-prywatnosci-2\/"},"telephone":[],"openingHoursSpecification":[{"@type":"OpeningHoursSpecification","dayOfWeek":["Monday","Tuesday","Wednesday","Thursday","Friday","Saturday","Sunday"],"opens":"09:00","closes":"17:00"}]},{"@type":"ImageObject","inLanguage":"en-US","@id":"https:\/\/spawlab.pl\/en\/produkt\/bohler-welding-wire-feeder-wf-nx-430-steeldrive-71-01-083\/#local-main-organization-logo","url":"https:\/\/spawlab.pl\/wp-content\/uploads\/2022\/01\/olx.jpg","contentUrl":"https:\/\/spawlab.pl\/wp-content\/uploads\/2022\/01\/olx.jpg","width":200,"height":200,"caption":"Spawlab.pl"}]},"product_brand":"B\u00f6hler","product_price_amount":"8991.30","product_price_currency":"PLN","og_availability":"backorder","product_availability":"available for order","product_retailer_item_id":"71.01.083","product_condition":"new"},"_links":{"self":[{"href":"https:\/\/spawlab.pl\/en\/wp-json\/wp\/v2\/product\/43330","targetHints":{"allow":["GET"]}}],"collection":[{"href":"https:\/\/spawlab.pl\/en\/wp-json\/wp\/v2\/product"}],"about":[{"href":"https:\/\/spawlab.pl\/en\/wp-json\/wp\/v2\/types\/product"}],"wp:featuredmedia":[{"embeddable":true,"href":"https:\/\/spawlab.pl\/en\/wp-json\/wp\/v2\/media\/38560"}],"wp:attachment":[{"href":"https:\/\/spawlab.pl\/en\/wp-json\/wp\/v2\/media?parent=43330"}],"wp:term":[{"taxonomy":"product_brand","embeddable":true,"href":"https:\/\/spawlab.pl\/en\/wp-json\/wp\/v2\/product_brand?post=43330"},{"taxonomy":"product_cat","embeddable":true,"href":"https:\/\/spawlab.pl\/en\/wp-json\/wp\/v2\/product_cat?post=43330"},{"taxonomy":"product_tag","embeddable":true,"href":"https:\/\/spawlab.pl\/en\/wp-json\/wp\/v2\/product_tag?post=43330"}],"curies":[{"name":"wp","href":"https:\/\/api.w.org\/{rel}","templated":true}]}}