{"id":43356,"date":"2025-07-09T23:39:28","date_gmt":"2025-07-09T21:39:28","guid":{"rendered":"https:\/\/spawlab.pl\/produkt\/bohler-welding-welding-program-package-ecospark-m20-ar-5%c3%b715co2-pulsdrive-79-i2-00136\/"},"modified":"2025-07-09T23:39:28","modified_gmt":"2025-07-09T21:39:28","slug":"bohler-welding-welding-program-package-ecospark-m20-ar-5%c3%b715co2-pulsdrive-79-i2-00136","status":"publish","type":"product","link":"https:\/\/spawlab.pl\/en\/produkt\/bohler-welding-welding-program-package-ecospark-m20-ar-5%c3%b715co2-pulsdrive-79-i2-00136\/","title":{"rendered":"B\u00f6hler Welding Welding Program Package &#8211; ECOspark M20 (Ar 5\u00f715%CO2) &#8211; PulsDrive &#8211; 79.I2.00136"},"content":{"rendered":"<div class=\"custom-product-section distributor-info spawlab-info\">\n<p><strong>SpawLab &#8211; your Authorized Voestalpine B\u00f6hler Welding Partner in Poland!<\/strong><\/p>\n<p>We are <strong>an official distributor of<\/strong> Voestalpine B\u00f6hler Welding equipment and <strong>an Authorized Service Center in Poland<\/strong>. Our team has undergone <strong>rigorous technical training directly in Italy<\/strong> at the manufacturer&#8217;s centers. <\/p>\n<p>When you choose SpawLab, you are assured of original products, access to B\u00f6hler Welding solutions, professional advice and service support.<\/p>\n<\/div>\n<div class=\"custom-product-section product-intro\">\n<h2 class=\"product-section-title main-product-title\">B\u00f6hler Welding Welding Program Package &#8211; ECOspark M20 (Ar 5\u00f715%CO2) &#8211; PulsDrive &#8211; 79.I2.00136<\/h2>\n<div class=\"description-content product-marketing-description\">\n<p>B\u00f6hler Welding&#8217;s specialized welding program package designed to activate and optimize the advanced PulsDrive process on compatible welding equipment. Dedicated to welding M20 group steels (e.g., with ECOspark wire) in Ar + 5-15% CO2 gas shielding, it guarantees finely tuned synergistic parameters for superior weld quality and excellent pulsed arc control. <\/p>\n<p>This software is an indispensable tool for professionals looking for maximum productivity, repeatability and quality in MIG\/MAG Puls welding of carbon steels, utilizing the full potential of B\u00f6hler Welding&#8217;s innovative technologies.<\/p>\n<\/div>\n<\/div>\n<h3 class=\"custom-product-heading advanced-features-heading\">Explore the Advanced Possibilities of Welding Programs Package &#8211; ECOspark M20 (Ar 5\u00f715%CO2) &#8211; PulsDrive<\/h3>\n<div class=\"custom-accordion advanced-features-accordion\">\n<details class=\"custom-accordion-item\">\n<summary class=\"custom-subtitle accordion-title\">pulsing_light: PulsDrive Advanced Welding Process.<\/summary>\n<div class=\"accordion-content\">\n<p><strong>PulsDrive<\/strong> is an innovative, fully digital MIG\/MAG pulse welding process developed by B\u00f6hler Welding. Its key feature is precise material transfer control implemented according to the principle of <strong>&#8220;one current pulse &#8211; one drop of liquid metal.&#8221;<\/strong> Such digital synchronization ensures unparalleled arc stability, excellent control of the weld pool and minimization of spatter.  <\/p>\n<p>With PulsDrive, the welder gains <strong>exceptional ease of process guidance<\/strong>, even in difficult welding positions. The process guarantees welds with <strong>excellent face appearance and deep fusion<\/strong>, while <strong>reducing heat input (linear energy)<\/strong>. This is particularly beneficial when welding heat-sensitive materials such as stainless steels and aluminum, but also significantly improves the quality and productivity of welding carbon steels, as in this program package for the M20 group.  <\/p>\n<\/div>\n<\/details>\n<\/div>\n<div class=\"custom-product-section product-specs\">\n<h3 class=\"custom-product-heading specs-heading\">Technical Specifications<\/h3>\n<table class=\"specs-table\">\n<thead>\n<tr>\n<th>Parameter<\/th>\n<th>Value<\/th>\n<\/tr>\n<\/thead>\n<tbody>\n<tr>\n<td>? Technical Specifications<\/td>\n<td><\/td>\n<\/tr>\n<tr>\n<td>Product type<\/td>\n<td>Welding program package (software)<\/td>\n<\/tr>\n<tr>\n<td>Catalog number<\/td>\n<td>79.I2.00136<\/td>\n<\/tr>\n<tr>\n<td>Optimized process<\/td>\n<td>B\u00f6hler Welding PulsDrive (MIG\/MAG Puls)<\/td>\n<\/tr>\n<tr>\n<td>Dedicated application<\/td>\n<td>Group M20 steel (e.g. ECOspark wire), shielding gas Ar + 5-15% CO2<\/td>\n<\/tr>\n<tr>\n<td>Compatibility<\/td>\n<td>Selected B\u00f6hler Welding equipment with PulsDrive process support and program upload capability (e.g. URANOS NX PMC\/PME series, TERRA NX PMC\/PME series, URANOS NX MTE\/GSM series).<\/td>\n<\/tr>\n<\/tbody>\n<\/table>\n<\/div>\n<div class=\"custom-product-section product-set-contents\">\n<h3 class=\"custom-product-heading set-contents-heading\">Kit Contents \/ Packaging<\/h3>\n<ul class=\"custom-product-list set-contents-list\">\n<li>? Kit Contents:<\/li>\n<li>The product (Welding Programs Package &#8211; ECOspark M20 (Ar 5\u00f715%CO2) &#8211; PulsDrive, cat. no. 79.I2.00136) is delivered as a single license\/software package, according to the standard of manufacturer Voestalpine B\u00f6hler Welding. <\/li>\n<li>Activation of the program may require a specialized interface or execution by an authorized service.<\/li>\n<\/ul>\n<\/div>\n<div class=\"custom-product-section product-features\">\n<h3 class=\"custom-product-heading features-heading\">Key Features and Benefits<\/h3>\n<ul class=\"custom-product-list features-list\">\n<li><strong>\u2728 PulsDrive Synergy for M20 Steel:<\/strong> Precision-tuned parameters for Ar\/CO2 gas (5-15%), eliminating the need for manual adjustments and guaranteeing optimal welding results from the first startup.<\/li>\n<li>? <strong>Targeted Optimization:<\/strong> a program specifically designed for M20 group steels (e.g., with ECOspark wires), maximizing productivity and weld quality in this particular industrial application.<\/li>\n<li>? F <strong>ull Utilization of PulsDrive Technology:<\/strong> Enables activation and full utilization of the potential of B\u00f6hler Welding&#8217;s PulsDrive digital process, providing superior droplet control (&#8220;one pulse &#8211; one drop&#8221;) and minimizing splatter.<\/li>\n<li>? <strong>Repeatable Quality and Productivity:<\/strong> Provides consistent, repeatable pulse welding parameters, resulting in fewer rework, higher productivity and reliable weld quality.<\/li>\n<\/ul>\n<\/div>\n<div class=\"custom-product-section product-application\">\n<h3 class=\"custom-product-heading application-heading\">Product Application<\/h3>\n<ul class=\"custom-product-list application-list\">\n<li>? Main Applications of the Program Suite:<\/li>\n<li>Professional MIG\/MAG pulse welding of M20 group carbon steels (e.g., steel structures, machinery manufacturing).<\/li>\n<li>Work requiring high quality welds and excellent appearance of the face in Ar\/CO2 mixed gas shielding (5-15%).<\/li>\n<li>Applications where precise control of linear energy and minimization of splatter are key.<\/li>\n<li>Workshops and production facilities using compatible B\u00f6hler Welding equipment with the PulsDrive process.<\/li>\n<li>Optimization and standardization of steel welding processes to increase repeatability and productivity.<\/li>\n<\/ul>\n<\/div>\n<div class=\"custom-product-section product-summary conclusion\">\n<h3 class=\"custom-product-heading summary-heading\">Summary: Welding Programs Package &#8211; ECOspark M20 (Ar 5\u00f715%CO2) &#8211; PulsDrive &#8211; Your Investment in Quality B\u00f6hler Welding<\/h3>\n<div class=\"summary-content\">\n<p>? The B\u00f6hler Welding ECOspark M20 PulsDrive Welding Program Package is the key to unlocking the full potential of your B\u00f6hler Welding pulse welder when welding Ar\/CO2 shielded steel. Invest in the precisely optimized synergy that guarantees the highest quality, repeatability and efficiency of the PulsDrive process. To learn about the full capabilities of B\u00f6hler Welding Welding Programs Package &#8211; ECOspark M20 (Ar 5\u00f715%CO2) &#8211; PulsDrive and get the best deal, contact the experts at SpawLab &#8211; the official distributor and authorized service provider of Voestalpine B\u00f6hler Welding in Poland. Our team, trained in Italy, is at your service.   <\/p>\n<\/div>\n<\/div>\n<div class=\"custom-product-section product-codes-info\">\n<p><strong>Part number (Art. No.):<\/strong> 79.I2.00136<\/p>\n<\/div>\n","protected":false},"excerpt":{"rendered":"<p>B\u00f6hler Welding Welding Program Package &#8211; ECOspark M20 (Ar 5\u00f715%CO2) &#8211; PulsDrive (79.I2.00136) &#8211; PulsDrive process optimization for steel. Professional welding solutions. <\/p>\n","protected":false},"featured_media":38560,"template":"","meta":{"inline_featured_image":false},"product_brand":[772],"product_cat":[11536,5686],"product_tag":[13864,13391,4432,12055,12622,3600,11542,11547],"class_list":{"0":"post-43356","1":"product","2":"type-product","3":"status-publish","4":"has-post-thumbnail","6":"product_brand-bohler","7":"product_cat-bohler-en-2","8":"product_cat-brand-zone","9":"product_tag-79-i2-00136-en","10":"product_tag-ar-co2-en","11":"product_tag-bohler-welding-en-2","12":"product_tag-m20-en","13":"product_tag-pulsdrive-en","14":"product_tag-welding-of-steel","15":"product_tag-welding-software","16":"product_tag-welding-software-package","18":"first","19":"onbackorder","20":"taxable","21":"shipping-taxable","22":"purchasable","23":"product-type-simple"},"yoast_head":"<!-- This site is optimized with the Yoast SEO Premium plugin v27.5 (Yoast SEO v27.6) - https:\/\/yoast.com\/product\/yoast-seo-premium-wordpress\/ -->\n<title>B\u00f6hler Welding ECOspark M20 PulsDrive Program Package 79.I2.00136<\/title>\n<meta name=\"description\" content=\"B\u00f6hler Welding Welding Program Package - ECOspark M20 (Ar 5\u00f715%CO2) - PulsDrive (79.I2.00136) - PulsDrive process optimization for steel. Professional welding solutions. Check it out at SpawLab!\" \/>\n<meta name=\"robots\" content=\"index, follow, max-snippet:-1, max-image-preview:large, max-video-preview:-1\" \/>\n<link rel=\"canonical\" href=\"https:\/\/spawlab.pl\/en\/produkt\/bohler-welding-welding-program-package-ecospark-m20-ar-5%c3%b715co2-pulsdrive-79-i2-00136\/\" \/>\n<meta property=\"og:locale\" content=\"en_US\" \/>\n<meta property=\"og:type\" content=\"article\" \/>\n<meta property=\"og:title\" content=\"B\u00f6hler Welding Welding Program Package - ECOspark M20 (Ar 5\u00f715%CO2) - PulsDrive - 79.I2.00136\" \/>\n<meta property=\"og:description\" content=\"Lider sprzeda\u017cy, Oficjalny Dystrybutor Premium i Serwis na Polsk\u0119 Migatronic, Gys, Voestalpine Bohler Welding. Nowe i u\u017cywane Spawarki, Przecinarki Plazmowe, Kompresory. Mgr in\u017c. Jaros\u0142aw Ko\u0142aski, IWE\" \/>\n<meta property=\"og:url\" content=\"https:\/\/spawlab.pl\/en\/produkt\/bohler-welding-welding-program-package-ecospark-m20-ar-5%c3%b715co2-pulsdrive-79-i2-00136\/\" \/>\n<meta property=\"og:site_name\" content=\"SpawLab - Welding equipment and plasma cutters - store and service\" \/>\n<meta property=\"article:publisher\" content=\"https:\/\/www.facebook.com\/Spawlab\/\" \/>\n<meta property=\"og:image\" content=\"https:\/\/spawlab.pl\/wp-content\/uploads\/2025\/06\/Frame-1-scaled.png\" \/>\n\t<meta property=\"og:image:width\" content=\"2560\" \/>\n\t<meta property=\"og:image:height\" content=\"2197\" \/>\n\t<meta property=\"og:image:type\" content=\"image\/png\" \/>\n<meta name=\"twitter:label1\" content=\"Price\" \/>\n\t<meta name=\"twitter:data1\" content=\"1 433,32&nbsp;&#122;&#322; (1 165,30&nbsp;&#122;&#322; netto)\" \/>\n\t<meta name=\"twitter:label2\" content=\"Availability\" \/>\n\t<meta name=\"twitter:data2\" content=\"On backorder\" \/>\n<script type=\"application\/ld+json\" class=\"yoast-schema-graph\">{\"@context\":\"https:\\\/\\\/schema.org\",\"@graph\":[{\"@type\":[\"WebPage\",\"ItemPage\"],\"@id\":\"https:\\\/\\\/spawlab.pl\\\/en\\\/produkt\\\/bohler-welding-welding-program-package-ecospark-m20-ar-5%c3%b715co2-pulsdrive-79-i2-00136\\\/\",\"url\":\"https:\\\/\\\/spawlab.pl\\\/en\\\/produkt\\\/bohler-welding-welding-program-package-ecospark-m20-ar-5%c3%b715co2-pulsdrive-79-i2-00136\\\/\",\"name\":\"B\u00f6hler Welding ECOspark M20 PulsDrive Program Package 79.I2.00136\",\"isPartOf\":{\"@id\":\"https:\\\/\\\/spawlab.pl\\\/en\\\/#website\"},\"primaryImageOfPage\":{\"@id\":\"https:\\\/\\\/spawlab.pl\\\/en\\\/produkt\\\/bohler-welding-welding-program-package-ecospark-m20-ar-5%c3%b715co2-pulsdrive-79-i2-00136\\\/#primaryimage\"},\"image\":{\"@id\":\"https:\\\/\\\/spawlab.pl\\\/en\\\/produkt\\\/bohler-welding-welding-program-package-ecospark-m20-ar-5%c3%b715co2-pulsdrive-79-i2-00136\\\/#primaryimage\"},\"thumbnailUrl\":\"https:\\\/\\\/spawlab.pl\\\/wp-content\\\/uploads\\\/2025\\\/06\\\/Frame-1-scaled.png\",\"datePublished\":\"2025-07-09T21:39:28+00:00\",\"description\":\"B\u00f6hler Welding Welding Program Package - ECOspark M20 (Ar 5\u00f715%CO2) - PulsDrive (79.I2.00136) - PulsDrive process optimization for steel. Professional welding solutions. Check it out at SpawLab!\",\"breadcrumb\":{\"@id\":\"https:\\\/\\\/spawlab.pl\\\/en\\\/produkt\\\/bohler-welding-welding-program-package-ecospark-m20-ar-5%c3%b715co2-pulsdrive-79-i2-00136\\\/#breadcrumb\"},\"inLanguage\":\"en-US\",\"potentialAction\":[{\"@type\":\"ReadAction\",\"target\":[\"https:\\\/\\\/spawlab.pl\\\/en\\\/produkt\\\/bohler-welding-welding-program-package-ecospark-m20-ar-5%c3%b715co2-pulsdrive-79-i2-00136\\\/\"]}]},{\"@type\":\"ImageObject\",\"inLanguage\":\"en-US\",\"@id\":\"https:\\\/\\\/spawlab.pl\\\/en\\\/produkt\\\/bohler-welding-welding-program-package-ecospark-m20-ar-5%c3%b715co2-pulsdrive-79-i2-00136\\\/#primaryimage\",\"url\":\"https:\\\/\\\/spawlab.pl\\\/wp-content\\\/uploads\\\/2025\\\/06\\\/Frame-1-scaled.png\",\"contentUrl\":\"https:\\\/\\\/spawlab.pl\\\/wp-content\\\/uploads\\\/2025\\\/06\\\/Frame-1-scaled.png\",\"width\":2560,\"height\":2197},{\"@type\":\"BreadcrumbList\",\"@id\":\"https:\\\/\\\/spawlab.pl\\\/en\\\/produkt\\\/bohler-welding-welding-program-package-ecospark-m20-ar-5%c3%b715co2-pulsdrive-79-i2-00136\\\/#breadcrumb\",\"itemListElement\":[{\"@type\":\"ListItem\",\"position\":1,\"name\":\"Strona g\u0142\u00f3wna\",\"item\":\"https:\\\/\\\/spawlab.pl\\\/en\\\/\"},{\"@type\":\"ListItem\",\"position\":2,\"name\":\"Store\",\"item\":\"https:\\\/\\\/spawlab.pl\\\/en\\\/shop\\\/\"},{\"@type\":\"ListItem\",\"position\":3,\"name\":\"B\u00f6hler Welding Welding Program Package &#8211; ECOspark M20 (Ar 5\u00f715%CO2) &#8211; PulsDrive &#8211; 79.I2.00136\"}]},{\"@type\":\"WebSite\",\"@id\":\"https:\\\/\\\/spawlab.pl\\\/en\\\/#website\",\"url\":\"https:\\\/\\\/spawlab.pl\\\/en\\\/\",\"name\":\"Spawlab.pl Lider - Spawarki, Przecinarki Plazmowe, Kompresory\",\"description\":\"Urz\u0105dzenia spawalnicze i Przecinarki plazmowe\\\/ nowe i u\u017cywane \\\/ Profesjonalny serwis\",\"publisher\":{\"@id\":\"https:\\\/\\\/spawlab.pl\\\/en\\\/#organization\"},\"alternateName\":\"Spawlab.pl - Dystrybutor Premium i Serwis na Polske Migatronic, Gys, Voestalpine Bohler Welding\",\"potentialAction\":[{\"@type\":\"SearchAction\",\"target\":{\"@type\":\"EntryPoint\",\"urlTemplate\":\"https:\\\/\\\/spawlab.pl\\\/en\\\/?s={search_term_string}\"},\"query-input\":{\"@type\":\"PropertyValueSpecification\",\"valueRequired\":true,\"valueName\":\"search_term_string\"}}],\"inLanguage\":\"en-US\"},{\"@type\":[\"Organization\",\"Place\"],\"@id\":\"https:\\\/\\\/spawlab.pl\\\/en\\\/#organization\",\"name\":\"Spawlab.pl\",\"url\":\"https:\\\/\\\/spawlab.pl\\\/en\\\/\",\"logo\":{\"@id\":\"https:\\\/\\\/spawlab.pl\\\/en\\\/produkt\\\/bohler-welding-welding-program-package-ecospark-m20-ar-5%c3%b715co2-pulsdrive-79-i2-00136\\\/#local-main-organization-logo\"},\"image\":{\"@id\":\"https:\\\/\\\/spawlab.pl\\\/en\\\/produkt\\\/bohler-welding-welding-program-package-ecospark-m20-ar-5%c3%b715co2-pulsdrive-79-i2-00136\\\/#local-main-organization-logo\"},\"sameAs\":[\"https:\\\/\\\/www.facebook.com\\\/Spawlab\\\/\",\"https:\\\/\\\/www.linkedin.com\\\/company\\\/spawlab\",\"https:\\\/\\\/www.instagram.com\\\/spawlab.pl\",\"https:\\\/\\\/www.tiktok.com\\\/@spawlab\"],\"description\":\"Lider sprzeda\u017cy, Oficjalny Dystrybutor Premium i Serwis na Polsk\u0119 Migatronic, Gys, Voestalpine Bohler Welding. Nowe i u\u017cywane Spawarki, Przecinarki Plazmowe, Kompresory. Mgr in\u017c. Jaros\u0142aw Ko\u0142aski, IWE\",\"hasMerchantReturnPolicy\":{\"@type\":\"MerchantReturnPolicy\",\"merchantReturnLink\":\"https:\\\/\\\/spawlab.pl\\\/polityka-prywatnosci-2\\\/\"},\"telephone\":[],\"openingHoursSpecification\":[{\"@type\":\"OpeningHoursSpecification\",\"dayOfWeek\":[\"Monday\",\"Tuesday\",\"Wednesday\",\"Thursday\",\"Friday\",\"Saturday\",\"Sunday\"],\"opens\":\"09:00\",\"closes\":\"17:00\"}]},{\"@type\":\"ImageObject\",\"inLanguage\":\"en-US\",\"@id\":\"https:\\\/\\\/spawlab.pl\\\/en\\\/produkt\\\/bohler-welding-welding-program-package-ecospark-m20-ar-5%c3%b715co2-pulsdrive-79-i2-00136\\\/#local-main-organization-logo\",\"url\":\"https:\\\/\\\/spawlab.pl\\\/wp-content\\\/uploads\\\/2022\\\/01\\\/olx.jpg\",\"contentUrl\":\"https:\\\/\\\/spawlab.pl\\\/wp-content\\\/uploads\\\/2022\\\/01\\\/olx.jpg\",\"width\":200,\"height\":200,\"caption\":\"Spawlab.pl\"}]}<\/script>\n<meta property=\"product:brand\" content=\"B\u00f6hler\" \/>\n<meta property=\"product:price:amount\" content=\"1433.32\" \/>\n<meta property=\"product:price:currency\" content=\"PLN\" \/>\n<meta property=\"og:availability\" content=\"backorder\" \/>\n<meta property=\"product:availability\" content=\"available for order\" \/>\n<meta property=\"product:retailer_item_id\" content=\"79.I2.00136\" \/>\n<meta property=\"product:condition\" content=\"new\" \/>\n<!-- \/ Yoast SEO Premium plugin. -->","yoast_head_json":{"title":"B\u00f6hler Welding ECOspark M20 PulsDrive Program Package 79.I2.00136","description":"B\u00f6hler Welding Welding Program Package - ECOspark M20 (Ar 5\u00f715%CO2) - PulsDrive (79.I2.00136) - PulsDrive process optimization for steel. Professional welding solutions. Check it out at SpawLab!","robots":{"index":"index","follow":"follow","max-snippet":"max-snippet:-1","max-image-preview":"max-image-preview:large","max-video-preview":"max-video-preview:-1"},"canonical":"https:\/\/spawlab.pl\/en\/produkt\/bohler-welding-welding-program-package-ecospark-m20-ar-5%c3%b715co2-pulsdrive-79-i2-00136\/","og_locale":"en_US","og_type":"article","og_title":"B\u00f6hler Welding Welding Program Package - ECOspark M20 (Ar 5\u00f715%CO2) - PulsDrive - 79.I2.00136","og_description":"Lider sprzeda\u017cy, Oficjalny Dystrybutor Premium i Serwis na Polsk\u0119 Migatronic, Gys, Voestalpine Bohler Welding. Nowe i u\u017cywane Spawarki, Przecinarki Plazmowe, Kompresory. Mgr in\u017c. Jaros\u0142aw Ko\u0142aski, IWE","og_url":"https:\/\/spawlab.pl\/en\/produkt\/bohler-welding-welding-program-package-ecospark-m20-ar-5%c3%b715co2-pulsdrive-79-i2-00136\/","og_site_name":"SpawLab - Welding equipment and plasma cutters - store and service","article_publisher":"https:\/\/www.facebook.com\/Spawlab\/","og_image":[{"width":2560,"height":2197,"url":"https:\/\/spawlab.pl\/wp-content\/uploads\/2025\/06\/Frame-1-scaled.png","type":"image\/png"}],"twitter_misc":{"Price":"1 433,32&nbsp;&#122;&#322; (1 165,30&nbsp;&#122;&#322; netto)","Availability":"On backorder"},"schema":{"@context":"https:\/\/schema.org","@graph":[{"@type":["WebPage","ItemPage"],"@id":"https:\/\/spawlab.pl\/en\/produkt\/bohler-welding-welding-program-package-ecospark-m20-ar-5%c3%b715co2-pulsdrive-79-i2-00136\/","url":"https:\/\/spawlab.pl\/en\/produkt\/bohler-welding-welding-program-package-ecospark-m20-ar-5%c3%b715co2-pulsdrive-79-i2-00136\/","name":"B\u00f6hler Welding ECOspark M20 PulsDrive Program Package 79.I2.00136","isPartOf":{"@id":"https:\/\/spawlab.pl\/en\/#website"},"primaryImageOfPage":{"@id":"https:\/\/spawlab.pl\/en\/produkt\/bohler-welding-welding-program-package-ecospark-m20-ar-5%c3%b715co2-pulsdrive-79-i2-00136\/#primaryimage"},"image":{"@id":"https:\/\/spawlab.pl\/en\/produkt\/bohler-welding-welding-program-package-ecospark-m20-ar-5%c3%b715co2-pulsdrive-79-i2-00136\/#primaryimage"},"thumbnailUrl":"https:\/\/spawlab.pl\/wp-content\/uploads\/2025\/06\/Frame-1-scaled.png","datePublished":"2025-07-09T21:39:28+00:00","description":"B\u00f6hler Welding Welding Program Package - ECOspark M20 (Ar 5\u00f715%CO2) - PulsDrive (79.I2.00136) - PulsDrive process optimization for steel. Professional welding solutions. Check it out at SpawLab!","breadcrumb":{"@id":"https:\/\/spawlab.pl\/en\/produkt\/bohler-welding-welding-program-package-ecospark-m20-ar-5%c3%b715co2-pulsdrive-79-i2-00136\/#breadcrumb"},"inLanguage":"en-US","potentialAction":[{"@type":"ReadAction","target":["https:\/\/spawlab.pl\/en\/produkt\/bohler-welding-welding-program-package-ecospark-m20-ar-5%c3%b715co2-pulsdrive-79-i2-00136\/"]}]},{"@type":"ImageObject","inLanguage":"en-US","@id":"https:\/\/spawlab.pl\/en\/produkt\/bohler-welding-welding-program-package-ecospark-m20-ar-5%c3%b715co2-pulsdrive-79-i2-00136\/#primaryimage","url":"https:\/\/spawlab.pl\/wp-content\/uploads\/2025\/06\/Frame-1-scaled.png","contentUrl":"https:\/\/spawlab.pl\/wp-content\/uploads\/2025\/06\/Frame-1-scaled.png","width":2560,"height":2197},{"@type":"BreadcrumbList","@id":"https:\/\/spawlab.pl\/en\/produkt\/bohler-welding-welding-program-package-ecospark-m20-ar-5%c3%b715co2-pulsdrive-79-i2-00136\/#breadcrumb","itemListElement":[{"@type":"ListItem","position":1,"name":"Strona g\u0142\u00f3wna","item":"https:\/\/spawlab.pl\/en\/"},{"@type":"ListItem","position":2,"name":"Store","item":"https:\/\/spawlab.pl\/en\/shop\/"},{"@type":"ListItem","position":3,"name":"B\u00f6hler Welding Welding Program Package &#8211; ECOspark M20 (Ar 5\u00f715%CO2) &#8211; PulsDrive &#8211; 79.I2.00136"}]},{"@type":"WebSite","@id":"https:\/\/spawlab.pl\/en\/#website","url":"https:\/\/spawlab.pl\/en\/","name":"Spawlab.pl Lider - Spawarki, Przecinarki Plazmowe, Kompresory","description":"Urz\u0105dzenia spawalnicze i Przecinarki plazmowe\/ nowe i u\u017cywane \/ Profesjonalny serwis","publisher":{"@id":"https:\/\/spawlab.pl\/en\/#organization"},"alternateName":"Spawlab.pl - Dystrybutor Premium i Serwis na Polske Migatronic, Gys, Voestalpine Bohler Welding","potentialAction":[{"@type":"SearchAction","target":{"@type":"EntryPoint","urlTemplate":"https:\/\/spawlab.pl\/en\/?s={search_term_string}"},"query-input":{"@type":"PropertyValueSpecification","valueRequired":true,"valueName":"search_term_string"}}],"inLanguage":"en-US"},{"@type":["Organization","Place"],"@id":"https:\/\/spawlab.pl\/en\/#organization","name":"Spawlab.pl","url":"https:\/\/spawlab.pl\/en\/","logo":{"@id":"https:\/\/spawlab.pl\/en\/produkt\/bohler-welding-welding-program-package-ecospark-m20-ar-5%c3%b715co2-pulsdrive-79-i2-00136\/#local-main-organization-logo"},"image":{"@id":"https:\/\/spawlab.pl\/en\/produkt\/bohler-welding-welding-program-package-ecospark-m20-ar-5%c3%b715co2-pulsdrive-79-i2-00136\/#local-main-organization-logo"},"sameAs":["https:\/\/www.facebook.com\/Spawlab\/","https:\/\/www.linkedin.com\/company\/spawlab","https:\/\/www.instagram.com\/spawlab.pl","https:\/\/www.tiktok.com\/@spawlab"],"description":"Lider sprzeda\u017cy, Oficjalny Dystrybutor Premium i Serwis na Polsk\u0119 Migatronic, Gys, Voestalpine Bohler Welding. Nowe i u\u017cywane Spawarki, Przecinarki Plazmowe, Kompresory. Mgr in\u017c. Jaros\u0142aw Ko\u0142aski, IWE","hasMerchantReturnPolicy":{"@type":"MerchantReturnPolicy","merchantReturnLink":"https:\/\/spawlab.pl\/polityka-prywatnosci-2\/"},"telephone":[],"openingHoursSpecification":[{"@type":"OpeningHoursSpecification","dayOfWeek":["Monday","Tuesday","Wednesday","Thursday","Friday","Saturday","Sunday"],"opens":"09:00","closes":"17:00"}]},{"@type":"ImageObject","inLanguage":"en-US","@id":"https:\/\/spawlab.pl\/en\/produkt\/bohler-welding-welding-program-package-ecospark-m20-ar-5%c3%b715co2-pulsdrive-79-i2-00136\/#local-main-organization-logo","url":"https:\/\/spawlab.pl\/wp-content\/uploads\/2022\/01\/olx.jpg","contentUrl":"https:\/\/spawlab.pl\/wp-content\/uploads\/2022\/01\/olx.jpg","width":200,"height":200,"caption":"Spawlab.pl"}]},"product_brand":"B\u00f6hler","product_price_amount":"1433.32","product_price_currency":"PLN","og_availability":"backorder","product_availability":"available for order","product_retailer_item_id":"79.I2.00136","product_condition":"new"},"_links":{"self":[{"href":"https:\/\/spawlab.pl\/en\/wp-json\/wp\/v2\/product\/43356","targetHints":{"allow":["GET"]}}],"collection":[{"href":"https:\/\/spawlab.pl\/en\/wp-json\/wp\/v2\/product"}],"about":[{"href":"https:\/\/spawlab.pl\/en\/wp-json\/wp\/v2\/types\/product"}],"wp:featuredmedia":[{"embeddable":true,"href":"https:\/\/spawlab.pl\/en\/wp-json\/wp\/v2\/media\/38560"}],"wp:attachment":[{"href":"https:\/\/spawlab.pl\/en\/wp-json\/wp\/v2\/media?parent=43356"}],"wp:term":[{"taxonomy":"product_brand","embeddable":true,"href":"https:\/\/spawlab.pl\/en\/wp-json\/wp\/v2\/product_brand?post=43356"},{"taxonomy":"product_cat","embeddable":true,"href":"https:\/\/spawlab.pl\/en\/wp-json\/wp\/v2\/product_cat?post=43356"},{"taxonomy":"product_tag","embeddable":true,"href":"https:\/\/spawlab.pl\/en\/wp-json\/wp\/v2\/product_tag?post=43356"}],"curies":[{"name":"wp","href":"https:\/\/api.w.org\/{rel}","templated":true}]}}