{"id":43364,"date":"2025-07-09T23:40:13","date_gmt":"2025-07-09T21:40:13","guid":{"rendered":"https:\/\/spawlab.pl\/produkt\/bohler-welding-tig-welding-fixture-st1700mp-u-d-l-4m-air-cooled-81-32-088\/"},"modified":"2025-07-09T23:40:13","modified_gmt":"2025-07-09T21:40:13","slug":"bohler-welding-tig-welding-fixture-st1700mp-u-d-l-4m-air-cooled-81-32-088","status":"publish","type":"product","link":"https:\/\/spawlab.pl\/en\/produkt\/bohler-welding-tig-welding-fixture-st1700mp-u-d-l-4m-air-cooled-81-32-088\/","title":{"rendered":"B\u00f6hler Welding TIG welding fixture ST1700MP U\/D &#8211; L.4m &#8211; Air-cooled &#8211; 81.32.088"},"content":{"rendered":"<div class=\"custom-product-section distributor-info spawlab-info\">\n<p><strong>SpawLab &#8211; your Authorized Voestalpine B\u00f6hler Welding Partner in Poland!<\/strong><\/p>\n<p>We are <strong>an official distributor of<\/strong> Voestalpine B\u00f6hler Welding equipment and <strong>an Authorized Service Center in Poland<\/strong>. Our team has undergone <strong>rigorous technical training directly in Italy<\/strong> at the manufacturer&#8217;s centers. <\/p>\n<p>When you choose SpawLab, you are assured of original products, access to B\u00f6hler Welding solutions, professional advice and service support.<\/p>\n<\/div>\n<div class=\"custom-product-section product-intro\">\n<h2 class=\"product-section-title main-product-title\">B\u00f6hler Welding TIG welding fixture ST1700MP U\/D &#8211; L.4m &#8211; Air-cooled &#8211; 81.32.088<\/h2>\n<div class=\"description-content product-marketing-description\">\n<p>The B\u00f6hler Welding ST1700MP U\/D professional air-cooled, 4-meter-long TIG welding chuck is designed for TIG welders who require precise control of welding parameters directly from the handle. Ideal for assembly and workshop work where mobility, reliability and the ability to quickly adapt current settings without interrupting work are key, significantly increasing efficiency and weld quality. <\/p>\n<\/div>\n<\/div>\n<h3 class=\"custom-product-heading advanced-features-heading\">Explore the Advanced Capabilities of TIG WELDING TORCH ST1700MP U\/D &#8211; L.4m &#8211; AIR COOLED<\/h3>\n<div class=\"custom-accordion advanced-features-accordion\">\n<details class=\"custom-accordion-item\">\n<summary class=\"custom-subtitle accordion-title\">?\ufe0f Integrated Up\/Down (U\/D) Controls<\/summary>\n<div class=\"accordion-content\">\n<p>The ST1700MP U\/D handle features <strong>an intuitive remote welding current adjustment system (Up\/Down)<\/strong> integrated directly into the ergonomic handle. This key feature allows the welder to <strong>adjust the current on the fly without having to interrupt the welding process<\/strong> or move away from the work area. <\/p>\n<p>The benefits for the professional are tangible: <strong>a significant reduction in the time required to change parameters<\/strong>, resulting in higher productivity. The ability to fine-tune the current &#8220;on the fly&#8221; is invaluable when welding materials of varying thickness, when changing welding positions or when starting and finishing a weld, <strong>minimizing the risk of errors and improving the quality and aesthetics of the joint.<\/strong> This solution from B\u00f6hler Welding increases process control, comfort and, ultimately, welder efficiency. <\/p>\n<\/div>\n<\/details>\n<\/div>\n<div class=\"custom-product-section product-specs\">\n<h3 class=\"custom-product-heading specs-heading\">Technical Specifications<\/h3>\n<table class=\"specs-table\">\n<thead>\n<tr>\n<th>Parameter<\/th>\n<th>Value<\/th>\n<\/tr>\n<\/thead>\n<tbody>\n<tr>\n<td>Handle type<\/td>\n<td>TIG<\/td>\n<\/tr>\n<tr>\n<td>Model<\/td>\n<td>ST1700MP U\/D<\/td>\n<\/tr>\n<tr>\n<td>Catalog number<\/td>\n<td>81.32.088<\/td>\n<\/tr>\n<tr>\n<td>Cable package length<\/td>\n<td>4 m<\/td>\n<\/tr>\n<tr>\n<td>Cooling<\/td>\n<td>By air<\/td>\n<\/tr>\n<tr>\n<td>Remote control function<\/td>\n<td>Yes (Up\/Down buttons integrated in the handle)<\/td>\n<\/tr>\n<\/tbody>\n<\/table>\n<\/div>\n<div class=\"custom-product-section product-set-contents\">\n<h3 class=\"custom-product-heading set-contents-heading\">Kit Contents \/ Packaging<\/h3>\n<p>The product (TIG WELDING TORCH ST1700MP U\/D &#8211; L.4m &#8211; AIR COOLED) is supplied as a single piece, according to the manufacturer&#8217;s standard Voestalpine B\u00f6hler Welding. Additional accessories, such as consumable parts (e.g., tungsten electrodes, ceramic nozzles, collets), are usually available separately. The product is sold by the piece.  <\/p>\n<\/div>\n<div class=\"custom-product-section product-features\">\n<h3 class=\"custom-product-heading features-heading\">Key Features and Benefits<\/h3>\n<ul class=\"custom-product-list features-list\">\n<li>?\ufe0f <strong>Precision U\/D Control:<\/strong> Integrated Up\/Down buttons allow infinite adjustment of welding current directly at the handle, eliminating the need to return to the source &#8211; saving time and making applications more precise.<\/li>\n<li>?\ufe0f <strong>Effective Air Cooling:<\/strong> Optimized design provides effective cooling over the typical current range for chucks in this class, ensuring comfortable operation and longer life of wear parts.<\/li>\n<li>? <strong>Optimum Length 4m:<\/strong> Provides an excellent compromise between working reach and ease of maneuverability, ideal for welding in a variety of positions and hard-to-reach areas.<\/li>\n<li>?\ufe0f <strong>Reliability B\u00f6hler Welding:<\/strong> Made of high-quality materials, it guarantees durability and reliable performance even under demanding industrial conditions, according to Voestalpine B\u00f6hler Welding standards.<\/li>\n<\/ul>\n<\/div>\n<div class=\"custom-product-section product-application\">\n<h3 class=\"custom-product-heading application-heading\">Product Application<\/h3>\n<ul class=\"custom-product-list application-list\">\n<li>? Precision TIG welding (DC and AC in the handle current range) of low-carbon steels, high-alloy steels (stainless, acid-resistant) and aluminum and its alloys.<\/li>\n<li>? Assembly, production and repair work in locksmith, mechanical and light construction workshops.<\/li>\n<li>? Maintenance and repair of machinery, equipment and vehicles, where mobility and quick adaptation of welding parameters are required.<\/li>\n<li>?\ufe0f Welding of thin sheets, tubes and profiles where precise control of line energy is critical to weld quality.<\/li>\n<li>? Ideal for use with B\u00f6hler Welding brand TIG welding sources (and other compatible ones) equipped with a suitable Up\/Down control socket.<\/li>\n<\/ul>\n<\/div>\n<div class=\"custom-product-section product-summary conclusion\">\n<h3 class=\"custom-product-heading summary-heading\">Summary: TIG WELDING TORCH ST1700MP U\/D &#8211; L.4m &#8211; AIR COOLED &#8211; Your Investment in Quality B\u00f6hler Welding.<\/h3>\n<div class=\"summary-content\">\n<p>The B\u00f6hler Welding TIG ST1700MP U\/D handle is a professional tool that combines the <strong>reliability and<\/strong> signature <strong>quality of<\/strong> Voestalpine B\u00f6hler Welding with <strong>advanced remote current control (U\/D) functionality<\/strong>. This guarantees the welder full control, greater comfort and the precision needed to create perfect welds. ? To learn more about the full capabilities of the B\u00f6hler Welding TIG WELDING TORCH ST1700MP U\/D &#8211; L.4m &#8211; AIR COOLED and get the best deal, contact the experts at SpawLab &#8211; the official distributor and authorized service provider of Voestalpine B\u00f6hler Welding in Poland. Our team, trained in Italy, is at your service.   <\/p>\n<\/div>\n<\/div>\n<div class=\"custom-product-section product-codes-info\">\n<p><strong>Part number (Art. No.):<\/strong> 81.32.088<\/p>\n<\/div>\n","protected":false},"excerpt":{"rendered":"<p>B\u00f6hler Welding TIG chuck ST1700MP U\/D 4m (81.32.088) &#8211; precision U\/D control, air-cooled. Professional TIG welding. <\/p>\n","protected":false},"featured_media":38560,"template":"","meta":{"inline_featured_image":false},"product_brand":[772],"product_cat":[11536,5686],"product_tag":[13872,11537,13207,13870,11947,3585,13316],"class_list":{"0":"post-43364","1":"product","2":"type-product","3":"status-publish","4":"has-post-thumbnail","6":"product_brand-bohler","7":"product_cat-bohler-en-2","8":"product_cat-brand-zone","9":"product_tag-81-32-088-en","10":"product_tag-bohler-welding-accessories","11":"product_tag-bohler-welding-st1700mp-en","12":"product_tag-tig-4m-en","13":"product_tag-tig-handle","14":"product_tag-tig-welding","15":"product_tag-u-d-welding-handle","17":"first","18":"onbackorder","19":"taxable","20":"shipping-taxable","21":"purchasable","22":"product-type-simple"},"yoast_head":"<!-- This site is optimized with the Yoast SEO Premium plugin v27.0 (Yoast SEO v27.3) - https:\/\/yoast.com\/product\/yoast-seo-premium-wordpress\/ -->\n<title>B\u00f6hler Welding TIG Handle ST1700MP U\/D 4m Air - 81.32.088<\/title>\n<meta name=\"description\" content=\"B\u00f6hler Welding TIG chuck ST1700MP U\/D 4m (81.32.088) - precision U\/D control, air-cooled. Professional TIG welding. Check it out at SpawLab!\" \/>\n<meta name=\"robots\" content=\"index, follow, max-snippet:-1, max-image-preview:large, max-video-preview:-1\" \/>\n<link rel=\"canonical\" href=\"https:\/\/spawlab.pl\/en\/produkt\/bohler-welding-tig-welding-fixture-st1700mp-u-d-l-4m-air-cooled-81-32-088\/\" \/>\n<meta property=\"og:locale\" content=\"en_US\" \/>\n<meta property=\"og:type\" content=\"article\" \/>\n<meta property=\"og:title\" content=\"B\u00f6hler Welding TIG welding fixture ST1700MP U\/D - L.4m - Air-cooled - 81.32.088\" \/>\n<meta property=\"og:description\" content=\"Lider sprzeda\u017cy, Oficjalny Dystrybutor Premium i Serwis na Polsk\u0119 Migatronic, Gys, Voestalpine Bohler Welding. Nowe i u\u017cywane Spawarki, Przecinarki Plazmowe, Kompresory. Mgr in\u017c. Jaros\u0142aw Ko\u0142aski, IWE\" \/>\n<meta property=\"og:url\" content=\"https:\/\/spawlab.pl\/en\/produkt\/bohler-welding-tig-welding-fixture-st1700mp-u-d-l-4m-air-cooled-81-32-088\/\" \/>\n<meta property=\"og:site_name\" content=\"SpawLab - Welding equipment and plasma cutters - store and service\" \/>\n<meta property=\"article:publisher\" content=\"https:\/\/www.facebook.com\/Spawlab\/\" \/>\n<meta property=\"og:image\" content=\"https:\/\/spawlab.pl\/wp-content\/uploads\/2025\/06\/Frame-1-scaled.png\" \/>\n\t<meta property=\"og:image:width\" content=\"2560\" \/>\n\t<meta property=\"og:image:height\" content=\"2197\" \/>\n\t<meta property=\"og:image:type\" content=\"image\/png\" \/>\n<meta name=\"twitter:label1\" content=\"Price\" \/>\n\t<meta name=\"twitter:data1\" content=\"1 454,47&nbsp;&#122;&#322; (1 182,50&nbsp;&#122;&#322; netto)\" \/>\n\t<meta name=\"twitter:label2\" content=\"Availability\" \/>\n\t<meta name=\"twitter:data2\" content=\"On backorder\" \/>\n<script type=\"application\/ld+json\" class=\"yoast-schema-graph\">{\"@context\":\"https:\\\/\\\/schema.org\",\"@graph\":[{\"@type\":[\"WebPage\",\"ItemPage\"],\"@id\":\"https:\\\/\\\/spawlab.pl\\\/en\\\/produkt\\\/bohler-welding-tig-welding-fixture-st1700mp-u-d-l-4m-air-cooled-81-32-088\\\/\",\"url\":\"https:\\\/\\\/spawlab.pl\\\/en\\\/produkt\\\/bohler-welding-tig-welding-fixture-st1700mp-u-d-l-4m-air-cooled-81-32-088\\\/\",\"name\":\"B\u00f6hler Welding TIG Handle ST1700MP U\\\/D 4m Air - 81.32.088\",\"isPartOf\":{\"@id\":\"https:\\\/\\\/spawlab.pl\\\/en\\\/#website\"},\"primaryImageOfPage\":{\"@id\":\"https:\\\/\\\/spawlab.pl\\\/en\\\/produkt\\\/bohler-welding-tig-welding-fixture-st1700mp-u-d-l-4m-air-cooled-81-32-088\\\/#primaryimage\"},\"image\":{\"@id\":\"https:\\\/\\\/spawlab.pl\\\/en\\\/produkt\\\/bohler-welding-tig-welding-fixture-st1700mp-u-d-l-4m-air-cooled-81-32-088\\\/#primaryimage\"},\"thumbnailUrl\":\"https:\\\/\\\/spawlab.pl\\\/wp-content\\\/uploads\\\/2025\\\/06\\\/Frame-1-scaled.png\",\"datePublished\":\"2025-07-09T21:40:13+00:00\",\"description\":\"B\u00f6hler Welding TIG chuck ST1700MP U\\\/D 4m (81.32.088) - precision U\\\/D control, air-cooled. Professional TIG welding. Check it out at SpawLab!\",\"breadcrumb\":{\"@id\":\"https:\\\/\\\/spawlab.pl\\\/en\\\/produkt\\\/bohler-welding-tig-welding-fixture-st1700mp-u-d-l-4m-air-cooled-81-32-088\\\/#breadcrumb\"},\"inLanguage\":\"en-US\",\"potentialAction\":[{\"@type\":\"ReadAction\",\"target\":[\"https:\\\/\\\/spawlab.pl\\\/en\\\/produkt\\\/bohler-welding-tig-welding-fixture-st1700mp-u-d-l-4m-air-cooled-81-32-088\\\/\"]}]},{\"@type\":\"ImageObject\",\"inLanguage\":\"en-US\",\"@id\":\"https:\\\/\\\/spawlab.pl\\\/en\\\/produkt\\\/bohler-welding-tig-welding-fixture-st1700mp-u-d-l-4m-air-cooled-81-32-088\\\/#primaryimage\",\"url\":\"https:\\\/\\\/spawlab.pl\\\/wp-content\\\/uploads\\\/2025\\\/06\\\/Frame-1-scaled.png\",\"contentUrl\":\"https:\\\/\\\/spawlab.pl\\\/wp-content\\\/uploads\\\/2025\\\/06\\\/Frame-1-scaled.png\",\"width\":2560,\"height\":2197},{\"@type\":\"BreadcrumbList\",\"@id\":\"https:\\\/\\\/spawlab.pl\\\/en\\\/produkt\\\/bohler-welding-tig-welding-fixture-st1700mp-u-d-l-4m-air-cooled-81-32-088\\\/#breadcrumb\",\"itemListElement\":[{\"@type\":\"ListItem\",\"position\":1,\"name\":\"Strona g\u0142\u00f3wna\",\"item\":\"https:\\\/\\\/spawlab.pl\\\/en\\\/\"},{\"@type\":\"ListItem\",\"position\":2,\"name\":\"Store\",\"item\":\"https:\\\/\\\/spawlab.pl\\\/en\\\/shop\\\/\"},{\"@type\":\"ListItem\",\"position\":3,\"name\":\"B\u00f6hler Welding TIG welding fixture ST1700MP U\\\/D &#8211; L.4m &#8211; Air-cooled &#8211; 81.32.088\"}]},{\"@type\":\"WebSite\",\"@id\":\"https:\\\/\\\/spawlab.pl\\\/en\\\/#website\",\"url\":\"https:\\\/\\\/spawlab.pl\\\/en\\\/\",\"name\":\"Spawlab.pl Lider - Spawarki, Przecinarki Plazmowe, Kompresory\",\"description\":\"Urz\u0105dzenia spawalnicze i Przecinarki plazmowe\\\/ nowe i u\u017cywane \\\/ Profesjonalny serwis\",\"publisher\":{\"@id\":\"https:\\\/\\\/spawlab.pl\\\/en\\\/#organization\"},\"alternateName\":\"Spawlab.pl - Dystrybutor Premium i Serwis na Polske Migatronic, Gys, Voestalpine Bohler Welding\",\"potentialAction\":[{\"@type\":\"SearchAction\",\"target\":{\"@type\":\"EntryPoint\",\"urlTemplate\":\"https:\\\/\\\/spawlab.pl\\\/en\\\/?s={search_term_string}\"},\"query-input\":{\"@type\":\"PropertyValueSpecification\",\"valueRequired\":true,\"valueName\":\"search_term_string\"}}],\"inLanguage\":\"en-US\"},{\"@type\":[\"Organization\",\"Place\"],\"@id\":\"https:\\\/\\\/spawlab.pl\\\/en\\\/#organization\",\"name\":\"Spawlab.pl\",\"url\":\"https:\\\/\\\/spawlab.pl\\\/en\\\/\",\"logo\":{\"@id\":\"https:\\\/\\\/spawlab.pl\\\/en\\\/produkt\\\/bohler-welding-tig-welding-fixture-st1700mp-u-d-l-4m-air-cooled-81-32-088\\\/#local-main-organization-logo\"},\"image\":{\"@id\":\"https:\\\/\\\/spawlab.pl\\\/en\\\/produkt\\\/bohler-welding-tig-welding-fixture-st1700mp-u-d-l-4m-air-cooled-81-32-088\\\/#local-main-organization-logo\"},\"sameAs\":[\"https:\\\/\\\/www.facebook.com\\\/Spawlab\\\/\",\"https:\\\/\\\/www.linkedin.com\\\/company\\\/spawlab\",\"https:\\\/\\\/www.instagram.com\\\/spawlab.pl\",\"https:\\\/\\\/www.tiktok.com\\\/@spawlab\"],\"description\":\"Lider sprzeda\u017cy, Oficjalny Dystrybutor Premium i Serwis na Polsk\u0119 Migatronic, Gys, Voestalpine Bohler Welding. Nowe i u\u017cywane Spawarki, Przecinarki Plazmowe, Kompresory. Mgr in\u017c. Jaros\u0142aw Ko\u0142aski, IWE\",\"hasMerchantReturnPolicy\":{\"@type\":\"MerchantReturnPolicy\",\"merchantReturnLink\":\"https:\\\/\\\/spawlab.pl\\\/polityka-prywatnosci-2\\\/\"},\"telephone\":[],\"openingHoursSpecification\":[{\"@type\":\"OpeningHoursSpecification\",\"dayOfWeek\":[\"Monday\",\"Tuesday\",\"Wednesday\",\"Thursday\",\"Friday\",\"Saturday\",\"Sunday\"],\"opens\":\"09:00\",\"closes\":\"17:00\"}]},{\"@type\":\"ImageObject\",\"inLanguage\":\"en-US\",\"@id\":\"https:\\\/\\\/spawlab.pl\\\/en\\\/produkt\\\/bohler-welding-tig-welding-fixture-st1700mp-u-d-l-4m-air-cooled-81-32-088\\\/#local-main-organization-logo\",\"url\":\"https:\\\/\\\/spawlab.pl\\\/wp-content\\\/uploads\\\/2022\\\/01\\\/olx.jpg\",\"contentUrl\":\"https:\\\/\\\/spawlab.pl\\\/wp-content\\\/uploads\\\/2022\\\/01\\\/olx.jpg\",\"width\":200,\"height\":200,\"caption\":\"Spawlab.pl\"}]}<\/script>\n<meta property=\"product:brand\" content=\"B\u00f6hler\" \/>\n<meta property=\"product:price:amount\" content=\"1454.47\" \/>\n<meta property=\"product:price:currency\" content=\"PLN\" \/>\n<meta property=\"og:availability\" content=\"backorder\" \/>\n<meta property=\"product:availability\" content=\"available for order\" \/>\n<meta property=\"product:retailer_item_id\" content=\"81.32.088\" \/>\n<meta property=\"product:condition\" content=\"new\" \/>\n<!-- \/ Yoast SEO Premium plugin. -->","yoast_head_json":{"title":"B\u00f6hler Welding TIG Handle ST1700MP U\/D 4m Air - 81.32.088","description":"B\u00f6hler Welding TIG chuck ST1700MP U\/D 4m (81.32.088) - precision U\/D control, air-cooled. Professional TIG welding. Check it out at SpawLab!","robots":{"index":"index","follow":"follow","max-snippet":"max-snippet:-1","max-image-preview":"max-image-preview:large","max-video-preview":"max-video-preview:-1"},"canonical":"https:\/\/spawlab.pl\/en\/produkt\/bohler-welding-tig-welding-fixture-st1700mp-u-d-l-4m-air-cooled-81-32-088\/","og_locale":"en_US","og_type":"article","og_title":"B\u00f6hler Welding TIG welding fixture ST1700MP U\/D - L.4m - Air-cooled - 81.32.088","og_description":"Lider sprzeda\u017cy, Oficjalny Dystrybutor Premium i Serwis na Polsk\u0119 Migatronic, Gys, Voestalpine Bohler Welding. Nowe i u\u017cywane Spawarki, Przecinarki Plazmowe, Kompresory. Mgr in\u017c. Jaros\u0142aw Ko\u0142aski, IWE","og_url":"https:\/\/spawlab.pl\/en\/produkt\/bohler-welding-tig-welding-fixture-st1700mp-u-d-l-4m-air-cooled-81-32-088\/","og_site_name":"SpawLab - Welding equipment and plasma cutters - store and service","article_publisher":"https:\/\/www.facebook.com\/Spawlab\/","og_image":[{"width":2560,"height":2197,"url":"https:\/\/spawlab.pl\/wp-content\/uploads\/2025\/06\/Frame-1-scaled.png","type":"image\/png"}],"twitter_misc":{"Price":"1 454,47&nbsp;&#122;&#322; (1 182,50&nbsp;&#122;&#322; netto)","Availability":"On backorder"},"schema":{"@context":"https:\/\/schema.org","@graph":[{"@type":["WebPage","ItemPage"],"@id":"https:\/\/spawlab.pl\/en\/produkt\/bohler-welding-tig-welding-fixture-st1700mp-u-d-l-4m-air-cooled-81-32-088\/","url":"https:\/\/spawlab.pl\/en\/produkt\/bohler-welding-tig-welding-fixture-st1700mp-u-d-l-4m-air-cooled-81-32-088\/","name":"B\u00f6hler Welding TIG Handle ST1700MP U\/D 4m Air - 81.32.088","isPartOf":{"@id":"https:\/\/spawlab.pl\/en\/#website"},"primaryImageOfPage":{"@id":"https:\/\/spawlab.pl\/en\/produkt\/bohler-welding-tig-welding-fixture-st1700mp-u-d-l-4m-air-cooled-81-32-088\/#primaryimage"},"image":{"@id":"https:\/\/spawlab.pl\/en\/produkt\/bohler-welding-tig-welding-fixture-st1700mp-u-d-l-4m-air-cooled-81-32-088\/#primaryimage"},"thumbnailUrl":"https:\/\/spawlab.pl\/wp-content\/uploads\/2025\/06\/Frame-1-scaled.png","datePublished":"2025-07-09T21:40:13+00:00","description":"B\u00f6hler Welding TIG chuck ST1700MP U\/D 4m (81.32.088) - precision U\/D control, air-cooled. Professional TIG welding. Check it out at SpawLab!","breadcrumb":{"@id":"https:\/\/spawlab.pl\/en\/produkt\/bohler-welding-tig-welding-fixture-st1700mp-u-d-l-4m-air-cooled-81-32-088\/#breadcrumb"},"inLanguage":"en-US","potentialAction":[{"@type":"ReadAction","target":["https:\/\/spawlab.pl\/en\/produkt\/bohler-welding-tig-welding-fixture-st1700mp-u-d-l-4m-air-cooled-81-32-088\/"]}]},{"@type":"ImageObject","inLanguage":"en-US","@id":"https:\/\/spawlab.pl\/en\/produkt\/bohler-welding-tig-welding-fixture-st1700mp-u-d-l-4m-air-cooled-81-32-088\/#primaryimage","url":"https:\/\/spawlab.pl\/wp-content\/uploads\/2025\/06\/Frame-1-scaled.png","contentUrl":"https:\/\/spawlab.pl\/wp-content\/uploads\/2025\/06\/Frame-1-scaled.png","width":2560,"height":2197},{"@type":"BreadcrumbList","@id":"https:\/\/spawlab.pl\/en\/produkt\/bohler-welding-tig-welding-fixture-st1700mp-u-d-l-4m-air-cooled-81-32-088\/#breadcrumb","itemListElement":[{"@type":"ListItem","position":1,"name":"Strona g\u0142\u00f3wna","item":"https:\/\/spawlab.pl\/en\/"},{"@type":"ListItem","position":2,"name":"Store","item":"https:\/\/spawlab.pl\/en\/shop\/"},{"@type":"ListItem","position":3,"name":"B\u00f6hler Welding TIG welding fixture ST1700MP U\/D &#8211; L.4m &#8211; Air-cooled &#8211; 81.32.088"}]},{"@type":"WebSite","@id":"https:\/\/spawlab.pl\/en\/#website","url":"https:\/\/spawlab.pl\/en\/","name":"Spawlab.pl Lider - Spawarki, Przecinarki Plazmowe, Kompresory","description":"Urz\u0105dzenia spawalnicze i Przecinarki plazmowe\/ nowe i u\u017cywane \/ Profesjonalny serwis","publisher":{"@id":"https:\/\/spawlab.pl\/en\/#organization"},"alternateName":"Spawlab.pl - Dystrybutor Premium i Serwis na Polske Migatronic, Gys, Voestalpine Bohler Welding","potentialAction":[{"@type":"SearchAction","target":{"@type":"EntryPoint","urlTemplate":"https:\/\/spawlab.pl\/en\/?s={search_term_string}"},"query-input":{"@type":"PropertyValueSpecification","valueRequired":true,"valueName":"search_term_string"}}],"inLanguage":"en-US"},{"@type":["Organization","Place"],"@id":"https:\/\/spawlab.pl\/en\/#organization","name":"Spawlab.pl","url":"https:\/\/spawlab.pl\/en\/","logo":{"@id":"https:\/\/spawlab.pl\/en\/produkt\/bohler-welding-tig-welding-fixture-st1700mp-u-d-l-4m-air-cooled-81-32-088\/#local-main-organization-logo"},"image":{"@id":"https:\/\/spawlab.pl\/en\/produkt\/bohler-welding-tig-welding-fixture-st1700mp-u-d-l-4m-air-cooled-81-32-088\/#local-main-organization-logo"},"sameAs":["https:\/\/www.facebook.com\/Spawlab\/","https:\/\/www.linkedin.com\/company\/spawlab","https:\/\/www.instagram.com\/spawlab.pl","https:\/\/www.tiktok.com\/@spawlab"],"description":"Lider sprzeda\u017cy, Oficjalny Dystrybutor Premium i Serwis na Polsk\u0119 Migatronic, Gys, Voestalpine Bohler Welding. Nowe i u\u017cywane Spawarki, Przecinarki Plazmowe, Kompresory. Mgr in\u017c. Jaros\u0142aw Ko\u0142aski, IWE","hasMerchantReturnPolicy":{"@type":"MerchantReturnPolicy","merchantReturnLink":"https:\/\/spawlab.pl\/polityka-prywatnosci-2\/"},"telephone":[],"openingHoursSpecification":[{"@type":"OpeningHoursSpecification","dayOfWeek":["Monday","Tuesday","Wednesday","Thursday","Friday","Saturday","Sunday"],"opens":"09:00","closes":"17:00"}]},{"@type":"ImageObject","inLanguage":"en-US","@id":"https:\/\/spawlab.pl\/en\/produkt\/bohler-welding-tig-welding-fixture-st1700mp-u-d-l-4m-air-cooled-81-32-088\/#local-main-organization-logo","url":"https:\/\/spawlab.pl\/wp-content\/uploads\/2022\/01\/olx.jpg","contentUrl":"https:\/\/spawlab.pl\/wp-content\/uploads\/2022\/01\/olx.jpg","width":200,"height":200,"caption":"Spawlab.pl"}]},"product_brand":"B\u00f6hler","product_price_amount":"1454.47","product_price_currency":"PLN","og_availability":"backorder","product_availability":"available for order","product_retailer_item_id":"81.32.088","product_condition":"new"},"_links":{"self":[{"href":"https:\/\/spawlab.pl\/en\/wp-json\/wp\/v2\/product\/43364","targetHints":{"allow":["GET"]}}],"collection":[{"href":"https:\/\/spawlab.pl\/en\/wp-json\/wp\/v2\/product"}],"about":[{"href":"https:\/\/spawlab.pl\/en\/wp-json\/wp\/v2\/types\/product"}],"wp:featuredmedia":[{"embeddable":true,"href":"https:\/\/spawlab.pl\/en\/wp-json\/wp\/v2\/media\/38560"}],"wp:attachment":[{"href":"https:\/\/spawlab.pl\/en\/wp-json\/wp\/v2\/media?parent=43364"}],"wp:term":[{"taxonomy":"product_brand","embeddable":true,"href":"https:\/\/spawlab.pl\/en\/wp-json\/wp\/v2\/product_brand?post=43364"},{"taxonomy":"product_cat","embeddable":true,"href":"https:\/\/spawlab.pl\/en\/wp-json\/wp\/v2\/product_cat?post=43364"},{"taxonomy":"product_tag","embeddable":true,"href":"https:\/\/spawlab.pl\/en\/wp-json\/wp\/v2\/product_tag?post=43364"}],"curies":[{"name":"wp","href":"https:\/\/api.w.org\/{rel}","templated":true}]}}