{"id":43389,"date":"2025-07-09T23:40:02","date_gmt":"2025-07-09T21:40:02","guid":{"rendered":"https:\/\/spawlab.pl\/produkt\/bohler-welding-tig-welding-fixture-st1500fx-u-d-l-8m-air-cooled-81-32-474\/"},"modified":"2025-07-09T23:40:02","modified_gmt":"2025-07-09T21:40:02","slug":"bohler-welding-tig-welding-fixture-st1500fx-u-d-l-8m-air-cooled-81-32-474","status":"publish","type":"product","link":"https:\/\/spawlab.pl\/en\/produkt\/bohler-welding-tig-welding-fixture-st1500fx-u-d-l-8m-air-cooled-81-32-474\/","title":{"rendered":"B\u00f6hler Welding TIG welding fixture ST1500FX U\/D &#8211; L.8m &#8211; Air-cooled &#8211; 81.32.474"},"content":{"rendered":"<div class=\"custom-product-section distributor-info spawlab-info\">\n<p><strong>SpawLab &#8211; your Authorized Voestalpine B\u00f6hler Welding Partner in Poland!<\/strong><\/p>\n<p>We are <strong>an official distributor of<\/strong> Voestalpine B\u00f6hler Welding equipment and <strong>an Authorized Service Center in Poland<\/strong>. Our team has undergone <strong>rigorous technical training directly in Italy<\/strong> at the manufacturer&#8217;s centers. <\/p>\n<p>When you choose SpawLab, you are assured of original products, access to B\u00f6hler Welding solutions, professional advice and service support.<\/p>\n<\/div>\n<div class=\"custom-product-section product-intro\">\n<h2 class=\"product-section-title main-product-title\">B\u00f6hler Welding TIG welding fixture ST1500FX U\/D &#8211; L.8m &#8211; Air-cooled &#8211; 81.32.474<\/h2>\n<div class=\"description-content product-marketing-description\">\n<p>The B\u00f6hler Welding professional TIG ST1500FX U\/D (Up\/Down) 8-meter air-cooled welding handle. Designed for TIG welders who value precise control of the welding process directly from the handle, without having to interrupt their work. Ideal for applications requiring high accuracy and flexibility due to its significant working range.  <\/p>\n<p>Made to Voestalpine B\u00f6hler Welding&#8217;s highest quality standards, the ST1500FX U\/D chuck guarantees reliability and durability in demanding industrial environments. The ergonomic design and optimum weight ensure working comfort, minimizing operator fatigue during long welding cycles. Choose a B\u00f6hler Welding solution for maximum productivity and TIG weld quality.  <\/p>\n<\/div>\n<\/div>\n<h3 class=\"custom-product-heading advanced-features-heading\">Explore the Advanced Capabilities of TIG WELDING TORCH ST1500FX U\/D &#8211; L.8m &#8211; AIR COOLED<\/h3>\n<div class=\"custom-accordion advanced-features-accordion\">\n<details class=\"custom-accordion-item\">\n<summary class=\"custom-subtitle accordion-title\">? Compatibility with B\u00f6hler Welding&#8217;s Advanced Welding Processes.<\/summary>\n<div class=\"accordion-content\">\n<p>The <strong>B\u00f6hler Welding TIG ST1500FX U\/D<\/strong> welding fixture is an executive tool designed to work with B\u00f6hler Welding&#8217;s advanced TIG current sources. Its design and <strong>U\/D<\/strong> remote control function allow you to fully exploit the potential of <strong>the patented DC TIG and TIG AC welding processes<\/strong> offered by the URANOS NX series (e.g. DCDrive, DCPulse, FastPulse, EasyArc, AcDrive, AcPulse, MixAC). <\/p>\n<p>The full capabilities and benefits of these technologies, such as <strong>increased welding speed, reduced heat affected zone (HAZ), superior arc control or exceptional weld quality<\/strong>, are realized by the power source. The ST1500FX U\/D chuck provides a precision tool for the application of these advanced processes, guaranteeing the ergonomics and reliability required by professionals. <\/p>\n<\/div>\n<\/details>\n<\/div>\n<div class=\"custom-product-section product-specs\">\n<h3 class=\"custom-product-heading specs-heading\">Technical Specifications<\/h3>\n<table class=\"specs-table\">\n<thead>\n<tr>\n<th>Parameter<\/th>\n<th>Value<\/th>\n<\/tr>\n<\/thead>\n<tbody>\n<tr>\n<td>Catalog Number<\/td>\n<td>81.32.474<\/td>\n<\/tr>\n<tr>\n<td>Model<\/td>\n<td>ST1500FX U\/D<\/td>\n<\/tr>\n<tr>\n<td>Type<\/td>\n<td>TIG welding gun<\/td>\n<\/tr>\n<tr>\n<td>Cooling<\/td>\n<td>By air<\/td>\n<\/tr>\n<tr>\n<td>Cable length<\/td>\n<td>8 m<\/td>\n<\/tr>\n<tr>\n<td>Remote adjustment function<\/td>\n<td>Yes (Up\/Down &#8211; U\/D)<\/td>\n<\/tr>\n<tr>\n<td>Current carrying capacity (approximate, DC)<\/td>\n<td>~150 A (35% cycle)<\/td>\n<\/tr>\n<tr>\n<td>Current carrying capacity (approximate, AC)<\/td>\n<td>~100 A (35% cycle)<\/td>\n<\/tr>\n<\/tbody>\n<\/table>\n<\/div>\n<div class=\"custom-product-section product-set-contents\">\n<h3 class=\"custom-product-heading set-contents-heading\">Kit Contents \/ Packaging<\/h3>\n<p>? The product (TIG WELDING TORCH ST1500FX U\/D &#8211; L.8m &#8211; AIR COOLED, part number 81.32.474) is supplied as a single piece, according to the manufacturer&#8217;s standard Voestalpine B\u00f6hler Welding. Additional accessories and consumable parts (e.g., electrodes, nozzles, bushings) are usually available separately. <\/p>\n<\/div>\n<div class=\"custom-product-section product-features\">\n<h3 class=\"custom-product-heading features-heading\">Key Features and Benefits<\/h3>\n<ul class=\"custom-product-list features-list\">\n<li>?\ufe0f <strong>Remote U\/D Control:<\/strong> Allows you to smoothly change welding parameters (e.g., current) directly on the handle without interrupting your work &#8211; increasing the precision and speed of the task.<\/li>\n<li>? <strong>8-meter cable:<\/strong> Provides exceptional working reach and freedom of movement &#8211; ideal for large structures and hard-to-reach areas.<\/li>\n<li>? <strong>Effective air cooling:<\/strong> Guarantees stable operation within the specified current range while keeping the handle light and handy.<\/li>\n<li>? <strong>B\u00f6hler Welding quality:<\/strong> Constructed from high-quality materials for long life, reliability, and resistance to industrial conditions &#8211; lower operating costs and less downtime.<\/li>\n<\/ul>\n<\/div>\n<div class=\"custom-product-section product-application\">\n<h3 class=\"custom-product-heading application-heading\">Product Application<\/h3>\n<ul class=\"custom-product-list application-list\">\n<li>? The B\u00f6hler Welding TIG chuck ST1500FX U\/D is dedicated to precision TIG welding work, especially where remote parameter control and long reach are required:<\/li>\n<li>Welding of stainless and acid-resistant steel<\/li>\n<li>Welding of carbon steels<\/li>\n<li>Welding of aluminum and its alloys (in the AC load range)<\/li>\n<li>Food, chemical and pharmaceutical industries<\/li>\n<li>Thin-walled and precision structures<\/li>\n<li>Automotive and aerospace industry (repairs, prototypes)<\/li>\n<li>Workshop, repair and installation work<\/li>\n<li>Welding in hard-to-reach areas<\/li>\n<\/ul>\n<\/div>\n<div class=\"custom-product-section product-summary conclusion\">\n<h3 class=\"custom-product-heading summary-heading\">Summary: TIG WELDING TORCH ST1500FX U\/D &#8211; L.8m &#8211; AIR COOLED &#8211; Your Investment in Quality B\u00f6hler Welding.<\/h3>\n<div class=\"summary-content\">\n<p>? The B\u00f6hler Welding TIG ST1500FX U\/D Welding Holder (81.32.474) is a professional tool that provides <strong>unparalleled process control with its U\/D function<\/strong> and <strong>exceptional flexibility with its 8-meter cable<\/strong>. When you choose the quality and reliability of B\u00f6hler Welding, you are investing in precision, comfort and TIG welding performance. To learn more about the full capabilities of the B\u00f6hler Welding TIG WELDING TORCH ST1500FX U\/D &#8211; L.8m &#8211; AIR COOLED and get the best deal, contact the experts at SpawLab &#8211; the official distributor and authorized service provider of Voestalpine B\u00f6hler Welding in Poland. Our team, trained in Italy, is at your service.   <\/p>\n<\/div>\n<\/div>\n<div class=\"custom-product-section product-codes-info\">\n<p><strong>Part number (Art. No.):<\/strong> 81.32.474<\/p>\n<\/div>\n","protected":false},"excerpt":{"rendered":"<p>B\u00f6hler Welding TIG Welding Holder ST1500FX U\/D &#8211; L.8m &#8211; AIR COOLED (81.32.474) &#8211; Precision U\/D control, 8m reach. Professional TIG welding. <\/p>\n","protected":false},"featured_media":38560,"template":"","meta":{"inline_featured_image":false},"product_brand":[772],"product_cat":[11536,5686],"product_tag":[13892,4432,13219,11947,13218,3585,5290,5435],"class_list":{"0":"post-43389","1":"product","2":"type-product","3":"status-publish","4":"has-post-thumbnail","6":"product_brand-bohler","7":"product_cat-bohler-en-2","8":"product_cat-brand-zone","9":"product_tag-81-32-474-en","10":"product_tag-bohler-welding-en-2","11":"product_tag-st1500fx-en","12":"product_tag-tig-handle","13":"product_tag-tig-u-d-en","14":"product_tag-tig-welding","15":"product_tag-welding-accessories-en","16":"product_tag-welding-jig","18":"first","19":"onbackorder","20":"taxable","21":"shipping-taxable","22":"purchasable","23":"product-type-simple"},"yoast_head":"<!-- This site is optimized with the Yoast SEO Premium plugin v27.0 (Yoast SEO v27.3) - https:\/\/yoast.com\/product\/yoast-seo-premium-wordpress\/ -->\n<title>B\u00f6hler Welding TIG chuck ST1500FX U\/D 8m Air - 81.32.474<\/title>\n<meta name=\"description\" content=\"[B\u00f6hler Welding TIG Welding Holder ST1500FX U\/D - L.8m - AIR COOLED (81.32.474) - Precision U\/D control, 8m reach. Professional TIG welding. Check it out at SpawLab!]\" \/>\n<meta name=\"robots\" content=\"index, follow, max-snippet:-1, max-image-preview:large, max-video-preview:-1\" \/>\n<link rel=\"canonical\" href=\"https:\/\/spawlab.pl\/en\/produkt\/bohler-welding-tig-welding-fixture-st1500fx-u-d-l-8m-air-cooled-81-32-474\/\" \/>\n<meta property=\"og:locale\" content=\"en_US\" \/>\n<meta property=\"og:type\" content=\"article\" \/>\n<meta property=\"og:title\" content=\"B\u00f6hler Welding TIG welding fixture ST1500FX U\/D - L.8m - Air-cooled - 81.32.474\" \/>\n<meta property=\"og:description\" content=\"Lider sprzeda\u017cy, Oficjalny Dystrybutor Premium i Serwis na Polsk\u0119 Migatronic, Gys, Voestalpine Bohler Welding. Nowe i u\u017cywane Spawarki, Przecinarki Plazmowe, Kompresory. Mgr in\u017c. Jaros\u0142aw Ko\u0142aski, IWE\" \/>\n<meta property=\"og:url\" content=\"https:\/\/spawlab.pl\/en\/produkt\/bohler-welding-tig-welding-fixture-st1500fx-u-d-l-8m-air-cooled-81-32-474\/\" \/>\n<meta property=\"og:site_name\" content=\"SpawLab - Welding equipment and plasma cutters - store and service\" \/>\n<meta property=\"article:publisher\" content=\"https:\/\/www.facebook.com\/Spawlab\/\" \/>\n<meta property=\"og:image\" content=\"https:\/\/spawlab.pl\/wp-content\/uploads\/2025\/06\/Frame-1-scaled.png\" \/>\n\t<meta property=\"og:image:width\" content=\"2560\" \/>\n\t<meta property=\"og:image:height\" content=\"2197\" \/>\n\t<meta property=\"og:image:type\" content=\"image\/png\" \/>\n<meta name=\"twitter:label1\" content=\"Price\" \/>\n\t<meta name=\"twitter:data1\" content=\"1 512,65&nbsp;&#122;&#322; (1 229,80&nbsp;&#122;&#322; netto)\" \/>\n\t<meta name=\"twitter:label2\" content=\"Availability\" \/>\n\t<meta name=\"twitter:data2\" content=\"On backorder\" \/>\n<script type=\"application\/ld+json\" class=\"yoast-schema-graph\">{\"@context\":\"https:\\\/\\\/schema.org\",\"@graph\":[{\"@type\":[\"WebPage\",\"ItemPage\"],\"@id\":\"https:\\\/\\\/spawlab.pl\\\/en\\\/produkt\\\/bohler-welding-tig-welding-fixture-st1500fx-u-d-l-8m-air-cooled-81-32-474\\\/\",\"url\":\"https:\\\/\\\/spawlab.pl\\\/en\\\/produkt\\\/bohler-welding-tig-welding-fixture-st1500fx-u-d-l-8m-air-cooled-81-32-474\\\/\",\"name\":\"B\u00f6hler Welding TIG chuck ST1500FX U\\\/D 8m Air - 81.32.474\",\"isPartOf\":{\"@id\":\"https:\\\/\\\/spawlab.pl\\\/en\\\/#website\"},\"primaryImageOfPage\":{\"@id\":\"https:\\\/\\\/spawlab.pl\\\/en\\\/produkt\\\/bohler-welding-tig-welding-fixture-st1500fx-u-d-l-8m-air-cooled-81-32-474\\\/#primaryimage\"},\"image\":{\"@id\":\"https:\\\/\\\/spawlab.pl\\\/en\\\/produkt\\\/bohler-welding-tig-welding-fixture-st1500fx-u-d-l-8m-air-cooled-81-32-474\\\/#primaryimage\"},\"thumbnailUrl\":\"https:\\\/\\\/spawlab.pl\\\/wp-content\\\/uploads\\\/2025\\\/06\\\/Frame-1-scaled.png\",\"datePublished\":\"2025-07-09T21:40:02+00:00\",\"description\":\"[B\u00f6hler Welding TIG Welding Holder ST1500FX U\\\/D - L.8m - AIR COOLED (81.32.474) - Precision U\\\/D control, 8m reach. Professional TIG welding. Check it out at SpawLab!]\",\"breadcrumb\":{\"@id\":\"https:\\\/\\\/spawlab.pl\\\/en\\\/produkt\\\/bohler-welding-tig-welding-fixture-st1500fx-u-d-l-8m-air-cooled-81-32-474\\\/#breadcrumb\"},\"inLanguage\":\"en-US\",\"potentialAction\":[{\"@type\":\"ReadAction\",\"target\":[\"https:\\\/\\\/spawlab.pl\\\/en\\\/produkt\\\/bohler-welding-tig-welding-fixture-st1500fx-u-d-l-8m-air-cooled-81-32-474\\\/\"]}]},{\"@type\":\"ImageObject\",\"inLanguage\":\"en-US\",\"@id\":\"https:\\\/\\\/spawlab.pl\\\/en\\\/produkt\\\/bohler-welding-tig-welding-fixture-st1500fx-u-d-l-8m-air-cooled-81-32-474\\\/#primaryimage\",\"url\":\"https:\\\/\\\/spawlab.pl\\\/wp-content\\\/uploads\\\/2025\\\/06\\\/Frame-1-scaled.png\",\"contentUrl\":\"https:\\\/\\\/spawlab.pl\\\/wp-content\\\/uploads\\\/2025\\\/06\\\/Frame-1-scaled.png\",\"width\":2560,\"height\":2197},{\"@type\":\"BreadcrumbList\",\"@id\":\"https:\\\/\\\/spawlab.pl\\\/en\\\/produkt\\\/bohler-welding-tig-welding-fixture-st1500fx-u-d-l-8m-air-cooled-81-32-474\\\/#breadcrumb\",\"itemListElement\":[{\"@type\":\"ListItem\",\"position\":1,\"name\":\"Strona g\u0142\u00f3wna\",\"item\":\"https:\\\/\\\/spawlab.pl\\\/en\\\/\"},{\"@type\":\"ListItem\",\"position\":2,\"name\":\"Store\",\"item\":\"https:\\\/\\\/spawlab.pl\\\/en\\\/shop\\\/\"},{\"@type\":\"ListItem\",\"position\":3,\"name\":\"B\u00f6hler Welding TIG welding fixture ST1500FX U\\\/D &#8211; L.8m &#8211; Air-cooled &#8211; 81.32.474\"}]},{\"@type\":\"WebSite\",\"@id\":\"https:\\\/\\\/spawlab.pl\\\/en\\\/#website\",\"url\":\"https:\\\/\\\/spawlab.pl\\\/en\\\/\",\"name\":\"Spawlab.pl Lider - Spawarki, Przecinarki Plazmowe, Kompresory\",\"description\":\"Urz\u0105dzenia spawalnicze i Przecinarki plazmowe\\\/ nowe i u\u017cywane \\\/ Profesjonalny serwis\",\"publisher\":{\"@id\":\"https:\\\/\\\/spawlab.pl\\\/en\\\/#organization\"},\"alternateName\":\"Spawlab.pl - Dystrybutor Premium i Serwis na Polske Migatronic, Gys, Voestalpine Bohler Welding\",\"potentialAction\":[{\"@type\":\"SearchAction\",\"target\":{\"@type\":\"EntryPoint\",\"urlTemplate\":\"https:\\\/\\\/spawlab.pl\\\/en\\\/?s={search_term_string}\"},\"query-input\":{\"@type\":\"PropertyValueSpecification\",\"valueRequired\":true,\"valueName\":\"search_term_string\"}}],\"inLanguage\":\"en-US\"},{\"@type\":[\"Organization\",\"Place\"],\"@id\":\"https:\\\/\\\/spawlab.pl\\\/en\\\/#organization\",\"name\":\"Spawlab.pl\",\"url\":\"https:\\\/\\\/spawlab.pl\\\/en\\\/\",\"logo\":{\"@id\":\"https:\\\/\\\/spawlab.pl\\\/en\\\/produkt\\\/bohler-welding-tig-welding-fixture-st1500fx-u-d-l-8m-air-cooled-81-32-474\\\/#local-main-organization-logo\"},\"image\":{\"@id\":\"https:\\\/\\\/spawlab.pl\\\/en\\\/produkt\\\/bohler-welding-tig-welding-fixture-st1500fx-u-d-l-8m-air-cooled-81-32-474\\\/#local-main-organization-logo\"},\"sameAs\":[\"https:\\\/\\\/www.facebook.com\\\/Spawlab\\\/\",\"https:\\\/\\\/www.linkedin.com\\\/company\\\/spawlab\",\"https:\\\/\\\/www.instagram.com\\\/spawlab.pl\",\"https:\\\/\\\/www.tiktok.com\\\/@spawlab\"],\"description\":\"Lider sprzeda\u017cy, Oficjalny Dystrybutor Premium i Serwis na Polsk\u0119 Migatronic, Gys, Voestalpine Bohler Welding. Nowe i u\u017cywane Spawarki, Przecinarki Plazmowe, Kompresory. Mgr in\u017c. Jaros\u0142aw Ko\u0142aski, IWE\",\"hasMerchantReturnPolicy\":{\"@type\":\"MerchantReturnPolicy\",\"merchantReturnLink\":\"https:\\\/\\\/spawlab.pl\\\/polityka-prywatnosci-2\\\/\"},\"telephone\":[],\"openingHoursSpecification\":[{\"@type\":\"OpeningHoursSpecification\",\"dayOfWeek\":[\"Monday\",\"Tuesday\",\"Wednesday\",\"Thursday\",\"Friday\",\"Saturday\",\"Sunday\"],\"opens\":\"09:00\",\"closes\":\"17:00\"}]},{\"@type\":\"ImageObject\",\"inLanguage\":\"en-US\",\"@id\":\"https:\\\/\\\/spawlab.pl\\\/en\\\/produkt\\\/bohler-welding-tig-welding-fixture-st1500fx-u-d-l-8m-air-cooled-81-32-474\\\/#local-main-organization-logo\",\"url\":\"https:\\\/\\\/spawlab.pl\\\/wp-content\\\/uploads\\\/2022\\\/01\\\/olx.jpg\",\"contentUrl\":\"https:\\\/\\\/spawlab.pl\\\/wp-content\\\/uploads\\\/2022\\\/01\\\/olx.jpg\",\"width\":200,\"height\":200,\"caption\":\"Spawlab.pl\"}]}<\/script>\n<meta property=\"product:brand\" content=\"B\u00f6hler\" \/>\n<meta property=\"product:price:amount\" content=\"1512.65\" \/>\n<meta property=\"product:price:currency\" content=\"PLN\" \/>\n<meta property=\"og:availability\" content=\"backorder\" \/>\n<meta property=\"product:availability\" content=\"available for order\" \/>\n<meta property=\"product:retailer_item_id\" content=\"81.32.474\" \/>\n<meta property=\"product:condition\" content=\"new\" \/>\n<!-- \/ Yoast SEO Premium plugin. -->","yoast_head_json":{"title":"B\u00f6hler Welding TIG chuck ST1500FX U\/D 8m Air - 81.32.474","description":"[B\u00f6hler Welding TIG Welding Holder ST1500FX U\/D - L.8m - AIR COOLED (81.32.474) - Precision U\/D control, 8m reach. Professional TIG welding. Check it out at SpawLab!]","robots":{"index":"index","follow":"follow","max-snippet":"max-snippet:-1","max-image-preview":"max-image-preview:large","max-video-preview":"max-video-preview:-1"},"canonical":"https:\/\/spawlab.pl\/en\/produkt\/bohler-welding-tig-welding-fixture-st1500fx-u-d-l-8m-air-cooled-81-32-474\/","og_locale":"en_US","og_type":"article","og_title":"B\u00f6hler Welding TIG welding fixture ST1500FX U\/D - L.8m - Air-cooled - 81.32.474","og_description":"Lider sprzeda\u017cy, Oficjalny Dystrybutor Premium i Serwis na Polsk\u0119 Migatronic, Gys, Voestalpine Bohler Welding. Nowe i u\u017cywane Spawarki, Przecinarki Plazmowe, Kompresory. Mgr in\u017c. Jaros\u0142aw Ko\u0142aski, IWE","og_url":"https:\/\/spawlab.pl\/en\/produkt\/bohler-welding-tig-welding-fixture-st1500fx-u-d-l-8m-air-cooled-81-32-474\/","og_site_name":"SpawLab - Welding equipment and plasma cutters - store and service","article_publisher":"https:\/\/www.facebook.com\/Spawlab\/","og_image":[{"width":2560,"height":2197,"url":"https:\/\/spawlab.pl\/wp-content\/uploads\/2025\/06\/Frame-1-scaled.png","type":"image\/png"}],"twitter_misc":{"Price":"1 512,65&nbsp;&#122;&#322; (1 229,80&nbsp;&#122;&#322; netto)","Availability":"On backorder"},"schema":{"@context":"https:\/\/schema.org","@graph":[{"@type":["WebPage","ItemPage"],"@id":"https:\/\/spawlab.pl\/en\/produkt\/bohler-welding-tig-welding-fixture-st1500fx-u-d-l-8m-air-cooled-81-32-474\/","url":"https:\/\/spawlab.pl\/en\/produkt\/bohler-welding-tig-welding-fixture-st1500fx-u-d-l-8m-air-cooled-81-32-474\/","name":"B\u00f6hler Welding TIG chuck ST1500FX U\/D 8m Air - 81.32.474","isPartOf":{"@id":"https:\/\/spawlab.pl\/en\/#website"},"primaryImageOfPage":{"@id":"https:\/\/spawlab.pl\/en\/produkt\/bohler-welding-tig-welding-fixture-st1500fx-u-d-l-8m-air-cooled-81-32-474\/#primaryimage"},"image":{"@id":"https:\/\/spawlab.pl\/en\/produkt\/bohler-welding-tig-welding-fixture-st1500fx-u-d-l-8m-air-cooled-81-32-474\/#primaryimage"},"thumbnailUrl":"https:\/\/spawlab.pl\/wp-content\/uploads\/2025\/06\/Frame-1-scaled.png","datePublished":"2025-07-09T21:40:02+00:00","description":"[B\u00f6hler Welding TIG Welding Holder ST1500FX U\/D - L.8m - AIR COOLED (81.32.474) - Precision U\/D control, 8m reach. Professional TIG welding. Check it out at SpawLab!]","breadcrumb":{"@id":"https:\/\/spawlab.pl\/en\/produkt\/bohler-welding-tig-welding-fixture-st1500fx-u-d-l-8m-air-cooled-81-32-474\/#breadcrumb"},"inLanguage":"en-US","potentialAction":[{"@type":"ReadAction","target":["https:\/\/spawlab.pl\/en\/produkt\/bohler-welding-tig-welding-fixture-st1500fx-u-d-l-8m-air-cooled-81-32-474\/"]}]},{"@type":"ImageObject","inLanguage":"en-US","@id":"https:\/\/spawlab.pl\/en\/produkt\/bohler-welding-tig-welding-fixture-st1500fx-u-d-l-8m-air-cooled-81-32-474\/#primaryimage","url":"https:\/\/spawlab.pl\/wp-content\/uploads\/2025\/06\/Frame-1-scaled.png","contentUrl":"https:\/\/spawlab.pl\/wp-content\/uploads\/2025\/06\/Frame-1-scaled.png","width":2560,"height":2197},{"@type":"BreadcrumbList","@id":"https:\/\/spawlab.pl\/en\/produkt\/bohler-welding-tig-welding-fixture-st1500fx-u-d-l-8m-air-cooled-81-32-474\/#breadcrumb","itemListElement":[{"@type":"ListItem","position":1,"name":"Strona g\u0142\u00f3wna","item":"https:\/\/spawlab.pl\/en\/"},{"@type":"ListItem","position":2,"name":"Store","item":"https:\/\/spawlab.pl\/en\/shop\/"},{"@type":"ListItem","position":3,"name":"B\u00f6hler Welding TIG welding fixture ST1500FX U\/D &#8211; L.8m &#8211; Air-cooled &#8211; 81.32.474"}]},{"@type":"WebSite","@id":"https:\/\/spawlab.pl\/en\/#website","url":"https:\/\/spawlab.pl\/en\/","name":"Spawlab.pl Lider - Spawarki, Przecinarki Plazmowe, Kompresory","description":"Urz\u0105dzenia spawalnicze i Przecinarki plazmowe\/ nowe i u\u017cywane \/ Profesjonalny serwis","publisher":{"@id":"https:\/\/spawlab.pl\/en\/#organization"},"alternateName":"Spawlab.pl - Dystrybutor Premium i Serwis na Polske Migatronic, Gys, Voestalpine Bohler Welding","potentialAction":[{"@type":"SearchAction","target":{"@type":"EntryPoint","urlTemplate":"https:\/\/spawlab.pl\/en\/?s={search_term_string}"},"query-input":{"@type":"PropertyValueSpecification","valueRequired":true,"valueName":"search_term_string"}}],"inLanguage":"en-US"},{"@type":["Organization","Place"],"@id":"https:\/\/spawlab.pl\/en\/#organization","name":"Spawlab.pl","url":"https:\/\/spawlab.pl\/en\/","logo":{"@id":"https:\/\/spawlab.pl\/en\/produkt\/bohler-welding-tig-welding-fixture-st1500fx-u-d-l-8m-air-cooled-81-32-474\/#local-main-organization-logo"},"image":{"@id":"https:\/\/spawlab.pl\/en\/produkt\/bohler-welding-tig-welding-fixture-st1500fx-u-d-l-8m-air-cooled-81-32-474\/#local-main-organization-logo"},"sameAs":["https:\/\/www.facebook.com\/Spawlab\/","https:\/\/www.linkedin.com\/company\/spawlab","https:\/\/www.instagram.com\/spawlab.pl","https:\/\/www.tiktok.com\/@spawlab"],"description":"Lider sprzeda\u017cy, Oficjalny Dystrybutor Premium i Serwis na Polsk\u0119 Migatronic, Gys, Voestalpine Bohler Welding. Nowe i u\u017cywane Spawarki, Przecinarki Plazmowe, Kompresory. Mgr in\u017c. Jaros\u0142aw Ko\u0142aski, IWE","hasMerchantReturnPolicy":{"@type":"MerchantReturnPolicy","merchantReturnLink":"https:\/\/spawlab.pl\/polityka-prywatnosci-2\/"},"telephone":[],"openingHoursSpecification":[{"@type":"OpeningHoursSpecification","dayOfWeek":["Monday","Tuesday","Wednesday","Thursday","Friday","Saturday","Sunday"],"opens":"09:00","closes":"17:00"}]},{"@type":"ImageObject","inLanguage":"en-US","@id":"https:\/\/spawlab.pl\/en\/produkt\/bohler-welding-tig-welding-fixture-st1500fx-u-d-l-8m-air-cooled-81-32-474\/#local-main-organization-logo","url":"https:\/\/spawlab.pl\/wp-content\/uploads\/2022\/01\/olx.jpg","contentUrl":"https:\/\/spawlab.pl\/wp-content\/uploads\/2022\/01\/olx.jpg","width":200,"height":200,"caption":"Spawlab.pl"}]},"product_brand":"B\u00f6hler","product_price_amount":"1512.65","product_price_currency":"PLN","og_availability":"backorder","product_availability":"available for order","product_retailer_item_id":"81.32.474","product_condition":"new"},"_links":{"self":[{"href":"https:\/\/spawlab.pl\/en\/wp-json\/wp\/v2\/product\/43389","targetHints":{"allow":["GET"]}}],"collection":[{"href":"https:\/\/spawlab.pl\/en\/wp-json\/wp\/v2\/product"}],"about":[{"href":"https:\/\/spawlab.pl\/en\/wp-json\/wp\/v2\/types\/product"}],"wp:featuredmedia":[{"embeddable":true,"href":"https:\/\/spawlab.pl\/en\/wp-json\/wp\/v2\/media\/38560"}],"wp:attachment":[{"href":"https:\/\/spawlab.pl\/en\/wp-json\/wp\/v2\/media?parent=43389"}],"wp:term":[{"taxonomy":"product_brand","embeddable":true,"href":"https:\/\/spawlab.pl\/en\/wp-json\/wp\/v2\/product_brand?post=43389"},{"taxonomy":"product_cat","embeddable":true,"href":"https:\/\/spawlab.pl\/en\/wp-json\/wp\/v2\/product_cat?post=43389"},{"taxonomy":"product_tag","embeddable":true,"href":"https:\/\/spawlab.pl\/en\/wp-json\/wp\/v2\/product_tag?post=43389"}],"curies":[{"name":"wp","href":"https:\/\/api.w.org\/{rel}","templated":true}]}}