{"id":43445,"date":"2025-07-09T23:39:33","date_gmt":"2025-07-09T21:39:33","guid":{"rendered":"https:\/\/spawlab.pl\/produkt\/bohler-welding-trolley-under-power-source-gt-500-wf-71-03-080\/"},"modified":"2025-07-09T23:39:33","modified_gmt":"2025-07-09T21:39:33","slug":"bohler-welding-trolley-under-power-source-gt-500-wf-71-03-080","status":"publish","type":"product","link":"https:\/\/spawlab.pl\/en\/produkt\/bohler-welding-trolley-under-power-source-gt-500-wf-71-03-080\/","title":{"rendered":"B\u00f6hler Welding Trolley under power source GT 500 WF &#8211; 71.03.080"},"content":{"rendered":"<div class=\"custom-product-section distributor-info spawlab-info\">\n<p><strong>SpawLab &#8211; your Authorized Voestalpine B\u00f6hler Welding Partner in Poland!<\/strong><\/p>\n<p>We are <strong>an official distributor of<\/strong> Voestalpine B\u00f6hler Welding equipment and <strong>an Authorized Service Center in Poland<\/strong>. Our team has undergone <strong>rigorous technical training directly in Italy<\/strong> at the manufacturer&#8217;s centers. <\/p>\n<p>When you choose SpawLab, you are assured of original products, access to B\u00f6hler Welding solutions, professional advice and service support.<\/p>\n<\/div>\n<div class=\"custom-product-section product-intro\">\n<h2 class=\"product-section-title main-product-title\">B\u00f6hler Welding Trolley under power source GT 500 WF &#8211; 71.03.080<\/h2>\n<div class=\"description-content product-marketing-description\">\n<p>The B\u00f6hler Welding POWER SOURCE TROLLEY GT 500 WF cart is a specialized solution designed for professionals who value mobility, organization and safety of their advanced welding equipment. Created to provide stable and easy transport of heavy B\u00f6hler Welding power sources (probably 500A series) together with dedicated wire feeders (WF), this cart guarantees to optimize the workstation and increase operational flexibility in demanding industrial and workshop environments. <\/p>\n<p>Its solid &#8216;Made in Europe&#8217; construction and thoughtful design make it an indispensable piece of equipment for any welder using B\u00f6hler Welding&#8217;s heavier equipment, contributing to increased productivity and comfort.<\/p>\n<\/div>\n<\/div>\n<h3 class=\"custom-product-heading advanced-features-heading\">Explore the Advanced Capabilities of POWER SOURCE TROLLEY GT 500 WF.<\/h3>\n<div class=\"custom-accordion advanced-features-accordion\">\n<details class=\"custom-accordion-item\">\n<summary class=\"custom-subtitle accordion-title\">Important feature<\/summary>\n<div class=\"accordion-content\">\n<p>The POWER SOURCE TROLLEY GT 500 WF product is a transportation accessory designed to increase mobility and organization of the welding station. As a cart, it does not have the advanced, patented welding functions or energy conversion technologies that are characteristic of B\u00f6hler Welding brand welding power sources. Its main value is its robust design and transport functionality.  <\/p>\n<\/div>\n<\/details>\n<\/div>\n<div class=\"custom-product-section product-specs\">\n<h3 class=\"custom-product-heading specs-heading\">Technical Specifications<\/h3>\n<table class=\"specs-table\">\n<thead>\n<tr>\n<th>Parameter<\/th>\n<th>Value<\/th>\n<\/tr>\n<\/thead>\n<tbody>\n<tr>\n<td>Catalog Number (Art. No.)<\/td>\n<td>71.03.080<\/td>\n<\/tr>\n<tr>\n<td>Product Name<\/td>\n<td>POWER SOURCE TROLLEY GT 500 WF<\/td>\n<\/tr>\n<tr>\n<td>Purpose<\/td>\n<td>Mobile base for B\u00f6hler Welding current sources (probably compatible with models with welding current of about 500A and external wire feeders of the WF series).<\/td>\n<\/tr>\n<tr>\n<td>Design<\/td>\n<td>Optimized for stability and ease of maneuvering heavy welding equipment<\/td>\n<\/tr>\n<\/tbody>\n<\/table>\n<\/div>\n<div class=\"custom-product-section product-set-contents\">\n<h3 class=\"custom-product-heading set-contents-heading\">Kit Contents \/ Packaging<\/h3>\n<p>The product (POWER SOURCE TROLLEY GT 500 WF) is supplied as a single piece, according to the standard of manufacturer Voestalpine B\u00f6hler Welding. Additional accessories are usually available separately. <\/p>\n<\/div>\n<div class=\"custom-product-section product-features\">\n<h3 class=\"custom-product-heading features-heading\">Key Features and Benefits<\/h3>\n<ul class=\"custom-product-list features-list\">\n<li><strong>? Robust and Durable Design:<\/strong> Guarantees the safe transportation of heavy power sources and wire feeders, protecting valuable equipment and ensuring long-term operation even in harsh industrial environments.<\/li>\n<li>? <strong>Enhanced Mobility and Flexibility:<\/strong> Enables easy movement of the complete welding set within the workshop or shop floor, resulting in faster workstation adjustments and time savings.<\/li>\n<li>?\ufe0f <strong>Workstation Optimization:<\/strong> Thoughtful design allows for integrated placement of the source, feeder, and potentially gas cylinders (depending on the specific configuration of the truck), improving organization and ergonomics.<\/li>\n<li>?? <strong>Quality &#8216;Made in Europe&#8217;:<\/strong> Confirmation of Voestalpine B\u00f6hler Welding&#8217;s high manufacturing standards, ensuring product reliability and durability that professionals can rely on.<\/li>\n<\/ul>\n<\/div>\n<div class=\"custom-product-section product-application\">\n<h3 class=\"custom-product-heading application-heading\">Product Application<\/h3>\n<ul class=\"custom-product-list application-list\">\n<li>The B\u00f6hler Welding GT 500 WF truck is ideal for:<\/li>\n<li>? Professional welding workshops and production facilities.<\/li>\n<li>?\ufe0f Workstations requiring frequent movement of heavy welding equipment (e.g., MIG\/MAG, high-power TIG power sources with separate wire feeders).<\/li>\n<li>\u2699\ufe0f Users who value workspace optimization and ergonomic organization of tools.<\/li>\n<li>?\ufe0f Increase safety when transporting and using B\u00f6hler Welding&#8217;s heavy welding equipment.<\/li>\n<li>? Integrate with B\u00f6hler Welding systems, especially with models around 500A and WF series feeders.<\/li>\n<\/ul>\n<\/div>\n<div class=\"custom-product-section product-summary conclusion\">\n<h3 class=\"custom-product-heading summary-heading\">Summary: POWER SOURCE TROLLEY GT 500 WF &#8211; Your Investment in Quality by B\u00f6hler Welding<\/h3>\n<div class=\"summary-content\">\n<p>? The B\u00f6hler Welding POWER SOURCE TROLLEY GT 500 WF is a key piece of equipment for any professional who aims to maximize the efficiency and mobility of their heavy welding equipment. Investing in this sturdy cart is a guarantee of better work organization, increased safety and full use of the potential of B\u00f6hler Welding&#8217;s advanced equipment. To learn more about the full capabilities of the B\u00f6hler Welding POWER SOURCE TROLLEY GT 500 WF and get the best deal, contact the experts at SpawLab &#8211; the official distributor and authorized service center of Voestalpine B\u00f6hler Welding in Poland. Our team, trained in Italy, is at your service.   <\/p>\n<\/div>\n<\/div>\n<div class=\"custom-product-section product-codes-info\">\n<p><strong>Part number (Art. No.):<\/strong> 71.03.080<\/p>\n<\/div>\n","protected":false},"excerpt":{"rendered":"<p>B\u00f6hler Welding Cart GT 500 WF (71.03.080) &#8211; robust mobility for your power source and feeder. Professional welding solutions. <\/p>\n","protected":false},"featured_media":38578,"template":"","meta":{"inline_featured_image":false},"product_brand":[772],"product_cat":[11536,5686],"product_tag":[13955,13765,13764,4431,6615,5290,8770],"class_list":{"0":"post-43445","1":"product","2":"type-product","3":"status-publish","4":"has-post-thumbnail","6":"product_brand-bohler","7":"product_cat-bohler-en-2","8":"product_cat-brand-zone","9":"product_tag-bohler-welding-gt-500-wf-en","10":"product_tag-cart-for-welding-machine","11":"product_tag-mobile-welding-station","12":"product_tag-voestalpine-bohler-welding-en","13":"product_tag-welder-transport","14":"product_tag-welding-accessories-en","15":"product_tag-welding-cart","17":"first","18":"onbackorder","19":"taxable","20":"shipping-taxable","21":"purchasable","22":"product-type-simple"},"yoast_head":"<!-- This site is optimized with the Yoast SEO Premium plugin v27.0 (Yoast SEO v27.3) - https:\/\/yoast.com\/product\/yoast-seo-premium-wordpress\/ -->\n<title>B\u00f6hler Welding Trolley GT 500 WF - 71.03.080<\/title>\n<meta name=\"description\" content=\"[B\u00f6hler Welding Cart GT 500 WF (71.03.080) - robust mobility for your power source and feeder. Professional welding solutions. Check it out at SpawLab!]\" \/>\n<meta name=\"robots\" content=\"index, follow, max-snippet:-1, max-image-preview:large, max-video-preview:-1\" \/>\n<link rel=\"canonical\" href=\"https:\/\/spawlab.pl\/en\/produkt\/bohler-welding-trolley-under-power-source-gt-500-wf-71-03-080\/\" \/>\n<meta property=\"og:locale\" content=\"en_US\" \/>\n<meta property=\"og:type\" content=\"article\" \/>\n<meta property=\"og:title\" content=\"B\u00f6hler Welding Trolley under power source GT 500 WF - 71.03.080\" \/>\n<meta property=\"og:description\" content=\"Lider sprzeda\u017cy, Oficjalny Dystrybutor Premium i Serwis na Polsk\u0119 Migatronic, Gys, Voestalpine Bohler Welding. Nowe i u\u017cywane Spawarki, Przecinarki Plazmowe, Kompresory. Mgr in\u017c. Jaros\u0142aw Ko\u0142aski, IWE\" \/>\n<meta property=\"og:url\" content=\"https:\/\/spawlab.pl\/en\/produkt\/bohler-welding-trolley-under-power-source-gt-500-wf-71-03-080\/\" \/>\n<meta property=\"og:site_name\" content=\"SpawLab - Welding equipment and plasma cutters - store and service\" \/>\n<meta property=\"article:publisher\" content=\"https:\/\/www.facebook.com\/Spawlab\/\" \/>\n<meta property=\"og:image\" content=\"https:\/\/spawlab.pl\/wp-content\/uploads\/2025\/06\/images.jpg\" \/>\n\t<meta property=\"og:image:width\" content=\"225\" \/>\n\t<meta property=\"og:image:height\" content=\"225\" \/>\n\t<meta property=\"og:image:type\" content=\"image\/jpeg\" \/>\n<meta name=\"twitter:label1\" content=\"Price\" \/>\n\t<meta name=\"twitter:data1\" content=\"3 384,96&nbsp;&#122;&#322; (2 752,00&nbsp;&#122;&#322; netto)\" \/>\n\t<meta name=\"twitter:label2\" content=\"Availability\" \/>\n\t<meta name=\"twitter:data2\" content=\"On backorder\" \/>\n<script type=\"application\/ld+json\" class=\"yoast-schema-graph\">{\"@context\":\"https:\\\/\\\/schema.org\",\"@graph\":[{\"@type\":[\"WebPage\",\"ItemPage\"],\"@id\":\"https:\\\/\\\/spawlab.pl\\\/en\\\/produkt\\\/bohler-welding-trolley-under-power-source-gt-500-wf-71-03-080\\\/\",\"url\":\"https:\\\/\\\/spawlab.pl\\\/en\\\/produkt\\\/bohler-welding-trolley-under-power-source-gt-500-wf-71-03-080\\\/\",\"name\":\"B\u00f6hler Welding Trolley GT 500 WF - 71.03.080\",\"isPartOf\":{\"@id\":\"https:\\\/\\\/spawlab.pl\\\/en\\\/#website\"},\"primaryImageOfPage\":{\"@id\":\"https:\\\/\\\/spawlab.pl\\\/en\\\/produkt\\\/bohler-welding-trolley-under-power-source-gt-500-wf-71-03-080\\\/#primaryimage\"},\"image\":{\"@id\":\"https:\\\/\\\/spawlab.pl\\\/en\\\/produkt\\\/bohler-welding-trolley-under-power-source-gt-500-wf-71-03-080\\\/#primaryimage\"},\"thumbnailUrl\":\"https:\\\/\\\/spawlab.pl\\\/wp-content\\\/uploads\\\/2025\\\/06\\\/images.jpg\",\"datePublished\":\"2025-07-09T21:39:33+00:00\",\"description\":\"[B\u00f6hler Welding Cart GT 500 WF (71.03.080) - robust mobility for your power source and feeder. Professional welding solutions. Check it out at SpawLab!]\",\"breadcrumb\":{\"@id\":\"https:\\\/\\\/spawlab.pl\\\/en\\\/produkt\\\/bohler-welding-trolley-under-power-source-gt-500-wf-71-03-080\\\/#breadcrumb\"},\"inLanguage\":\"en-US\",\"potentialAction\":[{\"@type\":\"ReadAction\",\"target\":[\"https:\\\/\\\/spawlab.pl\\\/en\\\/produkt\\\/bohler-welding-trolley-under-power-source-gt-500-wf-71-03-080\\\/\"]}]},{\"@type\":\"ImageObject\",\"inLanguage\":\"en-US\",\"@id\":\"https:\\\/\\\/spawlab.pl\\\/en\\\/produkt\\\/bohler-welding-trolley-under-power-source-gt-500-wf-71-03-080\\\/#primaryimage\",\"url\":\"https:\\\/\\\/spawlab.pl\\\/wp-content\\\/uploads\\\/2025\\\/06\\\/images.jpg\",\"contentUrl\":\"https:\\\/\\\/spawlab.pl\\\/wp-content\\\/uploads\\\/2025\\\/06\\\/images.jpg\",\"width\":225,\"height\":225},{\"@type\":\"BreadcrumbList\",\"@id\":\"https:\\\/\\\/spawlab.pl\\\/en\\\/produkt\\\/bohler-welding-trolley-under-power-source-gt-500-wf-71-03-080\\\/#breadcrumb\",\"itemListElement\":[{\"@type\":\"ListItem\",\"position\":1,\"name\":\"Strona g\u0142\u00f3wna\",\"item\":\"https:\\\/\\\/spawlab.pl\\\/en\\\/\"},{\"@type\":\"ListItem\",\"position\":2,\"name\":\"Store\",\"item\":\"https:\\\/\\\/spawlab.pl\\\/en\\\/shop\\\/\"},{\"@type\":\"ListItem\",\"position\":3,\"name\":\"B\u00f6hler Welding Trolley under power source GT 500 WF &#8211; 71.03.080\"}]},{\"@type\":\"WebSite\",\"@id\":\"https:\\\/\\\/spawlab.pl\\\/en\\\/#website\",\"url\":\"https:\\\/\\\/spawlab.pl\\\/en\\\/\",\"name\":\"Spawlab.pl Lider - Spawarki, Przecinarki Plazmowe, Kompresory\",\"description\":\"Urz\u0105dzenia spawalnicze i Przecinarki plazmowe\\\/ nowe i u\u017cywane \\\/ Profesjonalny serwis\",\"publisher\":{\"@id\":\"https:\\\/\\\/spawlab.pl\\\/en\\\/#organization\"},\"alternateName\":\"Spawlab.pl - Dystrybutor Premium i Serwis na Polske Migatronic, Gys, Voestalpine Bohler Welding\",\"potentialAction\":[{\"@type\":\"SearchAction\",\"target\":{\"@type\":\"EntryPoint\",\"urlTemplate\":\"https:\\\/\\\/spawlab.pl\\\/en\\\/?s={search_term_string}\"},\"query-input\":{\"@type\":\"PropertyValueSpecification\",\"valueRequired\":true,\"valueName\":\"search_term_string\"}}],\"inLanguage\":\"en-US\"},{\"@type\":[\"Organization\",\"Place\"],\"@id\":\"https:\\\/\\\/spawlab.pl\\\/en\\\/#organization\",\"name\":\"Spawlab.pl\",\"url\":\"https:\\\/\\\/spawlab.pl\\\/en\\\/\",\"logo\":{\"@id\":\"https:\\\/\\\/spawlab.pl\\\/en\\\/produkt\\\/bohler-welding-trolley-under-power-source-gt-500-wf-71-03-080\\\/#local-main-organization-logo\"},\"image\":{\"@id\":\"https:\\\/\\\/spawlab.pl\\\/en\\\/produkt\\\/bohler-welding-trolley-under-power-source-gt-500-wf-71-03-080\\\/#local-main-organization-logo\"},\"sameAs\":[\"https:\\\/\\\/www.facebook.com\\\/Spawlab\\\/\",\"https:\\\/\\\/www.linkedin.com\\\/company\\\/spawlab\",\"https:\\\/\\\/www.instagram.com\\\/spawlab.pl\",\"https:\\\/\\\/www.tiktok.com\\\/@spawlab\"],\"description\":\"Lider sprzeda\u017cy, Oficjalny Dystrybutor Premium i Serwis na Polsk\u0119 Migatronic, Gys, Voestalpine Bohler Welding. Nowe i u\u017cywane Spawarki, Przecinarki Plazmowe, Kompresory. Mgr in\u017c. Jaros\u0142aw Ko\u0142aski, IWE\",\"hasMerchantReturnPolicy\":{\"@type\":\"MerchantReturnPolicy\",\"merchantReturnLink\":\"https:\\\/\\\/spawlab.pl\\\/polityka-prywatnosci-2\\\/\"},\"telephone\":[],\"openingHoursSpecification\":[{\"@type\":\"OpeningHoursSpecification\",\"dayOfWeek\":[\"Monday\",\"Tuesday\",\"Wednesday\",\"Thursday\",\"Friday\",\"Saturday\",\"Sunday\"],\"opens\":\"09:00\",\"closes\":\"17:00\"}]},{\"@type\":\"ImageObject\",\"inLanguage\":\"en-US\",\"@id\":\"https:\\\/\\\/spawlab.pl\\\/en\\\/produkt\\\/bohler-welding-trolley-under-power-source-gt-500-wf-71-03-080\\\/#local-main-organization-logo\",\"url\":\"https:\\\/\\\/spawlab.pl\\\/wp-content\\\/uploads\\\/2022\\\/01\\\/olx.jpg\",\"contentUrl\":\"https:\\\/\\\/spawlab.pl\\\/wp-content\\\/uploads\\\/2022\\\/01\\\/olx.jpg\",\"width\":200,\"height\":200,\"caption\":\"Spawlab.pl\"}]}<\/script>\n<meta property=\"product:brand\" content=\"B\u00f6hler\" \/>\n<meta property=\"product:price:amount\" content=\"3384.96\" \/>\n<meta property=\"product:price:currency\" content=\"PLN\" \/>\n<meta property=\"og:availability\" content=\"backorder\" \/>\n<meta property=\"product:availability\" content=\"available for order\" \/>\n<meta property=\"product:retailer_item_id\" content=\"71.03.080\" \/>\n<meta property=\"product:condition\" content=\"new\" \/>\n<!-- \/ Yoast SEO Premium plugin. -->","yoast_head_json":{"title":"B\u00f6hler Welding Trolley GT 500 WF - 71.03.080","description":"[B\u00f6hler Welding Cart GT 500 WF (71.03.080) - robust mobility for your power source and feeder. Professional welding solutions. Check it out at SpawLab!]","robots":{"index":"index","follow":"follow","max-snippet":"max-snippet:-1","max-image-preview":"max-image-preview:large","max-video-preview":"max-video-preview:-1"},"canonical":"https:\/\/spawlab.pl\/en\/produkt\/bohler-welding-trolley-under-power-source-gt-500-wf-71-03-080\/","og_locale":"en_US","og_type":"article","og_title":"B\u00f6hler Welding Trolley under power source GT 500 WF - 71.03.080","og_description":"Lider sprzeda\u017cy, Oficjalny Dystrybutor Premium i Serwis na Polsk\u0119 Migatronic, Gys, Voestalpine Bohler Welding. Nowe i u\u017cywane Spawarki, Przecinarki Plazmowe, Kompresory. Mgr in\u017c. Jaros\u0142aw Ko\u0142aski, IWE","og_url":"https:\/\/spawlab.pl\/en\/produkt\/bohler-welding-trolley-under-power-source-gt-500-wf-71-03-080\/","og_site_name":"SpawLab - Welding equipment and plasma cutters - store and service","article_publisher":"https:\/\/www.facebook.com\/Spawlab\/","og_image":[{"width":225,"height":225,"url":"https:\/\/spawlab.pl\/wp-content\/uploads\/2025\/06\/images.jpg","type":"image\/jpeg"}],"twitter_misc":{"Price":"3 384,96&nbsp;&#122;&#322; (2 752,00&nbsp;&#122;&#322; netto)","Availability":"On backorder"},"schema":{"@context":"https:\/\/schema.org","@graph":[{"@type":["WebPage","ItemPage"],"@id":"https:\/\/spawlab.pl\/en\/produkt\/bohler-welding-trolley-under-power-source-gt-500-wf-71-03-080\/","url":"https:\/\/spawlab.pl\/en\/produkt\/bohler-welding-trolley-under-power-source-gt-500-wf-71-03-080\/","name":"B\u00f6hler Welding Trolley GT 500 WF - 71.03.080","isPartOf":{"@id":"https:\/\/spawlab.pl\/en\/#website"},"primaryImageOfPage":{"@id":"https:\/\/spawlab.pl\/en\/produkt\/bohler-welding-trolley-under-power-source-gt-500-wf-71-03-080\/#primaryimage"},"image":{"@id":"https:\/\/spawlab.pl\/en\/produkt\/bohler-welding-trolley-under-power-source-gt-500-wf-71-03-080\/#primaryimage"},"thumbnailUrl":"https:\/\/spawlab.pl\/wp-content\/uploads\/2025\/06\/images.jpg","datePublished":"2025-07-09T21:39:33+00:00","description":"[B\u00f6hler Welding Cart GT 500 WF (71.03.080) - robust mobility for your power source and feeder. Professional welding solutions. Check it out at SpawLab!]","breadcrumb":{"@id":"https:\/\/spawlab.pl\/en\/produkt\/bohler-welding-trolley-under-power-source-gt-500-wf-71-03-080\/#breadcrumb"},"inLanguage":"en-US","potentialAction":[{"@type":"ReadAction","target":["https:\/\/spawlab.pl\/en\/produkt\/bohler-welding-trolley-under-power-source-gt-500-wf-71-03-080\/"]}]},{"@type":"ImageObject","inLanguage":"en-US","@id":"https:\/\/spawlab.pl\/en\/produkt\/bohler-welding-trolley-under-power-source-gt-500-wf-71-03-080\/#primaryimage","url":"https:\/\/spawlab.pl\/wp-content\/uploads\/2025\/06\/images.jpg","contentUrl":"https:\/\/spawlab.pl\/wp-content\/uploads\/2025\/06\/images.jpg","width":225,"height":225},{"@type":"BreadcrumbList","@id":"https:\/\/spawlab.pl\/en\/produkt\/bohler-welding-trolley-under-power-source-gt-500-wf-71-03-080\/#breadcrumb","itemListElement":[{"@type":"ListItem","position":1,"name":"Strona g\u0142\u00f3wna","item":"https:\/\/spawlab.pl\/en\/"},{"@type":"ListItem","position":2,"name":"Store","item":"https:\/\/spawlab.pl\/en\/shop\/"},{"@type":"ListItem","position":3,"name":"B\u00f6hler Welding Trolley under power source GT 500 WF &#8211; 71.03.080"}]},{"@type":"WebSite","@id":"https:\/\/spawlab.pl\/en\/#website","url":"https:\/\/spawlab.pl\/en\/","name":"Spawlab.pl Lider - Spawarki, Przecinarki Plazmowe, Kompresory","description":"Urz\u0105dzenia spawalnicze i Przecinarki plazmowe\/ nowe i u\u017cywane \/ Profesjonalny serwis","publisher":{"@id":"https:\/\/spawlab.pl\/en\/#organization"},"alternateName":"Spawlab.pl - Dystrybutor Premium i Serwis na Polske Migatronic, Gys, Voestalpine Bohler Welding","potentialAction":[{"@type":"SearchAction","target":{"@type":"EntryPoint","urlTemplate":"https:\/\/spawlab.pl\/en\/?s={search_term_string}"},"query-input":{"@type":"PropertyValueSpecification","valueRequired":true,"valueName":"search_term_string"}}],"inLanguage":"en-US"},{"@type":["Organization","Place"],"@id":"https:\/\/spawlab.pl\/en\/#organization","name":"Spawlab.pl","url":"https:\/\/spawlab.pl\/en\/","logo":{"@id":"https:\/\/spawlab.pl\/en\/produkt\/bohler-welding-trolley-under-power-source-gt-500-wf-71-03-080\/#local-main-organization-logo"},"image":{"@id":"https:\/\/spawlab.pl\/en\/produkt\/bohler-welding-trolley-under-power-source-gt-500-wf-71-03-080\/#local-main-organization-logo"},"sameAs":["https:\/\/www.facebook.com\/Spawlab\/","https:\/\/www.linkedin.com\/company\/spawlab","https:\/\/www.instagram.com\/spawlab.pl","https:\/\/www.tiktok.com\/@spawlab"],"description":"Lider sprzeda\u017cy, Oficjalny Dystrybutor Premium i Serwis na Polsk\u0119 Migatronic, Gys, Voestalpine Bohler Welding. Nowe i u\u017cywane Spawarki, Przecinarki Plazmowe, Kompresory. Mgr in\u017c. Jaros\u0142aw Ko\u0142aski, IWE","hasMerchantReturnPolicy":{"@type":"MerchantReturnPolicy","merchantReturnLink":"https:\/\/spawlab.pl\/polityka-prywatnosci-2\/"},"telephone":[],"openingHoursSpecification":[{"@type":"OpeningHoursSpecification","dayOfWeek":["Monday","Tuesday","Wednesday","Thursday","Friday","Saturday","Sunday"],"opens":"09:00","closes":"17:00"}]},{"@type":"ImageObject","inLanguage":"en-US","@id":"https:\/\/spawlab.pl\/en\/produkt\/bohler-welding-trolley-under-power-source-gt-500-wf-71-03-080\/#local-main-organization-logo","url":"https:\/\/spawlab.pl\/wp-content\/uploads\/2022\/01\/olx.jpg","contentUrl":"https:\/\/spawlab.pl\/wp-content\/uploads\/2022\/01\/olx.jpg","width":200,"height":200,"caption":"Spawlab.pl"}]},"product_brand":"B\u00f6hler","product_price_amount":"3384.96","product_price_currency":"PLN","og_availability":"backorder","product_availability":"available for order","product_retailer_item_id":"71.03.080","product_condition":"new"},"_links":{"self":[{"href":"https:\/\/spawlab.pl\/en\/wp-json\/wp\/v2\/product\/43445","targetHints":{"allow":["GET"]}}],"collection":[{"href":"https:\/\/spawlab.pl\/en\/wp-json\/wp\/v2\/product"}],"about":[{"href":"https:\/\/spawlab.pl\/en\/wp-json\/wp\/v2\/types\/product"}],"wp:featuredmedia":[{"embeddable":true,"href":"https:\/\/spawlab.pl\/en\/wp-json\/wp\/v2\/media\/38578"}],"wp:attachment":[{"href":"https:\/\/spawlab.pl\/en\/wp-json\/wp\/v2\/media?parent=43445"}],"wp:term":[{"taxonomy":"product_brand","embeddable":true,"href":"https:\/\/spawlab.pl\/en\/wp-json\/wp\/v2\/product_brand?post=43445"},{"taxonomy":"product_cat","embeddable":true,"href":"https:\/\/spawlab.pl\/en\/wp-json\/wp\/v2\/product_cat?post=43445"},{"taxonomy":"product_tag","embeddable":true,"href":"https:\/\/spawlab.pl\/en\/wp-json\/wp\/v2\/product_tag?post=43445"}],"curies":[{"name":"wp","href":"https:\/\/api.w.org\/{rel}","templated":true}]}}