{"id":43545,"date":"2025-07-09T23:42:10","date_gmt":"2025-07-09T21:42:10","guid":{"rendered":"https:\/\/spawlab.pl\/produkt\/bohler-welding-pulsdrive-welding-programs-union-k-52-m20-ar-5-15co2-79-i2-00233\/"},"modified":"2025-07-09T23:42:10","modified_gmt":"2025-07-09T21:42:10","slug":"bohler-welding-pulsdrive-welding-programs-union-k-52-m20-ar-5-15co2-79-i2-00233","status":"publish","type":"product","link":"https:\/\/spawlab.pl\/en\/produkt\/bohler-welding-pulsdrive-welding-programs-union-k-52-m20-ar-5-15co2-79-i2-00233\/","title":{"rendered":"B\u00f6hler Welding PulsDrive welding programs: Union K 52 M20 (Ar 5-15%CO2) &#8211; 79.I2.00233"},"content":{"rendered":"<div class=\"custom-product-section distributor-info spawlab-info\">\n<p><strong>SpawLab &#8211; your Authorized Voestalpine B\u00f6hler Welding Partner in Poland!<\/strong><\/p>\n<p>We are <strong>an official distributor of<\/strong> Voestalpine B\u00f6hler Welding equipment and <strong>an Authorized Service Center in Poland<\/strong>. Our team has undergone <strong>rigorous technical training directly in Italy<\/strong> at the manufacturer&#8217;s centers. <\/p>\n<p>When you choose SpawLab, you are assured of original products, access to B\u00f6hler Welding solutions, professional advice and service support.<\/p>\n<\/div>\n<div class=\"custom-product-section product-intro\">\n<h2 class=\"product-section-title main-product-title\">B\u00f6hler Welding PulsDrive welding programs: Union K 52 M20 (Ar 5-15%CO2) &#8211; 79.I2.00233<\/h2>\n<div class=\"description-content product-marketing-description\">\n<p>B\u00f6hler Welding&#8217;s finely tuned Welding Program Package, dedicated to Union K 52 M20 wire in 5-15%CO2 Ar mixture shielding, using advanced PulsDrive technology. This specialized set of synergistic programs was developed to maximize the productivity and quality of MIG\/MAG pulse welding, guaranteeing professionals repeatable, superior results and complete control over the process. <\/p>\n<p>This package is a key component of the B\u00f6hler Arc system, enabling users of compatible B\u00f6hler Welding equipment (e.g. from the URANOS NX, TERRA NX lines) to achieve optimal welding parameters without the need for time-consuming manual adjustments. This is the ideal solution for demanding industrial applications where superior weld quality and production efficiency matter. <\/p>\n<\/div>\n<\/div>\n<h3 class=\"custom-product-heading advanced-features-heading\">Explore Advanced Capabilities _x000D_Welding Programs Package &#8211; Union K 52 M20 (Ar 5\u00f715%CO2) &#8211; PulsDrive_x000D_.<\/h3>\n<div class=\"custom-accordion advanced-features-accordion\">\n<details class=\"custom-accordion-item\">\n<summary class=\"custom-subtitle accordion-title\">pulse: PulsDrive Advanced Welding Process.<\/summary>\n<div class=\"accordion-content\">\n<p>PulsDrive technology from B\u00f6hler Welding is a digitally controlled MIG\/MAG pulse welding process based on the precise <strong>&#8220;one pulse &#8211; one drop&#8221;<\/strong> principle. Each pulse of current is optimized to detach and transfer exactly one drop of molten metal into the weld pool. Such advanced control ensures <strong>an extremely stable, calm and concentrated welding arc<\/strong>, which translates into excellent process controllability, especially when welding in forced positions and materials of different thicknesses.  <\/p>\n<p>Key benefits for the professional using the PulsDrive process include <strong>a significant reduction in spatter<\/strong>, minimizing the need for time-consuming post-processing, and <strong>exceptional weld quality and aesthetics<\/strong> with a regular, smooth face. The PulsDrive process also enables <strong>precise control of linear energy (Heat Input)<\/strong>, which is critical when welding thin sheets, high-strength steels and stainless steels, reducing deformation and maintaining optimal mechanical properties of the joint. The PulsDrive-optimized program package for Union K 52 M20 wire ensures full use of this innovative technology, delivering repeatable, high-quality results in demanding industrial applications.  <\/p>\n<\/div>\n<\/details>\n<\/div>\n<div class=\"custom-product-section product-specs\">\n<h3 class=\"custom-product-heading specs-heading\">Technical Specifications<\/h3>\n<table class=\"specs-table\">\n<thead>\n<tr>\n<th>Parameter<\/th>\n<th>Value<\/th>\n<\/tr>\n<\/thead>\n<tbody>\n<tr>\n<td>Catalog Number<\/td>\n<td>79.I2.00233 (Art. No.)<\/td>\n<\/tr>\n<tr>\n<td>Product type<\/td>\n<td>Welding Programs Package (Welding Programs Package)<\/td>\n<\/tr>\n<tr>\n<td>Dedicated wire<\/td>\n<td>Union K 52 M20 (B\u00f6hler Welding)<\/td>\n<\/tr>\n<tr>\n<td>Recommended shielding gas<\/td>\n<td>Argon\/CO2 mixture (Ar 5-15% CO2)<\/td>\n<\/tr>\n<tr>\n<td>Key welding technology<\/td>\n<td>PulsDrive (Pulsed MIG\/MAG welding).<\/td>\n<\/tr>\n<tr>\n<td>Compatibility<\/td>\n<td>Selected B\u00f6hler Welding equipment with support for B\u00f6hler Arc software packages and the PulsDrive process.<\/td>\n<\/tr>\n<\/tbody>\n<\/table>\n<\/div>\n<div class=\"custom-product-section product-set-contents\">\n<h3 class=\"custom-product-heading set-contents-heading\">Kit Contents \/ Packaging<\/h3>\n<p>? The product (B\u00f6hler Welding PulsDrive Welding Software Package: Union K 52 M20 (Ar 5-15%CO2) &#8211; 79.I2.00233) is delivered as a single piece (software package license), according to the manufacturer&#8217;s standard Voestalpine B\u00f6hler Welding. Additional accessories and welding equipment are available separately. The product is sold by the piece.  <\/p>\n<\/div>\n<div class=\"custom-product-section product-features\">\n<h3 class=\"custom-product-heading features-heading\">Key Features and Benefits<\/h3>\n<ul class=\"custom-product-list features-list\">\n<li>\u2728 <strong>Optimization for Union K 52 M20:<\/strong> Guaranteed perfectly matched synergistic parameters for Union K 52 M20 wire and 5-15%CO2 Ar gas, eliminating the need for manual testing and ensuring immediate readiness for top quality work.<\/li>\n<li>? <strong>Advanced PulsDrive Process:<\/strong> Utilizing B\u00f6hler Welding&#8217;s patented pulsed welding technology for superior arc control, deep fusion, minimal spatter and exceptional weld aesthetics.<\/li>\n<li>? <strong>Precision Synergy:<\/strong> Simplified parameter setting and repeatable results thanks to digitally defined curves, resulting in less error and higher productivity.<\/li>\n<li>? <strong>Increased Cost Efficiency:<\/strong> Reduced time required for weld preparation and processing (less spalling, better facing) and optimal use of auxiliary materials due to precise process control.<\/li>\n<\/ul>\n<\/div>\n<div class=\"custom-product-section product-application\">\n<h3 class=\"custom-product-heading application-heading\">Product Application<\/h3>\n<ul class=\"custom-product-list application-list\">\n<li>This welding program package is designed for professionals striving for perfection in MIG\/MAG pulse welding of low-carbon and low-alloy steels using Union K 52 M20 wire. It is ideal for: <\/li>\n<li>? Production of steel structures requiring high quality and aesthetic welds.<\/li>\n<li>\u2699\ufe0f Machine and equipment construction, where precision and repeatability are key.<\/li>\n<li>? Shipbuilding and offshore industry (for relevant K 52 M20 wire applications).<\/li>\n<li>?\ufe0f Advanced workshop and production work with minimized chipping and deformation.<\/li>\n<li>? Automotive sector, when welding components that require controlled heat input.<\/li>\n<\/ul>\n<\/div>\n<div class=\"custom-product-section product-summary conclusion\">\n<h3 class=\"custom-product-heading summary-heading\">Summary: _x000D_Welding Programs Package &#8211; Union K 52 M20 (Ar 5\u00f715%CO2) &#8211; PulsDrive_x000D_ &#8211; Your Investment in Quality B\u00f6hler Welding.<\/h3>\n<div class=\"summary-content\">\n<p>? When you choose B\u00f6hler Welding&#8217;s Welding Program Package for Union K 52 M20 wire with PulsDrive technology, you are investing in precision, repeatability and superior pulse welding quality. Optimized synergy curves ensure that you get the most out of your B\u00f6hler Welding machine and welding materials, translating into real savings and excellent results. <\/p>\n<p>To discover the full capabilities of B\u00f6hler Welding PulsDrive Welding Programs: Union K 52 M20 (Ar 5-15%CO2) &#8211; PulsDrive and get the best deal, contact the experts at SpawLab &#8211; the official distributor and authorized service provider of Voestalpine B\u00f6hler Welding in Poland. Our team, trained in Italy, is at your service. <\/p>\n<\/div>\n<\/div>\n<div class=\"custom-product-section product-codes-info\">\n<p><strong>Part number (Art. No.):<\/strong> 79.I2.00233<\/p>\n<\/div>\n","protected":false},"excerpt":{"rendered":"<p>B\u00f6hler Welding PulsDrive Welding Programs: Union K 52 M20 (Ar 5-15%CO2) (79.I2.00233) &#8211; optimizing pulse welding. Professional solutions. <\/p>\n","protected":false},"featured_media":38560,"template":"","meta":{"inline_featured_image":false},"product_brand":[772],"product_cat":[11536,5686],"product_tag":[13391,13214,12110,8763,3509,14102,11547],"class_list":{"0":"post-43545","1":"product","2":"type-product","3":"status-publish","4":"has-post-thumbnail","6":"product_brand-bohler","7":"product_cat-bohler-en-2","8":"product_cat-brand-zone","9":"product_tag-ar-co2-en","10":"product_tag-bohler-welding-pulsdrive-en","11":"product_tag-bohler-welding-software-en-3","12":"product_tag-mig-mag-synergy","13":"product_tag-pulse-welding-en","14":"product_tag-union-k-52-m20-en","15":"product_tag-welding-software-package","17":"first","18":"onbackorder","19":"taxable","20":"shipping-taxable","21":"purchasable","22":"product-type-simple"},"yoast_head":"<!-- This site is optimized with the Yoast SEO Premium plugin v27.5 (Yoast SEO v27.6) - https:\/\/yoast.com\/product\/yoast-seo-premium-wordpress\/ -->\n<title>B\u00f6hler Welding PulsDrive welding programs: Union K 52 M20 (Ar 5-15%CO2) - 79.I2.00233<\/title>\n<meta name=\"description\" content=\"B\u00f6hler Welding PulsDrive Welding Programs: Union K 52 M20 (Ar 5-15%CO2) (79.I2.00233) - optimizing pulse welding. Professional solutions. Check it out at SpawLab!\" \/>\n<meta name=\"robots\" content=\"index, follow, max-snippet:-1, max-image-preview:large, max-video-preview:-1\" \/>\n<link rel=\"canonical\" href=\"https:\/\/spawlab.pl\/en\/produkt\/bohler-welding-pulsdrive-welding-programs-union-k-52-m20-ar-5-15co2-79-i2-00233\/\" \/>\n<meta property=\"og:locale\" content=\"en_US\" \/>\n<meta property=\"og:type\" content=\"article\" \/>\n<meta property=\"og:title\" content=\"B\u00f6hler Welding PulsDrive welding programs: Union K 52 M20 (Ar 5-15%CO2) - 79.I2.00233\" \/>\n<meta property=\"og:description\" content=\"Lider sprzeda\u017cy, Oficjalny Dystrybutor Premium i Serwis na Polsk\u0119 Migatronic, Gys, Voestalpine Bohler Welding. Nowe i u\u017cywane Spawarki, Przecinarki Plazmowe, Kompresory. Mgr in\u017c. Jaros\u0142aw Ko\u0142aski, IWE\" \/>\n<meta property=\"og:url\" content=\"https:\/\/spawlab.pl\/en\/produkt\/bohler-welding-pulsdrive-welding-programs-union-k-52-m20-ar-5-15co2-79-i2-00233\/\" \/>\n<meta property=\"og:site_name\" content=\"SpawLab - Welding equipment and plasma cutters - store and service\" \/>\n<meta property=\"article:publisher\" content=\"https:\/\/www.facebook.com\/Spawlab\/\" \/>\n<meta property=\"og:image\" content=\"https:\/\/spawlab.pl\/wp-content\/uploads\/2025\/06\/Frame-1-scaled.png\" \/>\n\t<meta property=\"og:image:width\" content=\"2560\" \/>\n\t<meta property=\"og:image:height\" content=\"2197\" \/>\n\t<meta property=\"og:image:type\" content=\"image\/png\" \/>\n<meta name=\"twitter:label1\" content=\"Price\" \/>\n\t<meta name=\"twitter:data1\" content=\"1 782,39&nbsp;&#122;&#322; (1 449,10&nbsp;&#122;&#322; netto)\" \/>\n\t<meta name=\"twitter:label2\" content=\"Availability\" \/>\n\t<meta name=\"twitter:data2\" content=\"On backorder\" \/>\n<script type=\"application\/ld+json\" class=\"yoast-schema-graph\">{\"@context\":\"https:\\\/\\\/schema.org\",\"@graph\":[{\"@type\":[\"WebPage\",\"ItemPage\"],\"@id\":\"https:\\\/\\\/spawlab.pl\\\/en\\\/produkt\\\/bohler-welding-pulsdrive-welding-programs-union-k-52-m20-ar-5-15co2-79-i2-00233\\\/\",\"url\":\"https:\\\/\\\/spawlab.pl\\\/en\\\/produkt\\\/bohler-welding-pulsdrive-welding-programs-union-k-52-m20-ar-5-15co2-79-i2-00233\\\/\",\"name\":\"B\u00f6hler Welding PulsDrive welding programs: Union K 52 M20 (Ar 5-15%CO2) - 79.I2.00233\",\"isPartOf\":{\"@id\":\"https:\\\/\\\/spawlab.pl\\\/en\\\/#website\"},\"primaryImageOfPage\":{\"@id\":\"https:\\\/\\\/spawlab.pl\\\/en\\\/produkt\\\/bohler-welding-pulsdrive-welding-programs-union-k-52-m20-ar-5-15co2-79-i2-00233\\\/#primaryimage\"},\"image\":{\"@id\":\"https:\\\/\\\/spawlab.pl\\\/en\\\/produkt\\\/bohler-welding-pulsdrive-welding-programs-union-k-52-m20-ar-5-15co2-79-i2-00233\\\/#primaryimage\"},\"thumbnailUrl\":\"https:\\\/\\\/spawlab.pl\\\/wp-content\\\/uploads\\\/2025\\\/06\\\/Frame-1-scaled.png\",\"datePublished\":\"2025-07-09T21:42:10+00:00\",\"description\":\"B\u00f6hler Welding PulsDrive Welding Programs: Union K 52 M20 (Ar 5-15%CO2) (79.I2.00233) - optimizing pulse welding. Professional solutions. Check it out at SpawLab!\",\"breadcrumb\":{\"@id\":\"https:\\\/\\\/spawlab.pl\\\/en\\\/produkt\\\/bohler-welding-pulsdrive-welding-programs-union-k-52-m20-ar-5-15co2-79-i2-00233\\\/#breadcrumb\"},\"inLanguage\":\"en-US\",\"potentialAction\":[{\"@type\":\"ReadAction\",\"target\":[\"https:\\\/\\\/spawlab.pl\\\/en\\\/produkt\\\/bohler-welding-pulsdrive-welding-programs-union-k-52-m20-ar-5-15co2-79-i2-00233\\\/\"]}]},{\"@type\":\"ImageObject\",\"inLanguage\":\"en-US\",\"@id\":\"https:\\\/\\\/spawlab.pl\\\/en\\\/produkt\\\/bohler-welding-pulsdrive-welding-programs-union-k-52-m20-ar-5-15co2-79-i2-00233\\\/#primaryimage\",\"url\":\"https:\\\/\\\/spawlab.pl\\\/wp-content\\\/uploads\\\/2025\\\/06\\\/Frame-1-scaled.png\",\"contentUrl\":\"https:\\\/\\\/spawlab.pl\\\/wp-content\\\/uploads\\\/2025\\\/06\\\/Frame-1-scaled.png\",\"width\":2560,\"height\":2197},{\"@type\":\"BreadcrumbList\",\"@id\":\"https:\\\/\\\/spawlab.pl\\\/en\\\/produkt\\\/bohler-welding-pulsdrive-welding-programs-union-k-52-m20-ar-5-15co2-79-i2-00233\\\/#breadcrumb\",\"itemListElement\":[{\"@type\":\"ListItem\",\"position\":1,\"name\":\"Strona g\u0142\u00f3wna\",\"item\":\"https:\\\/\\\/spawlab.pl\\\/en\\\/\"},{\"@type\":\"ListItem\",\"position\":2,\"name\":\"Store\",\"item\":\"https:\\\/\\\/spawlab.pl\\\/en\\\/shop\\\/\"},{\"@type\":\"ListItem\",\"position\":3,\"name\":\"B\u00f6hler Welding PulsDrive welding programs: Union K 52 M20 (Ar 5-15%CO2) &#8211; 79.I2.00233\"}]},{\"@type\":\"WebSite\",\"@id\":\"https:\\\/\\\/spawlab.pl\\\/en\\\/#website\",\"url\":\"https:\\\/\\\/spawlab.pl\\\/en\\\/\",\"name\":\"Spawlab.pl Lider - Spawarki, Przecinarki Plazmowe, Kompresory\",\"description\":\"Urz\u0105dzenia spawalnicze i Przecinarki plazmowe\\\/ nowe i u\u017cywane \\\/ Profesjonalny serwis\",\"publisher\":{\"@id\":\"https:\\\/\\\/spawlab.pl\\\/en\\\/#organization\"},\"alternateName\":\"Spawlab.pl - Dystrybutor Premium i Serwis na Polske Migatronic, Gys, Voestalpine Bohler Welding\",\"potentialAction\":[{\"@type\":\"SearchAction\",\"target\":{\"@type\":\"EntryPoint\",\"urlTemplate\":\"https:\\\/\\\/spawlab.pl\\\/en\\\/?s={search_term_string}\"},\"query-input\":{\"@type\":\"PropertyValueSpecification\",\"valueRequired\":true,\"valueName\":\"search_term_string\"}}],\"inLanguage\":\"en-US\"},{\"@type\":[\"Organization\",\"Place\"],\"@id\":\"https:\\\/\\\/spawlab.pl\\\/en\\\/#organization\",\"name\":\"Spawlab.pl\",\"url\":\"https:\\\/\\\/spawlab.pl\\\/en\\\/\",\"logo\":{\"@id\":\"https:\\\/\\\/spawlab.pl\\\/en\\\/produkt\\\/bohler-welding-pulsdrive-welding-programs-union-k-52-m20-ar-5-15co2-79-i2-00233\\\/#local-main-organization-logo\"},\"image\":{\"@id\":\"https:\\\/\\\/spawlab.pl\\\/en\\\/produkt\\\/bohler-welding-pulsdrive-welding-programs-union-k-52-m20-ar-5-15co2-79-i2-00233\\\/#local-main-organization-logo\"},\"sameAs\":[\"https:\\\/\\\/www.facebook.com\\\/Spawlab\\\/\",\"https:\\\/\\\/www.linkedin.com\\\/company\\\/spawlab\",\"https:\\\/\\\/www.instagram.com\\\/spawlab.pl\",\"https:\\\/\\\/www.tiktok.com\\\/@spawlab\"],\"description\":\"Lider sprzeda\u017cy, Oficjalny Dystrybutor Premium i Serwis na Polsk\u0119 Migatronic, Gys, Voestalpine Bohler Welding. Nowe i u\u017cywane Spawarki, Przecinarki Plazmowe, Kompresory. Mgr in\u017c. Jaros\u0142aw Ko\u0142aski, IWE\",\"hasMerchantReturnPolicy\":{\"@type\":\"MerchantReturnPolicy\",\"merchantReturnLink\":\"https:\\\/\\\/spawlab.pl\\\/polityka-prywatnosci-2\\\/\"},\"telephone\":[],\"openingHoursSpecification\":[{\"@type\":\"OpeningHoursSpecification\",\"dayOfWeek\":[\"Monday\",\"Tuesday\",\"Wednesday\",\"Thursday\",\"Friday\",\"Saturday\",\"Sunday\"],\"opens\":\"09:00\",\"closes\":\"17:00\"}]},{\"@type\":\"ImageObject\",\"inLanguage\":\"en-US\",\"@id\":\"https:\\\/\\\/spawlab.pl\\\/en\\\/produkt\\\/bohler-welding-pulsdrive-welding-programs-union-k-52-m20-ar-5-15co2-79-i2-00233\\\/#local-main-organization-logo\",\"url\":\"https:\\\/\\\/spawlab.pl\\\/wp-content\\\/uploads\\\/2022\\\/01\\\/olx.jpg\",\"contentUrl\":\"https:\\\/\\\/spawlab.pl\\\/wp-content\\\/uploads\\\/2022\\\/01\\\/olx.jpg\",\"width\":200,\"height\":200,\"caption\":\"Spawlab.pl\"}]}<\/script>\n<meta property=\"product:brand\" content=\"B\u00f6hler\" \/>\n<meta property=\"product:price:amount\" content=\"1782.39\" \/>\n<meta property=\"product:price:currency\" content=\"PLN\" \/>\n<meta property=\"og:availability\" content=\"backorder\" \/>\n<meta property=\"product:availability\" content=\"available for order\" \/>\n<meta property=\"product:retailer_item_id\" content=\"79.I2.00233\" \/>\n<meta property=\"product:condition\" content=\"new\" \/>\n<!-- \/ Yoast SEO Premium plugin. -->","yoast_head_json":{"title":"B\u00f6hler Welding PulsDrive welding programs: Union K 52 M20 (Ar 5-15%CO2) - 79.I2.00233","description":"B\u00f6hler Welding PulsDrive Welding Programs: Union K 52 M20 (Ar 5-15%CO2) (79.I2.00233) - optimizing pulse welding. Professional solutions. Check it out at SpawLab!","robots":{"index":"index","follow":"follow","max-snippet":"max-snippet:-1","max-image-preview":"max-image-preview:large","max-video-preview":"max-video-preview:-1"},"canonical":"https:\/\/spawlab.pl\/en\/produkt\/bohler-welding-pulsdrive-welding-programs-union-k-52-m20-ar-5-15co2-79-i2-00233\/","og_locale":"en_US","og_type":"article","og_title":"B\u00f6hler Welding PulsDrive welding programs: Union K 52 M20 (Ar 5-15%CO2) - 79.I2.00233","og_description":"Lider sprzeda\u017cy, Oficjalny Dystrybutor Premium i Serwis na Polsk\u0119 Migatronic, Gys, Voestalpine Bohler Welding. Nowe i u\u017cywane Spawarki, Przecinarki Plazmowe, Kompresory. Mgr in\u017c. Jaros\u0142aw Ko\u0142aski, IWE","og_url":"https:\/\/spawlab.pl\/en\/produkt\/bohler-welding-pulsdrive-welding-programs-union-k-52-m20-ar-5-15co2-79-i2-00233\/","og_site_name":"SpawLab - Welding equipment and plasma cutters - store and service","article_publisher":"https:\/\/www.facebook.com\/Spawlab\/","og_image":[{"width":2560,"height":2197,"url":"https:\/\/spawlab.pl\/wp-content\/uploads\/2025\/06\/Frame-1-scaled.png","type":"image\/png"}],"twitter_misc":{"Price":"1 782,39&nbsp;&#122;&#322; (1 449,10&nbsp;&#122;&#322; netto)","Availability":"On backorder"},"schema":{"@context":"https:\/\/schema.org","@graph":[{"@type":["WebPage","ItemPage"],"@id":"https:\/\/spawlab.pl\/en\/produkt\/bohler-welding-pulsdrive-welding-programs-union-k-52-m20-ar-5-15co2-79-i2-00233\/","url":"https:\/\/spawlab.pl\/en\/produkt\/bohler-welding-pulsdrive-welding-programs-union-k-52-m20-ar-5-15co2-79-i2-00233\/","name":"B\u00f6hler Welding PulsDrive welding programs: Union K 52 M20 (Ar 5-15%CO2) - 79.I2.00233","isPartOf":{"@id":"https:\/\/spawlab.pl\/en\/#website"},"primaryImageOfPage":{"@id":"https:\/\/spawlab.pl\/en\/produkt\/bohler-welding-pulsdrive-welding-programs-union-k-52-m20-ar-5-15co2-79-i2-00233\/#primaryimage"},"image":{"@id":"https:\/\/spawlab.pl\/en\/produkt\/bohler-welding-pulsdrive-welding-programs-union-k-52-m20-ar-5-15co2-79-i2-00233\/#primaryimage"},"thumbnailUrl":"https:\/\/spawlab.pl\/wp-content\/uploads\/2025\/06\/Frame-1-scaled.png","datePublished":"2025-07-09T21:42:10+00:00","description":"B\u00f6hler Welding PulsDrive Welding Programs: Union K 52 M20 (Ar 5-15%CO2) (79.I2.00233) - optimizing pulse welding. Professional solutions. Check it out at SpawLab!","breadcrumb":{"@id":"https:\/\/spawlab.pl\/en\/produkt\/bohler-welding-pulsdrive-welding-programs-union-k-52-m20-ar-5-15co2-79-i2-00233\/#breadcrumb"},"inLanguage":"en-US","potentialAction":[{"@type":"ReadAction","target":["https:\/\/spawlab.pl\/en\/produkt\/bohler-welding-pulsdrive-welding-programs-union-k-52-m20-ar-5-15co2-79-i2-00233\/"]}]},{"@type":"ImageObject","inLanguage":"en-US","@id":"https:\/\/spawlab.pl\/en\/produkt\/bohler-welding-pulsdrive-welding-programs-union-k-52-m20-ar-5-15co2-79-i2-00233\/#primaryimage","url":"https:\/\/spawlab.pl\/wp-content\/uploads\/2025\/06\/Frame-1-scaled.png","contentUrl":"https:\/\/spawlab.pl\/wp-content\/uploads\/2025\/06\/Frame-1-scaled.png","width":2560,"height":2197},{"@type":"BreadcrumbList","@id":"https:\/\/spawlab.pl\/en\/produkt\/bohler-welding-pulsdrive-welding-programs-union-k-52-m20-ar-5-15co2-79-i2-00233\/#breadcrumb","itemListElement":[{"@type":"ListItem","position":1,"name":"Strona g\u0142\u00f3wna","item":"https:\/\/spawlab.pl\/en\/"},{"@type":"ListItem","position":2,"name":"Store","item":"https:\/\/spawlab.pl\/en\/shop\/"},{"@type":"ListItem","position":3,"name":"B\u00f6hler Welding PulsDrive welding programs: Union K 52 M20 (Ar 5-15%CO2) &#8211; 79.I2.00233"}]},{"@type":"WebSite","@id":"https:\/\/spawlab.pl\/en\/#website","url":"https:\/\/spawlab.pl\/en\/","name":"Spawlab.pl Lider - Spawarki, Przecinarki Plazmowe, Kompresory","description":"Urz\u0105dzenia spawalnicze i Przecinarki plazmowe\/ nowe i u\u017cywane \/ Profesjonalny serwis","publisher":{"@id":"https:\/\/spawlab.pl\/en\/#organization"},"alternateName":"Spawlab.pl - Dystrybutor Premium i Serwis na Polske Migatronic, Gys, Voestalpine Bohler Welding","potentialAction":[{"@type":"SearchAction","target":{"@type":"EntryPoint","urlTemplate":"https:\/\/spawlab.pl\/en\/?s={search_term_string}"},"query-input":{"@type":"PropertyValueSpecification","valueRequired":true,"valueName":"search_term_string"}}],"inLanguage":"en-US"},{"@type":["Organization","Place"],"@id":"https:\/\/spawlab.pl\/en\/#organization","name":"Spawlab.pl","url":"https:\/\/spawlab.pl\/en\/","logo":{"@id":"https:\/\/spawlab.pl\/en\/produkt\/bohler-welding-pulsdrive-welding-programs-union-k-52-m20-ar-5-15co2-79-i2-00233\/#local-main-organization-logo"},"image":{"@id":"https:\/\/spawlab.pl\/en\/produkt\/bohler-welding-pulsdrive-welding-programs-union-k-52-m20-ar-5-15co2-79-i2-00233\/#local-main-organization-logo"},"sameAs":["https:\/\/www.facebook.com\/Spawlab\/","https:\/\/www.linkedin.com\/company\/spawlab","https:\/\/www.instagram.com\/spawlab.pl","https:\/\/www.tiktok.com\/@spawlab"],"description":"Lider sprzeda\u017cy, Oficjalny Dystrybutor Premium i Serwis na Polsk\u0119 Migatronic, Gys, Voestalpine Bohler Welding. Nowe i u\u017cywane Spawarki, Przecinarki Plazmowe, Kompresory. Mgr in\u017c. Jaros\u0142aw Ko\u0142aski, IWE","hasMerchantReturnPolicy":{"@type":"MerchantReturnPolicy","merchantReturnLink":"https:\/\/spawlab.pl\/polityka-prywatnosci-2\/"},"telephone":[],"openingHoursSpecification":[{"@type":"OpeningHoursSpecification","dayOfWeek":["Monday","Tuesday","Wednesday","Thursday","Friday","Saturday","Sunday"],"opens":"09:00","closes":"17:00"}]},{"@type":"ImageObject","inLanguage":"en-US","@id":"https:\/\/spawlab.pl\/en\/produkt\/bohler-welding-pulsdrive-welding-programs-union-k-52-m20-ar-5-15co2-79-i2-00233\/#local-main-organization-logo","url":"https:\/\/spawlab.pl\/wp-content\/uploads\/2022\/01\/olx.jpg","contentUrl":"https:\/\/spawlab.pl\/wp-content\/uploads\/2022\/01\/olx.jpg","width":200,"height":200,"caption":"Spawlab.pl"}]},"product_brand":"B\u00f6hler","product_price_amount":"1782.39","product_price_currency":"PLN","og_availability":"backorder","product_availability":"available for order","product_retailer_item_id":"79.I2.00233","product_condition":"new"},"_links":{"self":[{"href":"https:\/\/spawlab.pl\/en\/wp-json\/wp\/v2\/product\/43545","targetHints":{"allow":["GET"]}}],"collection":[{"href":"https:\/\/spawlab.pl\/en\/wp-json\/wp\/v2\/product"}],"about":[{"href":"https:\/\/spawlab.pl\/en\/wp-json\/wp\/v2\/types\/product"}],"wp:featuredmedia":[{"embeddable":true,"href":"https:\/\/spawlab.pl\/en\/wp-json\/wp\/v2\/media\/38560"}],"wp:attachment":[{"href":"https:\/\/spawlab.pl\/en\/wp-json\/wp\/v2\/media?parent=43545"}],"wp:term":[{"taxonomy":"product_brand","embeddable":true,"href":"https:\/\/spawlab.pl\/en\/wp-json\/wp\/v2\/product_brand?post=43545"},{"taxonomy":"product_cat","embeddable":true,"href":"https:\/\/spawlab.pl\/en\/wp-json\/wp\/v2\/product_cat?post=43545"},{"taxonomy":"product_tag","embeddable":true,"href":"https:\/\/spawlab.pl\/en\/wp-json\/wp\/v2\/product_tag?post=43545"}],"curies":[{"name":"wp","href":"https:\/\/api.w.org\/{rel}","templated":true}]}}