{"id":43552,"date":"2025-07-09T23:45:46","date_gmt":"2025-07-09T21:45:46","guid":{"rendered":"https:\/\/spawlab.pl\/produkt\/bohler-welding-mt-440-w-u-d-mig-mag-4m-liquid-cooled-welding-gun-81-05-040\/"},"modified":"2025-07-09T23:45:46","modified_gmt":"2025-07-09T21:45:46","slug":"bohler-welding-mt-440-w-u-d-mig-mag-4m-liquid-cooled-welding-gun-81-05-040","status":"publish","type":"product","link":"https:\/\/spawlab.pl\/en\/produkt\/bohler-welding-mt-440-w-u-d-mig-mag-4m-liquid-cooled-welding-gun-81-05-040\/","title":{"rendered":"B\u00f6hler Welding MT 440 W U\/D MIG\/MAG 4m liquid-cooled welding gun &#8211; 81.05.040"},"content":{"rendered":"<div class=\"custom-product-section distributor-info spawlab-info\">\n<p><strong>SpawLab &#8211; your Authorized Voestalpine B\u00f6hler Welding Partner in Poland!<\/strong><\/p>\n<p>We are <strong>an official distributor of<\/strong> Voestalpine B\u00f6hler Welding equipment and <strong>an Authorized Service Center in Poland<\/strong>. Our team has undergone <strong>rigorous technical training directly in Italy<\/strong> at the manufacturer&#8217;s centers. <\/p>\n<p>When you choose SpawLab, you are assured of original products, access to B\u00f6hler Welding solutions, professional advice and service support.<\/p>\n<\/div>\n<div class=\"custom-product-section product-intro\">\n<h2 class=\"product-section-title main-product-title\">B\u00f6hler Welding MT 440 W U\/D MIG\/MAG 4m liquid-cooled welding gun &#8211; 81.05.040<\/h2>\n<div class=\"description-content product-marketing-description\">\n<p>The B\u00f6hler Welding MT 440 W U\/D MIG\/MAG professional liquid-cooled welding torch is designed for heavy-duty industrial applications and high-current work. Its key advantage is the integrated remote Up\/Down (U\/D) parameter control function, which, combined with efficient liquid cooling, provides maximum control, productivity and comfort even during the most demanding welding tasks. <\/p>\n<p>This is a reliable tool for welding professionals who expect the highest quality &#8216;Made in Europe&#8217; workmanship, ergonomics and precision necessary for MIG\/MAG welding in sectors such as heavy industry, shipbuilding and machinery manufacturing.<\/p>\n<\/div>\n<\/div>\n<h3 class=\"custom-product-heading advanced-features-heading\">Explore Advanced Capabilities MT 440 W U\/D MIG\/MAG WELDING TORCH &#8211; 4m &#8211; LIQUID COOLED<\/h3>\n<div class=\"custom-accordion advanced-features-accordion\">\n<details class=\"custom-accordion-item\">\n<summary class=\"custom-subtitle accordion-title\">?\ufe0f Integrated Up\/Down Parameter Control (U\/D)<\/summary>\n<div class=\"accordion-content\">\n<p>The Up\/Down (U\/D) function built directly into the handle of the MT 440 W is a key innovation from B\u00f6hler Welding, improving the ergonomics and efficiency of MIG\/MAG welding. It allows the operator to <strong>smoothly adjust key parameters<\/strong>, such as welding current and wire feed speed, <strong>without interrupting work<\/strong> or stepping away from the welding station. This technology is particularly valuable when working with B\u00f6hler Welding&#8217;s advanced current sources, allowing them to realize their full potential.  <\/p>\n<p><strong>The benefits for the professional are tangible:<\/strong> significant <strong>time savings<\/strong> in adjusting settings to changing welding conditions, <strong>greater precision<\/strong> due to the ability to instantly adjust parameters, and <strong>improved safety and comfort<\/strong> by eliminating the need for frequent movement. This is ideal when welding complex structures, in hard-to-reach areas, or when the process requires frequent minor adjustments to the arc parameters. <\/p>\n<\/div>\n<\/details>\n<\/div>\n<div class=\"custom-product-section product-specs\">\n<h3 class=\"custom-product-heading specs-heading\">Technical Specifications<\/h3>\n<table class=\"specs-table\">\n<thead>\n<tr>\n<th>Parameter<\/th>\n<th>Value<\/th>\n<\/tr>\n<\/thead>\n<tbody>\n<tr>\n<td>Brand<\/td>\n<td>B\u00f6hler Welding<\/td>\n<\/tr>\n<tr>\n<td>Model<\/td>\n<td>MT 440 W U\/D<\/td>\n<\/tr>\n<tr>\n<td>Catalog number<\/td>\n<td>81.05.040<\/td>\n<\/tr>\n<tr>\n<td>Type<\/td>\n<td>MIG\/MAG welding gun<\/td>\n<\/tr>\n<tr>\n<td>Cooling<\/td>\n<td>Liquid (W)<\/td>\n<\/tr>\n<tr>\n<td>Package length<\/td>\n<td>4 m<\/td>\n<\/tr>\n<tr>\n<td>Control<\/td>\n<td>Integrated Up\/Down (U\/D)<\/td>\n<\/tr>\n<tr>\n<td>Purpose<\/td>\n<td>MIG\/MAG welding in professional and industrial applications<\/td>\n<\/tr>\n<\/tbody>\n<\/table>\n<\/div>\n<div class=\"custom-product-section product-set-contents\">\n<h3 class=\"custom-product-heading set-contents-heading\">Kit Contents \/ Packaging<\/h3>\n<p>? The product (MT 440 W U\/D MIG\/MAG WELDING TORCH &#8211; 4m &#8211; LIQUID COOLED) is supplied as a single piece, according to the standard of manufacturer Voestalpine B\u00f6hler Welding. Additional accessories and consumable parts are usually available separately. <\/p>\n<\/div>\n<div class=\"custom-product-section product-features\">\n<h3 class=\"custom-product-heading features-heading\">Key Features and Benefits<\/h3>\n<ul class=\"custom-product-list features-list\">\n<li>? <strong>Efficient Liquid Cooling:<\/strong> Enables operation with high currents and long cycles (up to about 400-450A depending on the cycle and gas), preventing overheating of the handle, which guarantees arc stability and extends the life of wear parts.<\/li>\n<li>\u2b06\ufe0f\u2b07\ufe0f <strong>Integrated Up\/Down (U\/D) Control:<\/strong> Allows you to remotely adjust key welding parameters (e.g., current, wire speed) directly on the chuck, significantly increasing productivity and precision without having to return to the power source.<\/li>\n<li><strong>? Robust Industrial Construction:<\/strong> Designed for harsh environments and made of the highest quality materials, it guarantees the high reliability and durability typical of B\u00f6hler Welding &#8216;Made in Europe&#8217; products.<\/li>\n<li>\u2728 <strong>Ergonomics and Comfort:<\/strong> The optimized handle shape and flexible but sturdy wire package reduce operator fatigue during prolonged welding, resulting in higher weld quality and productivity.<\/li>\n<\/ul>\n<\/div>\n<div class=\"custom-product-section product-application\">\n<h3 class=\"custom-product-heading application-heading\">Product Application<\/h3>\n<ul class=\"custom-product-list application-list\">\n<li>?<\/li>\n<li>Heavy industry and steel structures<\/li>\n<li>Shipbuilding and offshore industry<\/li>\n<li>Manufacture of machinery and equipment<\/li>\n<li>Rail and automotive industry (heavy vehicles)<\/li>\n<li>Manufacturing and locksmith workshops (working with high currents)<\/li>\n<li>Welding of thick sheets, pipes and profiles<\/li>\n<li>Applications requiring long duty cycles and high reliability<\/li>\n<\/ul>\n<\/div>\n<div class=\"custom-product-section product-summary conclusion\">\n<h3 class=\"custom-product-heading summary-heading\">Summary: MT 440 W U\/D MIG\/MAG WELDING TORCH &#8211; 4m &#8211; LIQUID COOLED &#8211; Your Investment in Quality B\u00f6hler Welding.<\/h3>\n<div class=\"summary-content\">\n<p>? Choose the B\u00f6hler Welding MT 440 W U\/D chuck to maximize productivity and precision in demanding MIG\/MAG welding tasks. Combining powerful liquid cooling for high-current operation with intuitive Up\/Down controls, you&#8217;ll enjoy superior weld quality and comfort, backed by the reliability of the &#8216;Made in Europe&#8217; brand. To discover the full capabilities of the B\u00f6hler Welding MT 440 W U\/D MIG\/MAG WELDING TORCH &#8211; 4m &#8211; LIQUID COOLED and get the best deal, contact the experts at SpawLab &#8211; the official distributor and authorized service center of Voestalpine B\u00f6hler Welding in Poland. Our team, trained in Italy, is at your service.   <\/p>\n<\/div>\n<\/div>\n<div class=\"custom-product-section product-codes-info\">\n<p><strong>Part number (Art. No.):<\/strong> 81.05.040<\/p>\n<\/div>\n","protected":false},"excerpt":{"rendered":"<p>B\u00f6hler Welding MT 440 W U\/D MIG\/MAG 4m liquid-cooled chuck (81.05.040) &#8211; Precision U\/D control, high productivity. Professional welding. <\/p>\n","protected":false},"featured_media":38560,"template":"","meta":{"inline_featured_image":false},"product_brand":[772],"product_cat":[11536,5686],"product_tag":[13046,8299,5335,5436,13258,4431,5435],"class_list":{"0":"post-43552","1":"product","2":"type-product","3":"status-publish","4":"has-post-thumbnail","6":"product_brand-bohler","7":"product_cat-bohler-en-2","8":"product_cat-brand-zone","9":"product_tag-bohler-welding-mt-440-en","10":"product_tag-industrial-welding-en","11":"product_tag-liquid-cooled","12":"product_tag-mig-mag-handle","13":"product_tag-u-d-control","14":"product_tag-voestalpine-bohler-welding-en","15":"product_tag-welding-jig","17":"first","18":"onbackorder","19":"taxable","20":"shipping-taxable","21":"purchasable","22":"product-type-simple"},"yoast_head":"<!-- This site is optimized with the Yoast SEO Premium plugin v27.5 (Yoast SEO v27.6) - https:\/\/yoast.com\/product\/yoast-seo-premium-wordpress\/ -->\n<title>B\u00f6hler Welding Handle MT 440 W U\/D MIG\/MAG 4m Liquid - 81.05.040<\/title>\n<meta name=\"description\" content=\"[B\u00f6hler Welding MT 440 W U\/D MIG\/MAG 4m liquid-cooled chuck (81.05.040) - Precision U\/D control, high productivity. Professional welding. Check it out at SpawLab!]\" \/>\n<meta name=\"robots\" content=\"index, follow, max-snippet:-1, max-image-preview:large, max-video-preview:-1\" \/>\n<link rel=\"canonical\" href=\"https:\/\/spawlab.pl\/en\/produkt\/bohler-welding-mt-440-w-u-d-mig-mag-4m-liquid-cooled-welding-gun-81-05-040\/\" \/>\n<meta property=\"og:locale\" content=\"en_US\" \/>\n<meta property=\"og:type\" content=\"article\" \/>\n<meta property=\"og:title\" content=\"B\u00f6hler Welding MT 440 W U\/D MIG\/MAG 4m liquid-cooled welding gun - 81.05.040\" \/>\n<meta property=\"og:description\" content=\"Lider sprzeda\u017cy, Oficjalny Dystrybutor Premium i Serwis na Polsk\u0119 Migatronic, Gys, Voestalpine Bohler Welding. Nowe i u\u017cywane Spawarki, Przecinarki Plazmowe, Kompresory. Mgr in\u017c. Jaros\u0142aw Ko\u0142aski, IWE\" \/>\n<meta property=\"og:url\" content=\"https:\/\/spawlab.pl\/en\/produkt\/bohler-welding-mt-440-w-u-d-mig-mag-4m-liquid-cooled-welding-gun-81-05-040\/\" \/>\n<meta property=\"og:site_name\" content=\"SpawLab - Welding equipment and plasma cutters - store and service\" \/>\n<meta property=\"article:publisher\" content=\"https:\/\/www.facebook.com\/Spawlab\/\" \/>\n<meta property=\"og:image\" content=\"https:\/\/spawlab.pl\/wp-content\/uploads\/2025\/06\/Frame-1-scaled.png\" \/>\n\t<meta property=\"og:image:width\" content=\"2560\" \/>\n\t<meta property=\"og:image:height\" content=\"2197\" \/>\n\t<meta property=\"og:image:type\" content=\"image\/png\" \/>\n<meta name=\"twitter:label1\" content=\"Price\" \/>\n\t<meta name=\"twitter:data1\" content=\"2 528,14&nbsp;&#122;&#322; (2 055,40&nbsp;&#122;&#322; netto)\" \/>\n\t<meta name=\"twitter:label2\" content=\"Availability\" \/>\n\t<meta name=\"twitter:data2\" content=\"On backorder\" \/>\n<script type=\"application\/ld+json\" class=\"yoast-schema-graph\">{\"@context\":\"https:\\\/\\\/schema.org\",\"@graph\":[{\"@type\":[\"WebPage\",\"ItemPage\"],\"@id\":\"https:\\\/\\\/spawlab.pl\\\/en\\\/produkt\\\/bohler-welding-mt-440-w-u-d-mig-mag-4m-liquid-cooled-welding-gun-81-05-040\\\/\",\"url\":\"https:\\\/\\\/spawlab.pl\\\/en\\\/produkt\\\/bohler-welding-mt-440-w-u-d-mig-mag-4m-liquid-cooled-welding-gun-81-05-040\\\/\",\"name\":\"B\u00f6hler Welding Handle MT 440 W U\\\/D MIG\\\/MAG 4m Liquid - 81.05.040\",\"isPartOf\":{\"@id\":\"https:\\\/\\\/spawlab.pl\\\/en\\\/#website\"},\"primaryImageOfPage\":{\"@id\":\"https:\\\/\\\/spawlab.pl\\\/en\\\/produkt\\\/bohler-welding-mt-440-w-u-d-mig-mag-4m-liquid-cooled-welding-gun-81-05-040\\\/#primaryimage\"},\"image\":{\"@id\":\"https:\\\/\\\/spawlab.pl\\\/en\\\/produkt\\\/bohler-welding-mt-440-w-u-d-mig-mag-4m-liquid-cooled-welding-gun-81-05-040\\\/#primaryimage\"},\"thumbnailUrl\":\"https:\\\/\\\/spawlab.pl\\\/wp-content\\\/uploads\\\/2025\\\/06\\\/Frame-1-scaled.png\",\"datePublished\":\"2025-07-09T21:45:46+00:00\",\"description\":\"[B\u00f6hler Welding MT 440 W U\\\/D MIG\\\/MAG 4m liquid-cooled chuck (81.05.040) - Precision U\\\/D control, high productivity. Professional welding. Check it out at SpawLab!]\",\"breadcrumb\":{\"@id\":\"https:\\\/\\\/spawlab.pl\\\/en\\\/produkt\\\/bohler-welding-mt-440-w-u-d-mig-mag-4m-liquid-cooled-welding-gun-81-05-040\\\/#breadcrumb\"},\"inLanguage\":\"en-US\",\"potentialAction\":[{\"@type\":\"ReadAction\",\"target\":[\"https:\\\/\\\/spawlab.pl\\\/en\\\/produkt\\\/bohler-welding-mt-440-w-u-d-mig-mag-4m-liquid-cooled-welding-gun-81-05-040\\\/\"]}]},{\"@type\":\"ImageObject\",\"inLanguage\":\"en-US\",\"@id\":\"https:\\\/\\\/spawlab.pl\\\/en\\\/produkt\\\/bohler-welding-mt-440-w-u-d-mig-mag-4m-liquid-cooled-welding-gun-81-05-040\\\/#primaryimage\",\"url\":\"https:\\\/\\\/spawlab.pl\\\/wp-content\\\/uploads\\\/2025\\\/06\\\/Frame-1-scaled.png\",\"contentUrl\":\"https:\\\/\\\/spawlab.pl\\\/wp-content\\\/uploads\\\/2025\\\/06\\\/Frame-1-scaled.png\",\"width\":2560,\"height\":2197},{\"@type\":\"BreadcrumbList\",\"@id\":\"https:\\\/\\\/spawlab.pl\\\/en\\\/produkt\\\/bohler-welding-mt-440-w-u-d-mig-mag-4m-liquid-cooled-welding-gun-81-05-040\\\/#breadcrumb\",\"itemListElement\":[{\"@type\":\"ListItem\",\"position\":1,\"name\":\"Strona g\u0142\u00f3wna\",\"item\":\"https:\\\/\\\/spawlab.pl\\\/en\\\/\"},{\"@type\":\"ListItem\",\"position\":2,\"name\":\"Store\",\"item\":\"https:\\\/\\\/spawlab.pl\\\/en\\\/shop\\\/\"},{\"@type\":\"ListItem\",\"position\":3,\"name\":\"B\u00f6hler Welding MT 440 W U\\\/D MIG\\\/MAG 4m liquid-cooled welding gun &#8211; 81.05.040\"}]},{\"@type\":\"WebSite\",\"@id\":\"https:\\\/\\\/spawlab.pl\\\/en\\\/#website\",\"url\":\"https:\\\/\\\/spawlab.pl\\\/en\\\/\",\"name\":\"Spawlab.pl Lider - Spawarki, Przecinarki Plazmowe, Kompresory\",\"description\":\"Urz\u0105dzenia spawalnicze i Przecinarki plazmowe\\\/ nowe i u\u017cywane \\\/ Profesjonalny serwis\",\"publisher\":{\"@id\":\"https:\\\/\\\/spawlab.pl\\\/en\\\/#organization\"},\"alternateName\":\"Spawlab.pl - Dystrybutor Premium i Serwis na Polske Migatronic, Gys, Voestalpine Bohler Welding\",\"potentialAction\":[{\"@type\":\"SearchAction\",\"target\":{\"@type\":\"EntryPoint\",\"urlTemplate\":\"https:\\\/\\\/spawlab.pl\\\/en\\\/?s={search_term_string}\"},\"query-input\":{\"@type\":\"PropertyValueSpecification\",\"valueRequired\":true,\"valueName\":\"search_term_string\"}}],\"inLanguage\":\"en-US\"},{\"@type\":[\"Organization\",\"Place\"],\"@id\":\"https:\\\/\\\/spawlab.pl\\\/en\\\/#organization\",\"name\":\"Spawlab.pl\",\"url\":\"https:\\\/\\\/spawlab.pl\\\/en\\\/\",\"logo\":{\"@id\":\"https:\\\/\\\/spawlab.pl\\\/en\\\/produkt\\\/bohler-welding-mt-440-w-u-d-mig-mag-4m-liquid-cooled-welding-gun-81-05-040\\\/#local-main-organization-logo\"},\"image\":{\"@id\":\"https:\\\/\\\/spawlab.pl\\\/en\\\/produkt\\\/bohler-welding-mt-440-w-u-d-mig-mag-4m-liquid-cooled-welding-gun-81-05-040\\\/#local-main-organization-logo\"},\"sameAs\":[\"https:\\\/\\\/www.facebook.com\\\/Spawlab\\\/\",\"https:\\\/\\\/www.linkedin.com\\\/company\\\/spawlab\",\"https:\\\/\\\/www.instagram.com\\\/spawlab.pl\",\"https:\\\/\\\/www.tiktok.com\\\/@spawlab\"],\"description\":\"Lider sprzeda\u017cy, Oficjalny Dystrybutor Premium i Serwis na Polsk\u0119 Migatronic, Gys, Voestalpine Bohler Welding. Nowe i u\u017cywane Spawarki, Przecinarki Plazmowe, Kompresory. Mgr in\u017c. Jaros\u0142aw Ko\u0142aski, IWE\",\"hasMerchantReturnPolicy\":{\"@type\":\"MerchantReturnPolicy\",\"merchantReturnLink\":\"https:\\\/\\\/spawlab.pl\\\/polityka-prywatnosci-2\\\/\"},\"telephone\":[],\"openingHoursSpecification\":[{\"@type\":\"OpeningHoursSpecification\",\"dayOfWeek\":[\"Monday\",\"Tuesday\",\"Wednesday\",\"Thursday\",\"Friday\",\"Saturday\",\"Sunday\"],\"opens\":\"09:00\",\"closes\":\"17:00\"}]},{\"@type\":\"ImageObject\",\"inLanguage\":\"en-US\",\"@id\":\"https:\\\/\\\/spawlab.pl\\\/en\\\/produkt\\\/bohler-welding-mt-440-w-u-d-mig-mag-4m-liquid-cooled-welding-gun-81-05-040\\\/#local-main-organization-logo\",\"url\":\"https:\\\/\\\/spawlab.pl\\\/wp-content\\\/uploads\\\/2022\\\/01\\\/olx.jpg\",\"contentUrl\":\"https:\\\/\\\/spawlab.pl\\\/wp-content\\\/uploads\\\/2022\\\/01\\\/olx.jpg\",\"width\":200,\"height\":200,\"caption\":\"Spawlab.pl\"}]}<\/script>\n<meta property=\"product:brand\" content=\"B\u00f6hler\" \/>\n<meta property=\"product:price:amount\" content=\"2528.14\" \/>\n<meta property=\"product:price:currency\" content=\"PLN\" \/>\n<meta property=\"og:availability\" content=\"backorder\" \/>\n<meta property=\"product:availability\" content=\"available for order\" \/>\n<meta property=\"product:retailer_item_id\" content=\"81.05.040\" \/>\n<meta property=\"product:condition\" content=\"new\" \/>\n<!-- \/ Yoast SEO Premium plugin. -->","yoast_head_json":{"title":"B\u00f6hler Welding Handle MT 440 W U\/D MIG\/MAG 4m Liquid - 81.05.040","description":"[B\u00f6hler Welding MT 440 W U\/D MIG\/MAG 4m liquid-cooled chuck (81.05.040) - Precision U\/D control, high productivity. Professional welding. Check it out at SpawLab!]","robots":{"index":"index","follow":"follow","max-snippet":"max-snippet:-1","max-image-preview":"max-image-preview:large","max-video-preview":"max-video-preview:-1"},"canonical":"https:\/\/spawlab.pl\/en\/produkt\/bohler-welding-mt-440-w-u-d-mig-mag-4m-liquid-cooled-welding-gun-81-05-040\/","og_locale":"en_US","og_type":"article","og_title":"B\u00f6hler Welding MT 440 W U\/D MIG\/MAG 4m liquid-cooled welding gun - 81.05.040","og_description":"Lider sprzeda\u017cy, Oficjalny Dystrybutor Premium i Serwis na Polsk\u0119 Migatronic, Gys, Voestalpine Bohler Welding. Nowe i u\u017cywane Spawarki, Przecinarki Plazmowe, Kompresory. Mgr in\u017c. Jaros\u0142aw Ko\u0142aski, IWE","og_url":"https:\/\/spawlab.pl\/en\/produkt\/bohler-welding-mt-440-w-u-d-mig-mag-4m-liquid-cooled-welding-gun-81-05-040\/","og_site_name":"SpawLab - Welding equipment and plasma cutters - store and service","article_publisher":"https:\/\/www.facebook.com\/Spawlab\/","og_image":[{"width":2560,"height":2197,"url":"https:\/\/spawlab.pl\/wp-content\/uploads\/2025\/06\/Frame-1-scaled.png","type":"image\/png"}],"twitter_misc":{"Price":"2 528,14&nbsp;&#122;&#322; (2 055,40&nbsp;&#122;&#322; netto)","Availability":"On backorder"},"schema":{"@context":"https:\/\/schema.org","@graph":[{"@type":["WebPage","ItemPage"],"@id":"https:\/\/spawlab.pl\/en\/produkt\/bohler-welding-mt-440-w-u-d-mig-mag-4m-liquid-cooled-welding-gun-81-05-040\/","url":"https:\/\/spawlab.pl\/en\/produkt\/bohler-welding-mt-440-w-u-d-mig-mag-4m-liquid-cooled-welding-gun-81-05-040\/","name":"B\u00f6hler Welding Handle MT 440 W U\/D MIG\/MAG 4m Liquid - 81.05.040","isPartOf":{"@id":"https:\/\/spawlab.pl\/en\/#website"},"primaryImageOfPage":{"@id":"https:\/\/spawlab.pl\/en\/produkt\/bohler-welding-mt-440-w-u-d-mig-mag-4m-liquid-cooled-welding-gun-81-05-040\/#primaryimage"},"image":{"@id":"https:\/\/spawlab.pl\/en\/produkt\/bohler-welding-mt-440-w-u-d-mig-mag-4m-liquid-cooled-welding-gun-81-05-040\/#primaryimage"},"thumbnailUrl":"https:\/\/spawlab.pl\/wp-content\/uploads\/2025\/06\/Frame-1-scaled.png","datePublished":"2025-07-09T21:45:46+00:00","description":"[B\u00f6hler Welding MT 440 W U\/D MIG\/MAG 4m liquid-cooled chuck (81.05.040) - Precision U\/D control, high productivity. Professional welding. Check it out at SpawLab!]","breadcrumb":{"@id":"https:\/\/spawlab.pl\/en\/produkt\/bohler-welding-mt-440-w-u-d-mig-mag-4m-liquid-cooled-welding-gun-81-05-040\/#breadcrumb"},"inLanguage":"en-US","potentialAction":[{"@type":"ReadAction","target":["https:\/\/spawlab.pl\/en\/produkt\/bohler-welding-mt-440-w-u-d-mig-mag-4m-liquid-cooled-welding-gun-81-05-040\/"]}]},{"@type":"ImageObject","inLanguage":"en-US","@id":"https:\/\/spawlab.pl\/en\/produkt\/bohler-welding-mt-440-w-u-d-mig-mag-4m-liquid-cooled-welding-gun-81-05-040\/#primaryimage","url":"https:\/\/spawlab.pl\/wp-content\/uploads\/2025\/06\/Frame-1-scaled.png","contentUrl":"https:\/\/spawlab.pl\/wp-content\/uploads\/2025\/06\/Frame-1-scaled.png","width":2560,"height":2197},{"@type":"BreadcrumbList","@id":"https:\/\/spawlab.pl\/en\/produkt\/bohler-welding-mt-440-w-u-d-mig-mag-4m-liquid-cooled-welding-gun-81-05-040\/#breadcrumb","itemListElement":[{"@type":"ListItem","position":1,"name":"Strona g\u0142\u00f3wna","item":"https:\/\/spawlab.pl\/en\/"},{"@type":"ListItem","position":2,"name":"Store","item":"https:\/\/spawlab.pl\/en\/shop\/"},{"@type":"ListItem","position":3,"name":"B\u00f6hler Welding MT 440 W U\/D MIG\/MAG 4m liquid-cooled welding gun &#8211; 81.05.040"}]},{"@type":"WebSite","@id":"https:\/\/spawlab.pl\/en\/#website","url":"https:\/\/spawlab.pl\/en\/","name":"Spawlab.pl Lider - Spawarki, Przecinarki Plazmowe, Kompresory","description":"Urz\u0105dzenia spawalnicze i Przecinarki plazmowe\/ nowe i u\u017cywane \/ Profesjonalny serwis","publisher":{"@id":"https:\/\/spawlab.pl\/en\/#organization"},"alternateName":"Spawlab.pl - Dystrybutor Premium i Serwis na Polske Migatronic, Gys, Voestalpine Bohler Welding","potentialAction":[{"@type":"SearchAction","target":{"@type":"EntryPoint","urlTemplate":"https:\/\/spawlab.pl\/en\/?s={search_term_string}"},"query-input":{"@type":"PropertyValueSpecification","valueRequired":true,"valueName":"search_term_string"}}],"inLanguage":"en-US"},{"@type":["Organization","Place"],"@id":"https:\/\/spawlab.pl\/en\/#organization","name":"Spawlab.pl","url":"https:\/\/spawlab.pl\/en\/","logo":{"@id":"https:\/\/spawlab.pl\/en\/produkt\/bohler-welding-mt-440-w-u-d-mig-mag-4m-liquid-cooled-welding-gun-81-05-040\/#local-main-organization-logo"},"image":{"@id":"https:\/\/spawlab.pl\/en\/produkt\/bohler-welding-mt-440-w-u-d-mig-mag-4m-liquid-cooled-welding-gun-81-05-040\/#local-main-organization-logo"},"sameAs":["https:\/\/www.facebook.com\/Spawlab\/","https:\/\/www.linkedin.com\/company\/spawlab","https:\/\/www.instagram.com\/spawlab.pl","https:\/\/www.tiktok.com\/@spawlab"],"description":"Lider sprzeda\u017cy, Oficjalny Dystrybutor Premium i Serwis na Polsk\u0119 Migatronic, Gys, Voestalpine Bohler Welding. Nowe i u\u017cywane Spawarki, Przecinarki Plazmowe, Kompresory. Mgr in\u017c. Jaros\u0142aw Ko\u0142aski, IWE","hasMerchantReturnPolicy":{"@type":"MerchantReturnPolicy","merchantReturnLink":"https:\/\/spawlab.pl\/polityka-prywatnosci-2\/"},"telephone":[],"openingHoursSpecification":[{"@type":"OpeningHoursSpecification","dayOfWeek":["Monday","Tuesday","Wednesday","Thursday","Friday","Saturday","Sunday"],"opens":"09:00","closes":"17:00"}]},{"@type":"ImageObject","inLanguage":"en-US","@id":"https:\/\/spawlab.pl\/en\/produkt\/bohler-welding-mt-440-w-u-d-mig-mag-4m-liquid-cooled-welding-gun-81-05-040\/#local-main-organization-logo","url":"https:\/\/spawlab.pl\/wp-content\/uploads\/2022\/01\/olx.jpg","contentUrl":"https:\/\/spawlab.pl\/wp-content\/uploads\/2022\/01\/olx.jpg","width":200,"height":200,"caption":"Spawlab.pl"}]},"product_brand":"B\u00f6hler","product_price_amount":"2528.14","product_price_currency":"PLN","og_availability":"backorder","product_availability":"available for order","product_retailer_item_id":"81.05.040","product_condition":"new"},"_links":{"self":[{"href":"https:\/\/spawlab.pl\/en\/wp-json\/wp\/v2\/product\/43552","targetHints":{"allow":["GET"]}}],"collection":[{"href":"https:\/\/spawlab.pl\/en\/wp-json\/wp\/v2\/product"}],"about":[{"href":"https:\/\/spawlab.pl\/en\/wp-json\/wp\/v2\/types\/product"}],"wp:featuredmedia":[{"embeddable":true,"href":"https:\/\/spawlab.pl\/en\/wp-json\/wp\/v2\/media\/38560"}],"wp:attachment":[{"href":"https:\/\/spawlab.pl\/en\/wp-json\/wp\/v2\/media?parent=43552"}],"wp:term":[{"taxonomy":"product_brand","embeddable":true,"href":"https:\/\/spawlab.pl\/en\/wp-json\/wp\/v2\/product_brand?post=43552"},{"taxonomy":"product_cat","embeddable":true,"href":"https:\/\/spawlab.pl\/en\/wp-json\/wp\/v2\/product_cat?post=43552"},{"taxonomy":"product_tag","embeddable":true,"href":"https:\/\/spawlab.pl\/en\/wp-json\/wp\/v2\/product_tag?post=43552"}],"curies":[{"name":"wp","href":"https:\/\/api.w.org\/{rel}","templated":true}]}}