{"id":43558,"date":"2025-07-09T23:45:34","date_gmt":"2025-07-09T21:45:34","guid":{"rendered":"https:\/\/spawlab.pl\/produkt\/bohler-welding-program-package-diamondspark-900-mc-o1-0-1-2mm-m21-79-i2-00006\/"},"modified":"2025-07-09T23:45:34","modified_gmt":"2025-07-09T21:45:34","slug":"bohler-welding-program-package-diamondspark-900-mc-o1-0-1-2mm-m21-79-i2-00006","status":"publish","type":"product","link":"https:\/\/spawlab.pl\/en\/produkt\/bohler-welding-program-package-diamondspark-900-mc-o1-0-1-2mm-m21-79-i2-00006\/","title":{"rendered":"B\u00f6hler Welding Program Package diamondspark 900 MC \u00d81.0-1.2mm M21 &#8211; 79.I2.00006"},"content":{"rendered":"<div class=\"custom-product-section distributor-info spawlab-info\">\n<p><strong>SpawLab &#8211; your Authorized Voestalpine B\u00f6hler Welding Partner in Poland!<\/strong><\/p>\n<p>We are <strong>an official distributor of<\/strong> Voestalpine B\u00f6hler Welding equipment and <strong>an Authorized Service Center in Poland<\/strong>. Our team has undergone <strong>rigorous technical training directly in Italy<\/strong> at the manufacturer&#8217;s centers. <\/p>\n<p>When you choose SpawLab, you are assured of original products, access to B\u00f6hler Welding solutions, professional advice and service support.<\/p>\n<\/div>\n<div class=\"custom-product-section product-intro\">\n<h2 class=\"product-section-title main-product-title\">B\u00f6hler Welding Program Package diamondspark 900 MC \u00d81.0-1.2mm M21 &#8211; 79.I2.00006<\/h2>\n<div class=\"description-content product-marketing-description\">\n<p>B\u00f6hler Welding Welding Program Package for diamondspark 900 MC wire (\u00d81.0-1.2mm, M21 gas) is specialized synergy software developed by Voestalpine B\u00f6hler Welding to unlock the full potential of your advanced welding machine. Designed for professionals looking for the ultimate in precision and performance, this package guarantees perfectly matched, factory-supplied welding parameters. This translates directly into excellent weld quality, significant error reduction and increased efficiency when working with diamondspark 900 MC high-performance metallic core wire.  <\/p>\n<p>Investing in this package is a step toward optimizing welding processes, minimizing material and labor costs, and achieving repeatable, flawless results in demanding industrial applications.<\/p>\n<\/div>\n<\/div>\n<h3 class=\"custom-product-heading advanced-features-heading\">Explore Advanced Capabilities Full Welding Programs Package &#8211; diamondspark 900 MC \u00d81.0-1.2mm M21 (Ar18%CO2)<\/h3>\n<div class=\"custom-accordion advanced-features-accordion\">\n<details class=\"custom-accordion-item\">\n<summary class=\"custom-subtitle accordion-title\">? B\u00f6hler Arc Intelligent Welding Programs<\/summary>\n<div class=\"accordion-content\">\n<p>The Welding Program Package for diamondspark 900 MC wire is a precisely calibrated set of <strong>B\u00f6hler Arc synergy curves<\/strong> created by Voestalpine B\u00f6hler Welding engineers. At the heart of the brand&#8217;s advanced welding equipment, the B\u00f6hler Arc system offers <strong>access to up to 600 ready-made, optimized programs<\/strong> for a wide range of materials, wires (including cored wires like diamondspark) and shielding gases, covering MIG\/MAG, TIG and MMA processes. <\/p>\n<p>This dedicated package for diamondspark 900 MC (\u00d81.0-1.2mm, M21) <strong>automatically adjusts all key welding parameters<\/strong> &#8211; such as arc voltage or wire feed speed &#8211; based on a single main parameter set by the operator (e.g., weld material thickness or welding current). The result is a <strong>significant simplification of the machine&#8217;s operation<\/strong>, elimination of time-consuming trial and error, and <strong>a guarantee of optimal welding results<\/strong> every time. Professionals value the B\u00f6hler Arc system for its <strong>reliable repeatability of weld quality<\/strong>, <strong>minimized spatters<\/strong> and <strong>a perceptible increase in productivity<\/strong> thanks to perfectly synchronized settings, specifically selected for the characteristics of diamondspark 900 MC wire and M21 gas.  <\/p>\n<\/div>\n<\/details>\n<\/div>\n<div class=\"custom-product-section product-specs\">\n<h3 class=\"custom-product-heading specs-heading\">Technical Specifications<\/h3>\n<table class=\"specs-table\">\n<thead>\n<tr>\n<th>Parameter<\/th>\n<th>Value<\/th>\n<\/tr>\n<\/thead>\n<tbody>\n<tr>\n<td>Product type<\/td>\n<td>Welding Software Package (synergy software)<\/td>\n<\/tr>\n<tr>\n<td>Compatible welding wire<\/td>\n<td>B\u00f6hler Welding diamondspark 900 MC<\/td>\n<\/tr>\n<tr>\n<td>Supported wire diameters<\/td>\n<td>1.0 mm, 1.2 mm<\/td>\n<\/tr>\n<tr>\n<td>Recommended shielding gas<\/td>\n<td>M21 (Argon with 18% CO2)<\/td>\n<\/tr>\n<tr>\n<td>Part number (Art. No.)<\/td>\n<td>79.I2.00006<\/td>\n<\/tr>\n<tr>\n<td>Compatibility<\/td>\n<td>Selected B\u00f6hler Welding equipment equipped with the B\u00f6hler Arc \/ myNX synergy program system (e.g. URANOS NX series, TERRA NX series with the corresponding software).<\/td>\n<\/tr>\n<tr>\n<td>Manufacturer<\/td>\n<td>Voestalpine B\u00f6hler Welding<\/td>\n<\/tr>\n<\/tbody>\n<\/table>\n<\/div>\n<div class=\"custom-product-section product-set-contents\">\n<h3 class=\"custom-product-heading set-contents-heading\">Kit Contents \/ Packaging<\/h3>\n<p>? The product (Welding Program Package &#8211; diamondspark 900 MC \u00d81.0-1.2mm M21 (Ar18%CO2), Art. No. 79.I2.00006) is supplied as a single license\/data file (1 unit) for installation on a compatible B\u00f6hler Welding device, according to the manufacturer&#8217;s standard Voestalpine B\u00f6hler Welding. Additional accessories, such as welding equipment or welding wires, are available separately.   <\/p>\n<\/div>\n<div class=\"custom-product-section product-features\">\n<h3 class=\"custom-product-heading features-heading\">Key Features and Benefits<\/h3>\n<ul class=\"custom-product-list features-list\">\n<li>? <strong>Perfect Optimization for diamondspark 900 MC:<\/strong> Dedicated factory synergy curves ensure ideal performance for diamondspark 900 MC metallic core wire (\u00d81.0-1.2mm) in M21 gas shielding, maximizing quality, weld repeatability and fusion efficiency.<\/li>\n<li>\u2699\ufe0f <strong>B\u00f6hler Arc Advanced Synergy:<\/strong> Immediate access to optimal welding settings developed by B\u00f6hler Welding experts, which reduces preparation time, eliminates the risk of errors and guarantees top-quality welds.<\/li>\n<li>? <strong>Increase Productivity and Reduce Costs:<\/strong> Perfectly matched parameters enable higher welding speeds, minimize spatter and reduce the need for post-weld machining, directly reducing operating and material costs.<\/li>\n<li>\u2705 <strong>Quality and Innovation &#8216;Made in Europe&#8217;:<\/strong> Software developed based on Voestalpine B\u00f6hler Welding&#8217;s many years of experience and advanced technologies, guaranteeing the full potential of the brand&#8217;s welding equipment and materials.<\/li>\n<\/ul>\n<\/div>\n<div class=\"custom-product-section product-application\">\n<h3 class=\"custom-product-heading application-heading\">Product Application<\/h3>\n<ul class=\"custom-product-list application-list\">\n<li>The B\u00f6hler Welding diamondspark 900 MC welding program package is key for professionals seeking to maximize quality and efficiency in:<\/li>\n<li>? <strong>Heavy industry and steel structures:<\/strong> Optimization of welding of carbon and low-alloy steels, e.g., in the manufacture of machinery, vehicles, load-bearing structures.<\/li>\n<li>?\ufe0f <strong>Construction and Infrastructure:<\/strong> Ensuring high quality and performance of welded joints in bridge structures, industrial halls, pipelines.<\/li>\n<li>? S <strong>hipbuilding and offshore industry:<\/strong> Efficient welding of hull components and other components of ships and platforms, where high performance and reliable welds are required.<\/li>\n<li>?\ufe0f <strong>Serial and unit production:<\/strong> Guarantee reproducible, high-quality welds when welding steel components, such as in the automotive or tank manufacturing industries.<\/li>\n<li>\u26a1 <strong>Applications requiring high fusion efficiency:<\/strong> Ideal for jobs where speed and perfect fusion are important, such as welding thick sections with metallic core wire.<\/li>\n<\/ul>\n<\/div>\n<div class=\"custom-product-section product-summary conclusion\">\n<h3 class=\"custom-product-heading summary-heading\">Summary: Full Welding Programs Package &#8211; diamondspark 900 MC \u00d81.0-1.2mm M21 (Ar18%CO2) &#8211; Your Investment in Quality B\u00f6hler Welding<\/h3>\n<div class=\"summary-content\">\n<p>? B\u00f6hler Welding&#8217;s Welding Program Package for diamondspark 900 MC wire is your direct route to achieving masterful precision and maximum productivity in welding steel. Realize the full potential of your advanced B\u00f6hler Welding materials and equipment with factory-optimized, synergistic welding programs that guarantee world-class welds. To explore the full capabilities of B\u00f6hler Welding&#8217;s Welding Program Package &#8211; diamondspark 900 MC \u00d81.0-1.2mm M21 (Ar18%CO2) and get the best deal, contact the experts at SpawLab &#8211; the official distributor and authorized service provider of Voestalpine B\u00f6hler Welding in Poland. Our team, trained in Italy, is at your service.   <\/p>\n<\/div>\n<\/div>\n<div class=\"custom-product-section product-codes-info\">\n<p><strong>Part number (Art. No.):<\/strong> 79.I2.00006<\/p>\n<\/div>\n","protected":false},"excerpt":{"rendered":"<p>B\u00f6hler Welding Program package diamondspark 900 MC M21 (79.I2.00006) &#8211; optimal synergy for professionals. Highest welding quality. <\/p>\n","protected":false},"featured_media":38560,"template":"","meta":{"inline_featured_image":false},"product_brand":[772],"product_cat":[11536,5686],"product_tag":[13588,4432,12037,14112,11553,13183,8809],"class_list":{"0":"post-43558","1":"product","2":"type-product","3":"status-publish","4":"has-post-thumbnail","6":"product_brand-bohler","7":"product_cat-bohler-en-2","8":"product_cat-brand-zone","9":"product_tag-bohler-core-wire","10":"product_tag-bohler-welding-en-2","11":"product_tag-bohler-welding-software-en","12":"product_tag-diamondspark-900-mc-en","13":"product_tag-m21-en","14":"product_tag-welding-programs","15":"product_tag-welding-synergy-en","17":"first","18":"onbackorder","19":"taxable","20":"shipping-taxable","21":"purchasable","22":"product-type-simple"},"yoast_head":"<!-- This site is optimized with the Yoast SEO Premium plugin v27.0 (Yoast SEO v27.3) - https:\/\/yoast.com\/product\/yoast-seo-premium-wordpress\/ -->\n<title>B\u00f6hler Package Prog. diamondspark 900MC M21 79.I2.00006<\/title>\n<meta name=\"description\" content=\"B\u00f6hler Welding Program package diamondspark 900 MC M21 (79.I2.00006) - optimal synergy for professionals. Highest welding quality. Check it out at SpawLab!\" \/>\n<meta name=\"robots\" content=\"index, follow, max-snippet:-1, max-image-preview:large, max-video-preview:-1\" \/>\n<link rel=\"canonical\" href=\"https:\/\/spawlab.pl\/en\/produkt\/bohler-welding-program-package-diamondspark-900-mc-o1-0-1-2mm-m21-79-i2-00006\/\" \/>\n<meta property=\"og:locale\" content=\"en_US\" \/>\n<meta property=\"og:type\" content=\"article\" \/>\n<meta property=\"og:title\" content=\"B\u00f6hler Welding Program Package diamondspark 900 MC \u00d81.0-1.2mm M21 - 79.I2.00006\" \/>\n<meta property=\"og:description\" content=\"Lider sprzeda\u017cy, Oficjalny Dystrybutor Premium i Serwis na Polsk\u0119 Migatronic, Gys, Voestalpine Bohler Welding. Nowe i u\u017cywane Spawarki, Przecinarki Plazmowe, Kompresory. Mgr in\u017c. Jaros\u0142aw Ko\u0142aski, IWE\" \/>\n<meta property=\"og:url\" content=\"https:\/\/spawlab.pl\/en\/produkt\/bohler-welding-program-package-diamondspark-900-mc-o1-0-1-2mm-m21-79-i2-00006\/\" \/>\n<meta property=\"og:site_name\" content=\"SpawLab - Welding equipment and plasma cutters - store and service\" \/>\n<meta property=\"article:publisher\" content=\"https:\/\/www.facebook.com\/Spawlab\/\" \/>\n<meta property=\"og:image\" content=\"https:\/\/spawlab.pl\/wp-content\/uploads\/2025\/06\/Frame-1-scaled.png\" \/>\n\t<meta property=\"og:image:width\" content=\"2560\" \/>\n\t<meta property=\"og:image:height\" content=\"2197\" \/>\n\t<meta property=\"og:image:type\" content=\"image\/png\" \/>\n<meta name=\"twitter:label1\" content=\"Price\" \/>\n\t<meta name=\"twitter:data1\" content=\"2 321,87&nbsp;&#122;&#322; (1 887,70&nbsp;&#122;&#322; netto)\" \/>\n\t<meta name=\"twitter:label2\" content=\"Availability\" \/>\n\t<meta name=\"twitter:data2\" content=\"On backorder\" \/>\n<script type=\"application\/ld+json\" class=\"yoast-schema-graph\">{\"@context\":\"https:\\\/\\\/schema.org\",\"@graph\":[{\"@type\":[\"WebPage\",\"ItemPage\"],\"@id\":\"https:\\\/\\\/spawlab.pl\\\/en\\\/produkt\\\/bohler-welding-program-package-diamondspark-900-mc-o1-0-1-2mm-m21-79-i2-00006\\\/\",\"url\":\"https:\\\/\\\/spawlab.pl\\\/en\\\/produkt\\\/bohler-welding-program-package-diamondspark-900-mc-o1-0-1-2mm-m21-79-i2-00006\\\/\",\"name\":\"B\u00f6hler Package Prog. diamondspark 900MC M21 79.I2.00006\",\"isPartOf\":{\"@id\":\"https:\\\/\\\/spawlab.pl\\\/en\\\/#website\"},\"primaryImageOfPage\":{\"@id\":\"https:\\\/\\\/spawlab.pl\\\/en\\\/produkt\\\/bohler-welding-program-package-diamondspark-900-mc-o1-0-1-2mm-m21-79-i2-00006\\\/#primaryimage\"},\"image\":{\"@id\":\"https:\\\/\\\/spawlab.pl\\\/en\\\/produkt\\\/bohler-welding-program-package-diamondspark-900-mc-o1-0-1-2mm-m21-79-i2-00006\\\/#primaryimage\"},\"thumbnailUrl\":\"https:\\\/\\\/spawlab.pl\\\/wp-content\\\/uploads\\\/2025\\\/06\\\/Frame-1-scaled.png\",\"datePublished\":\"2025-07-09T21:45:34+00:00\",\"description\":\"B\u00f6hler Welding Program package diamondspark 900 MC M21 (79.I2.00006) - optimal synergy for professionals. Highest welding quality. Check it out at SpawLab!\",\"breadcrumb\":{\"@id\":\"https:\\\/\\\/spawlab.pl\\\/en\\\/produkt\\\/bohler-welding-program-package-diamondspark-900-mc-o1-0-1-2mm-m21-79-i2-00006\\\/#breadcrumb\"},\"inLanguage\":\"en-US\",\"potentialAction\":[{\"@type\":\"ReadAction\",\"target\":[\"https:\\\/\\\/spawlab.pl\\\/en\\\/produkt\\\/bohler-welding-program-package-diamondspark-900-mc-o1-0-1-2mm-m21-79-i2-00006\\\/\"]}]},{\"@type\":\"ImageObject\",\"inLanguage\":\"en-US\",\"@id\":\"https:\\\/\\\/spawlab.pl\\\/en\\\/produkt\\\/bohler-welding-program-package-diamondspark-900-mc-o1-0-1-2mm-m21-79-i2-00006\\\/#primaryimage\",\"url\":\"https:\\\/\\\/spawlab.pl\\\/wp-content\\\/uploads\\\/2025\\\/06\\\/Frame-1-scaled.png\",\"contentUrl\":\"https:\\\/\\\/spawlab.pl\\\/wp-content\\\/uploads\\\/2025\\\/06\\\/Frame-1-scaled.png\",\"width\":2560,\"height\":2197},{\"@type\":\"BreadcrumbList\",\"@id\":\"https:\\\/\\\/spawlab.pl\\\/en\\\/produkt\\\/bohler-welding-program-package-diamondspark-900-mc-o1-0-1-2mm-m21-79-i2-00006\\\/#breadcrumb\",\"itemListElement\":[{\"@type\":\"ListItem\",\"position\":1,\"name\":\"Strona g\u0142\u00f3wna\",\"item\":\"https:\\\/\\\/spawlab.pl\\\/en\\\/\"},{\"@type\":\"ListItem\",\"position\":2,\"name\":\"Store\",\"item\":\"https:\\\/\\\/spawlab.pl\\\/en\\\/shop\\\/\"},{\"@type\":\"ListItem\",\"position\":3,\"name\":\"B\u00f6hler Welding Program Package diamondspark 900 MC \u00d81.0-1.2mm M21 &#8211; 79.I2.00006\"}]},{\"@type\":\"WebSite\",\"@id\":\"https:\\\/\\\/spawlab.pl\\\/en\\\/#website\",\"url\":\"https:\\\/\\\/spawlab.pl\\\/en\\\/\",\"name\":\"Spawlab.pl Lider - Spawarki, Przecinarki Plazmowe, Kompresory\",\"description\":\"Urz\u0105dzenia spawalnicze i Przecinarki plazmowe\\\/ nowe i u\u017cywane \\\/ Profesjonalny serwis\",\"publisher\":{\"@id\":\"https:\\\/\\\/spawlab.pl\\\/en\\\/#organization\"},\"alternateName\":\"Spawlab.pl - Dystrybutor Premium i Serwis na Polske Migatronic, Gys, Voestalpine Bohler Welding\",\"potentialAction\":[{\"@type\":\"SearchAction\",\"target\":{\"@type\":\"EntryPoint\",\"urlTemplate\":\"https:\\\/\\\/spawlab.pl\\\/en\\\/?s={search_term_string}\"},\"query-input\":{\"@type\":\"PropertyValueSpecification\",\"valueRequired\":true,\"valueName\":\"search_term_string\"}}],\"inLanguage\":\"en-US\"},{\"@type\":[\"Organization\",\"Place\"],\"@id\":\"https:\\\/\\\/spawlab.pl\\\/en\\\/#organization\",\"name\":\"Spawlab.pl\",\"url\":\"https:\\\/\\\/spawlab.pl\\\/en\\\/\",\"logo\":{\"@id\":\"https:\\\/\\\/spawlab.pl\\\/en\\\/produkt\\\/bohler-welding-program-package-diamondspark-900-mc-o1-0-1-2mm-m21-79-i2-00006\\\/#local-main-organization-logo\"},\"image\":{\"@id\":\"https:\\\/\\\/spawlab.pl\\\/en\\\/produkt\\\/bohler-welding-program-package-diamondspark-900-mc-o1-0-1-2mm-m21-79-i2-00006\\\/#local-main-organization-logo\"},\"sameAs\":[\"https:\\\/\\\/www.facebook.com\\\/Spawlab\\\/\",\"https:\\\/\\\/www.linkedin.com\\\/company\\\/spawlab\",\"https:\\\/\\\/www.instagram.com\\\/spawlab.pl\",\"https:\\\/\\\/www.tiktok.com\\\/@spawlab\"],\"description\":\"Lider sprzeda\u017cy, Oficjalny Dystrybutor Premium i Serwis na Polsk\u0119 Migatronic, Gys, Voestalpine Bohler Welding. Nowe i u\u017cywane Spawarki, Przecinarki Plazmowe, Kompresory. Mgr in\u017c. Jaros\u0142aw Ko\u0142aski, IWE\",\"hasMerchantReturnPolicy\":{\"@type\":\"MerchantReturnPolicy\",\"merchantReturnLink\":\"https:\\\/\\\/spawlab.pl\\\/polityka-prywatnosci-2\\\/\"},\"telephone\":[],\"openingHoursSpecification\":[{\"@type\":\"OpeningHoursSpecification\",\"dayOfWeek\":[\"Monday\",\"Tuesday\",\"Wednesday\",\"Thursday\",\"Friday\",\"Saturday\",\"Sunday\"],\"opens\":\"09:00\",\"closes\":\"17:00\"}]},{\"@type\":\"ImageObject\",\"inLanguage\":\"en-US\",\"@id\":\"https:\\\/\\\/spawlab.pl\\\/en\\\/produkt\\\/bohler-welding-program-package-diamondspark-900-mc-o1-0-1-2mm-m21-79-i2-00006\\\/#local-main-organization-logo\",\"url\":\"https:\\\/\\\/spawlab.pl\\\/wp-content\\\/uploads\\\/2022\\\/01\\\/olx.jpg\",\"contentUrl\":\"https:\\\/\\\/spawlab.pl\\\/wp-content\\\/uploads\\\/2022\\\/01\\\/olx.jpg\",\"width\":200,\"height\":200,\"caption\":\"Spawlab.pl\"}]}<\/script>\n<meta property=\"product:brand\" content=\"B\u00f6hler\" \/>\n<meta property=\"product:price:amount\" content=\"2321.87\" \/>\n<meta property=\"product:price:currency\" content=\"PLN\" \/>\n<meta property=\"og:availability\" content=\"backorder\" \/>\n<meta property=\"product:availability\" content=\"available for order\" \/>\n<meta property=\"product:retailer_item_id\" content=\"79.I2.00006\" \/>\n<meta property=\"product:condition\" content=\"new\" \/>\n<!-- \/ Yoast SEO Premium plugin. -->","yoast_head_json":{"title":"B\u00f6hler Package Prog. diamondspark 900MC M21 79.I2.00006","description":"B\u00f6hler Welding Program package diamondspark 900 MC M21 (79.I2.00006) - optimal synergy for professionals. Highest welding quality. Check it out at SpawLab!","robots":{"index":"index","follow":"follow","max-snippet":"max-snippet:-1","max-image-preview":"max-image-preview:large","max-video-preview":"max-video-preview:-1"},"canonical":"https:\/\/spawlab.pl\/en\/produkt\/bohler-welding-program-package-diamondspark-900-mc-o1-0-1-2mm-m21-79-i2-00006\/","og_locale":"en_US","og_type":"article","og_title":"B\u00f6hler Welding Program Package diamondspark 900 MC \u00d81.0-1.2mm M21 - 79.I2.00006","og_description":"Lider sprzeda\u017cy, Oficjalny Dystrybutor Premium i Serwis na Polsk\u0119 Migatronic, Gys, Voestalpine Bohler Welding. Nowe i u\u017cywane Spawarki, Przecinarki Plazmowe, Kompresory. Mgr in\u017c. Jaros\u0142aw Ko\u0142aski, IWE","og_url":"https:\/\/spawlab.pl\/en\/produkt\/bohler-welding-program-package-diamondspark-900-mc-o1-0-1-2mm-m21-79-i2-00006\/","og_site_name":"SpawLab - Welding equipment and plasma cutters - store and service","article_publisher":"https:\/\/www.facebook.com\/Spawlab\/","og_image":[{"width":2560,"height":2197,"url":"https:\/\/spawlab.pl\/wp-content\/uploads\/2025\/06\/Frame-1-scaled.png","type":"image\/png"}],"twitter_misc":{"Price":"2 321,87&nbsp;&#122;&#322; (1 887,70&nbsp;&#122;&#322; netto)","Availability":"On backorder"},"schema":{"@context":"https:\/\/schema.org","@graph":[{"@type":["WebPage","ItemPage"],"@id":"https:\/\/spawlab.pl\/en\/produkt\/bohler-welding-program-package-diamondspark-900-mc-o1-0-1-2mm-m21-79-i2-00006\/","url":"https:\/\/spawlab.pl\/en\/produkt\/bohler-welding-program-package-diamondspark-900-mc-o1-0-1-2mm-m21-79-i2-00006\/","name":"B\u00f6hler Package Prog. diamondspark 900MC M21 79.I2.00006","isPartOf":{"@id":"https:\/\/spawlab.pl\/en\/#website"},"primaryImageOfPage":{"@id":"https:\/\/spawlab.pl\/en\/produkt\/bohler-welding-program-package-diamondspark-900-mc-o1-0-1-2mm-m21-79-i2-00006\/#primaryimage"},"image":{"@id":"https:\/\/spawlab.pl\/en\/produkt\/bohler-welding-program-package-diamondspark-900-mc-o1-0-1-2mm-m21-79-i2-00006\/#primaryimage"},"thumbnailUrl":"https:\/\/spawlab.pl\/wp-content\/uploads\/2025\/06\/Frame-1-scaled.png","datePublished":"2025-07-09T21:45:34+00:00","description":"B\u00f6hler Welding Program package diamondspark 900 MC M21 (79.I2.00006) - optimal synergy for professionals. Highest welding quality. Check it out at SpawLab!","breadcrumb":{"@id":"https:\/\/spawlab.pl\/en\/produkt\/bohler-welding-program-package-diamondspark-900-mc-o1-0-1-2mm-m21-79-i2-00006\/#breadcrumb"},"inLanguage":"en-US","potentialAction":[{"@type":"ReadAction","target":["https:\/\/spawlab.pl\/en\/produkt\/bohler-welding-program-package-diamondspark-900-mc-o1-0-1-2mm-m21-79-i2-00006\/"]}]},{"@type":"ImageObject","inLanguage":"en-US","@id":"https:\/\/spawlab.pl\/en\/produkt\/bohler-welding-program-package-diamondspark-900-mc-o1-0-1-2mm-m21-79-i2-00006\/#primaryimage","url":"https:\/\/spawlab.pl\/wp-content\/uploads\/2025\/06\/Frame-1-scaled.png","contentUrl":"https:\/\/spawlab.pl\/wp-content\/uploads\/2025\/06\/Frame-1-scaled.png","width":2560,"height":2197},{"@type":"BreadcrumbList","@id":"https:\/\/spawlab.pl\/en\/produkt\/bohler-welding-program-package-diamondspark-900-mc-o1-0-1-2mm-m21-79-i2-00006\/#breadcrumb","itemListElement":[{"@type":"ListItem","position":1,"name":"Strona g\u0142\u00f3wna","item":"https:\/\/spawlab.pl\/en\/"},{"@type":"ListItem","position":2,"name":"Store","item":"https:\/\/spawlab.pl\/en\/shop\/"},{"@type":"ListItem","position":3,"name":"B\u00f6hler Welding Program Package diamondspark 900 MC \u00d81.0-1.2mm M21 &#8211; 79.I2.00006"}]},{"@type":"WebSite","@id":"https:\/\/spawlab.pl\/en\/#website","url":"https:\/\/spawlab.pl\/en\/","name":"Spawlab.pl Lider - Spawarki, Przecinarki Plazmowe, Kompresory","description":"Urz\u0105dzenia spawalnicze i Przecinarki plazmowe\/ nowe i u\u017cywane \/ Profesjonalny serwis","publisher":{"@id":"https:\/\/spawlab.pl\/en\/#organization"},"alternateName":"Spawlab.pl - Dystrybutor Premium i Serwis na Polske Migatronic, Gys, Voestalpine Bohler Welding","potentialAction":[{"@type":"SearchAction","target":{"@type":"EntryPoint","urlTemplate":"https:\/\/spawlab.pl\/en\/?s={search_term_string}"},"query-input":{"@type":"PropertyValueSpecification","valueRequired":true,"valueName":"search_term_string"}}],"inLanguage":"en-US"},{"@type":["Organization","Place"],"@id":"https:\/\/spawlab.pl\/en\/#organization","name":"Spawlab.pl","url":"https:\/\/spawlab.pl\/en\/","logo":{"@id":"https:\/\/spawlab.pl\/en\/produkt\/bohler-welding-program-package-diamondspark-900-mc-o1-0-1-2mm-m21-79-i2-00006\/#local-main-organization-logo"},"image":{"@id":"https:\/\/spawlab.pl\/en\/produkt\/bohler-welding-program-package-diamondspark-900-mc-o1-0-1-2mm-m21-79-i2-00006\/#local-main-organization-logo"},"sameAs":["https:\/\/www.facebook.com\/Spawlab\/","https:\/\/www.linkedin.com\/company\/spawlab","https:\/\/www.instagram.com\/spawlab.pl","https:\/\/www.tiktok.com\/@spawlab"],"description":"Lider sprzeda\u017cy, Oficjalny Dystrybutor Premium i Serwis na Polsk\u0119 Migatronic, Gys, Voestalpine Bohler Welding. Nowe i u\u017cywane Spawarki, Przecinarki Plazmowe, Kompresory. Mgr in\u017c. Jaros\u0142aw Ko\u0142aski, IWE","hasMerchantReturnPolicy":{"@type":"MerchantReturnPolicy","merchantReturnLink":"https:\/\/spawlab.pl\/polityka-prywatnosci-2\/"},"telephone":[],"openingHoursSpecification":[{"@type":"OpeningHoursSpecification","dayOfWeek":["Monday","Tuesday","Wednesday","Thursday","Friday","Saturday","Sunday"],"opens":"09:00","closes":"17:00"}]},{"@type":"ImageObject","inLanguage":"en-US","@id":"https:\/\/spawlab.pl\/en\/produkt\/bohler-welding-program-package-diamondspark-900-mc-o1-0-1-2mm-m21-79-i2-00006\/#local-main-organization-logo","url":"https:\/\/spawlab.pl\/wp-content\/uploads\/2022\/01\/olx.jpg","contentUrl":"https:\/\/spawlab.pl\/wp-content\/uploads\/2022\/01\/olx.jpg","width":200,"height":200,"caption":"Spawlab.pl"}]},"product_brand":"B\u00f6hler","product_price_amount":"2321.87","product_price_currency":"PLN","og_availability":"backorder","product_availability":"available for order","product_retailer_item_id":"79.I2.00006","product_condition":"new"},"_links":{"self":[{"href":"https:\/\/spawlab.pl\/en\/wp-json\/wp\/v2\/product\/43558","targetHints":{"allow":["GET"]}}],"collection":[{"href":"https:\/\/spawlab.pl\/en\/wp-json\/wp\/v2\/product"}],"about":[{"href":"https:\/\/spawlab.pl\/en\/wp-json\/wp\/v2\/types\/product"}],"wp:featuredmedia":[{"embeddable":true,"href":"https:\/\/spawlab.pl\/en\/wp-json\/wp\/v2\/media\/38560"}],"wp:attachment":[{"href":"https:\/\/spawlab.pl\/en\/wp-json\/wp\/v2\/media?parent=43558"}],"wp:term":[{"taxonomy":"product_brand","embeddable":true,"href":"https:\/\/spawlab.pl\/en\/wp-json\/wp\/v2\/product_brand?post=43558"},{"taxonomy":"product_cat","embeddable":true,"href":"https:\/\/spawlab.pl\/en\/wp-json\/wp\/v2\/product_cat?post=43558"},{"taxonomy":"product_tag","embeddable":true,"href":"https:\/\/spawlab.pl\/en\/wp-json\/wp\/v2\/product_tag?post=43558"}],"curies":[{"name":"wp","href":"https:\/\/api.w.org\/{rel}","templated":true}]}}