{"id":43561,"date":"2025-07-09T23:45:44","date_gmt":"2025-07-09T21:45:44","guid":{"rendered":"https:\/\/spawlab.pl\/produkt\/bohler-welding-nicr-9-nb-i1-ar-program-package-cladpulse-79-i2-00128\/"},"modified":"2025-07-09T23:45:44","modified_gmt":"2025-07-09T21:45:44","slug":"bohler-welding-nicr-9-nb-i1-ar-program-package-cladpulse-79-i2-00128","status":"publish","type":"product","link":"https:\/\/spawlab.pl\/en\/produkt\/bohler-welding-nicr-9-nb-i1-ar-program-package-cladpulse-79-i2-00128\/","title":{"rendered":"B\u00f6hler Welding NiCr 9 Nb I1 (Ar) Program Package &#8211; CladPulse &#8211; 79.I2.00128"},"content":{"rendered":"<div class=\"custom-product-section distributor-info spawlab-info\">\n<p><strong>SpawLab &#8211; your Authorized Voestalpine B\u00f6hler Welding Partner in Poland!<\/strong><\/p>\n<p>We are <strong>an official distributor of<\/strong> Voestalpine B\u00f6hler Welding equipment and <strong>an Authorized Service Center in Poland<\/strong>. Our team has undergone <strong>rigorous technical training directly in Italy<\/strong> at the manufacturer&#8217;s centers. <\/p>\n<p>When you choose SpawLab, you are assured of original products, access to B\u00f6hler Welding solutions, professional advice and service support.<\/p>\n<\/div>\n<div class=\"custom-product-section product-intro\">\n<h2 class=\"product-section-title main-product-title\">B\u00f6hler Welding NiCr 9 Nb I1 (Ar) Program Package &#8211; CladPulse &#8211; 79.I2.00128<\/h2>\n<div class=\"description-content product-marketing-description\">\n<p>The B\u00f6hler Welding NiCr 9 Nb I1 (Ar) &#8211; CladPulse welding software package (Cat. No. 79.I2.00128) is a specialized software package developed for professionals involved in the surfacing and reconditioning of nickel-chromium alloy components, such as ERNiCrMo-3 equivalents (e.g., Inconel 625). This package unleashes the full potential of B\u00f6hler Welding&#8217;s advanced CladPulse\u00ae technology, guaranteeing optimum performance, minimal dilution, and superior weld quality when using argon as a shielding gas. It is a key extension for compatible B\u00f6hler Welding equipment, enabling the most demanding industrial tasks to be carried out precisely and efficiently.  <\/p>\n<\/div>\n<\/div>\n<h3 class=\"custom-product-heading advanced-features-heading\">Explore Advanced Welding Programs Package &#8211; NiCr 9 Nb I1 (Ar) &#8211; CladPulse<\/h3>\n<div class=\"custom-accordion advanced-features-accordion\">\n<details class=\"custom-accordion-item\">\n<summary class=\"custom-subtitle accordion-title\">?\ufe0f Innovative CladPulse\u00ae surfacing process<\/summary>\n<div class=\"accordion-content\">\n<p>B\u00f6hler Welding CladPulse\u00ae is a patented, specialized MIG\/MAG pulsation process designed from the ground up for the most demanding surfacing (cladding) applications. The key advantage of <strong>CladPulse\u00ae<\/strong> technology <strong>is its ability to create extremely low-dilution<\/strong> surfacing, which means minimal mixing of the parent material with the additive material. This makes it possible to achieve the desired chemical and mechanical properties of the surfacing, such as high corrosion or wear resistance, often in the very first layer. This reduces working time and significantly reduces the consumption of expensive surfacing alloys.   <\/p>\n<p>The process features <strong>an exceptionally soft, stable welding arc<\/strong> and precise &#8220;one pulse &#8211; one drop&#8221; material transfer control. This translates into <strong>high fusion efficiency<\/strong> and excellent surfacing quality, minimizing the need for additional machining. CladPulse\u00ae is ideal for surfacing carbon steels, low-alloy steels and stainless steels using nickel-based wires, cobalt or stainless steels, finding applications in the petrochemical, chemical, power generation and remanufacturing of worn machine parts.  <\/p>\n<\/div>\n<\/details>\n<\/div>\n<div class=\"custom-product-section product-specs\">\n<h3 class=\"custom-product-heading specs-heading\">Technical Specifications<\/h3>\n<table class=\"specs-table\">\n<thead>\n<tr>\n<th>Parameter<\/th>\n<th>Value<\/th>\n<\/tr>\n<\/thead>\n<tbody>\n<tr>\n<td>Product type<\/td>\n<td>Welding program package (software)<\/td>\n<\/tr>\n<tr>\n<td>Part number (Art. No.)<\/td>\n<td>79.I2.00128<\/td>\n<\/tr>\n<tr>\n<td>Dedicated technology<\/td>\n<td>B\u00f6hler Welding CladPulse\u00ae<\/td>\n<\/tr>\n<tr>\n<td>Purpose<\/td>\n<td>Optimization of surfacing processes (cladding)<\/td>\n<\/tr>\n<tr>\n<td>Target material<\/td>\n<td>Nickel-chromium alloys with niobium, type NiCr 9 Nb I1 (e.g., equivalent to ERNiCrMo-3).<\/td>\n<\/tr>\n<tr>\n<td>Shielding gas<\/td>\n<td>Argon (Ar)<\/td>\n<\/tr>\n<tr>\n<td>Compatibility<\/td>\n<td>Selected B\u00f6hler Welding equipment from the NX series (e.g. URANOS NX PMC\/PME\/MTE\/GSM, TERRA NX PMC\/PME) equipped with CladPulse\u00ae technology and the ability to implement additional welding programs.<\/td>\n<\/tr>\n<\/tbody>\n<\/table>\n<\/div>\n<div class=\"custom-product-section product-set-contents\">\n<h3 class=\"custom-product-heading set-contents-heading\">Kit Contents \/ Packaging<\/h3>\n<p>The product (Welding Programs Package &#8211; NiCr 9 Nb I1 (Ar) &#8211; CladPulse, Cat. No. 79.I2.00128) is supplied as a single piece (software license\/data package), according to the manufacturer&#8217;s standard Voestalpine B\u00f6hler Welding. Additional accessories and compatible welding equipment are available separately.  <\/p>\n<\/div>\n<div class=\"custom-product-section product-features\">\n<h3 class=\"custom-product-heading features-heading\">Key Features and Benefits<\/h3>\n<ul class=\"custom-product-list features-list\">\n<li>? <strong>Precision Optimization for NiCr Alloys:<\/strong> Dedicated synergy curves for NiCr 9 Nb I1 (Ar) materials guarantee reproducible, high-quality surfacing, minimizing the risk of errors and costly rework.<\/li>\n<li>? <strong>Advanced CladPulse\u00ae Technology:<\/strong> Enables surfacing with extremely low native material dilution, ensuring that desired surfacing properties are maintained in the first layer and reducing the use of expensive additive materials.<\/li>\n<li>? <strong>Increased Weld Productivity:<\/strong> The CladPulse\u00ae process&#8217;s specially developed soft and stable arc enables higher fusion rates with excellent weld pool control, reducing project lead times.<\/li>\n<li>? <strong>Expanding Device Capabilities:<\/strong> The program package significantly expands the versatility of compatible B\u00f6hler Welding current sources, making them even more effective tools for specialized industrial applications.<\/li>\n<\/ul>\n<\/div>\n<div class=\"custom-product-section product-application\">\n<h3 class=\"custom-product-heading application-heading\">Product Application<\/h3>\n<ul class=\"custom-product-list application-list\">\n<li>The B\u00f6hler Welding NiCr 9 Nb I1 (Ar) &#8211; CladPulse program package is dedicated to professionals performing advanced surfacing work, including:<\/li>\n<li>?\ufe0f Corrosion and heat-resistant surfacing of components in the chemical and petrochemical industries (reactors, tanks, heat exchangers).<\/li>\n<li>\u2699\ufe0f Reconditioning and increasing the life of machine parts subject to abrasive wear, erosion or corrosion (shafts, pistons, valve seats).<\/li>\n<li>\u26a1 Resurfacing of components in the energy industry, including the oil and gas extraction sector (valves, pipelines, offshore platform components).<\/li>\n<li>? Manufacturing and repairing components for the marine and offshore industries that require high corrosion resistance in aggressive environments.<\/li>\n<li>? Applications requiring precise application of a layer with specific properties to base materials with minimal mixing.<\/li>\n<\/ul>\n<\/div>\n<div class=\"custom-product-section product-summary conclusion\">\n<h3 class=\"custom-product-heading summary-heading\">Summary: Welding Programs Package &#8211; NiCr 9 Nb I1 (Ar) &#8211; CladPulse &#8211; Your Investment in Quality B\u00f6hler Welding.<\/h3>\n<div class=\"summary-content\">\n<p>? When you choose the B\u00f6hler Welding NiCr 9 Nb I1 (Ar) &#8211; CladPulse program package, you are investing in a specialized tool for perfect surfacing of nickel-chromium alloys, maximizing the quality, productivity and profitability of your projects. CladPulse\u00ae technology is a guarantee of minimal dilution and excellent surfacing properties. To learn more about the full capabilities of B\u00f6hler Welding Welding Programs Package &#8211; NiCr 9 Nb I1 (Ar) &#8211; CladPulse and get the best deal, contact the experts at SpawLab &#8211; the official distributor and authorized service provider of Voestalpine B\u00f6hler Welding in Poland. Our team, trained in Italy, is at your service.   <\/p>\n<\/div>\n<\/div>\n<div class=\"custom-product-section product-codes-info\">\n<p><strong>Part number (Art. No.):<\/strong> 79.I2.00128<\/p>\n<\/div>\n","protected":false},"excerpt":{"rendered":"<p>B\u00f6hler Welding NiCr 9 Nb I1 (Ar) Program Package &#8211; CladPulse (79.I2.00128) &#8211; Optimizing the surfacing of NiCr alloys with CladPulse\u00ae technology.<\/p>\n","protected":false},"featured_media":38560,"template":"","meta":{"inline_featured_image":false},"product_brand":[772],"product_cat":[11536,5686],"product_tag":[14117,4432,13345,14116,4431,11542,11547],"class_list":{"0":"post-43561","1":"product","2":"type-product","3":"status-publish","4":"has-post-thumbnail","6":"product_brand-bohler","7":"product_cat-bohler-en-2","8":"product_cat-brand-zone","9":"product_tag-79-i2-00128-en","10":"product_tag-bohler-welding-en-2","11":"product_tag-cladpulse-en","12":"product_tag-surfacing-of-nicr","13":"product_tag-voestalpine-bohler-welding-en","14":"product_tag-welding-software","15":"product_tag-welding-software-package","17":"first","18":"onbackorder","19":"taxable","20":"shipping-taxable","21":"purchasable","22":"product-type-simple"},"yoast_head":"<!-- This site is optimized with the Yoast SEO Premium plugin v27.0 (Yoast SEO v27.3) - https:\/\/yoast.com\/product\/yoast-seo-premium-wordpress\/ -->\n<title>B\u00f6hler Welding NiCr 9 Nb I1 (Ar) Package - CladPulse - 79.I2.00128<\/title>\n<meta name=\"description\" content=\"[B\u00f6hler Welding NiCr 9 Nb I1 (Ar) program package - CladPulse (79.I2.00128) - optimization of NiCr alloy surfacing with CladPulse\u00ae technology. Check it out at SpawLab!]\" \/>\n<meta name=\"robots\" content=\"index, follow, max-snippet:-1, max-image-preview:large, max-video-preview:-1\" \/>\n<link rel=\"canonical\" href=\"https:\/\/spawlab.pl\/en\/produkt\/bohler-welding-nicr-9-nb-i1-ar-program-package-cladpulse-79-i2-00128\/\" \/>\n<meta property=\"og:locale\" content=\"en_US\" \/>\n<meta property=\"og:type\" content=\"article\" \/>\n<meta property=\"og:title\" content=\"B\u00f6hler Welding NiCr 9 Nb I1 (Ar) Program Package - CladPulse - 79.I2.00128\" \/>\n<meta property=\"og:description\" content=\"Lider sprzeda\u017cy, Oficjalny Dystrybutor Premium i Serwis na Polsk\u0119 Migatronic, Gys, Voestalpine Bohler Welding. Nowe i u\u017cywane Spawarki, Przecinarki Plazmowe, Kompresory. Mgr in\u017c. Jaros\u0142aw Ko\u0142aski, IWE\" \/>\n<meta property=\"og:url\" content=\"https:\/\/spawlab.pl\/en\/produkt\/bohler-welding-nicr-9-nb-i1-ar-program-package-cladpulse-79-i2-00128\/\" \/>\n<meta property=\"og:site_name\" content=\"SpawLab - Welding equipment and plasma cutters - store and service\" \/>\n<meta property=\"article:publisher\" content=\"https:\/\/www.facebook.com\/Spawlab\/\" \/>\n<meta property=\"og:image\" content=\"https:\/\/spawlab.pl\/wp-content\/uploads\/2025\/06\/Frame-1-scaled.png\" \/>\n\t<meta property=\"og:image:width\" content=\"2560\" \/>\n\t<meta property=\"og:image:height\" content=\"2197\" \/>\n\t<meta property=\"og:image:type\" content=\"image\/png\" \/>\n<meta name=\"twitter:label1\" content=\"Price\" \/>\n\t<meta name=\"twitter:data1\" content=\"2 501,70&nbsp;&#122;&#322; (2 033,90&nbsp;&#122;&#322; netto)\" \/>\n\t<meta name=\"twitter:label2\" content=\"Availability\" \/>\n\t<meta name=\"twitter:data2\" content=\"On backorder\" \/>\n<script type=\"application\/ld+json\" class=\"yoast-schema-graph\">{\"@context\":\"https:\\\/\\\/schema.org\",\"@graph\":[{\"@type\":[\"WebPage\",\"ItemPage\"],\"@id\":\"https:\\\/\\\/spawlab.pl\\\/en\\\/produkt\\\/bohler-welding-nicr-9-nb-i1-ar-program-package-cladpulse-79-i2-00128\\\/\",\"url\":\"https:\\\/\\\/spawlab.pl\\\/en\\\/produkt\\\/bohler-welding-nicr-9-nb-i1-ar-program-package-cladpulse-79-i2-00128\\\/\",\"name\":\"B\u00f6hler Welding NiCr 9 Nb I1 (Ar) Package - CladPulse - 79.I2.00128\",\"isPartOf\":{\"@id\":\"https:\\\/\\\/spawlab.pl\\\/en\\\/#website\"},\"primaryImageOfPage\":{\"@id\":\"https:\\\/\\\/spawlab.pl\\\/en\\\/produkt\\\/bohler-welding-nicr-9-nb-i1-ar-program-package-cladpulse-79-i2-00128\\\/#primaryimage\"},\"image\":{\"@id\":\"https:\\\/\\\/spawlab.pl\\\/en\\\/produkt\\\/bohler-welding-nicr-9-nb-i1-ar-program-package-cladpulse-79-i2-00128\\\/#primaryimage\"},\"thumbnailUrl\":\"https:\\\/\\\/spawlab.pl\\\/wp-content\\\/uploads\\\/2025\\\/06\\\/Frame-1-scaled.png\",\"datePublished\":\"2025-07-09T21:45:44+00:00\",\"description\":\"[B\u00f6hler Welding NiCr 9 Nb I1 (Ar) program package - CladPulse (79.I2.00128) - optimization of NiCr alloy surfacing with CladPulse\u00ae technology. Check it out at SpawLab!]\",\"breadcrumb\":{\"@id\":\"https:\\\/\\\/spawlab.pl\\\/en\\\/produkt\\\/bohler-welding-nicr-9-nb-i1-ar-program-package-cladpulse-79-i2-00128\\\/#breadcrumb\"},\"inLanguage\":\"en-US\",\"potentialAction\":[{\"@type\":\"ReadAction\",\"target\":[\"https:\\\/\\\/spawlab.pl\\\/en\\\/produkt\\\/bohler-welding-nicr-9-nb-i1-ar-program-package-cladpulse-79-i2-00128\\\/\"]}]},{\"@type\":\"ImageObject\",\"inLanguage\":\"en-US\",\"@id\":\"https:\\\/\\\/spawlab.pl\\\/en\\\/produkt\\\/bohler-welding-nicr-9-nb-i1-ar-program-package-cladpulse-79-i2-00128\\\/#primaryimage\",\"url\":\"https:\\\/\\\/spawlab.pl\\\/wp-content\\\/uploads\\\/2025\\\/06\\\/Frame-1-scaled.png\",\"contentUrl\":\"https:\\\/\\\/spawlab.pl\\\/wp-content\\\/uploads\\\/2025\\\/06\\\/Frame-1-scaled.png\",\"width\":2560,\"height\":2197},{\"@type\":\"BreadcrumbList\",\"@id\":\"https:\\\/\\\/spawlab.pl\\\/en\\\/produkt\\\/bohler-welding-nicr-9-nb-i1-ar-program-package-cladpulse-79-i2-00128\\\/#breadcrumb\",\"itemListElement\":[{\"@type\":\"ListItem\",\"position\":1,\"name\":\"Strona g\u0142\u00f3wna\",\"item\":\"https:\\\/\\\/spawlab.pl\\\/en\\\/\"},{\"@type\":\"ListItem\",\"position\":2,\"name\":\"Store\",\"item\":\"https:\\\/\\\/spawlab.pl\\\/en\\\/shop\\\/\"},{\"@type\":\"ListItem\",\"position\":3,\"name\":\"B\u00f6hler Welding NiCr 9 Nb I1 (Ar) Program Package &#8211; CladPulse &#8211; 79.I2.00128\"}]},{\"@type\":\"WebSite\",\"@id\":\"https:\\\/\\\/spawlab.pl\\\/en\\\/#website\",\"url\":\"https:\\\/\\\/spawlab.pl\\\/en\\\/\",\"name\":\"Spawlab.pl Lider - Spawarki, Przecinarki Plazmowe, Kompresory\",\"description\":\"Urz\u0105dzenia spawalnicze i Przecinarki plazmowe\\\/ nowe i u\u017cywane \\\/ Profesjonalny serwis\",\"publisher\":{\"@id\":\"https:\\\/\\\/spawlab.pl\\\/en\\\/#organization\"},\"alternateName\":\"Spawlab.pl - Dystrybutor Premium i Serwis na Polske Migatronic, Gys, Voestalpine Bohler Welding\",\"potentialAction\":[{\"@type\":\"SearchAction\",\"target\":{\"@type\":\"EntryPoint\",\"urlTemplate\":\"https:\\\/\\\/spawlab.pl\\\/en\\\/?s={search_term_string}\"},\"query-input\":{\"@type\":\"PropertyValueSpecification\",\"valueRequired\":true,\"valueName\":\"search_term_string\"}}],\"inLanguage\":\"en-US\"},{\"@type\":[\"Organization\",\"Place\"],\"@id\":\"https:\\\/\\\/spawlab.pl\\\/en\\\/#organization\",\"name\":\"Spawlab.pl\",\"url\":\"https:\\\/\\\/spawlab.pl\\\/en\\\/\",\"logo\":{\"@id\":\"https:\\\/\\\/spawlab.pl\\\/en\\\/produkt\\\/bohler-welding-nicr-9-nb-i1-ar-program-package-cladpulse-79-i2-00128\\\/#local-main-organization-logo\"},\"image\":{\"@id\":\"https:\\\/\\\/spawlab.pl\\\/en\\\/produkt\\\/bohler-welding-nicr-9-nb-i1-ar-program-package-cladpulse-79-i2-00128\\\/#local-main-organization-logo\"},\"sameAs\":[\"https:\\\/\\\/www.facebook.com\\\/Spawlab\\\/\",\"https:\\\/\\\/www.linkedin.com\\\/company\\\/spawlab\",\"https:\\\/\\\/www.instagram.com\\\/spawlab.pl\",\"https:\\\/\\\/www.tiktok.com\\\/@spawlab\"],\"description\":\"Lider sprzeda\u017cy, Oficjalny Dystrybutor Premium i Serwis na Polsk\u0119 Migatronic, Gys, Voestalpine Bohler Welding. Nowe i u\u017cywane Spawarki, Przecinarki Plazmowe, Kompresory. Mgr in\u017c. Jaros\u0142aw Ko\u0142aski, IWE\",\"hasMerchantReturnPolicy\":{\"@type\":\"MerchantReturnPolicy\",\"merchantReturnLink\":\"https:\\\/\\\/spawlab.pl\\\/polityka-prywatnosci-2\\\/\"},\"telephone\":[],\"openingHoursSpecification\":[{\"@type\":\"OpeningHoursSpecification\",\"dayOfWeek\":[\"Monday\",\"Tuesday\",\"Wednesday\",\"Thursday\",\"Friday\",\"Saturday\",\"Sunday\"],\"opens\":\"09:00\",\"closes\":\"17:00\"}]},{\"@type\":\"ImageObject\",\"inLanguage\":\"en-US\",\"@id\":\"https:\\\/\\\/spawlab.pl\\\/en\\\/produkt\\\/bohler-welding-nicr-9-nb-i1-ar-program-package-cladpulse-79-i2-00128\\\/#local-main-organization-logo\",\"url\":\"https:\\\/\\\/spawlab.pl\\\/wp-content\\\/uploads\\\/2022\\\/01\\\/olx.jpg\",\"contentUrl\":\"https:\\\/\\\/spawlab.pl\\\/wp-content\\\/uploads\\\/2022\\\/01\\\/olx.jpg\",\"width\":200,\"height\":200,\"caption\":\"Spawlab.pl\"}]}<\/script>\n<meta property=\"product:brand\" content=\"B\u00f6hler\" \/>\n<meta property=\"product:price:amount\" content=\"2501.70\" \/>\n<meta property=\"product:price:currency\" content=\"PLN\" \/>\n<meta property=\"og:availability\" content=\"backorder\" \/>\n<meta property=\"product:availability\" content=\"available for order\" \/>\n<meta property=\"product:retailer_item_id\" content=\"79.I2.00128\" \/>\n<meta property=\"product:condition\" content=\"new\" \/>\n<!-- \/ Yoast SEO Premium plugin. -->","yoast_head_json":{"title":"B\u00f6hler Welding NiCr 9 Nb I1 (Ar) Package - CladPulse - 79.I2.00128","description":"[B\u00f6hler Welding NiCr 9 Nb I1 (Ar) program package - CladPulse (79.I2.00128) - optimization of NiCr alloy surfacing with CladPulse\u00ae technology. Check it out at SpawLab!]","robots":{"index":"index","follow":"follow","max-snippet":"max-snippet:-1","max-image-preview":"max-image-preview:large","max-video-preview":"max-video-preview:-1"},"canonical":"https:\/\/spawlab.pl\/en\/produkt\/bohler-welding-nicr-9-nb-i1-ar-program-package-cladpulse-79-i2-00128\/","og_locale":"en_US","og_type":"article","og_title":"B\u00f6hler Welding NiCr 9 Nb I1 (Ar) Program Package - CladPulse - 79.I2.00128","og_description":"Lider sprzeda\u017cy, Oficjalny Dystrybutor Premium i Serwis na Polsk\u0119 Migatronic, Gys, Voestalpine Bohler Welding. Nowe i u\u017cywane Spawarki, Przecinarki Plazmowe, Kompresory. Mgr in\u017c. Jaros\u0142aw Ko\u0142aski, IWE","og_url":"https:\/\/spawlab.pl\/en\/produkt\/bohler-welding-nicr-9-nb-i1-ar-program-package-cladpulse-79-i2-00128\/","og_site_name":"SpawLab - Welding equipment and plasma cutters - store and service","article_publisher":"https:\/\/www.facebook.com\/Spawlab\/","og_image":[{"width":2560,"height":2197,"url":"https:\/\/spawlab.pl\/wp-content\/uploads\/2025\/06\/Frame-1-scaled.png","type":"image\/png"}],"twitter_misc":{"Price":"2 501,70&nbsp;&#122;&#322; (2 033,90&nbsp;&#122;&#322; netto)","Availability":"On backorder"},"schema":{"@context":"https:\/\/schema.org","@graph":[{"@type":["WebPage","ItemPage"],"@id":"https:\/\/spawlab.pl\/en\/produkt\/bohler-welding-nicr-9-nb-i1-ar-program-package-cladpulse-79-i2-00128\/","url":"https:\/\/spawlab.pl\/en\/produkt\/bohler-welding-nicr-9-nb-i1-ar-program-package-cladpulse-79-i2-00128\/","name":"B\u00f6hler Welding NiCr 9 Nb I1 (Ar) Package - CladPulse - 79.I2.00128","isPartOf":{"@id":"https:\/\/spawlab.pl\/en\/#website"},"primaryImageOfPage":{"@id":"https:\/\/spawlab.pl\/en\/produkt\/bohler-welding-nicr-9-nb-i1-ar-program-package-cladpulse-79-i2-00128\/#primaryimage"},"image":{"@id":"https:\/\/spawlab.pl\/en\/produkt\/bohler-welding-nicr-9-nb-i1-ar-program-package-cladpulse-79-i2-00128\/#primaryimage"},"thumbnailUrl":"https:\/\/spawlab.pl\/wp-content\/uploads\/2025\/06\/Frame-1-scaled.png","datePublished":"2025-07-09T21:45:44+00:00","description":"[B\u00f6hler Welding NiCr 9 Nb I1 (Ar) program package - CladPulse (79.I2.00128) - optimization of NiCr alloy surfacing with CladPulse\u00ae technology. Check it out at SpawLab!]","breadcrumb":{"@id":"https:\/\/spawlab.pl\/en\/produkt\/bohler-welding-nicr-9-nb-i1-ar-program-package-cladpulse-79-i2-00128\/#breadcrumb"},"inLanguage":"en-US","potentialAction":[{"@type":"ReadAction","target":["https:\/\/spawlab.pl\/en\/produkt\/bohler-welding-nicr-9-nb-i1-ar-program-package-cladpulse-79-i2-00128\/"]}]},{"@type":"ImageObject","inLanguage":"en-US","@id":"https:\/\/spawlab.pl\/en\/produkt\/bohler-welding-nicr-9-nb-i1-ar-program-package-cladpulse-79-i2-00128\/#primaryimage","url":"https:\/\/spawlab.pl\/wp-content\/uploads\/2025\/06\/Frame-1-scaled.png","contentUrl":"https:\/\/spawlab.pl\/wp-content\/uploads\/2025\/06\/Frame-1-scaled.png","width":2560,"height":2197},{"@type":"BreadcrumbList","@id":"https:\/\/spawlab.pl\/en\/produkt\/bohler-welding-nicr-9-nb-i1-ar-program-package-cladpulse-79-i2-00128\/#breadcrumb","itemListElement":[{"@type":"ListItem","position":1,"name":"Strona g\u0142\u00f3wna","item":"https:\/\/spawlab.pl\/en\/"},{"@type":"ListItem","position":2,"name":"Store","item":"https:\/\/spawlab.pl\/en\/shop\/"},{"@type":"ListItem","position":3,"name":"B\u00f6hler Welding NiCr 9 Nb I1 (Ar) Program Package &#8211; CladPulse &#8211; 79.I2.00128"}]},{"@type":"WebSite","@id":"https:\/\/spawlab.pl\/en\/#website","url":"https:\/\/spawlab.pl\/en\/","name":"Spawlab.pl Lider - Spawarki, Przecinarki Plazmowe, Kompresory","description":"Urz\u0105dzenia spawalnicze i Przecinarki plazmowe\/ nowe i u\u017cywane \/ Profesjonalny serwis","publisher":{"@id":"https:\/\/spawlab.pl\/en\/#organization"},"alternateName":"Spawlab.pl - Dystrybutor Premium i Serwis na Polske Migatronic, Gys, Voestalpine Bohler Welding","potentialAction":[{"@type":"SearchAction","target":{"@type":"EntryPoint","urlTemplate":"https:\/\/spawlab.pl\/en\/?s={search_term_string}"},"query-input":{"@type":"PropertyValueSpecification","valueRequired":true,"valueName":"search_term_string"}}],"inLanguage":"en-US"},{"@type":["Organization","Place"],"@id":"https:\/\/spawlab.pl\/en\/#organization","name":"Spawlab.pl","url":"https:\/\/spawlab.pl\/en\/","logo":{"@id":"https:\/\/spawlab.pl\/en\/produkt\/bohler-welding-nicr-9-nb-i1-ar-program-package-cladpulse-79-i2-00128\/#local-main-organization-logo"},"image":{"@id":"https:\/\/spawlab.pl\/en\/produkt\/bohler-welding-nicr-9-nb-i1-ar-program-package-cladpulse-79-i2-00128\/#local-main-organization-logo"},"sameAs":["https:\/\/www.facebook.com\/Spawlab\/","https:\/\/www.linkedin.com\/company\/spawlab","https:\/\/www.instagram.com\/spawlab.pl","https:\/\/www.tiktok.com\/@spawlab"],"description":"Lider sprzeda\u017cy, Oficjalny Dystrybutor Premium i Serwis na Polsk\u0119 Migatronic, Gys, Voestalpine Bohler Welding. Nowe i u\u017cywane Spawarki, Przecinarki Plazmowe, Kompresory. Mgr in\u017c. Jaros\u0142aw Ko\u0142aski, IWE","hasMerchantReturnPolicy":{"@type":"MerchantReturnPolicy","merchantReturnLink":"https:\/\/spawlab.pl\/polityka-prywatnosci-2\/"},"telephone":[],"openingHoursSpecification":[{"@type":"OpeningHoursSpecification","dayOfWeek":["Monday","Tuesday","Wednesday","Thursday","Friday","Saturday","Sunday"],"opens":"09:00","closes":"17:00"}]},{"@type":"ImageObject","inLanguage":"en-US","@id":"https:\/\/spawlab.pl\/en\/produkt\/bohler-welding-nicr-9-nb-i1-ar-program-package-cladpulse-79-i2-00128\/#local-main-organization-logo","url":"https:\/\/spawlab.pl\/wp-content\/uploads\/2022\/01\/olx.jpg","contentUrl":"https:\/\/spawlab.pl\/wp-content\/uploads\/2022\/01\/olx.jpg","width":200,"height":200,"caption":"Spawlab.pl"}]},"product_brand":"B\u00f6hler","product_price_amount":"2501.70","product_price_currency":"PLN","og_availability":"backorder","product_availability":"available for order","product_retailer_item_id":"79.I2.00128","product_condition":"new"},"_links":{"self":[{"href":"https:\/\/spawlab.pl\/en\/wp-json\/wp\/v2\/product\/43561","targetHints":{"allow":["GET"]}}],"collection":[{"href":"https:\/\/spawlab.pl\/en\/wp-json\/wp\/v2\/product"}],"about":[{"href":"https:\/\/spawlab.pl\/en\/wp-json\/wp\/v2\/types\/product"}],"wp:featuredmedia":[{"embeddable":true,"href":"https:\/\/spawlab.pl\/en\/wp-json\/wp\/v2\/media\/38560"}],"wp:attachment":[{"href":"https:\/\/spawlab.pl\/en\/wp-json\/wp\/v2\/media?parent=43561"}],"wp:term":[{"taxonomy":"product_brand","embeddable":true,"href":"https:\/\/spawlab.pl\/en\/wp-json\/wp\/v2\/product_brand?post=43561"},{"taxonomy":"product_cat","embeddable":true,"href":"https:\/\/spawlab.pl\/en\/wp-json\/wp\/v2\/product_cat?post=43561"},{"taxonomy":"product_tag","embeddable":true,"href":"https:\/\/spawlab.pl\/en\/wp-json\/wp\/v2\/product_tag?post=43561"}],"curies":[{"name":"wp","href":"https:\/\/api.w.org\/{rel}","templated":true}]}}